 {"id":3115,"date":"2025-12-10T20:25:53","date_gmt":"2025-12-10T12:25:53","guid":{"rendered":"https:\/\/oqitop.com\/?post_type=product&#038;p=3115"},"modified":"2026-01-13T11:31:34","modified_gmt":"2026-01-13T03:31:34","slug":"custom-size-profiled-carbon-fiber-foam-batteries-manufacturers","status":"publish","type":"product","link":"https:\/\/oqitop.com\/ar\/%d8%a7%d9%84%d9%85%d9%86%d8%aa%d8%ac\/custom-size-profiled-carbon-fiber-foam-batteries-manufacturers\/","title":{"rendered":"Custom Size Profiled Carbon Fiber Foam Batteries Manufacturers"},"content":{"rendered":"<h3 style=\"text-align: center;\"><span style=\"color: #ff0000;\">Custom Size Profiled Carbon Fiber Foam Batteries Manufacturers<\/span><\/h3>\n<p><iframe src=\"https:\/\/www.youtube.com\/embed\/O1l8d5xC2Mo?rel=0\" allowfullscreen=\"allowfullscreen\" data-mce-fragment=\"1\"><span data-mce-type=\"bookmark\" style=\"display: inline-block; width: 0px; overflow: hidden; line-height: 0;\" class=\"mce_SELRES_start\"><\/span><\/iframe><\/p>\n<h3 style=\"font-weight: 500;\"><b><strong>\u0627\u0644\u062e\u0635\u0627\u0626\u0635<\/strong><\/b><\/h3>\n<p style=\"font-weight: 400;\">\u0628\u0627\u0644\u0625\u0636\u0627\u0641\u0629 \u0625\u0644\u0649 \u0627\u0644\u062e\u0635\u0627\u0626\u0635 \u0627\u0644\u062a\u0642\u0644\u064a\u062f\u064a\u0629 \u0644\u0645\u0648\u0627\u062f \u0627\u0644\u0643\u0631\u0628\u0648\u0646,\u00a0<a href=\"https:\/\/oqitop.com\/ar\/%d8%a7%d9%84%d9%85%d9%86%d8%aa%d8%ac%d8%a7%d8%aa\/metal-foam\/carbon-foam\/\"><b><strong>\u0631\u063a\u0648\u0629 \u0623\u0644\u064a\u0627\u0641 \u0627\u0644\u0643\u0631\u0628\u0648\u0646<\/strong><\/b><\/a>\u00a0\u064a\u062a\u0645\u064a\u0632 \u0623\u064a\u0636\u064b\u0627 \u0628\u062e\u0635\u0627\u0626\u0635 \u0627\u0644\u0643\u062b\u0627\u0641\u0629 \u0627\u0644\u0645\u0646\u062e\u0641\u0636\u0629\u060c \u0648\u0627\u0644\u0642\u0648\u0629 \u0627\u0644\u0639\u0627\u0644\u064a\u0629\u060c \u0648\u0645\u0642\u0627\u0648\u0645\u0629 \u0627\u0644\u0635\u062f\u0645\u0627\u062a \u0627\u0644\u062d\u0631\u0627\u0631\u064a\u0629\u060c \u0648\u0633\u0647\u0648\u0644\u0629 \u0627\u0644\u0645\u0639\u0627\u0644\u062c\u0629\u060c \u0648\u0627\u0644\u062e\u0635\u0627\u0626\u0635 \u0627\u0644\u0641\u064a\u0632\u064a\u0627\u0626\u064a\u0629 \u0648\u0627\u0644\u0643\u064a\u0645\u064a\u0627\u0626\u064a\u0629 \u0627\u0644\u062c\u064a\u062f\u0629 \u0645\u062b\u0644 \u0627\u0644\u062a\u0648\u0635\u064a\u0644 \u0627\u0644\u0643\u0647\u0631\u0628\u0627\u0626\u064a\u060c \u0648\u0627\u0644\u062a\u0648\u0635\u064a\u0644 \u0627\u0644\u062d\u0631\u0627\u0631\u064a\u060c \u0648\u0627\u0645\u062a\u0635\u0627\u0635 \u0627\u0644\u0623\u0645\u0648\u0627\u062c.<br \/>\n1. \u0645\u0646\u062e\u0641\u0636\u0629 \u0627\u0644\u0643\u062b\u0627\u0641\u0629 \u0648\u0639\u0627\u0644\u064a\u0629 \u0627\u0644\u0642\u0648\u0629<br \/>\n2. \u064a\u0645\u0643\u0646 \u062a\u0635\u0646\u064a\u0639\u0647\u0627 \u0641\u064a \u0645\u0648\u0627\u062f \u0639\u0627\u0644\u064a\u0629 \u0623\u0648 \u0645\u0646\u062e\u0641\u0636\u0629 \u0627\u0644\u062a\u0648\u0635\u064a\u0644 \u0627\u0644\u062d\u0631\u0627\u0631\u064a<br \/>\n3. \u064a\u062a\u0645\u062a\u0639 \u0628\u0645\u0642\u0627\u0648\u0645\u0629 \u062c\u064a\u062f\u0629 \u0644\u0644\u0635\u062f\u0645\u0627\u062a \u0627\u0644\u062d\u0631\u0627\u0631\u064a\u0629 \u0648\u064a\u0645\u0643\u0646\u0647 \u0645\u0642\u0627\u0648\u0645\u0629 \u0635\u062f\u0645\u0629 \u0627\u0644\u062a\u063a\u064a\u0631 \u0627\u0644\u0645\u0641\u0627\u062c\u0626 \u0641\u064a \u062f\u0631\u062c\u0629 \u0627\u0644\u062d\u0631\u0627\u0631\u0629<\/p>\n<p style=\"font-weight: 400;\">\u00a0 \u00a0 1250 \u2103<br \/>\n4. \u0645\u0642\u0627\u0648\u0645\u0629 \u062f\u0631\u062c\u0627\u062a \u0627\u0644\u062d\u0631\u0627\u0631\u0629 \u0627\u0644\u0639\u0627\u0644\u064a\u0629 \u0648\u0627\u0644\u062a\u0622\u0643\u0644<br \/>\n5. \u064a\u0645\u0643\u0646 \u0623\u0646 \u064a\u0643\u0648\u0646 \u062d\u062c\u0645 \u0627\u0644\u0645\u0633\u0627\u0645 \u0631\u063a\u0648\u064a\u064b\u0627 \u0648\u0641\u0642\u064b\u0627 \u0644\u0645\u062a\u0637\u0644\u0628\u0627\u062a \u0627\u0644\u0639\u0645\u064a\u0644<\/p>\n<p style=\"font-weight: 400;\"><b><strong>\u0627\u0644\u0645\u0624\u0634\u0631\u0627\u062a \u0627\u0644\u0641\u0646\u064a\u0629<\/strong><\/b><\/p>\n<table>\n<tbody>\n<tr>\n<td width=\"53.8800%\">\u0627\u0644\u0633\u0645\u0627\u0643\u0629<\/td>\n<td width=\"46.1000%\">0.1 - 25 \u0645\u0645<\/td>\n<\/tr>\n<tr>\n<td width=\"53.8800%\">\u062d\u062c\u0645 \u0627\u0644\u0645\u0633\u0627\u0645 (PPI)<\/td>\n<td width=\"46.1000%\">15\/20\/30\/50\/90\/100<\/td>\n<\/tr>\n<tr>\n<td width=\"53.8800%\">\u0627\u0644\u0646\u0642\u0627\u0621 (%)<\/td>\n<td width=\"46.1000%\">99.99<\/td>\n<\/tr>\n<tr>\n<td width=\"53.8800%\">\u0627\u0644\u0645\u0633\u0627\u0645\u064a\u0629 (%)<\/td>\n<td width=\"46.1000%\">50-98<\/td>\n<\/tr>\n<tr>\n<td width=\"53.8800%\">\u0646\u0642\u0627\u0648\u0629 \u0627\u0644\u0633\u0637\u062d (\u062c\u0645\/\u0645<sup>2<\/sup>)<\/td>\n<td width=\"46.1000%\">280-3000<\/td>\n<\/tr>\n<tr>\n<td width=\"53.8800%\">\u0627\u0644\u062d\u062c\u0645 (\u0645\u0645)<\/td>\n<td width=\"46.1000%\">10\u00d710, 50\u00d750,100\u00d7100, 200\u00d7200,<\/p>\n<p>\u064a\u0645\u0643\u0646 \u062a\u062e\u0635\u064a\u0635\u0647\u0627<\/td>\n<\/tr>\n<tr>\n<td width=\"53.8800%\">\u0627\u0644\u0643\u062b\u0627\u0641\u0629 (\u062c\u0645\/\u0633\u06453)<\/td>\n<td width=\"46.1000%\">0.2~1.0<\/td>\n<\/tr>\n<tr>\n<td width=\"53.8800%\">\u0642\u0648\u0629 \u0627\u0644\u0627\u0646\u0636\u063a\u0627\u0637 (\u0645\u064a\u062c\u0627 \u0628\u0627\u0633\u0643\u0627\u0644)<\/td>\n<td width=\"46.1000%\">8~12<\/td>\n<\/tr>\n<tr>\n<td width=\"53.8800%\">\u0645\u0639\u0627\u0645\u0644 \u0627\u0644\u0634\u062f (\u0645\u064a\u062c\u0627 \u0628\u0627\u0633\u0643\u0627\u0644)<\/td>\n<td width=\"46.1000%\">300~500<\/td>\n<\/tr>\n<tr>\n<td width=\"53.8800%\">\u0645\u0639\u0627\u0645\u0644 \u0627\u0644\u062a\u0645\u062f\u062f \u0627\u0644\u062d\u0631\u0627\u0631\u064a (\u062c\u0632\u0621 \u0641\u064a \u0627\u0644\u0645\u0644\u064a\u0648\u0646\/\u2103)<\/td>\n<td width=\"46.1000%\">5.0<\/td>\n<\/tr>\n<tr>\n<td width=\"53.8800%\">\u0627\u0644\u0645\u0648\u0635\u0644\u064a\u0629 \u0627\u0644\u062d\u0631\u0627\u0631\u064a\u0629 (\u0648\u0627\u062a\/\u0645.\u0643)<\/td>\n<td width=\"46.1000%\">25~80<\/td>\n<\/tr>\n<tr>\n<td width=\"53.8800%\">\u0627\u0644\u0645\u0642\u0627\u0648\u0645\u0629 \u0627\u0644\u0646\u0648\u0639\u064a\u0629 (\u03a9-\u0645)<\/td>\n<td width=\"46.1000%\">1.0\u00d710<sup>-2<\/sup>~10<sup>-5<\/sup><\/td>\n<\/tr>\n<tr>\n<td width=\"53.8800%\">\u062f\u0631\u062c\u0629 \u062d\u0631\u0627\u0631\u0629 \u0627\u0644\u062a\u0634\u063a\u064a\u0644 \u0627\u0644\u0642\u0635\u0648\u0649<\/td>\n<td width=\"46.1000%\">600 \u2103 (\u0641\u064a \u0627\u0644\u0647\u0648\u0627\u0621)<\/p>\n<p>3000 \u2103 (\u0641\u064a \u063a\u0627\u0632 \u062e\u0627\u0645\u0644)<\/td>\n<\/tr>\n<\/tbody>\n<\/table>\n<p style=\"font-style: inherit; font-weight: 500;\"><b><strong>\u0627\u0644\u0623\u0628\u0639\u0627\u062f<\/strong><\/b><\/p>\n<table>\n<tbody>\n<tr>\n<td>0.5 \u0645\u0645 * 100 \u0645\u0645*100 \u0645\u0645*100 \u0645\u0645<\/td>\n<td>0.6 \u0645\u0645 * 100 \u0645\u0645 * 100 \u0645\u0645 * 100 \u0645\u0645<\/td>\n<td>0.7 \u0645\u0645 * 100 \u0645\u0645*100 \u0645\u0645*100 \u0645\u0645<\/td>\n<\/tr>\n<tr>\n<td>0.8 \u0645\u0645 * 100 \u0645\u0645 * 100 \u0645\u0645 * 100 \u0645\u0645<\/td>\n<td>0.9 \u0645\u0645 * 100 \u0645\u0645 * 100 \u0645\u0645 * 100 \u0645\u0645<\/td>\n<td>1.0 \u0645\u0645 * 100 \u0645\u0645 * 100 \u0645\u0645 * 100 \u0645\u0645<\/td>\n<\/tr>\n<tr>\n<td>1.2 \u0645\u0645 * 100 \u0645\u0645*100 \u0645\u0645*100 \u0645\u0645<\/td>\n<td>1.5 \u0645\u0645 * 100 \u0645\u0645*100 \u0645\u0645*100 \u0645\u0645<\/td>\n<td>2.0 \u0645\u0645 * 100 \u0645\u0645 * 100 \u0645\u0645 * 100 \u0645\u0645<\/td>\n<\/tr>\n<tr>\n<td>2.5 \u0645\u0645 * 100 \u0645\u0645*100 \u0645\u0645*100 \u0645\u0645<\/td>\n<td>3.0 \u0645\u0645 * 100 \u0645\u0645 * 100 \u0645\u0645 * 100 \u0645\u0645<\/td>\n<td><span style=\"color: #ff0000;\"><b><strong>\u064a\u0645\u0643\u0646 \u062a\u062e\u0635\u064a\u0635 \u0627\u0644\u062d\u062c\u0645<\/strong><\/b><\/span><\/td>\n<\/tr>\n<\/tbody>\n<\/table>\n<p><b><strong>\u0644\u062a\u062e\u0635\u064a\u0635 \u0645\u062e\u062a\u0644\u0641 \u0623\u0646\u0648\u0627\u0639 \u0627\u0644\u0631\u063a\u0627\u0648\u064a \u0627\u0644\u0645\u0639\u062f\u0646\u064a\u0629\u060c \u064a\u0631\u062c\u0649 \u0627\u0644\u0646\u0642\u0631 \u0639\u0644\u0649 \u0627\u0644\u0635\u0648\u0631\u0629 \u0623\u062f\u0646\u0627\u0647 \u0644\u0644\u062d\u0635\u0648\u0644 \u0639\u0644\u0649 \u0627\u0644\u062a\u0641\u0627\u0635\u064a\u0644:<\/strong><\/b><\/p>\n<table>\n<tbody>\n<tr>\n<td>&nbsp;<\/p>\n<figure id=\"attachment_2567\" class=\"wp-caption aligncenter\" aria-describedby=\"caption-attachment-2567\"><a href=\"https:\/\/oqitop.com\/ar\/%d8%a7%d9%84%d9%85%d9%86%d8%aa%d8%ac%d8%a7%d8%aa\/metal-foam\/copper-foam\/\"><img decoding=\"async\" class=\"wp-image-2567 size-thumbnail\" title=\"\u0631\u063a\u0648\u0629 \u0627\u0644\u0646\u064a\u0643\u0644 \u0639\u0627\u0644\u064a\u0629 \u0627\u0644\u062a\u0648\u0635\u064a\u0644\u064a\u0629 \u0644\u0623\u0628\u062d\u0627\u062b \u0623\u0642\u0637\u0627\u0628 \u0627\u0644\u0628\u0637\u0627\u0631\u064a\u0627\u062a 1\" src=\"https:\/\/oqitop.com\/wp-content\/uploads\/2025\/12\/Copper-Foam-150x150.jpg\" sizes=\"(max-width: 150px) 100vw, 150px\" srcset=\"https:\/\/oqitop.com\/wp-content\/uploads\/2025\/12\/Copper-Foam-150x150.jpg 150w, https:\/\/oqitop.com\/wp-content\/uploads\/2025\/12\/Copper-Foam-300x300.jpg 300w, https:\/\/oqitop.com\/wp-content\/uploads\/2025\/12\/Copper-Foam.jpg 600w\" alt=\"\" width=\"150\" height=\"150\" \/><\/a><figcaption id=\"caption-attachment-2567\" class=\"wp-caption-text\"><a href=\"https:\/\/oqitop.com\/ar\/%d8%a7%d9%84%d9%85%d9%86%d8%aa%d8%ac%d8%a7%d8%aa\/metal-foam\/copper-foam\/\">\u0631\u063a\u0648\u0629 \u0627\u0644\u0646\u062d\u0627\u0633<\/a><\/figcaption><\/figure>\n<\/td>\n<td>&nbsp;<\/p>\n<figure id=\"attachment_2568\" class=\"wp-caption aligncenter\" aria-describedby=\"caption-attachment-2568\"><a href=\"https:\/\/oqitop.com\/ar\/%d8%a7%d9%84%d9%85%d9%86%d8%aa%d8%ac%d8%a7%d8%aa\/metal-foam\/nickel-foam\/\"><img decoding=\"async\" class=\"wp-image-2568 size-thumbnail\" title=\"\u0631\u063a\u0648\u0629 \u0627\u0644\u0646\u064a\u0643\u0644 \u0639\u0627\u0644\u064a\u0629 \u0627\u0644\u062a\u0648\u0635\u064a\u0644\u064a\u0629 \u0644\u0623\u0628\u062d\u0627\u062b \u0623\u0642\u0637\u0627\u0628 \u0627\u0644\u0628\u0637\u0627\u0631\u064a\u0627\u062a 2\" src=\"https:\/\/oqitop.com\/wp-content\/uploads\/2025\/12\/Nickel-Foam-150x150.png\" sizes=\"(max-width: 150px) 100vw, 150px\" srcset=\"https:\/\/oqitop.com\/wp-content\/uploads\/2025\/12\/Nickel-Foam-150x150.png 150w, https:\/\/oqitop.com\/wp-content\/uploads\/2025\/12\/Nickel-Foam-300x300.png 300w, https:\/\/oqitop.com\/wp-content\/uploads\/2025\/12\/Nickel-Foam.png 500w\" alt=\"\" width=\"150\" height=\"150\" \/><\/a><figcaption id=\"caption-attachment-2568\" class=\"wp-caption-text\"><a href=\"https:\/\/oqitop.com\/ar\/%d8%a7%d9%84%d9%85%d9%86%d8%aa%d8%ac%d8%a7%d8%aa\/metal-foam\/nickel-foam\/\">\u0631\u063a\u0648\u0629 \u0627\u0644\u0646\u064a\u0643\u0644<\/a><\/figcaption><\/figure>\n<\/td>\n<td>&nbsp;<\/p>\n<figure id=\"attachment_2569\" class=\"wp-caption aligncenter\" aria-describedby=\"caption-attachment-2569\"><a href=\"https:\/\/oqitop.com\/ar\/%d8%a7%d9%84%d9%85%d9%86%d8%aa%d8%ac%d8%a7%d8%aa\/metal-foam\/%d8%b1%d8%ba%d9%88%d8%a9-%d8%a7%d9%84%d8%aa%d9%8a%d8%aa%d8%a7%d9%86%d9%8a%d9%88%d9%85\/\"><img decoding=\"async\" class=\"wp-image-2569 size-thumbnail\" title=\"\u0631\u063a\u0648\u0629 \u0627\u0644\u0646\u064a\u0643\u0644 \u0639\u0627\u0644\u064a\u0629 \u0627\u0644\u062a\u0648\u0635\u064a\u0644\u064a\u0629 \u0644\u0623\u0628\u062d\u0627\u062b \u0623\u0642\u0637\u0627\u0628 \u0627\u0644\u0628\u0637\u0627\u0631\u064a\u0627\u062a 3\" src=\"https:\/\/oqitop.com\/wp-content\/uploads\/2025\/12\/Ti-Foam-150x150.png\" sizes=\"(max-width: 150px) 100vw, 150px\" srcset=\"https:\/\/oqitop.com\/wp-content\/uploads\/2025\/12\/Ti-Foam-150x150.png 150w, https:\/\/oqitop.com\/wp-content\/uploads\/2025\/12\/Ti-Foam-300x300.png 300w, https:\/\/oqitop.com\/wp-content\/uploads\/2025\/12\/Ti-Foam.png 500w\" alt=\"\" width=\"150\" height=\"150\" \/><\/a><figcaption id=\"caption-attachment-2569\" class=\"wp-caption-text\"><a href=\"https:\/\/oqitop.com\/ar\/%d8%a7%d9%84%d9%85%d9%86%d8%aa%d8%ac%d8%a7%d8%aa\/metal-foam\/%d8%b1%d8%ba%d9%88%d8%a9-%d8%a7%d9%84%d8%aa%d9%8a%d8%aa%d8%a7%d9%86%d9%8a%d9%88%d9%85\/\">Ti Foam<\/a><\/figcaption><\/figure>\n<\/td>\n<td>&nbsp;<\/p>\n<figure id=\"attachment_2571\" class=\"wp-caption aligncenter\" aria-describedby=\"caption-attachment-2571\"><a href=\"https:\/\/oqitop.com\/ar\/%d8%a7%d9%84%d9%85%d9%86%d8%aa%d8%ac%d8%a7%d8%aa\/metal-foam\/%d8%b1%d8%ba%d9%88%d8%a9-%d8%a7%d9%84%d8%a3%d9%84%d9%88%d9%85%d9%86%d9%8a%d9%88%d9%85\/\"><img loading=\"lazy\" decoding=\"async\" class=\"wp-image-2571 size-thumbnail\" title=\"\u0631\u063a\u0648\u0629 \u0627\u0644\u0646\u064a\u0643\u0644 \u0639\u0627\u0644\u064a\u0629 \u0627\u0644\u062a\u0648\u0635\u064a\u0644\u064a\u0629 \u0644\u0623\u0628\u062d\u0627\u062b \u0623\u0642\u0637\u0627\u0628 \u0627\u0644\u0628\u0637\u0627\u0631\u064a\u0627\u062a 4\" src=\"https:\/\/oqitop.com\/wp-content\/uploads\/2025\/12\/Aluminum-Foam-1-150x150.png\" sizes=\"(max-width: 150px) 100vw, 150px\" srcset=\"https:\/\/oqitop.com\/wp-content\/uploads\/2025\/12\/Aluminum-Foam-1-150x150.png 150w, https:\/\/oqitop.com\/wp-content\/uploads\/2025\/12\/Aluminum-Foam-1-300x300.png 300w, https:\/\/oqitop.com\/wp-content\/uploads\/2025\/12\/Aluminum-Foam-1.png 529w\" alt=\"\" width=\"150\" height=\"150\" \/><\/a><figcaption id=\"caption-attachment-2571\" class=\"wp-caption-text\"><a href=\"https:\/\/oqitop.com\/ar\/%d8%a7%d9%84%d9%85%d9%86%d8%aa%d8%ac%d8%a7%d8%aa\/metal-foam\/%d8%b1%d8%ba%d9%88%d8%a9-%d8%a7%d9%84%d8%a3%d9%84%d9%88%d9%85%d9%86%d9%8a%d9%88%d9%85\/\">\u0631\u063a\u0648\u0629 \u0627\u0644\u0623\u0644\u0648\u0645\u0646\u064a\u0648\u0645<\/a><\/figcaption><\/figure>\n<\/td>\n<\/tr>\n<tr>\n<td>&nbsp;<\/p>\n<figure id=\"attachment_2572\" class=\"wp-caption aligncenter\" aria-describedby=\"caption-attachment-2572\"><a href=\"https:\/\/oqitop.com\/ar\/%d8%a7%d9%84%d9%85%d9%86%d8%aa%d8%ac%d8%a7%d8%aa\/metal-foam\/iron-nickel-foam\/\"><img loading=\"lazy\" decoding=\"async\" class=\"wp-image-2572 size-thumbnail\" title=\"\u0631\u063a\u0648\u0629 \u0627\u0644\u0646\u064a\u0643\u0644 \u0639\u0627\u0644\u064a\u0629 \u0627\u0644\u062a\u0648\u0635\u064a\u0644\u064a\u0629 \u0644\u0623\u0628\u062d\u0627\u062b \u0623\u0642\u0637\u0627\u0628 \u0627\u0644\u0628\u0637\u0627\u0631\u064a\u0627\u062a 5\" src=\"https:\/\/oqitop.com\/wp-content\/uploads\/2025\/12\/Iron-Nickel-Foam-150x150.jpg\" sizes=\"(max-width: 150px) 100vw, 150px\" srcset=\"https:\/\/oqitop.com\/wp-content\/uploads\/2025\/12\/Iron-Nickel-Foam-150x150.jpg 150w, https:\/\/oqitop.com\/wp-content\/uploads\/2025\/12\/Iron-Nickel-Foam-300x300.jpg 300w, https:\/\/oqitop.com\/wp-content\/uploads\/2025\/12\/Iron-Nickel-Foam.jpg 720w\" alt=\"\" width=\"150\" height=\"150\" \/><\/a><figcaption id=\"caption-attachment-2572\" class=\"wp-caption-text\"><a href=\"https:\/\/oqitop.com\/ar\/%d8%a7%d9%84%d9%85%d9%86%d8%aa%d8%ac%d8%a7%d8%aa\/metal-foam\/iron-nickel-foam\/\">\u0631\u063a\u0648\u0629 \u0627\u0644\u062d\u062f\u064a\u062f \u0648\u0627\u0644\u0646\u064a\u0643\u0644<\/a><\/figcaption><\/figure>\n<\/td>\n<td>&nbsp;<\/p>\n<figure id=\"attachment_2573\" class=\"wp-caption aligncenter\" aria-describedby=\"caption-attachment-2573\"><a href=\"https:\/\/oqitop.com\/ar\/%d8%a7%d9%84%d9%85%d9%86%d8%aa%d8%ac%d8%a7%d8%aa\/metal-foam\/carbon-foam\/\"><img loading=\"lazy\" decoding=\"async\" class=\"wp-image-2573 size-thumbnail\" title=\"\u0631\u063a\u0648\u0629 \u0627\u0644\u0646\u064a\u0643\u0644 \u0639\u0627\u0644\u064a\u0629 \u0627\u0644\u062a\u0648\u0635\u064a\u0644\u064a\u0629 \u0644\u0623\u0628\u062d\u0627\u062b \u0623\u0642\u0637\u0627\u0628 \u0627\u0644\u0628\u0637\u0627\u0631\u064a\u0627\u062a 6\" src=\"https:\/\/oqitop.com\/wp-content\/uploads\/2025\/12\/Carbon-Foam-150x150.png\" sizes=\"(max-width: 150px) 100vw, 150px\" srcset=\"https:\/\/oqitop.com\/wp-content\/uploads\/2025\/12\/Carbon-Foam-150x150.png 150w, https:\/\/oqitop.com\/wp-content\/uploads\/2025\/12\/Carbon-Foam-300x300.png 300w, https:\/\/oqitop.com\/wp-content\/uploads\/2025\/12\/Carbon-Foam-768x768.png 768w, https:\/\/oqitop.com\/wp-content\/uploads\/2025\/12\/Carbon-Foam.png 1000w\" alt=\"\" width=\"150\" height=\"150\" \/><\/a><figcaption id=\"caption-attachment-2573\" class=\"wp-caption-text\"><a href=\"https:\/\/oqitop.com\/ar\/%d8%a7%d9%84%d9%85%d9%86%d8%aa%d8%ac%d8%a7%d8%aa\/metal-foam\/carbon-foam\/\">\u0631\u063a\u0648\u0629 \u0627\u0644\u0643\u0631\u0628\u0648\u0646<\/a><\/figcaption><\/figure>\n<\/td>\n<td>&nbsp;<\/p>\n<figure id=\"attachment_2574\" class=\"wp-caption aligncenter\" aria-describedby=\"caption-attachment-2574\"><a href=\"https:\/\/oqitop.com\/ar\/%d8%a7%d9%84%d9%85%d9%86%d8%aa%d8%ac%d8%a7%d8%aa\/metal-foam\/silver-foam\/\"><img loading=\"lazy\" decoding=\"async\" class=\"wp-image-2574 size-thumbnail\" title=\"\u0631\u063a\u0648\u0629 \u0627\u0644\u0646\u064a\u0643\u0644 \u0639\u0627\u0644\u064a\u0629 \u0627\u0644\u062a\u0648\u0635\u064a\u0644\u064a\u0629 \u0644\u0623\u0628\u062d\u0627\u062b \u0623\u0642\u0637\u0627\u0628 \u0627\u0644\u0628\u0637\u0627\u0631\u064a\u0627\u062a 7\" src=\"https:\/\/oqitop.com\/wp-content\/uploads\/2025\/12\/Silver-Foam-150x150.jpg\" sizes=\"(max-width: 150px) 100vw, 150px\" srcset=\"https:\/\/oqitop.com\/wp-content\/uploads\/2025\/12\/Silver-Foam-150x150.jpg 150w, https:\/\/oqitop.com\/wp-content\/uploads\/2025\/12\/Silver-Foam-300x300.jpg 300w, https:\/\/oqitop.com\/wp-content\/uploads\/2025\/12\/Silver-Foam.jpg 726w\" alt=\"\" width=\"150\" height=\"150\" \/><\/a><figcaption id=\"caption-attachment-2574\" class=\"wp-caption-text\"><a href=\"https:\/\/oqitop.com\/ar\/%d8%a7%d9%84%d9%85%d9%86%d8%aa%d8%ac%d8%a7%d8%aa\/metal-foam\/silver-foam\/\">\u0631\u063a\u0648\u0629 \u0641\u0636\u064a\u0629<\/a><\/figcaption><\/figure>\n<\/td>\n<td>&nbsp;<\/p>\n<figure id=\"attachment_2575\" class=\"wp-caption aligncenter\" aria-describedby=\"caption-attachment-2575\"><a href=\"https:\/\/oqitop.com\/ar\/%d8%a7%d9%84%d9%85%d9%86%d8%aa%d8%ac%d8%a7%d8%aa\/metal-foam\/cobalt-foamhttps%3a\/\/oqitop.com\/%d8%a7%d9%84%d9%85%d9%86%d8%aa%d8%ac%d8%a7%d8%aa\/metal-foam\/cobalt-foam\/\"><img loading=\"lazy\" decoding=\"async\" class=\"wp-image-2575 size-thumbnail\" title=\"\u0631\u063a\u0648\u0629 \u0627\u0644\u0646\u064a\u0643\u0644 \u0639\u0627\u0644\u064a\u0629 \u0627\u0644\u062a\u0648\u0635\u064a\u0644\u064a\u0629 \u0644\u0623\u0628\u062d\u0627\u062b \u0623\u0642\u0637\u0627\u0628 \u0627\u0644\u0628\u0637\u0627\u0631\u064a\u0627\u062a 8\" src=\"https:\/\/oqitop.com\/wp-content\/uploads\/2025\/12\/Cobalt-Foam-150x150.jpg\" sizes=\"(max-width: 150px) 100vw, 150px\" srcset=\"https:\/\/oqitop.com\/wp-content\/uploads\/2025\/12\/Cobalt-Foam-150x150.jpg 150w, https:\/\/oqitop.com\/wp-content\/uploads\/2025\/12\/Cobalt-Foam-300x300.jpg 300w, https:\/\/oqitop.com\/wp-content\/uploads\/2025\/12\/Cobalt-Foam-768x768.jpg 768w, https:\/\/oqitop.com\/wp-content\/uploads\/2025\/12\/Cobalt-Foam.jpg 800w\" alt=\"\" width=\"150\" height=\"150\" \/><\/a><figcaption id=\"caption-attachment-2575\" class=\"wp-caption-text\"><a href=\"https:\/\/oqitop.com\/ar\/%d8%a7%d9%84%d9%85%d9%86%d8%aa%d8%ac%d8%a7%d8%aa\/metal-foam\/cobalt-foam\/\">\u0631\u063a\u0648\u0629 \u0627\u0644\u0643\u0648\u0628\u0627\u0644\u062a<\/a><\/figcaption><\/figure>\n<\/td>\n<\/tr>\n<\/tbody>\n<\/table>\n<p><a href=\"https:\/\/oqitop.com\/ar\/%d8%a7%d9%84%d9%85%d9%86%d8%aa%d8%ac%d8%a7%d8%aa\/metal-foam\/carbon-foam\/\"><img loading=\"lazy\" decoding=\"async\" class=\"aligncenter size-full wp-image-3101\" src=\"https:\/\/oqitop.com\/wp-content\/uploads\/2025\/12\/11111-1.png\" alt=\"\" width=\"1024\" height=\"480\" title=\"\" srcset=\"https:\/\/oqitop.com\/wp-content\/uploads\/2025\/12\/11111-1.png 1024w, https:\/\/oqitop.com\/wp-content\/uploads\/2025\/12\/11111-1-300x141.png 300w, https:\/\/oqitop.com\/wp-content\/uploads\/2025\/12\/11111-1-768x360.png 768w\" sizes=\"(max-width: 1024px) 100vw, 1024px\" \/><\/a><img loading=\"lazy\" decoding=\"async\" class=\"aligncenter size-full wp-image-3102\" src=\"https:\/\/oqitop.com\/wp-content\/uploads\/2025\/12\/222222.png\" alt=\"\" width=\"1024\" height=\"274\" title=\"\" srcset=\"https:\/\/oqitop.com\/wp-content\/uploads\/2025\/12\/222222.png 1024w, https:\/\/oqitop.com\/wp-content\/uploads\/2025\/12\/222222-300x80.png 300w, https:\/\/oqitop.com\/wp-content\/uploads\/2025\/12\/222222-768x206.png 768w\" sizes=\"(max-width: 1024px) 100vw, 1024px\" \/><img loading=\"lazy\" decoding=\"async\" class=\"aligncenter size-full wp-image-3103\" src=\"https:\/\/oqitop.com\/wp-content\/uploads\/2025\/12\/33333-3.jpg\" alt=\"\" width=\"1024\" height=\"727\" title=\"\" srcset=\"https:\/\/oqitop.com\/wp-content\/uploads\/2025\/12\/33333-3.jpg 1024w, https:\/\/oqitop.com\/wp-content\/uploads\/2025\/12\/33333-3-300x213.jpg 300w, https:\/\/oqitop.com\/wp-content\/uploads\/2025\/12\/33333-3-768x545.jpg 768w\" sizes=\"(max-width: 1024px) 100vw, 1024px\" \/><img loading=\"lazy\" decoding=\"async\" class=\"aligncenter size-full wp-image-3104\" src=\"https:\/\/oqitop.com\/wp-content\/uploads\/2025\/12\/55555-2.jpg\" alt=\"\" width=\"1024\" height=\"677\" title=\"\" srcset=\"https:\/\/oqitop.com\/wp-content\/uploads\/2025\/12\/55555-2.jpg 1024w, https:\/\/oqitop.com\/wp-content\/uploads\/2025\/12\/55555-2-300x198.jpg 300w, https:\/\/oqitop.com\/wp-content\/uploads\/2025\/12\/55555-2-768x508.jpg 768w\" sizes=\"(max-width: 1024px) 100vw, 1024px\" \/><\/p>","protected":false},"featured_media":3116,"template":"","meta":{"_acf_changed":false,"site-sidebar-layout":"default","site-content-layout":"","ast-site-content-layout":"default","site-content-style":"default","site-sidebar-style":"default","ast-global-header-display":"","ast-banner-title-visibility":"","ast-main-header-display":"","ast-hfb-above-header-display":"","ast-hfb-below-header-display":"","ast-hfb-mobile-header-display":"","site-post-title":"","ast-breadcrumbs-content":"","ast-featured-img":"","footer-sml-layout":"","theme-transparent-header-meta":"default","adv-header-id-meta":"","stick-header-meta":"default","header-above-stick-meta":"","header-main-stick-meta":"","header-below-stick-meta":"","astra-migrate-meta-layouts":"set","ast-page-background-enabled":"default","ast-page-background-meta":{"desktop":{"background-color":"var(--ast-global-color-4)","background-image":"","background-repeat":"repeat","background-position":"center center","background-size":"auto","background-attachment":"scroll","background-type":"","background-media":"","overlay-type":"","overlay-color":"","overlay-opacity":"","overlay-gradient":""},"tablet":{"background-color":"","background-image":"","background-repeat":"repeat","background-position":"center center","background-size":"auto","background-attachment":"scroll","background-type":"","background-media":"","overlay-type":"","overlay-color":"","overlay-opacity":"","overlay-gradient":""},"mobile":{"background-color":"","background-image":"","background-repeat":"repeat","background-position":"center center","background-size":"auto","background-attachment":"scroll","background-type":"","background-media":"","overlay-type":"","overlay-color":"","overlay-opacity":"","overlay-gradient":""}},"ast-content-background-meta":{"desktop":{"background-color":"var(--ast-global-color-5)","background-image":"","background-repeat":"repeat","background-position":"center center","background-size":"auto","background-attachment":"scroll","background-type":"","background-media":"","overlay-type":"","overlay-color":"","overlay-opacity":"","overlay-gradient":""},"tablet":{"background-color":"var(--ast-global-color-5)","background-image":"","background-repeat":"repeat","background-position":"center center","background-size":"auto","background-attachment":"scroll","background-type":"","background-media":"","overlay-type":"","overlay-color":"","overlay-opacity":"","overlay-gradient":""},"mobile":{"background-color":"var(--ast-global-color-5)","background-image":"","background-repeat":"repeat","background-position":"center center","background-size":"auto","background-attachment":"scroll","background-type":"","background-media":"","overlay-type":"","overlay-color":"","overlay-opacity":"","overlay-gradient":""}}},"tags":[],"products":[208,200],"class_list":["post-3115","product","type-product","status-publish","has-post-thumbnail","hentry","products-carbon-foam","products-metal-foam"],"acf":[],"_links":{"self":[{"href":"https:\/\/oqitop.com\/ar\/wp-json\/wp\/v2\/product\/3115","targetHints":{"allow":["GET"]}}],"collection":[{"href":"https:\/\/oqitop.com\/ar\/wp-json\/wp\/v2\/product"}],"about":[{"href":"https:\/\/oqitop.com\/ar\/wp-json\/wp\/v2\/types\/product"}],"wp:featuredmedia":[{"embeddable":true,"href":"https:\/\/oqitop.com\/ar\/wp-json\/wp\/v2\/media\/3116"}],"wp:attachment":[{"href":"https:\/\/oqitop.com\/ar\/wp-json\/wp\/v2\/media?parent=3115"}],"wp:term":[{"taxonomy":"post_tag","embeddable":true,"href":"https:\/\/oqitop.com\/ar\/wp-json\/wp\/v2\/tags?post=3115"},{"taxonomy":"products","embeddable":true,"href":"https:\/\/oqitop.com\/ar\/wp-json\/wp\/v2\/products?post=3115"}],"curies":[{"name":"wp","href":"https:\/\/api.w.org\/{rel}","templated":true}]}}