 {"id":2617,"date":"2025-12-06T11:18:07","date_gmt":"2025-12-06T03:18:07","guid":{"rendered":"https:\/\/oqitop.com\/?post_type=product&#038;p=2617"},"modified":"2026-01-12T14:09:46","modified_gmt":"2026-01-12T06:09:46","slug":"lieferanten-von-kundenspezifisch-geformten-nickel-metallschaum-batterieelektroden","status":"publish","type":"product","link":"https:\/\/oqitop.com\/de\/product\/lieferanten-von-kundenspezifisch-geformten-nickel-metallschaum-batterieelektroden\/","title":{"rendered":"Lieferanten f\u00fcr kundenspezifisch geformte Nickel-Metallschaum-Batterieelektroden"},"content":{"rendered":"<h3 style=\"text-align: center;\"><span style=\"color: #ff0000;\"><strong>Anpassbare Nickel-Metall-Schaumbatterien \u2013 Lieferanten<\/strong><\/span><\/h3>\n<p><iframe src=\"https:\/\/www.youtube.com\/embed\/IpxhitaNDiQ?rel=0\" allowfullscreen=\"allowfullscreen\" data-mce-fragment=\"1\"><\/iframe><\/p>\n<p><b><strong>Einf\u00fchrung<\/strong><\/b><\/p>\n<p><a href=\"https:\/\/oqitop.com\/de\/produkte\/metal-foam\/nickel-foam\/\"><b><strong>Ni-Schaum-Produkt<\/strong><\/b><\/a>\u00a0besteht aus reinem Nickel. Das Produkt weist hervorragende Eigenschaften hinsichtlich Korrosionsbest\u00e4ndigkeit und H\u00e4rte auf.<\/p>\n<p>N\u00fctzlichkeit: (Es k\u00f6nnen verschiedene Formen hergestellt werden)<\/p>\n<ol>\n<li>Wird als Grundplatte\/Substrat der positiven Elektrode in Ni-MH-\/Ni-Cd-Batterien und Superkondensatoren verwendet.<\/li>\n<li>Filtermedien f\u00fcr Luft \/ \u00d6l \/ Rauch usw.<\/li>\n<li>Por\u00f6se Elektrode in der Galvanochemie.<\/li>\n<li>W\u00e4rmeabfuhr.<\/li>\n<li>Amortisationsmaterialien.<\/li>\n<li>Ger\u00e4usch- und vibrationsabsorbierende Materialien.<\/li>\n<li>Elektromagnetische Abschirmmaterialien.<\/li>\n<li>Katalysatortr\u00e4ger.<\/li>\n<li>R\u00fcckgewinnung von Edelmetallen.<\/li>\n<\/ol>\n<p><b><strong>Spezifikationen<\/strong><\/b><\/p>\n<table>\n<tbody>\n<tr>\n<td width=\"342\">Typ<\/td>\n<td width=\"870\">Offenzellige<\/td>\n<\/tr>\n<tr>\n<td width=\"342\">Reinheit<\/td>\n<td width=\"870\">&gt; 99,99%<\/td>\n<\/tr>\n<tr>\n<td width=\"342\">Formular<\/td>\n<td width=\"870\">Bogen oder Rolle, je nach Gr\u00f6\u00dfe und Dicke<\/td>\n<\/tr>\n<tr>\n<td width=\"342\">Zellgr\u00f6\u00dfe (PPI)<\/td>\n<td width=\"870\">5-1300 PPI, gem\u00e4\u00df Anfrage<\/td>\n<\/tr>\n<tr>\n<td width=\"342\">Dicke<\/td>\n<td width=\"870\">Standard: 0,08\u201330 mm<\/td>\n<\/tr>\n<tr>\n<td width=\"342\">Gr\u00f6\u00dfe und Form<\/td>\n<td width=\"870\">Standard: 500*500 mm\/200*300 mm; kann auf Wunsch in verschiedenen Formen hergestellt werden<\/td>\n<\/tr>\n<tr>\n<td width=\"342\">Porosit\u00e4t<\/td>\n<td width=\"870\">95%-98%<\/td>\n<\/tr>\n<tr>\n<td width=\"342\">Offenzellrate<\/td>\n<td width=\"870\">\u226598 %<\/td>\n<\/tr>\n<tr>\n<td width=\"342\">Volumendichte<\/td>\n<td width=\"870\">&gt;0,1 g\/cm\u00b3, gem\u00e4\u00df Anfrage<\/td>\n<\/tr>\n<tr>\n<td width=\"342\">Oberfl\u00e4chendichte<\/td>\n<td width=\"870\">200\u20133500 g\/m\u00a0<sup>2<\/sup>,gem\u00e4\u00df Anfrage<\/p>\n<p>Standard: 320 \u00b1 20 g\/m<sup>2<\/sup><\/td>\n<\/tr>\n<tr>\n<td width=\"342\">W\u00e4rmeleitf\u00e4higkeit (theoretisch)<\/td>\n<td width=\"870\">&gt;3 W\/M.K<\/td>\n<\/tr>\n<tr>\n<td width=\"342\">Mechanische Festigkeit (theoretisch)<\/td>\n<td width=\"870\">\u22652 bis 7 MPa<\/td>\n<\/tr>\n<tr>\n<td width=\"342\">Durchschnittliche Zugfestigkeit (N\/20 mm)<\/td>\n<td width=\"870\">Vertikal \u2265 30, horizontal \u2265 25<\/td>\n<\/tr>\n<tr>\n<td width=\"342\">Temperaturbest\u00e4ndigkeit (theoretisch)<\/td>\n<td width=\"870\">\u2265500 \u00b0C, gem\u00e4\u00df Anfrage<\/td>\n<\/tr>\n<tr>\n<td width=\"342\">Aussehen<\/td>\n<td width=\"870\">Silbergrau, ohne M\u00e4ngel wie schwarze Flecken, Blindl\u00f6cher, Durchgangsl\u00f6cher, Risse usw.<\/td>\n<\/tr>\n<tr>\n<td width=\"342\">Chemische Zusammensetzung<\/td>\n<td width=\"870\">Ni: \u226599,5% Fe\u22640,020% C\u22640,030% P\u22640,010%  S\u22640,008%  Si\u22640,005% Cu\u22640,010%<\/td>\n<\/tr>\n<tr>\n<td rowspan=\"2\" width=\"342\">Abschirmwirkung<\/td>\n<td width=\"870\">200 kHz<\/td>\n<\/tr>\n<tr>\n<td width=\"870\">40 dB bis 50 dB<\/td>\n<\/tr>\n<tr>\n<td width=\"342\">Flexibilit\u00e4t<\/td>\n<td width=\"870\">Vertikal \u2265 5, horizontal \u2265 15<\/td>\n<\/tr>\n<tr>\n<td width=\"342\">Dehnungsrate (%)<\/td>\n<td width=\"870\">Vertikal \u2265 5, horizontal \u2265 10<\/td>\n<\/tr>\n<tr>\n<td width=\"342\">Elektrischer Widerstand (m \u03a9\/100 * 10 m)<sup>2<\/sup>)<\/td>\n<td width=\"870\">Vertikal \u2264 65, horizontal \u2264 85<\/td>\n<\/tr>\n<\/tbody>\n<\/table>\n<p><b><strong>\u00a0\u00a0<\/strong><\/b><\/p>\n<p><b><strong>Referenzma\u00dfe<\/strong><\/b><\/p>\n<table>\n<tbody>\n<tr>\n<td width=\"161\">0,08 mm \u00d7 300 mm \u00d7 200 mm<\/td>\n<td width=\"161\">0,2 mm \u00d7 200 mm \u00d7 300 mm<\/td>\n<td width=\"242\">0,3 mm \u00d7 200 mm \u00d7 300 mm<\/td>\n<\/tr>\n<tr>\n<td width=\"161\">0,5 mm \u00d7 200 mm \u00d7 300 mm<\/td>\n<td width=\"161\">0,7 mm \u00d7 200 mm \u00d7 300 mm<\/td>\n<td width=\"242\">0,9 mm \u00d7 200 mm \u00d7 300 mm<\/td>\n<\/tr>\n<tr>\n<td width=\"161\">1,0 mm \u00d7 200 mm \u00d7 300 mm<\/td>\n<td width=\"161\">1,3 mm \u00d7 200 mm \u00d7 300 mm<\/td>\n<td width=\"242\">1,5 mm \u00d7 200 mm \u00d7 300 mm<\/td>\n<\/tr>\n<tr>\n<td width=\"161\">1,7 mm \u00d7 200 mm \u00d7 300 mm<\/td>\n<td width=\"161\">2,0 mm \u00d7 200 mm \u00d7 300 mm<\/td>\n<td width=\"242\">5 mm \u00d7 200 mm \u00d7 300 mm<\/td>\n<\/tr>\n<tr>\n<td width=\"161\">10 mm \u00d7 200 mm \u00d7 300 mm<\/td>\n<td width=\"161\">30 mm \u00d7 200 mm \u00d7 300 mm<\/td>\n<td width=\"242\"><b><strong>Die Gr\u00f6\u00dfe kann individuell angepasst werden.<\/strong><\/b><\/td>\n<\/tr>\n<\/tbody>\n<\/table>\n<p><b><strong>Um verschiedene Metallsch\u00e4ume anzupassen, klicken Sie bitte auf das Bild unten f\u00fcr weitere Details:<\/strong><\/b><\/p>\n<table>\n<tbody>\n<tr>\n<td>&nbsp;<\/p>\n<figure id=\"attachment_2567\" class=\"wp-caption aligncenter\" aria-describedby=\"caption-attachment-2567\"><a href=\"https:\/\/oqitop.com\/de\/produkte\/metal-foam\/copper-foam\/\"><img decoding=\"async\" class=\"wp-image-2567 size-thumbnail\" src=\"https:\/\/oqitop.com\/wp-content\/uploads\/2025\/12\/Copper-Foam-150x150.jpg\" sizes=\"(max-width: 150px) 100vw, 150px\" srcset=\"https:\/\/oqitop.com\/wp-content\/uploads\/2025\/12\/Copper-Foam-150x150.jpg 150w, https:\/\/oqitop.com\/wp-content\/uploads\/2025\/12\/Copper-Foam-300x300.jpg 300w, https:\/\/oqitop.com\/wp-content\/uploads\/2025\/12\/Copper-Foam.jpg 600w\" alt=\"\" width=\"150\" height=\"150\" title=\"\"><\/a><figcaption id=\"caption-attachment-2567\" class=\"wp-caption-text\"><a href=\"https:\/\/oqitop.com\/de\/produkte\/metal-foam\/copper-foam\/\">Kupferschaum<\/a><\/figcaption><\/figure>\n<\/td>\n<td>&nbsp;<\/p>\n<figure id=\"attachment_2568\" class=\"wp-caption aligncenter\" aria-describedby=\"caption-attachment-2568\"><a href=\"https:\/\/oqitop.com\/de\/produkte\/metal-foam\/nickel-foam\/\"><img decoding=\"async\" class=\"wp-image-2568 size-thumbnail\" src=\"https:\/\/oqitop.com\/wp-content\/uploads\/2025\/12\/Nickel-Foam-150x150.png\" sizes=\"(max-width: 150px) 100vw, 150px\" srcset=\"https:\/\/oqitop.com\/wp-content\/uploads\/2025\/12\/Nickel-Foam-150x150.png 150w, https:\/\/oqitop.com\/wp-content\/uploads\/2025\/12\/Nickel-Foam-300x300.png 300w, https:\/\/oqitop.com\/wp-content\/uploads\/2025\/12\/Nickel-Foam.png 500w\" alt=\"\" width=\"150\" height=\"150\" title=\"\"><\/a><figcaption id=\"caption-attachment-2568\" class=\"wp-caption-text\"><a href=\"https:\/\/oqitop.com\/de\/produkte\/metal-foam\/nickel-foam\/\">Nickelschaum<\/a><\/figcaption><\/figure>\n<\/td>\n<td>&nbsp;<\/p>\n<figure id=\"attachment_2569\" class=\"wp-caption aligncenter\" aria-describedby=\"caption-attachment-2569\"><a href=\"https:\/\/oqitop.com\/de\/produkte\/metal-foam\/titanium-foam\/\"><img decoding=\"async\" class=\"wp-image-2569 size-thumbnail\" src=\"https:\/\/oqitop.com\/wp-content\/uploads\/2025\/12\/Ti-Foam-150x150.png\" sizes=\"(max-width: 150px) 100vw, 150px\" srcset=\"https:\/\/oqitop.com\/wp-content\/uploads\/2025\/12\/Ti-Foam-150x150.png 150w, https:\/\/oqitop.com\/wp-content\/uploads\/2025\/12\/Ti-Foam-300x300.png 300w, https:\/\/oqitop.com\/wp-content\/uploads\/2025\/12\/Ti-Foam.png 500w\" alt=\"\" width=\"150\" height=\"150\" title=\"\"><\/a><figcaption id=\"caption-attachment-2569\" class=\"wp-caption-text\"><a href=\"https:\/\/oqitop.com\/de\/produkte\/metal-foam\/titanium-foam\/\">Ti-Schaumstoff<\/a><\/figcaption><\/figure>\n<\/td>\n<td>&nbsp;<\/p>\n<figure id=\"attachment_2571\" class=\"wp-caption aligncenter\" aria-describedby=\"caption-attachment-2571\"><a href=\"https:\/\/oqitop.com\/de\/produkte\/metal-foam\/aluminiumschaum\/\"><img loading=\"lazy\" decoding=\"async\" class=\"wp-image-2571 size-thumbnail\" src=\"https:\/\/oqitop.com\/wp-content\/uploads\/2025\/12\/Aluminum-Foam-1-150x150.png\" sizes=\"(max-width: 150px) 100vw, 150px\" srcset=\"https:\/\/oqitop.com\/wp-content\/uploads\/2025\/12\/Aluminum-Foam-1-150x150.png 150w, https:\/\/oqitop.com\/wp-content\/uploads\/2025\/12\/Aluminum-Foam-1-300x300.png 300w, https:\/\/oqitop.com\/wp-content\/uploads\/2025\/12\/Aluminum-Foam-1.png 529w\" alt=\"\" width=\"150\" height=\"150\" title=\"\"><\/a><figcaption id=\"caption-attachment-2571\" class=\"wp-caption-text\"><a href=\"https:\/\/oqitop.com\/de\/produkte\/metal-foam\/aluminiumschaum\/\">Aluminiumschaum<\/a><\/figcaption><\/figure>\n<\/td>\n<\/tr>\n<tr>\n<td>&nbsp;<\/p>\n<figure id=\"attachment_2572\" class=\"wp-caption aligncenter\" aria-describedby=\"caption-attachment-2572\"><a href=\"https:\/\/oqitop.com\/de\/produkte\/metal-foam\/iron-nickel-foam\/\"><img loading=\"lazy\" decoding=\"async\" class=\"wp-image-2572 size-thumbnail\" src=\"https:\/\/oqitop.com\/wp-content\/uploads\/2025\/12\/Iron-Nickel-Foam-150x150.jpg\" sizes=\"(max-width: 150px) 100vw, 150px\" srcset=\"https:\/\/oqitop.com\/wp-content\/uploads\/2025\/12\/Iron-Nickel-Foam-150x150.jpg 150w, https:\/\/oqitop.com\/wp-content\/uploads\/2025\/12\/Iron-Nickel-Foam-300x300.jpg 300w, https:\/\/oqitop.com\/wp-content\/uploads\/2025\/12\/Iron-Nickel-Foam.jpg 720w\" alt=\"\" width=\"150\" height=\"150\" title=\"\"><\/a><figcaption id=\"caption-attachment-2572\" class=\"wp-caption-text\"><a href=\"https:\/\/oqitop.com\/de\/produkte\/metal-foam\/iron-nickel-foam\/\">Eisen-Nickel-Schaum<\/a><\/figcaption><\/figure>\n<\/td>\n<td>&nbsp;<\/p>\n<figure id=\"attachment_2573\" class=\"wp-caption aligncenter\" aria-describedby=\"caption-attachment-2573\"><a href=\"https:\/\/oqitop.com\/de\/produkte\/metal-foam\/carbon-foam\/\"><img loading=\"lazy\" decoding=\"async\" class=\"wp-image-2573 size-thumbnail\" src=\"https:\/\/oqitop.com\/wp-content\/uploads\/2025\/12\/Carbon-Foam-150x150.png\" sizes=\"(max-width: 150px) 100vw, 150px\" srcset=\"https:\/\/oqitop.com\/wp-content\/uploads\/2025\/12\/Carbon-Foam-150x150.png 150w, https:\/\/oqitop.com\/wp-content\/uploads\/2025\/12\/Carbon-Foam-300x300.png 300w, https:\/\/oqitop.com\/wp-content\/uploads\/2025\/12\/Carbon-Foam-768x768.png 768w, https:\/\/oqitop.com\/wp-content\/uploads\/2025\/12\/Carbon-Foam.png 1000w\" alt=\"\" width=\"150\" height=\"150\" title=\"\"><\/a><figcaption id=\"caption-attachment-2573\" class=\"wp-caption-text\"><a href=\"https:\/\/oqitop.com\/de\/produkte\/metal-foam\/carbon-foam\/\">Kohlenstoffschaum<\/a><\/figcaption><\/figure>\n<\/td>\n<td>&nbsp;<\/p>\n<figure id=\"attachment_2574\" class=\"wp-caption aligncenter\" aria-describedby=\"caption-attachment-2574\"><a href=\"https:\/\/oqitop.com\/de\/produkte\/metal-foam\/silver-foam\/\"><img loading=\"lazy\" decoding=\"async\" class=\"wp-image-2574 size-thumbnail\" src=\"https:\/\/oqitop.com\/wp-content\/uploads\/2025\/12\/Silver-Foam-150x150.jpg\" sizes=\"(max-width: 150px) 100vw, 150px\" srcset=\"https:\/\/oqitop.com\/wp-content\/uploads\/2025\/12\/Silver-Foam-150x150.jpg 150w, https:\/\/oqitop.com\/wp-content\/uploads\/2025\/12\/Silver-Foam-300x300.jpg 300w, https:\/\/oqitop.com\/wp-content\/uploads\/2025\/12\/Silver-Foam.jpg 726w\" alt=\"\" width=\"150\" height=\"150\" title=\"\"><\/a><figcaption id=\"caption-attachment-2574\" class=\"wp-caption-text\"><a href=\"https:\/\/oqitop.com\/de\/produkte\/metal-foam\/silver-foam\/\">Silberner Schaum<\/a><\/figcaption><\/figure>\n<\/td>\n<td>&nbsp;<\/p>\n<figure id=\"attachment_2575\" class=\"wp-caption aligncenter\" aria-describedby=\"caption-attachment-2575\"><a href=\"https:\/\/oqitop.com\/de\/produkte\/metal-foam\/cobalt-foamhttps%3a\/\/oqitop.com\/produkte\/metal-foam\/cobalt-foam\/\"><img loading=\"lazy\" decoding=\"async\" class=\"wp-image-2575 size-thumbnail\" src=\"https:\/\/oqitop.com\/wp-content\/uploads\/2025\/12\/Cobalt-Foam-150x150.jpg\" sizes=\"(max-width: 150px) 100vw, 150px\" srcset=\"https:\/\/oqitop.com\/wp-content\/uploads\/2025\/12\/Cobalt-Foam-150x150.jpg 150w, https:\/\/oqitop.com\/wp-content\/uploads\/2025\/12\/Cobalt-Foam-300x300.jpg 300w, https:\/\/oqitop.com\/wp-content\/uploads\/2025\/12\/Cobalt-Foam-768x768.jpg 768w, https:\/\/oqitop.com\/wp-content\/uploads\/2025\/12\/Cobalt-Foam.jpg 800w\" alt=\"\" width=\"150\" height=\"150\" title=\"\"><\/a><figcaption id=\"caption-attachment-2575\" class=\"wp-caption-text\"><a href=\"https:\/\/oqitop.com\/de\/produkte\/metal-foam\/cobalt-foam\/\">Kobalt-Schaumstoff<\/a><\/figcaption><\/figure>\n<\/td>\n<\/tr>\n<\/tbody>\n<\/table>\n<p><img loading=\"lazy\" decoding=\"async\" class=\"alignnone wp-image-2548 size-full\" src=\"https:\/\/oqitop.com\/wp-content\/uploads\/2025\/12\/c8cdd1a6-2243-4792-afbe-1cf169cd76bd1.jpg\" sizes=\"(max-width: 1600px) 100vw, 1600px\" srcset=\"https:\/\/oqitop.com\/wp-content\/uploads\/2025\/12\/c8cdd1a6-2243-4792-afbe-1cf169cd76bd1.jpg 1600w, https:\/\/oqitop.com\/wp-content\/uploads\/2025\/12\/c8cdd1a6-2243-4792-afbe-1cf169cd76bd1-300x260.jpg 300w, https:\/\/oqitop.com\/wp-content\/uploads\/2025\/12\/c8cdd1a6-2243-4792-afbe-1cf169cd76bd1-1024x886.jpg 1024w, https:\/\/oqitop.com\/wp-content\/uploads\/2025\/12\/c8cdd1a6-2243-4792-afbe-1cf169cd76bd1-768x665.jpg 768w, https:\/\/oqitop.com\/wp-content\/uploads\/2025\/12\/c8cdd1a6-2243-4792-afbe-1cf169cd76bd1-1536x1330.jpg 1536w\" alt=\"Hochpor\u00f6se por\u00f6se Nickel-Ni-Metallschaumplatte\" width=\"1600\" height=\"1385\" title=\"\"><\/p>\n<p><img loading=\"lazy\" decoding=\"async\" class=\"alignnone size-large wp-image-2549\" src=\"https:\/\/oqitop.com\/wp-content\/uploads\/2025\/12\/11-4-1024x1024.jpg\" sizes=\"(max-width: 1024px) 100vw, 1024px\" srcset=\"https:\/\/oqitop.com\/wp-content\/uploads\/2025\/12\/11-4-1024x1024.jpg 1024w, https:\/\/oqitop.com\/wp-content\/uploads\/2025\/12\/11-4-300x300.jpg 300w, https:\/\/oqitop.com\/wp-content\/uploads\/2025\/12\/11-4-150x150.jpg 150w, https:\/\/oqitop.com\/wp-content\/uploads\/2025\/12\/11-4-768x768.jpg 768w, https:\/\/oqitop.com\/wp-content\/uploads\/2025\/12\/11-4-1536x1536.jpg 1536w, https:\/\/oqitop.com\/wp-content\/uploads\/2025\/12\/11-4.jpg 1600w\" alt=\"\" width=\"1024\" height=\"1024\" title=\"\">\u00a0<img loading=\"lazy\" decoding=\"async\" class=\"alignnone size-large wp-image-2550\" src=\"https:\/\/oqitop.com\/wp-content\/uploads\/2025\/12\/22-2-1024x1024.jpg\" sizes=\"(max-width: 1024px) 100vw, 1024px\" srcset=\"https:\/\/oqitop.com\/wp-content\/uploads\/2025\/12\/22-2-1024x1024.jpg 1024w, https:\/\/oqitop.com\/wp-content\/uploads\/2025\/12\/22-2-300x300.jpg 300w, https:\/\/oqitop.com\/wp-content\/uploads\/2025\/12\/22-2-150x150.jpg 150w, https:\/\/oqitop.com\/wp-content\/uploads\/2025\/12\/22-2-768x768.jpg 768w, https:\/\/oqitop.com\/wp-content\/uploads\/2025\/12\/22-2-1536x1536.jpg 1536w, https:\/\/oqitop.com\/wp-content\/uploads\/2025\/12\/22-2.jpg 1600w\" alt=\"\" width=\"1024\" height=\"1024\" title=\"\">\u00a0<img loading=\"lazy\" decoding=\"async\" class=\"alignnone size-large wp-image-2551\" src=\"https:\/\/oqitop.com\/wp-content\/uploads\/2025\/12\/33-1-1024x1024.jpg\" sizes=\"(max-width: 1024px) 100vw, 1024px\" srcset=\"https:\/\/oqitop.com\/wp-content\/uploads\/2025\/12\/33-1-1024x1024.jpg 1024w, https:\/\/oqitop.com\/wp-content\/uploads\/2025\/12\/33-1-300x300.jpg 300w, https:\/\/oqitop.com\/wp-content\/uploads\/2025\/12\/33-1-150x150.jpg 150w, https:\/\/oqitop.com\/wp-content\/uploads\/2025\/12\/33-1-768x768.jpg 768w, https:\/\/oqitop.com\/wp-content\/uploads\/2025\/12\/33-1-1536x1536.jpg 1536w, https:\/\/oqitop.com\/wp-content\/uploads\/2025\/12\/33-1.jpg 1600w\" alt=\"\" width=\"1024\" height=\"1024\" title=\"\">\u00a0<img loading=\"lazy\" decoding=\"async\" class=\"alignnone size-large wp-image-2552\" src=\"https:\/\/oqitop.com\/wp-content\/uploads\/2025\/12\/44-1-1024x1024.jpg\" sizes=\"(max-width: 1024px) 100vw, 1024px\" srcset=\"https:\/\/oqitop.com\/wp-content\/uploads\/2025\/12\/44-1-1024x1024.jpg 1024w, https:\/\/oqitop.com\/wp-content\/uploads\/2025\/12\/44-1-300x300.jpg 300w, https:\/\/oqitop.com\/wp-content\/uploads\/2025\/12\/44-1-150x150.jpg 150w, https:\/\/oqitop.com\/wp-content\/uploads\/2025\/12\/44-1-768x768.jpg 768w, https:\/\/oqitop.com\/wp-content\/uploads\/2025\/12\/44-1-1536x1536.jpg 1536w, https:\/\/oqitop.com\/wp-content\/uploads\/2025\/12\/44-1.jpg 1600w\" alt=\"\" width=\"1024\" height=\"1024\" title=\"\"><\/p>\n<p><img loading=\"lazy\" decoding=\"async\" class=\"alignleft size-full wp-image-2566\" src=\"https:\/\/oqitop.com\/wp-content\/uploads\/2025\/12\/11111-1.jpg\" sizes=\"(max-width: 1024px) 100vw, 1024px\" srcset=\"https:\/\/oqitop.com\/wp-content\/uploads\/2025\/12\/11111-1.jpg 1024w, https:\/\/oqitop.com\/wp-content\/uploads\/2025\/12\/11111-1-300x198.jpg 300w, https:\/\/oqitop.com\/wp-content\/uploads\/2025\/12\/11111-1-768x508.jpg 768w\" alt=\"\" width=\"1024\" height=\"677\" title=\"\"><\/p>","protected":false},"featured_media":2618,"template":"","meta":{"_acf_changed":false,"site-sidebar-layout":"default","site-content-layout":"","ast-site-content-layout":"default","site-content-style":"default","site-sidebar-style":"default","ast-global-header-display":"","ast-banner-title-visibility":"","ast-main-header-display":"","ast-hfb-above-header-display":"","ast-hfb-below-header-display":"","ast-hfb-mobile-header-display":"","site-post-title":"","ast-breadcrumbs-content":"","ast-featured-img":"","footer-sml-layout":"","theme-transparent-header-meta":"default","adv-header-id-meta":"","stick-header-meta":"default","header-above-stick-meta":"","header-main-stick-meta":"","header-below-stick-meta":"","astra-migrate-meta-layouts":"set","ast-page-background-enabled":"default","ast-page-background-meta":{"desktop":{"background-color":"var(--ast-global-color-4)","background-image":"","background-repeat":"repeat","background-position":"center center","background-size":"auto","background-attachment":"scroll","background-type":"","background-media":"","overlay-type":"","overlay-color":"","overlay-opacity":"","overlay-gradient":""},"tablet":{"background-color":"","background-image":"","background-repeat":"repeat","background-position":"center center","background-size":"auto","background-attachment":"scroll","background-type":"","background-media":"","overlay-type":"","overlay-color":"","overlay-opacity":"","overlay-gradient":""},"mobile":{"background-color":"","background-image":"","background-repeat":"repeat","background-position":"center center","background-size":"auto","background-attachment":"scroll","background-type":"","background-media":"","overlay-type":"","overlay-color":"","overlay-opacity":"","overlay-gradient":""}},"ast-content-background-meta":{"desktop":{"background-color":"var(--ast-global-color-5)","background-image":"","background-repeat":"repeat","background-position":"center center","background-size":"auto","background-attachment":"scroll","background-type":"","background-media":"","overlay-type":"","overlay-color":"","overlay-opacity":"","overlay-gradient":""},"tablet":{"background-color":"var(--ast-global-color-5)","background-image":"","background-repeat":"repeat","background-position":"center center","background-size":"auto","background-attachment":"scroll","background-type":"","background-media":"","overlay-type":"","overlay-color":"","overlay-opacity":"","overlay-gradient":""},"mobile":{"background-color":"var(--ast-global-color-5)","background-image":"","background-repeat":"repeat","background-position":"center center","background-size":"auto","background-attachment":"scroll","background-type":"","background-media":"","overlay-type":"","overlay-color":"","overlay-opacity":"","overlay-gradient":""}}},"tags":[],"products":[200,201],"class_list":["post-2617","product","type-product","status-publish","has-post-thumbnail","hentry","products-metal-foam","products-nickel-foam"],"acf":[],"_links":{"self":[{"href":"https:\/\/oqitop.com\/de\/wp-json\/wp\/v2\/product\/2617","targetHints":{"allow":["GET"]}}],"collection":[{"href":"https:\/\/oqitop.com\/de\/wp-json\/wp\/v2\/product"}],"about":[{"href":"https:\/\/oqitop.com\/de\/wp-json\/wp\/v2\/types\/product"}],"wp:featuredmedia":[{"embeddable":true,"href":"https:\/\/oqitop.com\/de\/wp-json\/wp\/v2\/media\/2618"}],"wp:attachment":[{"href":"https:\/\/oqitop.com\/de\/wp-json\/wp\/v2\/media?parent=2617"}],"wp:term":[{"taxonomy":"post_tag","embeddable":true,"href":"https:\/\/oqitop.com\/de\/wp-json\/wp\/v2\/tags?post=2617"},{"taxonomy":"products","embeddable":true,"href":"https:\/\/oqitop.com\/de\/wp-json\/wp\/v2\/products?post=2617"}],"curies":[{"name":"wp","href":"https:\/\/api.w.org\/{rel}","templated":true}]}}