 {"id":2892,"date":"2025-12-09T13:55:11","date_gmt":"2025-12-09T05:55:11","guid":{"rendered":"https:\/\/oqitop.com\/?post_type=product&#038;p=2892"},"modified":"2026-01-12T17:03:27","modified_gmt":"2026-01-12T09:03:27","slug":"open-cell-aluminum-foam-board-for-construction-projects","status":"publish","type":"product","link":"https:\/\/oqitop.com\/de\/product\/open-cell-aluminum-foam-board-for-construction-projects\/","title":{"rendered":"Offenzellige Aluminiumschaumplatte f\u00fcr Bauprojekte"},"content":{"rendered":"<h3 style=\"text-align: center;\"><span style=\"color: #ff0000;\"><strong>Offenzellige Aluminiumschaumplatte f\u00fcr den Bau<\/strong><\/span><\/h3>\n<p><iframe src=\"https:\/\/www.youtube.com\/embed\/9Nkjk4jzDwY?rel=0\" allowfullscreen=\"allowfullscreen\" data-mce-fragment=\"1\"><span data-mce-type=\"bookmark\" style=\"display: inline-block; width: 0px; overflow: hidden; line-height: 0;\" class=\"mce_SELRES_start\"><\/span><\/iframe><\/p>\n<p><b style=\"font-style: inherit;\"><strong>\u00a0<\/strong><\/b><\/p>\n<p align=\"left\"><strong>Einf\u00fchrung<\/strong><\/p>\n<p class=\"p\" align=\"justify\">\u00a0\u00a0Was\u00a0<a href=\"https:\/\/oqitop.com\/de\/produkte\/metal-foam\/kugelformiger-offenzelliger-al-schaum\/\" target=\"_blank\" rel=\"nofollow noopener\"><strong>kugelf\u00f6rmiger Aluminiumschaum<\/strong>,<\/a>\u00a0Die Blasenkammer ist kugelf\u00f6rmig und relativ regelm\u00e4\u00dfig. Die Trennwand ist mit kleinen runden L\u00f6chern versehen, um eine Verbindung mit der Kugel herzustellen, und die L\u00f6cher sind in sechs Richtungen unterteilt, um durchgehende L\u00f6cher zu vermeiden, was der Schallabsorption, Filterung und Ger\u00e4uschunterdr\u00fcckung f\u00f6rderlich ist. In der praktischen Anwendung kann der ideale Anwendungseffekt durch die Gestaltung und Steuerung der Kugelgr\u00f6\u00dfe (Durchmesser 4-13 mm), der Wandlochgr\u00f6\u00dfe (Durchmesser 0,5-4 mm), der Lochwandst\u00e4rke und der Plattendicke erzielt werden. Sch\u00fcttdichte: 0,5-0,8 g\/cm3. Das nationale Baustoffpr\u00fcfzentrum des Bauministeriums hat festgestellt, dass der Ger\u00e4uschreduktionskoeffizient von kugelf\u00f6rmigem Aluminiumschaum die internationalen Standards \u00fcbertrifft. Die von unserem Unternehmen hergestellten kugelf\u00f6rmigen Aluminiumschaumprodukte sind ein Material, das die Vorteile von offenen und geschlossenen L\u00f6chern kombiniert, um die Nachteile von offenen und geschlossenen L\u00f6chern zu \u00fcberwinden.<br \/>\nSph\u00e4rischer Schaumaluminium ist ein ausgezeichnetes Produkt aus Schaumaluminium-Akustikmaterial im In- und Ausland. Es eignet sich zur Ger\u00e4uschunterdr\u00fcckung und Ger\u00e4uschreduzierung in verschiedenen Fahrzeugk\u00e4sten und mechanischen Ger\u00e4ten. Aufgrund der gleichm\u00e4\u00dfigen Verteilung der Kugeln, der gleichen Lochform und der regelm\u00e4\u00dfigen Lochwand ist die spezifische Absorptionsenergie l\u00e4nger. Es hat eine ausgezeichnete Schlagfestigkeit. Im Vergleich zu den unregelm\u00e4\u00dfigen Poren von geschlossenzelligem Aluminiumschaum neigt die offene Lochwandung der Kugel bei St\u00f6\u00dfen nicht zu Br\u00fcchen. Es wird als sto\u00dffestes Puffermaterial verwendet und hat eine bessere Leistung.<\/p>\n<p align=\"left\"><b><strong>Spezifikationen<\/strong><\/b><\/p>\n<div class=\"table-responsive\">\n<table border=\"1\" cellspacing=\"2\">\n<tbody>\n<tr>\n<td valign=\"top\">\n<p class=\"\">Typ<\/p>\n<\/td>\n<td valign=\"top\">\n<p class=\"\">Erh\u00e4ltlich in geschlossenzelliger, offenzelliger und mikrooffenzelliger Ausf\u00fchrung<\/p>\n<\/td>\n<\/tr>\n<tr>\n<td valign=\"top\">\n<p class=\"\">Reinheit<\/p>\n<\/td>\n<td valign=\"top\">\n<p class=\"\">&gt; 98%<\/p>\n<\/td>\n<\/tr>\n<tr>\n<td valign=\"top\">\n<p class=\"\">Formular<\/p>\n<\/td>\n<td valign=\"top\">\n<p class=\"\">Bogen oder Rolle, je nach Gr\u00f6\u00dfe und Dicke<\/p>\n<\/td>\n<\/tr>\n<tr>\n<td valign=\"top\">\n<p class=\"\">Zellengr\u00f6\u00dfe (PPI)<\/p>\n<\/td>\n<td valign=\"top\">\n<p class=\"\">10-30 PPI, gem\u00e4\u00df Anfrage<\/p>\n<\/td>\n<\/tr>\n<tr>\n<td valign=\"top\">\n<p class=\"\">Dicke<\/p>\n<\/td>\n<td valign=\"top\">\n<p class=\"\">4 bis 10 mm, je nach Wunsch<\/p>\n<\/td>\n<\/tr>\n<tr>\n<td valign=\"top\">\n<p class=\"\">Gr\u00f6\u00dfe und Form<\/p>\n<\/td>\n<td valign=\"top\">\n<p class=\"\">kann auf Wunsch in verschiedenen Formen hergestellt werden<\/p>\n<\/td>\n<\/tr>\n<tr>\n<td valign=\"top\">\n<p class=\"\">Porosit\u00e4t<\/p>\n<\/td>\n<td valign=\"top\">\n<p class=\"\">98%<\/p>\n<\/td>\n<\/tr>\n<tr>\n<td valign=\"top\">\n<p class=\"\">Offenzellrate<\/p>\n<\/td>\n<td valign=\"top\">\n<p class=\"\">90%-95%<\/p>\n<\/td>\n<\/tr>\n<tr>\n<td valign=\"top\">\n<p class=\"\">Volumendichte<\/p>\n<\/td>\n<td valign=\"top\">\n<p class=\"\">0,25\u20130,75 g\/cm\u00b3, je nach Anforderung<\/p>\n<\/td>\n<\/tr>\n<tr>\n<td valign=\"top\">\n<p class=\"\">Oberfl\u00e4chendichte<\/p>\n<\/td>\n<td valign=\"top\">\n<p class=\"\">200\u20132500 g\/m\u00b2, je nach Wunsch<\/p>\n<\/td>\n<\/tr>\n<tr>\n<td valign=\"top\">\n<p class=\"\">Ger\u00e4uschreduktionskoeffizient NRC<\/p>\n<\/td>\n<td valign=\"top\">\n<p class=\"\">&gt;0,75<\/p>\n<\/td>\n<\/tr>\n<tr>\n<td valign=\"top\">\n<p class=\"\">Feuerwiderstandsklasse<\/p>\n<\/td>\n<td valign=\"top\">\n<p class=\"\">A1<\/p>\n<\/td>\n<\/tr>\n<tr>\n<td valign=\"top\">\n<p class=\"\">Energieaufnahme<\/p>\n<\/td>\n<td valign=\"top\">\n<p class=\"\">8 J\/m\u00b3\u201330 J\/m\u00b3<\/p>\n<\/td>\n<\/tr>\n<tr>\n<td valign=\"top\">\n<p class=\"\">Druckfestigkeit<\/p>\n<\/td>\n<td valign=\"top\">\n<p class=\"\">3 MPa\u201317 MPa<\/p>\n<\/td>\n<\/tr>\n<tr>\n<td valign=\"top\">\n<p class=\"\">Biegefestigkeit<\/p>\n<\/td>\n<td valign=\"top\">\n<p class=\"\">3 MPa\u201315 MPa<\/p>\n<\/td>\n<\/tr>\n<\/tbody>\n<\/table>\n<\/div>\n<p><b><strong>Um verschiedene Metallsch\u00e4ume anzupassen, klicken Sie bitte auf das Bild unten f\u00fcr weitere Details:<\/strong><\/b><\/p>\n<div class=\"table-responsive\">\n<div class=\"table-responsive\">\n<table>\n<tbody>\n<tr>\n<td>&nbsp;<\/p>\n<figure id=\"attachment_2567\" class=\"wp-caption aligncenter\" aria-describedby=\"caption-attachment-2567\"><a href=\"https:\/\/oqitop.com\/de\/produkte\/metal-foam\/copper-foam\/\"><img decoding=\"async\" class=\"wp-image-2567 size-thumbnail\" title=\"Hochleitf\u00e4higer Nickelschaum f\u00fcr die Forschung an Batterieelektroden 1\" src=\"https:\/\/oqitop.com\/wp-content\/uploads\/2025\/12\/Copper-Foam-150x150.jpg\" sizes=\"(max-width: 150px) 100vw, 150px\" srcset=\"https:\/\/oqitop.com\/wp-content\/uploads\/2025\/12\/Copper-Foam-150x150.jpg 150w, https:\/\/oqitop.com\/wp-content\/uploads\/2025\/12\/Copper-Foam-300x300.jpg 300w, https:\/\/oqitop.com\/wp-content\/uploads\/2025\/12\/Copper-Foam.jpg 600w\" alt=\"\" width=\"150\" height=\"150\" \/><\/a><figcaption id=\"caption-attachment-2567\" class=\"wp-caption-text\"><a href=\"https:\/\/oqitop.com\/de\/produkte\/metal-foam\/copper-foam\/\">Kupferschaum<\/a><\/figcaption><\/figure>\n<\/td>\n<td>&nbsp;<\/p>\n<figure id=\"attachment_2568\" class=\"wp-caption aligncenter\" aria-describedby=\"caption-attachment-2568\"><a href=\"https:\/\/oqitop.com\/de\/produkte\/metal-foam\/nickel-foam\/\"><img decoding=\"async\" class=\"wp-image-2568 size-thumbnail\" title=\"Hochleitf\u00e4higer Nickelschaum f\u00fcr die Forschung an Batterieelektroden 2\" src=\"https:\/\/oqitop.com\/wp-content\/uploads\/2025\/12\/Nickel-Foam-150x150.png\" sizes=\"(max-width: 150px) 100vw, 150px\" srcset=\"https:\/\/oqitop.com\/wp-content\/uploads\/2025\/12\/Nickel-Foam-150x150.png 150w, https:\/\/oqitop.com\/wp-content\/uploads\/2025\/12\/Nickel-Foam-300x300.png 300w, https:\/\/oqitop.com\/wp-content\/uploads\/2025\/12\/Nickel-Foam.png 500w\" alt=\"\" width=\"150\" height=\"150\" \/><\/a><figcaption id=\"caption-attachment-2568\" class=\"wp-caption-text\"><a href=\"https:\/\/oqitop.com\/de\/produkte\/metal-foam\/nickel-foam\/\">Nickelschaum<\/a><\/figcaption><\/figure>\n<\/td>\n<td>&nbsp;<\/p>\n<figure id=\"attachment_2569\" class=\"wp-caption aligncenter\" aria-describedby=\"caption-attachment-2569\"><a href=\"https:\/\/oqitop.com\/de\/produkte\/metal-foam\/titanium-foam\/\"><img decoding=\"async\" class=\"wp-image-2569 size-thumbnail\" title=\"Hochleitf\u00e4higer Nickelschaum f\u00fcr die Forschung an Batterieelektroden 3\" src=\"https:\/\/oqitop.com\/wp-content\/uploads\/2025\/12\/Ti-Foam-150x150.png\" sizes=\"(max-width: 150px) 100vw, 150px\" srcset=\"https:\/\/oqitop.com\/wp-content\/uploads\/2025\/12\/Ti-Foam-150x150.png 150w, https:\/\/oqitop.com\/wp-content\/uploads\/2025\/12\/Ti-Foam-300x300.png 300w, https:\/\/oqitop.com\/wp-content\/uploads\/2025\/12\/Ti-Foam.png 500w\" alt=\"\" width=\"150\" height=\"150\" \/><\/a><figcaption id=\"caption-attachment-2569\" class=\"wp-caption-text\"><a href=\"https:\/\/oqitop.com\/de\/produkte\/metal-foam\/titanium-foam\/\">Ti-Schaumstoff<\/a><\/figcaption><\/figure>\n<\/td>\n<td>&nbsp;<\/p>\n<figure id=\"attachment_2571\" class=\"wp-caption aligncenter\" aria-describedby=\"caption-attachment-2571\"><a href=\"https:\/\/oqitop.com\/de\/produkte\/metal-foam\/aluminiumschaum\/\"><img loading=\"lazy\" decoding=\"async\" class=\"wp-image-2571 size-thumbnail\" title=\"Hochleitf\u00e4higer Nickelschaum f\u00fcr die Forschung an Batterieelektroden 4\" src=\"https:\/\/oqitop.com\/wp-content\/uploads\/2025\/12\/Aluminum-Foam-1-150x150.png\" sizes=\"(max-width: 150px) 100vw, 150px\" srcset=\"https:\/\/oqitop.com\/wp-content\/uploads\/2025\/12\/Aluminum-Foam-1-150x150.png 150w, https:\/\/oqitop.com\/wp-content\/uploads\/2025\/12\/Aluminum-Foam-1-300x300.png 300w, https:\/\/oqitop.com\/wp-content\/uploads\/2025\/12\/Aluminum-Foam-1.png 529w\" alt=\"\" width=\"150\" height=\"150\" \/><\/a><figcaption id=\"caption-attachment-2571\" class=\"wp-caption-text\"><a href=\"https:\/\/oqitop.com\/de\/produkte\/metal-foam\/aluminiumschaum\/\">Aluminiumschaum<\/a><\/figcaption><\/figure>\n<\/td>\n<\/tr>\n<tr>\n<td>&nbsp;<\/p>\n<figure id=\"attachment_2572\" class=\"wp-caption aligncenter\" aria-describedby=\"caption-attachment-2572\"><a href=\"https:\/\/oqitop.com\/de\/produkte\/metal-foam\/iron-nickel-foam\/\"><img loading=\"lazy\" decoding=\"async\" class=\"wp-image-2572 size-thumbnail\" title=\"Hochleitf\u00e4higer Nickelschaum f\u00fcr die Forschung an Batterieelektroden 5\" src=\"https:\/\/oqitop.com\/wp-content\/uploads\/2025\/12\/Iron-Nickel-Foam-150x150.jpg\" sizes=\"(max-width: 150px) 100vw, 150px\" srcset=\"https:\/\/oqitop.com\/wp-content\/uploads\/2025\/12\/Iron-Nickel-Foam-150x150.jpg 150w, https:\/\/oqitop.com\/wp-content\/uploads\/2025\/12\/Iron-Nickel-Foam-300x300.jpg 300w, https:\/\/oqitop.com\/wp-content\/uploads\/2025\/12\/Iron-Nickel-Foam.jpg 720w\" alt=\"\" width=\"150\" height=\"150\" \/><\/a><figcaption id=\"caption-attachment-2572\" class=\"wp-caption-text\"><a href=\"https:\/\/oqitop.com\/de\/produkte\/metal-foam\/iron-nickel-foam\/\">Eisen-Nickel-Schaum<\/a><\/figcaption><\/figure>\n<\/td>\n<td>&nbsp;<\/p>\n<figure id=\"attachment_2573\" class=\"wp-caption aligncenter\" aria-describedby=\"caption-attachment-2573\"><a href=\"https:\/\/oqitop.com\/de\/produkte\/metal-foam\/carbon-foam\/\"><img loading=\"lazy\" decoding=\"async\" class=\"wp-image-2573 size-thumbnail\" title=\"Hochleitf\u00e4higer Nickelschaum f\u00fcr die Forschung an Batterieelektroden 6\" src=\"https:\/\/oqitop.com\/wp-content\/uploads\/2025\/12\/Carbon-Foam-150x150.png\" sizes=\"(max-width: 150px) 100vw, 150px\" srcset=\"https:\/\/oqitop.com\/wp-content\/uploads\/2025\/12\/Carbon-Foam-150x150.png 150w, https:\/\/oqitop.com\/wp-content\/uploads\/2025\/12\/Carbon-Foam-300x300.png 300w, https:\/\/oqitop.com\/wp-content\/uploads\/2025\/12\/Carbon-Foam-768x768.png 768w, https:\/\/oqitop.com\/wp-content\/uploads\/2025\/12\/Carbon-Foam.png 1000w\" alt=\"\" width=\"150\" height=\"150\" \/><\/a><figcaption id=\"caption-attachment-2573\" class=\"wp-caption-text\"><a href=\"https:\/\/oqitop.com\/de\/produkte\/metal-foam\/carbon-foam\/\">Kohlenstoffschaum<\/a><\/figcaption><\/figure>\n<\/td>\n<td>&nbsp;<\/p>\n<figure id=\"attachment_2574\" class=\"wp-caption aligncenter\" aria-describedby=\"caption-attachment-2574\"><a href=\"https:\/\/oqitop.com\/de\/produkte\/metal-foam\/silver-foam\/\"><img loading=\"lazy\" decoding=\"async\" class=\"wp-image-2574 size-thumbnail\" title=\"Hochleitf\u00e4higer Nickelschaum f\u00fcr die Forschung an Batterieelektroden 7\" src=\"https:\/\/oqitop.com\/wp-content\/uploads\/2025\/12\/Silver-Foam-150x150.jpg\" sizes=\"(max-width: 150px) 100vw, 150px\" srcset=\"https:\/\/oqitop.com\/wp-content\/uploads\/2025\/12\/Silver-Foam-150x150.jpg 150w, https:\/\/oqitop.com\/wp-content\/uploads\/2025\/12\/Silver-Foam-300x300.jpg 300w, https:\/\/oqitop.com\/wp-content\/uploads\/2025\/12\/Silver-Foam.jpg 726w\" alt=\"\" width=\"150\" height=\"150\" \/><\/a><figcaption id=\"caption-attachment-2574\" class=\"wp-caption-text\"><a href=\"https:\/\/oqitop.com\/de\/produkte\/metal-foam\/silver-foam\/\">Silberner Schaum<\/a><\/figcaption><\/figure>\n<\/td>\n<td>&nbsp;<\/p>\n<figure id=\"attachment_2575\" class=\"wp-caption aligncenter\" aria-describedby=\"caption-attachment-2575\"><a href=\"https:\/\/oqitop.com\/de\/produkte\/metal-foam\/cobalt-foamhttps%3a\/\/oqitop.com\/produkte\/metal-foam\/cobalt-foam\/\"><img loading=\"lazy\" decoding=\"async\" class=\"wp-image-2575 size-thumbnail\" title=\"Hochleitf\u00e4higer Nickelschaum f\u00fcr die Forschung an Batterieelektroden 8\" src=\"https:\/\/oqitop.com\/wp-content\/uploads\/2025\/12\/Cobalt-Foam-150x150.jpg\" sizes=\"(max-width: 150px) 100vw, 150px\" srcset=\"https:\/\/oqitop.com\/wp-content\/uploads\/2025\/12\/Cobalt-Foam-150x150.jpg 150w, https:\/\/oqitop.com\/wp-content\/uploads\/2025\/12\/Cobalt-Foam-300x300.jpg 300w, https:\/\/oqitop.com\/wp-content\/uploads\/2025\/12\/Cobalt-Foam-768x768.jpg 768w, https:\/\/oqitop.com\/wp-content\/uploads\/2025\/12\/Cobalt-Foam.jpg 800w\" alt=\"\" width=\"150\" height=\"150\" \/><\/a><figcaption id=\"caption-attachment-2575\" class=\"wp-caption-text\"><a href=\"https:\/\/oqitop.com\/de\/produkte\/metal-foam\/cobalt-foam\/\">Kobalt-Schaumstoff<\/a><\/figcaption><\/figure>\n<\/td>\n<\/tr>\n<\/tbody>\n<\/table>\n<\/div>\n<\/div>\n<figure id=\"attachment_2575\" class=\"wp-caption aligncenter\" aria-describedby=\"caption-attachment-2575\"><\/figure>\n<p><img loading=\"lazy\" decoding=\"async\" class=\"aligncenter size-full wp-image-2794\" src=\"https:\/\/oqitop.com\/wp-content\/uploads\/2025\/12\/11-5.jpg\" sizes=\"(max-width: 1024px) 100vw, 1024px\" srcset=\"https:\/\/oqitop.com\/wp-content\/uploads\/2025\/12\/11-5.jpg 1024w, https:\/\/oqitop.com\/wp-content\/uploads\/2025\/12\/11-5-300x124.jpg 300w, https:\/\/oqitop.com\/wp-content\/uploads\/2025\/12\/11-5-768x317.jpg 768w\" alt=\"\" width=\"1024\" height=\"422\" title=\"\"><img loading=\"lazy\" decoding=\"async\" class=\"aligncenter size-full wp-image-2795\" src=\"https:\/\/oqitop.com\/wp-content\/uploads\/2025\/12\/22-4.jpg\" sizes=\"(max-width: 1024px) 100vw, 1024px\" srcset=\"https:\/\/oqitop.com\/wp-content\/uploads\/2025\/12\/22-4.jpg 1024w, https:\/\/oqitop.com\/wp-content\/uploads\/2025\/12\/22-4-300x237.jpg 300w, https:\/\/oqitop.com\/wp-content\/uploads\/2025\/12\/22-4-768x607.jpg 768w\" alt=\"\" width=\"1024\" height=\"809\" title=\"\"><img loading=\"lazy\" decoding=\"async\" class=\"aligncenter size-full wp-image-2796\" src=\"https:\/\/oqitop.com\/wp-content\/uploads\/2025\/12\/33-3.jpg\" sizes=\"(max-width: 1024px) 100vw, 1024px\" srcset=\"https:\/\/oqitop.com\/wp-content\/uploads\/2025\/12\/33-3.jpg 1024w, https:\/\/oqitop.com\/wp-content\/uploads\/2025\/12\/33-3-300x300.jpg 300w, https:\/\/oqitop.com\/wp-content\/uploads\/2025\/12\/33-3-150x150.jpg 150w, https:\/\/oqitop.com\/wp-content\/uploads\/2025\/12\/33-3-768x768.jpg 768w\" alt=\"\" width=\"1024\" height=\"1024\" title=\"\"><img loading=\"lazy\" decoding=\"async\" class=\"aligncenter size-full wp-image-2797\" src=\"https:\/\/oqitop.com\/wp-content\/uploads\/2025\/12\/44-3.jpg\" sizes=\"(max-width: 1024px) 100vw, 1024px\" srcset=\"https:\/\/oqitop.com\/wp-content\/uploads\/2025\/12\/44-3.jpg 1024w, https:\/\/oqitop.com\/wp-content\/uploads\/2025\/12\/44-3-300x190.jpg 300w, https:\/\/oqitop.com\/wp-content\/uploads\/2025\/12\/44-3-768x488.jpg 768w\" alt=\"\" width=\"1024\" height=\"650\" title=\"\"><img loading=\"lazy\" decoding=\"async\" class=\"aligncenter size-full wp-image-2798\" src=\"https:\/\/oqitop.com\/wp-content\/uploads\/2025\/12\/11111-2.jpg\" alt=\"\" width=\"1024\" height=\"677\" title=\"\" srcset=\"https:\/\/oqitop.com\/wp-content\/uploads\/2025\/12\/11111-2.jpg 1024w, https:\/\/oqitop.com\/wp-content\/uploads\/2025\/12\/11111-2-300x198.jpg 300w, https:\/\/oqitop.com\/wp-content\/uploads\/2025\/12\/11111-2-768x508.jpg 768w\" sizes=\"(max-width: 1024px) 100vw, 1024px\" \/><\/p>","protected":false},"featured_media":2893,"template":"","meta":{"_acf_changed":false,"site-sidebar-layout":"default","site-content-layout":"","ast-site-content-layout":"default","site-content-style":"default","site-sidebar-style":"default","ast-global-header-display":"","ast-banner-title-visibility":"","ast-main-header-display":"","ast-hfb-above-header-display":"","ast-hfb-below-header-display":"","ast-hfb-mobile-header-display":"","site-post-title":"","ast-breadcrumbs-content":"","ast-featured-img":"","footer-sml-layout":"","theme-transparent-header-meta":"default","adv-header-id-meta":"","stick-header-meta":"default","header-above-stick-meta":"","header-main-stick-meta":"","header-below-stick-meta":"","astra-migrate-meta-layouts":"set","ast-page-background-enabled":"default","ast-page-background-meta":{"desktop":{"background-color":"var(--ast-global-color-4)","background-image":"","background-repeat":"repeat","background-position":"center center","background-size":"auto","background-attachment":"scroll","background-type":"","background-media":"","overlay-type":"","overlay-color":"","overlay-opacity":"","overlay-gradient":""},"tablet":{"background-color":"","background-image":"","background-repeat":"repeat","background-position":"center center","background-size":"auto","background-attachment":"scroll","background-type":"","background-media":"","overlay-type":"","overlay-color":"","overlay-opacity":"","overlay-gradient":""},"mobile":{"background-color":"","background-image":"","background-repeat":"repeat","background-position":"center center","background-size":"auto","background-attachment":"scroll","background-type":"","background-media":"","overlay-type":"","overlay-color":"","overlay-opacity":"","overlay-gradient":""}},"ast-content-background-meta":{"desktop":{"background-color":"var(--ast-global-color-5)","background-image":"","background-repeat":"repeat","background-position":"center center","background-size":"auto","background-attachment":"scroll","background-type":"","background-media":"","overlay-type":"","overlay-color":"","overlay-opacity":"","overlay-gradient":""},"tablet":{"background-color":"var(--ast-global-color-5)","background-image":"","background-repeat":"repeat","background-position":"center center","background-size":"auto","background-attachment":"scroll","background-type":"","background-media":"","overlay-type":"","overlay-color":"","overlay-opacity":"","overlay-gradient":""},"mobile":{"background-color":"var(--ast-global-color-5)","background-image":"","background-repeat":"repeat","background-position":"center center","background-size":"auto","background-attachment":"scroll","background-type":"","background-media":"","overlay-type":"","overlay-color":"","overlay-opacity":"","overlay-gradient":""}}},"tags":[],"products":[200,225],"class_list":["post-2892","product","type-product","status-publish","has-post-thumbnail","hentry","products-metal-foam","products-spherical-open-cell-al-foam"],"acf":[],"_links":{"self":[{"href":"https:\/\/oqitop.com\/de\/wp-json\/wp\/v2\/product\/2892","targetHints":{"allow":["GET"]}}],"collection":[{"href":"https:\/\/oqitop.com\/de\/wp-json\/wp\/v2\/product"}],"about":[{"href":"https:\/\/oqitop.com\/de\/wp-json\/wp\/v2\/types\/product"}],"wp:featuredmedia":[{"embeddable":true,"href":"https:\/\/oqitop.com\/de\/wp-json\/wp\/v2\/media\/2893"}],"wp:attachment":[{"href":"https:\/\/oqitop.com\/de\/wp-json\/wp\/v2\/media?parent=2892"}],"wp:term":[{"taxonomy":"post_tag","embeddable":true,"href":"https:\/\/oqitop.com\/de\/wp-json\/wp\/v2\/tags?post=2892"},{"taxonomy":"products","embeddable":true,"href":"https:\/\/oqitop.com\/de\/wp-json\/wp\/v2\/products?post=2892"}],"curies":[{"name":"wp","href":"https:\/\/api.w.org\/{rel}","templated":true}]}}