 {"id":3046,"date":"2025-12-10T14:12:32","date_gmt":"2025-12-10T06:12:32","guid":{"rendered":"https:\/\/oqitop.com\/?post_type=product&#038;p=3046"},"modified":"2026-01-13T11:06:59","modified_gmt":"2026-01-13T03:06:59","slug":"high-precision-filtering-accuracy-5um-80um-ss-metal-foam-stainless-steel-foam","status":"publish","type":"product","link":"https:\/\/oqitop.com\/de\/product\/high-precision-filtering-accuracy-5um-80um-ss-metal-foam-stainless-steel-foam\/","title":{"rendered":"High-Precision Filtering Accuracy 5um-80um (SS) Metal Foam Stainless Steel Foam"},"content":{"rendered":"<h3 class=\"ma-title\" style=\"text-align: center;\"><strong><span style=\"color: #ff0000;\">Filtering Accuracy 5um-80um (SS) Metal Foam Stainless Steel Foam<\/span>\u00a0<\/strong><\/h3>\n<p><iframe src=\"https:\/\/www.youtube.com\/embed\/NZ2Bn7GQ7jg?rel=0\" allowfullscreen=\"allowfullscreen\" data-mce-fragment=\"1\"><span data-mce-type=\"bookmark\" style=\"display: inline-block; width: 0px; overflow: hidden; line-height: 0;\" class=\"mce_SELRES_start\"><\/span><\/iframe><\/p>\n<p style=\"font-weight: 400;\"><b><strong>Einf\u00fchrung<\/strong><\/b><\/p>\n<p style=\"font-weight: 400;\"><b><strong><a href=\"https:\/\/oqitop.com\/de\/produkte\/metal-foam\/stainless-steel-foam\/\">Edelstahlschaum<\/a><\/strong><\/b>\u00a0Das gesch\u00e4umte Metall mit seinen Poren weist eine h\u00f6here Porosit\u00e4t und eine gr\u00f6\u00dfere Porengr\u00f6\u00dfe von bis zu 10 mm auf als das \u00fcblicherweise gesinterte por\u00f6se Metall. Da es sich bei Metallschaum um einen Zweiphasenverbundwerkstoff handelt, der aus einer kontinuierlichen Phase aus einem Metallmatrixger\u00fcst und einer dispergierten Phase aus Poren oder einer kontinuierlichen Phase besteht, h\u00e4ngen seine Eigenschaften von der verwendeten Metallmatrix, der Porosit\u00e4t und der Porenstruktur ab und werden durch den Herstellungsprozess beeinflusst.<\/p>\n<p style=\"font-weight: 400;\"><b><span style=\"font-style: inherit; font-weight: inherit;\">Spezifikationen<\/span><\/b><\/p>\n<table>\n<tbody>\n<tr>\n<td width=\"44.3600%\">Durchmesser<\/td>\n<td width=\"55.6200%\">\u04245\u2013\u0424300 (mm)<\/td>\n<\/tr>\n<tr>\n<td width=\"44.3600%\">Dicke<\/td>\n<td width=\"55.6200%\">0,5\u201310 mm<\/td>\n<\/tr>\n<tr>\n<td width=\"44.3600%\">Filtrationsgenauigkeit<\/td>\n<td width=\"55.6200%\">0,5\u201370 \u00b5m<\/td>\n<\/tr>\n<tr>\n<td width=\"44.3600%\">Material<\/td>\n<td width=\"55.6200%\">302 304 304L 321 316 316L 310S<\/td>\n<\/tr>\n<tr>\n<td width=\"44.3600%\">Porosit\u00e4t<\/td>\n<td width=\"55.6200%\">20\u201350 %<\/td>\n<\/tr>\n<tr>\n<td width=\"44.3600%\">Durchl\u00e4ssigkeit<\/td>\n<td width=\"55.6200%\">3\u20131300 m\u00b3\/m\u00b3 hkPa<\/td>\n<\/tr>\n<tr>\n<td width=\"44.3600%\">Druckfestigkeit<\/td>\n<td width=\"55.6200%\">3 MPa<\/td>\n<\/tr>\n<tr>\n<td width=\"44.3600%\">Temperaturbest\u00e4ndigkeit<\/td>\n<td width=\"55.6200%\">500 \u00b0C<\/td>\n<\/tr>\n<tr>\n<td width=\"44.3600%\">Maximaler Arbeitsdruck<\/td>\n<td width=\"55.6200%\">0,6 MPa<\/td>\n<\/tr>\n<tr>\n<td width=\"44.3600%\">Form<\/td>\n<td width=\"55.6200%\">Rechteck, Kreis, Rohr, Zylinder<\/td>\n<\/tr>\n<\/tbody>\n<\/table>\n<p><b style=\"font-style: inherit;\"><strong>Abmessung (Dicke* L\u00e4nge*Breite)<\/strong><\/b><\/p>\n<table>\n<tbody>\n<tr>\n<td width=\"201\">0,7 mm \u00d7 200 mm \u00d7 300 mm<\/td>\n<td width=\"193\">0,8 mm \u00d7 200 mm \u00d7 300 mm<\/td>\n<td width=\"198\">1,0 mm \u00d7 200 mm \u00d7 300 mm<\/td>\n<\/tr>\n<tr>\n<td width=\"201\">1,5 mm \u00d7 200 mm \u00d7 300 mm<\/td>\n<td width=\"193\">1,6 mm \u00d7 200 mm \u00d7 300 mm<\/td>\n<td width=\"198\">2,0 mm \u00d7 200 mm \u00d7 300 mm<\/td>\n<\/tr>\n<tr>\n<td width=\"201\">2,5 mm \u00d7 200 mm \u00d7 300 mm<\/td>\n<td width=\"193\">3,0 mm \u00d7 200 mm \u00d7 300 mm<\/td>\n<td width=\"198\"><span style=\"color: #ff0000;\"><b><strong>Die Gr\u00f6\u00dfe kann individuell angepasst werden.<\/strong><\/b><b><strong>zed<\/strong><\/b><\/span><\/td>\n<\/tr>\n<\/tbody>\n<\/table>\n<p><img fetchpriority=\"high\" decoding=\"async\" class=\"aligncenter size-full wp-image-3019\" src=\"https:\/\/oqitop.com\/wp-content\/uploads\/2025\/12\/11111-3.jpg\" alt=\"\" width=\"1024\" height=\"1024\" title=\"\" srcset=\"https:\/\/oqitop.com\/wp-content\/uploads\/2025\/12\/11111-3.jpg 1024w, https:\/\/oqitop.com\/wp-content\/uploads\/2025\/12\/11111-3-300x300.jpg 300w, https:\/\/oqitop.com\/wp-content\/uploads\/2025\/12\/11111-3-150x150.jpg 150w, https:\/\/oqitop.com\/wp-content\/uploads\/2025\/12\/11111-3-768x768.jpg 768w\" sizes=\"(max-width: 1024px) 100vw, 1024px\" \/><img decoding=\"async\" class=\"aligncenter size-full wp-image-3020\" src=\"https:\/\/oqitop.com\/wp-content\/uploads\/2025\/12\/22222-2.jpg\" alt=\"\" width=\"1024\" height=\"1024\" title=\"\" srcset=\"https:\/\/oqitop.com\/wp-content\/uploads\/2025\/12\/22222-2.jpg 1024w, https:\/\/oqitop.com\/wp-content\/uploads\/2025\/12\/22222-2-300x300.jpg 300w, https:\/\/oqitop.com\/wp-content\/uploads\/2025\/12\/22222-2-150x150.jpg 150w, https:\/\/oqitop.com\/wp-content\/uploads\/2025\/12\/22222-2-768x768.jpg 768w\" sizes=\"(max-width: 1024px) 100vw, 1024px\" \/><img decoding=\"async\" class=\"aligncenter size-full wp-image-3021\" src=\"https:\/\/oqitop.com\/wp-content\/uploads\/2025\/12\/33333-2.jpg\" alt=\"\" width=\"1024\" height=\"1024\" title=\"\" srcset=\"https:\/\/oqitop.com\/wp-content\/uploads\/2025\/12\/33333-2.jpg 1024w, https:\/\/oqitop.com\/wp-content\/uploads\/2025\/12\/33333-2-300x300.jpg 300w, https:\/\/oqitop.com\/wp-content\/uploads\/2025\/12\/33333-2-150x150.jpg 150w, https:\/\/oqitop.com\/wp-content\/uploads\/2025\/12\/33333-2-768x768.jpg 768w\" sizes=\"(max-width: 1024px) 100vw, 1024px\" \/><img loading=\"lazy\" decoding=\"async\" class=\"aligncenter size-full wp-image-3022\" src=\"https:\/\/oqitop.com\/wp-content\/uploads\/2025\/12\/44444.jpg\" alt=\"\" width=\"1024\" height=\"415\" title=\"\" srcset=\"https:\/\/oqitop.com\/wp-content\/uploads\/2025\/12\/44444.jpg 1024w, https:\/\/oqitop.com\/wp-content\/uploads\/2025\/12\/44444-300x122.jpg 300w, https:\/\/oqitop.com\/wp-content\/uploads\/2025\/12\/44444-768x311.jpg 768w\" sizes=\"(max-width: 1024px) 100vw, 1024px\" \/><img loading=\"lazy\" decoding=\"async\" class=\"aligncenter size-full wp-image-3023\" src=\"https:\/\/oqitop.com\/wp-content\/uploads\/2025\/12\/55555.jpg\" alt=\"\" width=\"1024\" height=\"677\" title=\"\" srcset=\"https:\/\/oqitop.com\/wp-content\/uploads\/2025\/12\/55555.jpg 1024w, https:\/\/oqitop.com\/wp-content\/uploads\/2025\/12\/55555-300x198.jpg 300w, https:\/\/oqitop.com\/wp-content\/uploads\/2025\/12\/55555-768x508.jpg 768w\" sizes=\"(max-width: 1024px) 100vw, 1024px\" \/><\/p>","protected":false},"featured_media":3047,"template":"","meta":{"_acf_changed":false,"site-sidebar-layout":"default","site-content-layout":"","ast-site-content-layout":"default","site-content-style":"default","site-sidebar-style":"default","ast-global-header-display":"","ast-banner-title-visibility":"","ast-main-header-display":"","ast-hfb-above-header-display":"","ast-hfb-below-header-display":"","ast-hfb-mobile-header-display":"","site-post-title":"","ast-breadcrumbs-content":"","ast-featured-img":"","footer-sml-layout":"","theme-transparent-header-meta":"default","adv-header-id-meta":"","stick-header-meta":"default","header-above-stick-meta":"","header-main-stick-meta":"","header-below-stick-meta":"","astra-migrate-meta-layouts":"set","ast-page-background-enabled":"default","ast-page-background-meta":{"desktop":{"background-color":"var(--ast-global-color-4)","background-image":"","background-repeat":"repeat","background-position":"center center","background-size":"auto","background-attachment":"scroll","background-type":"","background-media":"","overlay-type":"","overlay-color":"","overlay-opacity":"","overlay-gradient":""},"tablet":{"background-color":"","background-image":"","background-repeat":"repeat","background-position":"center center","background-size":"auto","background-attachment":"scroll","background-type":"","background-media":"","overlay-type":"","overlay-color":"","overlay-opacity":"","overlay-gradient":""},"mobile":{"background-color":"","background-image":"","background-repeat":"repeat","background-position":"center center","background-size":"auto","background-attachment":"scroll","background-type":"","background-media":"","overlay-type":"","overlay-color":"","overlay-opacity":"","overlay-gradient":""}},"ast-content-background-meta":{"desktop":{"background-color":"var(--ast-global-color-5)","background-image":"","background-repeat":"repeat","background-position":"center center","background-size":"auto","background-attachment":"scroll","background-type":"","background-media":"","overlay-type":"","overlay-color":"","overlay-opacity":"","overlay-gradient":""},"tablet":{"background-color":"var(--ast-global-color-5)","background-image":"","background-repeat":"repeat","background-position":"center center","background-size":"auto","background-attachment":"scroll","background-type":"","background-media":"","overlay-type":"","overlay-color":"","overlay-opacity":"","overlay-gradient":""},"mobile":{"background-color":"var(--ast-global-color-5)","background-image":"","background-repeat":"repeat","background-position":"center center","background-size":"auto","background-attachment":"scroll","background-type":"","background-media":"","overlay-type":"","overlay-color":"","overlay-opacity":"","overlay-gradient":""}}},"tags":[],"products":[200,206],"class_list":["post-3046","product","type-product","status-publish","has-post-thumbnail","hentry","products-metal-foam","products-stainless-steel-foam"],"acf":[],"_links":{"self":[{"href":"https:\/\/oqitop.com\/de\/wp-json\/wp\/v2\/product\/3046","targetHints":{"allow":["GET"]}}],"collection":[{"href":"https:\/\/oqitop.com\/de\/wp-json\/wp\/v2\/product"}],"about":[{"href":"https:\/\/oqitop.com\/de\/wp-json\/wp\/v2\/types\/product"}],"wp:featuredmedia":[{"embeddable":true,"href":"https:\/\/oqitop.com\/de\/wp-json\/wp\/v2\/media\/3047"}],"wp:attachment":[{"href":"https:\/\/oqitop.com\/de\/wp-json\/wp\/v2\/media?parent=3046"}],"wp:term":[{"taxonomy":"post_tag","embeddable":true,"href":"https:\/\/oqitop.com\/de\/wp-json\/wp\/v2\/tags?post=3046"},{"taxonomy":"products","embeddable":true,"href":"https:\/\/oqitop.com\/de\/wp-json\/wp\/v2\/products?post=3046"}],"curies":[{"name":"wp","href":"https:\/\/api.w.org\/{rel}","templated":true}]}}