 {"id":3120,"date":"2025-12-10T20:29:00","date_gmt":"2025-12-10T12:29:00","guid":{"rendered":"https:\/\/oqitop.com\/?post_type=product&#038;p=3120"},"modified":"2026-01-13T11:32:03","modified_gmt":"2026-01-13T03:32:03","slug":"0-016-mm-offnung-netzformige-preisgunstige-kohlenstoffschaum-batterie","status":"publish","type":"product","link":"https:\/\/oqitop.com\/de\/product\/0-016-mm-offnung-netzformige-preisgunstige-kohlenstoffschaum-batterie\/","title":{"rendered":"0,01 bis 6 mm \u00d6ffnung, netzf\u00f6rmig, kosteng\u00fcnstige Kohlenstoffschaumbatterie"},"content":{"rendered":"<h3 style=\"text-align: center;\"><span style=\"color: #ff0000;\">0,01 bis 6 mm \u00d6ffnung, netzf\u00f6rmig, kosteng\u00fcnstige Kohlenstoffschaumbatterie<\/span><\/h3>\n<p><iframe src=\"https:\/\/www.youtube.com\/embed\/O1l8d5xC2Mo?rel=0\" allowfullscreen=\"allowfullscreen\" data-mce-fragment=\"1\"><span data-mce-type=\"bookmark\" style=\"display: inline-block; width: 0px; overflow: hidden; line-height: 0;\" class=\"mce_SELRES_start\"><\/span><\/iframe><\/p>\n<h3 style=\"font-weight: 500;\"><b><strong>Charakteristik<\/strong><\/b><\/h3>\n<p style=\"font-weight: 400;\">Zus\u00e4tzlich zu den herk\u00f6mmlichen Eigenschaften von Kohlenstoffmaterialien,\u00a0<a href=\"https:\/\/oqitop.com\/de\/produkte\/metal-foam\/carbon-foam\/\"><b><strong>Kohlefaserschaum<\/strong><\/b><\/a>\u00a0hat au\u00dferdem die Eigenschaften einer geringen Dichte, hoher Festigkeit, Temperaturwechselbest\u00e4ndigkeit, einfacher Verarbeitung und guter physikalischer und chemischer Eigenschaften wie elektrische Leitf\u00e4higkeit, W\u00e4rmeleitf\u00e4higkeit und Wellenabsorption.<br \/>\n1. Geringe Dichte, hohe Festigkeit<br \/>\n2. Es kann zu Materialien mit hoher oder niedriger W\u00e4rmeleitf\u00e4higkeit verarbeitet werden.<br \/>\n3. Es hat eine gute Temperaturwechselbest\u00e4ndigkeit und kann dem Schock pl\u00f6tzlicher Temperatur\u00e4nderungen standhalten.<\/p>\n<p style=\"font-weight: 400;\">\u00a0 \u00a0 1250 \u00b0C<br \/>\n4. Hohe Temperatur- und Korrosionsbest\u00e4ndigkeit<br \/>\n5. Die Porengr\u00f6\u00dfe kann entsprechend den Anforderungen des Kunden gesch\u00e4umt werden.<\/p>\n<p style=\"font-weight: 400;\"><b><strong>Technische Indikatoren<\/strong><\/b><\/p>\n<table>\n<tbody>\n<tr>\n<td width=\"53.8800%\">Dicke<\/td>\n<td width=\"46.1000%\">0,1\u201325 mm<\/td>\n<\/tr>\n<tr>\n<td width=\"53.8800%\">Porengr\u00f6\u00dfe (PPI)<\/td>\n<td width=\"46.1000%\">15\/20\/30\/50\/90\/100<\/td>\n<\/tr>\n<tr>\n<td width=\"53.8800%\">Reinheit (%)<\/td>\n<td width=\"46.1000%\">99.99<\/td>\n<\/tr>\n<tr>\n<td width=\"53.8800%\">Porosit\u00e4t (%)<\/td>\n<td width=\"46.1000%\">50-98<\/td>\n<\/tr>\n<tr>\n<td width=\"53.8800%\">Oberfl\u00e4chendichte (g\/m\u00b2)<sup>2<\/sup>)<\/td>\n<td width=\"46.1000%\">280-3000<\/td>\n<\/tr>\n<tr>\n<td width=\"53.8800%\">Gr\u00f6\u00dfe (mm)<\/td>\n<td width=\"46.1000%\">10\u00d710, 50\u00d750, 100\u00d7100, 200\u00d7200,<\/p>\n<p>Kann individuell angepasst werden<\/td>\n<\/tr>\n<tr>\n<td width=\"53.8800%\">Dichte (g\/cm3)<\/td>\n<td width=\"46.1000%\">0.2~1.0<\/td>\n<\/tr>\n<tr>\n<td width=\"53.8800%\">Druckfestigkeit (Mpa)<\/td>\n<td width=\"46.1000%\">8~12<\/td>\n<\/tr>\n<tr>\n<td width=\"53.8800%\">Zugmodul (Mpa)<\/td>\n<td width=\"46.1000%\">300~500<\/td>\n<\/tr>\n<tr>\n<td width=\"53.8800%\">W\u00e4rmeausdehnungskoeffizient (ppm\/\u2103)<\/td>\n<td width=\"46.1000%\">5.0<\/td>\n<\/tr>\n<tr>\n<td width=\"53.8800%\">W\u00e4rmeleitf\u00e4higkeit (W\/m.k)<\/td>\n<td width=\"46.1000%\">25~80<\/td>\n<\/tr>\n<tr>\n<td width=\"53.8800%\">Widerstandsf\u00e4higkeit (\u03a9\u00b7m)<\/td>\n<td width=\"46.1000%\">1,0 \u00d7 10<sup>-2<\/sup>~10<sup>-5<\/sup><\/td>\n<\/tr>\n<tr>\n<td width=\"53.8800%\">Maximale Betriebstemperatur<\/td>\n<td width=\"46.1000%\">600 \u00b0C (in Luft)<\/p>\n<p>3000 \u00b0C (in Inertgas)<\/td>\n<\/tr>\n<\/tbody>\n<\/table>\n<p style=\"font-style: inherit; font-weight: 500;\"><b><strong>Abmessungen<\/strong><\/b><\/p>\n<table>\n<tbody>\n<tr>\n<td>0,5 mm \u00d7 100 mm \u00d7 100 mm<\/td>\n<td>0,6 mm \u00d7 100 mm \u00d7 100 mm<\/td>\n<td>0,7 mm \u00d7 100 mm \u00d7 100 mm<\/td>\n<\/tr>\n<tr>\n<td>0,8 mm \u00d7 100 mm \u00d7 100 mm<\/td>\n<td>0,9 mm \u00d7 100 mm \u00d7 100 mm<\/td>\n<td>1,0 mm \u00d7 100 mm \u00d7 100 mm<\/td>\n<\/tr>\n<tr>\n<td>1,2 mm \u00d7 100 mm \u00d7 100 mm<\/td>\n<td>1,5 mm \u00d7 100 mm \u00d7 100 mm<\/td>\n<td>2,0 mm \u00d7 100 mm \u00d7 100 mm<\/td>\n<\/tr>\n<tr>\n<td>2,5 mm \u00d7 100 mm \u00d7 100 mm<\/td>\n<td>3,0 mm \u00d7 100 mm \u00d7 100 mm<\/td>\n<td><span style=\"color: #ff0000;\"><b><strong>Die Gr\u00f6\u00dfe kann individuell angepasst werden.<\/strong><\/b><\/span><\/td>\n<\/tr>\n<\/tbody>\n<\/table>\n<p><b><strong>Um verschiedene Metallsch\u00e4ume anzupassen, klicken Sie bitte auf das Bild unten f\u00fcr weitere Details:<\/strong><\/b><\/p>\n<table>\n<tbody>\n<tr>\n<td>&nbsp;<\/p>\n<figure id=\"attachment_2567\" class=\"wp-caption aligncenter\" aria-describedby=\"caption-attachment-2567\"><a href=\"https:\/\/oqitop.com\/de\/produkte\/metal-foam\/copper-foam\/\"><img decoding=\"async\" class=\"wp-image-2567 size-thumbnail\" title=\"Hochleitf\u00e4higer Nickelschaum f\u00fcr die Forschung an Batterieelektroden 1\" src=\"https:\/\/oqitop.com\/wp-content\/uploads\/2025\/12\/Copper-Foam-150x150.jpg\" sizes=\"(max-width: 150px) 100vw, 150px\" srcset=\"https:\/\/oqitop.com\/wp-content\/uploads\/2025\/12\/Copper-Foam-150x150.jpg 150w, https:\/\/oqitop.com\/wp-content\/uploads\/2025\/12\/Copper-Foam-300x300.jpg 300w, https:\/\/oqitop.com\/wp-content\/uploads\/2025\/12\/Copper-Foam.jpg 600w\" alt=\"\" width=\"150\" height=\"150\" \/><\/a><figcaption id=\"caption-attachment-2567\" class=\"wp-caption-text\"><a href=\"https:\/\/oqitop.com\/de\/produkte\/metal-foam\/copper-foam\/\">Kupferschaum<\/a><\/figcaption><\/figure>\n<\/td>\n<td>&nbsp;<\/p>\n<figure id=\"attachment_2568\" class=\"wp-caption aligncenter\" aria-describedby=\"caption-attachment-2568\"><a href=\"https:\/\/oqitop.com\/de\/produkte\/metal-foam\/nickel-foam\/\"><img decoding=\"async\" class=\"wp-image-2568 size-thumbnail\" title=\"Hochleitf\u00e4higer Nickelschaum f\u00fcr die Forschung an Batterieelektroden 2\" src=\"https:\/\/oqitop.com\/wp-content\/uploads\/2025\/12\/Nickel-Foam-150x150.png\" sizes=\"(max-width: 150px) 100vw, 150px\" srcset=\"https:\/\/oqitop.com\/wp-content\/uploads\/2025\/12\/Nickel-Foam-150x150.png 150w, https:\/\/oqitop.com\/wp-content\/uploads\/2025\/12\/Nickel-Foam-300x300.png 300w, https:\/\/oqitop.com\/wp-content\/uploads\/2025\/12\/Nickel-Foam.png 500w\" alt=\"\" width=\"150\" height=\"150\" \/><\/a><figcaption id=\"caption-attachment-2568\" class=\"wp-caption-text\"><a href=\"https:\/\/oqitop.com\/de\/produkte\/metal-foam\/nickel-foam\/\">Nickelschaum<\/a><\/figcaption><\/figure>\n<\/td>\n<td>&nbsp;<\/p>\n<figure id=\"attachment_2569\" class=\"wp-caption aligncenter\" aria-describedby=\"caption-attachment-2569\"><a href=\"https:\/\/oqitop.com\/de\/produkte\/metal-foam\/titanium-foam\/\"><img decoding=\"async\" class=\"wp-image-2569 size-thumbnail\" title=\"Hochleitf\u00e4higer Nickelschaum f\u00fcr die Forschung an Batterieelektroden 3\" src=\"https:\/\/oqitop.com\/wp-content\/uploads\/2025\/12\/Ti-Foam-150x150.png\" sizes=\"(max-width: 150px) 100vw, 150px\" srcset=\"https:\/\/oqitop.com\/wp-content\/uploads\/2025\/12\/Ti-Foam-150x150.png 150w, https:\/\/oqitop.com\/wp-content\/uploads\/2025\/12\/Ti-Foam-300x300.png 300w, https:\/\/oqitop.com\/wp-content\/uploads\/2025\/12\/Ti-Foam.png 500w\" alt=\"\" width=\"150\" height=\"150\" \/><\/a><figcaption id=\"caption-attachment-2569\" class=\"wp-caption-text\"><a href=\"https:\/\/oqitop.com\/de\/produkte\/metal-foam\/titanium-foam\/\">Ti-Schaumstoff<\/a><\/figcaption><\/figure>\n<\/td>\n<td>&nbsp;<\/p>\n<figure id=\"attachment_2571\" class=\"wp-caption aligncenter\" aria-describedby=\"caption-attachment-2571\"><a href=\"https:\/\/oqitop.com\/de\/produkte\/metal-foam\/aluminiumschaum\/\"><img loading=\"lazy\" decoding=\"async\" class=\"wp-image-2571 size-thumbnail\" title=\"Hochleitf\u00e4higer Nickelschaum f\u00fcr die Forschung an Batterieelektroden 4\" src=\"https:\/\/oqitop.com\/wp-content\/uploads\/2025\/12\/Aluminum-Foam-1-150x150.png\" sizes=\"(max-width: 150px) 100vw, 150px\" srcset=\"https:\/\/oqitop.com\/wp-content\/uploads\/2025\/12\/Aluminum-Foam-1-150x150.png 150w, https:\/\/oqitop.com\/wp-content\/uploads\/2025\/12\/Aluminum-Foam-1-300x300.png 300w, https:\/\/oqitop.com\/wp-content\/uploads\/2025\/12\/Aluminum-Foam-1.png 529w\" alt=\"\" width=\"150\" height=\"150\" \/><\/a><figcaption id=\"caption-attachment-2571\" class=\"wp-caption-text\"><a href=\"https:\/\/oqitop.com\/de\/produkte\/metal-foam\/aluminiumschaum\/\">Aluminiumschaum<\/a><\/figcaption><\/figure>\n<\/td>\n<\/tr>\n<tr>\n<td>&nbsp;<\/p>\n<figure id=\"attachment_2572\" class=\"wp-caption aligncenter\" aria-describedby=\"caption-attachment-2572\"><a href=\"https:\/\/oqitop.com\/de\/produkte\/metal-foam\/iron-nickel-foam\/\"><img loading=\"lazy\" decoding=\"async\" class=\"wp-image-2572 size-thumbnail\" title=\"Hochleitf\u00e4higer Nickelschaum f\u00fcr die Forschung an Batterieelektroden 5\" src=\"https:\/\/oqitop.com\/wp-content\/uploads\/2025\/12\/Iron-Nickel-Foam-150x150.jpg\" sizes=\"(max-width: 150px) 100vw, 150px\" srcset=\"https:\/\/oqitop.com\/wp-content\/uploads\/2025\/12\/Iron-Nickel-Foam-150x150.jpg 150w, https:\/\/oqitop.com\/wp-content\/uploads\/2025\/12\/Iron-Nickel-Foam-300x300.jpg 300w, https:\/\/oqitop.com\/wp-content\/uploads\/2025\/12\/Iron-Nickel-Foam.jpg 720w\" alt=\"\" width=\"150\" height=\"150\" \/><\/a><figcaption id=\"caption-attachment-2572\" class=\"wp-caption-text\"><a href=\"https:\/\/oqitop.com\/de\/produkte\/metal-foam\/iron-nickel-foam\/\">Eisen-Nickel-Schaum<\/a><\/figcaption><\/figure>\n<\/td>\n<td>&nbsp;<\/p>\n<figure id=\"attachment_2573\" class=\"wp-caption aligncenter\" aria-describedby=\"caption-attachment-2573\"><a href=\"https:\/\/oqitop.com\/de\/produkte\/metal-foam\/carbon-foam\/\"><img loading=\"lazy\" decoding=\"async\" class=\"wp-image-2573 size-thumbnail\" title=\"Hochleitf\u00e4higer Nickelschaum f\u00fcr die Forschung an Batterieelektroden 6\" src=\"https:\/\/oqitop.com\/wp-content\/uploads\/2025\/12\/Carbon-Foam-150x150.png\" sizes=\"(max-width: 150px) 100vw, 150px\" srcset=\"https:\/\/oqitop.com\/wp-content\/uploads\/2025\/12\/Carbon-Foam-150x150.png 150w, https:\/\/oqitop.com\/wp-content\/uploads\/2025\/12\/Carbon-Foam-300x300.png 300w, https:\/\/oqitop.com\/wp-content\/uploads\/2025\/12\/Carbon-Foam-768x768.png 768w, https:\/\/oqitop.com\/wp-content\/uploads\/2025\/12\/Carbon-Foam.png 1000w\" alt=\"\" width=\"150\" height=\"150\" \/><\/a><figcaption id=\"caption-attachment-2573\" class=\"wp-caption-text\"><a href=\"https:\/\/oqitop.com\/de\/produkte\/metal-foam\/carbon-foam\/\">Kohlenstoffschaum<\/a><\/figcaption><\/figure>\n<\/td>\n<td>&nbsp;<\/p>\n<figure id=\"attachment_2574\" class=\"wp-caption aligncenter\" aria-describedby=\"caption-attachment-2574\"><a href=\"https:\/\/oqitop.com\/de\/produkte\/metal-foam\/silver-foam\/\"><img loading=\"lazy\" decoding=\"async\" class=\"wp-image-2574 size-thumbnail\" title=\"Hochleitf\u00e4higer Nickelschaum f\u00fcr die Forschung an Batterieelektroden 7\" src=\"https:\/\/oqitop.com\/wp-content\/uploads\/2025\/12\/Silver-Foam-150x150.jpg\" sizes=\"(max-width: 150px) 100vw, 150px\" srcset=\"https:\/\/oqitop.com\/wp-content\/uploads\/2025\/12\/Silver-Foam-150x150.jpg 150w, https:\/\/oqitop.com\/wp-content\/uploads\/2025\/12\/Silver-Foam-300x300.jpg 300w, https:\/\/oqitop.com\/wp-content\/uploads\/2025\/12\/Silver-Foam.jpg 726w\" alt=\"\" width=\"150\" height=\"150\" \/><\/a><figcaption id=\"caption-attachment-2574\" class=\"wp-caption-text\"><a href=\"https:\/\/oqitop.com\/de\/produkte\/metal-foam\/silver-foam\/\">Silberner Schaum<\/a><\/figcaption><\/figure>\n<\/td>\n<td>&nbsp;<\/p>\n<figure id=\"attachment_2575\" class=\"wp-caption aligncenter\" aria-describedby=\"caption-attachment-2575\"><a href=\"https:\/\/oqitop.com\/de\/produkte\/metal-foam\/cobalt-foamhttps%3a\/\/oqitop.com\/produkte\/metal-foam\/cobalt-foam\/\"><img loading=\"lazy\" decoding=\"async\" class=\"wp-image-2575 size-thumbnail\" title=\"Hochleitf\u00e4higer Nickelschaum f\u00fcr die Forschung an Batterieelektroden 8\" src=\"https:\/\/oqitop.com\/wp-content\/uploads\/2025\/12\/Cobalt-Foam-150x150.jpg\" sizes=\"(max-width: 150px) 100vw, 150px\" srcset=\"https:\/\/oqitop.com\/wp-content\/uploads\/2025\/12\/Cobalt-Foam-150x150.jpg 150w, https:\/\/oqitop.com\/wp-content\/uploads\/2025\/12\/Cobalt-Foam-300x300.jpg 300w, https:\/\/oqitop.com\/wp-content\/uploads\/2025\/12\/Cobalt-Foam-768x768.jpg 768w, https:\/\/oqitop.com\/wp-content\/uploads\/2025\/12\/Cobalt-Foam.jpg 800w\" alt=\"\" width=\"150\" height=\"150\" \/><\/a><figcaption id=\"caption-attachment-2575\" class=\"wp-caption-text\"><a href=\"https:\/\/oqitop.com\/de\/produkte\/metal-foam\/cobalt-foam\/\">Kobalt-Schaumstoff<\/a><\/figcaption><\/figure>\n<\/td>\n<\/tr>\n<\/tbody>\n<\/table>\n<p><a href=\"https:\/\/oqitop.com\/de\/produkte\/metal-foam\/carbon-foam\/\"><img loading=\"lazy\" decoding=\"async\" class=\"aligncenter size-full wp-image-3101\" src=\"https:\/\/oqitop.com\/wp-content\/uploads\/2025\/12\/11111-1.png\" alt=\"\" width=\"1024\" height=\"480\" title=\"\" srcset=\"https:\/\/oqitop.com\/wp-content\/uploads\/2025\/12\/11111-1.png 1024w, https:\/\/oqitop.com\/wp-content\/uploads\/2025\/12\/11111-1-300x141.png 300w, https:\/\/oqitop.com\/wp-content\/uploads\/2025\/12\/11111-1-768x360.png 768w\" sizes=\"(max-width: 1024px) 100vw, 1024px\" \/><\/a><img loading=\"lazy\" decoding=\"async\" class=\"aligncenter size-full wp-image-3102\" src=\"https:\/\/oqitop.com\/wp-content\/uploads\/2025\/12\/222222.png\" alt=\"\" width=\"1024\" height=\"274\" title=\"\" srcset=\"https:\/\/oqitop.com\/wp-content\/uploads\/2025\/12\/222222.png 1024w, https:\/\/oqitop.com\/wp-content\/uploads\/2025\/12\/222222-300x80.png 300w, https:\/\/oqitop.com\/wp-content\/uploads\/2025\/12\/222222-768x206.png 768w\" sizes=\"(max-width: 1024px) 100vw, 1024px\" \/><img loading=\"lazy\" decoding=\"async\" class=\"aligncenter size-full wp-image-3103\" src=\"https:\/\/oqitop.com\/wp-content\/uploads\/2025\/12\/33333-3.jpg\" alt=\"\" width=\"1024\" height=\"727\" title=\"\" srcset=\"https:\/\/oqitop.com\/wp-content\/uploads\/2025\/12\/33333-3.jpg 1024w, https:\/\/oqitop.com\/wp-content\/uploads\/2025\/12\/33333-3-300x213.jpg 300w, https:\/\/oqitop.com\/wp-content\/uploads\/2025\/12\/33333-3-768x545.jpg 768w\" sizes=\"(max-width: 1024px) 100vw, 1024px\" \/><img loading=\"lazy\" decoding=\"async\" class=\"aligncenter size-full wp-image-3104\" src=\"https:\/\/oqitop.com\/wp-content\/uploads\/2025\/12\/55555-2.jpg\" alt=\"\" width=\"1024\" height=\"677\" title=\"\" srcset=\"https:\/\/oqitop.com\/wp-content\/uploads\/2025\/12\/55555-2.jpg 1024w, https:\/\/oqitop.com\/wp-content\/uploads\/2025\/12\/55555-2-300x198.jpg 300w, https:\/\/oqitop.com\/wp-content\/uploads\/2025\/12\/55555-2-768x508.jpg 768w\" sizes=\"(max-width: 1024px) 100vw, 1024px\" \/><\/p>","protected":false},"featured_media":3121,"template":"","meta":{"_acf_changed":false,"site-sidebar-layout":"default","site-content-layout":"","ast-site-content-layout":"default","site-content-style":"default","site-sidebar-style":"default","ast-global-header-display":"","ast-banner-title-visibility":"","ast-main-header-display":"","ast-hfb-above-header-display":"","ast-hfb-below-header-display":"","ast-hfb-mobile-header-display":"","site-post-title":"","ast-breadcrumbs-content":"","ast-featured-img":"","footer-sml-layout":"","theme-transparent-header-meta":"default","adv-header-id-meta":"","stick-header-meta":"default","header-above-stick-meta":"","header-main-stick-meta":"","header-below-stick-meta":"","astra-migrate-meta-layouts":"set","ast-page-background-enabled":"default","ast-page-background-meta":{"desktop":{"background-color":"var(--ast-global-color-4)","background-image":"","background-repeat":"repeat","background-position":"center center","background-size":"auto","background-attachment":"scroll","background-type":"","background-media":"","overlay-type":"","overlay-color":"","overlay-opacity":"","overlay-gradient":""},"tablet":{"background-color":"","background-image":"","background-repeat":"repeat","background-position":"center center","background-size":"auto","background-attachment":"scroll","background-type":"","background-media":"","overlay-type":"","overlay-color":"","overlay-opacity":"","overlay-gradient":""},"mobile":{"background-color":"","background-image":"","background-repeat":"repeat","background-position":"center center","background-size":"auto","background-attachment":"scroll","background-type":"","background-media":"","overlay-type":"","overlay-color":"","overlay-opacity":"","overlay-gradient":""}},"ast-content-background-meta":{"desktop":{"background-color":"var(--ast-global-color-5)","background-image":"","background-repeat":"repeat","background-position":"center center","background-size":"auto","background-attachment":"scroll","background-type":"","background-media":"","overlay-type":"","overlay-color":"","overlay-opacity":"","overlay-gradient":""},"tablet":{"background-color":"var(--ast-global-color-5)","background-image":"","background-repeat":"repeat","background-position":"center center","background-size":"auto","background-attachment":"scroll","background-type":"","background-media":"","overlay-type":"","overlay-color":"","overlay-opacity":"","overlay-gradient":""},"mobile":{"background-color":"var(--ast-global-color-5)","background-image":"","background-repeat":"repeat","background-position":"center center","background-size":"auto","background-attachment":"scroll","background-type":"","background-media":"","overlay-type":"","overlay-color":"","overlay-opacity":"","overlay-gradient":""}}},"tags":[],"products":[208,200],"class_list":["post-3120","product","type-product","status-publish","has-post-thumbnail","hentry","products-carbon-foam","products-metal-foam"],"acf":[],"_links":{"self":[{"href":"https:\/\/oqitop.com\/de\/wp-json\/wp\/v2\/product\/3120","targetHints":{"allow":["GET"]}}],"collection":[{"href":"https:\/\/oqitop.com\/de\/wp-json\/wp\/v2\/product"}],"about":[{"href":"https:\/\/oqitop.com\/de\/wp-json\/wp\/v2\/types\/product"}],"wp:featuredmedia":[{"embeddable":true,"href":"https:\/\/oqitop.com\/de\/wp-json\/wp\/v2\/media\/3121"}],"wp:attachment":[{"href":"https:\/\/oqitop.com\/de\/wp-json\/wp\/v2\/media?parent=3120"}],"wp:term":[{"taxonomy":"post_tag","embeddable":true,"href":"https:\/\/oqitop.com\/de\/wp-json\/wp\/v2\/tags?post=3120"},{"taxonomy":"products","embeddable":true,"href":"https:\/\/oqitop.com\/de\/wp-json\/wp\/v2\/products?post=3120"}],"curies":[{"name":"wp","href":"https:\/\/api.w.org\/{rel}","templated":true}]}}