 {"id":3230,"date":"2025-12-11T14:29:19","date_gmt":"2025-12-11T06:29:19","guid":{"rendered":"https:\/\/oqitop.com\/?post_type=product&#038;p=3230"},"modified":"2026-01-13T16:21:31","modified_gmt":"2026-01-13T08:21:31","slug":"grose-anpassbar-nickel-kupfer-schaumlegierung-metallschaumplatte","status":"publish","type":"product","link":"https:\/\/oqitop.com\/de\/product\/grose-anpassbar-nickel-kupfer-schaumlegierung-metallschaumplatte\/","title":{"rendered":"Anpassbare Gr\u00f6\u00dfe Nickel-Kupfer-Schaumstofflegierung Metallschaumplatte"},"content":{"rendered":"<h3 style=\"text-align: center;\"><span style=\"color: #ff0000;\">Anpassbare Gr\u00f6\u00dfe Nickel-Kupfer-Schaumstofflegierung Metallschaumplatte<\/span><\/h3>\n<p><iframe src=\"https:\/\/www.youtube.com\/embed\/d0RviiZn49s?rel=0\" allowfullscreen=\"allowfullscreen\" data-mce-fragment=\"1\"><span data-mce-type=\"bookmark\" style=\"display: inline-block; width: 0px; overflow: hidden; line-height: 0;\" class=\"mce_SELRES_start\"><\/span><\/iframe><\/p>\n<p style=\"font-weight: 500;\"><span style=\"font-style: inherit; font-weight: inherit;\"><b><span style=\"font-weight: inherit;\">Funktionen<\/span><\/b><\/span><\/p>\n<p style=\"font-weight: 500;\"><span style=\"font-style: inherit; font-weight: inherit;\">*\u00a0<b><strong><a href=\"https:\/\/oqitop.com\/de\/produkte\/metal-foam\/nickel-copper-foam\/\">Nickel-Kupfer-Schaum\u00a0<\/a><\/strong><\/b>hat eine ausgezeichnete W\u00e4rmeleitf\u00e4higkeit und kann in gro\u00dfem Umfang f\u00fcr die W\u00e4rmeleitung und W\u00e4rmeabfuhr von Motoren, Elektroger\u00e4ten und elektronischen Bauteilen verwendet werden.<\/span><\/p>\n<p style=\"font-weight: 500;\"><span style=\"font-style: inherit; font-weight: inherit;\">* Nickel-Kupfer-Schaum hat eine ausgezeichnete elektrische Leitf\u00e4higkeit und rostet nicht.<\/span><\/p>\n<p style=\"font-weight: 500;\"><span style=\"font-style: inherit; font-weight: inherit;\">* Nickel-Kupfer-Schaum ist aufgrund seiner strukturellen Eigenschaften und seiner f\u00fcr den menschlichen K\u00f6rper unsch\u00e4dlichen Eigenschaften ein ausgezeichnetes medizinisches Filtermaterial und Wasserreinigungsfiltermaterial.<\/span><\/p>\n<p style=\"font-weight: 500;\"><span style=\"font-style: inherit; font-weight: inherit;\"><b><strong>Spezifikationen<\/strong><\/b><\/span><\/p>\n<table>\n<tbody>\n<tr>\n<td>Typ<\/td>\n<td>Offene Zelle<\/td>\n<\/tr>\n<tr>\n<td>Reinheit<\/td>\n<td>&gt; 97%<\/td>\n<\/tr>\n<tr>\n<td>Formular<\/td>\n<td>Bogen oder Rolle, je nach Gr\u00f6\u00dfe und Dicke<\/td>\n<\/tr>\n<tr>\n<td>Zellengr\u00f6\u00dfe (PPI)<\/td>\n<td>5\u2013150 PPI, je nach Wunsch<\/td>\n<\/tr>\n<tr>\n<td>Dicke<\/td>\n<td>Standard: 1\u201330 mm Extra d\u00fcnn (30 mm) kann auf Anfrage angepasst werden<\/td>\n<\/tr>\n<tr>\n<td>Gr\u00f6\u00dfe und Form<\/td>\n<td>kann auf Wunsch in verschiedenen Formen hergestellt werden<\/td>\n<\/tr>\n<tr>\n<td>Porosit\u00e4t<\/td>\n<td>50%-98%<\/td>\n<\/tr>\n<tr>\n<td>Offenzellrate<\/td>\n<td>\u226598%<\/td>\n<\/tr>\n<tr>\n<td>Volumendichte<\/td>\n<td>0,1-0,8g\/cm3, je nach Anfrage<\/td>\n<\/tr>\n<\/tbody>\n<\/table>\n<p style=\"font-weight: 500;\"><span style=\"font-style: inherit; font-weight: inherit;\"><b><strong>Abmessungen<\/strong><\/b><br \/>\n<\/span><\/p>\n<table>\n<tbody>\n<tr>\n<td width=\"202\">0,5 mm \u00d7 200 mm \u00d7 300 mm<\/td>\n<td width=\"212\">0,7 mm \u00d7 200 mm \u00d7 300 mm<\/td>\n<td width=\"185\">0,8 mm \u00d7 200 mm \u00d7 300 mm<\/td>\n<\/tr>\n<tr>\n<td width=\"202\">1 mm \u00d7 200 mm \u00d7 300 mm<\/td>\n<td width=\"212\">1,5 mm \u00d7 200 mm \u00d7 300 mm<\/td>\n<td width=\"185\">1,6 mm \u00d7 200 mm \u00d7 300 mm<\/td>\n<\/tr>\n<tr>\n<td width=\"202\">2 mm \u00d7 200 mm \u00d7 300 mm<\/td>\n<td width=\"212\">2,5 bis 3 mm \u00d7 200 mm \u00d7 300 mm<\/td>\n<td width=\"185\"><span style=\"color: #ff0000;\"><b><strong>Die Gr\u00f6\u00dfe kann individuell angepasst werden.<\/strong><\/b><\/span><\/td>\n<\/tr>\n<\/tbody>\n<\/table>\n<p><b><strong>Um verschiedene Metallsch\u00e4ume anzupassen, klicken Sie bitte auf das Bild unten f\u00fcr weitere Details:<\/strong><\/b><\/p>\n<table>\n<tbody>\n<tr>\n<td>&nbsp;<\/p>\n<figure id=\"attachment_2567\" class=\"wp-caption aligncenter\" aria-describedby=\"caption-attachment-2567\"><a href=\"https:\/\/oqitop.com\/de\/produkte\/metal-foam\/copper-foam\/\"><img decoding=\"async\" class=\"wp-image-2567 size-thumbnail\" title=\"Hochleitf\u00e4higer Nickelschaum f\u00fcr die Forschung an Batterieelektroden 1\" src=\"https:\/\/oqitop.com\/wp-content\/uploads\/2025\/12\/Copper-Foam-150x150.jpg\" sizes=\"(max-width: 150px) 100vw, 150px\" srcset=\"https:\/\/oqitop.com\/wp-content\/uploads\/2025\/12\/Copper-Foam-150x150.jpg 150w, https:\/\/oqitop.com\/wp-content\/uploads\/2025\/12\/Copper-Foam-300x300.jpg 300w, https:\/\/oqitop.com\/wp-content\/uploads\/2025\/12\/Copper-Foam.jpg 600w\" alt=\"\" width=\"150\" height=\"150\" \/><\/a><figcaption id=\"caption-attachment-2567\" class=\"wp-caption-text\"><a href=\"https:\/\/oqitop.com\/de\/produkte\/metal-foam\/copper-foam\/\">Kupferschaum<\/a><\/figcaption><\/figure>\n<\/td>\n<td>&nbsp;<\/p>\n<figure id=\"attachment_2568\" class=\"wp-caption aligncenter\" aria-describedby=\"caption-attachment-2568\"><a href=\"https:\/\/oqitop.com\/de\/produkte\/metal-foam\/nickel-foam\/\"><img decoding=\"async\" class=\"wp-image-2568 size-thumbnail\" title=\"Hochleitf\u00e4higer Nickelschaum f\u00fcr die Forschung an Batterieelektroden 2\" src=\"https:\/\/oqitop.com\/wp-content\/uploads\/2025\/12\/Nickel-Foam-150x150.png\" sizes=\"(max-width: 150px) 100vw, 150px\" srcset=\"https:\/\/oqitop.com\/wp-content\/uploads\/2025\/12\/Nickel-Foam-150x150.png 150w, https:\/\/oqitop.com\/wp-content\/uploads\/2025\/12\/Nickel-Foam-300x300.png 300w, https:\/\/oqitop.com\/wp-content\/uploads\/2025\/12\/Nickel-Foam.png 500w\" alt=\"\" width=\"150\" height=\"150\" \/><\/a><figcaption id=\"caption-attachment-2568\" class=\"wp-caption-text\"><a href=\"https:\/\/oqitop.com\/de\/produkte\/metal-foam\/nickel-foam\/\">Nickelschaum<\/a><\/figcaption><\/figure>\n<\/td>\n<td>&nbsp;<\/p>\n<figure id=\"attachment_2569\" class=\"wp-caption aligncenter\" aria-describedby=\"caption-attachment-2569\"><a href=\"https:\/\/oqitop.com\/de\/produkte\/metal-foam\/titanium-foam\/\"><img decoding=\"async\" class=\"wp-image-2569 size-thumbnail\" title=\"Hochleitf\u00e4higer Nickelschaum f\u00fcr die Forschung an Batterieelektroden 3\" src=\"https:\/\/oqitop.com\/wp-content\/uploads\/2025\/12\/Ti-Foam-150x150.png\" sizes=\"(max-width: 150px) 100vw, 150px\" srcset=\"https:\/\/oqitop.com\/wp-content\/uploads\/2025\/12\/Ti-Foam-150x150.png 150w, https:\/\/oqitop.com\/wp-content\/uploads\/2025\/12\/Ti-Foam-300x300.png 300w, https:\/\/oqitop.com\/wp-content\/uploads\/2025\/12\/Ti-Foam.png 500w\" alt=\"\" width=\"150\" height=\"150\" \/><\/a><figcaption id=\"caption-attachment-2569\" class=\"wp-caption-text\"><a href=\"https:\/\/oqitop.com\/de\/produkte\/metal-foam\/titanium-foam\/\">Ti-Schaumstoff<\/a><\/figcaption><\/figure>\n<\/td>\n<td>&nbsp;<\/p>\n<figure id=\"attachment_2571\" class=\"wp-caption aligncenter\" aria-describedby=\"caption-attachment-2571\"><a href=\"https:\/\/oqitop.com\/de\/produkte\/metal-foam\/aluminiumschaum\/\"><img loading=\"lazy\" decoding=\"async\" class=\"wp-image-2571 size-thumbnail\" title=\"Hochleitf\u00e4higer Nickelschaum f\u00fcr die Forschung an Batterieelektroden 4\" src=\"https:\/\/oqitop.com\/wp-content\/uploads\/2025\/12\/Aluminum-Foam-1-150x150.png\" sizes=\"(max-width: 150px) 100vw, 150px\" srcset=\"https:\/\/oqitop.com\/wp-content\/uploads\/2025\/12\/Aluminum-Foam-1-150x150.png 150w, https:\/\/oqitop.com\/wp-content\/uploads\/2025\/12\/Aluminum-Foam-1-300x300.png 300w, https:\/\/oqitop.com\/wp-content\/uploads\/2025\/12\/Aluminum-Foam-1.png 529w\" alt=\"\" width=\"150\" height=\"150\" \/><\/a><figcaption id=\"caption-attachment-2571\" class=\"wp-caption-text\"><a href=\"https:\/\/oqitop.com\/de\/produkte\/metal-foam\/aluminiumschaum\/\">Aluminiumschaum<\/a><\/figcaption><\/figure>\n<\/td>\n<\/tr>\n<tr>\n<td>&nbsp;<\/p>\n<figure id=\"attachment_2572\" class=\"wp-caption aligncenter\" aria-describedby=\"caption-attachment-2572\"><a href=\"https:\/\/oqitop.com\/de\/produkte\/metal-foam\/iron-nickel-foam\/\"><img loading=\"lazy\" decoding=\"async\" class=\"wp-image-2572 size-thumbnail\" title=\"Hochleitf\u00e4higer Nickelschaum f\u00fcr die Forschung an Batterieelektroden 5\" src=\"https:\/\/oqitop.com\/wp-content\/uploads\/2025\/12\/Iron-Nickel-Foam-150x150.jpg\" sizes=\"(max-width: 150px) 100vw, 150px\" srcset=\"https:\/\/oqitop.com\/wp-content\/uploads\/2025\/12\/Iron-Nickel-Foam-150x150.jpg 150w, https:\/\/oqitop.com\/wp-content\/uploads\/2025\/12\/Iron-Nickel-Foam-300x300.jpg 300w, https:\/\/oqitop.com\/wp-content\/uploads\/2025\/12\/Iron-Nickel-Foam.jpg 720w\" alt=\"\" width=\"150\" height=\"150\" \/><\/a><figcaption id=\"caption-attachment-2572\" class=\"wp-caption-text\"><a href=\"https:\/\/oqitop.com\/de\/produkte\/metal-foam\/iron-nickel-foam\/\">Eisen-Nickel-Schaum<\/a><\/figcaption><\/figure>\n<\/td>\n<td>&nbsp;<\/p>\n<figure id=\"attachment_2573\" class=\"wp-caption aligncenter\" aria-describedby=\"caption-attachment-2573\"><a href=\"https:\/\/oqitop.com\/de\/produkte\/metal-foam\/carbon-foam\/\"><img loading=\"lazy\" decoding=\"async\" class=\"wp-image-2573 size-thumbnail\" title=\"Hochleitf\u00e4higer Nickelschaum f\u00fcr die Forschung an Batterieelektroden 6\" src=\"https:\/\/oqitop.com\/wp-content\/uploads\/2025\/12\/Carbon-Foam-150x150.png\" sizes=\"(max-width: 150px) 100vw, 150px\" srcset=\"https:\/\/oqitop.com\/wp-content\/uploads\/2025\/12\/Carbon-Foam-150x150.png 150w, https:\/\/oqitop.com\/wp-content\/uploads\/2025\/12\/Carbon-Foam-300x300.png 300w, https:\/\/oqitop.com\/wp-content\/uploads\/2025\/12\/Carbon-Foam-768x768.png 768w, https:\/\/oqitop.com\/wp-content\/uploads\/2025\/12\/Carbon-Foam.png 1000w\" alt=\"\" width=\"150\" height=\"150\" \/><\/a><figcaption id=\"caption-attachment-2573\" class=\"wp-caption-text\"><a href=\"https:\/\/oqitop.com\/de\/produkte\/metal-foam\/carbon-foam\/\">Kohlenstoffschaum<\/a><\/figcaption><\/figure>\n<\/td>\n<td>&nbsp;<\/p>\n<figure id=\"attachment_2574\" class=\"wp-caption aligncenter\" aria-describedby=\"caption-attachment-2574\"><a href=\"https:\/\/oqitop.com\/de\/produkte\/metal-foam\/silver-foam\/\"><img loading=\"lazy\" decoding=\"async\" class=\"wp-image-2574 size-thumbnail\" title=\"Hochleitf\u00e4higer Nickelschaum f\u00fcr die Forschung an Batterieelektroden 7\" src=\"https:\/\/oqitop.com\/wp-content\/uploads\/2025\/12\/Silver-Foam-150x150.jpg\" sizes=\"(max-width: 150px) 100vw, 150px\" srcset=\"https:\/\/oqitop.com\/wp-content\/uploads\/2025\/12\/Silver-Foam-150x150.jpg 150w, https:\/\/oqitop.com\/wp-content\/uploads\/2025\/12\/Silver-Foam-300x300.jpg 300w, https:\/\/oqitop.com\/wp-content\/uploads\/2025\/12\/Silver-Foam.jpg 726w\" alt=\"\" width=\"150\" height=\"150\" \/><\/a><figcaption id=\"caption-attachment-2574\" class=\"wp-caption-text\"><a href=\"https:\/\/oqitop.com\/de\/produkte\/metal-foam\/silver-foam\/\">Silberner Schaum<\/a><\/figcaption><\/figure>\n<\/td>\n<td>&nbsp;<\/p>\n<figure id=\"attachment_2575\" class=\"wp-caption aligncenter\" aria-describedby=\"caption-attachment-2575\"><a href=\"https:\/\/oqitop.com\/de\/produkte\/metal-foam\/cobalt-foamhttps%3a\/\/oqitop.com\/produkte\/metal-foam\/cobalt-foam\/\"><img loading=\"lazy\" decoding=\"async\" class=\"wp-image-2575 size-thumbnail\" title=\"Hochleitf\u00e4higer Nickelschaum f\u00fcr die Forschung an Batterieelektroden 8\" src=\"https:\/\/oqitop.com\/wp-content\/uploads\/2025\/12\/Cobalt-Foam-150x150.jpg\" sizes=\"(max-width: 150px) 100vw, 150px\" srcset=\"https:\/\/oqitop.com\/wp-content\/uploads\/2025\/12\/Cobalt-Foam-150x150.jpg 150w, https:\/\/oqitop.com\/wp-content\/uploads\/2025\/12\/Cobalt-Foam-300x300.jpg 300w, https:\/\/oqitop.com\/wp-content\/uploads\/2025\/12\/Cobalt-Foam-768x768.jpg 768w, https:\/\/oqitop.com\/wp-content\/uploads\/2025\/12\/Cobalt-Foam.jpg 800w\" alt=\"\" width=\"150\" height=\"150\" \/><\/a><figcaption id=\"caption-attachment-2575\" class=\"wp-caption-text\"><a href=\"https:\/\/oqitop.com\/de\/produkte\/metal-foam\/cobalt-foam\/\">Kobalt-Schaumstoff<\/a><\/figcaption><\/figure>\n<\/td>\n<\/tr>\n<\/tbody>\n<\/table>\n<p class=\"table-responsive\" style=\"text-align: center;\"><span style=\"color: #ff0000;\"><strong>Wir liefern eine Vielzahl von Speziallegierungsschaumprodukten und k\u00f6nnen diese nach Kundenspezifikationen anpassen.<img loading=\"lazy\" decoding=\"async\" class=\"aligncenter size-full wp-image-3221\" src=\"https:\/\/oqitop.com\/wp-content\/uploads\/2025\/12\/11111-4.jpg\" alt=\"\" width=\"1024\" height=\"476\" title=\"\" srcset=\"https:\/\/oqitop.com\/wp-content\/uploads\/2025\/12\/11111-4.jpg 1024w, https:\/\/oqitop.com\/wp-content\/uploads\/2025\/12\/11111-4-300x139.jpg 300w, https:\/\/oqitop.com\/wp-content\/uploads\/2025\/12\/11111-4-768x357.jpg 768w\" sizes=\"(max-width: 1024px) 100vw, 1024px\" \/><img loading=\"lazy\" decoding=\"async\" class=\"aligncenter size-full wp-image-3222\" src=\"https:\/\/oqitop.com\/wp-content\/uploads\/2025\/12\/22222.png\" alt=\"\" width=\"1024\" height=\"746\" title=\"\" srcset=\"https:\/\/oqitop.com\/wp-content\/uploads\/2025\/12\/22222.png 1024w, https:\/\/oqitop.com\/wp-content\/uploads\/2025\/12\/22222-300x219.png 300w, https:\/\/oqitop.com\/wp-content\/uploads\/2025\/12\/22222-768x560.png 768w\" sizes=\"(max-width: 1024px) 100vw, 1024px\" \/><img loading=\"lazy\" decoding=\"async\" class=\"aligncenter size-full wp-image-3223\" src=\"https:\/\/oqitop.com\/wp-content\/uploads\/2025\/12\/33333-5.jpg\" alt=\"\" width=\"1024\" height=\"636\" title=\"\" srcset=\"https:\/\/oqitop.com\/wp-content\/uploads\/2025\/12\/33333-5.jpg 1024w, https:\/\/oqitop.com\/wp-content\/uploads\/2025\/12\/33333-5-300x186.jpg 300w, https:\/\/oqitop.com\/wp-content\/uploads\/2025\/12\/33333-5-768x477.jpg 768w\" sizes=\"(max-width: 1024px) 100vw, 1024px\" \/><img loading=\"lazy\" decoding=\"async\" class=\"aligncenter size-full wp-image-3224\" src=\"https:\/\/oqitop.com\/wp-content\/uploads\/2025\/12\/55555-4.jpg\" alt=\"\" width=\"1024\" height=\"677\" title=\"\" srcset=\"https:\/\/oqitop.com\/wp-content\/uploads\/2025\/12\/55555-4.jpg 1024w, https:\/\/oqitop.com\/wp-content\/uploads\/2025\/12\/55555-4-300x198.jpg 300w, https:\/\/oqitop.com\/wp-content\/uploads\/2025\/12\/55555-4-768x508.jpg 768w\" sizes=\"(max-width: 1024px) 100vw, 1024px\" \/><\/strong><\/span><\/p>","protected":false},"featured_media":3231,"template":"","meta":{"_acf_changed":false,"site-sidebar-layout":"default","site-content-layout":"","ast-site-content-layout":"default","site-content-style":"default","site-sidebar-style":"default","ast-global-header-display":"","ast-banner-title-visibility":"","ast-main-header-display":"","ast-hfb-above-header-display":"","ast-hfb-below-header-display":"","ast-hfb-mobile-header-display":"","site-post-title":"","ast-breadcrumbs-content":"","ast-featured-img":"","footer-sml-layout":"","theme-transparent-header-meta":"default","adv-header-id-meta":"","stick-header-meta":"default","header-above-stick-meta":"","header-main-stick-meta":"","header-below-stick-meta":"","astra-migrate-meta-layouts":"set","ast-page-background-enabled":"default","ast-page-background-meta":{"desktop":{"background-color":"var(--ast-global-color-4)","background-image":"","background-repeat":"repeat","background-position":"center center","background-size":"auto","background-attachment":"scroll","background-type":"","background-media":"","overlay-type":"","overlay-color":"","overlay-opacity":"","overlay-gradient":""},"tablet":{"background-color":"","background-image":"","background-repeat":"repeat","background-position":"center center","background-size":"auto","background-attachment":"scroll","background-type":"","background-media":"","overlay-type":"","overlay-color":"","overlay-opacity":"","overlay-gradient":""},"mobile":{"background-color":"","background-image":"","background-repeat":"repeat","background-position":"center center","background-size":"auto","background-attachment":"scroll","background-type":"","background-media":"","overlay-type":"","overlay-color":"","overlay-opacity":"","overlay-gradient":""}},"ast-content-background-meta":{"desktop":{"background-color":"var(--ast-global-color-5)","background-image":"","background-repeat":"repeat","background-position":"center center","background-size":"auto","background-attachment":"scroll","background-type":"","background-media":"","overlay-type":"","overlay-color":"","overlay-opacity":"","overlay-gradient":""},"tablet":{"background-color":"var(--ast-global-color-5)","background-image":"","background-repeat":"repeat","background-position":"center center","background-size":"auto","background-attachment":"scroll","background-type":"","background-media":"","overlay-type":"","overlay-color":"","overlay-opacity":"","overlay-gradient":""},"mobile":{"background-color":"var(--ast-global-color-5)","background-image":"","background-repeat":"repeat","background-position":"center center","background-size":"auto","background-attachment":"scroll","background-type":"","background-media":"","overlay-type":"","overlay-color":"","overlay-opacity":"","overlay-gradient":""}}},"tags":[],"products":[200,210],"class_list":["post-3230","product","type-product","status-publish","has-post-thumbnail","hentry","products-metal-foam","products-nickel-copper-foam"],"acf":[],"_links":{"self":[{"href":"https:\/\/oqitop.com\/de\/wp-json\/wp\/v2\/product\/3230","targetHints":{"allow":["GET"]}}],"collection":[{"href":"https:\/\/oqitop.com\/de\/wp-json\/wp\/v2\/product"}],"about":[{"href":"https:\/\/oqitop.com\/de\/wp-json\/wp\/v2\/types\/product"}],"wp:featuredmedia":[{"embeddable":true,"href":"https:\/\/oqitop.com\/de\/wp-json\/wp\/v2\/media\/3231"}],"wp:attachment":[{"href":"https:\/\/oqitop.com\/de\/wp-json\/wp\/v2\/media?parent=3230"}],"wp:term":[{"taxonomy":"post_tag","embeddable":true,"href":"https:\/\/oqitop.com\/de\/wp-json\/wp\/v2\/tags?post=3230"},{"taxonomy":"products","embeddable":true,"href":"https:\/\/oqitop.com\/de\/wp-json\/wp\/v2\/products?post=3230"}],"curies":[{"name":"wp","href":"https:\/\/api.w.org\/{rel}","templated":true}]}}