 {"id":3290,"date":"2025-12-11T18:25:03","date_gmt":"2025-12-11T10:25:03","guid":{"rendered":"https:\/\/oqitop.com\/?post_type=product&#038;p=3290"},"modified":"2026-01-14T16:29:19","modified_gmt":"2026-01-14T08:29:19","slug":"lab-high-purity-porous-iron-metal-foam","status":"publish","type":"product","link":"https:\/\/oqitop.com\/de\/product\/lab-high-purity-porous-iron-metal-foam\/","title":{"rendered":"Lab High Purity Porous Iron Metal Foam"},"content":{"rendered":"<h3 style=\"text-align: center;\"><span style=\"color: #ff0000;\">Lab High Purity Porous Iron Metal Foam<\/span><\/h3>\n<p><iframe src=\"https:\/\/www.youtube.com\/embed\/66OLtBu6DmE?rel=0\" allowfullscreen=\"allowfullscreen\" data-mce-fragment=\"1\"><span data-mce-type=\"bookmark\" style=\"display: inline-block; width: 0px; overflow: hidden; line-height: 0;\" class=\"mce_SELRES_start\"><\/span><span data-mce-type=\"bookmark\" style=\"display: inline-block; width: 0px; overflow: hidden; line-height: 0;\" class=\"mce_SELRES_start\"><\/span><\/iframe><\/p>\n<p class=\"p\" align=\"justify\"><strong>Vorteil<\/strong><\/p>\n<p class=\"p\" align=\"justify\"><a href=\"https:\/\/oqitop.com\/de\/produkte\/metal-foam\/iron-foam\/\" target=\"_blank\" rel=\"nofollow noopener\">Eisenschaum<\/a> und seine Legierungen sind leicht, schallabsorbierend, w\u00e4rmeisolierend, vibrationsd\u00e4mpfend und sto\u00dfd\u00e4mpfend.<br \/>\n1. Schallabsorption: Por\u00f6se Strukturen weisen eine breite Frequenzabsorption auf.<br \/>\n2. Schalld\u00e4mmung: Durch zus\u00e4tzliche Behandlung kann ein hoher L\u00e4rm abgefangen werden, und die Schalld\u00e4mmwirkung ist gut.<br \/>\n3. Elektronische Wellenabschirmung: Elektronische Wellenabschirmung von ca. 90 dB.<br \/>\n4. Verarbeitbarkeit: Es l\u00e4sst sich schneiden, biegen und einfach kleben.<br \/>\n5. Feuerbest\u00e4ndigkeit: Formstabil, schwer entflammbar bei hohen Temperaturen, hohe Temperaturbest\u00e4ndigkeit.<br \/>\n6. Hohe W\u00e4rmeleitf\u00e4higkeit.<br \/>\n7. Es verf\u00fcgt \u00fcber eine gute Luftdurchl\u00e4ssigkeit und Filterfunktion, und die Str\u00f6mungsstabilit\u00e4t von Gas und Fl\u00fcssigkeit ist extrem hoch.<br \/>\n8. Hohe Temperaturbest\u00e4ndigkeit \u00fcber 1100 \u00b0C, gleichm\u00e4\u00dfige Porenstruktur und schnelle W\u00e4rme\u00fcbertragung.<\/p>\n<p class=\"p\" align=\"justify\"><strong>Spezifikationen<\/strong><\/p>\n<table border=\"1\" cellspacing=\"0\">\n<tbody>\n<tr>\n<td valign=\"top\" width=\"89\">\n<p class=\"p\" align=\"center\"><span class=\"15\">Artikel<\/span><\/p>\n<\/td>\n<td valign=\"top\" width=\"298\">\n<p class=\"p\" align=\"center\"><span class=\"15\">Produzierbare Spezifikationen<\/span><\/p>\n<\/td>\n<td colspan=\"2\" valign=\"top\" width=\"231\">\n<p class=\"p\" align=\"center\"><span class=\"15\">Referenzspezifikationen<\/span><\/p>\n<\/td>\n<\/tr>\n<tr>\n<td valign=\"top\" width=\"89\">\n<p class=\"p\" align=\"center\">PPI<\/p>\n<\/td>\n<td valign=\"top\" width=\"298\">\n<p class=\"p\" align=\"center\"><span class=\"15\">8-110 (\u00b12\/5\/10)<\/span><\/p>\n<\/td>\n<td valign=\"top\" width=\"104\">\n<p class=\"p\" align=\"center\"><span class=\"15\">110 \u00b1 10<\/span><\/p>\n<\/td>\n<td valign=\"top\" width=\"127\">\n<p class=\"p\" align=\"center\"><span class=\"15\">13\u00b12<\/span><\/p>\n<\/td>\n<\/tr>\n<tr>\n<td valign=\"top\" width=\"89\">\n<p class=\"p\" align=\"center\"><span class=\"15\">Oberfl\u00e4chendichte<\/span><span class=\"15\">\u00a0<\/span><span class=\"15\">(g\/m\u00b2)<\/span><\/p>\n<\/td>\n<td valign=\"top\" width=\"298\">\n<p class=\"p\" align=\"center\"><span class=\"15\">250\u20135000 (\u00b15%)<\/span><\/p>\n<\/td>\n<td valign=\"top\" width=\"104\">\n<p class=\"p\" align=\"center\"><span class=\"15\">380 \u00b1 25<\/span><\/p>\n<\/td>\n<td valign=\"top\" width=\"127\">\n<p class=\"p\" align=\"center\"><span class=\"15\">2000 \u00b1 100<\/span><\/p>\n<\/td>\n<\/tr>\n<tr>\n<td valign=\"top\" width=\"89\">\n<p class=\"p\" align=\"center\"><span class=\"15\">Gr\u00f6\u00dfe<\/span><span class=\"15\">(mm)<\/span><\/p>\n<\/td>\n<td valign=\"top\" width=\"298\">\n<p class=\"p\" align=\"center\"><span class=\"15\">20\u20131000 (\u00b10,5\/1,0\/2,0)<\/span><\/p>\n<\/td>\n<td valign=\"top\" width=\"104\">\n<p class=\"p\" align=\"center\"><span class=\"15\">500 \u00b1 0,5<\/span><\/p>\n<\/td>\n<td valign=\"top\" width=\"127\">\n<p class=\"p\" align=\"center\"><span class=\"15\">500 \u00b1 2<\/span><\/p>\n<\/td>\n<\/tr>\n<tr>\n<td valign=\"top\" width=\"89\">\n<p class=\"p\" align=\"center\">Aussehen<\/p>\n<\/td>\n<td colspan=\"3\" valign=\"top\" width=\"530\">\n<p class=\"p\" align=\"center\"><span class=\"15\">Silbergrau, ohne schwarze Flecken, blinde Flecken, Durchgangsl\u00f6cher und Risse<\/span><\/p>\n<\/td>\n<\/tr>\n<tr>\n<td rowspan=\"3\" valign=\"center\" width=\"89\">\n<p class=\"p\" align=\"center\"><span class=\"15\">C<\/span><span class=\"15\">chemisch\u00a0<\/span><span class=\"15\">C<\/span><span class=\"15\">Zusammensetzung<\/span><\/p>\n<\/td>\n<td valign=\"top\" width=\"298\">\n<p class=\"p\"><span class=\"15\">P<\/span><span class=\"15\">Sicherheit\u00a0<\/span><span class=\"15\">I<\/span><span class=\"15\">Ron<\/span><\/p>\n<\/td>\n<td colspan=\"2\" valign=\"top\" width=\"231\">\n<p class=\"p\"><span class=\"15\">(Fe): \u226499,91 TP3T<\/span><\/p>\n<\/td>\n<\/tr>\n<tr>\n<td valign=\"top\" width=\"298\">\n<p class=\"p\"><span class=\"15\">(C): \u2264 0,0301 TP3T<\/span><\/p>\n<\/td>\n<td colspan=\"2\" valign=\"top\" width=\"231\">\n<p class=\"p\"><span class=\"15\">(S): \u2264 0,0081 TP3T<\/span><\/p>\n<\/td>\n<\/tr>\n<tr>\n<td valign=\"top\" width=\"298\">\n<p class=\"p\"><span class=\"15\">(Si): 0,0051 TP3T<\/span><\/p>\n<\/td>\n<td colspan=\"2\" valign=\"top\" width=\"231\">\n<p class=\"p\"><span class=\"15\">(Cu): \u2264 0,0051 TP3T<\/span><\/p>\n<\/td>\n<\/tr>\n<\/tbody>\n<\/table>\n<p><b><strong>Um verschiedene Metallsch\u00e4ume anzupassen, klicken Sie bitte auf das Bild unten f\u00fcr weitere Details:<\/strong><\/b><\/p>\n<table>\n<tbody>\n<tr>\n<td>&nbsp;<\/p>\n<figure id=\"attachment_2567\" class=\"wp-caption aligncenter\" aria-describedby=\"caption-attachment-2567\"><a href=\"https:\/\/oqitop.com\/de\/produkte\/metal-foam\/copper-foam\/\"><img decoding=\"async\" class=\"wp-image-2567 size-thumbnail\" title=\"Hochleitf\u00e4higer Nickelschaum f\u00fcr die Forschung an Batterieelektroden 1\" src=\"https:\/\/oqitop.com\/wp-content\/uploads\/2025\/12\/Copper-Foam-150x150.jpg\" sizes=\"(max-width: 150px) 100vw, 150px\" srcset=\"https:\/\/oqitop.com\/wp-content\/uploads\/2025\/12\/Copper-Foam-150x150.jpg 150w, https:\/\/oqitop.com\/wp-content\/uploads\/2025\/12\/Copper-Foam-300x300.jpg 300w, https:\/\/oqitop.com\/wp-content\/uploads\/2025\/12\/Copper-Foam.jpg 600w\" alt=\"\" width=\"150\" height=\"150\" \/><\/a><figcaption id=\"caption-attachment-2567\" class=\"wp-caption-text\"><a href=\"https:\/\/oqitop.com\/de\/produkte\/metal-foam\/copper-foam\/\">Kupferschaum<\/a><\/figcaption><\/figure>\n<\/td>\n<td>&nbsp;<\/p>\n<figure id=\"attachment_2568\" class=\"wp-caption aligncenter\" aria-describedby=\"caption-attachment-2568\"><a href=\"https:\/\/oqitop.com\/de\/produkte\/metal-foam\/nickel-foam\/\"><img decoding=\"async\" class=\"wp-image-2568 size-thumbnail\" title=\"Hochleitf\u00e4higer Nickelschaum f\u00fcr die Forschung an Batterieelektroden 2\" src=\"https:\/\/oqitop.com\/wp-content\/uploads\/2025\/12\/Nickel-Foam-150x150.png\" sizes=\"(max-width: 150px) 100vw, 150px\" srcset=\"https:\/\/oqitop.com\/wp-content\/uploads\/2025\/12\/Nickel-Foam-150x150.png 150w, https:\/\/oqitop.com\/wp-content\/uploads\/2025\/12\/Nickel-Foam-300x300.png 300w, https:\/\/oqitop.com\/wp-content\/uploads\/2025\/12\/Nickel-Foam.png 500w\" alt=\"\" width=\"150\" height=\"150\" \/><\/a><figcaption id=\"caption-attachment-2568\" class=\"wp-caption-text\"><a href=\"https:\/\/oqitop.com\/de\/produkte\/metal-foam\/nickel-foam\/\">Nickelschaum<\/a><\/figcaption><\/figure>\n<\/td>\n<td>&nbsp;<\/p>\n<figure id=\"attachment_2569\" class=\"wp-caption aligncenter\" aria-describedby=\"caption-attachment-2569\"><a href=\"https:\/\/oqitop.com\/de\/produkte\/metal-foam\/titanium-foam\/\"><img decoding=\"async\" class=\"wp-image-2569 size-thumbnail\" title=\"Hochleitf\u00e4higer Nickelschaum f\u00fcr die Forschung an Batterieelektroden 3\" src=\"https:\/\/oqitop.com\/wp-content\/uploads\/2025\/12\/Ti-Foam-150x150.png\" sizes=\"(max-width: 150px) 100vw, 150px\" srcset=\"https:\/\/oqitop.com\/wp-content\/uploads\/2025\/12\/Ti-Foam-150x150.png 150w, https:\/\/oqitop.com\/wp-content\/uploads\/2025\/12\/Ti-Foam-300x300.png 300w, https:\/\/oqitop.com\/wp-content\/uploads\/2025\/12\/Ti-Foam.png 500w\" alt=\"\" width=\"150\" height=\"150\" \/><\/a><figcaption id=\"caption-attachment-2569\" class=\"wp-caption-text\"><a href=\"https:\/\/oqitop.com\/de\/produkte\/metal-foam\/titanium-foam\/\">Ti-Schaumstoff<\/a><\/figcaption><\/figure>\n<\/td>\n<td>&nbsp;<\/p>\n<figure id=\"attachment_2571\" class=\"wp-caption aligncenter\" aria-describedby=\"caption-attachment-2571\"><a href=\"https:\/\/oqitop.com\/de\/produkte\/metal-foam\/aluminiumschaum\/\"><img loading=\"lazy\" decoding=\"async\" class=\"wp-image-2571 size-thumbnail\" title=\"Hochleitf\u00e4higer Nickelschaum f\u00fcr die Forschung an Batterieelektroden 4\" src=\"https:\/\/oqitop.com\/wp-content\/uploads\/2025\/12\/Aluminum-Foam-1-150x150.png\" sizes=\"(max-width: 150px) 100vw, 150px\" srcset=\"https:\/\/oqitop.com\/wp-content\/uploads\/2025\/12\/Aluminum-Foam-1-150x150.png 150w, https:\/\/oqitop.com\/wp-content\/uploads\/2025\/12\/Aluminum-Foam-1-300x300.png 300w, https:\/\/oqitop.com\/wp-content\/uploads\/2025\/12\/Aluminum-Foam-1.png 529w\" alt=\"\" width=\"150\" height=\"150\" \/><\/a><figcaption id=\"caption-attachment-2571\" class=\"wp-caption-text\"><a href=\"https:\/\/oqitop.com\/de\/produkte\/metal-foam\/aluminiumschaum\/\">Aluminiumschaum<\/a><\/figcaption><\/figure>\n<\/td>\n<\/tr>\n<tr>\n<td>&nbsp;<\/p>\n<figure id=\"attachment_2572\" class=\"wp-caption aligncenter\" aria-describedby=\"caption-attachment-2572\"><a href=\"https:\/\/oqitop.com\/de\/produkte\/metal-foam\/iron-nickel-foam\/\"><img loading=\"lazy\" decoding=\"async\" class=\"wp-image-2572 size-thumbnail\" title=\"Hochleitf\u00e4higer Nickelschaum f\u00fcr die Forschung an Batterieelektroden 5\" src=\"https:\/\/oqitop.com\/wp-content\/uploads\/2025\/12\/Iron-Nickel-Foam-150x150.jpg\" sizes=\"(max-width: 150px) 100vw, 150px\" srcset=\"https:\/\/oqitop.com\/wp-content\/uploads\/2025\/12\/Iron-Nickel-Foam-150x150.jpg 150w, https:\/\/oqitop.com\/wp-content\/uploads\/2025\/12\/Iron-Nickel-Foam-300x300.jpg 300w, https:\/\/oqitop.com\/wp-content\/uploads\/2025\/12\/Iron-Nickel-Foam.jpg 720w\" alt=\"\" width=\"150\" height=\"150\" \/><\/a><figcaption id=\"caption-attachment-2572\" class=\"wp-caption-text\"><a href=\"https:\/\/oqitop.com\/de\/produkte\/metal-foam\/iron-nickel-foam\/\">Eisen-Nickel-Schaum<\/a><\/figcaption><\/figure>\n<\/td>\n<td>&nbsp;<\/p>\n<figure id=\"attachment_2573\" class=\"wp-caption aligncenter\" aria-describedby=\"caption-attachment-2573\"><a href=\"https:\/\/oqitop.com\/de\/produkte\/metal-foam\/carbon-foam\/\"><img loading=\"lazy\" decoding=\"async\" class=\"wp-image-2573 size-thumbnail\" title=\"Hochleitf\u00e4higer Nickelschaum f\u00fcr die Forschung an Batterieelektroden 6\" src=\"https:\/\/oqitop.com\/wp-content\/uploads\/2025\/12\/Carbon-Foam-150x150.png\" sizes=\"(max-width: 150px) 100vw, 150px\" srcset=\"https:\/\/oqitop.com\/wp-content\/uploads\/2025\/12\/Carbon-Foam-150x150.png 150w, https:\/\/oqitop.com\/wp-content\/uploads\/2025\/12\/Carbon-Foam-300x300.png 300w, https:\/\/oqitop.com\/wp-content\/uploads\/2025\/12\/Carbon-Foam-768x768.png 768w, https:\/\/oqitop.com\/wp-content\/uploads\/2025\/12\/Carbon-Foam.png 1000w\" alt=\"\" width=\"150\" height=\"150\" \/><\/a><figcaption id=\"caption-attachment-2573\" class=\"wp-caption-text\"><a href=\"https:\/\/oqitop.com\/de\/produkte\/metal-foam\/carbon-foam\/\">Kohlenstoffschaum<\/a><\/figcaption><\/figure>\n<\/td>\n<td>&nbsp;<\/p>\n<figure id=\"attachment_2574\" class=\"wp-caption aligncenter\" aria-describedby=\"caption-attachment-2574\"><a href=\"https:\/\/oqitop.com\/de\/produkte\/metal-foam\/silver-foam\/\"><img loading=\"lazy\" decoding=\"async\" class=\"wp-image-2574 size-thumbnail\" title=\"Hochleitf\u00e4higer Nickelschaum f\u00fcr die Forschung an Batterieelektroden 7\" src=\"https:\/\/oqitop.com\/wp-content\/uploads\/2025\/12\/Silver-Foam-150x150.jpg\" sizes=\"(max-width: 150px) 100vw, 150px\" srcset=\"https:\/\/oqitop.com\/wp-content\/uploads\/2025\/12\/Silver-Foam-150x150.jpg 150w, https:\/\/oqitop.com\/wp-content\/uploads\/2025\/12\/Silver-Foam-300x300.jpg 300w, https:\/\/oqitop.com\/wp-content\/uploads\/2025\/12\/Silver-Foam.jpg 726w\" alt=\"\" width=\"150\" height=\"150\" \/><\/a><figcaption id=\"caption-attachment-2574\" class=\"wp-caption-text\"><a href=\"https:\/\/oqitop.com\/de\/produkte\/metal-foam\/silver-foam\/\">Silberner Schaum<\/a><\/figcaption><\/figure>\n<\/td>\n<td>&nbsp;<\/p>\n<figure id=\"attachment_2575\" class=\"wp-caption aligncenter\" aria-describedby=\"caption-attachment-2575\"><a href=\"https:\/\/oqitop.com\/de\/produkte\/metal-foam\/cobalt-foamhttps%3a\/\/oqitop.com\/produkte\/metal-foam\/cobalt-foam\/\"><img loading=\"lazy\" decoding=\"async\" class=\"wp-image-2575 size-thumbnail\" title=\"Hochleitf\u00e4higer Nickelschaum f\u00fcr die Forschung an Batterieelektroden 8\" src=\"https:\/\/oqitop.com\/wp-content\/uploads\/2025\/12\/Cobalt-Foam-150x150.jpg\" sizes=\"(max-width: 150px) 100vw, 150px\" srcset=\"https:\/\/oqitop.com\/wp-content\/uploads\/2025\/12\/Cobalt-Foam-150x150.jpg 150w, https:\/\/oqitop.com\/wp-content\/uploads\/2025\/12\/Cobalt-Foam-300x300.jpg 300w, https:\/\/oqitop.com\/wp-content\/uploads\/2025\/12\/Cobalt-Foam-768x768.jpg 768w, https:\/\/oqitop.com\/wp-content\/uploads\/2025\/12\/Cobalt-Foam.jpg 800w\" alt=\"\" width=\"150\" height=\"150\" \/><\/a><figcaption id=\"caption-attachment-2575\" class=\"wp-caption-text\"><a href=\"https:\/\/oqitop.com\/de\/produkte\/metal-foam\/cobalt-foam\/\">Kobalt-Schaumstoff<\/a><\/figcaption><\/figure>\n<\/td>\n<\/tr>\n<\/tbody>\n<\/table>\n<p><img loading=\"lazy\" decoding=\"async\" class=\"aligncenter size-full wp-image-3275\" src=\"https:\/\/oqitop.com\/wp-content\/uploads\/2025\/12\/11111-2.png\" alt=\"\" width=\"1024\" height=\"180\" title=\"\" srcset=\"https:\/\/oqitop.com\/wp-content\/uploads\/2025\/12\/11111-2.png 1024w, https:\/\/oqitop.com\/wp-content\/uploads\/2025\/12\/11111-2-300x53.png 300w, https:\/\/oqitop.com\/wp-content\/uploads\/2025\/12\/11111-2-768x135.png 768w\" sizes=\"(max-width: 1024px) 100vw, 1024px\" \/><img loading=\"lazy\" decoding=\"async\" class=\"aligncenter size-full wp-image-3276\" src=\"https:\/\/oqitop.com\/wp-content\/uploads\/2025\/12\/22222-3.jpg\" alt=\"\" width=\"1024\" height=\"1024\" title=\"\" srcset=\"https:\/\/oqitop.com\/wp-content\/uploads\/2025\/12\/22222-3.jpg 1024w, https:\/\/oqitop.com\/wp-content\/uploads\/2025\/12\/22222-3-300x300.jpg 300w, https:\/\/oqitop.com\/wp-content\/uploads\/2025\/12\/22222-3-150x150.jpg 150w, https:\/\/oqitop.com\/wp-content\/uploads\/2025\/12\/22222-3-768x768.jpg 768w\" sizes=\"(max-width: 1024px) 100vw, 1024px\" \/><img loading=\"lazy\" decoding=\"async\" class=\"aligncenter size-full wp-image-3277\" src=\"https:\/\/oqitop.com\/wp-content\/uploads\/2025\/12\/33333-6.jpg\" alt=\"\" width=\"1024\" height=\"1024\" title=\"\" srcset=\"https:\/\/oqitop.com\/wp-content\/uploads\/2025\/12\/33333-6.jpg 1024w, https:\/\/oqitop.com\/wp-content\/uploads\/2025\/12\/33333-6-300x300.jpg 300w, https:\/\/oqitop.com\/wp-content\/uploads\/2025\/12\/33333-6-150x150.jpg 150w, https:\/\/oqitop.com\/wp-content\/uploads\/2025\/12\/33333-6-768x768.jpg 768w\" sizes=\"(max-width: 1024px) 100vw, 1024px\" \/><img loading=\"lazy\" decoding=\"async\" class=\"aligncenter size-full wp-image-3278\" src=\"https:\/\/oqitop.com\/wp-content\/uploads\/2025\/12\/55555-5.jpg\" alt=\"\" width=\"1024\" height=\"677\" title=\"\" srcset=\"https:\/\/oqitop.com\/wp-content\/uploads\/2025\/12\/55555-5.jpg 1024w, https:\/\/oqitop.com\/wp-content\/uploads\/2025\/12\/55555-5-300x198.jpg 300w, https:\/\/oqitop.com\/wp-content\/uploads\/2025\/12\/55555-5-768x508.jpg 768w\" sizes=\"(max-width: 1024px) 100vw, 1024px\" \/><\/p>","protected":false},"featured_media":3291,"template":"","meta":{"_acf_changed":false,"site-sidebar-layout":"default","site-content-layout":"","ast-site-content-layout":"default","site-content-style":"default","site-sidebar-style":"default","ast-global-header-display":"","ast-banner-title-visibility":"","ast-main-header-display":"","ast-hfb-above-header-display":"","ast-hfb-below-header-display":"","ast-hfb-mobile-header-display":"","site-post-title":"","ast-breadcrumbs-content":"","ast-featured-img":"","footer-sml-layout":"","theme-transparent-header-meta":"default","adv-header-id-meta":"","stick-header-meta":"default","header-above-stick-meta":"","header-main-stick-meta":"","header-below-stick-meta":"","astra-migrate-meta-layouts":"set","ast-page-background-enabled":"default","ast-page-background-meta":{"desktop":{"background-color":"var(--ast-global-color-4)","background-image":"","background-repeat":"repeat","background-position":"center center","background-size":"auto","background-attachment":"scroll","background-type":"","background-media":"","overlay-type":"","overlay-color":"","overlay-opacity":"","overlay-gradient":""},"tablet":{"background-color":"","background-image":"","background-repeat":"repeat","background-position":"center center","background-size":"auto","background-attachment":"scroll","background-type":"","background-media":"","overlay-type":"","overlay-color":"","overlay-opacity":"","overlay-gradient":""},"mobile":{"background-color":"","background-image":"","background-repeat":"repeat","background-position":"center center","background-size":"auto","background-attachment":"scroll","background-type":"","background-media":"","overlay-type":"","overlay-color":"","overlay-opacity":"","overlay-gradient":""}},"ast-content-background-meta":{"desktop":{"background-color":"var(--ast-global-color-5)","background-image":"","background-repeat":"repeat","background-position":"center center","background-size":"auto","background-attachment":"scroll","background-type":"","background-media":"","overlay-type":"","overlay-color":"","overlay-opacity":"","overlay-gradient":""},"tablet":{"background-color":"var(--ast-global-color-5)","background-image":"","background-repeat":"repeat","background-position":"center center","background-size":"auto","background-attachment":"scroll","background-type":"","background-media":"","overlay-type":"","overlay-color":"","overlay-opacity":"","overlay-gradient":""},"mobile":{"background-color":"var(--ast-global-color-5)","background-image":"","background-repeat":"repeat","background-position":"center center","background-size":"auto","background-attachment":"scroll","background-type":"","background-media":"","overlay-type":"","overlay-color":"","overlay-opacity":"","overlay-gradient":""}}},"tags":[],"products":[212,200],"class_list":["post-3290","product","type-product","status-publish","has-post-thumbnail","hentry","products-iron-foam","products-metal-foam"],"acf":[],"_links":{"self":[{"href":"https:\/\/oqitop.com\/de\/wp-json\/wp\/v2\/product\/3290","targetHints":{"allow":["GET"]}}],"collection":[{"href":"https:\/\/oqitop.com\/de\/wp-json\/wp\/v2\/product"}],"about":[{"href":"https:\/\/oqitop.com\/de\/wp-json\/wp\/v2\/types\/product"}],"wp:featuredmedia":[{"embeddable":true,"href":"https:\/\/oqitop.com\/de\/wp-json\/wp\/v2\/media\/3291"}],"wp:attachment":[{"href":"https:\/\/oqitop.com\/de\/wp-json\/wp\/v2\/media?parent=3290"}],"wp:term":[{"taxonomy":"post_tag","embeddable":true,"href":"https:\/\/oqitop.com\/de\/wp-json\/wp\/v2\/tags?post=3290"},{"taxonomy":"products","embeddable":true,"href":"https:\/\/oqitop.com\/de\/wp-json\/wp\/v2\/products?post=3290"}],"curies":[{"name":"wp","href":"https:\/\/api.w.org\/{rel}","templated":true}]}}