 {"id":3535,"date":"2025-12-13T21:40:49","date_gmt":"2025-12-13T13:40:49","guid":{"rendered":"https:\/\/oqitop.com\/?post_type=product&#038;p=3535"},"modified":"2026-01-14T17:14:04","modified_gmt":"2026-01-14T09:14:04","slug":"filz-aus-aluminiumsilikatfasern-feuerfest-und-warmeisolierend-keramische-fasermatte","status":"publish","type":"product","link":"https:\/\/oqitop.com\/de\/product\/filz-aus-aluminiumsilikatfasern-feuerfest-und-warmeisolierend-keramische-fasermatte\/","title":{"rendered":"Aluminiumoxid-Silikat-Faser-Filz Feuerfest und W\u00e4rmed\u00e4mmung Keramikfaser-Decke"},"content":{"rendered":"<h4 style=\"text-align: center;\"><span style=\"color: #ff0000;\">Aluminiumoxid-Silikat-Faser-Filz Feuerfest und W\u00e4rmed\u00e4mmung Keramikfaser-Decke<\/span><\/h4>\n<p><iframe src=\"https:\/\/www.youtube.com\/embed\/6XUnksbmDAc?rel=0\" allowfullscreen=\"allowfullscreen\" data-mce-fragment=\"1\"><\/iframe><\/p>\n<p><b><strong>Einf\u00fchrung<\/strong><\/b><\/p>\n<p><b><strong><a href=\"https:\/\/oqitop.com\/de\/produkte\/metal-felt\/alumina-silicate-felt\/\">Aluminiumsilikatfilz<\/a><\/strong><\/b>\u00a0besteht haupts\u00e4chlich aus feuerfester Isolierwatte, wobei die Hochtemperaturbest\u00e4ndigkeit oberste Priorit\u00e4t hat. Die Farben sind haupts\u00e4chlich Wei\u00df und Blauwei\u00df, und es wird in mehreren Schritten hergestellt, darunter Hochtemperaturkalzinierung, Schmelzen, Spr\u00fchen, Klebespr\u00fchen, Drahtspinnen und Formen bei Temperaturen \u00fcber 1300 \u00b0C. Es wird haupts\u00e4chlich als Isolier- und feuerfestes Material f\u00fcr Rohrleitungsanlagen in Stahlwerken, Kraftwerken, Erd\u00f6l-, Petrochemie-, Schmelz-, Kessel-, D\u00fcngemittel- und W\u00e4rmekraftwerken verwendet. Die Aluminium-Silikat-Nadelfilzmatte hat eine weiche Textur, eine geringe Dichte, eine geringe W\u00e4rmeleitf\u00e4higkeit, eine gute Wasserdichtigkeit, eine gute S\u00e4ure- und Alkalibest\u00e4ndigkeit, eine hohe Betriebstemperatur, ist ungiftig und umweltfreundlich.<\/p>\n<p><b><strong>Produktmerkmale<\/strong><\/b><br \/>\n\u25ce Umweltfreundlich<br \/>\n\u25ce Sichere und wirksame feuerhemmende Eigenschaften<br \/>\n\u25ce Keine Rauchentwicklung<br \/>\n\u25ce Weiche Textur<br \/>\n\u25ce Von Natur aus leicht<br \/>\n\u25ce Schallabsorption<\/p>\n<p><b><strong>Abmessungen<\/strong><\/b><\/p>\n<div class=\"table-responsive\">\n<table>\n<tbody>\n<tr>\n<td width=\"175\">10 mm \u00d7 0,61 m \u00d7 15 m<\/td>\n<td width=\"175\">20 mm \u00d7 0,61 m \u00d7 7,2 m<\/td>\n<td width=\"263\">30 mm \u00d7 0,61 m \u00d7 5 m<\/td>\n<\/tr>\n<tr>\n<td width=\"175\">30 mm \u00d7 0,61 m \u00d7 5 m<\/td>\n<td width=\"175\">40 mm \u00d7 0,61 m \u00d7 3,6 m<\/td>\n<td width=\"263\">50 mm \u00d7 0,61 m \u00d7 15 m<\/td>\n<\/tr>\n<tr>\n<td colspan=\"3\" width=\"614\"><b><strong>Die Gr\u00f6\u00dfe kann individuell angepasst werden.<\/strong><\/b><\/td>\n<\/tr>\n<\/tbody>\n<\/table>\n<\/div>\n<p><b><strong>Um verschiedene Faserfilze anzupassen, klicken Sie bitte auf<\/strong><\/b><b><strong>k das Bild unten f\u00fcr Details\uff1a<\/strong><\/b><\/p>\n<div class=\"table-responsive\">\n<table>\n<tbody>\n<tr>\n<td width=\"33%\">&nbsp;<\/p>\n<figure id=\"attachment_3385\" class=\"wp-caption aligncenter\" aria-describedby=\"caption-attachment-3385\"><a href=\"https:\/\/oqitop.com\/de\/produkte\/metal-felt\/alumina-silicate-felt\/\"><img fetchpriority=\"high\" decoding=\"async\" class=\"size-medium wp-image-3385\" title=\"Hochwertiger Titan-Ti-Faserfilz f\u00fcr die Laborforschung 3\" src=\"https:\/\/oqitop.com\/wp-content\/uploads\/2025\/12\/11-20-300x300.jpg\" sizes=\"(max-width: 300px) 100vw, 300px\" srcset=\"https:\/\/oqitop.com\/wp-content\/uploads\/2025\/12\/11-20-300x300.jpg 300w, https:\/\/oqitop.com\/wp-content\/uploads\/2025\/12\/11-20-150x150.jpg 150w, https:\/\/oqitop.com\/wp-content\/uploads\/2025\/12\/11-20-768x768.jpg 768w, https:\/\/oqitop.com\/wp-content\/uploads\/2025\/12\/11-20.jpg 800w\" alt=\"\" width=\"300\" height=\"300\" \/><\/a><figcaption id=\"caption-attachment-3385\" class=\"wp-caption-text\"><a href=\"https:\/\/oqitop.com\/de\/produkte\/metal-felt\/alumina-silicate-felt\/\">Aluminiumoxid-Silikat-Filz<\/a><\/figcaption><\/figure>\n<\/td>\n<td width=\"33%\">&nbsp;<\/p>\n<figure id=\"attachment_3386\" class=\"wp-caption aligncenter\" aria-describedby=\"caption-attachment-3386\"><a href=\"https:\/\/oqitop.com\/de\/produkte\/metal-felt\/titanium-felt\/\"><img decoding=\"async\" class=\"wp-image-3386 size-medium\" title=\"Hochwertiger Titan-Ti-Faserfilz f\u00fcr die Laborforschung 4\" src=\"https:\/\/oqitop.com\/wp-content\/uploads\/2025\/12\/22-10-300x300.jpg\" sizes=\"(max-width: 300px) 100vw, 300px\" srcset=\"https:\/\/oqitop.com\/wp-content\/uploads\/2025\/12\/22-10-300x300.jpg 300w, https:\/\/oqitop.com\/wp-content\/uploads\/2025\/12\/22-10-150x150.jpg 150w, https:\/\/oqitop.com\/wp-content\/uploads\/2025\/12\/22-10-768x768.jpg 768w, https:\/\/oqitop.com\/wp-content\/uploads\/2025\/12\/22-10.jpg 800w\" alt=\"\" width=\"300\" height=\"300\" \/><\/a><figcaption id=\"caption-attachment-3386\" class=\"wp-caption-text\"><a href=\"https:\/\/oqitop.com\/de\/produkte\/metal-felt\/titanium-felt\/\">Titanium Filz<\/a><\/figcaption><\/figure>\n<\/td>\n<td width=\"33%\">&nbsp;<\/p>\n<figure id=\"attachment_3387\" class=\"wp-caption aligncenter\" aria-describedby=\"caption-attachment-3387\"><a href=\"https:\/\/oqitop.com\/de\/produkte\/metal-felt\/nickel-felt\/\"><img decoding=\"async\" class=\"size-medium wp-image-3387\" title=\"Hochwertiger Titan-Ti-Faserfilz f\u00fcr die Laborforschung 5\" src=\"https:\/\/oqitop.com\/wp-content\/uploads\/2025\/12\/33-7-300x300.jpg\" sizes=\"(max-width: 300px) 100vw, 300px\" srcset=\"https:\/\/oqitop.com\/wp-content\/uploads\/2025\/12\/33-7-300x300.jpg 300w, https:\/\/oqitop.com\/wp-content\/uploads\/2025\/12\/33-7-150x150.jpg 150w, https:\/\/oqitop.com\/wp-content\/uploads\/2025\/12\/33-7-768x768.jpg 768w, https:\/\/oqitop.com\/wp-content\/uploads\/2025\/12\/33-7.jpg 800w\" alt=\"\" width=\"300\" height=\"300\" \/><\/a><figcaption id=\"caption-attachment-3387\" class=\"wp-caption-text\"><a href=\"https:\/\/oqitop.com\/de\/produkte\/metal-felt\/nickel-felt\/\">Nickel-Filz<\/a><\/figcaption><\/figure>\n<\/td>\n<\/tr>\n<tr>\n<td width=\"33%\">&nbsp;<\/p>\n<figure id=\"attachment_3388\" class=\"wp-caption aligncenter\" aria-describedby=\"caption-attachment-3388\"><a href=\"https:\/\/oqitop.com\/de\/produkte\/metal-felt\/carbon-felt\/\"><img loading=\"lazy\" decoding=\"async\" class=\"size-medium wp-image-3388\" title=\"Hochwertiger Titan-Ti-Faserfilz f\u00fcr die Laborforschung 6\" src=\"https:\/\/oqitop.com\/wp-content\/uploads\/2025\/12\/44-300x300.png\" sizes=\"(max-width: 300px) 100vw, 300px\" srcset=\"https:\/\/oqitop.com\/wp-content\/uploads\/2025\/12\/44-300x300.png 300w, https:\/\/oqitop.com\/wp-content\/uploads\/2025\/12\/44-150x150.png 150w, https:\/\/oqitop.com\/wp-content\/uploads\/2025\/12\/44-768x768.png 768w, https:\/\/oqitop.com\/wp-content\/uploads\/2025\/12\/44.png 800w\" alt=\"\" width=\"300\" height=\"300\" \/><\/a><figcaption id=\"caption-attachment-3388\" class=\"wp-caption-text\"><a href=\"https:\/\/oqitop.com\/de\/produkte\/metal-felt\/carbon-felt\/\">Kohlenstofffilz<\/a><\/figcaption><\/figure>\n<\/td>\n<td width=\"33%\">&nbsp;<\/p>\n<figure id=\"attachment_3389\" class=\"wp-caption aligncenter\" aria-describedby=\"caption-attachment-3389\"><a href=\"https:\/\/oqitop.com\/de\/produkte\/metal-felt\/preoxidized-felt\/\"><img loading=\"lazy\" decoding=\"async\" class=\"size-medium wp-image-3389\" title=\"Hochwertiger Titan-Ti-Faserfilz f\u00fcr die Laborforschung 7\" src=\"https:\/\/oqitop.com\/wp-content\/uploads\/2025\/12\/55-3-300x300.jpg\" sizes=\"(max-width: 300px) 100vw, 300px\" srcset=\"https:\/\/oqitop.com\/wp-content\/uploads\/2025\/12\/55-3-300x300.jpg 300w, https:\/\/oqitop.com\/wp-content\/uploads\/2025\/12\/55-3-150x150.jpg 150w, https:\/\/oqitop.com\/wp-content\/uploads\/2025\/12\/55-3-768x768.jpg 768w, https:\/\/oqitop.com\/wp-content\/uploads\/2025\/12\/55-3.jpg 800w\" alt=\"\" width=\"300\" height=\"300\" \/><\/a><figcaption id=\"caption-attachment-3389\" class=\"wp-caption-text\"><a href=\"https:\/\/oqitop.com\/de\/produkte\/metal-felt\/preoxidized-felt\/\">Voroxidierter Filz<\/a><\/figcaption><\/figure>\n<\/td>\n<td width=\"33%\">&nbsp;<\/p>\n<figure id=\"attachment_3390\" class=\"wp-caption aligncenter\" aria-describedby=\"caption-attachment-3390\"><a href=\"https:\/\/oqitop.com\/de\/produkte\/metal-felt\/stainless-steel-felt\/\"><img loading=\"lazy\" decoding=\"async\" class=\"size-medium wp-image-3390\" title=\"Hochwertiger Titan-Ti-Faserfilz f\u00fcr die Laborforschung 8\" src=\"https:\/\/oqitop.com\/wp-content\/uploads\/2025\/12\/66-300x300.jpg\" sizes=\"(max-width: 300px) 100vw, 300px\" srcset=\"https:\/\/oqitop.com\/wp-content\/uploads\/2025\/12\/66-300x300.jpg 300w, https:\/\/oqitop.com\/wp-content\/uploads\/2025\/12\/66-150x150.jpg 150w, https:\/\/oqitop.com\/wp-content\/uploads\/2025\/12\/66-768x768.jpg 768w, https:\/\/oqitop.com\/wp-content\/uploads\/2025\/12\/66.jpg 800w\" alt=\"\" width=\"300\" height=\"300\" \/><\/a><figcaption id=\"caption-attachment-3390\" class=\"wp-caption-text\"><a href=\"https:\/\/oqitop.com\/de\/produkte\/metal-felt\/stainless-steel-felt\/\">Edelstahlfilz<\/a><\/figcaption><\/figure>\n<\/td>\n<\/tr>\n<\/tbody>\n<\/table>\n<\/div>\n<p><img loading=\"lazy\" decoding=\"async\" class=\"aligncenter size-full wp-image-3517\" title=\"Silikat-Aluminiumoxid-Nadelfilz Hochtemperatur-Aluminiumoxid-Silikat-Rollfilz 1\" src=\"https:\/\/oqitop.com\/wp-content\/uploads\/2025\/12\/11-21.jpg\" sizes=\"(max-width: 1024px) 100vw, 1024px\" srcset=\"https:\/\/oqitop.com\/wp-content\/uploads\/2025\/12\/11-21.jpg 1024w, https:\/\/oqitop.com\/wp-content\/uploads\/2025\/12\/11-21-300x240.jpg 300w, https:\/\/oqitop.com\/wp-content\/uploads\/2025\/12\/11-21-768x614.jpg 768w\" alt=\"\" width=\"1024\" height=\"819\" \/><img loading=\"lazy\" decoding=\"async\" class=\"aligncenter size-full wp-image-3518\" title=\"Silikat-Aluminiumoxid-Nadelfilz Hochtemperatur-Aluminiumoxid-Silikat-Rollfilz 2\" src=\"https:\/\/oqitop.com\/wp-content\/uploads\/2025\/12\/22-11.jpg\" sizes=\"(max-width: 1024px) 100vw, 1024px\" srcset=\"https:\/\/oqitop.com\/wp-content\/uploads\/2025\/12\/22-11.jpg 1024w, https:\/\/oqitop.com\/wp-content\/uploads\/2025\/12\/22-11-267x300.jpg 267w, https:\/\/oqitop.com\/wp-content\/uploads\/2025\/12\/22-11-910x1024.jpg 910w, https:\/\/oqitop.com\/wp-content\/uploads\/2025\/12\/22-11-768x864.jpg 768w\" alt=\"\" width=\"1024\" height=\"1152\" \/><img loading=\"lazy\" decoding=\"async\" class=\"aligncenter size-full wp-image-3519\" title=\"Silikat-Aluminiumoxid-Nadelfilz Hochtemperatur-Aluminiumoxid-Silikat-Rollfilz 3\" src=\"https:\/\/oqitop.com\/wp-content\/uploads\/2025\/12\/55555-11-1.jpg\" sizes=\"(max-width: 1024px) 100vw, 1024px\" srcset=\"https:\/\/oqitop.com\/wp-content\/uploads\/2025\/12\/55555-11-1.jpg 1024w, https:\/\/oqitop.com\/wp-content\/uploads\/2025\/12\/55555-11-1-300x198.jpg 300w, https:\/\/oqitop.com\/wp-content\/uploads\/2025\/12\/55555-11-1-768x508.jpg 768w\" alt=\"\" width=\"1024\" height=\"677\" \/><\/p>","protected":false},"featured_media":3536,"template":"","meta":{"_acf_changed":false,"site-sidebar-layout":"default","site-content-layout":"","ast-site-content-layout":"default","site-content-style":"default","site-sidebar-style":"default","ast-global-header-display":"","ast-banner-title-visibility":"","ast-main-header-display":"","ast-hfb-above-header-display":"","ast-hfb-below-header-display":"","ast-hfb-mobile-header-display":"","site-post-title":"","ast-breadcrumbs-content":"","ast-featured-img":"","footer-sml-layout":"","theme-transparent-header-meta":"default","adv-header-id-meta":"","stick-header-meta":"default","header-above-stick-meta":"","header-main-stick-meta":"","header-below-stick-meta":"","astra-migrate-meta-layouts":"set","ast-page-background-enabled":"default","ast-page-background-meta":{"desktop":{"background-color":"var(--ast-global-color-4)","background-image":"","background-repeat":"repeat","background-position":"center center","background-size":"auto","background-attachment":"scroll","background-type":"","background-media":"","overlay-type":"","overlay-color":"","overlay-opacity":"","overlay-gradient":""},"tablet":{"background-color":"","background-image":"","background-repeat":"repeat","background-position":"center center","background-size":"auto","background-attachment":"scroll","background-type":"","background-media":"","overlay-type":"","overlay-color":"","overlay-opacity":"","overlay-gradient":""},"mobile":{"background-color":"","background-image":"","background-repeat":"repeat","background-position":"center center","background-size":"auto","background-attachment":"scroll","background-type":"","background-media":"","overlay-type":"","overlay-color":"","overlay-opacity":"","overlay-gradient":""}},"ast-content-background-meta":{"desktop":{"background-color":"var(--ast-global-color-5)","background-image":"","background-repeat":"repeat","background-position":"center center","background-size":"auto","background-attachment":"scroll","background-type":"","background-media":"","overlay-type":"","overlay-color":"","overlay-opacity":"","overlay-gradient":""},"tablet":{"background-color":"var(--ast-global-color-5)","background-image":"","background-repeat":"repeat","background-position":"center center","background-size":"auto","background-attachment":"scroll","background-type":"","background-media":"","overlay-type":"","overlay-color":"","overlay-opacity":"","overlay-gradient":""},"mobile":{"background-color":"var(--ast-global-color-5)","background-image":"","background-repeat":"repeat","background-position":"center center","background-size":"auto","background-attachment":"scroll","background-type":"","background-media":"","overlay-type":"","overlay-color":"","overlay-opacity":"","overlay-gradient":""}}},"tags":[],"products":[220,216],"class_list":["post-3535","product","type-product","status-publish","has-post-thumbnail","hentry","products-alumina-silicate-felt","products-metal-felt"],"acf":[],"_links":{"self":[{"href":"https:\/\/oqitop.com\/de\/wp-json\/wp\/v2\/product\/3535","targetHints":{"allow":["GET"]}}],"collection":[{"href":"https:\/\/oqitop.com\/de\/wp-json\/wp\/v2\/product"}],"about":[{"href":"https:\/\/oqitop.com\/de\/wp-json\/wp\/v2\/types\/product"}],"wp:featuredmedia":[{"embeddable":true,"href":"https:\/\/oqitop.com\/de\/wp-json\/wp\/v2\/media\/3536"}],"wp:attachment":[{"href":"https:\/\/oqitop.com\/de\/wp-json\/wp\/v2\/media?parent=3535"}],"wp:term":[{"taxonomy":"post_tag","embeddable":true,"href":"https:\/\/oqitop.com\/de\/wp-json\/wp\/v2\/tags?post=3535"},{"taxonomy":"products","embeddable":true,"href":"https:\/\/oqitop.com\/de\/wp-json\/wp\/v2\/products?post=3535"}],"curies":[{"name":"wp","href":"https:\/\/api.w.org\/{rel}","templated":true}]}}