 {"id":3595,"date":"2025-12-14T20:10:56","date_gmt":"2025-12-14T12:10:56","guid":{"rendered":"https:\/\/oqitop.com\/?post_type=product&#038;p=3595"},"modified":"2026-01-14T17:21:22","modified_gmt":"2026-01-14T09:21:22","slug":"korrosionsbestandige-und-leitfahige-messingfolie-kupferlegierungsfolie","status":"publish","type":"product","link":"https:\/\/oqitop.com\/de\/product\/korrosionsbestandige-und-leitfahige-messingfolie-kupferlegierungsfolie\/","title":{"rendered":"Korrosionsbest\u00e4ndige und leitf\u00e4hige Messingfolien Kupferlegierungsfolien"},"content":{"rendered":"<h3 style=\"text-align: center;\"><span style=\"color: #ff0000;\">Korrosionsbest\u00e4ndige und leitf\u00e4hige Messingfolien Kupferlegierungsfolien<\/span><\/h3>\n<p><iframe src=\"https:\/\/www.youtube.com\/embed\/ns8oJrY6BK8?rel=0\" allowfullscreen=\"allowfullscreen\" data-mce-fragment=\"1\"><span data-mce-type=\"bookmark\" style=\"display: inline-block; width: 0px; overflow: hidden; line-height: 0;\" class=\"mce_SELRES_start\"><\/span><\/iframe><\/p>\n<p><strong>Eigenschaften von Messingfolie:<\/strong><br \/>\nZusammensetzung: Messingfolie besteht haupts\u00e4chlich aus Kupfer und Zink, wobei die Anteile dieser Metalle variieren, um unterschiedliche Eigenschaften zu erzielen.<br \/>\nErscheinungsbild: Aufgrund seines Kupfergehalts hat es eine unverwechselbare hellgold\u00e4hnliche Farbe.<br \/>\nVerformbarkeit: Messingfolie ist sehr formbar und l\u00e4sst sich leicht formen, biegen und gestalten, ohne zu brechen.<br \/>\nKorrosionsbest\u00e4ndigkeit: Der Zinkgehalt in Messing sorgt f\u00fcr Korrosionsbest\u00e4ndigkeit und macht es f\u00fcr verschiedene Umgebungen geeignet.<br \/>\nLeitf\u00e4higkeit: Messing hat eine relativ gute elektrische und thermische Leitf\u00e4higkeit, die jedoch nicht so hoch ist wie die von reinem Kupfer.<br \/>\nDehnbarkeit: Aufgrund seiner Dehnbarkeit eignet es sich f\u00fcr komplizierte Designs und feine Arbeiten.<br \/>\nLegierungsvariationen: Verschiedene Zusammensetzungen von Messing k\u00f6nnen erstellt werden, um bestimmte Eigenschaften wie H\u00e4rte, Farbe oder Verarbeitbarkeit zu verbessern.<br \/>\nOberfl\u00e4chenbehandlung: Die Messingfolie kann in verschiedenen Ausf\u00fchrungen hergestellt werden, z. B. poliert, geb\u00fcrstet oder antikisiert.<\/p>\n<p><strong>Anwendungen von Messingfolien:<\/strong><br \/>\nKunsthandwerk: Messingfolie wird aufgrund ihrer Formbarkeit und ihrer leuchtenden Farbe h\u00e4ufig f\u00fcr dekorative Kunst und Kunsthandwerk verwendet.<br \/>\nSchmuck: Es ist beliebt f\u00fcr die Herstellung von Schmuckteilen wie komplizierten Anh\u00e4ngern, Anh\u00e4ngern und dekorativen Akzenten.<br \/>\nElektronik: Die Leitf\u00e4higkeit von Messingfolie macht sie n\u00fctzlich f\u00fcr Anwendungen wie elektrische Kontakte und Steckverbinder.<br \/>\nMusikinstrumente: Viele Musikinstrumente, wie Trompeten und Saxophone, verwenden aufgrund ihrer akustischen Eigenschaften Messingkomponenten.<br \/>\nDruckgrafik: Messingfolie wird in der Druckgrafik zur Herstellung von Radierungen und Gravuren verwendet.<br \/>\nPr\u00e4gung und Werkzeugbau: Aufgrund seiner Formbarkeit eignet es sich zum Pr\u00e4gen und zur Herstellung dekorativer Muster auf verschiedenen Oberfl\u00e4chen.<br \/>\nArchitektonische Akzente: Messingfolie wird h\u00e4ufig f\u00fcr architektonische Details, wie z. B. ornamentale Akzente und Verkleidungen, verwendet.<br \/>\nVerpackung: In einigen F\u00e4llen wird Messingfolie f\u00fcr spezielle Verpackungs- oder Kennzeichnungszwecke verwendet.<br \/>\nRestaurierung: Sie wird bei der Restaurierung antiker Gegenst\u00e4nde verwendet, vor allem wenn die \u00dcbereinstimmung mit dem urspr\u00fcnglichen Design und Material wichtig ist.<br \/>\nThermische Anwendungen: Die W\u00e4rmeleitf\u00e4higkeit von Messingfolie macht sie f\u00fcr K\u00fchlk\u00f6rper und thermische Barrieren in elektronischen Ger\u00e4ten n\u00fctzlich.<\/p>\n<p><b><strong>Um verschiedene Metallfolien anzupassen, klicken Sie bitte auf das Bild unten f\u00fcr Details\uff1a<\/strong><\/b><\/p>\n<div class=\"table-responsive\">\n<table>\n<tbody>\n<tr>\n<td>&nbsp;<\/p>\n<figure id=\"attachment_3927\" class=\"wp-caption aligncenter\" aria-describedby=\"caption-attachment-3927\"><a href=\"https:\/\/oqitop.com\/de\/produkte\/metal-foil\/copper-foil\/\"><img decoding=\"async\" class=\"size-thumbnail wp-image-3927\" title=\"Hochleistungssilberfolie Leitf\u00e4higkeit Ag-Metallfolie Hochleistungssilberfolie Leitf\u00e4higkeit Ag-Metallfolie 1\" src=\"https:\/\/oqitop.com\/wp-content\/uploads\/2025\/12\/Copper-Foil-1-150x150.jpg\" sizes=\"(max-width: 150px) 100vw, 150px\" srcset=\"https:\/\/oqitop.com\/wp-content\/uploads\/2025\/12\/Copper-Foil-1-150x150.jpg 150w, https:\/\/oqitop.com\/wp-content\/uploads\/2025\/12\/Copper-Foil-1.jpg 300w\" alt=\"\" width=\"150\" height=\"150\" \/><\/a><figcaption id=\"caption-attachment-3927\" class=\"wp-caption-text\"><a href=\"https:\/\/oqitop.com\/de\/produkte\/metal-foil\/copper-foil\/\">Kupferfolie<\/a><\/figcaption><\/figure>\n<\/td>\n<td>&nbsp;<\/p>\n<figure id=\"attachment_3928\" class=\"wp-caption aligncenter\" aria-describedby=\"caption-attachment-3928\"><a href=\"https:\/\/oqitop.com\/de\/produkte\/metal-foil\/aluminum-foil\/\"><img decoding=\"async\" class=\"size-thumbnail wp-image-3928\" title=\"Hochleistungssilberfolie Leitf\u00e4higkeit Ag-Metallfolie Hochleistungssilberfolie Leitf\u00e4higkeit Ag-Metallfolie 2\" src=\"https:\/\/oqitop.com\/wp-content\/uploads\/2025\/12\/Aluminum-Foil-1-150x150.jpg\" sizes=\"(max-width: 150px) 100vw, 150px\" srcset=\"https:\/\/oqitop.com\/wp-content\/uploads\/2025\/12\/Aluminum-Foil-1-150x150.jpg 150w, https:\/\/oqitop.com\/wp-content\/uploads\/2025\/12\/Aluminum-Foil-1.jpg 300w\" alt=\"\" width=\"150\" height=\"150\" \/><\/a><figcaption id=\"caption-attachment-3928\" class=\"wp-caption-text\"><a href=\"https:\/\/oqitop.com\/de\/produkte\/metal-foil\/aluminum-foil\/\">Aluminiumfolie<\/a><\/figcaption><\/figure>\n<\/td>\n<td>&nbsp;<\/p>\n<figure id=\"attachment_3929\" class=\"wp-caption aligncenter\" aria-describedby=\"caption-attachment-3929\"><a href=\"https:\/\/oqitop.com\/de\/produkte\/metal-foil\/stainless-steel-foil\/\"><img decoding=\"async\" class=\"size-thumbnail wp-image-3929\" title=\"Leistungsstarke Silberfolie Leitf\u00e4higkeit Ag-Metallfolie Leistungsstarke Silberfolie Leitf\u00e4higkeit Ag-Metallfolie 3\" src=\"https:\/\/oqitop.com\/wp-content\/uploads\/2025\/12\/Stainless-Steel-Foil-150x150.jpg\" sizes=\"(max-width: 150px) 100vw, 150px\" srcset=\"https:\/\/oqitop.com\/wp-content\/uploads\/2025\/12\/Stainless-Steel-Foil-150x150.jpg 150w, https:\/\/oqitop.com\/wp-content\/uploads\/2025\/12\/Stainless-Steel-Foil.jpg 300w\" alt=\"\" width=\"150\" height=\"150\" \/><\/a><figcaption id=\"caption-attachment-3929\" class=\"wp-caption-text\"><a href=\"https:\/\/oqitop.com\/de\/produkte\/metal-foil\/stainless-steel-foil\/\">Edelstahlfolie<\/a><\/figcaption><\/figure>\n<\/td>\n<td>&nbsp;<\/p>\n<figure id=\"attachment_3930\" class=\"wp-caption aligncenter\" aria-describedby=\"caption-attachment-3930\"><a href=\"https:\/\/oqitop.com\/de\/produkte\/metal-foil\/tin-foil\/\"><img loading=\"lazy\" decoding=\"async\" class=\"size-thumbnail wp-image-3930\" title=\"Hochleistungssilberfolie Leitf\u00e4higkeit Ag-Metallfolie Hochleistungssilberfolie Leitf\u00e4higkeit Ag-Metallfolie 4\" src=\"https:\/\/oqitop.com\/wp-content\/uploads\/2025\/12\/Tin-Foil-150x150.jpg\" sizes=\"(max-width: 150px) 100vw, 150px\" srcset=\"https:\/\/oqitop.com\/wp-content\/uploads\/2025\/12\/Tin-Foil-150x150.jpg 150w, https:\/\/oqitop.com\/wp-content\/uploads\/2025\/12\/Tin-Foil.jpg 300w\" alt=\"\" width=\"150\" height=\"150\" \/><\/a><figcaption id=\"caption-attachment-3930\" class=\"wp-caption-text\"><a href=\"https:\/\/oqitop.com\/de\/produkte\/metal-foil\/tin-foil\/\">Alufolie<\/a><\/figcaption><\/figure>\n<\/td>\n<\/tr>\n<tr>\n<td>&nbsp;<\/p>\n<figure id=\"attachment_3931\" class=\"wp-caption aligncenter\" aria-describedby=\"caption-attachment-3931\"><a href=\"https:\/\/oqitop.com\/de\/produkte\/metal-foil\/titanium-foil\/\"><img loading=\"lazy\" decoding=\"async\" class=\"size-thumbnail wp-image-3931\" title=\"Hochleistungssilberfolie Leitf\u00e4higkeit Ag-Metallfolie Hochleistungssilberfolie Leitf\u00e4higkeit Ag-Metallfolie 5\" src=\"https:\/\/oqitop.com\/wp-content\/uploads\/2025\/12\/Titanium-Foil-150x150.jpg\" sizes=\"(max-width: 150px) 100vw, 150px\" srcset=\"https:\/\/oqitop.com\/wp-content\/uploads\/2025\/12\/Titanium-Foil-150x150.jpg 150w, https:\/\/oqitop.com\/wp-content\/uploads\/2025\/12\/Titanium-Foil.jpg 300w\" alt=\"\" width=\"150\" height=\"150\" \/><\/a><figcaption id=\"caption-attachment-3931\" class=\"wp-caption-text\"><a href=\"https:\/\/oqitop.com\/de\/produkte\/metal-foil\/titanium-foil\/\">Titanfolie<\/a><\/figcaption><\/figure>\n<\/td>\n<td>&nbsp;<\/p>\n<figure id=\"attachment_3932\" class=\"wp-caption aligncenter\" aria-describedby=\"caption-attachment-3932\"><a href=\"https:\/\/oqitop.com\/de\/produkte\/metal-foil\/nickel-foil\/\"><img loading=\"lazy\" decoding=\"async\" class=\"size-thumbnail wp-image-3932\" title=\"Hochleistungssilberfolie Leitf\u00e4higkeit Ag-Metallfolie Hochleistungssilberfolie Leitf\u00e4higkeit Ag-Metallfolie 6\" src=\"https:\/\/oqitop.com\/wp-content\/uploads\/2025\/12\/Nickel-Foil-150x150.jpg\" sizes=\"(max-width: 150px) 100vw, 150px\" srcset=\"https:\/\/oqitop.com\/wp-content\/uploads\/2025\/12\/Nickel-Foil-150x150.jpg 150w, https:\/\/oqitop.com\/wp-content\/uploads\/2025\/12\/Nickel-Foil.jpg 300w\" alt=\"\" width=\"150\" height=\"150\" \/><\/a><figcaption id=\"caption-attachment-3932\" class=\"wp-caption-text\"><a href=\"https:\/\/oqitop.com\/de\/produkte\/metal-foil\/nickel-foil\/\">Nickelfolie<\/a><\/figcaption><\/figure>\n<\/td>\n<td>&nbsp;<\/p>\n<figure id=\"attachment_3933\" class=\"wp-caption aligncenter\" aria-describedby=\"caption-attachment-3933\"><a href=\"https:\/\/oqitop.com\/de\/produkte\/metal-foil\/nickel-foil\/\"><img loading=\"lazy\" decoding=\"async\" class=\"size-thumbnail wp-image-3933\" title=\"Hochleistungssilberfolie Leitf\u00e4higkeit Ag-Metallfolie Hochleistungssilberfolie Leitf\u00e4higkeit Ag-Metallfolie 7\" src=\"https:\/\/oqitop.com\/wp-content\/uploads\/2025\/12\/Silver-Foil-150x150.jpg\" sizes=\"(max-width: 150px) 100vw, 150px\" srcset=\"https:\/\/oqitop.com\/wp-content\/uploads\/2025\/12\/Silver-Foil-150x150.jpg 150w, https:\/\/oqitop.com\/wp-content\/uploads\/2025\/12\/Silver-Foil.jpg 300w\" alt=\"\" width=\"150\" height=\"150\" \/><\/a><figcaption id=\"caption-attachment-3933\" class=\"wp-caption-text\"><a href=\"https:\/\/oqitop.com\/de\/produkte\/metal-foil\/nickel-foil\/\">Silberne Folie<\/a><\/figcaption><\/figure>\n<\/td>\n<td>&nbsp;<\/p>\n<figure id=\"attachment_3934\" class=\"wp-caption aligncenter\" aria-describedby=\"caption-attachment-3934\"><img loading=\"lazy\" decoding=\"async\" class=\"size-thumbnail wp-image-3934\" title=\"Hochleistungssilberfolie Leitf\u00e4higkeit Ag-Metallfolie Hochleistungssilberfolie Leitf\u00e4higkeit Ag-Metallfolie 8\" src=\"https:\/\/oqitop.com\/wp-content\/uploads\/2025\/12\/Tin-Foil-1-150x150.jpg\" sizes=\"(max-width: 150px) 100vw, 150px\" srcset=\"https:\/\/oqitop.com\/wp-content\/uploads\/2025\/12\/Tin-Foil-1-150x150.jpg 150w, https:\/\/oqitop.com\/wp-content\/uploads\/2025\/12\/Tin-Foil-1.jpg 300w\" alt=\"\" width=\"150\" height=\"150\" \/><figcaption id=\"caption-attachment-3934\" class=\"wp-caption-text\">Alufolie<\/figcaption><\/figure>\n<\/td>\n<\/tr>\n<\/tbody>\n<\/table>\n<\/div>\n<p><img loading=\"lazy\" decoding=\"async\" class=\"aligncenter size-full wp-image-3596\" src=\"https:\/\/oqitop.com\/wp-content\/uploads\/2025\/12\/5-13.jpg\" alt=\"\" width=\"1024\" height=\"1024\" title=\"\" srcset=\"https:\/\/oqitop.com\/wp-content\/uploads\/2025\/12\/5-13.jpg 1024w, https:\/\/oqitop.com\/wp-content\/uploads\/2025\/12\/5-13-300x300.jpg 300w, https:\/\/oqitop.com\/wp-content\/uploads\/2025\/12\/5-13-150x150.jpg 150w, https:\/\/oqitop.com\/wp-content\/uploads\/2025\/12\/5-13-768x768.jpg 768w\" sizes=\"(max-width: 1024px) 100vw, 1024px\" \/><img loading=\"lazy\" decoding=\"async\" class=\"aligncenter size-full wp-image-3597\" src=\"https:\/\/oqitop.com\/wp-content\/uploads\/2025\/12\/6-8.jpg\" alt=\"\" width=\"1024\" height=\"1024\" title=\"\" srcset=\"https:\/\/oqitop.com\/wp-content\/uploads\/2025\/12\/6-8.jpg 1024w, https:\/\/oqitop.com\/wp-content\/uploads\/2025\/12\/6-8-300x300.jpg 300w, https:\/\/oqitop.com\/wp-content\/uploads\/2025\/12\/6-8-150x150.jpg 150w, https:\/\/oqitop.com\/wp-content\/uploads\/2025\/12\/6-8-768x768.jpg 768w\" sizes=\"(max-width: 1024px) 100vw, 1024px\" \/><img loading=\"lazy\" decoding=\"async\" class=\"aligncenter size-full wp-image-3598\" src=\"https:\/\/oqitop.com\/wp-content\/uploads\/2025\/12\/7-9.jpg\" alt=\"\" width=\"1024\" height=\"1024\" title=\"\" srcset=\"https:\/\/oqitop.com\/wp-content\/uploads\/2025\/12\/7-9.jpg 1024w, https:\/\/oqitop.com\/wp-content\/uploads\/2025\/12\/7-9-300x300.jpg 300w, https:\/\/oqitop.com\/wp-content\/uploads\/2025\/12\/7-9-150x150.jpg 150w, https:\/\/oqitop.com\/wp-content\/uploads\/2025\/12\/7-9-768x768.jpg 768w\" sizes=\"(max-width: 1024px) 100vw, 1024px\" \/><img loading=\"lazy\" decoding=\"async\" class=\"aligncenter size-full wp-image-3599\" src=\"https:\/\/oqitop.com\/wp-content\/uploads\/2025\/12\/55555-11-5.jpg\" alt=\"\" width=\"1024\" height=\"677\" title=\"\" srcset=\"https:\/\/oqitop.com\/wp-content\/uploads\/2025\/12\/55555-11-5.jpg 1024w, https:\/\/oqitop.com\/wp-content\/uploads\/2025\/12\/55555-11-5-300x198.jpg 300w, https:\/\/oqitop.com\/wp-content\/uploads\/2025\/12\/55555-11-5-768x508.jpg 768w\" sizes=\"(max-width: 1024px) 100vw, 1024px\" \/><\/p>","protected":false},"featured_media":3600,"template":"","meta":{"_acf_changed":false,"site-sidebar-layout":"default","site-content-layout":"","ast-site-content-layout":"default","site-content-style":"default","site-sidebar-style":"default","ast-global-header-display":"","ast-banner-title-visibility":"","ast-main-header-display":"","ast-hfb-above-header-display":"","ast-hfb-below-header-display":"","ast-hfb-mobile-header-display":"","site-post-title":"","ast-breadcrumbs-content":"","ast-featured-img":"","footer-sml-layout":"","theme-transparent-header-meta":"default","adv-header-id-meta":"","stick-header-meta":"default","header-above-stick-meta":"","header-main-stick-meta":"","header-below-stick-meta":"","astra-migrate-meta-layouts":"set","ast-page-background-enabled":"default","ast-page-background-meta":{"desktop":{"background-color":"var(--ast-global-color-4)","background-image":"","background-repeat":"repeat","background-position":"center center","background-size":"auto","background-attachment":"scroll","background-type":"","background-media":"","overlay-type":"","overlay-color":"","overlay-opacity":"","overlay-gradient":""},"tablet":{"background-color":"","background-image":"","background-repeat":"repeat","background-position":"center center","background-size":"auto","background-attachment":"scroll","background-type":"","background-media":"","overlay-type":"","overlay-color":"","overlay-opacity":"","overlay-gradient":""},"mobile":{"background-color":"","background-image":"","background-repeat":"repeat","background-position":"center center","background-size":"auto","background-attachment":"scroll","background-type":"","background-media":"","overlay-type":"","overlay-color":"","overlay-opacity":"","overlay-gradient":""}},"ast-content-background-meta":{"desktop":{"background-color":"var(--ast-global-color-5)","background-image":"","background-repeat":"repeat","background-position":"center center","background-size":"auto","background-attachment":"scroll","background-type":"","background-media":"","overlay-type":"","overlay-color":"","overlay-opacity":"","overlay-gradient":""},"tablet":{"background-color":"var(--ast-global-color-5)","background-image":"","background-repeat":"repeat","background-position":"center center","background-size":"auto","background-attachment":"scroll","background-type":"","background-media":"","overlay-type":"","overlay-color":"","overlay-opacity":"","overlay-gradient":""},"mobile":{"background-color":"var(--ast-global-color-5)","background-image":"","background-repeat":"repeat","background-position":"center center","background-size":"auto","background-attachment":"scroll","background-type":"","background-media":"","overlay-type":"","overlay-color":"","overlay-opacity":"","overlay-gradient":""}}},"tags":[],"products":[224,223],"class_list":["post-3595","product","type-product","status-publish","has-post-thumbnail","hentry","products-copper-foil","products-metal-foil"],"acf":[],"_links":{"self":[{"href":"https:\/\/oqitop.com\/de\/wp-json\/wp\/v2\/product\/3595","targetHints":{"allow":["GET"]}}],"collection":[{"href":"https:\/\/oqitop.com\/de\/wp-json\/wp\/v2\/product"}],"about":[{"href":"https:\/\/oqitop.com\/de\/wp-json\/wp\/v2\/types\/product"}],"wp:featuredmedia":[{"embeddable":true,"href":"https:\/\/oqitop.com\/de\/wp-json\/wp\/v2\/media\/3600"}],"wp:attachment":[{"href":"https:\/\/oqitop.com\/de\/wp-json\/wp\/v2\/media?parent=3595"}],"wp:term":[{"taxonomy":"post_tag","embeddable":true,"href":"https:\/\/oqitop.com\/de\/wp-json\/wp\/v2\/tags?post=3595"},{"taxonomy":"products","embeddable":true,"href":"https:\/\/oqitop.com\/de\/wp-json\/wp\/v2\/products?post=3595"}],"curies":[{"name":"wp","href":"https:\/\/api.w.org\/{rel}","templated":true}]}}