 {"id":3633,"date":"2025-12-14T21:03:08","date_gmt":"2025-12-14T13:03:08","guid":{"rendered":"https:\/\/oqitop.com\/?post_type=product&#038;p=3633"},"modified":"2026-01-14T17:23:53","modified_gmt":"2026-01-14T09:23:53","slug":"copper-metal-foil-cu-foil-accept-customization-size","status":"publish","type":"product","link":"https:\/\/oqitop.com\/de\/product\/copper-metal-foil-cu-foil-accept-customization-size\/","title":{"rendered":"Copper Metal Foil Cu foil Accept Customization Size"},"content":{"rendered":"<h3 style=\"text-align: center;\"><span style=\"color: #ff0000;\">Copper Metal Foil Cu foil Accept Customization Size<\/span><\/h3>\n<p><iframe src=\"https:\/\/www.youtube.com\/embed\/J5EiDwSf2wI?rel=0\" allowfullscreen=\"allowfullscreen\" data-mce-fragment=\"1\"><\/iframe><\/p>\n<p><strong>Merkmale der violetten Kupferfolie:<\/strong><br \/>\n<strong>Leitf\u00e4higkeit:<\/strong>\u00a0Violette Kupferfolie weist eine ausgezeichnete elektrische Leitf\u00e4higkeit auf und wird daher bevorzugt in der Elektronik und bei elektrischen Anwendungen wie der Leiterplattenherstellung eingesetzt.<br \/>\n<strong>W\u00e4rmeleitf\u00e4higkeit:\u00a0<\/strong>The foil\u2019s exceptional thermal conductivity properties enable efficient heat dissipation, a crucial factor in heat-sensitive applications.<br \/>\n<strong>Verformbarkeit:\u00a0<\/strong>Purpurne Kupferfolie ist sehr formbar, so dass sie sich auch in komplexen Fertigungsprozessen leicht formen und gestalten l\u00e4sst.<br \/>\n<strong>Korrosionsbest\u00e4ndigkeit:\u00a0<\/strong>Diese Art von Kupferfolie verf\u00fcgt \u00fcber eine gewisse Korrosionsbest\u00e4ndigkeit, die ihre Haltbarkeit und Leistung \u00fcber lange Zeitr\u00e4ume hinweg gew\u00e4hrleistet.<br \/>\n<strong>\u00c4sthetische Anziehungskraft:\u00a0<\/strong>Neben ihren funktionalen Eigenschaften bietet die ausgepr\u00e4gte Farbe der violetten Kupferfolie auch ein dekoratives Potenzial, das die visuelle \u00c4sthetik in verschiedenen Designanwendungen verbessert.<\/p>\n<p><strong>Anwendungen von violetter Kupferfolie:<\/strong><br \/>\n<strong>Elektronik:\u00a0<\/strong>Violette Kupferfolie wird in der Elektronikindustrie in gro\u00dfem Umfang verwendet, insbesondere bei der Herstellung von Leiterplatten, wo ihre hohe Leitf\u00e4higkeit f\u00fcr eine effektive Schaltung unerl\u00e4sslich ist.<br \/>\n<strong>W\u00e4rmemanagement:\u00a0<\/strong>Ihre au\u00dfergew\u00f6hnliche W\u00e4rmeleitf\u00e4higkeit macht Purpurkupferfolie wertvoll f\u00fcr Anwendungen, die eine effiziente W\u00e4rmeableitung erfordern, wie z. B. K\u00fchlk\u00f6rper und W\u00e4rmemanagementsysteme.<br \/>\n<strong>Herstellung:\u00a0<\/strong>The foil\u2019s formability lends itself well to intricate manufacturing processes, making it suitable for various components and parts in different industries.<br \/>\n<strong>Langlebigkeit:<\/strong>\u00a0Ihre Korrosionsbest\u00e4ndigkeit macht die violette Kupferfolie zu einer zuverl\u00e4ssigen Wahl f\u00fcr Anwendungen, bei denen eine l\u00e4ngere Einwirkung von Umweltfaktoren zu erwarten ist.<br \/>\n<strong>Dekoratives Design:\u00a0<\/strong>The foil\u2019s unique color allows it to be used decoratively, enhancing the visual appeal of products or installations where aesthetics are important.<\/p>\n<p><b><strong>Um verschiedene Metallfolien anzupassen, klicken Sie bitte auf das Bild unten f\u00fcr Details\uff1a<\/strong><\/b><\/p>\n<div class=\"table-responsive\">\n<table>\n<tbody>\n<tr>\n<td>&nbsp;<\/p>\n<figure id=\"attachment_3927\" class=\"wp-caption aligncenter\" aria-describedby=\"caption-attachment-3927\"><a href=\"https:\/\/oqitop.com\/de\/produkte\/metal-foil\/copper-foil\/\"><img decoding=\"async\" class=\"size-thumbnail wp-image-3927\" title=\"Hochleistungssilberfolie Leitf\u00e4higkeit Ag-Metallfolie Hochleistungssilberfolie Leitf\u00e4higkeit Ag-Metallfolie 1\" src=\"https:\/\/oqitop.com\/wp-content\/uploads\/2025\/12\/Copper-Foil-1-150x150.jpg\" sizes=\"(max-width: 150px) 100vw, 150px\" srcset=\"https:\/\/oqitop.com\/wp-content\/uploads\/2025\/12\/Copper-Foil-1-150x150.jpg 150w, https:\/\/oqitop.com\/wp-content\/uploads\/2025\/12\/Copper-Foil-1.jpg 300w\" alt=\"\" width=\"150\" height=\"150\" \/><\/a><figcaption id=\"caption-attachment-3927\" class=\"wp-caption-text\"><a href=\"https:\/\/oqitop.com\/de\/produkte\/metal-foil\/copper-foil\/\">Kupferfolie<\/a><\/figcaption><\/figure>\n<\/td>\n<td>&nbsp;<\/p>\n<figure id=\"attachment_3928\" class=\"wp-caption aligncenter\" aria-describedby=\"caption-attachment-3928\"><a href=\"https:\/\/oqitop.com\/de\/produkte\/metal-foil\/aluminum-foil\/\"><img decoding=\"async\" class=\"size-thumbnail wp-image-3928\" title=\"Hochleistungssilberfolie Leitf\u00e4higkeit Ag-Metallfolie Hochleistungssilberfolie Leitf\u00e4higkeit Ag-Metallfolie 2\" src=\"https:\/\/oqitop.com\/wp-content\/uploads\/2025\/12\/Aluminum-Foil-1-150x150.jpg\" sizes=\"(max-width: 150px) 100vw, 150px\" srcset=\"https:\/\/oqitop.com\/wp-content\/uploads\/2025\/12\/Aluminum-Foil-1-150x150.jpg 150w, https:\/\/oqitop.com\/wp-content\/uploads\/2025\/12\/Aluminum-Foil-1.jpg 300w\" alt=\"\" width=\"150\" height=\"150\" \/><\/a><figcaption id=\"caption-attachment-3928\" class=\"wp-caption-text\"><a href=\"https:\/\/oqitop.com\/de\/produkte\/metal-foil\/aluminum-foil\/\">Aluminiumfolie<\/a><\/figcaption><\/figure>\n<\/td>\n<td>&nbsp;<\/p>\n<figure id=\"attachment_3929\" class=\"wp-caption aligncenter\" aria-describedby=\"caption-attachment-3929\"><a href=\"https:\/\/oqitop.com\/de\/produkte\/metal-foil\/stainless-steel-foil\/\"><img decoding=\"async\" class=\"size-thumbnail wp-image-3929\" title=\"Leistungsstarke Silberfolie Leitf\u00e4higkeit Ag-Metallfolie Leistungsstarke Silberfolie Leitf\u00e4higkeit Ag-Metallfolie 3\" src=\"https:\/\/oqitop.com\/wp-content\/uploads\/2025\/12\/Stainless-Steel-Foil-150x150.jpg\" sizes=\"(max-width: 150px) 100vw, 150px\" srcset=\"https:\/\/oqitop.com\/wp-content\/uploads\/2025\/12\/Stainless-Steel-Foil-150x150.jpg 150w, https:\/\/oqitop.com\/wp-content\/uploads\/2025\/12\/Stainless-Steel-Foil.jpg 300w\" alt=\"\" width=\"150\" height=\"150\" \/><\/a><figcaption id=\"caption-attachment-3929\" class=\"wp-caption-text\"><a href=\"https:\/\/oqitop.com\/de\/produkte\/metal-foil\/stainless-steel-foil\/\">Edelstahlfolie<\/a><\/figcaption><\/figure>\n<\/td>\n<td>&nbsp;<\/p>\n<figure id=\"attachment_3930\" class=\"wp-caption aligncenter\" aria-describedby=\"caption-attachment-3930\"><a href=\"https:\/\/oqitop.com\/de\/produkte\/metal-foil\/tin-foil\/\"><img loading=\"lazy\" decoding=\"async\" class=\"size-thumbnail wp-image-3930\" title=\"Hochleistungssilberfolie Leitf\u00e4higkeit Ag-Metallfolie Hochleistungssilberfolie Leitf\u00e4higkeit Ag-Metallfolie 4\" src=\"https:\/\/oqitop.com\/wp-content\/uploads\/2025\/12\/Tin-Foil-150x150.jpg\" sizes=\"(max-width: 150px) 100vw, 150px\" srcset=\"https:\/\/oqitop.com\/wp-content\/uploads\/2025\/12\/Tin-Foil-150x150.jpg 150w, https:\/\/oqitop.com\/wp-content\/uploads\/2025\/12\/Tin-Foil.jpg 300w\" alt=\"\" width=\"150\" height=\"150\" \/><\/a><figcaption id=\"caption-attachment-3930\" class=\"wp-caption-text\"><a href=\"https:\/\/oqitop.com\/de\/produkte\/metal-foil\/tin-foil\/\">Alufolie<\/a><\/figcaption><\/figure>\n<\/td>\n<\/tr>\n<tr>\n<td>&nbsp;<\/p>\n<figure id=\"attachment_3931\" class=\"wp-caption aligncenter\" aria-describedby=\"caption-attachment-3931\"><a href=\"https:\/\/oqitop.com\/de\/produkte\/metal-foil\/titanium-foil\/\"><img loading=\"lazy\" decoding=\"async\" class=\"size-thumbnail wp-image-3931\" title=\"Hochleistungssilberfolie Leitf\u00e4higkeit Ag-Metallfolie Hochleistungssilberfolie Leitf\u00e4higkeit Ag-Metallfolie 5\" src=\"https:\/\/oqitop.com\/wp-content\/uploads\/2025\/12\/Titanium-Foil-150x150.jpg\" sizes=\"(max-width: 150px) 100vw, 150px\" srcset=\"https:\/\/oqitop.com\/wp-content\/uploads\/2025\/12\/Titanium-Foil-150x150.jpg 150w, https:\/\/oqitop.com\/wp-content\/uploads\/2025\/12\/Titanium-Foil.jpg 300w\" alt=\"\" width=\"150\" height=\"150\" \/><\/a><figcaption id=\"caption-attachment-3931\" class=\"wp-caption-text\"><a href=\"https:\/\/oqitop.com\/de\/produkte\/metal-foil\/titanium-foil\/\">Titanfolie<\/a><\/figcaption><\/figure>\n<\/td>\n<td>&nbsp;<\/p>\n<figure id=\"attachment_3932\" class=\"wp-caption aligncenter\" aria-describedby=\"caption-attachment-3932\"><a href=\"https:\/\/oqitop.com\/de\/produkte\/metal-foil\/nickel-foil\/\"><img loading=\"lazy\" decoding=\"async\" class=\"size-thumbnail wp-image-3932\" title=\"Hochleistungssilberfolie Leitf\u00e4higkeit Ag-Metallfolie Hochleistungssilberfolie Leitf\u00e4higkeit Ag-Metallfolie 6\" src=\"https:\/\/oqitop.com\/wp-content\/uploads\/2025\/12\/Nickel-Foil-150x150.jpg\" sizes=\"(max-width: 150px) 100vw, 150px\" srcset=\"https:\/\/oqitop.com\/wp-content\/uploads\/2025\/12\/Nickel-Foil-150x150.jpg 150w, https:\/\/oqitop.com\/wp-content\/uploads\/2025\/12\/Nickel-Foil.jpg 300w\" alt=\"\" width=\"150\" height=\"150\" \/><\/a><figcaption id=\"caption-attachment-3932\" class=\"wp-caption-text\"><a href=\"https:\/\/oqitop.com\/de\/produkte\/metal-foil\/nickel-foil\/\">Nickelfolie<\/a><\/figcaption><\/figure>\n<\/td>\n<td>&nbsp;<\/p>\n<figure id=\"attachment_3933\" class=\"wp-caption aligncenter\" aria-describedby=\"caption-attachment-3933\"><a href=\"https:\/\/oqitop.com\/de\/produkte\/metal-foil\/nickel-foil\/\"><img loading=\"lazy\" decoding=\"async\" class=\"size-thumbnail wp-image-3933\" title=\"Hochleistungssilberfolie Leitf\u00e4higkeit Ag-Metallfolie Hochleistungssilberfolie Leitf\u00e4higkeit Ag-Metallfolie 7\" src=\"https:\/\/oqitop.com\/wp-content\/uploads\/2025\/12\/Silver-Foil-150x150.jpg\" sizes=\"(max-width: 150px) 100vw, 150px\" srcset=\"https:\/\/oqitop.com\/wp-content\/uploads\/2025\/12\/Silver-Foil-150x150.jpg 150w, https:\/\/oqitop.com\/wp-content\/uploads\/2025\/12\/Silver-Foil.jpg 300w\" alt=\"\" width=\"150\" height=\"150\" \/><\/a><figcaption id=\"caption-attachment-3933\" class=\"wp-caption-text\"><a href=\"https:\/\/oqitop.com\/de\/produkte\/metal-foil\/nickel-foil\/\">Silberne Folie<\/a><\/figcaption><\/figure>\n<\/td>\n<td>&nbsp;<\/p>\n<figure id=\"attachment_3934\" class=\"wp-caption aligncenter\" aria-describedby=\"caption-attachment-3934\"><img loading=\"lazy\" decoding=\"async\" class=\"size-thumbnail wp-image-3934\" title=\"Hochleistungssilberfolie Leitf\u00e4higkeit Ag-Metallfolie Hochleistungssilberfolie Leitf\u00e4higkeit Ag-Metallfolie 8\" src=\"https:\/\/oqitop.com\/wp-content\/uploads\/2025\/12\/Tin-Foil-1-150x150.jpg\" sizes=\"(max-width: 150px) 100vw, 150px\" srcset=\"https:\/\/oqitop.com\/wp-content\/uploads\/2025\/12\/Tin-Foil-1-150x150.jpg 150w, https:\/\/oqitop.com\/wp-content\/uploads\/2025\/12\/Tin-Foil-1.jpg 300w\" alt=\"\" width=\"150\" height=\"150\" \/><figcaption id=\"caption-attachment-3934\" class=\"wp-caption-text\">Alufolie<\/figcaption><\/figure>\n<\/td>\n<\/tr>\n<\/tbody>\n<\/table>\n<\/div>\n<p><img loading=\"lazy\" decoding=\"async\" class=\"aligncenter size-full wp-image-3613\" title=\"High Conductivity Cu Foil and Thermal Properties Purple Copper Foil 1\" src=\"https:\/\/oqitop.com\/wp-content\/uploads\/2025\/12\/5-15.jpg\" sizes=\"(max-width: 1024px) 100vw, 1024px\" srcset=\"https:\/\/oqitop.com\/wp-content\/uploads\/2025\/12\/5-15.jpg 1024w, https:\/\/oqitop.com\/wp-content\/uploads\/2025\/12\/5-15-300x225.jpg 300w, https:\/\/oqitop.com\/wp-content\/uploads\/2025\/12\/5-15-768x576.jpg 768w\" alt=\"\" width=\"1024\" height=\"768\" \/><img loading=\"lazy\" decoding=\"async\" class=\"aligncenter size-full wp-image-3614\" title=\"High Conductivity Cu Foil and Thermal Properties Purple Copper Foil 2\" src=\"https:\/\/oqitop.com\/wp-content\/uploads\/2025\/12\/6-10.jpg\" sizes=\"(max-width: 1024px) 100vw, 1024px\" srcset=\"https:\/\/oqitop.com\/wp-content\/uploads\/2025\/12\/6-10.jpg 1024w, https:\/\/oqitop.com\/wp-content\/uploads\/2025\/12\/6-10-300x225.jpg 300w, https:\/\/oqitop.com\/wp-content\/uploads\/2025\/12\/6-10-768x576.jpg 768w\" alt=\"\" width=\"1024\" height=\"768\" \/><img loading=\"lazy\" decoding=\"async\" class=\"aligncenter size-full wp-image-3615\" title=\"High Conductivity Cu Foil and Thermal Properties Purple Copper Foil 3\" src=\"https:\/\/oqitop.com\/wp-content\/uploads\/2025\/12\/55555-11-7.jpg\" sizes=\"(max-width: 1024px) 100vw, 1024px\" srcset=\"https:\/\/oqitop.com\/wp-content\/uploads\/2025\/12\/55555-11-7.jpg 1024w, https:\/\/oqitop.com\/wp-content\/uploads\/2025\/12\/55555-11-7-300x198.jpg 300w, https:\/\/oqitop.com\/wp-content\/uploads\/2025\/12\/55555-11-7-768x508.jpg 768w\" alt=\"\" width=\"1024\" height=\"677\" \/><\/p>","protected":false},"featured_media":3634,"template":"","meta":{"_acf_changed":false,"site-sidebar-layout":"default","site-content-layout":"","ast-site-content-layout":"default","site-content-style":"default","site-sidebar-style":"default","ast-global-header-display":"","ast-banner-title-visibility":"","ast-main-header-display":"","ast-hfb-above-header-display":"","ast-hfb-below-header-display":"","ast-hfb-mobile-header-display":"","site-post-title":"","ast-breadcrumbs-content":"","ast-featured-img":"","footer-sml-layout":"","theme-transparent-header-meta":"default","adv-header-id-meta":"","stick-header-meta":"default","header-above-stick-meta":"","header-main-stick-meta":"","header-below-stick-meta":"","astra-migrate-meta-layouts":"set","ast-page-background-enabled":"default","ast-page-background-meta":{"desktop":{"background-color":"var(--ast-global-color-4)","background-image":"","background-repeat":"repeat","background-position":"center center","background-size":"auto","background-attachment":"scroll","background-type":"","background-media":"","overlay-type":"","overlay-color":"","overlay-opacity":"","overlay-gradient":""},"tablet":{"background-color":"","background-image":"","background-repeat":"repeat","background-position":"center center","background-size":"auto","background-attachment":"scroll","background-type":"","background-media":"","overlay-type":"","overlay-color":"","overlay-opacity":"","overlay-gradient":""},"mobile":{"background-color":"","background-image":"","background-repeat":"repeat","background-position":"center center","background-size":"auto","background-attachment":"scroll","background-type":"","background-media":"","overlay-type":"","overlay-color":"","overlay-opacity":"","overlay-gradient":""}},"ast-content-background-meta":{"desktop":{"background-color":"var(--ast-global-color-5)","background-image":"","background-repeat":"repeat","background-position":"center center","background-size":"auto","background-attachment":"scroll","background-type":"","background-media":"","overlay-type":"","overlay-color":"","overlay-opacity":"","overlay-gradient":""},"tablet":{"background-color":"var(--ast-global-color-5)","background-image":"","background-repeat":"repeat","background-position":"center center","background-size":"auto","background-attachment":"scroll","background-type":"","background-media":"","overlay-type":"","overlay-color":"","overlay-opacity":"","overlay-gradient":""},"mobile":{"background-color":"var(--ast-global-color-5)","background-image":"","background-repeat":"repeat","background-position":"center center","background-size":"auto","background-attachment":"scroll","background-type":"","background-media":"","overlay-type":"","overlay-color":"","overlay-opacity":"","overlay-gradient":""}}},"tags":[],"products":[224,223],"class_list":["post-3633","product","type-product","status-publish","has-post-thumbnail","hentry","products-copper-foil","products-metal-foil"],"acf":[],"_links":{"self":[{"href":"https:\/\/oqitop.com\/de\/wp-json\/wp\/v2\/product\/3633","targetHints":{"allow":["GET"]}}],"collection":[{"href":"https:\/\/oqitop.com\/de\/wp-json\/wp\/v2\/product"}],"about":[{"href":"https:\/\/oqitop.com\/de\/wp-json\/wp\/v2\/types\/product"}],"wp:featuredmedia":[{"embeddable":true,"href":"https:\/\/oqitop.com\/de\/wp-json\/wp\/v2\/media\/3634"}],"wp:attachment":[{"href":"https:\/\/oqitop.com\/de\/wp-json\/wp\/v2\/media?parent=3633"}],"wp:term":[{"taxonomy":"post_tag","embeddable":true,"href":"https:\/\/oqitop.com\/de\/wp-json\/wp\/v2\/tags?post=3633"},{"taxonomy":"products","embeddable":true,"href":"https:\/\/oqitop.com\/de\/wp-json\/wp\/v2\/products?post=3633"}],"curies":[{"name":"wp","href":"https:\/\/api.w.org\/{rel}","templated":true}]}}