 {"id":3643,"date":"2025-12-14T21:47:37","date_gmt":"2025-12-14T13:47:37","guid":{"rendered":"https:\/\/oqitop.com\/?post_type=product&#038;p=3643"},"modified":"2026-01-14T17:26:16","modified_gmt":"2026-01-14T09:26:16","slug":"fabrikpreis-fluorkohlenstoff-polyester-hochglanzend-weis-beschichtete-aluminiumspule-dekorative-farbe-beschichtete-aluminiumfolie","status":"publish","type":"product","link":"https:\/\/oqitop.com\/de\/product\/fabrikpreis-fluorkohlenstoff-polyester-hochglanzend-weis-beschichtete-aluminiumspule-dekorative-farbe-beschichtete-aluminiumfolie\/","title":{"rendered":"Fabrikpreis Fluorkohlenstoff-Polyester Hochglanz wei\u00df beschichtete Aluminiumspule Dekorative farbbeschichtete Aluminiumfolie"},"content":{"rendered":"<p style=\"text-align: center;\"><span style=\"color: #ff0000;\">Fabrikpreis Fluorkohlenstoff-Polyester Hochglanz wei\u00df beschichtete Aluminiumspule Dekorative farbbeschichtete Aluminiumfolie<\/span><\/p>\n<p>&nbsp;<\/p>\n<p><iframe src=\"https:\/\/www.youtube.com\/embed\/5lw9Jk8NWjw?rel=0\" allowfullscreen=\"allowfullscreen\" data-mce-fragment=\"1\"><span data-mce-type=\"bookmark\" style=\"display: inline-block; width: 0px; overflow: hidden; line-height: 0;\" class=\"mce_SELRES_start\"><\/span><\/iframe><\/p>\n<p align=\"center\"><strong>Einf\u00fchrung<\/strong><\/p>\n<p align=\"center\">Bei farbbeschichtetem Aluminium wird, wie der Name schon sagt, eine farbige Beschichtung auf die Oberfl\u00e4che von Aluminiumblechen oder -b\u00e4ndern aufgebracht. Zu den gebr\u00e4uchlichen Typen geh\u00f6ren farbbeschichtetes Aluminium mit Fluorkohlenstoff (farbbeschichtetes Aluminiumband) und farbbeschichtetes Aluminium mit Polyester (farbbeschichtetes Aluminiumband). Dieses Material wird h\u00e4ufig f\u00fcr Aluminium-Kunststoffplatten, einzelne Aluminiumplatten, Aluminiumwabenplatten, Aluminiumdecken, Dachfl\u00e4chen, Kanten und Ecken, Getr\u00e4nkedosen und elektronische Produkte verwendet. Es zeichnet sich durch eine stabile Leistung aus, ist korrosionsbest\u00e4ndig und kann sein Aussehen bis zu 30 Jahre nach der Behandlung beibehalten. Mit seinem geringen Gewicht pro Volumeneinheit im Vergleich zu anderen Metallwerkstoffen ist farbbeschichtetes Aluminium derzeit eine beliebte Materialwahl.<\/p>\n<p align=\"center\"><strong>Leistung<\/strong><\/p>\n<p align=\"center\">Polyesterharz wird aus Polymerketten mit Acetylgruppen als Monomeren synthetisiert. Es werden Alkohols\u00e4ureharze und UV-Absorber hinzugef\u00fcgt. Je nach Glanzgrad gibt es subgl\u00e4nzende und hochgl\u00e4nzende Serien. Dies verleiht farbigen Aluminiumprodukten eine reiche Farbpalette sowie hervorragenden Glanz und Gl\u00e4tte. Sie bietet auch eine hervorragende Textur und Haptik, die Tiefe und einen dreidimensionalen Effekt verleiht. Die Beschichtung bietet Schutz vor UV-Strahlung, Wind, Regen, Frost und Eis sowie vor Temperaturschwankungen, Frost-Tau-Zyklen, korrosiven Gasen und Mikroben.<br \/>\nDiese Beschichtung eignet sich besonders f\u00fcr Innenraumdekorationen und Werbetafeln.<\/p>\n<p align=\"center\"><strong>Produktionsbereich (Dicke \u2264 0,5MM):<\/strong><br \/>\nDicke: 0,026MM - 0,5MM<br \/>\nBreite: 800MM - 1620MM<\/p>\n<p><strong>Produktionsbereich (Dicke &gt; 0,5MM):<\/strong><br \/>\nDicke: 0,5MM - 1,6MM<br \/>\nBreite: &lt;1620MM<\/p>\n<p><strong>Gemeinsame Breiten:<\/strong>\u00a01240MM, 1270MM, 1520MM, 1570MM; andere Sonderbreiten k\u00f6nnen je nach Kundenanforderung angepasst werden.<\/p>\n<p><strong>G\u00e4ngige Legierungen:\u00a0<\/strong>1100, 3003, 8011, 3105, 5052; andere Legierungen k\u00f6nnen je nach Kundenanforderung angepasst werden.<\/p>\n<p><b><strong>Um verschiedene Metallfolien anzupassen, klicken Sie bitte auf das Bild unten f\u00fcr Details\uff1a<\/strong><\/b><\/p>\n<div class=\"table-responsive\">\n<table>\n<tbody>\n<tr>\n<td>&nbsp;<\/p>\n<figure id=\"attachment_3927\" class=\"wp-caption aligncenter\" aria-describedby=\"caption-attachment-3927\"><a href=\"https:\/\/oqitop.com\/de\/produkte\/metal-foil\/copper-foil\/\"><img decoding=\"async\" class=\"size-thumbnail wp-image-3927\" title=\"Hochleistungssilberfolie Leitf\u00e4higkeit Ag-Metallfolie Hochleistungssilberfolie Leitf\u00e4higkeit Ag-Metallfolie 1\" src=\"https:\/\/oqitop.com\/wp-content\/uploads\/2025\/12\/Copper-Foil-1-150x150.jpg\" sizes=\"(max-width: 150px) 100vw, 150px\" srcset=\"https:\/\/oqitop.com\/wp-content\/uploads\/2025\/12\/Copper-Foil-1-150x150.jpg 150w, https:\/\/oqitop.com\/wp-content\/uploads\/2025\/12\/Copper-Foil-1.jpg 300w\" alt=\"\" width=\"150\" height=\"150\" \/><\/a><figcaption id=\"caption-attachment-3927\" class=\"wp-caption-text\"><a href=\"https:\/\/oqitop.com\/de\/produkte\/metal-foil\/copper-foil\/\">Kupferfolie<\/a><\/figcaption><\/figure>\n<\/td>\n<td>&nbsp;<\/p>\n<figure id=\"attachment_3928\" class=\"wp-caption aligncenter\" aria-describedby=\"caption-attachment-3928\"><a href=\"https:\/\/oqitop.com\/de\/produkte\/metal-foil\/aluminum-foil\/\"><img decoding=\"async\" class=\"size-thumbnail wp-image-3928\" title=\"Hochleistungssilberfolie Leitf\u00e4higkeit Ag-Metallfolie Hochleistungssilberfolie Leitf\u00e4higkeit Ag-Metallfolie 2\" src=\"https:\/\/oqitop.com\/wp-content\/uploads\/2025\/12\/Aluminum-Foil-1-150x150.jpg\" sizes=\"(max-width: 150px) 100vw, 150px\" srcset=\"https:\/\/oqitop.com\/wp-content\/uploads\/2025\/12\/Aluminum-Foil-1-150x150.jpg 150w, https:\/\/oqitop.com\/wp-content\/uploads\/2025\/12\/Aluminum-Foil-1.jpg 300w\" alt=\"\" width=\"150\" height=\"150\" \/><\/a><figcaption id=\"caption-attachment-3928\" class=\"wp-caption-text\"><a href=\"https:\/\/oqitop.com\/de\/produkte\/metal-foil\/aluminum-foil\/\">Aluminiumfolie<\/a><\/figcaption><\/figure>\n<\/td>\n<td>&nbsp;<\/p>\n<figure id=\"attachment_3929\" class=\"wp-caption aligncenter\" aria-describedby=\"caption-attachment-3929\"><a href=\"https:\/\/oqitop.com\/de\/produkte\/metal-foil\/stainless-steel-foil\/\"><img decoding=\"async\" class=\"size-thumbnail wp-image-3929\" title=\"Leistungsstarke Silberfolie Leitf\u00e4higkeit Ag-Metallfolie Leistungsstarke Silberfolie Leitf\u00e4higkeit Ag-Metallfolie 3\" src=\"https:\/\/oqitop.com\/wp-content\/uploads\/2025\/12\/Stainless-Steel-Foil-150x150.jpg\" sizes=\"(max-width: 150px) 100vw, 150px\" srcset=\"https:\/\/oqitop.com\/wp-content\/uploads\/2025\/12\/Stainless-Steel-Foil-150x150.jpg 150w, https:\/\/oqitop.com\/wp-content\/uploads\/2025\/12\/Stainless-Steel-Foil.jpg 300w\" alt=\"\" width=\"150\" height=\"150\" \/><\/a><figcaption id=\"caption-attachment-3929\" class=\"wp-caption-text\"><a href=\"https:\/\/oqitop.com\/de\/produkte\/metal-foil\/stainless-steel-foil\/\">Edelstahlfolie<\/a><\/figcaption><\/figure>\n<\/td>\n<td>&nbsp;<\/p>\n<figure id=\"attachment_3930\" class=\"wp-caption aligncenter\" aria-describedby=\"caption-attachment-3930\"><a href=\"https:\/\/oqitop.com\/de\/produkte\/metal-foil\/tin-foil\/\"><img loading=\"lazy\" decoding=\"async\" class=\"size-thumbnail wp-image-3930\" title=\"Hochleistungssilberfolie Leitf\u00e4higkeit Ag-Metallfolie Hochleistungssilberfolie Leitf\u00e4higkeit Ag-Metallfolie 4\" src=\"https:\/\/oqitop.com\/wp-content\/uploads\/2025\/12\/Tin-Foil-150x150.jpg\" sizes=\"(max-width: 150px) 100vw, 150px\" srcset=\"https:\/\/oqitop.com\/wp-content\/uploads\/2025\/12\/Tin-Foil-150x150.jpg 150w, https:\/\/oqitop.com\/wp-content\/uploads\/2025\/12\/Tin-Foil.jpg 300w\" alt=\"\" width=\"150\" height=\"150\" \/><\/a><figcaption id=\"caption-attachment-3930\" class=\"wp-caption-text\"><a href=\"https:\/\/oqitop.com\/de\/produkte\/metal-foil\/tin-foil\/\">Alufolie<\/a><\/figcaption><\/figure>\n<\/td>\n<\/tr>\n<tr>\n<td>&nbsp;<\/p>\n<figure id=\"attachment_3931\" class=\"wp-caption aligncenter\" aria-describedby=\"caption-attachment-3931\"><a href=\"https:\/\/oqitop.com\/de\/produkte\/metal-foil\/titanium-foil\/\"><img loading=\"lazy\" decoding=\"async\" class=\"size-thumbnail wp-image-3931\" title=\"Hochleistungssilberfolie Leitf\u00e4higkeit Ag-Metallfolie Hochleistungssilberfolie Leitf\u00e4higkeit Ag-Metallfolie 5\" src=\"https:\/\/oqitop.com\/wp-content\/uploads\/2025\/12\/Titanium-Foil-150x150.jpg\" sizes=\"(max-width: 150px) 100vw, 150px\" srcset=\"https:\/\/oqitop.com\/wp-content\/uploads\/2025\/12\/Titanium-Foil-150x150.jpg 150w, https:\/\/oqitop.com\/wp-content\/uploads\/2025\/12\/Titanium-Foil.jpg 300w\" alt=\"\" width=\"150\" height=\"150\" \/><\/a><figcaption id=\"caption-attachment-3931\" class=\"wp-caption-text\"><a href=\"https:\/\/oqitop.com\/de\/produkte\/metal-foil\/titanium-foil\/\">Titanfolie<\/a><\/figcaption><\/figure>\n<\/td>\n<td>&nbsp;<\/p>\n<figure id=\"attachment_3932\" class=\"wp-caption aligncenter\" aria-describedby=\"caption-attachment-3932\"><a href=\"https:\/\/oqitop.com\/de\/produkte\/metal-foil\/nickel-foil\/\"><img loading=\"lazy\" decoding=\"async\" class=\"size-thumbnail wp-image-3932\" title=\"Hochleistungssilberfolie Leitf\u00e4higkeit Ag-Metallfolie Hochleistungssilberfolie Leitf\u00e4higkeit Ag-Metallfolie 6\" src=\"https:\/\/oqitop.com\/wp-content\/uploads\/2025\/12\/Nickel-Foil-150x150.jpg\" sizes=\"(max-width: 150px) 100vw, 150px\" srcset=\"https:\/\/oqitop.com\/wp-content\/uploads\/2025\/12\/Nickel-Foil-150x150.jpg 150w, https:\/\/oqitop.com\/wp-content\/uploads\/2025\/12\/Nickel-Foil.jpg 300w\" alt=\"\" width=\"150\" height=\"150\" \/><\/a><figcaption id=\"caption-attachment-3932\" class=\"wp-caption-text\"><a href=\"https:\/\/oqitop.com\/de\/produkte\/metal-foil\/nickel-foil\/\">Nickelfolie<\/a><\/figcaption><\/figure>\n<\/td>\n<td>&nbsp;<\/p>\n<figure id=\"attachment_3933\" class=\"wp-caption aligncenter\" aria-describedby=\"caption-attachment-3933\"><a href=\"https:\/\/oqitop.com\/de\/produkte\/metal-foil\/nickel-foil\/\"><img loading=\"lazy\" decoding=\"async\" class=\"size-thumbnail wp-image-3933\" title=\"Hochleistungssilberfolie Leitf\u00e4higkeit Ag-Metallfolie Hochleistungssilberfolie Leitf\u00e4higkeit Ag-Metallfolie 7\" src=\"https:\/\/oqitop.com\/wp-content\/uploads\/2025\/12\/Silver-Foil-150x150.jpg\" sizes=\"(max-width: 150px) 100vw, 150px\" srcset=\"https:\/\/oqitop.com\/wp-content\/uploads\/2025\/12\/Silver-Foil-150x150.jpg 150w, https:\/\/oqitop.com\/wp-content\/uploads\/2025\/12\/Silver-Foil.jpg 300w\" alt=\"\" width=\"150\" height=\"150\" \/><\/a><figcaption id=\"caption-attachment-3933\" class=\"wp-caption-text\"><a href=\"https:\/\/oqitop.com\/de\/produkte\/metal-foil\/nickel-foil\/\">Silberne Folie<\/a><\/figcaption><\/figure>\n<\/td>\n<td>&nbsp;<\/p>\n<figure id=\"attachment_3934\" class=\"wp-caption aligncenter\" aria-describedby=\"caption-attachment-3934\"><img loading=\"lazy\" decoding=\"async\" class=\"size-thumbnail wp-image-3934\" title=\"Hochleistungssilberfolie Leitf\u00e4higkeit Ag-Metallfolie Hochleistungssilberfolie Leitf\u00e4higkeit Ag-Metallfolie 8\" src=\"https:\/\/oqitop.com\/wp-content\/uploads\/2025\/12\/Tin-Foil-1-150x150.jpg\" sizes=\"(max-width: 150px) 100vw, 150px\" srcset=\"https:\/\/oqitop.com\/wp-content\/uploads\/2025\/12\/Tin-Foil-1-150x150.jpg 150w, https:\/\/oqitop.com\/wp-content\/uploads\/2025\/12\/Tin-Foil-1.jpg 300w\" alt=\"\" width=\"150\" height=\"150\" \/><figcaption id=\"caption-attachment-3934\" class=\"wp-caption-text\">Alufolie<\/figcaption><\/figure>\n<\/td>\n<\/tr>\n<\/tbody>\n<\/table>\n<\/div>\n<p align=\"center\"><img loading=\"lazy\" decoding=\"async\" class=\"aligncenter size-full wp-image-3644\" src=\"https:\/\/oqitop.com\/wp-content\/uploads\/2025\/12\/5-17.jpg\" alt=\"\" width=\"1024\" height=\"1220\" title=\"\" srcset=\"https:\/\/oqitop.com\/wp-content\/uploads\/2025\/12\/5-17.jpg 1024w, https:\/\/oqitop.com\/wp-content\/uploads\/2025\/12\/5-17-252x300.jpg 252w, https:\/\/oqitop.com\/wp-content\/uploads\/2025\/12\/5-17-859x1024.jpg 859w, https:\/\/oqitop.com\/wp-content\/uploads\/2025\/12\/5-17-768x915.jpg 768w\" sizes=\"(max-width: 1024px) 100vw, 1024px\" \/><img loading=\"lazy\" decoding=\"async\" class=\"aligncenter size-full wp-image-3645\" src=\"https:\/\/oqitop.com\/wp-content\/uploads\/2025\/12\/6-12.jpg\" alt=\"\" width=\"1024\" height=\"1447\" title=\"\" srcset=\"https:\/\/oqitop.com\/wp-content\/uploads\/2025\/12\/6-12.jpg 1024w, https:\/\/oqitop.com\/wp-content\/uploads\/2025\/12\/6-12-212x300.jpg 212w, https:\/\/oqitop.com\/wp-content\/uploads\/2025\/12\/6-12-725x1024.jpg 725w, https:\/\/oqitop.com\/wp-content\/uploads\/2025\/12\/6-12-768x1085.jpg 768w\" sizes=\"(max-width: 1024px) 100vw, 1024px\" \/><img loading=\"lazy\" decoding=\"async\" class=\"aligncenter size-full wp-image-3646\" src=\"https:\/\/oqitop.com\/wp-content\/uploads\/2025\/12\/55555-11-9.jpg\" alt=\"\" width=\"1024\" height=\"677\" title=\"\" srcset=\"https:\/\/oqitop.com\/wp-content\/uploads\/2025\/12\/55555-11-9.jpg 1024w, https:\/\/oqitop.com\/wp-content\/uploads\/2025\/12\/55555-11-9-300x198.jpg 300w, https:\/\/oqitop.com\/wp-content\/uploads\/2025\/12\/55555-11-9-768x508.jpg 768w\" sizes=\"(max-width: 1024px) 100vw, 1024px\" \/><\/p>\n<p align=\"center\">","protected":false},"featured_media":3647,"template":"","meta":{"_acf_changed":false,"site-sidebar-layout":"default","site-content-layout":"","ast-site-content-layout":"default","site-content-style":"default","site-sidebar-style":"default","ast-global-header-display":"","ast-banner-title-visibility":"","ast-main-header-display":"","ast-hfb-above-header-display":"","ast-hfb-below-header-display":"","ast-hfb-mobile-header-display":"","site-post-title":"","ast-breadcrumbs-content":"","ast-featured-img":"","footer-sml-layout":"","theme-transparent-header-meta":"default","adv-header-id-meta":"","stick-header-meta":"default","header-above-stick-meta":"","header-main-stick-meta":"","header-below-stick-meta":"","astra-migrate-meta-layouts":"set","ast-page-background-enabled":"default","ast-page-background-meta":{"desktop":{"background-color":"var(--ast-global-color-4)","background-image":"","background-repeat":"repeat","background-position":"center center","background-size":"auto","background-attachment":"scroll","background-type":"","background-media":"","overlay-type":"","overlay-color":"","overlay-opacity":"","overlay-gradient":""},"tablet":{"background-color":"","background-image":"","background-repeat":"repeat","background-position":"center center","background-size":"auto","background-attachment":"scroll","background-type":"","background-media":"","overlay-type":"","overlay-color":"","overlay-opacity":"","overlay-gradient":""},"mobile":{"background-color":"","background-image":"","background-repeat":"repeat","background-position":"center center","background-size":"auto","background-attachment":"scroll","background-type":"","background-media":"","overlay-type":"","overlay-color":"","overlay-opacity":"","overlay-gradient":""}},"ast-content-background-meta":{"desktop":{"background-color":"var(--ast-global-color-5)","background-image":"","background-repeat":"repeat","background-position":"center center","background-size":"auto","background-attachment":"scroll","background-type":"","background-media":"","overlay-type":"","overlay-color":"","overlay-opacity":"","overlay-gradient":""},"tablet":{"background-color":"var(--ast-global-color-5)","background-image":"","background-repeat":"repeat","background-position":"center center","background-size":"auto","background-attachment":"scroll","background-type":"","background-media":"","overlay-type":"","overlay-color":"","overlay-opacity":"","overlay-gradient":""},"mobile":{"background-color":"var(--ast-global-color-5)","background-image":"","background-repeat":"repeat","background-position":"center center","background-size":"auto","background-attachment":"scroll","background-type":"","background-media":"","overlay-type":"","overlay-color":"","overlay-opacity":"","overlay-gradient":""}}},"tags":[],"products":[250,223],"class_list":["post-3643","product","type-product","status-publish","has-post-thumbnail","hentry","products-aluminum-foil","products-metal-foil"],"acf":[],"_links":{"self":[{"href":"https:\/\/oqitop.com\/de\/wp-json\/wp\/v2\/product\/3643","targetHints":{"allow":["GET"]}}],"collection":[{"href":"https:\/\/oqitop.com\/de\/wp-json\/wp\/v2\/product"}],"about":[{"href":"https:\/\/oqitop.com\/de\/wp-json\/wp\/v2\/types\/product"}],"wp:featuredmedia":[{"embeddable":true,"href":"https:\/\/oqitop.com\/de\/wp-json\/wp\/v2\/media\/3647"}],"wp:attachment":[{"href":"https:\/\/oqitop.com\/de\/wp-json\/wp\/v2\/media?parent=3643"}],"wp:term":[{"taxonomy":"post_tag","embeddable":true,"href":"https:\/\/oqitop.com\/de\/wp-json\/wp\/v2\/tags?post=3643"},{"taxonomy":"products","embeddable":true,"href":"https:\/\/oqitop.com\/de\/wp-json\/wp\/v2\/products?post=3643"}],"curies":[{"name":"wp","href":"https:\/\/api.w.org\/{rel}","templated":true}]}}