 {"id":3736,"date":"2025-12-15T15:55:39","date_gmt":"2025-12-15T07:55:39","guid":{"rendered":"https:\/\/oqitop.com\/?post_type=product&#038;p=3736"},"modified":"2026-01-15T09:08:57","modified_gmt":"2026-01-15T01:08:57","slug":"0-005mm-5mm-titanium-foil-ti-metal-foil-accept-customization","status":"publish","type":"product","link":"https:\/\/oqitop.com\/de\/product\/0-005mm-5mm-titanium-foil-ti-metal-foil-accept-customization\/","title":{"rendered":"0.005mm-5mm Titanium Foil Ti Metal Foil Accept Customization"},"content":{"rendered":"<h3 style=\"text-align: center;\"><span style=\"color: #ff0000;\">0.005mm-5mm Titanium Foil Ti Metal Foil Accept Customization<\/span><\/h3>\n<p>&nbsp;<\/p>\n<p><iframe src=\"https:\/\/www.youtube.com\/embed\/VoIQiaueWMQ?rel=0\" allowfullscreen=\"allowfullscreen\" data-mce-fragment=\"1\"><span data-mce-type=\"bookmark\" style=\"display: inline-block; width: 0px; overflow: hidden; line-height: 0;\" class=\"mce_SELRES_start\"><\/span><\/iframe><\/p>\n<p>&nbsp;<\/p>\n<p align=\"left\"><strong>Einf\u00fchrung<\/strong><\/p>\n<p align=\"left\">Die Eigenschaften von Titanwerkstoffen: geringe Dichte, hohe spezifische Festigkeit, Korrosionsbest\u00e4ndigkeit, gute Hitzebest\u00e4ndigkeit, gute Best\u00e4ndigkeit gegen niedrige Temperaturen, starke D\u00e4mpfungsleistung, nicht magnetisch, Zugfestigkeit nahe der Streckgrenze, gute W\u00e4rme\u00fcbertragungsleistung, niedriger Elastizit\u00e4tsmodul, Saugleistung;<br \/>\nTitananwendungen: Luft- und Raumfahrt, Petrochemie, Schiffbau, Automobilbau, Maschinen, Zubeh\u00f6r, Medizin und andere Industrien.<\/p>\n<table class=\"aliDataTable\" cellspacing=\"0\" cellpadding=\"0\">\n<tbody>\n<tr>\n<td><span data-spm-anchor-id=\"a2700.details-description.0.i0.7855MGD6MGD6zD\">Name des Produkts<\/span><\/td>\n<td>\u00a0Titanfolie\/Titanband<\/td>\n<\/tr>\n<tr>\n<td>Standard<\/td>\n<td>ASTM B265 ASTM F67<\/td>\n<\/tr>\n<tr>\n<td rowspan=\"2\">Material<\/td>\n<td>Gr1,Gr2,Gr3,Gr4,Gr5,Gr7, 6AL4V Eli, GR9, GR12, GR23<\/td>\n<\/tr>\n<tr>\n<td>TB3, TB6, TC4, TC6, TC11, TC17, TC18<\/td>\n<\/tr>\n<tr>\n<td>Dicke<\/td>\n<td>0,005mm min<\/td>\n<\/tr>\n<tr>\n<td>Breite<\/td>\n<td>30~210mm<\/td>\n<\/tr>\n<tr>\n<td>L\u00e4nge<\/td>\n<td>Da der Antrag<\/td>\n<\/tr>\n<tr>\n<td>Formular<\/td>\n<td>Einzelnes Band, im Coil oder auf Spule. Schlitzservice verf\u00fcgbar<\/td>\n<\/tr>\n<tr>\n<td>Produktstatus<\/td>\n<td>Kaltgewalzt (Y)~Warmgewalzt (R)~Gegl\u00fcht (M)~Massiv Zustand<\/td>\n<\/tr>\n<tr>\n<td>Technologie<\/td>\n<td>Warmschmieden ~ warmgewalzt ~ Bearbeitung<\/td>\n<\/tr>\n<tr>\n<td rowspan=\"8\">Merkmal<\/td>\n<td>Grad 1: Reintitan, relativ geringe Festigkeit und hohe Duktilit\u00e4t.<\/td>\n<\/tr>\n<tr>\n<td>Grad 2: Das am h\u00e4ufigsten verwendete Reintitan. Die beste Kombination aus Festigkeit, Duktilit\u00e4t<\/p>\n<p>und Schwei\u00dfbarkeit.<\/td>\n<\/tr>\n<tr>\n<td>Sorte 3: Hochfestes Titan, verwendet f\u00fcr Matrixplatten in Rohrb\u00fcndeln und W\u00e4rmetauschern<\/p>\n<p>Austauscher.<\/td>\n<\/tr>\n<tr>\n<td>Grad 5: Die am h\u00e4ufigsten hergestellte Titanlegierung. Au\u00dferordentlich hohe Festigkeit. hoch<\/p>\n<p>Hitzebest\u00e4ndigkeit.<\/td>\n<\/tr>\n<tr>\n<td>Sorte 7: Hervorragende Korrosionsbest\u00e4ndigkeit in reduzierenden und oxidierenden Umgebungen.<\/td>\n<\/tr>\n<tr>\n<td>Sorte 9: Sehr hohe Festigkeit und Korrosionsbest\u00e4ndigkeit.<\/td>\n<\/tr>\n<tr>\n<td>Grad 12: Bessere Hitzebest\u00e4ndigkeit als reines Titan. Anwendungen wie f\u00fcr Grade 7<\/p>\n<p>und 11. Klasse.<\/td>\n<\/tr>\n<tr>\n<td>Sorte 23: Titan-6-Aluminium-4-Vanadium-Legierung ELI (Extra Low Interstitial)<\/p>\n<p>f\u00fcr chirurgische Implantatanwendungen.<\/td>\n<\/tr>\n<tr>\n<td>Anwendung<\/td>\n<td>Schifffahrt, Flugwerke, Gasturbinenmotoren, W\u00e4rmetauscher, Kondensatoren, Entsalzungsanlagen, Dentallegierungen, Zellstoff und Papier, Zentrifugen, Federn, Sportger\u00e4te, Kraftfahrzeuge, Seewasserleitungen, medizinische Implantate, Elektrochemie, Dampfturbinen, Lebensmittel- und Pharmaindustrie, \u00d6lraffination und Gasindustrie, Schmuck, Architektur, Haushaltsger\u00e4te<\/td>\n<\/tr>\n<\/tbody>\n<\/table>\n<p><b><strong>Um verschiedene Metallfolien anzupassen, klicken Sie bitte auf das Bild unten f\u00fcr Details\uff1a<\/strong><\/b><\/p>\n<table>\n<tbody>\n<tr>\n<td>&nbsp;<\/p>\n<figure id=\"attachment_3927\" class=\"wp-caption aligncenter\" aria-describedby=\"caption-attachment-3927\"><a href=\"https:\/\/oqitop.com\/de\/produkte\/metal-foil\/copper-foil\/\"><img decoding=\"async\" class=\"size-thumbnail wp-image-3927\" title=\"Hochleistungssilberfolie Leitf\u00e4higkeit Ag-Metallfolie Hochleistungssilberfolie Leitf\u00e4higkeit Ag-Metallfolie 1\" src=\"https:\/\/oqitop.com\/wp-content\/uploads\/2025\/12\/Copper-Foil-1-150x150.jpg\" sizes=\"(max-width: 150px) 100vw, 150px\" srcset=\"https:\/\/oqitop.com\/wp-content\/uploads\/2025\/12\/Copper-Foil-1-150x150.jpg 150w, https:\/\/oqitop.com\/wp-content\/uploads\/2025\/12\/Copper-Foil-1.jpg 300w\" alt=\"\" width=\"150\" height=\"150\" \/><\/a><figcaption id=\"caption-attachment-3927\" class=\"wp-caption-text\"><a href=\"https:\/\/oqitop.com\/de\/produkte\/metal-foil\/copper-foil\/\">Kupferfolie<\/a><\/figcaption><\/figure>\n<\/td>\n<td>&nbsp;<\/p>\n<figure id=\"attachment_3928\" class=\"wp-caption aligncenter\" aria-describedby=\"caption-attachment-3928\"><a href=\"https:\/\/oqitop.com\/de\/produkte\/metal-foil\/aluminum-foil\/\"><img decoding=\"async\" class=\"size-thumbnail wp-image-3928\" title=\"Hochleistungssilberfolie Leitf\u00e4higkeit Ag-Metallfolie Hochleistungssilberfolie Leitf\u00e4higkeit Ag-Metallfolie 2\" src=\"https:\/\/oqitop.com\/wp-content\/uploads\/2025\/12\/Aluminum-Foil-1-150x150.jpg\" sizes=\"(max-width: 150px) 100vw, 150px\" srcset=\"https:\/\/oqitop.com\/wp-content\/uploads\/2025\/12\/Aluminum-Foil-1-150x150.jpg 150w, https:\/\/oqitop.com\/wp-content\/uploads\/2025\/12\/Aluminum-Foil-1.jpg 300w\" alt=\"\" width=\"150\" height=\"150\" \/><\/a><figcaption id=\"caption-attachment-3928\" class=\"wp-caption-text\"><a href=\"https:\/\/oqitop.com\/de\/produkte\/metal-foil\/aluminum-foil\/\">Aluminiumfolie<\/a><\/figcaption><\/figure>\n<\/td>\n<td>&nbsp;<\/p>\n<figure id=\"attachment_3929\" class=\"wp-caption aligncenter\" aria-describedby=\"caption-attachment-3929\"><a href=\"https:\/\/oqitop.com\/de\/produkte\/metal-foil\/stainless-steel-foil\/\"><img decoding=\"async\" class=\"size-thumbnail wp-image-3929\" title=\"Leistungsstarke Silberfolie Leitf\u00e4higkeit Ag-Metallfolie Leistungsstarke Silberfolie Leitf\u00e4higkeit Ag-Metallfolie 3\" src=\"https:\/\/oqitop.com\/wp-content\/uploads\/2025\/12\/Stainless-Steel-Foil-150x150.jpg\" sizes=\"(max-width: 150px) 100vw, 150px\" srcset=\"https:\/\/oqitop.com\/wp-content\/uploads\/2025\/12\/Stainless-Steel-Foil-150x150.jpg 150w, https:\/\/oqitop.com\/wp-content\/uploads\/2025\/12\/Stainless-Steel-Foil.jpg 300w\" alt=\"\" width=\"150\" height=\"150\" \/><\/a><figcaption id=\"caption-attachment-3929\" class=\"wp-caption-text\"><a href=\"https:\/\/oqitop.com\/de\/produkte\/metal-foil\/stainless-steel-foil\/\">Edelstahlfolie<\/a><\/figcaption><\/figure>\n<\/td>\n<td>&nbsp;<\/p>\n<figure id=\"attachment_3930\" class=\"wp-caption aligncenter\" aria-describedby=\"caption-attachment-3930\"><a href=\"https:\/\/oqitop.com\/de\/produkte\/metal-foil\/tin-foil\/\"><img loading=\"lazy\" decoding=\"async\" class=\"size-thumbnail wp-image-3930\" title=\"Hochleistungssilberfolie Leitf\u00e4higkeit Ag-Metallfolie Hochleistungssilberfolie Leitf\u00e4higkeit Ag-Metallfolie 4\" src=\"https:\/\/oqitop.com\/wp-content\/uploads\/2025\/12\/Tin-Foil-150x150.jpg\" sizes=\"(max-width: 150px) 100vw, 150px\" srcset=\"https:\/\/oqitop.com\/wp-content\/uploads\/2025\/12\/Tin-Foil-150x150.jpg 150w, https:\/\/oqitop.com\/wp-content\/uploads\/2025\/12\/Tin-Foil.jpg 300w\" alt=\"\" width=\"150\" height=\"150\" \/><\/a><figcaption id=\"caption-attachment-3930\" class=\"wp-caption-text\"><a href=\"https:\/\/oqitop.com\/de\/produkte\/metal-foil\/tin-foil\/\">Alufolie<\/a><\/figcaption><\/figure>\n<\/td>\n<\/tr>\n<tr>\n<td>&nbsp;<\/p>\n<figure id=\"attachment_3931\" class=\"wp-caption aligncenter\" aria-describedby=\"caption-attachment-3931\"><a href=\"https:\/\/oqitop.com\/de\/produkte\/metal-foil\/titanium-foil\/\"><img loading=\"lazy\" decoding=\"async\" class=\"size-thumbnail wp-image-3931\" title=\"Hochleistungssilberfolie Leitf\u00e4higkeit Ag-Metallfolie Hochleistungssilberfolie Leitf\u00e4higkeit Ag-Metallfolie 5\" src=\"https:\/\/oqitop.com\/wp-content\/uploads\/2025\/12\/Titanium-Foil-150x150.jpg\" sizes=\"(max-width: 150px) 100vw, 150px\" srcset=\"https:\/\/oqitop.com\/wp-content\/uploads\/2025\/12\/Titanium-Foil-150x150.jpg 150w, https:\/\/oqitop.com\/wp-content\/uploads\/2025\/12\/Titanium-Foil.jpg 300w\" alt=\"\" width=\"150\" height=\"150\" \/><\/a><figcaption id=\"caption-attachment-3931\" class=\"wp-caption-text\"><a href=\"https:\/\/oqitop.com\/de\/produkte\/metal-foil\/titanium-foil\/\">Titanfolie<\/a><\/figcaption><\/figure>\n<\/td>\n<td>&nbsp;<\/p>\n<figure id=\"attachment_3932\" class=\"wp-caption aligncenter\" aria-describedby=\"caption-attachment-3932\"><a href=\"https:\/\/oqitop.com\/de\/produkte\/metal-foil\/nickel-foil\/\"><img loading=\"lazy\" decoding=\"async\" class=\"size-thumbnail wp-image-3932\" title=\"Hochleistungssilberfolie Leitf\u00e4higkeit Ag-Metallfolie Hochleistungssilberfolie Leitf\u00e4higkeit Ag-Metallfolie 6\" src=\"https:\/\/oqitop.com\/wp-content\/uploads\/2025\/12\/Nickel-Foil-150x150.jpg\" sizes=\"(max-width: 150px) 100vw, 150px\" srcset=\"https:\/\/oqitop.com\/wp-content\/uploads\/2025\/12\/Nickel-Foil-150x150.jpg 150w, https:\/\/oqitop.com\/wp-content\/uploads\/2025\/12\/Nickel-Foil.jpg 300w\" alt=\"\" width=\"150\" height=\"150\" \/><\/a><figcaption id=\"caption-attachment-3932\" class=\"wp-caption-text\"><a href=\"https:\/\/oqitop.com\/de\/produkte\/metal-foil\/nickel-foil\/\">Nickelfolie<\/a><\/figcaption><\/figure>\n<\/td>\n<td>&nbsp;<\/p>\n<figure id=\"attachment_3933\" class=\"wp-caption aligncenter\" aria-describedby=\"caption-attachment-3933\"><a href=\"https:\/\/oqitop.com\/de\/produkte\/metal-foil\/nickel-foil\/\"><img loading=\"lazy\" decoding=\"async\" class=\"size-thumbnail wp-image-3933\" title=\"Hochleistungssilberfolie Leitf\u00e4higkeit Ag-Metallfolie Hochleistungssilberfolie Leitf\u00e4higkeit Ag-Metallfolie 7\" src=\"https:\/\/oqitop.com\/wp-content\/uploads\/2025\/12\/Silver-Foil-150x150.jpg\" sizes=\"(max-width: 150px) 100vw, 150px\" srcset=\"https:\/\/oqitop.com\/wp-content\/uploads\/2025\/12\/Silver-Foil-150x150.jpg 150w, https:\/\/oqitop.com\/wp-content\/uploads\/2025\/12\/Silver-Foil.jpg 300w\" alt=\"\" width=\"150\" height=\"150\" \/><\/a><figcaption id=\"caption-attachment-3933\" class=\"wp-caption-text\"><a href=\"https:\/\/oqitop.com\/de\/produkte\/metal-foil\/nickel-foil\/\">Silberne Folie<\/a><\/figcaption><\/figure>\n<\/td>\n<td>&nbsp;<\/p>\n<figure id=\"attachment_3934\" class=\"wp-caption aligncenter\" aria-describedby=\"caption-attachment-3934\"><figcaption id=\"caption-attachment-3934\" class=\"wp-caption-text\"><a href=\"https:\/\/oqitop.com\/de\/tungsten-foil\/\"><img loading=\"lazy\" decoding=\"async\" class=\"aligncenter wp-image-4981 size-thumbnail\" title=\"High Quality 99.99% Pure Aluminum Coil Aluminum Foil 1\" src=\"https:\/\/oqitop.com\/wp-content\/uploads\/2026\/01\/123-150x150.jpg\" sizes=\"(max-width: 150px) 100vw, 150px\" srcset=\"https:\/\/oqitop.com\/wp-content\/uploads\/2026\/01\/123-150x150.jpg 150w, https:\/\/oqitop.com\/wp-content\/uploads\/2026\/01\/123-12x12.jpg 12w, https:\/\/oqitop.com\/wp-content\/uploads\/2026\/01\/123.jpg 300w\" alt=\"\" width=\"150\" height=\"150\" \/><\/a><a href=\"https:\/\/oqitop.com\/de\/produkte\/metal-foil\/tungsten-foil\/\">Wolfram-Folie<\/a><\/figcaption><\/figure>\n<\/td>\n<\/tr>\n<\/tbody>\n<\/table>\n<p>&nbsp;<\/p>\n<p><img loading=\"lazy\" decoding=\"async\" class=\"aligncenter size-full wp-image-3723\" title=\"0,005mm-1mm Titanfolie Ti Metallfolie Akzeptieren Sie Anpassung 1\" src=\"https:\/\/oqitop.com\/wp-content\/uploads\/2025\/12\/6-18.jpg\" sizes=\"(max-width: 1024px) 100vw, 1024px\" srcset=\"https:\/\/oqitop.com\/wp-content\/uploads\/2025\/12\/6-18.jpg 1024w, https:\/\/oqitop.com\/wp-content\/uploads\/2025\/12\/6-18-170x300.jpg 170w, https:\/\/oqitop.com\/wp-content\/uploads\/2025\/12\/6-18-582x1024.jpg 582w, https:\/\/oqitop.com\/wp-content\/uploads\/2025\/12\/6-18-768x1352.jpg 768w, https:\/\/oqitop.com\/wp-content\/uploads\/2025\/12\/6-18-873x1536.jpg 873w\" alt=\"\" width=\"1024\" height=\"1802\" \/><img loading=\"lazy\" decoding=\"async\" class=\"aligncenter size-full wp-image-3724\" title=\"0,005mm-1mm Titanfolie Ti Metallfolie Akzeptieren Sie Anpassung 2\" src=\"https:\/\/oqitop.com\/wp-content\/uploads\/2025\/12\/55555-11-15.jpg\" sizes=\"(max-width: 1024px) 100vw, 1024px\" srcset=\"https:\/\/oqitop.com\/wp-content\/uploads\/2025\/12\/55555-11-15.jpg 1024w, https:\/\/oqitop.com\/wp-content\/uploads\/2025\/12\/55555-11-15-300x198.jpg 300w, https:\/\/oqitop.com\/wp-content\/uploads\/2025\/12\/55555-11-15-768x508.jpg 768w\" alt=\"\" width=\"1024\" height=\"677\" \/><\/p>","protected":false},"featured_media":3737,"template":"","meta":{"_acf_changed":false,"site-sidebar-layout":"default","site-content-layout":"","ast-site-content-layout":"default","site-content-style":"default","site-sidebar-style":"default","ast-global-header-display":"","ast-banner-title-visibility":"","ast-main-header-display":"","ast-hfb-above-header-display":"","ast-hfb-below-header-display":"","ast-hfb-mobile-header-display":"","site-post-title":"","ast-breadcrumbs-content":"","ast-featured-img":"","footer-sml-layout":"","theme-transparent-header-meta":"default","adv-header-id-meta":"","stick-header-meta":"default","header-above-stick-meta":"","header-main-stick-meta":"","header-below-stick-meta":"","astra-migrate-meta-layouts":"set","ast-page-background-enabled":"default","ast-page-background-meta":{"desktop":{"background-color":"var(--ast-global-color-4)","background-image":"","background-repeat":"repeat","background-position":"center center","background-size":"auto","background-attachment":"scroll","background-type":"","background-media":"","overlay-type":"","overlay-color":"","overlay-opacity":"","overlay-gradient":""},"tablet":{"background-color":"","background-image":"","background-repeat":"repeat","background-position":"center center","background-size":"auto","background-attachment":"scroll","background-type":"","background-media":"","overlay-type":"","overlay-color":"","overlay-opacity":"","overlay-gradient":""},"mobile":{"background-color":"","background-image":"","background-repeat":"repeat","background-position":"center center","background-size":"auto","background-attachment":"scroll","background-type":"","background-media":"","overlay-type":"","overlay-color":"","overlay-opacity":"","overlay-gradient":""}},"ast-content-background-meta":{"desktop":{"background-color":"var(--ast-global-color-5)","background-image":"","background-repeat":"repeat","background-position":"center center","background-size":"auto","background-attachment":"scroll","background-type":"","background-media":"","overlay-type":"","overlay-color":"","overlay-opacity":"","overlay-gradient":""},"tablet":{"background-color":"var(--ast-global-color-5)","background-image":"","background-repeat":"repeat","background-position":"center center","background-size":"auto","background-attachment":"scroll","background-type":"","background-media":"","overlay-type":"","overlay-color":"","overlay-opacity":"","overlay-gradient":""},"mobile":{"background-color":"var(--ast-global-color-5)","background-image":"","background-repeat":"repeat","background-position":"center center","background-size":"auto","background-attachment":"scroll","background-type":"","background-media":"","overlay-type":"","overlay-color":"","overlay-opacity":"","overlay-gradient":""}}},"tags":[],"products":[223,228],"class_list":["post-3736","product","type-product","status-publish","has-post-thumbnail","hentry","products-metal-foil","products-titanium-foil"],"acf":[],"_links":{"self":[{"href":"https:\/\/oqitop.com\/de\/wp-json\/wp\/v2\/product\/3736","targetHints":{"allow":["GET"]}}],"collection":[{"href":"https:\/\/oqitop.com\/de\/wp-json\/wp\/v2\/product"}],"about":[{"href":"https:\/\/oqitop.com\/de\/wp-json\/wp\/v2\/types\/product"}],"wp:featuredmedia":[{"embeddable":true,"href":"https:\/\/oqitop.com\/de\/wp-json\/wp\/v2\/media\/3737"}],"wp:attachment":[{"href":"https:\/\/oqitop.com\/de\/wp-json\/wp\/v2\/media?parent=3736"}],"wp:term":[{"taxonomy":"post_tag","embeddable":true,"href":"https:\/\/oqitop.com\/de\/wp-json\/wp\/v2\/tags?post=3736"},{"taxonomy":"products","embeddable":true,"href":"https:\/\/oqitop.com\/de\/wp-json\/wp\/v2\/products?post=3736"}],"curies":[{"name":"wp","href":"https:\/\/api.w.org\/{rel}","templated":true}]}}