 {"id":4034,"date":"2025-12-17T18:17:35","date_gmt":"2025-12-17T10:17:35","guid":{"rendered":"https:\/\/oqitop.com\/?post_type=product&#038;p=4034"},"modified":"2026-01-15T10:16:45","modified_gmt":"2026-01-15T02:16:45","slug":"high-conductivity-and-stability-silver-wires-high-purity-99-99-silver-wire","status":"publish","type":"product","link":"https:\/\/oqitop.com\/de\/product\/high-conductivity-and-stability-silver-wires-high-purity-99-99-silver-wire\/","title":{"rendered":"Hohe Leitf\u00e4higkeit und Stabilit\u00e4t Silberdr\u00e4hte Hochreiner 99,99% Silberdraht"},"content":{"rendered":"<h3 style=\"text-align: center;\"><span style=\"color: #ff0000;\">Hohe Leitf\u00e4higkeit und Stabilit\u00e4t Silberdr\u00e4hte Hochreiner 99,99% Silberdraht<\/span><\/h3>\n<p>&nbsp;<\/p>\n<div class=\"elementor-element elementor-element-cd51d38 posts elementor-widget elementor-widget-theme-post-content\" data-id=\"cd51d38\" data-element_type=\"widget\" data-widget_type=\"theme-post-content.default\">\n<div class=\"elementor-widget-container\">\n<p><iframe src=\"https:\/\/www.youtube.com\/embed\/7xzgF95pgPU?rel=0\" allowfullscreen=\"allowfullscreen\" data-mce-fragment=\"1\"><\/iframe><\/p>\n<p>Schmelzpunkt: 961,93\u00b0C<br \/>\nReinheit: 99,99%<br \/>\nDichte: 10,49 g\/cm\u00b3<\/p>\n<p><strong>Beschreibung:<\/strong><br \/>\nSilberdraht ist ein hochreiner Metalldraht, der f\u00fcr seinen au\u00dfergew\u00f6hnlichen Schmelzpunkt von 961,93\u00b0C bekannt ist. Mit einem Reinheitsgrad von 99,99% gew\u00e4hrleistet er eine hervorragende Materialqualit\u00e4t. Der Draht weist eine Dichte von 10,49 g\/cm\u00b3 auf und zeichnet sich durch eine ausgezeichnete elektrische Leitf\u00e4higkeit und eine hervorragende chemische Stabilit\u00e4t aus.<\/p>\n<p><strong>Anwendungen:<\/strong><br \/>\nDieser Silberdraht findet breite Anwendung in der Elektronik, Elektrotechnik und anderen Bereichen. Er wird h\u00e4ufig f\u00fcr die Herstellung von elektronischen Komponenten, Steckern, Schaltkreisen, Sensoren und mikroelektrischen Ger\u00e4ten verwendet. Seine hohe Reinheit und Stabilit\u00e4t machen es zu einem unverzichtbaren Material f\u00fcr hochpr\u00e4zise Instrumente und Pr\u00e4zisionsger\u00e4te. Au\u00dferdem wird es h\u00e4ufig in der Laborforschung und in der metallverarbeitenden Industrie eingesetzt.<\/p>\n<p><b><strong>Um verschiedene Metalldr\u00e4hte anzupassen, klicken Sie bitte auf das Bild unten f\u00fcr weitere Details:<\/strong><\/b><\/p>\n<div class=\"table-responsive\">\n<div class=\"table-responsive\">\n<table>\n<tbody>\n<tr>\n<td>&nbsp;<\/p>\n<figure id=\"attachment_3942\" class=\"wp-caption aligncenter\" aria-describedby=\"caption-attachment-3942\"><a href=\"https:\/\/oqitop.com\/de\/produkte\/metalldraht\/gold-wire\/\"><img decoding=\"async\" class=\"size-thumbnail wp-image-3942\" title=\"Hochreines 99,99% Hochintegrierte Schaltkreise Anwendungen von hochleitf\u00e4higem Golddraht 1\" src=\"https:\/\/oqitop.com\/wp-content\/uploads\/2025\/12\/Gold-Wire-150x150.jpg\" sizes=\"(max-width: 150px) 100vw, 150px\" srcset=\"https:\/\/oqitop.com\/wp-content\/uploads\/2025\/12\/Gold-Wire-150x150.jpg 150w, https:\/\/oqitop.com\/wp-content\/uploads\/2025\/12\/Gold-Wire.jpg 300w\" alt=\"\" width=\"150\" height=\"150\" \/><\/a><figcaption id=\"caption-attachment-3942\" class=\"wp-caption-text\"><a href=\"https:\/\/oqitop.com\/de\/produkte\/metalldraht\/gold-wire\/\">Golddraht<\/a><\/figcaption><\/figure>\n<\/td>\n<td>&nbsp;<\/p>\n<figure id=\"attachment_3943\" class=\"wp-caption aligncenter\" aria-describedby=\"caption-attachment-3943\"><a href=\"https:\/\/oqitop.com\/de\/produkte\/metalldraht\/copper-wire\/\"><img decoding=\"async\" class=\"size-thumbnail wp-image-3943\" title=\"Hochreines 99,99% Hochintegrierte Schaltkreise Anwendungen von hochleitf\u00e4higem Golddraht 2\" src=\"https:\/\/oqitop.com\/wp-content\/uploads\/2025\/12\/Copper-Wire-150x150.jpg\" sizes=\"(max-width: 150px) 100vw, 150px\" srcset=\"https:\/\/oqitop.com\/wp-content\/uploads\/2025\/12\/Copper-Wire-150x150.jpg 150w, https:\/\/oqitop.com\/wp-content\/uploads\/2025\/12\/Copper-Wire.jpg 300w\" alt=\"\" width=\"150\" height=\"150\" \/><\/a><figcaption id=\"caption-attachment-3943\" class=\"wp-caption-text\"><a href=\"https:\/\/oqitop.com\/de\/produkte\/metalldraht\/copper-wire\/\">Kupferdraht<\/a><\/figcaption><\/figure>\n<\/td>\n<td>&nbsp;<\/p>\n<figure id=\"attachment_3944\" class=\"wp-caption aligncenter\" aria-describedby=\"caption-attachment-3944\"><a href=\"https:\/\/oqitop.com\/de\/produkte\/metalldraht\/iron-wire\/\"><img decoding=\"async\" class=\"size-thumbnail wp-image-3944\" title=\"Hochreines 99,99% Hochintegrierte Schaltkreise Anwendungen von hochleitf\u00e4higem Golddraht 3\" src=\"https:\/\/oqitop.com\/wp-content\/uploads\/2025\/12\/lron-Wire-150x150.jpg\" sizes=\"(max-width: 150px) 100vw, 150px\" srcset=\"https:\/\/oqitop.com\/wp-content\/uploads\/2025\/12\/lron-Wire-150x150.jpg 150w, https:\/\/oqitop.com\/wp-content\/uploads\/2025\/12\/lron-Wire.jpg 300w\" alt=\"\" width=\"150\" height=\"150\" \/><\/a><figcaption id=\"caption-attachment-3944\" class=\"wp-caption-text\"><a href=\"https:\/\/oqitop.com\/de\/produkte\/metalldraht\/iron-wire\/\">Eisendraht<\/a><\/figcaption><\/figure>\n<\/td>\n<td>&nbsp;<\/p>\n<figure id=\"attachment_3945\" class=\"wp-caption aligncenter\" aria-describedby=\"caption-attachment-3945\"><a href=\"https:\/\/oqitop.com\/de\/produkte\/metalldraht\/platinum-wire\/\"><img loading=\"lazy\" decoding=\"async\" class=\"size-thumbnail wp-image-3945\" title=\"Hochreines 99,99% Hochintegrierte Schaltkreise Anwendungen von hochleitf\u00e4higem Golddraht 4\" src=\"https:\/\/oqitop.com\/wp-content\/uploads\/2025\/12\/Platinum-Wire-150x150.jpg\" sizes=\"(max-width: 150px) 100vw, 150px\" srcset=\"https:\/\/oqitop.com\/wp-content\/uploads\/2025\/12\/Platinum-Wire-150x150.jpg 150w, https:\/\/oqitop.com\/wp-content\/uploads\/2025\/12\/Platinum-Wire.jpg 300w\" alt=\"\" width=\"150\" height=\"150\" \/><\/a><figcaption id=\"caption-attachment-3945\" class=\"wp-caption-text\"><a href=\"https:\/\/oqitop.com\/de\/produkte\/metalldraht\/platinum-wire\/\">Platindraht<\/a><\/figcaption><\/figure>\n<\/td>\n<\/tr>\n<tr>\n<td>&nbsp;<\/p>\n<figure id=\"attachment_3946\" class=\"wp-caption aligncenter\" aria-describedby=\"caption-attachment-3946\"><a href=\"https:\/\/oqitop.com\/de\/produkte\/metalldraht\/silver-wire\/\"><img loading=\"lazy\" decoding=\"async\" class=\"size-thumbnail wp-image-3946\" title=\"Hochreines 99,99% Hochintegrierte Schaltkreise Anwendungen von hochleitf\u00e4higem Golddraht 5\" src=\"https:\/\/oqitop.com\/wp-content\/uploads\/2025\/12\/Silver-Wire-150x150.jpg\" sizes=\"(max-width: 150px) 100vw, 150px\" srcset=\"https:\/\/oqitop.com\/wp-content\/uploads\/2025\/12\/Silver-Wire-150x150.jpg 150w, https:\/\/oqitop.com\/wp-content\/uploads\/2025\/12\/Silver-Wire.jpg 300w\" alt=\"\" width=\"150\" height=\"150\" \/><\/a><figcaption id=\"caption-attachment-3946\" class=\"wp-caption-text\"><a href=\"https:\/\/oqitop.com\/de\/produkte\/metalldraht\/silver-wire\/\">Silberdraht<\/a><\/figcaption><\/figure>\n<\/td>\n<td>&nbsp;<\/p>\n<figure id=\"attachment_3947\" class=\"wp-caption aligncenter\" aria-describedby=\"caption-attachment-3947\"><a href=\"https:\/\/oqitop.com\/de\/produkte\/metalldraht\/nickel-wire\/\"><img loading=\"lazy\" decoding=\"async\" class=\"size-thumbnail wp-image-3947\" title=\"Hochreines 99,99% Hochintegrierte Schaltkreise Anwendungen von hochleitf\u00e4higem Golddraht 6\" src=\"https:\/\/oqitop.com\/wp-content\/uploads\/2025\/12\/Nickel-Wire-150x150.jpg\" sizes=\"(max-width: 150px) 100vw, 150px\" srcset=\"https:\/\/oqitop.com\/wp-content\/uploads\/2025\/12\/Nickel-Wire-150x150.jpg 150w, https:\/\/oqitop.com\/wp-content\/uploads\/2025\/12\/Nickel-Wire.jpg 300w\" alt=\"\" width=\"150\" height=\"150\" \/><\/a><figcaption id=\"caption-attachment-3947\" class=\"wp-caption-text\"><a href=\"https:\/\/oqitop.com\/de\/produkte\/metalldraht\/nickel-wire\/\">Nickeldraht<\/a><\/figcaption><\/figure>\n<\/td>\n<td>&nbsp;<\/p>\n<figure id=\"attachment_3948\" class=\"wp-caption aligncenter\" aria-describedby=\"caption-attachment-3948\"><a href=\"https:\/\/oqitop.com\/de\/produkte\/metalldraht\/iridiumdraht\/\"><img loading=\"lazy\" decoding=\"async\" class=\"size-thumbnail wp-image-3948\" title=\"Hochreines 99,99% Hochintegrierte Schaltkreise Anwendungen von hochleitf\u00e4higem Golddraht 7\" src=\"https:\/\/oqitop.com\/wp-content\/uploads\/2025\/12\/lridium-wire-150x150.jpg\" sizes=\"(max-width: 150px) 100vw, 150px\" srcset=\"https:\/\/oqitop.com\/wp-content\/uploads\/2025\/12\/lridium-wire-150x150.jpg 150w, https:\/\/oqitop.com\/wp-content\/uploads\/2025\/12\/lridium-wire.jpg 300w\" alt=\"\" width=\"150\" height=\"150\" \/><\/a><figcaption id=\"caption-attachment-3948\" class=\"wp-caption-text\"><a href=\"https:\/\/oqitop.com\/de\/produkte\/metalldraht\/iridiumdraht\/\">Iridiumdraht<\/a><\/figcaption><\/figure>\n<\/td>\n<td>&nbsp;<\/p>\n<figure id=\"attachment_3949\" class=\"wp-caption aligncenter\" aria-describedby=\"caption-attachment-3949\"><img loading=\"lazy\" decoding=\"async\" class=\"size-thumbnail wp-image-3949\" title=\"Hochreines 99,99% Hochintegrierte Schaltkreise Anwendungen von hochleitf\u00e4higem Golddraht 8\" src=\"https:\/\/oqitop.com\/wp-content\/uploads\/2025\/12\/Titanium-Wire-150x150.jpg\" sizes=\"(max-width: 150px) 100vw, 150px\" srcset=\"https:\/\/oqitop.com\/wp-content\/uploads\/2025\/12\/Titanium-Wire-150x150.jpg 150w, https:\/\/oqitop.com\/wp-content\/uploads\/2025\/12\/Titanium-Wire.jpg 300w\" alt=\"\" width=\"150\" height=\"150\" \/><figcaption id=\"caption-attachment-3949\" class=\"wp-caption-text\">Titandraht<\/figcaption><\/figure>\n<\/td>\n<\/tr>\n<\/tbody>\n<\/table>\n<\/div>\n<p><img loading=\"lazy\" decoding=\"async\" class=\"aligncenter size-full wp-image-4028\" title=\"99.99% Hochreiner Silberdraht Laborforschung und experimenteller reiner Draht 1\" src=\"https:\/\/oqitop.com\/wp-content\/uploads\/2025\/12\/11111-14.jpg\" sizes=\"(max-width: 1024px) 100vw, 1024px\" srcset=\"https:\/\/oqitop.com\/wp-content\/uploads\/2025\/12\/11111-14.jpg 1024w, https:\/\/oqitop.com\/wp-content\/uploads\/2025\/12\/11111-14-300x179.jpg 300w, https:\/\/oqitop.com\/wp-content\/uploads\/2025\/12\/11111-14-768x458.jpg 768w\" alt=\"\" width=\"1024\" height=\"611\" \/><img loading=\"lazy\" decoding=\"async\" class=\"aligncenter size-full wp-image-4029\" title=\"99.99% Hochreiner Silberdraht Laborforschung und experimenteller reiner Draht 2\" src=\"https:\/\/oqitop.com\/wp-content\/uploads\/2025\/12\/55555-11-31.jpg\" sizes=\"(max-width: 1024px) 100vw, 1024px\" srcset=\"https:\/\/oqitop.com\/wp-content\/uploads\/2025\/12\/55555-11-31.jpg 1024w, https:\/\/oqitop.com\/wp-content\/uploads\/2025\/12\/55555-11-31-300x198.jpg 300w, https:\/\/oqitop.com\/wp-content\/uploads\/2025\/12\/55555-11-31-768x508.jpg 768w\" alt=\"\" width=\"1024\" height=\"677\" \/><\/p>\n<\/div>\n<\/div>\n<\/div>\n<div id=\"formss\" class=\"elementor-element elementor-element-1909ac3 elementor-widget elementor-widget-heading\" data-id=\"1909ac3\" data-element_type=\"widget\" data-widget_type=\"heading.default\">\n<div class=\"elementor-widget-container\"><\/div>\n<\/div>","protected":false},"featured_media":4035,"template":"","meta":{"_acf_changed":false,"site-sidebar-layout":"default","site-content-layout":"","ast-site-content-layout":"default","site-content-style":"default","site-sidebar-style":"default","ast-global-header-display":"","ast-banner-title-visibility":"","ast-main-header-display":"","ast-hfb-above-header-display":"","ast-hfb-below-header-display":"","ast-hfb-mobile-header-display":"","site-post-title":"","ast-breadcrumbs-content":"","ast-featured-img":"","footer-sml-layout":"","theme-transparent-header-meta":"default","adv-header-id-meta":"","stick-header-meta":"default","header-above-stick-meta":"","header-main-stick-meta":"","header-below-stick-meta":"","astra-migrate-meta-layouts":"set","ast-page-background-enabled":"default","ast-page-background-meta":{"desktop":{"background-color":"var(--ast-global-color-4)","background-image":"","background-repeat":"repeat","background-position":"center center","background-size":"auto","background-attachment":"scroll","background-type":"","background-media":"","overlay-type":"","overlay-color":"","overlay-opacity":"","overlay-gradient":""},"tablet":{"background-color":"","background-image":"","background-repeat":"repeat","background-position":"center center","background-size":"auto","background-attachment":"scroll","background-type":"","background-media":"","overlay-type":"","overlay-color":"","overlay-opacity":"","overlay-gradient":""},"mobile":{"background-color":"","background-image":"","background-repeat":"repeat","background-position":"center center","background-size":"auto","background-attachment":"scroll","background-type":"","background-media":"","overlay-type":"","overlay-color":"","overlay-opacity":"","overlay-gradient":""}},"ast-content-background-meta":{"desktop":{"background-color":"var(--ast-global-color-5)","background-image":"","background-repeat":"repeat","background-position":"center center","background-size":"auto","background-attachment":"scroll","background-type":"","background-media":"","overlay-type":"","overlay-color":"","overlay-opacity":"","overlay-gradient":""},"tablet":{"background-color":"var(--ast-global-color-5)","background-image":"","background-repeat":"repeat","background-position":"center center","background-size":"auto","background-attachment":"scroll","background-type":"","background-media":"","overlay-type":"","overlay-color":"","overlay-opacity":"","overlay-gradient":""},"mobile":{"background-color":"var(--ast-global-color-5)","background-image":"","background-repeat":"repeat","background-position":"center center","background-size":"auto","background-attachment":"scroll","background-type":"","background-media":"","overlay-type":"","overlay-color":"","overlay-opacity":"","overlay-gradient":""}}},"tags":[],"products":[241,246],"class_list":["post-4034","product","type-product","status-publish","has-post-thumbnail","hentry","products-metal-wire","products-silver-wire"],"acf":[],"_links":{"self":[{"href":"https:\/\/oqitop.com\/de\/wp-json\/wp\/v2\/product\/4034","targetHints":{"allow":["GET"]}}],"collection":[{"href":"https:\/\/oqitop.com\/de\/wp-json\/wp\/v2\/product"}],"about":[{"href":"https:\/\/oqitop.com\/de\/wp-json\/wp\/v2\/types\/product"}],"wp:featuredmedia":[{"embeddable":true,"href":"https:\/\/oqitop.com\/de\/wp-json\/wp\/v2\/media\/4035"}],"wp:attachment":[{"href":"https:\/\/oqitop.com\/de\/wp-json\/wp\/v2\/media?parent=4034"}],"wp:term":[{"taxonomy":"post_tag","embeddable":true,"href":"https:\/\/oqitop.com\/de\/wp-json\/wp\/v2\/tags?post=4034"},{"taxonomy":"products","embeddable":true,"href":"https:\/\/oqitop.com\/de\/wp-json\/wp\/v2\/products?post=4034"}],"curies":[{"name":"wp","href":"https:\/\/api.w.org\/{rel}","templated":true}]}}