 {"id":4044,"date":"2025-12-18T16:18:13","date_gmt":"2025-12-18T08:18:13","guid":{"rendered":"https:\/\/oqitop.com\/?post_type=product&#038;p=4044"},"modified":"2026-01-15T10:22:50","modified_gmt":"2026-01-15T02:22:50","slug":"oxidationsbestandiger-nickeldraht-vielseitiger-reinnickel-metalldraht","status":"publish","type":"product","link":"https:\/\/oqitop.com\/de\/product\/oxidationsbestandiger-nickeldraht-vielseitiger-reinnickel-metalldraht\/","title":{"rendered":"Oxidationsbest\u00e4ndiger Nickeldraht: Vielseitiger reiner Nickeldraht"},"content":{"rendered":"<h3 style=\"text-align: center;\"><span style=\"color: #ff0000;\">Oxidationsbest\u00e4ndiger Nickeldraht: Vielseitiger reiner Nickeldraht<\/span><\/h3>\n<p>&nbsp;<\/p>\n<p><iframe src=\"https:\/\/www.youtube.com\/embed\/2_6tzoL2Nco?rel=0\" allowfullscreen=\"allowfullscreen\" data-mce-fragment=\"1\"><\/iframe><\/p>\n<p>Beschreibung:<br \/>\nNickel-Metalldraht, hergestellt aus hochreinem Nickel, zeichnet sich durch seine au\u00dfergew\u00f6hnliche Korrosionsbest\u00e4ndigkeit, seinen hohen Schmelzpunkt und seine robuste chemische Stabilit\u00e4t aus. Dieser feine Draht bietet eine hervorragende Leitf\u00e4higkeit und ist ideal f\u00fcr Anwendungen, die eine hohe Widerstandsf\u00e4higkeit in extremen Umgebungen erfordern, wie z. B. Heizelemente f\u00fcr hohe Temperaturen, Sensorkomponenten und spezielle elektronische Schaltungen. Seine Vielseitigkeit erstreckt sich auf Laboranwendungen, industrielle Prozesse und verschiedene elektronische Anwendungen.<\/p>\n<p>Spezifikationen:Material: Hochreines Nickel<br \/>\nReinheit: 99,5%<br \/>\nMerkmale: Hohe Korrosionsbest\u00e4ndigkeit, ausgezeichnete elektrische Leitf\u00e4higkeit<br \/>\nAnwendungen: Hochtemperatur-Heizelemente, Sensorkomponenten, Spezialelektronik, Labor, industrielle Prozesse<\/p>\n<p><b><strong>Um verschiedene Metalldr\u00e4hte anzupassen, klicken Sie bitte auf das Bild unten f\u00fcr weitere Details:<\/strong><\/b><\/p>\n<table>\n<tbody>\n<tr>\n<td>&nbsp;<\/p>\n<figure id=\"attachment_3942\" class=\"wp-caption aligncenter\" aria-describedby=\"caption-attachment-3942\"><a href=\"https:\/\/oqitop.com\/de\/produkte\/metalldraht\/gold-wire\/\"><img decoding=\"async\" class=\"size-thumbnail wp-image-3942\" title=\"Hochreines 99,99% Hochintegrierte Schaltkreise Anwendungen von hochleitf\u00e4higem Golddraht 1\" src=\"https:\/\/oqitop.com\/wp-content\/uploads\/2025\/12\/Gold-Wire-150x150.jpg\" sizes=\"(max-width: 150px) 100vw, 150px\" srcset=\"https:\/\/oqitop.com\/wp-content\/uploads\/2025\/12\/Gold-Wire-150x150.jpg 150w, https:\/\/oqitop.com\/wp-content\/uploads\/2025\/12\/Gold-Wire.jpg 300w\" alt=\"\" width=\"150\" height=\"150\" \/><\/a><figcaption id=\"caption-attachment-3942\" class=\"wp-caption-text\"><a href=\"https:\/\/oqitop.com\/de\/produkte\/metalldraht\/gold-wire\/\">Golddraht<\/a><\/figcaption><\/figure>\n<\/td>\n<td>&nbsp;<\/p>\n<figure id=\"attachment_3943\" class=\"wp-caption aligncenter\" aria-describedby=\"caption-attachment-3943\"><a href=\"https:\/\/oqitop.com\/de\/produkte\/metalldraht\/copper-wire\/\"><img decoding=\"async\" class=\"size-thumbnail wp-image-3943\" title=\"Hochreines 99,99% Hochintegrierte Schaltkreise Anwendungen von hochleitf\u00e4higem Golddraht 2\" src=\"https:\/\/oqitop.com\/wp-content\/uploads\/2025\/12\/Copper-Wire-150x150.jpg\" sizes=\"(max-width: 150px) 100vw, 150px\" srcset=\"https:\/\/oqitop.com\/wp-content\/uploads\/2025\/12\/Copper-Wire-150x150.jpg 150w, https:\/\/oqitop.com\/wp-content\/uploads\/2025\/12\/Copper-Wire.jpg 300w\" alt=\"\" width=\"150\" height=\"150\" \/><\/a><figcaption id=\"caption-attachment-3943\" class=\"wp-caption-text\"><a href=\"https:\/\/oqitop.com\/de\/produkte\/metalldraht\/copper-wire\/\">Kupferdraht<\/a><\/figcaption><\/figure>\n<\/td>\n<td>&nbsp;<\/p>\n<figure id=\"attachment_3944\" class=\"wp-caption aligncenter\" aria-describedby=\"caption-attachment-3944\"><a href=\"https:\/\/oqitop.com\/de\/produkte\/metalldraht\/iron-wire\/\"><img decoding=\"async\" class=\"size-thumbnail wp-image-3944\" title=\"Hochreines 99,99% Hochintegrierte Schaltkreise Anwendungen von hochleitf\u00e4higem Golddraht 3\" src=\"https:\/\/oqitop.com\/wp-content\/uploads\/2025\/12\/lron-Wire-150x150.jpg\" sizes=\"(max-width: 150px) 100vw, 150px\" srcset=\"https:\/\/oqitop.com\/wp-content\/uploads\/2025\/12\/lron-Wire-150x150.jpg 150w, https:\/\/oqitop.com\/wp-content\/uploads\/2025\/12\/lron-Wire.jpg 300w\" alt=\"\" width=\"150\" height=\"150\" \/><\/a><figcaption id=\"caption-attachment-3944\" class=\"wp-caption-text\"><a href=\"https:\/\/oqitop.com\/de\/produkte\/metalldraht\/iron-wire\/\">Eisendraht<\/a><\/figcaption><\/figure>\n<\/td>\n<td>&nbsp;<\/p>\n<figure id=\"attachment_3945\" class=\"wp-caption aligncenter\" aria-describedby=\"caption-attachment-3945\"><a href=\"https:\/\/oqitop.com\/de\/produkte\/metalldraht\/platinum-wire\/\"><img loading=\"lazy\" decoding=\"async\" class=\"size-thumbnail wp-image-3945\" title=\"Hochreines 99,99% Hochintegrierte Schaltkreise Anwendungen von hochleitf\u00e4higem Golddraht 4\" src=\"https:\/\/oqitop.com\/wp-content\/uploads\/2025\/12\/Platinum-Wire-150x150.jpg\" sizes=\"(max-width: 150px) 100vw, 150px\" srcset=\"https:\/\/oqitop.com\/wp-content\/uploads\/2025\/12\/Platinum-Wire-150x150.jpg 150w, https:\/\/oqitop.com\/wp-content\/uploads\/2025\/12\/Platinum-Wire.jpg 300w\" alt=\"\" width=\"150\" height=\"150\" \/><\/a><figcaption id=\"caption-attachment-3945\" class=\"wp-caption-text\"><a href=\"https:\/\/oqitop.com\/de\/produkte\/metalldraht\/platinum-wire\/\">Platindraht<\/a><\/figcaption><\/figure>\n<\/td>\n<\/tr>\n<tr>\n<td>&nbsp;<\/p>\n<figure id=\"attachment_3946\" class=\"wp-caption aligncenter\" aria-describedby=\"caption-attachment-3946\"><a href=\"https:\/\/oqitop.com\/de\/produkte\/metalldraht\/silver-wire\/\"><img loading=\"lazy\" decoding=\"async\" class=\"size-thumbnail wp-image-3946\" title=\"Hochreines 99,99% Hochintegrierte Schaltkreise Anwendungen von hochleitf\u00e4higem Golddraht 5\" src=\"https:\/\/oqitop.com\/wp-content\/uploads\/2025\/12\/Silver-Wire-150x150.jpg\" sizes=\"(max-width: 150px) 100vw, 150px\" srcset=\"https:\/\/oqitop.com\/wp-content\/uploads\/2025\/12\/Silver-Wire-150x150.jpg 150w, https:\/\/oqitop.com\/wp-content\/uploads\/2025\/12\/Silver-Wire.jpg 300w\" alt=\"\" width=\"150\" height=\"150\" \/><\/a><figcaption id=\"caption-attachment-3946\" class=\"wp-caption-text\"><a href=\"https:\/\/oqitop.com\/de\/produkte\/metalldraht\/silver-wire\/\">Silberdraht<\/a><\/figcaption><\/figure>\n<\/td>\n<td>&nbsp;<\/p>\n<figure id=\"attachment_3947\" class=\"wp-caption aligncenter\" aria-describedby=\"caption-attachment-3947\"><a href=\"https:\/\/oqitop.com\/de\/produkte\/metalldraht\/nickel-wire\/\"><img loading=\"lazy\" decoding=\"async\" class=\"size-thumbnail wp-image-3947\" title=\"Hochreines 99,99% Hochintegrierte Schaltkreise Anwendungen von hochleitf\u00e4higem Golddraht 6\" src=\"https:\/\/oqitop.com\/wp-content\/uploads\/2025\/12\/Nickel-Wire-150x150.jpg\" sizes=\"(max-width: 150px) 100vw, 150px\" srcset=\"https:\/\/oqitop.com\/wp-content\/uploads\/2025\/12\/Nickel-Wire-150x150.jpg 150w, https:\/\/oqitop.com\/wp-content\/uploads\/2025\/12\/Nickel-Wire.jpg 300w\" alt=\"\" width=\"150\" height=\"150\" \/><\/a><figcaption id=\"caption-attachment-3947\" class=\"wp-caption-text\"><a href=\"https:\/\/oqitop.com\/de\/produkte\/metalldraht\/nickel-wire\/\">Nickeldraht<\/a><\/figcaption><\/figure>\n<\/td>\n<td>&nbsp;<\/p>\n<figure id=\"attachment_3948\" class=\"wp-caption aligncenter\" aria-describedby=\"caption-attachment-3948\"><a href=\"https:\/\/oqitop.com\/de\/produkte\/metalldraht\/iridiumdraht\/\"><img loading=\"lazy\" decoding=\"async\" class=\"size-thumbnail wp-image-3948\" title=\"Hochreines 99,99% Hochintegrierte Schaltkreise Anwendungen von hochleitf\u00e4higem Golddraht 7\" src=\"https:\/\/oqitop.com\/wp-content\/uploads\/2025\/12\/lridium-wire-150x150.jpg\" sizes=\"(max-width: 150px) 100vw, 150px\" srcset=\"https:\/\/oqitop.com\/wp-content\/uploads\/2025\/12\/lridium-wire-150x150.jpg 150w, https:\/\/oqitop.com\/wp-content\/uploads\/2025\/12\/lridium-wire.jpg 300w\" alt=\"\" width=\"150\" height=\"150\" \/><\/a><figcaption id=\"caption-attachment-3948\" class=\"wp-caption-text\"><a href=\"https:\/\/oqitop.com\/de\/produkte\/metalldraht\/iridiumdraht\/\">Iridiumdraht<\/a><\/figcaption><\/figure>\n<\/td>\n<td>&nbsp;<\/p>\n<figure id=\"attachment_3949\" class=\"wp-caption aligncenter\" aria-describedby=\"caption-attachment-3949\"><img loading=\"lazy\" decoding=\"async\" class=\"size-thumbnail wp-image-3949\" title=\"Hochreines 99,99% Hochintegrierte Schaltkreise Anwendungen von hochleitf\u00e4higem Golddraht 8\" src=\"https:\/\/oqitop.com\/wp-content\/uploads\/2025\/12\/Titanium-Wire-150x150.jpg\" sizes=\"(max-width: 150px) 100vw, 150px\" srcset=\"https:\/\/oqitop.com\/wp-content\/uploads\/2025\/12\/Titanium-Wire-150x150.jpg 150w, https:\/\/oqitop.com\/wp-content\/uploads\/2025\/12\/Titanium-Wire.jpg 300w\" alt=\"\" width=\"150\" height=\"150\" \/><figcaption id=\"caption-attachment-3949\" class=\"wp-caption-text\">Titandraht<\/figcaption><\/figure>\n<\/td>\n<\/tr>\n<\/tbody>\n<\/table>\n<p><img loading=\"lazy\" decoding=\"async\" class=\"aligncenter size-full wp-image-4045\" src=\"https:\/\/oqitop.com\/wp-content\/uploads\/2025\/12\/5-36.jpg\" alt=\"\" width=\"1024\" height=\"1024\" title=\"\" srcset=\"https:\/\/oqitop.com\/wp-content\/uploads\/2025\/12\/5-36.jpg 1024w, https:\/\/oqitop.com\/wp-content\/uploads\/2025\/12\/5-36-300x300.jpg 300w, https:\/\/oqitop.com\/wp-content\/uploads\/2025\/12\/5-36-150x150.jpg 150w, https:\/\/oqitop.com\/wp-content\/uploads\/2025\/12\/5-36-768x768.jpg 768w\" sizes=\"(max-width: 1024px) 100vw, 1024px\" \/><img loading=\"lazy\" decoding=\"async\" class=\"aligncenter size-full wp-image-4046\" src=\"https:\/\/oqitop.com\/wp-content\/uploads\/2025\/12\/55555-11-32.jpg\" alt=\"\" width=\"1024\" height=\"677\" title=\"\" srcset=\"https:\/\/oqitop.com\/wp-content\/uploads\/2025\/12\/55555-11-32.jpg 1024w, https:\/\/oqitop.com\/wp-content\/uploads\/2025\/12\/55555-11-32-300x198.jpg 300w, https:\/\/oqitop.com\/wp-content\/uploads\/2025\/12\/55555-11-32-768x508.jpg 768w\" sizes=\"(max-width: 1024px) 100vw, 1024px\" \/><\/p>","protected":false},"featured_media":4047,"template":"","meta":{"_acf_changed":false,"site-sidebar-layout":"default","site-content-layout":"","ast-site-content-layout":"default","site-content-style":"default","site-sidebar-style":"default","ast-global-header-display":"","ast-banner-title-visibility":"","ast-main-header-display":"","ast-hfb-above-header-display":"","ast-hfb-below-header-display":"","ast-hfb-mobile-header-display":"","site-post-title":"","ast-breadcrumbs-content":"","ast-featured-img":"","footer-sml-layout":"","theme-transparent-header-meta":"default","adv-header-id-meta":"","stick-header-meta":"default","header-above-stick-meta":"","header-main-stick-meta":"","header-below-stick-meta":"","astra-migrate-meta-layouts":"set","ast-page-background-enabled":"default","ast-page-background-meta":{"desktop":{"background-color":"var(--ast-global-color-4)","background-image":"","background-repeat":"repeat","background-position":"center center","background-size":"auto","background-attachment":"scroll","background-type":"","background-media":"","overlay-type":"","overlay-color":"","overlay-opacity":"","overlay-gradient":""},"tablet":{"background-color":"","background-image":"","background-repeat":"repeat","background-position":"center center","background-size":"auto","background-attachment":"scroll","background-type":"","background-media":"","overlay-type":"","overlay-color":"","overlay-opacity":"","overlay-gradient":""},"mobile":{"background-color":"","background-image":"","background-repeat":"repeat","background-position":"center center","background-size":"auto","background-attachment":"scroll","background-type":"","background-media":"","overlay-type":"","overlay-color":"","overlay-opacity":"","overlay-gradient":""}},"ast-content-background-meta":{"desktop":{"background-color":"var(--ast-global-color-5)","background-image":"","background-repeat":"repeat","background-position":"center center","background-size":"auto","background-attachment":"scroll","background-type":"","background-media":"","overlay-type":"","overlay-color":"","overlay-opacity":"","overlay-gradient":""},"tablet":{"background-color":"var(--ast-global-color-5)","background-image":"","background-repeat":"repeat","background-position":"center center","background-size":"auto","background-attachment":"scroll","background-type":"","background-media":"","overlay-type":"","overlay-color":"","overlay-opacity":"","overlay-gradient":""},"mobile":{"background-color":"var(--ast-global-color-5)","background-image":"","background-repeat":"repeat","background-position":"center center","background-size":"auto","background-attachment":"scroll","background-type":"","background-media":"","overlay-type":"","overlay-color":"","overlay-opacity":"","overlay-gradient":""}}},"tags":[],"products":[241,247],"class_list":["post-4044","product","type-product","status-publish","has-post-thumbnail","hentry","products-metal-wire","products-nickel-wire"],"acf":[],"_links":{"self":[{"href":"https:\/\/oqitop.com\/de\/wp-json\/wp\/v2\/product\/4044","targetHints":{"allow":["GET"]}}],"collection":[{"href":"https:\/\/oqitop.com\/de\/wp-json\/wp\/v2\/product"}],"about":[{"href":"https:\/\/oqitop.com\/de\/wp-json\/wp\/v2\/types\/product"}],"wp:featuredmedia":[{"embeddable":true,"href":"https:\/\/oqitop.com\/de\/wp-json\/wp\/v2\/media\/4047"}],"wp:attachment":[{"href":"https:\/\/oqitop.com\/de\/wp-json\/wp\/v2\/media?parent=4044"}],"wp:term":[{"taxonomy":"post_tag","embeddable":true,"href":"https:\/\/oqitop.com\/de\/wp-json\/wp\/v2\/tags?post=4044"},{"taxonomy":"products","embeddable":true,"href":"https:\/\/oqitop.com\/de\/wp-json\/wp\/v2\/products?post=4044"}],"curies":[{"name":"wp","href":"https:\/\/api.w.org\/{rel}","templated":true}]}}