 {"id":2707,"date":"2025-12-06T15:56:03","date_gmt":"2025-12-06T07:56:03","guid":{"rendered":"https:\/\/oqitop.com\/?post_type=product&#038;p=2707"},"modified":"2026-01-12T15:47:22","modified_gmt":"2026-01-12T07:47:22","slug":"0-08mm-ultra-thin-foam-sheet-for-copper-pipes-battery-thermal-management","status":"publish","type":"product","link":"https:\/\/oqitop.com\/es\/product\/0-08mm-ultra-thin-foam-sheet-for-copper-pipes-battery-thermal-management\/","title":{"rendered":"0.08mm Ultra-Thin Foam Sheet for Copper Pipes &#038; Battery Thermal Management"},"content":{"rendered":"<h3 style=\"text-align: center;\"><span style=\"color: #ff0000;\">0.08mm Ultra-thin Foam Sheet For Copper Pipes Batteries<\/span><\/h3>\n<p><iframe src=\"https:\/\/www.youtube.com\/embed\/aJyTVuVJils?rel=0\" allowfullscreen=\"allowfullscreen\" data-mce-fragment=\"1\"><\/iframe><\/p>\n<p><b><strong>Introducci\u00f3n<\/strong><\/b><\/p>\n<p>Aparte del aluminio,\u00a0<b><strong><a href=\"https:\/\/oqitop.com\/es\/productos\/metal-foam\/copper-foam\/\">Espuma de cobre<\/a><\/strong><\/b>\u00a0es el material m\u00e1s utilizado para fabricar disipadores de calor, ya que las propiedades del cobre lo hacen id\u00f3neo para este fin.La espuma de cobre microporosa es como una estructura de celdas abiertas, con un n\u00famero extraordinariamente grande de poros interconectados distribuidos uniformemente por todo el material de cobre base.<\/p>\n<p><b>Ventaja:<\/b><\/p>\n<ol>\n<li>La espuma de cobre tiene una gran funci\u00f3n de conducci\u00f3n del calor y la electricidad, por lo que puede utilizarse como sustrato de electrodos de bater\u00edas de iones de litio, pilas de combustible, bater\u00edas de n\u00edquel-zinc y material de electrodos de condensadores el\u00e9ctricos de doble capa.<\/li>\n<li>La espuma de cobre tambi\u00e9n se puede utilizar como materiales de disipaci\u00f3n t\u00e9rmica, materiales de absorci\u00f3n de calor, soporte de catalizadores qu\u00edmicos, materiales de blindaje electromagn\u00e9tico, materiales de filtraci\u00f3n, materiales de amortiguaci\u00f3n, materiales de electrodos de bater\u00edas, amortiguaci\u00f3n, materiales decorativos de alto grado.<\/li>\n<\/ol>\n<p><b><strong>Especificaciones<\/strong><\/b><\/p>\n<table>\n<tbody>\n<tr>\n<td>Tipo<\/td>\n<td>C\u00e9lula abierta<\/td>\n<\/tr>\n<tr>\n<td>Pureza<\/td>\n<td>&gt; 99%<\/td>\n<\/tr>\n<tr>\n<td>Formulario<\/td>\n<td>L\u00e1mina o rollo, dependiendo del tama\u00f1o y el grosor.<\/td>\n<\/tr>\n<tr>\n<td>Tama\u00f1o de celda (PPI)<\/td>\n<td>10-150 ppp, seg\u00fan solicitud<\/td>\n<\/tr>\n<tr>\n<td>Espesor<\/td>\n<td>Est\u00e1ndar: 1-30 mm. Se pueden personalizar seg\u00fan solicitud los espesores extrafinos (30 mm).<\/td>\n<\/tr>\n<tr>\n<td>Tama\u00f1o y forma<\/td>\n<td>Est\u00e1ndar: 500*500 mm\/200*300 mm; se puede fabricar en diferentes formas seg\u00fan se solicite.<\/td>\n<\/tr>\n<tr>\n<td>Porosidad<\/td>\n<td>95%-98%<\/td>\n<\/tr>\n<tr>\n<td>Tasa de c\u00e9lulas abiertas<\/td>\n<td>\u226598 %<\/td>\n<\/tr>\n<tr>\n<td>Densidad volum\u00e9trica<\/td>\n<td>&gt;0,1 g\/cm3, seg\u00fan pedido<\/td>\n<\/tr>\n<tr>\n<td>Densidad superficial<\/td>\n<td>200-2500 g\/m\u00b2, seg\u00fan solicitud<\/td>\n<\/tr>\n<tr>\n<td>Conductividad t\u00e9rmica (te\u00f3rica)<\/td>\n<td>&gt;6W\/M.K<\/td>\n<\/tr>\n<tr>\n<td>Resistencia mec\u00e1nica (te\u00f3rica)<\/td>\n<td>\u22652,5MPa<\/td>\n<\/tr>\n<tr>\n<td>Resistencia a la tracci\u00f3n (te\u00f3rica)<\/td>\n<td>5-18MPa<\/td>\n<\/tr>\n<\/tbody>\n<\/table>\n<h3><b><strong>Dimensi\u00f3n<\/strong><\/b><b><strong>\u00a0(<\/strong><\/b><b><strong>Espesor* Longitud*Anchura<\/strong><\/b><b><strong>)<\/strong><\/b><\/h3>\n<table>\n<tbody>\n<tr>\n<td width=\"161\">0,08 mm*200 mm*300 mm<\/td>\n<td width=\"161\">0,1 mm \u00d7 200 mm \u00d7 300 mm<\/td>\n<td width=\"241\">0,3 mm \u00d7 200 mm \u00d7 300 mm<\/td>\n<\/tr>\n<tr>\n<td width=\"161\">0,5 mm \u00d7 200 mm \u00d7 300 mm<\/td>\n<td width=\"161\">1,0 mm \u00d7 200 mm \u00d7 300 mm<\/td>\n<td width=\"241\">2,0 mm \u00d7 200 mm \u00d7 300 mm<\/td>\n<\/tr>\n<tr>\n<td width=\"161\">3,0 mm \u00d7 200 mm \u00d7 300 mm<\/td>\n<td width=\"161\">5,0 mm*200 mm*300 mm<\/td>\n<td width=\"241\">6,0 mm*200 mm*300 mm<\/td>\n<\/tr>\n<tr>\n<td width=\"161\">8,0 mm*200 mm*300 mm<\/td>\n<td width=\"161\">10mm*200mm*300mm<\/td>\n<td width=\"241\">20mm*200mm*300mm<\/td>\n<\/tr>\n<tr>\n<td width=\"161\">23mm*200mm*300mm<\/td>\n<td width=\"161\">25mm*200mm*300mm<\/td>\n<td width=\"241\"><b>El tama\u00f1o se puede personalizar.<\/b><\/td>\n<\/tr>\n<\/tbody>\n<\/table>\n<p><b><strong>Para personalizar diversas espumas met\u00e1licas, haga clic en la imagen siguiente para obtener m\u00e1s informaci\u00f3n:<\/strong><\/b><\/p>\n<table>\n<tbody>\n<tr>\n<td>&nbsp;<\/p>\n<figure id=\"attachment_2567\" class=\"wp-caption aligncenter\" aria-describedby=\"caption-attachment-2567\"><a href=\"https:\/\/oqitop.com\/es\/productos\/metal-foam\/copper-foam\/\"><img decoding=\"async\" class=\"wp-image-2567 size-thumbnail\" src=\"https:\/\/oqitop.com\/wp-content\/uploads\/2025\/12\/Copper-Foam-150x150.jpg\" sizes=\"(max-width: 150px) 100vw, 150px\" srcset=\"https:\/\/oqitop.com\/wp-content\/uploads\/2025\/12\/Copper-Foam-150x150.jpg 150w, https:\/\/oqitop.com\/wp-content\/uploads\/2025\/12\/Copper-Foam-300x300.jpg 300w, https:\/\/oqitop.com\/wp-content\/uploads\/2025\/12\/Copper-Foam.jpg 600w\" alt=\"\" width=\"150\" height=\"150\" title=\"\"><\/a><figcaption id=\"caption-attachment-2567\" class=\"wp-caption-text\"><a href=\"https:\/\/oqitop.com\/es\/productos\/metal-foam\/copper-foam\/\">Espuma de cobre<\/a><\/figcaption><\/figure>\n<\/td>\n<td>&nbsp;<\/p>\n<figure id=\"attachment_2568\" class=\"wp-caption aligncenter\" aria-describedby=\"caption-attachment-2568\"><a href=\"https:\/\/oqitop.com\/es\/productos\/metal-foam\/nickel-foam\/\"><img decoding=\"async\" class=\"wp-image-2568 size-thumbnail\" src=\"https:\/\/oqitop.com\/wp-content\/uploads\/2025\/12\/Nickel-Foam-150x150.png\" sizes=\"(max-width: 150px) 100vw, 150px\" srcset=\"https:\/\/oqitop.com\/wp-content\/uploads\/2025\/12\/Nickel-Foam-150x150.png 150w, https:\/\/oqitop.com\/wp-content\/uploads\/2025\/12\/Nickel-Foam-300x300.png 300w, https:\/\/oqitop.com\/wp-content\/uploads\/2025\/12\/Nickel-Foam.png 500w\" alt=\"\" width=\"150\" height=\"150\" title=\"\"><\/a><figcaption id=\"caption-attachment-2568\" class=\"wp-caption-text\"><a href=\"https:\/\/oqitop.com\/es\/productos\/metal-foam\/nickel-foam\/\">Espuma de n\u00edquel<\/a><\/figcaption><\/figure>\n<\/td>\n<td>&nbsp;<\/p>\n<figure id=\"attachment_2569\" class=\"wp-caption aligncenter\" aria-describedby=\"caption-attachment-2569\"><a href=\"https:\/\/oqitop.com\/es\/productos\/metal-foam\/espuma-de-titanio\/\"><img decoding=\"async\" class=\"wp-image-2569 size-thumbnail\" src=\"https:\/\/oqitop.com\/wp-content\/uploads\/2025\/12\/Ti-Foam-150x150.png\" sizes=\"(max-width: 150px) 100vw, 150px\" srcset=\"https:\/\/oqitop.com\/wp-content\/uploads\/2025\/12\/Ti-Foam-150x150.png 150w, https:\/\/oqitop.com\/wp-content\/uploads\/2025\/12\/Ti-Foam-300x300.png 300w, https:\/\/oqitop.com\/wp-content\/uploads\/2025\/12\/Ti-Foam.png 500w\" alt=\"\" width=\"150\" height=\"150\" title=\"\"><\/a><figcaption id=\"caption-attachment-2569\" class=\"wp-caption-text\"><a href=\"https:\/\/oqitop.com\/es\/productos\/metal-foam\/espuma-de-titanio\/\">Ti Espuma<\/a><\/figcaption><\/figure>\n<\/td>\n<td>&nbsp;<\/p>\n<figure id=\"attachment_2571\" class=\"wp-caption aligncenter\" aria-describedby=\"caption-attachment-2571\"><a href=\"https:\/\/oqitop.com\/es\/productos\/metal-foam\/aluminum-foam\/\"><img loading=\"lazy\" decoding=\"async\" class=\"wp-image-2571 size-thumbnail\" src=\"https:\/\/oqitop.com\/wp-content\/uploads\/2025\/12\/Aluminum-Foam-1-150x150.png\" sizes=\"(max-width: 150px) 100vw, 150px\" srcset=\"https:\/\/oqitop.com\/wp-content\/uploads\/2025\/12\/Aluminum-Foam-1-150x150.png 150w, https:\/\/oqitop.com\/wp-content\/uploads\/2025\/12\/Aluminum-Foam-1-300x300.png 300w, https:\/\/oqitop.com\/wp-content\/uploads\/2025\/12\/Aluminum-Foam-1.png 529w\" alt=\"\" width=\"150\" height=\"150\" title=\"\"><\/a><figcaption id=\"caption-attachment-2571\" class=\"wp-caption-text\"><a href=\"https:\/\/oqitop.com\/es\/productos\/metal-foam\/aluminum-foam\/\">Espuma de aluminio<\/a><\/figcaption><\/figure>\n<\/td>\n<\/tr>\n<tr>\n<td>&nbsp;<\/p>\n<figure id=\"attachment_2572\" class=\"wp-caption aligncenter\" aria-describedby=\"caption-attachment-2572\"><a href=\"https:\/\/oqitop.com\/es\/productos\/metal-foam\/espuma-de-hierro-y-niquel\/\"><img loading=\"lazy\" decoding=\"async\" class=\"wp-image-2572 size-thumbnail\" src=\"https:\/\/oqitop.com\/wp-content\/uploads\/2025\/12\/Iron-Nickel-Foam-150x150.jpg\" sizes=\"(max-width: 150px) 100vw, 150px\" srcset=\"https:\/\/oqitop.com\/wp-content\/uploads\/2025\/12\/Iron-Nickel-Foam-150x150.jpg 150w, https:\/\/oqitop.com\/wp-content\/uploads\/2025\/12\/Iron-Nickel-Foam-300x300.jpg 300w, https:\/\/oqitop.com\/wp-content\/uploads\/2025\/12\/Iron-Nickel-Foam.jpg 720w\" alt=\"\" width=\"150\" height=\"150\" title=\"\"><\/a><figcaption id=\"caption-attachment-2572\" class=\"wp-caption-text\"><a href=\"https:\/\/oqitop.com\/es\/productos\/metal-foam\/espuma-de-hierro-y-niquel\/\">Espuma de hierro y n\u00edquel<\/a><\/figcaption><\/figure>\n<\/td>\n<td>&nbsp;<\/p>\n<figure id=\"attachment_2573\" class=\"wp-caption aligncenter\" aria-describedby=\"caption-attachment-2573\"><a href=\"https:\/\/oqitop.com\/es\/productos\/metal-foam\/carbon-foam\/\"><img loading=\"lazy\" decoding=\"async\" class=\"wp-image-2573 size-thumbnail\" src=\"https:\/\/oqitop.com\/wp-content\/uploads\/2025\/12\/Carbon-Foam-150x150.png\" sizes=\"(max-width: 150px) 100vw, 150px\" srcset=\"https:\/\/oqitop.com\/wp-content\/uploads\/2025\/12\/Carbon-Foam-150x150.png 150w, https:\/\/oqitop.com\/wp-content\/uploads\/2025\/12\/Carbon-Foam-300x300.png 300w, https:\/\/oqitop.com\/wp-content\/uploads\/2025\/12\/Carbon-Foam-768x768.png 768w, https:\/\/oqitop.com\/wp-content\/uploads\/2025\/12\/Carbon-Foam.png 1000w\" alt=\"\" width=\"150\" height=\"150\" title=\"\"><\/a><figcaption id=\"caption-attachment-2573\" class=\"wp-caption-text\"><a href=\"https:\/\/oqitop.com\/es\/productos\/metal-foam\/carbon-foam\/\">Espuma de carbono<\/a><\/figcaption><\/figure>\n<\/td>\n<td>&nbsp;<\/p>\n<figure id=\"attachment_2574\" class=\"wp-caption aligncenter\" aria-describedby=\"caption-attachment-2574\"><a href=\"https:\/\/oqitop.com\/es\/productos\/metal-foam\/silver-foam\/\"><img loading=\"lazy\" decoding=\"async\" class=\"wp-image-2574 size-thumbnail\" src=\"https:\/\/oqitop.com\/wp-content\/uploads\/2025\/12\/Silver-Foam-150x150.jpg\" sizes=\"(max-width: 150px) 100vw, 150px\" srcset=\"https:\/\/oqitop.com\/wp-content\/uploads\/2025\/12\/Silver-Foam-150x150.jpg 150w, https:\/\/oqitop.com\/wp-content\/uploads\/2025\/12\/Silver-Foam-300x300.jpg 300w, https:\/\/oqitop.com\/wp-content\/uploads\/2025\/12\/Silver-Foam.jpg 726w\" alt=\"\" width=\"150\" height=\"150\" title=\"\"><\/a><figcaption id=\"caption-attachment-2574\" class=\"wp-caption-text\"><a href=\"https:\/\/oqitop.com\/es\/productos\/metal-foam\/silver-foam\/\">Espuma plateada<\/a><\/figcaption><\/figure>\n<\/td>\n<td>&nbsp;<\/p>\n<figure id=\"attachment_2575\" class=\"wp-caption aligncenter\" aria-describedby=\"caption-attachment-2575\"><a href=\"https:\/\/oqitop.com\/es\/productos\/metal-foam\/cobalt-foamhttps%3a\/\/oqitop.com\/productos\/metal-foam\/cobalt-foam\/\"><img loading=\"lazy\" decoding=\"async\" class=\"wp-image-2575 size-thumbnail\" src=\"https:\/\/oqitop.com\/wp-content\/uploads\/2025\/12\/Cobalt-Foam-150x150.jpg\" sizes=\"(max-width: 150px) 100vw, 150px\" srcset=\"https:\/\/oqitop.com\/wp-content\/uploads\/2025\/12\/Cobalt-Foam-150x150.jpg 150w, https:\/\/oqitop.com\/wp-content\/uploads\/2025\/12\/Cobalt-Foam-300x300.jpg 300w, https:\/\/oqitop.com\/wp-content\/uploads\/2025\/12\/Cobalt-Foam-768x768.jpg 768w, https:\/\/oqitop.com\/wp-content\/uploads\/2025\/12\/Cobalt-Foam.jpg 800w\" alt=\"\" width=\"150\" height=\"150\" title=\"\"><\/a><figcaption id=\"caption-attachment-2575\" class=\"wp-caption-text\"><a href=\"https:\/\/oqitop.com\/es\/productos\/metal-foam\/cobalt-foam\/\">Espuma de cobalto<\/a><\/figcaption><\/figure>\n<\/td>\n<\/tr>\n<\/tbody>\n<\/table>\n<p><img loading=\"lazy\" decoding=\"async\" class=\"aligncenter size-full wp-image-2678\" src=\"https:\/\/oqitop.com\/wp-content\/uploads\/2025\/12\/123-1.jpg\" sizes=\"(max-width: 1024px) 100vw, 1024px\" srcset=\"https:\/\/oqitop.com\/wp-content\/uploads\/2025\/12\/123-1.jpg 1024w, https:\/\/oqitop.com\/wp-content\/uploads\/2025\/12\/123-1-300x300.jpg 300w, https:\/\/oqitop.com\/wp-content\/uploads\/2025\/12\/123-1-150x150.jpg 150w, https:\/\/oqitop.com\/wp-content\/uploads\/2025\/12\/123-1-768x768.jpg 768w\" alt=\"\" width=\"1024\" height=\"1024\" title=\"\"><img loading=\"lazy\" decoding=\"async\" class=\"aligncenter size-full wp-image-2679\" src=\"https:\/\/oqitop.com\/wp-content\/uploads\/2025\/12\/22-3.jpg\" sizes=\"(max-width: 1024px) 100vw, 1024px\" srcset=\"https:\/\/oqitop.com\/wp-content\/uploads\/2025\/12\/22-3.jpg 1024w, https:\/\/oqitop.com\/wp-content\/uploads\/2025\/12\/22-3-300x300.jpg 300w, https:\/\/oqitop.com\/wp-content\/uploads\/2025\/12\/22-3-150x150.jpg 150w, https:\/\/oqitop.com\/wp-content\/uploads\/2025\/12\/22-3-768x768.jpg 768w\" alt=\"\" width=\"1024\" height=\"1024\" title=\"\"><img loading=\"lazy\" decoding=\"async\" class=\"aligncenter size-full wp-image-2680\" src=\"https:\/\/oqitop.com\/wp-content\/uploads\/2025\/12\/33-2.jpg\" sizes=\"(max-width: 1024px) 100vw, 1024px\" srcset=\"https:\/\/oqitop.com\/wp-content\/uploads\/2025\/12\/33-2.jpg 1024w, https:\/\/oqitop.com\/wp-content\/uploads\/2025\/12\/33-2-300x300.jpg 300w, https:\/\/oqitop.com\/wp-content\/uploads\/2025\/12\/33-2-150x150.jpg 150w, https:\/\/oqitop.com\/wp-content\/uploads\/2025\/12\/33-2-768x768.jpg 768w\" alt=\"\" width=\"1024\" height=\"1024\" title=\"\"><img loading=\"lazy\" decoding=\"async\" class=\"aligncenter size-full wp-image-2681\" src=\"https:\/\/oqitop.com\/wp-content\/uploads\/2025\/12\/44-2.jpg\" sizes=\"(max-width: 1024px) 100vw, 1024px\" srcset=\"https:\/\/oqitop.com\/wp-content\/uploads\/2025\/12\/44-2.jpg 1024w, https:\/\/oqitop.com\/wp-content\/uploads\/2025\/12\/44-2-300x300.jpg 300w, https:\/\/oqitop.com\/wp-content\/uploads\/2025\/12\/44-2-150x150.jpg 150w, https:\/\/oqitop.com\/wp-content\/uploads\/2025\/12\/44-2-768x768.jpg 768w\" alt=\"\" width=\"1024\" height=\"1024\" title=\"\"><img loading=\"lazy\" decoding=\"async\" class=\"aligncenter size-full wp-image-2566\" src=\"https:\/\/oqitop.com\/wp-content\/uploads\/2025\/12\/11111-1.jpg\" sizes=\"(max-width: 1024px) 100vw, 1024px\" srcset=\"https:\/\/oqitop.com\/wp-content\/uploads\/2025\/12\/11111-1.jpg 1024w, https:\/\/oqitop.com\/wp-content\/uploads\/2025\/12\/11111-1-300x198.jpg 300w, https:\/\/oqitop.com\/wp-content\/uploads\/2025\/12\/11111-1-768x508.jpg 768w\" alt=\"\" width=\"1024\" height=\"677\" title=\"\"><\/p>","protected":false},"featured_media":2708,"template":"","meta":{"_acf_changed":false,"site-sidebar-layout":"default","site-content-layout":"","ast-site-content-layout":"default","site-content-style":"default","site-sidebar-style":"default","ast-global-header-display":"","ast-banner-title-visibility":"","ast-main-header-display":"","ast-hfb-above-header-display":"","ast-hfb-below-header-display":"","ast-hfb-mobile-header-display":"","site-post-title":"","ast-breadcrumbs-content":"","ast-featured-img":"","footer-sml-layout":"","theme-transparent-header-meta":"default","adv-header-id-meta":"","stick-header-meta":"default","header-above-stick-meta":"","header-main-stick-meta":"","header-below-stick-meta":"","astra-migrate-meta-layouts":"set","ast-page-background-enabled":"default","ast-page-background-meta":{"desktop":{"background-color":"var(--ast-global-color-4)","background-image":"","background-repeat":"repeat","background-position":"center center","background-size":"auto","background-attachment":"scroll","background-type":"","background-media":"","overlay-type":"","overlay-color":"","overlay-opacity":"","overlay-gradient":""},"tablet":{"background-color":"","background-image":"","background-repeat":"repeat","background-position":"center center","background-size":"auto","background-attachment":"scroll","background-type":"","background-media":"","overlay-type":"","overlay-color":"","overlay-opacity":"","overlay-gradient":""},"mobile":{"background-color":"","background-image":"","background-repeat":"repeat","background-position":"center center","background-size":"auto","background-attachment":"scroll","background-type":"","background-media":"","overlay-type":"","overlay-color":"","overlay-opacity":"","overlay-gradient":""}},"ast-content-background-meta":{"desktop":{"background-color":"var(--ast-global-color-5)","background-image":"","background-repeat":"repeat","background-position":"center center","background-size":"auto","background-attachment":"scroll","background-type":"","background-media":"","overlay-type":"","overlay-color":"","overlay-opacity":"","overlay-gradient":""},"tablet":{"background-color":"var(--ast-global-color-5)","background-image":"","background-repeat":"repeat","background-position":"center center","background-size":"auto","background-attachment":"scroll","background-type":"","background-media":"","overlay-type":"","overlay-color":"","overlay-opacity":"","overlay-gradient":""},"mobile":{"background-color":"var(--ast-global-color-5)","background-image":"","background-repeat":"repeat","background-position":"center center","background-size":"auto","background-attachment":"scroll","background-type":"","background-media":"","overlay-type":"","overlay-color":"","overlay-opacity":"","overlay-gradient":""}}},"tags":[],"products":[202,200],"class_list":["post-2707","product","type-product","status-publish","has-post-thumbnail","hentry","products-copper-foam","products-metal-foam"],"acf":[],"_links":{"self":[{"href":"https:\/\/oqitop.com\/es\/wp-json\/wp\/v2\/product\/2707","targetHints":{"allow":["GET"]}}],"collection":[{"href":"https:\/\/oqitop.com\/es\/wp-json\/wp\/v2\/product"}],"about":[{"href":"https:\/\/oqitop.com\/es\/wp-json\/wp\/v2\/types\/product"}],"wp:featuredmedia":[{"embeddable":true,"href":"https:\/\/oqitop.com\/es\/wp-json\/wp\/v2\/media\/2708"}],"wp:attachment":[{"href":"https:\/\/oqitop.com\/es\/wp-json\/wp\/v2\/media?parent=2707"}],"wp:term":[{"taxonomy":"post_tag","embeddable":true,"href":"https:\/\/oqitop.com\/es\/wp-json\/wp\/v2\/tags?post=2707"},{"taxonomy":"products","embeddable":true,"href":"https:\/\/oqitop.com\/es\/wp-json\/wp\/v2\/products?post=2707"}],"curies":[{"name":"wp","href":"https:\/\/api.w.org\/{rel}","templated":true}]}}