 {"id":2953,"date":"2025-12-09T17:04:33","date_gmt":"2025-12-09T09:04:33","guid":{"rendered":"https:\/\/oqitop.com\/?post_type=product&#038;p=2953"},"modified":"2026-01-12T17:22:24","modified_gmt":"2026-01-12T09:22:24","slug":"laboratory-titanium-metal-foam-ti-metal-foam-for-water-electrolyzer","status":"publish","type":"product","link":"https:\/\/oqitop.com\/es\/product\/laboratory-titanium-metal-foam-ti-metal-foam-for-water-electrolyzer\/","title":{"rendered":"Espuma met\u00e1lica de titanio para laboratorio Espuma met\u00e1lica de titanio para electrolizador de agua"},"content":{"rendered":"<h3 style=\"text-align: center;\"><span style=\"color: #ff0000;\"><strong>Lab Titanium Metal Foam Ti Metal Foam For Water Electrolyzer<\/strong><\/span><\/h3>\n<p><iframe src=\"https:\/\/www.youtube.com\/embed\/Wt2CYAVahlY?rel=0\" allowfullscreen=\"allowfullscreen\" data-mce-fragment=\"1\"><span data-mce-type=\"bookmark\" style=\"display: inline-block; width: 0px; overflow: hidden; line-height: 0;\" class=\"mce_SELRES_start\"><\/span><\/iframe><\/p>\n<p><b><strong>Introducci\u00f3n<\/strong><\/b><\/p>\n<table>\n<tbody>\n<tr>\n<td width=\"32.3800%\">Precisi\u00f3n de filtraci\u00f3n<\/td>\n<td width=\"67.6000%\">0,45um-100um<\/td>\n<\/tr>\n<tr>\n<td width=\"32.3800%\">Porosidad<\/td>\n<td width=\"67.6000%\">28-50%<\/td>\n<\/tr>\n<tr>\n<td width=\"32.3800%\">\u00cdndice de transmisi\u00f3n<\/td>\n<td width=\"67.6000%\">0.02-20M3cm\/m2h.mmH2O<\/td>\n<\/tr>\n<tr>\n<td width=\"32.3800%\">Resistencia a la compresi\u00f3n<\/td>\n<td width=\"67.6000%\">0,5-1,5Mpa<\/td>\n<\/tr>\n<tr>\n<td width=\"32.3800%\">Resistencia a la temperatura<\/td>\n<td width=\"67.6000%\">280 \u00b0 C (estado h\u00famedo)<\/td>\n<\/tr>\n<tr>\n<td width=\"32.3800%\">Rango de presi\u00f3n m\u00e1xima de trabajo<\/td>\n<td width=\"67.6000%\">0,6 MPa<\/td>\n<\/tr>\n<tr>\n<td width=\"32.3800%\">Precisi\u00f3n<\/td>\n<td width=\"67.6000%\">0,22 \u00b5m 0,45 \u00b5m 1 \u00b5m 3 \u00b5m 5 \u00b5m 10 \u00b5m 20 \u00b5m 30\u00b5m 50 \u00b5m 80 \u00b5m 100 \u00b5m<\/td>\n<\/tr>\n<\/tbody>\n<\/table>\n<p>&nbsp;<\/p>\n<p><b><strong>Dimensiones de referencia<\/strong><\/b><\/p>\n<table>\n<tbody>\n<tr>\n<td width=\"201\">0,7 mm \u00d7 200 mm \u00d7 300 mm<\/td>\n<td width=\"193\">0,8 mm \u00d7 200 mm \u00d7 300 mm<\/td>\n<td width=\"198\">0,9 mm*200 mm*300 mm<\/td>\n<\/tr>\n<tr>\n<td width=\"201\">1,0 mm \u00d7 200 mm \u00d7 300 mm<\/td>\n<td width=\"193\">1,1 mm*200 mm*300 mm<\/td>\n<td width=\"198\">1,2 mm*200 mm*300 mm<\/td>\n<\/tr>\n<tr>\n<td width=\"201\">1,3 mm*200 mm*300 mm<\/td>\n<td width=\"193\">1,4 mm*200 mm*300 mm<\/td>\n<td width=\"198\">1,5 mm \u00d7 200 mm \u00d7 300 mm<\/td>\n<\/tr>\n<tr>\n<td width=\"201\">1,6 mm \u00d7 200 mm \u00d7 300 mm<\/td>\n<td width=\"193\">1,7 mm*20 mm*300 mm<\/td>\n<td width=\"198\">1,8 mm*200 mm*300 mm<\/td>\n<\/tr>\n<tr>\n<td width=\"201\">1,9 mm*200 mm*300 mm<\/td>\n<td width=\"193\">2 a 3 mm*200 mm*300 mm<\/td>\n<td width=\"198\"><span style=\"color: #ff0000;\"><b><strong>El tama\u00f1o se puede personalizar.<\/strong><\/b><\/span><\/td>\n<\/tr>\n<\/tbody>\n<\/table>\n<p><b><strong>Para personalizar diversas espumas met\u00e1licas, haga clic en la imagen siguiente para obtener m\u00e1s informaci\u00f3n:<\/strong><\/b><\/p>\n<table>\n<tbody>\n<tr>\n<td>&nbsp;<\/p>\n<figure id=\"attachment_2567\" class=\"wp-caption aligncenter\" aria-describedby=\"caption-attachment-2567\"><a href=\"https:\/\/oqitop.com\/es\/productos\/metal-foam\/copper-foam\/\"><img decoding=\"async\" class=\"wp-image-2567 size-thumbnail\" title=\"Espuma de n\u00edquel de alta conductividad para la investigaci\u00f3n de electrodos de bater\u00edas 1\" src=\"https:\/\/oqitop.com\/wp-content\/uploads\/2025\/12\/Copper-Foam-150x150.jpg\" sizes=\"(max-width: 150px) 100vw, 150px\" srcset=\"https:\/\/oqitop.com\/wp-content\/uploads\/2025\/12\/Copper-Foam-150x150.jpg 150w, https:\/\/oqitop.com\/wp-content\/uploads\/2025\/12\/Copper-Foam-300x300.jpg 300w, https:\/\/oqitop.com\/wp-content\/uploads\/2025\/12\/Copper-Foam.jpg 600w\" alt=\"\" width=\"150\" height=\"150\" \/><\/a><figcaption id=\"caption-attachment-2567\" class=\"wp-caption-text\"><a href=\"https:\/\/oqitop.com\/es\/productos\/metal-foam\/copper-foam\/\">Espuma de cobre<\/a><\/figcaption><\/figure>\n<\/td>\n<td>&nbsp;<\/p>\n<figure id=\"attachment_2568\" class=\"wp-caption aligncenter\" aria-describedby=\"caption-attachment-2568\"><a href=\"https:\/\/oqitop.com\/es\/productos\/metal-foam\/nickel-foam\/\"><img decoding=\"async\" class=\"wp-image-2568 size-thumbnail\" title=\"Espuma de n\u00edquel de alta conductividad para la investigaci\u00f3n de electrodos de bater\u00edas 2\" src=\"https:\/\/oqitop.com\/wp-content\/uploads\/2025\/12\/Nickel-Foam-150x150.png\" sizes=\"(max-width: 150px) 100vw, 150px\" srcset=\"https:\/\/oqitop.com\/wp-content\/uploads\/2025\/12\/Nickel-Foam-150x150.png 150w, https:\/\/oqitop.com\/wp-content\/uploads\/2025\/12\/Nickel-Foam-300x300.png 300w, https:\/\/oqitop.com\/wp-content\/uploads\/2025\/12\/Nickel-Foam.png 500w\" alt=\"\" width=\"150\" height=\"150\" \/><\/a><figcaption id=\"caption-attachment-2568\" class=\"wp-caption-text\"><a href=\"https:\/\/oqitop.com\/es\/productos\/metal-foam\/nickel-foam\/\">Espuma de n\u00edquel<\/a><\/figcaption><\/figure>\n<\/td>\n<td>&nbsp;<\/p>\n<figure id=\"attachment_2569\" class=\"wp-caption aligncenter\" aria-describedby=\"caption-attachment-2569\"><a href=\"https:\/\/oqitop.com\/es\/productos\/metal-foam\/espuma-de-titanio\/\"><img decoding=\"async\" class=\"wp-image-2569 size-thumbnail\" title=\"Espuma de n\u00edquel de alta conductividad para la investigaci\u00f3n de electrodos de bater\u00edas 3\" src=\"https:\/\/oqitop.com\/wp-content\/uploads\/2025\/12\/Ti-Foam-150x150.png\" sizes=\"(max-width: 150px) 100vw, 150px\" srcset=\"https:\/\/oqitop.com\/wp-content\/uploads\/2025\/12\/Ti-Foam-150x150.png 150w, https:\/\/oqitop.com\/wp-content\/uploads\/2025\/12\/Ti-Foam-300x300.png 300w, https:\/\/oqitop.com\/wp-content\/uploads\/2025\/12\/Ti-Foam.png 500w\" alt=\"\" width=\"150\" height=\"150\" \/><\/a><figcaption id=\"caption-attachment-2569\" class=\"wp-caption-text\"><a href=\"https:\/\/oqitop.com\/es\/productos\/metal-foam\/espuma-de-titanio\/\">Ti Espuma<\/a><\/figcaption><\/figure>\n<\/td>\n<td>&nbsp;<\/p>\n<figure id=\"attachment_2571\" class=\"wp-caption aligncenter\" aria-describedby=\"caption-attachment-2571\"><a href=\"https:\/\/oqitop.com\/es\/productos\/metal-foam\/aluminum-foam\/\"><img loading=\"lazy\" decoding=\"async\" class=\"wp-image-2571 size-thumbnail\" title=\"Espuma de n\u00edquel de alta conductividad para la investigaci\u00f3n de electrodos de bater\u00edas 4\" src=\"https:\/\/oqitop.com\/wp-content\/uploads\/2025\/12\/Aluminum-Foam-1-150x150.png\" sizes=\"(max-width: 150px) 100vw, 150px\" srcset=\"https:\/\/oqitop.com\/wp-content\/uploads\/2025\/12\/Aluminum-Foam-1-150x150.png 150w, https:\/\/oqitop.com\/wp-content\/uploads\/2025\/12\/Aluminum-Foam-1-300x300.png 300w, https:\/\/oqitop.com\/wp-content\/uploads\/2025\/12\/Aluminum-Foam-1.png 529w\" alt=\"\" width=\"150\" height=\"150\" \/><\/a><figcaption id=\"caption-attachment-2571\" class=\"wp-caption-text\"><a href=\"https:\/\/oqitop.com\/es\/productos\/metal-foam\/aluminum-foam\/\">Espuma de aluminio<\/a><\/figcaption><\/figure>\n<\/td>\n<\/tr>\n<tr>\n<td>&nbsp;<\/p>\n<figure id=\"attachment_2572\" class=\"wp-caption aligncenter\" aria-describedby=\"caption-attachment-2572\"><a href=\"https:\/\/oqitop.com\/es\/productos\/metal-foam\/espuma-de-hierro-y-niquel\/\"><img loading=\"lazy\" decoding=\"async\" class=\"wp-image-2572 size-thumbnail\" title=\"Espuma de n\u00edquel de alta conductividad para la investigaci\u00f3n de electrodos de bater\u00edas 5\" src=\"https:\/\/oqitop.com\/wp-content\/uploads\/2025\/12\/Iron-Nickel-Foam-150x150.jpg\" sizes=\"(max-width: 150px) 100vw, 150px\" srcset=\"https:\/\/oqitop.com\/wp-content\/uploads\/2025\/12\/Iron-Nickel-Foam-150x150.jpg 150w, https:\/\/oqitop.com\/wp-content\/uploads\/2025\/12\/Iron-Nickel-Foam-300x300.jpg 300w, https:\/\/oqitop.com\/wp-content\/uploads\/2025\/12\/Iron-Nickel-Foam.jpg 720w\" alt=\"\" width=\"150\" height=\"150\" \/><\/a><figcaption id=\"caption-attachment-2572\" class=\"wp-caption-text\"><a href=\"https:\/\/oqitop.com\/es\/productos\/metal-foam\/espuma-de-hierro-y-niquel\/\">Espuma de hierro y n\u00edquel<\/a><\/figcaption><\/figure>\n<\/td>\n<td>&nbsp;<\/p>\n<figure id=\"attachment_2573\" class=\"wp-caption aligncenter\" aria-describedby=\"caption-attachment-2573\"><a href=\"https:\/\/oqitop.com\/es\/productos\/metal-foam\/carbon-foam\/\"><img loading=\"lazy\" decoding=\"async\" class=\"wp-image-2573 size-thumbnail\" title=\"Espuma de n\u00edquel de alta conductividad para la investigaci\u00f3n de electrodos de bater\u00edas 6\" src=\"https:\/\/oqitop.com\/wp-content\/uploads\/2025\/12\/Carbon-Foam-150x150.png\" sizes=\"(max-width: 150px) 100vw, 150px\" srcset=\"https:\/\/oqitop.com\/wp-content\/uploads\/2025\/12\/Carbon-Foam-150x150.png 150w, https:\/\/oqitop.com\/wp-content\/uploads\/2025\/12\/Carbon-Foam-300x300.png 300w, https:\/\/oqitop.com\/wp-content\/uploads\/2025\/12\/Carbon-Foam-768x768.png 768w, https:\/\/oqitop.com\/wp-content\/uploads\/2025\/12\/Carbon-Foam.png 1000w\" alt=\"\" width=\"150\" height=\"150\" \/><\/a><figcaption id=\"caption-attachment-2573\" class=\"wp-caption-text\"><a href=\"https:\/\/oqitop.com\/es\/productos\/metal-foam\/carbon-foam\/\">Espuma de carbono<\/a><\/figcaption><\/figure>\n<\/td>\n<td>&nbsp;<\/p>\n<figure id=\"attachment_2574\" class=\"wp-caption aligncenter\" aria-describedby=\"caption-attachment-2574\"><a href=\"https:\/\/oqitop.com\/es\/productos\/metal-foam\/silver-foam\/\"><img loading=\"lazy\" decoding=\"async\" class=\"wp-image-2574 size-thumbnail\" title=\"Espuma de n\u00edquel de alta conductividad para la investigaci\u00f3n de electrodos de bater\u00edas 7\" src=\"https:\/\/oqitop.com\/wp-content\/uploads\/2025\/12\/Silver-Foam-150x150.jpg\" sizes=\"(max-width: 150px) 100vw, 150px\" srcset=\"https:\/\/oqitop.com\/wp-content\/uploads\/2025\/12\/Silver-Foam-150x150.jpg 150w, https:\/\/oqitop.com\/wp-content\/uploads\/2025\/12\/Silver-Foam-300x300.jpg 300w, https:\/\/oqitop.com\/wp-content\/uploads\/2025\/12\/Silver-Foam.jpg 726w\" alt=\"\" width=\"150\" height=\"150\" \/><\/a><figcaption id=\"caption-attachment-2574\" class=\"wp-caption-text\"><a href=\"https:\/\/oqitop.com\/es\/productos\/metal-foam\/silver-foam\/\">Espuma plateada<\/a><\/figcaption><\/figure>\n<\/td>\n<td>&nbsp;<\/p>\n<figure id=\"attachment_2575\" class=\"wp-caption aligncenter\" aria-describedby=\"caption-attachment-2575\"><a href=\"https:\/\/oqitop.com\/es\/productos\/metal-foam\/cobalt-foamhttps%3a\/\/oqitop.com\/productos\/metal-foam\/cobalt-foam\/\"><img loading=\"lazy\" decoding=\"async\" class=\"wp-image-2575 size-thumbnail\" title=\"Espuma de n\u00edquel de alta conductividad para la investigaci\u00f3n de electrodos de bater\u00edas 8\" src=\"https:\/\/oqitop.com\/wp-content\/uploads\/2025\/12\/Cobalt-Foam-150x150.jpg\" sizes=\"(max-width: 150px) 100vw, 150px\" srcset=\"https:\/\/oqitop.com\/wp-content\/uploads\/2025\/12\/Cobalt-Foam-150x150.jpg 150w, https:\/\/oqitop.com\/wp-content\/uploads\/2025\/12\/Cobalt-Foam-300x300.jpg 300w, https:\/\/oqitop.com\/wp-content\/uploads\/2025\/12\/Cobalt-Foam-768x768.jpg 768w, https:\/\/oqitop.com\/wp-content\/uploads\/2025\/12\/Cobalt-Foam.jpg 800w\" alt=\"\" width=\"150\" height=\"150\" \/><\/a><figcaption id=\"caption-attachment-2575\" class=\"wp-caption-text\"><a href=\"https:\/\/oqitop.com\/es\/productos\/metal-foam\/cobalt-foam\/\">Espuma de cobalto<\/a><\/figcaption><\/figure>\n<\/td>\n<\/tr>\n<\/tbody>\n<\/table>\n<p><img loading=\"lazy\" decoding=\"async\" class=\"aligncenter size-full wp-image-2929\" src=\"https:\/\/oqitop.com\/wp-content\/uploads\/2025\/12\/22-5.jpg\" alt=\"\" width=\"1024\" height=\"1024\" title=\"\" srcset=\"https:\/\/oqitop.com\/wp-content\/uploads\/2025\/12\/22-5.jpg 1024w, https:\/\/oqitop.com\/wp-content\/uploads\/2025\/12\/22-5-300x300.jpg 300w, https:\/\/oqitop.com\/wp-content\/uploads\/2025\/12\/22-5-150x150.jpg 150w, https:\/\/oqitop.com\/wp-content\/uploads\/2025\/12\/22-5-768x768.jpg 768w\" sizes=\"(max-width: 1024px) 100vw, 1024px\" \/><img loading=\"lazy\" decoding=\"async\" class=\"aligncenter size-full wp-image-2930\" src=\"https:\/\/oqitop.com\/wp-content\/uploads\/2025\/12\/33-5.jpg\" alt=\"\" width=\"1024\" height=\"1024\" title=\"\" srcset=\"https:\/\/oqitop.com\/wp-content\/uploads\/2025\/12\/33-5.jpg 1024w, https:\/\/oqitop.com\/wp-content\/uploads\/2025\/12\/33-5-300x300.jpg 300w, https:\/\/oqitop.com\/wp-content\/uploads\/2025\/12\/33-5-150x150.jpg 150w, https:\/\/oqitop.com\/wp-content\/uploads\/2025\/12\/33-5-768x768.jpg 768w\" sizes=\"(max-width: 1024px) 100vw, 1024px\" \/><img loading=\"lazy\" decoding=\"async\" class=\"aligncenter size-full wp-image-2931\" src=\"https:\/\/oqitop.com\/wp-content\/uploads\/2025\/12\/44-5.jpg\" alt=\"\" width=\"1024\" height=\"1024\" title=\"\" srcset=\"https:\/\/oqitop.com\/wp-content\/uploads\/2025\/12\/44-5.jpg 1024w, https:\/\/oqitop.com\/wp-content\/uploads\/2025\/12\/44-5-300x300.jpg 300w, https:\/\/oqitop.com\/wp-content\/uploads\/2025\/12\/44-5-150x150.jpg 150w, https:\/\/oqitop.com\/wp-content\/uploads\/2025\/12\/44-5-768x768.jpg 768w\" sizes=\"(max-width: 1024px) 100vw, 1024px\" \/><img loading=\"lazy\" decoding=\"async\" class=\"aligncenter size-full wp-image-2932\" src=\"https:\/\/oqitop.com\/wp-content\/uploads\/2025\/12\/55-2.jpg\" alt=\"\" width=\"1024\" height=\"677\" title=\"\" srcset=\"https:\/\/oqitop.com\/wp-content\/uploads\/2025\/12\/55-2.jpg 1024w, https:\/\/oqitop.com\/wp-content\/uploads\/2025\/12\/55-2-300x198.jpg 300w, https:\/\/oqitop.com\/wp-content\/uploads\/2025\/12\/55-2-768x508.jpg 768w\" sizes=\"(max-width: 1024px) 100vw, 1024px\" \/><\/p>","protected":false},"featured_media":2954,"template":"","meta":{"_acf_changed":false,"site-sidebar-layout":"default","site-content-layout":"","ast-site-content-layout":"default","site-content-style":"default","site-sidebar-style":"default","ast-global-header-display":"","ast-banner-title-visibility":"","ast-main-header-display":"","ast-hfb-above-header-display":"","ast-hfb-below-header-display":"","ast-hfb-mobile-header-display":"","site-post-title":"","ast-breadcrumbs-content":"","ast-featured-img":"","footer-sml-layout":"","theme-transparent-header-meta":"default","adv-header-id-meta":"","stick-header-meta":"default","header-above-stick-meta":"","header-main-stick-meta":"","header-below-stick-meta":"","astra-migrate-meta-layouts":"set","ast-page-background-enabled":"default","ast-page-background-meta":{"desktop":{"background-color":"var(--ast-global-color-4)","background-image":"","background-repeat":"repeat","background-position":"center center","background-size":"auto","background-attachment":"scroll","background-type":"","background-media":"","overlay-type":"","overlay-color":"","overlay-opacity":"","overlay-gradient":""},"tablet":{"background-color":"","background-image":"","background-repeat":"repeat","background-position":"center center","background-size":"auto","background-attachment":"scroll","background-type":"","background-media":"","overlay-type":"","overlay-color":"","overlay-opacity":"","overlay-gradient":""},"mobile":{"background-color":"","background-image":"","background-repeat":"repeat","background-position":"center center","background-size":"auto","background-attachment":"scroll","background-type":"","background-media":"","overlay-type":"","overlay-color":"","overlay-opacity":"","overlay-gradient":""}},"ast-content-background-meta":{"desktop":{"background-color":"var(--ast-global-color-5)","background-image":"","background-repeat":"repeat","background-position":"center center","background-size":"auto","background-attachment":"scroll","background-type":"","background-media":"","overlay-type":"","overlay-color":"","overlay-opacity":"","overlay-gradient":""},"tablet":{"background-color":"var(--ast-global-color-5)","background-image":"","background-repeat":"repeat","background-position":"center center","background-size":"auto","background-attachment":"scroll","background-type":"","background-media":"","overlay-type":"","overlay-color":"","overlay-opacity":"","overlay-gradient":""},"mobile":{"background-color":"var(--ast-global-color-5)","background-image":"","background-repeat":"repeat","background-position":"center center","background-size":"auto","background-attachment":"scroll","background-type":"","background-media":"","overlay-type":"","overlay-color":"","overlay-opacity":"","overlay-gradient":""}}},"tags":[],"products":[200,204],"class_list":["post-2953","product","type-product","status-publish","has-post-thumbnail","hentry","products-metal-foam","products-titanium-foam"],"acf":[],"_links":{"self":[{"href":"https:\/\/oqitop.com\/es\/wp-json\/wp\/v2\/product\/2953","targetHints":{"allow":["GET"]}}],"collection":[{"href":"https:\/\/oqitop.com\/es\/wp-json\/wp\/v2\/product"}],"about":[{"href":"https:\/\/oqitop.com\/es\/wp-json\/wp\/v2\/types\/product"}],"wp:featuredmedia":[{"embeddable":true,"href":"https:\/\/oqitop.com\/es\/wp-json\/wp\/v2\/media\/2954"}],"wp:attachment":[{"href":"https:\/\/oqitop.com\/es\/wp-json\/wp\/v2\/media?parent=2953"}],"wp:term":[{"taxonomy":"post_tag","embeddable":true,"href":"https:\/\/oqitop.com\/es\/wp-json\/wp\/v2\/tags?post=2953"},{"taxonomy":"products","embeddable":true,"href":"https:\/\/oqitop.com\/es\/wp-json\/wp\/v2\/products?post=2953"}],"curies":[{"name":"wp","href":"https:\/\/api.w.org\/{rel}","templated":true}]}}