 {"id":3279,"date":"2026-01-10T08:11:36","date_gmt":"2026-01-10T00:11:36","guid":{"rendered":"https:\/\/oqitop.com\/?post_type=product&#038;p=3279"},"modified":"2026-01-15T21:19:41","modified_gmt":"2026-01-15T13:19:41","slug":"high-purity-porous-iron-foam-iron-metal-foam-experimental-materials-battery-material-iron-foam-sheet","status":"publish","type":"product","link":"https:\/\/oqitop.com\/es\/product\/high-purity-porous-iron-foam-iron-metal-foam-experimental-materials-battery-material-iron-foam-sheet\/","title":{"rendered":"Espuma porosa de hierro de gran pureza Espuma met\u00e1lica de hierro Materiales experimentales Material para bater\u00edas Hoja de espuma de hierro"},"content":{"rendered":"<h5 style=\"text-align: center;\"><span style=\"color: #ff0000;\">Espuma porosa de hierro de gran pureza Espuma met\u00e1lica de hierro Materiales experimentales Material para bater\u00edas Hoja de espuma de hierro<\/span><\/h5>\n<p><iframe src=\"https:\/\/www.youtube.com\/embed\/66OLtBu6DmE?rel=0\" allowfullscreen=\"allowfullscreen\" data-mce-fragment=\"1\"><span data-mce-type=\"bookmark\" style=\"display: inline-block; width: 0px; overflow: hidden; line-height: 0;\" class=\"mce_SELRES_start\"><\/span><span data-mce-type=\"bookmark\" style=\"display: inline-block; width: 0px; overflow: hidden; line-height: 0;\" class=\"mce_SELRES_start\"><\/span><\/iframe><\/p>\n<p class=\"p\" align=\"justify\"><strong>Advantage<\/strong><\/p>\n<p class=\"p\" align=\"justify\"><a href=\"https:\/\/oqitop.com\/es\/productos\/metal-foam\/espuma-de-hierro\/\" target=\"_blank\" rel=\"nofollow noopener\">Iron foam<\/a> and its alloys are light in weight, with sound absorption, heat insulation, vibration damping, and shock absorption.<br \/>\n1. Sound absorption: porous structure has a wide frequency absorption characteristics.<br \/>\n2. Sound insulation: through additional treatment, a high noise can be intercepted, and the sound insulation effect is good.<br \/>\n3. Electronic wave shielding: About 90dB electronic wave shielding.<br \/>\n4. Processability: it can cut, bend and simply stick.<br \/>\n5. Fire resistance: keep the shape stable, difficult to burn under high temperature, high temperature resistance.<br \/>\n6. Strong thermal conductivity.<br \/>\n7. It has good air permeability and filtration function, and the flow stability of gas and fluid is super strong.<br \/>\n8. High temperature resistance above 1100 \u2103, uniform pore structure and fast heat transfer.<\/p>\n<p class=\"p\" align=\"justify\"><strong>Especificaciones<\/strong><\/p>\n<table border=\"1\" cellspacing=\"0\">\n<tbody>\n<tr>\n<td valign=\"top\" width=\"89\">\n<p class=\"p\" align=\"center\"><span class=\"15\">Item<\/span><\/p>\n<\/td>\n<td valign=\"top\" width=\"298\">\n<p class=\"p\" align=\"center\"><span class=\"15\">Producible specifications<\/span><\/p>\n<\/td>\n<td colspan=\"2\" valign=\"top\" width=\"231\">\n<p class=\"p\" align=\"center\"><span class=\"15\">Reference specifications<\/span><\/p>\n<\/td>\n<\/tr>\n<tr>\n<td valign=\"top\" width=\"89\">\n<p class=\"p\" align=\"center\">PPI<\/p>\n<\/td>\n<td valign=\"top\" width=\"298\">\n<p class=\"p\" align=\"center\"><span class=\"15\">8-110(\u00b12\/5\/10\uff09<\/span><\/p>\n<\/td>\n<td valign=\"top\" width=\"104\">\n<p class=\"p\" align=\"center\"><span class=\"15\">110\u00b110<\/span><\/p>\n<\/td>\n<td valign=\"top\" width=\"127\">\n<p class=\"p\" align=\"center\"><span class=\"15\">13\u00b12<\/span><\/p>\n<\/td>\n<\/tr>\n<tr>\n<td valign=\"top\" width=\"89\">\n<p class=\"p\" align=\"center\"><span class=\"15\">Surface density<\/span><span class=\"15\">\u00a0<\/span><span class=\"15\">(g\/m2)<\/span><\/p>\n<\/td>\n<td valign=\"top\" width=\"298\">\n<p class=\"p\" align=\"center\"><span class=\"15\">250-5000(\u00b15%\uff09<\/span><\/p>\n<\/td>\n<td valign=\"top\" width=\"104\">\n<p class=\"p\" align=\"center\"><span class=\"15\">380\u00b125<\/span><\/p>\n<\/td>\n<td valign=\"top\" width=\"127\">\n<p class=\"p\" align=\"center\"><span class=\"15\">2000\u00b1100<\/span><\/p>\n<\/td>\n<\/tr>\n<tr>\n<td valign=\"top\" width=\"89\">\n<p class=\"p\" align=\"center\"><span class=\"15\">size<\/span><span class=\"15\">\uff08mm)<\/span><\/p>\n<\/td>\n<td valign=\"top\" width=\"298\">\n<p class=\"p\" align=\"center\"><span class=\"15\">20-1000(\u00b10.5\/1.0\/2.0\uff09<\/span><\/p>\n<\/td>\n<td valign=\"top\" width=\"104\">\n<p class=\"p\" align=\"center\"><span class=\"15\">500\u00b10.5<\/span><\/p>\n<\/td>\n<td valign=\"top\" width=\"127\">\n<p class=\"p\" align=\"center\"><span class=\"15\">500\u00b12<\/span><\/p>\n<\/td>\n<\/tr>\n<tr>\n<td valign=\"top\" width=\"89\">\n<p class=\"p\" align=\"center\">Apariencia<\/p>\n<\/td>\n<td colspan=\"3\" valign=\"top\" width=\"530\">\n<p class=\"p\" align=\"center\"><span class=\"15\">Silver gray, without black spot, blind spot, through hole and crack<\/span><\/p>\n<\/td>\n<\/tr>\n<tr>\n<td rowspan=\"3\" valign=\"center\" width=\"89\">\n<p class=\"p\" align=\"center\"><span class=\"15\">C<\/span><span class=\"15\">hemical\u00a0<\/span><span class=\"15\">C<\/span><span class=\"15\">omposition<\/span><\/p>\n<\/td>\n<td valign=\"top\" width=\"298\">\n<p class=\"p\"><span class=\"15\">P<\/span><span class=\"15\">ure\u00a0<\/span><span class=\"15\">I<\/span><span class=\"15\">ron<\/span><\/p>\n<\/td>\n<td colspan=\"2\" valign=\"top\" width=\"231\">\n<p class=\"p\"><span class=\"15\">(Fe):\u226499.9%<\/span><\/p>\n<\/td>\n<\/tr>\n<tr>\n<td valign=\"top\" width=\"298\">\n<p class=\"p\"><span class=\"15\">(C):\u22640.030%<\/span><\/p>\n<\/td>\n<td colspan=\"2\" valign=\"top\" width=\"231\">\n<p class=\"p\"><span class=\"15\">(S):\u22640.008%<\/span><\/p>\n<\/td>\n<\/tr>\n<tr>\n<td valign=\"top\" width=\"298\">\n<p class=\"p\"><span class=\"15\">(Si):0.005%<\/span><\/p>\n<\/td>\n<td colspan=\"2\" valign=\"top\" width=\"231\">\n<p class=\"p\"><span class=\"15\">(Cu):\u22640.005%<\/span><\/p>\n<\/td>\n<\/tr>\n<\/tbody>\n<\/table>\n<p><b><strong>Para personalizar diversas espumas met\u00e1licas, haga clic en la imagen siguiente para obtener m\u00e1s informaci\u00f3n:<\/strong><\/b><\/p>\n<table>\n<tbody>\n<tr>\n<td>&nbsp;<\/p>\n<figure id=\"attachment_2567\" class=\"wp-caption aligncenter\" aria-describedby=\"caption-attachment-2567\"><a href=\"https:\/\/oqitop.com\/es\/productos\/metal-foam\/copper-foam\/\"><img decoding=\"async\" class=\"wp-image-2567 size-thumbnail\" title=\"Espuma de n\u00edquel de alta conductividad para la investigaci\u00f3n de electrodos de bater\u00edas 1\" src=\"https:\/\/oqitop.com\/wp-content\/uploads\/2025\/12\/Copper-Foam-150x150.jpg\" sizes=\"(max-width: 150px) 100vw, 150px\" srcset=\"https:\/\/oqitop.com\/wp-content\/uploads\/2025\/12\/Copper-Foam-150x150.jpg 150w, https:\/\/oqitop.com\/wp-content\/uploads\/2025\/12\/Copper-Foam-300x300.jpg 300w, https:\/\/oqitop.com\/wp-content\/uploads\/2025\/12\/Copper-Foam.jpg 600w\" alt=\"\" width=\"150\" height=\"150\" \/><\/a><figcaption id=\"caption-attachment-2567\" class=\"wp-caption-text\"><a href=\"https:\/\/oqitop.com\/es\/productos\/metal-foam\/copper-foam\/\">Espuma de cobre<\/a><\/figcaption><\/figure>\n<\/td>\n<td>&nbsp;<\/p>\n<figure id=\"attachment_2568\" class=\"wp-caption aligncenter\" aria-describedby=\"caption-attachment-2568\"><a href=\"https:\/\/oqitop.com\/es\/productos\/metal-foam\/nickel-foam\/\"><img decoding=\"async\" class=\"wp-image-2568 size-thumbnail\" title=\"Espuma de n\u00edquel de alta conductividad para la investigaci\u00f3n de electrodos de bater\u00edas 2\" src=\"https:\/\/oqitop.com\/wp-content\/uploads\/2025\/12\/Nickel-Foam-150x150.png\" sizes=\"(max-width: 150px) 100vw, 150px\" srcset=\"https:\/\/oqitop.com\/wp-content\/uploads\/2025\/12\/Nickel-Foam-150x150.png 150w, https:\/\/oqitop.com\/wp-content\/uploads\/2025\/12\/Nickel-Foam-300x300.png 300w, https:\/\/oqitop.com\/wp-content\/uploads\/2025\/12\/Nickel-Foam.png 500w\" alt=\"\" width=\"150\" height=\"150\" \/><\/a><figcaption id=\"caption-attachment-2568\" class=\"wp-caption-text\"><a href=\"https:\/\/oqitop.com\/es\/productos\/metal-foam\/nickel-foam\/\">Espuma de n\u00edquel<\/a><\/figcaption><\/figure>\n<\/td>\n<td>&nbsp;<\/p>\n<figure id=\"attachment_2569\" class=\"wp-caption aligncenter\" aria-describedby=\"caption-attachment-2569\"><a href=\"https:\/\/oqitop.com\/es\/productos\/metal-foam\/espuma-de-titanio\/\"><img decoding=\"async\" class=\"wp-image-2569 size-thumbnail\" title=\"Espuma de n\u00edquel de alta conductividad para la investigaci\u00f3n de electrodos de bater\u00edas 3\" src=\"https:\/\/oqitop.com\/wp-content\/uploads\/2025\/12\/Ti-Foam-150x150.png\" sizes=\"(max-width: 150px) 100vw, 150px\" srcset=\"https:\/\/oqitop.com\/wp-content\/uploads\/2025\/12\/Ti-Foam-150x150.png 150w, https:\/\/oqitop.com\/wp-content\/uploads\/2025\/12\/Ti-Foam-300x300.png 300w, https:\/\/oqitop.com\/wp-content\/uploads\/2025\/12\/Ti-Foam.png 500w\" alt=\"\" width=\"150\" height=\"150\" \/><\/a><figcaption id=\"caption-attachment-2569\" class=\"wp-caption-text\"><a href=\"https:\/\/oqitop.com\/es\/productos\/metal-foam\/espuma-de-titanio\/\">Ti Espuma<\/a><\/figcaption><\/figure>\n<\/td>\n<td>&nbsp;<\/p>\n<figure id=\"attachment_2571\" class=\"wp-caption aligncenter\" aria-describedby=\"caption-attachment-2571\"><a href=\"https:\/\/oqitop.com\/es\/productos\/metal-foam\/aluminum-foam\/\"><img loading=\"lazy\" decoding=\"async\" class=\"wp-image-2571 size-thumbnail\" title=\"Espuma de n\u00edquel de alta conductividad para la investigaci\u00f3n de electrodos de bater\u00edas 4\" src=\"https:\/\/oqitop.com\/wp-content\/uploads\/2025\/12\/Aluminum-Foam-1-150x150.png\" sizes=\"(max-width: 150px) 100vw, 150px\" srcset=\"https:\/\/oqitop.com\/wp-content\/uploads\/2025\/12\/Aluminum-Foam-1-150x150.png 150w, https:\/\/oqitop.com\/wp-content\/uploads\/2025\/12\/Aluminum-Foam-1-300x300.png 300w, https:\/\/oqitop.com\/wp-content\/uploads\/2025\/12\/Aluminum-Foam-1.png 529w\" alt=\"\" width=\"150\" height=\"150\" \/><\/a><figcaption id=\"caption-attachment-2571\" class=\"wp-caption-text\"><a href=\"https:\/\/oqitop.com\/es\/productos\/metal-foam\/aluminum-foam\/\">Espuma de aluminio<\/a><\/figcaption><\/figure>\n<\/td>\n<\/tr>\n<tr>\n<td>&nbsp;<\/p>\n<figure id=\"attachment_2572\" class=\"wp-caption aligncenter\" aria-describedby=\"caption-attachment-2572\"><a href=\"https:\/\/oqitop.com\/es\/productos\/metal-foam\/espuma-de-hierro-y-niquel\/\"><img loading=\"lazy\" decoding=\"async\" class=\"wp-image-2572 size-thumbnail\" title=\"Espuma de n\u00edquel de alta conductividad para la investigaci\u00f3n de electrodos de bater\u00edas 5\" src=\"https:\/\/oqitop.com\/wp-content\/uploads\/2025\/12\/Iron-Nickel-Foam-150x150.jpg\" sizes=\"(max-width: 150px) 100vw, 150px\" srcset=\"https:\/\/oqitop.com\/wp-content\/uploads\/2025\/12\/Iron-Nickel-Foam-150x150.jpg 150w, https:\/\/oqitop.com\/wp-content\/uploads\/2025\/12\/Iron-Nickel-Foam-300x300.jpg 300w, https:\/\/oqitop.com\/wp-content\/uploads\/2025\/12\/Iron-Nickel-Foam.jpg 720w\" alt=\"\" width=\"150\" height=\"150\" \/><\/a><figcaption id=\"caption-attachment-2572\" class=\"wp-caption-text\"><a href=\"https:\/\/oqitop.com\/es\/productos\/metal-foam\/espuma-de-hierro-y-niquel\/\">Espuma de hierro y n\u00edquel<\/a><\/figcaption><\/figure>\n<\/td>\n<td>&nbsp;<\/p>\n<figure id=\"attachment_2573\" class=\"wp-caption aligncenter\" aria-describedby=\"caption-attachment-2573\"><a href=\"https:\/\/oqitop.com\/es\/productos\/metal-foam\/carbon-foam\/\"><img loading=\"lazy\" decoding=\"async\" class=\"wp-image-2573 size-thumbnail\" title=\"Espuma de n\u00edquel de alta conductividad para la investigaci\u00f3n de electrodos de bater\u00edas 6\" src=\"https:\/\/oqitop.com\/wp-content\/uploads\/2025\/12\/Carbon-Foam-150x150.png\" sizes=\"(max-width: 150px) 100vw, 150px\" srcset=\"https:\/\/oqitop.com\/wp-content\/uploads\/2025\/12\/Carbon-Foam-150x150.png 150w, https:\/\/oqitop.com\/wp-content\/uploads\/2025\/12\/Carbon-Foam-300x300.png 300w, https:\/\/oqitop.com\/wp-content\/uploads\/2025\/12\/Carbon-Foam-768x768.png 768w, https:\/\/oqitop.com\/wp-content\/uploads\/2025\/12\/Carbon-Foam.png 1000w\" alt=\"\" width=\"150\" height=\"150\" \/><\/a><figcaption id=\"caption-attachment-2573\" class=\"wp-caption-text\"><a href=\"https:\/\/oqitop.com\/es\/productos\/metal-foam\/carbon-foam\/\">Espuma de carbono<\/a><\/figcaption><\/figure>\n<\/td>\n<td>&nbsp;<\/p>\n<figure id=\"attachment_2574\" class=\"wp-caption aligncenter\" aria-describedby=\"caption-attachment-2574\"><a href=\"https:\/\/oqitop.com\/es\/productos\/metal-foam\/silver-foam\/\"><img loading=\"lazy\" decoding=\"async\" class=\"wp-image-2574 size-thumbnail\" title=\"Espuma de n\u00edquel de alta conductividad para la investigaci\u00f3n de electrodos de bater\u00edas 7\" src=\"https:\/\/oqitop.com\/wp-content\/uploads\/2025\/12\/Silver-Foam-150x150.jpg\" sizes=\"(max-width: 150px) 100vw, 150px\" srcset=\"https:\/\/oqitop.com\/wp-content\/uploads\/2025\/12\/Silver-Foam-150x150.jpg 150w, https:\/\/oqitop.com\/wp-content\/uploads\/2025\/12\/Silver-Foam-300x300.jpg 300w, https:\/\/oqitop.com\/wp-content\/uploads\/2025\/12\/Silver-Foam.jpg 726w\" alt=\"\" width=\"150\" height=\"150\" \/><\/a><figcaption id=\"caption-attachment-2574\" class=\"wp-caption-text\"><a href=\"https:\/\/oqitop.com\/es\/productos\/metal-foam\/silver-foam\/\">Espuma plateada<\/a><\/figcaption><\/figure>\n<\/td>\n<td>&nbsp;<\/p>\n<figure id=\"attachment_2575\" class=\"wp-caption aligncenter\" aria-describedby=\"caption-attachment-2575\"><a href=\"https:\/\/oqitop.com\/es\/productos\/metal-foam\/cobalt-foamhttps%3a\/\/oqitop.com\/productos\/metal-foam\/cobalt-foam\/\"><img loading=\"lazy\" decoding=\"async\" class=\"wp-image-2575 size-thumbnail\" title=\"Espuma de n\u00edquel de alta conductividad para la investigaci\u00f3n de electrodos de bater\u00edas 8\" src=\"https:\/\/oqitop.com\/wp-content\/uploads\/2025\/12\/Cobalt-Foam-150x150.jpg\" sizes=\"(max-width: 150px) 100vw, 150px\" srcset=\"https:\/\/oqitop.com\/wp-content\/uploads\/2025\/12\/Cobalt-Foam-150x150.jpg 150w, https:\/\/oqitop.com\/wp-content\/uploads\/2025\/12\/Cobalt-Foam-300x300.jpg 300w, https:\/\/oqitop.com\/wp-content\/uploads\/2025\/12\/Cobalt-Foam-768x768.jpg 768w, https:\/\/oqitop.com\/wp-content\/uploads\/2025\/12\/Cobalt-Foam.jpg 800w\" alt=\"\" width=\"150\" height=\"150\" \/><\/a><figcaption id=\"caption-attachment-2575\" class=\"wp-caption-text\"><a href=\"https:\/\/oqitop.com\/es\/productos\/metal-foam\/cobalt-foam\/\">Espuma de cobalto<\/a><\/figcaption><\/figure>\n<\/td>\n<\/tr>\n<\/tbody>\n<\/table>\n<p><img loading=\"lazy\" decoding=\"async\" class=\"aligncenter size-full wp-image-3275\" src=\"https:\/\/oqitop.com\/wp-content\/uploads\/2025\/12\/11111-2.png\" alt=\"\" width=\"1024\" height=\"180\" title=\"\" srcset=\"https:\/\/oqitop.com\/wp-content\/uploads\/2025\/12\/11111-2.png 1024w, https:\/\/oqitop.com\/wp-content\/uploads\/2025\/12\/11111-2-300x53.png 300w, https:\/\/oqitop.com\/wp-content\/uploads\/2025\/12\/11111-2-768x135.png 768w\" sizes=\"(max-width: 1024px) 100vw, 1024px\" \/><img loading=\"lazy\" decoding=\"async\" class=\"aligncenter size-full wp-image-3276\" src=\"https:\/\/oqitop.com\/wp-content\/uploads\/2025\/12\/22222-3.jpg\" alt=\"\" width=\"1024\" height=\"1024\" title=\"\" srcset=\"https:\/\/oqitop.com\/wp-content\/uploads\/2025\/12\/22222-3.jpg 1024w, https:\/\/oqitop.com\/wp-content\/uploads\/2025\/12\/22222-3-300x300.jpg 300w, https:\/\/oqitop.com\/wp-content\/uploads\/2025\/12\/22222-3-150x150.jpg 150w, https:\/\/oqitop.com\/wp-content\/uploads\/2025\/12\/22222-3-768x768.jpg 768w\" sizes=\"(max-width: 1024px) 100vw, 1024px\" \/><img loading=\"lazy\" decoding=\"async\" class=\"aligncenter size-full wp-image-3277\" src=\"https:\/\/oqitop.com\/wp-content\/uploads\/2025\/12\/33333-6.jpg\" alt=\"\" width=\"1024\" height=\"1024\" title=\"\" srcset=\"https:\/\/oqitop.com\/wp-content\/uploads\/2025\/12\/33333-6.jpg 1024w, https:\/\/oqitop.com\/wp-content\/uploads\/2025\/12\/33333-6-300x300.jpg 300w, https:\/\/oqitop.com\/wp-content\/uploads\/2025\/12\/33333-6-150x150.jpg 150w, https:\/\/oqitop.com\/wp-content\/uploads\/2025\/12\/33333-6-768x768.jpg 768w\" sizes=\"(max-width: 1024px) 100vw, 1024px\" \/><img loading=\"lazy\" decoding=\"async\" class=\"aligncenter size-full wp-image-3278\" src=\"https:\/\/oqitop.com\/wp-content\/uploads\/2025\/12\/55555-5.jpg\" alt=\"\" width=\"1024\" height=\"677\" title=\"\" srcset=\"https:\/\/oqitop.com\/wp-content\/uploads\/2025\/12\/55555-5.jpg 1024w, https:\/\/oqitop.com\/wp-content\/uploads\/2025\/12\/55555-5-300x198.jpg 300w, https:\/\/oqitop.com\/wp-content\/uploads\/2025\/12\/55555-5-768x508.jpg 768w\" sizes=\"(max-width: 1024px) 100vw, 1024px\" \/><\/p>","protected":false},"featured_media":3280,"template":"","meta":{"_acf_changed":false,"site-sidebar-layout":"default","site-content-layout":"","ast-site-content-layout":"default","site-content-style":"default","site-sidebar-style":"default","ast-global-header-display":"","ast-banner-title-visibility":"","ast-main-header-display":"","ast-hfb-above-header-display":"","ast-hfb-below-header-display":"","ast-hfb-mobile-header-display":"","site-post-title":"","ast-breadcrumbs-content":"","ast-featured-img":"","footer-sml-layout":"","theme-transparent-header-meta":"default","adv-header-id-meta":"","stick-header-meta":"default","header-above-stick-meta":"","header-main-stick-meta":"","header-below-stick-meta":"","astra-migrate-meta-layouts":"set","ast-page-background-enabled":"default","ast-page-background-meta":{"desktop":{"background-color":"var(--ast-global-color-4)","background-image":"","background-repeat":"repeat","background-position":"center center","background-size":"auto","background-attachment":"scroll","background-type":"","background-media":"","overlay-type":"","overlay-color":"","overlay-opacity":"","overlay-gradient":""},"tablet":{"background-color":"","background-image":"","background-repeat":"repeat","background-position":"center center","background-size":"auto","background-attachment":"scroll","background-type":"","background-media":"","overlay-type":"","overlay-color":"","overlay-opacity":"","overlay-gradient":""},"mobile":{"background-color":"","background-image":"","background-repeat":"repeat","background-position":"center center","background-size":"auto","background-attachment":"scroll","background-type":"","background-media":"","overlay-type":"","overlay-color":"","overlay-opacity":"","overlay-gradient":""}},"ast-content-background-meta":{"desktop":{"background-color":"var(--ast-global-color-5)","background-image":"","background-repeat":"repeat","background-position":"center center","background-size":"auto","background-attachment":"scroll","background-type":"","background-media":"","overlay-type":"","overlay-color":"","overlay-opacity":"","overlay-gradient":""},"tablet":{"background-color":"var(--ast-global-color-5)","background-image":"","background-repeat":"repeat","background-position":"center center","background-size":"auto","background-attachment":"scroll","background-type":"","background-media":"","overlay-type":"","overlay-color":"","overlay-opacity":"","overlay-gradient":""},"mobile":{"background-color":"var(--ast-global-color-5)","background-image":"","background-repeat":"repeat","background-position":"center center","background-size":"auto","background-attachment":"scroll","background-type":"","background-media":"","overlay-type":"","overlay-color":"","overlay-opacity":"","overlay-gradient":""}}},"tags":[],"products":[212,200],"class_list":["post-3279","product","type-product","status-publish","has-post-thumbnail","hentry","products-iron-foam","products-metal-foam"],"acf":[],"_links":{"self":[{"href":"https:\/\/oqitop.com\/es\/wp-json\/wp\/v2\/product\/3279","targetHints":{"allow":["GET"]}}],"collection":[{"href":"https:\/\/oqitop.com\/es\/wp-json\/wp\/v2\/product"}],"about":[{"href":"https:\/\/oqitop.com\/es\/wp-json\/wp\/v2\/types\/product"}],"wp:featuredmedia":[{"embeddable":true,"href":"https:\/\/oqitop.com\/es\/wp-json\/wp\/v2\/media\/3280"}],"wp:attachment":[{"href":"https:\/\/oqitop.com\/es\/wp-json\/wp\/v2\/media?parent=3279"}],"wp:term":[{"taxonomy":"post_tag","embeddable":true,"href":"https:\/\/oqitop.com\/es\/wp-json\/wp\/v2\/tags?post=3279"},{"taxonomy":"products","embeddable":true,"href":"https:\/\/oqitop.com\/es\/wp-json\/wp\/v2\/products?post=3279"}],"curies":[{"name":"wp","href":"https:\/\/api.w.org\/{rel}","templated":true}]}}