 {"id":3344,"date":"2026-01-09T15:14:16","date_gmt":"2026-01-09T07:14:16","guid":{"rendered":"https:\/\/oqitop.com\/?post_type=product&#038;p=3344"},"modified":"2026-01-12T10:17:54","modified_gmt":"2026-01-12T02:17:54","slug":"filtro-de-agua-de-aluminio-mejorado-ceramica-de-espuma-de-circonio","status":"publish","type":"product","link":"https:\/\/oqitop.com\/es\/product\/filtro-de-agua-de-aluminio-mejorado-ceramica-de-espuma-de-circonio\/","title":{"rendered":"Filtro de agua de aluminio mejorado Cer\u00e1mica de espuma de circonio"},"content":{"rendered":"<h3 style=\"text-align: center;\"><span style=\"color: #ff0000;\">Filtro de agua de aluminio mejorado Cer\u00e1mica de espuma de circonio<\/span><\/h3>\n<p><iframe src=\"https:\/\/www.youtube.com\/embed\/1OCKuHZn1r0?rel=0\" allowfullscreen=\"allowfullscreen\" data-mce-fragment=\"1\"><span data-mce-type=\"bookmark\" style=\"display: inline-block; width: 0px; overflow: hidden; line-height: 0;\" class=\"mce_SELRES_start\"><\/span><\/iframe><\/p>\n<p align=\"left\"><strong>Introducci\u00f3n<\/strong><\/p>\n<div><a href=\"https:\/\/oqitop.com\/es\/productos\/metal-foam\/ceramic-foamhttps%3a\/\/oqitop.com\/productos\/metal-foam\/ceramic-foam\/\" target=\"_blank\" rel=\"nofollow noopener\"><strong>Cer\u00e1mica de espuma<\/strong><\/a>\u00a0son las cer\u00e1micas porosas de tercera generaci\u00f3n, desarrolladas recientemente despu\u00e9s de las cer\u00e1micas porosas ordinarias y las cer\u00e1micas de panal. La cer\u00e1mica espumosa puede formar con muchos giros y vueltas de numerosos agujeros diminutos, que tienen muchas ventajas tales como alta resistencia, resistencia a altas temperaturas y buena filtraci\u00f3n y adsorci\u00f3n. Pueden utilizarse ampliamente en metalurgia, fundici\u00f3n, industria qu\u00edmica, protecci\u00f3n del medio ambiente, industria ligera, alimentaci\u00f3n y ahorro de energ\u00eda. La porosidad es superior a 80%, la resistencia a la tracci\u00f3n es de 2,2MPa, la temperatura de reblandecimiento es superior a 1500 \u2103; los materiales son \u00f3xido de aluminio, \u00f3xido de magnesio y carburo de silicio. Los productos de forma especial se pueden preparar seg\u00fan las necesidades, con peso espec\u00edfico peque\u00f1o, resistencia a la corrosi\u00f3n y resistencia a la erosi\u00f3n.<\/div>\n<p class=\"p\" align=\"justify\"><strong>Caracter\u00edsticas principales<\/strong><\/p>\n<div><\/div>\n<div class=\"table-responsive\">\n<table border=\"1\" cellspacing=\"0\">\n<tbody>\n<tr>\n<td valign=\"center\" width=\"85\">\n<p class=\"\" align=\"center\">Materia prima<\/p>\n<\/td>\n<td valign=\"center\" width=\"144\">\n<p class=\"\" align=\"center\">Al\u00famina<\/p>\n<\/td>\n<td valign=\"center\" width=\"136\">\n<p class=\"\" align=\"center\">Carburo de silicio<\/p>\n<\/td>\n<td valign=\"center\">\n<p class=\"\" align=\"center\">Zirconia<\/p>\n<\/td>\n<td valign=\"center\">\n<p class=\"\" align=\"center\">\u00d3xido de magnesio<\/p>\n<\/td>\n<\/tr>\n<tr>\n<td valign=\"center\" width=\"85\">\n<p class=\"\" align=\"center\">Color<\/p>\n<\/td>\n<td valign=\"center\" width=\"144\">\n<p class=\"\" align=\"center\">Blanco<\/p>\n<\/td>\n<td valign=\"center\" width=\"136\">\n<p class=\"\" align=\"center\">Negro gris<\/p>\n<\/td>\n<td valign=\"center\">\n<p class=\"\" align=\"center\">Amarillo<\/p>\n<\/td>\n<td valign=\"center\">\n<p class=\"\" align=\"center\">Amarillo oscuro<\/p>\n<\/td>\n<\/tr>\n<tr>\n<td valign=\"center\" width=\"85\">\n<p class=\"\" align=\"center\">Densidad de poros<\/p>\n<\/td>\n<td valign=\"center\" width=\"144\">\n<p class=\"\" align=\"center\">8-60ppi<\/p>\n<\/td>\n<td valign=\"center\" width=\"136\">\n<p class=\"\" align=\"center\">8-60ppi<\/p>\n<\/td>\n<td valign=\"center\">\n<p class=\"\" align=\"center\">8-60ppi<\/p>\n<\/td>\n<td valign=\"center\">\n<p class=\"\" align=\"center\">8-60ppi<\/p>\n<\/td>\n<\/tr>\n<tr>\n<td valign=\"center\" width=\"85\">\n<p class=\"\" align=\"center\">Porosidad<\/p>\n<\/td>\n<td valign=\"center\" width=\"144\">\n<p class=\"\" align=\"center\">80-90%<\/p>\n<\/td>\n<td valign=\"center\" width=\"136\">\n<p class=\"\" align=\"center\">80-90%<\/p>\n<\/td>\n<td valign=\"center\">\n<p class=\"\" align=\"center\">80-90%<\/p>\n<\/td>\n<td valign=\"center\">\n<p class=\"\" align=\"center\">80-90%<\/p>\n<\/td>\n<\/tr>\n<tr>\n<td valign=\"center\" width=\"85\">\n<p class=\"\" align=\"center\">Resistencia al fuego<\/p>\n<\/td>\n<td valign=\"center\" width=\"144\">\n<p class=\"\" align=\"center\"><i><span class=\"15\">\u22641100\u2103<\/span><\/i><\/p>\n<\/td>\n<td valign=\"center\" width=\"136\">\n<p class=\"\" align=\"center\"><i><span class=\"15\">\u22641500\u2103<\/span><\/i><\/p>\n<\/td>\n<td valign=\"center\">\n<p class=\"\" align=\"center\"><i><span class=\"15\">\u22641700\u2103<\/span><\/i><\/p>\n<\/td>\n<td valign=\"center\">\n<p class=\"\" align=\"center\"><i><span class=\"15\">\u22641000\u2103<\/span><\/i><\/p>\n<\/td>\n<\/tr>\n<tr>\n<td valign=\"center\" width=\"85\">\n<p class=\"\" align=\"center\">Resistencia a la flexi\u00f3n<\/p>\n<\/td>\n<td valign=\"center\" width=\"144\">\n<p class=\"\" align=\"center\">&gt;0,6Mpa<\/p>\n<\/td>\n<td valign=\"center\" width=\"136\">\n<p class=\"\" align=\"center\">&gt;0,8Mpa<\/p>\n<\/td>\n<td valign=\"center\">\n<p class=\"\" align=\"center\">&gt;1,0Mpa<\/p>\n<\/td>\n<td valign=\"center\">\n<p class=\"\" align=\"center\">&gt;0,6Mpa<\/p>\n<\/td>\n<\/tr>\n<tr>\n<td valign=\"center\" width=\"85\">\n<p class=\"\" align=\"center\">resistencia a la compresi\u00f3n<\/p>\n<\/td>\n<td valign=\"center\" width=\"144\">\n<p class=\"\" align=\"center\">&gt;0,8Mpa<\/p>\n<\/td>\n<td valign=\"center\" width=\"136\">\n<p class=\"\" align=\"center\">&gt;0,9Mpa<\/p>\n<\/td>\n<td valign=\"center\">\n<p class=\"\" align=\"center\">&gt;1,2Mpa<\/p>\n<\/td>\n<td valign=\"center\">\n<p class=\"\" align=\"center\">&gt;0,8Mpa<\/p>\n<\/td>\n<\/tr>\n<tr>\n<td valign=\"center\" width=\"85\">\n<p class=\"\" align=\"center\">Densidad aparente<\/p>\n<\/td>\n<td valign=\"center\" width=\"144\">\n<p class=\"\" align=\"center\">0,3-0,45g\/cm\u00b3<\/p>\n<\/td>\n<td valign=\"center\" width=\"136\">\n<p class=\"\" align=\"center\">0,35-0,5g\/cm\u00b3<\/p>\n<\/td>\n<td valign=\"center\">\n<p class=\"\" align=\"center\">0,9-1,5g\/cm\u00b3<\/p>\n<\/td>\n<td valign=\"center\">\n<p class=\"\" align=\"center\">0,35-0,5g\/cm\u00b3<\/p>\n<\/td>\n<\/tr>\n<tr>\n<td valign=\"center\" width=\"85\">\n<p class=\"\" align=\"center\">Resistencia al choque t\u00e9rmico<\/p>\n<\/td>\n<td valign=\"center\" width=\"144\">\n<p class=\"\" align=\"center\">6 veces\/1100<i><span class=\"15\">\u2103<\/span><\/i><\/p>\n<\/td>\n<td valign=\"center\" width=\"136\">\n<p class=\"\" align=\"center\">6 veces\/1100<i><span class=\"15\">\u2103<\/span><\/i><\/p>\n<\/td>\n<td valign=\"center\">\n<p class=\"\" align=\"center\">6 veces\/1100<i><span class=\"15\">\u2103<\/span><\/i><\/p>\n<\/td>\n<td valign=\"center\">\n<p class=\"\" align=\"center\">6 veces\/1100<i><span class=\"15\">\u2103<\/span><\/i><\/p>\n<\/td>\n<\/tr>\n<tr>\n<td valign=\"center\" width=\"85\">\n<p class=\"\" align=\"center\">Aplicaci\u00f3n<\/p>\n<\/td>\n<td valign=\"center\" width=\"144\">\n<p class=\"p\" align=\"center\">Aleaci\u00f3n de aluminio y otros<\/p>\n<p class=\"p\" align=\"center\">Aleaciones no f\u00e9rricas<\/p>\n<\/td>\n<td valign=\"center\" width=\"136\">\n<p class=\"p\" align=\"center\">Hierro d\u00factil<\/p>\n<p class=\"p\" align=\"center\">hierro maleable<\/p>\n<p class=\"p\" align=\"center\">Fundici\u00f3n gris y otras fundiciones<\/p>\n<p class=\"p\" align=\"center\">\n<\/td>\n<td valign=\"center\">\n<p class=\"p\" align=\"center\">Una aleaci\u00f3n met\u00e1lica de alta fusi\u00f3n, como el acero<\/p>\n<p class=\"p\" align=\"center\">Acero aleado<\/p>\n<p class=\"p\" align=\"center\">Acero inoxidable, etc.<\/p>\n<\/td>\n<td valign=\"center\">\n<p class=\"\" align=\"center\">Magnesio y aleaciones de alta actividad<\/p>\n<\/td>\n<\/tr>\n<\/tbody>\n<\/table>\n<p><strong>Datos de referencia del flujo (10ppi)<\/strong><\/p>\n<table border=\"1\" cellspacing=\"0\" cellpadding=\"0\">\n<tbody>\n<tr>\n<td width=\"117\">\n<p align=\"center\">Tama\u00f1o (mm)<\/p>\n<\/td>\n<td width=\"336\">\n<p align=\"center\">Peso del filtro (kg)<\/p>\n<\/td>\n<\/tr>\n<tr>\n<td width=\"117\">\n<p align=\"center\">50\u00d750\u00d722<\/p>\n<\/td>\n<td width=\"336\">\n<p align=\"center\">30<\/p>\n<\/td>\n<\/tr>\n<tr>\n<td width=\"117\">\n<p align=\"center\">75\u00d750\u00d722<\/p>\n<\/td>\n<td width=\"336\">\n<p align=\"center\">40<\/p>\n<\/td>\n<\/tr>\n<tr>\n<td width=\"117\">\n<p align=\"center\">75\u00d775\u00d722<\/p>\n<\/td>\n<td width=\"336\">\n<p align=\"center\">60<\/p>\n<\/td>\n<\/tr>\n<tr>\n<td width=\"117\">\n<p align=\"center\">75\u00d7100\u00d722<\/p>\n<\/td>\n<td width=\"336\">\n<p align=\"center\">80<\/p>\n<\/td>\n<\/tr>\n<tr>\n<td width=\"117\">\n<p align=\"center\">100\u00d7100\u00d722<\/p>\n<\/td>\n<td width=\"336\">\n<p align=\"center\">100<\/p>\n<\/td>\n<\/tr>\n<tr>\n<td width=\"117\">\n<p align=\"center\">\u042450\u00d722<\/p>\n<\/td>\n<td width=\"336\">\n<p align=\"center\">18<\/p>\n<\/td>\n<\/tr>\n<tr>\n<td width=\"117\">\n<p align=\"center\">\u042480\u00d722<\/p>\n<\/td>\n<td width=\"336\">\n<p align=\"center\">50<\/p>\n<\/td>\n<\/tr>\n<tr>\n<td width=\"117\">\n<p align=\"center\">\u042490\u00d722<\/p>\n<\/td>\n<td width=\"336\">\n<p align=\"center\">70<\/p>\n<\/td>\n<\/tr>\n<\/tbody>\n<\/table>\n<p><b><strong>Para personalizar diversas espumas met\u00e1licas, haga clic en la imagen siguiente para obtener m\u00e1s informaci\u00f3n:<\/strong><\/b><\/p>\n<table>\n<tbody>\n<tr>\n<td>&nbsp;<\/p>\n<figure id=\"attachment_2567\" class=\"wp-caption aligncenter\" aria-describedby=\"caption-attachment-2567\"><a href=\"https:\/\/oqitop.com\/es\/productos\/metal-foam\/copper-foam\/\"><img decoding=\"async\" class=\"wp-image-2567 size-thumbnail\" title=\"Espuma de n\u00edquel de alta conductividad para la investigaci\u00f3n de electrodos de bater\u00edas 1\" src=\"https:\/\/oqitop.com\/wp-content\/uploads\/2025\/12\/Copper-Foam-150x150.jpg\" sizes=\"(max-width: 150px) 100vw, 150px\" srcset=\"https:\/\/oqitop.com\/wp-content\/uploads\/2025\/12\/Copper-Foam-150x150.jpg 150w, https:\/\/oqitop.com\/wp-content\/uploads\/2025\/12\/Copper-Foam-300x300.jpg 300w, https:\/\/oqitop.com\/wp-content\/uploads\/2025\/12\/Copper-Foam.jpg 600w\" alt=\"\" width=\"150\" height=\"150\" \/><\/a><figcaption id=\"caption-attachment-2567\" class=\"wp-caption-text\"><a href=\"https:\/\/oqitop.com\/es\/productos\/metal-foam\/copper-foam\/\">Espuma de cobre<\/a><\/figcaption><\/figure>\n<\/td>\n<td>&nbsp;<\/p>\n<figure id=\"attachment_2568\" class=\"wp-caption aligncenter\" aria-describedby=\"caption-attachment-2568\"><a href=\"https:\/\/oqitop.com\/es\/productos\/metal-foam\/nickel-foam\/\"><img decoding=\"async\" class=\"wp-image-2568 size-thumbnail\" title=\"Espuma de n\u00edquel de alta conductividad para la investigaci\u00f3n de electrodos de bater\u00edas 2\" src=\"https:\/\/oqitop.com\/wp-content\/uploads\/2025\/12\/Nickel-Foam-150x150.png\" sizes=\"(max-width: 150px) 100vw, 150px\" srcset=\"https:\/\/oqitop.com\/wp-content\/uploads\/2025\/12\/Nickel-Foam-150x150.png 150w, https:\/\/oqitop.com\/wp-content\/uploads\/2025\/12\/Nickel-Foam-300x300.png 300w, https:\/\/oqitop.com\/wp-content\/uploads\/2025\/12\/Nickel-Foam.png 500w\" alt=\"\" width=\"150\" height=\"150\" \/><\/a><figcaption id=\"caption-attachment-2568\" class=\"wp-caption-text\"><a href=\"https:\/\/oqitop.com\/es\/productos\/metal-foam\/nickel-foam\/\">Espuma de n\u00edquel<\/a><\/figcaption><\/figure>\n<\/td>\n<td>&nbsp;<\/p>\n<figure id=\"attachment_2569\" class=\"wp-caption aligncenter\" aria-describedby=\"caption-attachment-2569\"><a href=\"https:\/\/oqitop.com\/es\/productos\/metal-foam\/espuma-de-titanio\/\"><img decoding=\"async\" class=\"wp-image-2569 size-thumbnail\" title=\"Espuma de n\u00edquel de alta conductividad para la investigaci\u00f3n de electrodos de bater\u00edas 3\" src=\"https:\/\/oqitop.com\/wp-content\/uploads\/2025\/12\/Ti-Foam-150x150.png\" sizes=\"(max-width: 150px) 100vw, 150px\" srcset=\"https:\/\/oqitop.com\/wp-content\/uploads\/2025\/12\/Ti-Foam-150x150.png 150w, https:\/\/oqitop.com\/wp-content\/uploads\/2025\/12\/Ti-Foam-300x300.png 300w, https:\/\/oqitop.com\/wp-content\/uploads\/2025\/12\/Ti-Foam.png 500w\" alt=\"\" width=\"150\" height=\"150\" \/><\/a><figcaption id=\"caption-attachment-2569\" class=\"wp-caption-text\"><a href=\"https:\/\/oqitop.com\/es\/productos\/metal-foam\/espuma-de-titanio\/\">Ti Espuma<\/a><\/figcaption><\/figure>\n<\/td>\n<td>&nbsp;<\/p>\n<figure id=\"attachment_2571\" class=\"wp-caption aligncenter\" aria-describedby=\"caption-attachment-2571\"><a href=\"https:\/\/oqitop.com\/es\/productos\/metal-foam\/aluminum-foam\/\"><img loading=\"lazy\" decoding=\"async\" class=\"wp-image-2571 size-thumbnail\" title=\"Espuma de n\u00edquel de alta conductividad para la investigaci\u00f3n de electrodos de bater\u00edas 4\" src=\"https:\/\/oqitop.com\/wp-content\/uploads\/2025\/12\/Aluminum-Foam-1-150x150.png\" sizes=\"(max-width: 150px) 100vw, 150px\" srcset=\"https:\/\/oqitop.com\/wp-content\/uploads\/2025\/12\/Aluminum-Foam-1-150x150.png 150w, https:\/\/oqitop.com\/wp-content\/uploads\/2025\/12\/Aluminum-Foam-1-300x300.png 300w, https:\/\/oqitop.com\/wp-content\/uploads\/2025\/12\/Aluminum-Foam-1.png 529w\" alt=\"\" width=\"150\" height=\"150\" \/><\/a><figcaption id=\"caption-attachment-2571\" class=\"wp-caption-text\"><a href=\"https:\/\/oqitop.com\/es\/productos\/metal-foam\/aluminum-foam\/\">Espuma de aluminio<\/a><\/figcaption><\/figure>\n<\/td>\n<\/tr>\n<tr>\n<td>&nbsp;<\/p>\n<figure id=\"attachment_2572\" class=\"wp-caption aligncenter\" aria-describedby=\"caption-attachment-2572\"><a href=\"https:\/\/oqitop.com\/es\/productos\/metal-foam\/espuma-de-hierro-y-niquel\/\"><img loading=\"lazy\" decoding=\"async\" class=\"wp-image-2572 size-thumbnail\" title=\"Espuma de n\u00edquel de alta conductividad para la investigaci\u00f3n de electrodos de bater\u00edas 5\" src=\"https:\/\/oqitop.com\/wp-content\/uploads\/2025\/12\/Iron-Nickel-Foam-150x150.jpg\" sizes=\"(max-width: 150px) 100vw, 150px\" srcset=\"https:\/\/oqitop.com\/wp-content\/uploads\/2025\/12\/Iron-Nickel-Foam-150x150.jpg 150w, https:\/\/oqitop.com\/wp-content\/uploads\/2025\/12\/Iron-Nickel-Foam-300x300.jpg 300w, https:\/\/oqitop.com\/wp-content\/uploads\/2025\/12\/Iron-Nickel-Foam.jpg 720w\" alt=\"\" width=\"150\" height=\"150\" \/><\/a><figcaption id=\"caption-attachment-2572\" class=\"wp-caption-text\"><a href=\"https:\/\/oqitop.com\/es\/productos\/metal-foam\/espuma-de-hierro-y-niquel\/\">Espuma de hierro y n\u00edquel<\/a><\/figcaption><\/figure>\n<\/td>\n<td>&nbsp;<\/p>\n<figure id=\"attachment_2573\" class=\"wp-caption aligncenter\" aria-describedby=\"caption-attachment-2573\"><a href=\"https:\/\/oqitop.com\/es\/productos\/metal-foam\/carbon-foam\/\"><img loading=\"lazy\" decoding=\"async\" class=\"wp-image-2573 size-thumbnail\" title=\"Espuma de n\u00edquel de alta conductividad para la investigaci\u00f3n de electrodos de bater\u00edas 6\" src=\"https:\/\/oqitop.com\/wp-content\/uploads\/2025\/12\/Carbon-Foam-150x150.png\" sizes=\"(max-width: 150px) 100vw, 150px\" srcset=\"https:\/\/oqitop.com\/wp-content\/uploads\/2025\/12\/Carbon-Foam-150x150.png 150w, https:\/\/oqitop.com\/wp-content\/uploads\/2025\/12\/Carbon-Foam-300x300.png 300w, https:\/\/oqitop.com\/wp-content\/uploads\/2025\/12\/Carbon-Foam-768x768.png 768w, https:\/\/oqitop.com\/wp-content\/uploads\/2025\/12\/Carbon-Foam.png 1000w\" alt=\"\" width=\"150\" height=\"150\" \/><\/a><figcaption id=\"caption-attachment-2573\" class=\"wp-caption-text\"><a href=\"https:\/\/oqitop.com\/es\/productos\/metal-foam\/carbon-foam\/\">Espuma de carbono<\/a><\/figcaption><\/figure>\n<\/td>\n<td>&nbsp;<\/p>\n<figure id=\"attachment_2574\" class=\"wp-caption aligncenter\" aria-describedby=\"caption-attachment-2574\"><a href=\"https:\/\/oqitop.com\/es\/productos\/metal-foam\/silver-foam\/\"><img loading=\"lazy\" decoding=\"async\" class=\"wp-image-2574 size-thumbnail\" title=\"Espuma de n\u00edquel de alta conductividad para la investigaci\u00f3n de electrodos de bater\u00edas 7\" src=\"https:\/\/oqitop.com\/wp-content\/uploads\/2025\/12\/Silver-Foam-150x150.jpg\" sizes=\"(max-width: 150px) 100vw, 150px\" srcset=\"https:\/\/oqitop.com\/wp-content\/uploads\/2025\/12\/Silver-Foam-150x150.jpg 150w, https:\/\/oqitop.com\/wp-content\/uploads\/2025\/12\/Silver-Foam-300x300.jpg 300w, https:\/\/oqitop.com\/wp-content\/uploads\/2025\/12\/Silver-Foam.jpg 726w\" alt=\"\" width=\"150\" height=\"150\" \/><\/a><figcaption id=\"caption-attachment-2574\" class=\"wp-caption-text\"><a href=\"https:\/\/oqitop.com\/es\/productos\/metal-foam\/silver-foam\/\">Espuma plateada<\/a><\/figcaption><\/figure>\n<\/td>\n<td>&nbsp;<\/p>\n<figure id=\"attachment_2575\" class=\"wp-caption aligncenter\" aria-describedby=\"caption-attachment-2575\"><a href=\"https:\/\/oqitop.com\/es\/productos\/metal-foam\/cobalt-foamhttps%3a\/\/oqitop.com\/productos\/metal-foam\/cobalt-foam\/\"><img loading=\"lazy\" decoding=\"async\" class=\"wp-image-2575 size-thumbnail\" title=\"Espuma de n\u00edquel de alta conductividad para la investigaci\u00f3n de electrodos de bater\u00edas 8\" src=\"https:\/\/oqitop.com\/wp-content\/uploads\/2025\/12\/Cobalt-Foam-150x150.jpg\" sizes=\"(max-width: 150px) 100vw, 150px\" srcset=\"https:\/\/oqitop.com\/wp-content\/uploads\/2025\/12\/Cobalt-Foam-150x150.jpg 150w, https:\/\/oqitop.com\/wp-content\/uploads\/2025\/12\/Cobalt-Foam-300x300.jpg 300w, https:\/\/oqitop.com\/wp-content\/uploads\/2025\/12\/Cobalt-Foam-768x768.jpg 768w, https:\/\/oqitop.com\/wp-content\/uploads\/2025\/12\/Cobalt-Foam.jpg 800w\" alt=\"\" width=\"150\" height=\"150\" \/><\/a><figcaption id=\"caption-attachment-2575\" class=\"wp-caption-text\"><a href=\"https:\/\/oqitop.com\/es\/productos\/metal-foam\/cobalt-foam\/\">Espuma de cobalto<\/a><\/figcaption><\/figure>\n<\/td>\n<\/tr>\n<\/tbody>\n<\/table>\n<p><img loading=\"lazy\" decoding=\"async\" class=\"aligncenter size-full wp-image-3349\" src=\"https:\/\/oqitop.com\/wp-content\/uploads\/2025\/12\/1111.jpg\" alt=\"\" width=\"1024\" height=\"732\" title=\"\" srcset=\"https:\/\/oqitop.com\/wp-content\/uploads\/2025\/12\/1111.jpg 1024w, https:\/\/oqitop.com\/wp-content\/uploads\/2025\/12\/1111-300x214.jpg 300w, https:\/\/oqitop.com\/wp-content\/uploads\/2025\/12\/1111-768x549.jpg 768w\" sizes=\"(max-width: 1024px) 100vw, 1024px\" \/><img loading=\"lazy\" decoding=\"async\" class=\"aligncenter size-full wp-image-3350\" src=\"https:\/\/oqitop.com\/wp-content\/uploads\/2025\/12\/11111-6.jpg\" alt=\"\" width=\"1024\" height=\"1024\" title=\"\" srcset=\"https:\/\/oqitop.com\/wp-content\/uploads\/2025\/12\/11111-6.jpg 1024w, https:\/\/oqitop.com\/wp-content\/uploads\/2025\/12\/11111-6-300x300.jpg 300w, https:\/\/oqitop.com\/wp-content\/uploads\/2025\/12\/11111-6-150x150.jpg 150w, https:\/\/oqitop.com\/wp-content\/uploads\/2025\/12\/11111-6-768x768.jpg 768w\" sizes=\"(max-width: 1024px) 100vw, 1024px\" \/><img loading=\"lazy\" decoding=\"async\" class=\"aligncenter size-full wp-image-3351\" src=\"https:\/\/oqitop.com\/wp-content\/uploads\/2025\/12\/22222-1.png\" alt=\"\" width=\"1024\" height=\"1024\" title=\"\" srcset=\"https:\/\/oqitop.com\/wp-content\/uploads\/2025\/12\/22222-1.png 1024w, https:\/\/oqitop.com\/wp-content\/uploads\/2025\/12\/22222-1-300x300.png 300w, https:\/\/oqitop.com\/wp-content\/uploads\/2025\/12\/22222-1-150x150.png 150w, https:\/\/oqitop.com\/wp-content\/uploads\/2025\/12\/22222-1-768x768.png 768w\" sizes=\"(max-width: 1024px) 100vw, 1024px\" \/><img loading=\"lazy\" decoding=\"async\" class=\"aligncenter size-full wp-image-3352\" src=\"https:\/\/oqitop.com\/wp-content\/uploads\/2025\/12\/55555-7.jpg\" alt=\"\" width=\"1024\" height=\"677\" title=\"\" srcset=\"https:\/\/oqitop.com\/wp-content\/uploads\/2025\/12\/55555-7.jpg 1024w, https:\/\/oqitop.com\/wp-content\/uploads\/2025\/12\/55555-7-300x198.jpg 300w, https:\/\/oqitop.com\/wp-content\/uploads\/2025\/12\/55555-7-768x508.jpg 768w\" sizes=\"(max-width: 1024px) 100vw, 1024px\" \/><\/p>\n<\/div>","protected":false},"featured_media":3345,"template":"","meta":{"_acf_changed":false,"site-sidebar-layout":"default","site-content-layout":"","ast-site-content-layout":"default","site-content-style":"default","site-sidebar-style":"default","ast-global-header-display":"","ast-banner-title-visibility":"","ast-main-header-display":"","ast-hfb-above-header-display":"","ast-hfb-below-header-display":"","ast-hfb-mobile-header-display":"","site-post-title":"","ast-breadcrumbs-content":"","ast-featured-img":"","footer-sml-layout":"","theme-transparent-header-meta":"default","adv-header-id-meta":"","stick-header-meta":"default","header-above-stick-meta":"","header-main-stick-meta":"","header-below-stick-meta":"","astra-migrate-meta-layouts":"set","ast-page-background-enabled":"default","ast-page-background-meta":{"desktop":{"background-color":"var(--ast-global-color-4)","background-image":"","background-repeat":"repeat","background-position":"center center","background-size":"auto","background-attachment":"scroll","background-type":"","background-media":"","overlay-type":"","overlay-color":"","overlay-opacity":"","overlay-gradient":""},"tablet":{"background-color":"","background-image":"","background-repeat":"repeat","background-position":"center center","background-size":"auto","background-attachment":"scroll","background-type":"","background-media":"","overlay-type":"","overlay-color":"","overlay-opacity":"","overlay-gradient":""},"mobile":{"background-color":"","background-image":"","background-repeat":"repeat","background-position":"center center","background-size":"auto","background-attachment":"scroll","background-type":"","background-media":"","overlay-type":"","overlay-color":"","overlay-opacity":"","overlay-gradient":""}},"ast-content-background-meta":{"desktop":{"background-color":"var(--ast-global-color-5)","background-image":"","background-repeat":"repeat","background-position":"center center","background-size":"auto","background-attachment":"scroll","background-type":"","background-media":"","overlay-type":"","overlay-color":"","overlay-opacity":"","overlay-gradient":""},"tablet":{"background-color":"var(--ast-global-color-5)","background-image":"","background-repeat":"repeat","background-position":"center center","background-size":"auto","background-attachment":"scroll","background-type":"","background-media":"","overlay-type":"","overlay-color":"","overlay-opacity":"","overlay-gradient":""},"mobile":{"background-color":"var(--ast-global-color-5)","background-image":"","background-repeat":"repeat","background-position":"center center","background-size":"auto","background-attachment":"scroll","background-type":"","background-media":"","overlay-type":"","overlay-color":"","overlay-opacity":"","overlay-gradient":""}}},"tags":[],"products":[214,200],"class_list":["post-3344","product","type-product","status-publish","has-post-thumbnail","hentry","products-ceramic-foam","products-metal-foam"],"acf":[],"_links":{"self":[{"href":"https:\/\/oqitop.com\/es\/wp-json\/wp\/v2\/product\/3344","targetHints":{"allow":["GET"]}}],"collection":[{"href":"https:\/\/oqitop.com\/es\/wp-json\/wp\/v2\/product"}],"about":[{"href":"https:\/\/oqitop.com\/es\/wp-json\/wp\/v2\/types\/product"}],"wp:featuredmedia":[{"embeddable":true,"href":"https:\/\/oqitop.com\/es\/wp-json\/wp\/v2\/media\/3345"}],"wp:attachment":[{"href":"https:\/\/oqitop.com\/es\/wp-json\/wp\/v2\/media?parent=3344"}],"wp:term":[{"taxonomy":"post_tag","embeddable":true,"href":"https:\/\/oqitop.com\/es\/wp-json\/wp\/v2\/tags?post=3344"},{"taxonomy":"products","embeddable":true,"href":"https:\/\/oqitop.com\/es\/wp-json\/wp\/v2\/products?post=3344"}],"curies":[{"name":"wp","href":"https:\/\/api.w.org\/{rel}","templated":true}]}}