 {"id":3404,"date":"2025-12-13T14:05:05","date_gmt":"2025-12-13T06:05:05","guid":{"rendered":"https:\/\/oqitop.com\/?post_type=product&#038;p=3404"},"modified":"2026-01-14T16:54:42","modified_gmt":"2026-01-14T08:54:42","slug":"0-2mm-2mm-thickness-ti-fiber-felt-titanium-fiber-felt-for-fuel-cells","status":"publish","type":"product","link":"https:\/\/oqitop.com\/es\/product\/0-2mm-2mm-thickness-ti-fiber-felt-titanium-fiber-felt-for-fuel-cells\/","title":{"rendered":"Fieltro de fibra de titanio de 0,2 mm a 2 mm de espesor Fieltro de fibra de titanio para pilas de combustible"},"content":{"rendered":"<h3 style=\"text-align: center;\"><span style=\"color: #ff0000;\">Fieltro de fibra de titanio de 0,2 mm a 2 mm de espesor Fieltro de fibra de titanio para pilas de combustible<\/span><\/h3>\n<p><iframe src=\"https:\/\/www.youtube.com\/embed\/TBvavFpDXuE?rel=0\" allowfullscreen=\"allowfullscreen\" data-mce-fragment=\"1\"><span data-mce-type=\"bookmark\" style=\"display: inline-block; width: 0px; overflow: hidden; line-height: 0;\" class=\"mce_SELRES_start\"><\/span><\/iframe><\/p>\n<p align=\"left\"><strong>Introducci\u00f3n<\/strong><\/p>\n<p align=\"justify\"><strong><a href=\"https:\/\/oqitop.com\/es\/productos\/metal-felt\/titanium-felthttps%3a\/\/oqitop.com\/productos\/metal-felt\/fieltro-de-titanio\/\" target=\"_blank\" rel=\"nofollow noopener\">Fieltro de fibra de Ti<\/a><\/strong>\u00a0se utiliza principalmente como campo de flujo o material difusor para celdas y pilas electrol\u00edticas, especialmente en el lado del ox\u00edgeno (\u00e1nodo). Debido a la oxidaci\u00f3n inmediata del carbono a CO2 (si el medio es \u00e1cido) o a iones carbonato (si el medio es alcalino) durante la reacci\u00f3n de electr\u00f3lisis, el hardware de la c\u00e9lula de electr\u00f3lisis no puede utilizar una capa de difusi\u00f3n de gas (GDL) a base de carbono en el electrodo de evoluci\u00f3n de ox\u00edgeno. Por lo tanto, el fieltro de titanio recubierto de platino es un candidato ideal como medio de difusi\u00f3n y tambi\u00e9n proporciona contacto el\u00e9ctrico entre la capa catalizadora del \u00e1nodo y la placa bipolar o el componente colector en el lado del \u00e1nodo. Nuestro fieltro de titanio platinado est\u00e1 hecho de fibras de titanio, que se comprimen en forma plana y se recuecen para garantizar una superficie lisa y plana. Es apto para celdas electrol\u00edticas y ha sido sometido a nuestro proceso patentado de chapado en platino, lo que prolonga enormemente la vida \u00fatil del fieltro de fibra de titanio.<\/p>\n<p align=\"justify\"><strong>Caracter\u00edsticas principales<\/strong><\/p>\n<table border=\"1\">\n<tbody>\n<tr>\n<td>Color<\/td>\n<td>Gris claro<\/td>\n<\/tr>\n<tr>\n<td>Dimensi\u00f3n<\/td>\n<td>Personalizado a petici\u00f3n<\/td>\n<\/tr>\n<tr>\n<td>Espesor<\/td>\n<td>0,2mm-2mm Espesor a menudo hecho (0,25,0,4,0,6,0,8mm)<\/td>\n<\/tr>\n<tr>\n<td>Porosidad<\/td>\n<td>60-70%<\/td>\n<\/tr>\n<\/tbody>\n<\/table>\n<p><img fetchpriority=\"high\" decoding=\"async\" class=\"aligncenter size-full wp-image-3381\" src=\"https:\/\/oqitop.com\/wp-content\/uploads\/2025\/12\/1111-1.jpg\" alt=\"\" width=\"1024\" height=\"293\" title=\"\" srcset=\"https:\/\/oqitop.com\/wp-content\/uploads\/2025\/12\/1111-1.jpg 1024w, https:\/\/oqitop.com\/wp-content\/uploads\/2025\/12\/1111-1-300x86.jpg 300w, https:\/\/oqitop.com\/wp-content\/uploads\/2025\/12\/1111-1-768x220.jpg 768w\" sizes=\"(max-width: 1024px) 100vw, 1024px\" \/><img decoding=\"async\" class=\"aligncenter size-full wp-image-3382\" src=\"https:\/\/oqitop.com\/wp-content\/uploads\/2025\/12\/2222.jpg\" alt=\"\" width=\"1024\" height=\"687\" title=\"\" srcset=\"https:\/\/oqitop.com\/wp-content\/uploads\/2025\/12\/2222.jpg 1024w, https:\/\/oqitop.com\/wp-content\/uploads\/2025\/12\/2222-300x201.jpg 300w, https:\/\/oqitop.com\/wp-content\/uploads\/2025\/12\/2222-768x515.jpg 768w\" sizes=\"(max-width: 1024px) 100vw, 1024px\" \/><\/p>\n<p style=\"font-weight: 400;\"><b><strong>An\u00e1lisis de la composici\u00f3n qu\u00edmica<\/strong><\/b><\/p>\n<p style=\"font-weight: 400;\">M\u00e9todos de ensayo<\/p>\n<p style=\"font-weight: 400;\"><b><strong>C<\/strong><\/b>:ASTM E1941-10(2016) Analizador de carbono y azufre<\/p>\n<p style=\"font-weight: 400;\"><b><strong>H<\/strong><\/b>GB\/T 4698.15-2011<\/p>\n<p style=\"font-weight: 400;\"><b><strong>O,N<\/strong><\/b>:ASTM E1409-13 Analizador de ox\u00edgeno y nitr\u00f3geno<\/p>\n<p style=\"font-weight: 400;\"><b><strong>Otros<\/strong><\/b>:HB7716.13-2002(ICP-OES)<\/p>\n<table>\n<tbody>\n<tr>\n<td width=\"71\">Elemento<\/td>\n<td width=\"71\">C*<\/td>\n<td width=\"71\">H**<\/td>\n<td width=\"71\">O*<\/td>\n<td width=\"71\">N*<\/td>\n<td width=\"71\">Fe<\/td>\n<td width=\"71\">Si<\/td>\n<td width=\"71\">Ti*<\/td>\n<\/tr>\n<tr>\n<td width=\"71\">Resultado%<\/td>\n<td width=\"71\">0.11<\/td>\n<td width=\"71\">0.014<\/td>\n<td width=\"71\">0.33<\/td>\n<td width=\"71\">0.32<\/td>\n<td width=\"71\">0.15<\/td>\n<td width=\"71\">0.01<\/td>\n<td width=\"71\">99.08<\/td>\n<\/tr>\n<\/tbody>\n<\/table>\n<p style=\"font-weight: 400;\"><span style=\"font-style: inherit;\"><b><strong>Dimensi\u00f3n<\/strong><\/b><\/span><span style=\"font-style: inherit;\"><b><strong>\u00a0(<\/strong><\/b><\/span><span style=\"font-style: inherit;\"><b><strong>Espesor* Longitud*Anchura<\/strong><\/b><\/span><span style=\"font-style: inherit;\"><b><strong>)<\/strong><\/b><\/span><\/p>\n<table>\n<tbody>\n<tr>\n<td width=\"33%\">0,2 mm*100 mm*100 mm<\/td>\n<td width=\"33%\">0,3 mm*100 mm*100 mm<\/td>\n<td width=\"33%\">0,4 mm*100 mm*100 mm<\/td>\n<\/tr>\n<tr>\n<td width=\"33%\">0,5 mm*100 mm*100 mm<\/td>\n<td width=\"33%\">0,6 mm*100 mm*100 mm<\/td>\n<td width=\"33%\">0,7 mm*100 mm*100 mm<\/td>\n<\/tr>\n<tr>\n<td width=\"33%\">0,8 mm*100 mm*100 mm<\/td>\n<td width=\"33%\">1,0 mm*100 mm*100 mm<\/td>\n<td width=\"33%\">1,5 mm*100 mm*100 mm<\/td>\n<\/tr>\n<tr>\n<td colspan=\"3\" width=\"100%\"><span style=\"color: #ff0000;\"><b><strong>El tama\u00f1o se puede personalizar.<\/strong><\/b><\/span><\/td>\n<\/tr>\n<\/tbody>\n<\/table>\n<p style=\"font-weight: 400;\"><b><strong>Para personalizar diversos tipos de fieltro de fibra, haga clic aqu\u00ed.<\/strong><\/b><b><strong>Haga clic en la imagen siguiente para obtener m\u00e1s detalles:<\/strong><\/b><\/p>\n<table>\n<tbody>\n<tr>\n<td width=\"33%\">\n<p><figure id=\"attachment_3385\" aria-describedby=\"caption-attachment-3385\" style=\"width: 300px\" class=\"wp-caption aligncenter\"><a href=\"https:\/\/oqitop.com\/es\/productos\/metal-felt\/fieltro-de-silicato-de-alumina\/\"><img decoding=\"async\" class=\"size-medium wp-image-3385\" src=\"https:\/\/oqitop.com\/wp-content\/uploads\/2025\/12\/11-20-300x300.jpg\" alt=\"\" width=\"300\" height=\"300\" title=\"\" srcset=\"https:\/\/oqitop.com\/wp-content\/uploads\/2025\/12\/11-20-300x300.jpg 300w, https:\/\/oqitop.com\/wp-content\/uploads\/2025\/12\/11-20-150x150.jpg 150w, https:\/\/oqitop.com\/wp-content\/uploads\/2025\/12\/11-20-768x768.jpg 768w, https:\/\/oqitop.com\/wp-content\/uploads\/2025\/12\/11-20.jpg 800w\" sizes=\"(max-width: 300px) 100vw, 300px\" \/><\/a><figcaption id=\"caption-attachment-3385\" class=\"wp-caption-text\"><a href=\"https:\/\/oqitop.com\/es\/productos\/metal-felt\/fieltro-de-silicato-de-alumina\/\">Fieltro de silicato de al\u00famina<\/a><\/figcaption><\/figure><\/td>\n<td width=\"33%\">\n<p><figure id=\"attachment_3386\" aria-describedby=\"caption-attachment-3386\" style=\"width: 300px\" class=\"wp-caption aligncenter\"><a href=\"https:\/\/oqitop.com\/es\/productos\/metal-felt\/fieltro-de-titanio\/\"><img loading=\"lazy\" decoding=\"async\" class=\"wp-image-3386 size-medium\" src=\"https:\/\/oqitop.com\/wp-content\/uploads\/2025\/12\/22-10-300x300.jpg\" alt=\"\" width=\"300\" height=\"300\" title=\"\" srcset=\"https:\/\/oqitop.com\/wp-content\/uploads\/2025\/12\/22-10-300x300.jpg 300w, https:\/\/oqitop.com\/wp-content\/uploads\/2025\/12\/22-10-150x150.jpg 150w, https:\/\/oqitop.com\/wp-content\/uploads\/2025\/12\/22-10-768x768.jpg 768w, https:\/\/oqitop.com\/wp-content\/uploads\/2025\/12\/22-10.jpg 800w\" sizes=\"(max-width: 300px) 100vw, 300px\" \/><\/a><figcaption id=\"caption-attachment-3386\" class=\"wp-caption-text\"><a href=\"https:\/\/oqitop.com\/es\/productos\/metal-felt\/fieltro-de-titanio\/\">Fieltro de titanio<\/a><\/figcaption><\/figure><\/td>\n<td width=\"33%\">\n<p><figure id=\"attachment_3387\" aria-describedby=\"caption-attachment-3387\" style=\"width: 300px\" class=\"wp-caption aligncenter\"><a href=\"https:\/\/oqitop.com\/es\/productos\/metal-felt\/fieltro-de-niquel\/\"><img loading=\"lazy\" decoding=\"async\" class=\"size-medium wp-image-3387\" src=\"https:\/\/oqitop.com\/wp-content\/uploads\/2025\/12\/33-7-300x300.jpg\" alt=\"\" width=\"300\" height=\"300\" title=\"\" srcset=\"https:\/\/oqitop.com\/wp-content\/uploads\/2025\/12\/33-7-300x300.jpg 300w, https:\/\/oqitop.com\/wp-content\/uploads\/2025\/12\/33-7-150x150.jpg 150w, https:\/\/oqitop.com\/wp-content\/uploads\/2025\/12\/33-7-768x768.jpg 768w, https:\/\/oqitop.com\/wp-content\/uploads\/2025\/12\/33-7.jpg 800w\" sizes=\"(max-width: 300px) 100vw, 300px\" \/><\/a><figcaption id=\"caption-attachment-3387\" class=\"wp-caption-text\"><a href=\"https:\/\/oqitop.com\/es\/productos\/metal-felt\/fieltro-de-niquel\/\">Fieltro de n\u00edquel<\/a><\/figcaption><\/figure><\/td>\n<\/tr>\n<tr>\n<td width=\"33%\">\n<p><figure id=\"attachment_3388\" aria-describedby=\"caption-attachment-3388\" style=\"width: 300px\" class=\"wp-caption aligncenter\"><a href=\"https:\/\/oqitop.com\/es\/productos\/metal-felt\/carbon-felt\/\"><img loading=\"lazy\" decoding=\"async\" class=\"size-medium wp-image-3388\" src=\"https:\/\/oqitop.com\/wp-content\/uploads\/2025\/12\/44-300x300.png\" alt=\"\" width=\"300\" height=\"300\" title=\"\" srcset=\"https:\/\/oqitop.com\/wp-content\/uploads\/2025\/12\/44-300x300.png 300w, https:\/\/oqitop.com\/wp-content\/uploads\/2025\/12\/44-150x150.png 150w, https:\/\/oqitop.com\/wp-content\/uploads\/2025\/12\/44-768x768.png 768w, https:\/\/oqitop.com\/wp-content\/uploads\/2025\/12\/44.png 800w\" sizes=\"(max-width: 300px) 100vw, 300px\" \/><\/a><figcaption id=\"caption-attachment-3388\" class=\"wp-caption-text\"><a href=\"https:\/\/oqitop.com\/es\/productos\/metal-felt\/carbon-felt\/\">Fieltro de carbono<\/a><\/figcaption><\/figure><\/td>\n<td width=\"33%\">\n<p><figure id=\"attachment_3389\" aria-describedby=\"caption-attachment-3389\" style=\"width: 300px\" class=\"wp-caption aligncenter\"><a href=\"https:\/\/oqitop.com\/es\/productos\/metal-felt\/preoxidized-felt\/\"><img loading=\"lazy\" decoding=\"async\" class=\"size-medium wp-image-3389\" src=\"https:\/\/oqitop.com\/wp-content\/uploads\/2025\/12\/55-3-300x300.jpg\" alt=\"\" width=\"300\" height=\"300\" title=\"\" srcset=\"https:\/\/oqitop.com\/wp-content\/uploads\/2025\/12\/55-3-300x300.jpg 300w, https:\/\/oqitop.com\/wp-content\/uploads\/2025\/12\/55-3-150x150.jpg 150w, https:\/\/oqitop.com\/wp-content\/uploads\/2025\/12\/55-3-768x768.jpg 768w, https:\/\/oqitop.com\/wp-content\/uploads\/2025\/12\/55-3.jpg 800w\" sizes=\"(max-width: 300px) 100vw, 300px\" \/><\/a><figcaption id=\"caption-attachment-3389\" class=\"wp-caption-text\"><a href=\"https:\/\/oqitop.com\/es\/productos\/metal-felt\/preoxidized-felt\/\">Fieltro preoxidado<\/a><\/figcaption><\/figure><\/td>\n<td width=\"33%\">\n<p><figure id=\"attachment_3390\" aria-describedby=\"caption-attachment-3390\" style=\"width: 300px\" class=\"wp-caption aligncenter\"><a href=\"https:\/\/oqitop.com\/es\/productos\/metal-felt\/stainless-steel-felt\/\"><img loading=\"lazy\" decoding=\"async\" class=\"size-medium wp-image-3390\" src=\"https:\/\/oqitop.com\/wp-content\/uploads\/2025\/12\/66-300x300.jpg\" alt=\"\" width=\"300\" height=\"300\" title=\"\" srcset=\"https:\/\/oqitop.com\/wp-content\/uploads\/2025\/12\/66-300x300.jpg 300w, https:\/\/oqitop.com\/wp-content\/uploads\/2025\/12\/66-150x150.jpg 150w, https:\/\/oqitop.com\/wp-content\/uploads\/2025\/12\/66-768x768.jpg 768w, https:\/\/oqitop.com\/wp-content\/uploads\/2025\/12\/66.jpg 800w\" sizes=\"(max-width: 300px) 100vw, 300px\" \/><\/a><figcaption id=\"caption-attachment-3390\" class=\"wp-caption-text\"><a href=\"https:\/\/oqitop.com\/es\/productos\/metal-felt\/stainless-steel-felt\/\">Fieltro de acero inoxidable<\/a><\/figcaption><\/figure><\/td>\n<\/tr>\n<\/tbody>\n<\/table>\n<p><strong>Principales aplicaciones del fieltro de titanio<\/strong><\/p>\n<table style=\"height: 222px;\" width=\"797\">\n<tbody>\n<tr>\n<td>\n<figure id=\"attachment_2567\" class=\"wp-caption aligncenter\" aria-describedby=\"caption-attachment-2567\"><figcaption id=\"caption-attachment-2567\" class=\"wp-caption-text\">\n<figure id=\"attachment_3391\" aria-describedby=\"caption-attachment-3391\" style=\"width: 150px\" class=\"wp-caption aligncenter\"><img loading=\"lazy\" decoding=\"async\" class=\"wp-image-3391 size-thumbnail\" src=\"https:\/\/oqitop.com\/wp-content\/uploads\/2025\/12\/1.webp-11-150x150.jpg\" alt=\"Fieltro de titanio\" width=\"150\" height=\"150\" title=\"\" srcset=\"https:\/\/oqitop.com\/wp-content\/uploads\/2025\/12\/1.webp-11-150x150.jpg 150w, https:\/\/oqitop.com\/wp-content\/uploads\/2025\/12\/1.webp-11.jpg 270w\" sizes=\"(max-width: 150px) 100vw, 150px\" \/><figcaption id=\"caption-attachment-3391\" class=\"wp-caption-text\">Nuevo material para bater\u00edas<\/figcaption><\/figure>\n<\/figcaption><\/figure>\n<\/td>\n<td>&nbsp;<\/p>\n<figure id=\"attachment_2568\" class=\"wp-caption aligncenter\" aria-describedby=\"caption-attachment-2568\"><figcaption id=\"caption-attachment-2568\" class=\"wp-caption-text\">\n<figure id=\"attachment_3392\" aria-describedby=\"caption-attachment-3392\" style=\"width: 150px\" class=\"wp-caption aligncenter\"><img loading=\"lazy\" decoding=\"async\" class=\"wp-image-3392 size-thumbnail\" src=\"https:\/\/oqitop.com\/wp-content\/uploads\/2025\/12\/2.webp-12-150x150.jpg\" alt=\"Fieltro de titanio\" width=\"150\" height=\"150\" title=\"\" srcset=\"https:\/\/oqitop.com\/wp-content\/uploads\/2025\/12\/2.webp-12-150x150.jpg 150w, https:\/\/oqitop.com\/wp-content\/uploads\/2025\/12\/2.webp-12.jpg 270w\" sizes=\"(max-width: 150px) 100vw, 150px\" \/><figcaption id=\"caption-attachment-3392\" class=\"wp-caption-text\">Industria de la electr\u00f3lisis<\/figcaption><\/figure>\n<\/figcaption><\/figure>\n<\/td>\n<td>&nbsp;<\/p>\n<figure id=\"attachment_2569\" class=\"wp-caption aligncenter\" aria-describedby=\"caption-attachment-2569\">\n<p><figure id=\"attachment_3393\" aria-describedby=\"caption-attachment-3393\" style=\"width: 150px\" class=\"wp-caption aligncenter\"><img loading=\"lazy\" decoding=\"async\" class=\"wp-image-3393 size-thumbnail\" src=\"https:\/\/oqitop.com\/wp-content\/uploads\/2025\/12\/3.webp-9-150x150.jpg\" alt=\"Fieltro de titanio\" width=\"150\" height=\"150\" title=\"\" srcset=\"https:\/\/oqitop.com\/wp-content\/uploads\/2025\/12\/3.webp-9-150x150.jpg 150w, https:\/\/oqitop.com\/wp-content\/uploads\/2025\/12\/3.webp-9.jpg 270w\" sizes=\"(max-width: 150px) 100vw, 150px\" \/><figcaption id=\"caption-attachment-3393\" class=\"wp-caption-text\">Medio de difusi\u00f3n<\/figcaption><\/figure><\/figure>\n<\/td>\n<td>&nbsp;<\/p>\n<figure id=\"attachment_2571\" class=\"wp-caption aligncenter\" aria-describedby=\"caption-attachment-2571\">\n<p><figure id=\"attachment_3394\" aria-describedby=\"caption-attachment-3394\" style=\"width: 150px\" class=\"wp-caption aligncenter\"><img loading=\"lazy\" decoding=\"async\" class=\"wp-image-3394 size-thumbnail\" src=\"https:\/\/oqitop.com\/wp-content\/uploads\/2025\/12\/4.webp-6-150x150.jpg\" alt=\"Fieltro de titanio\" width=\"150\" height=\"150\" title=\"\" srcset=\"https:\/\/oqitop.com\/wp-content\/uploads\/2025\/12\/4.webp-6-150x150.jpg 150w, https:\/\/oqitop.com\/wp-content\/uploads\/2025\/12\/4.webp-6.jpg 270w\" sizes=\"(max-width: 150px) 100vw, 150px\" \/><figcaption id=\"caption-attachment-3394\" class=\"wp-caption-text\">Nueva energ\u00eda<\/figcaption><\/figure><\/figure>\n<\/td>\n<\/tr>\n<\/tbody>\n<\/table>\n<p><img loading=\"lazy\" decoding=\"async\" class=\"aligncenter size-full wp-image-3396\" src=\"https:\/\/oqitop.com\/wp-content\/uploads\/2025\/12\/22222-6.jpg\" alt=\"\" width=\"1024\" height=\"1024\" title=\"\" srcset=\"https:\/\/oqitop.com\/wp-content\/uploads\/2025\/12\/22222-6.jpg 1024w, https:\/\/oqitop.com\/wp-content\/uploads\/2025\/12\/22222-6-300x300.jpg 300w, https:\/\/oqitop.com\/wp-content\/uploads\/2025\/12\/22222-6-150x150.jpg 150w, https:\/\/oqitop.com\/wp-content\/uploads\/2025\/12\/22222-6-768x768.jpg 768w\" sizes=\"(max-width: 1024px) 100vw, 1024px\" \/><img loading=\"lazy\" decoding=\"async\" class=\"aligncenter size-full wp-image-3397\" src=\"https:\/\/oqitop.com\/wp-content\/uploads\/2025\/12\/33333-7.jpg\" alt=\"\" width=\"1024\" height=\"729\" title=\"\" srcset=\"https:\/\/oqitop.com\/wp-content\/uploads\/2025\/12\/33333-7.jpg 1024w, https:\/\/oqitop.com\/wp-content\/uploads\/2025\/12\/33333-7-300x214.jpg 300w, https:\/\/oqitop.com\/wp-content\/uploads\/2025\/12\/33333-7-768x547.jpg 768w\" sizes=\"(max-width: 1024px) 100vw, 1024px\" \/><img loading=\"lazy\" decoding=\"async\" class=\"aligncenter size-full wp-image-3398\" src=\"https:\/\/oqitop.com\/wp-content\/uploads\/2025\/12\/55555-9.jpg\" alt=\"\" width=\"1024\" height=\"677\" title=\"\" srcset=\"https:\/\/oqitop.com\/wp-content\/uploads\/2025\/12\/55555-9.jpg 1024w, https:\/\/oqitop.com\/wp-content\/uploads\/2025\/12\/55555-9-300x198.jpg 300w, https:\/\/oqitop.com\/wp-content\/uploads\/2025\/12\/55555-9-768x508.jpg 768w\" sizes=\"(max-width: 1024px) 100vw, 1024px\" \/><\/p>","protected":false},"featured_media":3405,"template":"","meta":{"_acf_changed":false,"site-sidebar-layout":"default","site-content-layout":"","ast-site-content-layout":"default","site-content-style":"default","site-sidebar-style":"default","ast-global-header-display":"","ast-banner-title-visibility":"","ast-main-header-display":"","ast-hfb-above-header-display":"","ast-hfb-below-header-display":"","ast-hfb-mobile-header-display":"","site-post-title":"","ast-breadcrumbs-content":"","ast-featured-img":"","footer-sml-layout":"","theme-transparent-header-meta":"default","adv-header-id-meta":"","stick-header-meta":"default","header-above-stick-meta":"","header-main-stick-meta":"","header-below-stick-meta":"","astra-migrate-meta-layouts":"set","ast-page-background-enabled":"default","ast-page-background-meta":{"desktop":{"background-color":"var(--ast-global-color-4)","background-image":"","background-repeat":"repeat","background-position":"center center","background-size":"auto","background-attachment":"scroll","background-type":"","background-media":"","overlay-type":"","overlay-color":"","overlay-opacity":"","overlay-gradient":""},"tablet":{"background-color":"","background-image":"","background-repeat":"repeat","background-position":"center center","background-size":"auto","background-attachment":"scroll","background-type":"","background-media":"","overlay-type":"","overlay-color":"","overlay-opacity":"","overlay-gradient":""},"mobile":{"background-color":"","background-image":"","background-repeat":"repeat","background-position":"center center","background-size":"auto","background-attachment":"scroll","background-type":"","background-media":"","overlay-type":"","overlay-color":"","overlay-opacity":"","overlay-gradient":""}},"ast-content-background-meta":{"desktop":{"background-color":"var(--ast-global-color-5)","background-image":"","background-repeat":"repeat","background-position":"center center","background-size":"auto","background-attachment":"scroll","background-type":"","background-media":"","overlay-type":"","overlay-color":"","overlay-opacity":"","overlay-gradient":""},"tablet":{"background-color":"var(--ast-global-color-5)","background-image":"","background-repeat":"repeat","background-position":"center center","background-size":"auto","background-attachment":"scroll","background-type":"","background-media":"","overlay-type":"","overlay-color":"","overlay-opacity":"","overlay-gradient":""},"mobile":{"background-color":"var(--ast-global-color-5)","background-image":"","background-repeat":"repeat","background-position":"center center","background-size":"auto","background-attachment":"scroll","background-type":"","background-media":"","overlay-type":"","overlay-color":"","overlay-opacity":"","overlay-gradient":""}}},"tags":[],"products":[216,217],"class_list":["post-3404","product","type-product","status-publish","has-post-thumbnail","hentry","products-metal-felt","products-titanium-felt"],"acf":[],"_links":{"self":[{"href":"https:\/\/oqitop.com\/es\/wp-json\/wp\/v2\/product\/3404","targetHints":{"allow":["GET"]}}],"collection":[{"href":"https:\/\/oqitop.com\/es\/wp-json\/wp\/v2\/product"}],"about":[{"href":"https:\/\/oqitop.com\/es\/wp-json\/wp\/v2\/types\/product"}],"wp:featuredmedia":[{"embeddable":true,"href":"https:\/\/oqitop.com\/es\/wp-json\/wp\/v2\/media\/3405"}],"wp:attachment":[{"href":"https:\/\/oqitop.com\/es\/wp-json\/wp\/v2\/media?parent=3404"}],"wp:term":[{"taxonomy":"post_tag","embeddable":true,"href":"https:\/\/oqitop.com\/es\/wp-json\/wp\/v2\/tags?post=3404"},{"taxonomy":"products","embeddable":true,"href":"https:\/\/oqitop.com\/es\/wp-json\/wp\/v2\/products?post=3404"}],"curies":[{"name":"wp","href":"https:\/\/api.w.org\/{rel}","templated":true}]}}