 {"id":3465,"date":"2026-01-06T12:32:15","date_gmt":"2026-01-06T04:32:15","guid":{"rendered":"https:\/\/oqitop.com\/?post_type=product&#038;p=3465"},"modified":"2026-01-15T17:34:35","modified_gmt":"2026-01-15T09:34:35","slug":"high-precision-disc-filter-cartridges-for-high-concentration-melt-filtration","status":"publish","type":"product","link":"https:\/\/oqitop.com\/es\/product\/high-precision-disc-filter-cartridges-for-high-concentration-melt-filtration\/","title":{"rendered":"\u200cHigh-Precision Disc Filter Cartridges for High Concentration Melt Filtration"},"content":{"rendered":"<h4 style=\"text-align: center;\"><span style=\"color: #ff0000;\">\u200cHigh-Precision Disc Filter Cartridges for High Concentration Melt Filtration<\/span><\/h4>\n<p><iframe src=\"https:\/\/www.youtube.com\/embed\/wa2wSu8-Jpg?rel=0\" allowfullscreen=\"allowfullscreen\" data-mce-fragment=\"1\"><span data-mce-type=\"bookmark\" style=\"display: inline-block; width: 0px; overflow: hidden; line-height: 0;\" class=\"mce_SELRES_start\"><\/span><\/iframe><\/p>\n<p align=\"left\"><strong>Introducci\u00f3n<\/strong><\/p>\n<p align=\"justify\"><strong>Marca de los par\u00e1metros del producto:<\/strong> Oqitop<\/p>\n<p align=\"justify\"><strong>Caracter\u00edsticas:<\/strong>\u00a0Gran capacidad de filtrado, \u00e1rea de filtrado ajustable, gran superficie de filtrado y gran caudal, alta precisi\u00f3n de filtrado, y se puede limpiar y reutilizar.<\/p>\n<p align=\"justify\">El disco filtrante para fundidos tambi\u00e9n se denomina elemento filtrante de disco, y se utiliza para la filtraci\u00f3n de fundidos de alta viscosidad. El dise\u00f1o de chips hace que el \u00e1rea de filtraci\u00f3n efectiva por metro c\u00fabico sea extremadamente grande y permite aprovechar eficazmente el espacio y miniaturizar el dispositivo de filtraci\u00f3n.<\/p>\n<p align=\"justify\">El material del filtro est\u00e1 fabricado con fieltro de acero inoxidable o malla sinterizada multicapa de acero inoxidable. Caracter\u00edsticas: el elemento filtrante soporta una presi\u00f3n uniforme; rendimiento de filtraci\u00f3n estable; se puede limpiar repetidamente y tiene una larga vida \u00fatil.<\/p>\n<p><strong>A<\/strong><strong>\u00c1rea de aplicaci\u00f3n\u00a0<\/strong><\/p>\n<p>1. Pel\u00edcula de polipropileno orientado biaxialmente (BOPP)<br \/>\n2. Pel\u00edcula de nylon estirado biaxialmente BOPA<br \/>\n3. Pel\u00edcula de poli\u00e9ster estirado biaxialmente BOPET<br \/>\n4. Filtraci\u00f3n de fundido de alta viscosidad<br \/>\n5. Filtraci\u00f3n de l\u00edquidos de fibras qu\u00edmicas<img fetchpriority=\"high\" decoding=\"async\" class=\"aligncenter size-full wp-image-3455\" src=\"https:\/\/oqitop.com\/wp-content\/uploads\/2025\/12\/112233.jpg\" alt=\"\" width=\"1024\" height=\"527\" title=\"\" srcset=\"https:\/\/oqitop.com\/wp-content\/uploads\/2025\/12\/112233.jpg 1024w, https:\/\/oqitop.com\/wp-content\/uploads\/2025\/12\/112233-300x154.jpg 300w, https:\/\/oqitop.com\/wp-content\/uploads\/2025\/12\/112233-768x395.jpg 768w\" sizes=\"(max-width: 1024px) 100vw, 1024px\" \/><\/p>\n<p style=\"font-weight: 400;\"><b><strong>An\u00e1lisis de la composici\u00f3n qu\u00edmica<\/strong><\/b><\/p>\n<table>\n<tbody>\n<tr>\n<td rowspan=\"2\" width=\"65\">Modelo del producto<\/td>\n<td rowspan=\"2\" width=\"64\">Precisi\u00f3n de filtrado (um)<\/td>\n<td colspan=\"2\" width=\"120\">Presi\u00f3n del punto de burbuja<\/p>\n<p>(Pa)<\/td>\n<td colspan=\"2\" width=\"117\">Permeabilidad al aire<\/p>\n<p>L (min\u00b0d\u33a1)<\/p>\n<p>&nbsp;<\/td>\n<td colspan=\"2\" width=\"117\">Porosidad (%)<\/td>\n<td colspan=\"2\" width=\"121\">Capacidad de carga contaminante<\/p>\n<p>(Mg\/cm\u00b2)<\/td>\n<td colspan=\"2\" width=\"157\">Espesor<\/p>\n<p>(mm)<\/td>\n<\/tr>\n<tr>\n<td width=\"47\">valor b\u00e1sico<\/p>\n<p>&nbsp;<\/td>\n<td width=\"72\">tolerancia<\/td>\n<td width=\"47\">valor b\u00e1sico<\/p>\n<p>&nbsp;<\/td>\n<td width=\"69\">tolerancia<\/td>\n<td width=\"46\">valor b\u00e1sico<\/p>\n<p>&nbsp;<\/td>\n<td width=\"71\">tolerancia<\/td>\n<td width=\"49\">valor b\u00e1sico<\/p>\n<p>&nbsp;<\/td>\n<td width=\"72\">tolerancia<\/td>\n<td width=\"61\">valor b\u00e1sico<\/p>\n<p>&nbsp;<\/td>\n<td width=\"95\">tolerancia<\/td>\n<\/tr>\n<tr>\n<td width=\"65\">SSF5<\/td>\n<td width=\"64\">5<\/td>\n<td width=\"47\">7000<\/td>\n<td rowspan=\"9\" width=\"72\">&nbsp;<\/p>\n<p>&nbsp;<\/p>\n<p>&nbsp;<\/p>\n<p>&nbsp;<\/p>\n<p>&nbsp;<\/p>\n<p>\u00b110%<\/td>\n<td width=\"47\">30<\/td>\n<td rowspan=\"9\" width=\"69\">&nbsp;<\/p>\n<p>&nbsp;<\/p>\n<p>&nbsp;<\/p>\n<p>&nbsp;<\/p>\n<p>&nbsp;<\/p>\n<p>\u00b120%<\/td>\n<td width=\"46\">75<\/td>\n<td rowspan=\"9\" width=\"71\">&nbsp;<\/p>\n<p>&nbsp;<\/p>\n<p>&nbsp;<\/p>\n<p>&nbsp;<\/p>\n<p>&nbsp;<\/p>\n<p>\u00b110%<\/td>\n<td width=\"49\">2<\/td>\n<td rowspan=\"9\" width=\"72\">&nbsp;<\/p>\n<p>&nbsp;<\/p>\n<p>&nbsp;<\/p>\n<p>&nbsp;<\/p>\n<p>&nbsp;<\/p>\n<p>\u00b120%<\/td>\n<td width=\"61\">103<\/td>\n<td rowspan=\"9\" width=\"95\">&nbsp;<\/p>\n<p>&nbsp;<\/p>\n<p>&nbsp;<\/p>\n<p>&nbsp;<\/p>\n<p>&nbsp;<\/p>\n<p>\u00b110%<\/td>\n<\/tr>\n<tr>\n<td width=\"65\">SSF10<\/td>\n<td width=\"64\">10<\/td>\n<td width=\"47\">3500<\/td>\n<td width=\"47\">100<\/td>\n<td width=\"46\">75<\/td>\n<td width=\"49\">4<\/td>\n<td width=\"61\">0.3<\/td>\n<\/tr>\n<tr>\n<td width=\"65\">SSF15<\/td>\n<td width=\"64\">15<\/td>\n<td width=\"47\">2300<\/td>\n<td width=\"47\">150<\/td>\n<td width=\"46\">75<\/td>\n<td width=\"49\">6<\/td>\n<td width=\"61\">0.35<\/td>\n<\/tr>\n<tr>\n<td width=\"65\">SSF20<\/td>\n<td width=\"64\">20<\/td>\n<td width=\"47\">1700<\/td>\n<td width=\"47\">250<\/td>\n<td width=\"46\">75<\/td>\n<td width=\"49\">10<\/td>\n<td width=\"61\">0.45<\/td>\n<\/tr>\n<tr>\n<td width=\"65\">SSF25<\/td>\n<td width=\"64\">25<\/td>\n<td width=\"47\">1400<\/td>\n<td width=\"47\">300<\/td>\n<td width=\"46\">75<\/td>\n<td width=\"49\">15<\/td>\n<td width=\"61\">0.6<\/td>\n<\/tr>\n<tr>\n<td width=\"65\">SSF30<\/td>\n<td width=\"64\">30<\/td>\n<td width=\"47\">1100<\/td>\n<td width=\"47\">400<\/td>\n<td width=\"46\">75<\/td>\n<td width=\"49\">15<\/td>\n<td width=\"61\">0.6<\/td>\n<\/tr>\n<tr>\n<td width=\"65\">SSF40<\/td>\n<td width=\"64\">40<\/td>\n<td width=\"47\">900<\/td>\n<td width=\"47\">600<\/td>\n<td width=\"46\">75<\/td>\n<td width=\"49\">20<\/td>\n<td width=\"61\">0.6<\/td>\n<\/tr>\n<tr>\n<td width=\"65\">SSF60<\/td>\n<td width=\"64\">60<\/td>\n<td width=\"47\">800<\/td>\n<td width=\"47\">1000<\/td>\n<td width=\"46\">75<\/td>\n<td width=\"49\">30<\/td>\n<td width=\"61\">0.6<\/td>\n<\/tr>\n<tr>\n<td width=\"65\">SSF80<\/td>\n<td width=\"64\">80<\/td>\n<td width=\"47\">700<\/td>\n<td width=\"47\">1300<\/td>\n<td width=\"46\">75<\/td>\n<td width=\"49\">40<\/td>\n<td width=\"61\">0.6<\/td>\n<\/tr>\n<\/tbody>\n<\/table>\n<p><b><strong>Para personalizar diversos tipos de fieltro de fibra, haga clic aqu\u00ed.<\/strong><\/b><b><strong>Haga clic en la imagen siguiente para obtener m\u00e1s detalles:<\/strong><\/b><\/p>\n<table>\n<tbody>\n<tr>\n<td width=\"33%\">&nbsp;<\/p>\n<figure id=\"attachment_3385\" class=\"wp-caption aligncenter\" aria-describedby=\"caption-attachment-3385\"><a href=\"https:\/\/oqitop.com\/es\/productos\/metal-felt\/fieltro-de-silicato-de-alumina\/\"><img decoding=\"async\" class=\"size-medium wp-image-3385\" title=\"Fieltro de fibra de titanio Ti de alta calidad para investigaci\u00f3n de laboratorio 3\" src=\"https:\/\/oqitop.com\/wp-content\/uploads\/2025\/12\/11-20-300x300.jpg\" sizes=\"(max-width: 300px) 100vw, 300px\" srcset=\"https:\/\/oqitop.com\/wp-content\/uploads\/2025\/12\/11-20-300x300.jpg 300w, https:\/\/oqitop.com\/wp-content\/uploads\/2025\/12\/11-20-150x150.jpg 150w, https:\/\/oqitop.com\/wp-content\/uploads\/2025\/12\/11-20-768x768.jpg 768w, https:\/\/oqitop.com\/wp-content\/uploads\/2025\/12\/11-20.jpg 800w\" alt=\"\" width=\"300\" height=\"300\" \/><\/a><figcaption id=\"caption-attachment-3385\" class=\"wp-caption-text\"><a href=\"https:\/\/oqitop.com\/es\/productos\/metal-felt\/fieltro-de-silicato-de-alumina\/\">Fieltro de silicato de al\u00famina<\/a><\/figcaption><\/figure>\n<\/td>\n<td width=\"33%\">&nbsp;<\/p>\n<figure id=\"attachment_3386\" class=\"wp-caption aligncenter\" aria-describedby=\"caption-attachment-3386\"><a href=\"https:\/\/oqitop.com\/es\/productos\/metal-felt\/fieltro-de-titanio\/\"><img decoding=\"async\" class=\"wp-image-3386 size-medium\" title=\"Fieltro de fibra de titanio Ti de alta calidad para investigaci\u00f3n de laboratorio 4\" src=\"https:\/\/oqitop.com\/wp-content\/uploads\/2025\/12\/22-10-300x300.jpg\" sizes=\"(max-width: 300px) 100vw, 300px\" srcset=\"https:\/\/oqitop.com\/wp-content\/uploads\/2025\/12\/22-10-300x300.jpg 300w, https:\/\/oqitop.com\/wp-content\/uploads\/2025\/12\/22-10-150x150.jpg 150w, https:\/\/oqitop.com\/wp-content\/uploads\/2025\/12\/22-10-768x768.jpg 768w, https:\/\/oqitop.com\/wp-content\/uploads\/2025\/12\/22-10.jpg 800w\" alt=\"\" width=\"300\" height=\"300\" \/><\/a><figcaption id=\"caption-attachment-3386\" class=\"wp-caption-text\"><a href=\"https:\/\/oqitop.com\/es\/productos\/metal-felt\/fieltro-de-titanio\/\">Fieltro de titanio<\/a><\/figcaption><\/figure>\n<\/td>\n<td width=\"33%\">&nbsp;<\/p>\n<figure id=\"attachment_3387\" class=\"wp-caption aligncenter\" aria-describedby=\"caption-attachment-3387\"><a href=\"https:\/\/oqitop.com\/es\/productos\/metal-felt\/fieltro-de-niquel\/\"><img loading=\"lazy\" decoding=\"async\" class=\"size-medium wp-image-3387\" title=\"Fieltro de fibra de titanio Ti de alta calidad para investigaci\u00f3n de laboratorio 5\" src=\"https:\/\/oqitop.com\/wp-content\/uploads\/2025\/12\/33-7-300x300.jpg\" sizes=\"(max-width: 300px) 100vw, 300px\" srcset=\"https:\/\/oqitop.com\/wp-content\/uploads\/2025\/12\/33-7-300x300.jpg 300w, https:\/\/oqitop.com\/wp-content\/uploads\/2025\/12\/33-7-150x150.jpg 150w, https:\/\/oqitop.com\/wp-content\/uploads\/2025\/12\/33-7-768x768.jpg 768w, https:\/\/oqitop.com\/wp-content\/uploads\/2025\/12\/33-7.jpg 800w\" alt=\"\" width=\"300\" height=\"300\" \/><\/a><figcaption id=\"caption-attachment-3387\" class=\"wp-caption-text\"><a href=\"https:\/\/oqitop.com\/es\/productos\/metal-felt\/fieltro-de-niquel\/\">Fieltro de n\u00edquel<\/a><\/figcaption><\/figure>\n<\/td>\n<\/tr>\n<tr>\n<td width=\"33%\">&nbsp;<\/p>\n<figure id=\"attachment_3388\" class=\"wp-caption aligncenter\" aria-describedby=\"caption-attachment-3388\"><a href=\"https:\/\/oqitop.com\/es\/productos\/metal-felt\/carbon-felt\/\"><img loading=\"lazy\" decoding=\"async\" class=\"size-medium wp-image-3388\" title=\"Fieltro de fibra de titanio Ti de alta calidad para investigaci\u00f3n de laboratorio 6\" src=\"https:\/\/oqitop.com\/wp-content\/uploads\/2025\/12\/44-300x300.png\" sizes=\"(max-width: 300px) 100vw, 300px\" srcset=\"https:\/\/oqitop.com\/wp-content\/uploads\/2025\/12\/44-300x300.png 300w, https:\/\/oqitop.com\/wp-content\/uploads\/2025\/12\/44-150x150.png 150w, https:\/\/oqitop.com\/wp-content\/uploads\/2025\/12\/44-768x768.png 768w, https:\/\/oqitop.com\/wp-content\/uploads\/2025\/12\/44.png 800w\" alt=\"\" width=\"300\" height=\"300\" \/><\/a><figcaption id=\"caption-attachment-3388\" class=\"wp-caption-text\"><a href=\"https:\/\/oqitop.com\/es\/productos\/metal-felt\/carbon-felt\/\">Fieltro de carbono<\/a><\/figcaption><\/figure>\n<\/td>\n<td width=\"33%\">&nbsp;<\/p>\n<figure id=\"attachment_3389\" class=\"wp-caption aligncenter\" aria-describedby=\"caption-attachment-3389\"><a href=\"https:\/\/oqitop.com\/es\/productos\/metal-felt\/preoxidized-felt\/\"><img loading=\"lazy\" decoding=\"async\" class=\"size-medium wp-image-3389\" title=\"Fieltro de fibra de titanio Ti de alta calidad para investigaci\u00f3n de laboratorio 7\" src=\"https:\/\/oqitop.com\/wp-content\/uploads\/2025\/12\/55-3-300x300.jpg\" sizes=\"(max-width: 300px) 100vw, 300px\" srcset=\"https:\/\/oqitop.com\/wp-content\/uploads\/2025\/12\/55-3-300x300.jpg 300w, https:\/\/oqitop.com\/wp-content\/uploads\/2025\/12\/55-3-150x150.jpg 150w, https:\/\/oqitop.com\/wp-content\/uploads\/2025\/12\/55-3-768x768.jpg 768w, https:\/\/oqitop.com\/wp-content\/uploads\/2025\/12\/55-3.jpg 800w\" alt=\"\" width=\"300\" height=\"300\" \/><\/a><figcaption id=\"caption-attachment-3389\" class=\"wp-caption-text\"><a href=\"https:\/\/oqitop.com\/es\/productos\/metal-felt\/preoxidized-felt\/\">Fieltro preoxidado<\/a><\/figcaption><\/figure>\n<\/td>\n<td width=\"33%\">&nbsp;<\/p>\n<figure id=\"attachment_3390\" class=\"wp-caption aligncenter\" aria-describedby=\"caption-attachment-3390\"><a href=\"https:\/\/oqitop.com\/es\/productos\/metal-felt\/stainless-steel-felt\/\"><img loading=\"lazy\" decoding=\"async\" class=\"size-medium wp-image-3390\" title=\"Fieltro de fibra de titanio Ti de alta calidad para investigaci\u00f3n de laboratorio 8\" src=\"https:\/\/oqitop.com\/wp-content\/uploads\/2025\/12\/66-300x300.jpg\" sizes=\"(max-width: 300px) 100vw, 300px\" srcset=\"https:\/\/oqitop.com\/wp-content\/uploads\/2025\/12\/66-300x300.jpg 300w, https:\/\/oqitop.com\/wp-content\/uploads\/2025\/12\/66-150x150.jpg 150w, https:\/\/oqitop.com\/wp-content\/uploads\/2025\/12\/66-768x768.jpg 768w, https:\/\/oqitop.com\/wp-content\/uploads\/2025\/12\/66.jpg 800w\" alt=\"\" width=\"300\" height=\"300\" \/><\/a><figcaption id=\"caption-attachment-3390\" class=\"wp-caption-text\"><a href=\"https:\/\/oqitop.com\/es\/productos\/metal-felt\/stainless-steel-felt\/\">Fieltro de acero inoxidable<\/a><\/figcaption><\/figure>\n<\/td>\n<\/tr>\n<\/tbody>\n<\/table>\n<p><img loading=\"lazy\" decoding=\"async\" class=\"aligncenter size-full wp-image-3456\" src=\"https:\/\/oqitop.com\/wp-content\/uploads\/2025\/12\/11111-7.jpg\" alt=\"\" width=\"1024\" height=\"859\" title=\"\" srcset=\"https:\/\/oqitop.com\/wp-content\/uploads\/2025\/12\/11111-7.jpg 1024w, https:\/\/oqitop.com\/wp-content\/uploads\/2025\/12\/11111-7-300x252.jpg 300w, https:\/\/oqitop.com\/wp-content\/uploads\/2025\/12\/11111-7-768x644.jpg 768w\" sizes=\"(max-width: 1024px) 100vw, 1024px\" \/><img loading=\"lazy\" decoding=\"async\" class=\"aligncenter size-full wp-image-3457\" src=\"https:\/\/oqitop.com\/wp-content\/uploads\/2025\/12\/22222-7.jpg\" alt=\"\" width=\"1024\" height=\"230\" title=\"\" srcset=\"https:\/\/oqitop.com\/wp-content\/uploads\/2025\/12\/22222-7.jpg 1024w, https:\/\/oqitop.com\/wp-content\/uploads\/2025\/12\/22222-7-300x67.jpg 300w, https:\/\/oqitop.com\/wp-content\/uploads\/2025\/12\/22222-7-768x173.jpg 768w\" sizes=\"(max-width: 1024px) 100vw, 1024px\" \/><img loading=\"lazy\" decoding=\"async\" class=\"aligncenter size-full wp-image-3458\" src=\"https:\/\/oqitop.com\/wp-content\/uploads\/2025\/12\/33333-8.jpg\" alt=\"\" width=\"1024\" height=\"400\" title=\"\" srcset=\"https:\/\/oqitop.com\/wp-content\/uploads\/2025\/12\/33333-8.jpg 1024w, https:\/\/oqitop.com\/wp-content\/uploads\/2025\/12\/33333-8-300x117.jpg 300w, https:\/\/oqitop.com\/wp-content\/uploads\/2025\/12\/33333-8-768x300.jpg 768w\" sizes=\"(max-width: 1024px) 100vw, 1024px\" \/><img loading=\"lazy\" decoding=\"async\" class=\"aligncenter size-full wp-image-3459\" src=\"https:\/\/oqitop.com\/wp-content\/uploads\/2025\/12\/55555-10.jpg\" alt=\"\" width=\"1024\" height=\"677\" title=\"\" srcset=\"https:\/\/oqitop.com\/wp-content\/uploads\/2025\/12\/55555-10.jpg 1024w, https:\/\/oqitop.com\/wp-content\/uploads\/2025\/12\/55555-10-300x198.jpg 300w, https:\/\/oqitop.com\/wp-content\/uploads\/2025\/12\/55555-10-768x508.jpg 768w\" sizes=\"(max-width: 1024px) 100vw, 1024px\" \/><\/p>","protected":false},"featured_media":3466,"template":"","meta":{"_acf_changed":false,"site-sidebar-layout":"default","site-content-layout":"","ast-site-content-layout":"default","site-content-style":"default","site-sidebar-style":"default","ast-global-header-display":"","ast-banner-title-visibility":"","ast-main-header-display":"","ast-hfb-above-header-display":"","ast-hfb-below-header-display":"","ast-hfb-mobile-header-display":"","site-post-title":"","ast-breadcrumbs-content":"","ast-featured-img":"","footer-sml-layout":"","theme-transparent-header-meta":"default","adv-header-id-meta":"","stick-header-meta":"default","header-above-stick-meta":"","header-main-stick-meta":"","header-below-stick-meta":"","astra-migrate-meta-layouts":"set","ast-page-background-enabled":"default","ast-page-background-meta":{"desktop":{"background-color":"var(--ast-global-color-4)","background-image":"","background-repeat":"repeat","background-position":"center center","background-size":"auto","background-attachment":"scroll","background-type":"","background-media":"","overlay-type":"","overlay-color":"","overlay-opacity":"","overlay-gradient":""},"tablet":{"background-color":"","background-image":"","background-repeat":"repeat","background-position":"center center","background-size":"auto","background-attachment":"scroll","background-type":"","background-media":"","overlay-type":"","overlay-color":"","overlay-opacity":"","overlay-gradient":""},"mobile":{"background-color":"","background-image":"","background-repeat":"repeat","background-position":"center center","background-size":"auto","background-attachment":"scroll","background-type":"","background-media":"","overlay-type":"","overlay-color":"","overlay-opacity":"","overlay-gradient":""}},"ast-content-background-meta":{"desktop":{"background-color":"var(--ast-global-color-5)","background-image":"","background-repeat":"repeat","background-position":"center center","background-size":"auto","background-attachment":"scroll","background-type":"","background-media":"","overlay-type":"","overlay-color":"","overlay-opacity":"","overlay-gradient":""},"tablet":{"background-color":"var(--ast-global-color-5)","background-image":"","background-repeat":"repeat","background-position":"center center","background-size":"auto","background-attachment":"scroll","background-type":"","background-media":"","overlay-type":"","overlay-color":"","overlay-opacity":"","overlay-gradient":""},"mobile":{"background-color":"var(--ast-global-color-5)","background-image":"","background-repeat":"repeat","background-position":"center center","background-size":"auto","background-attachment":"scroll","background-type":"","background-media":"","overlay-type":"","overlay-color":"","overlay-opacity":"","overlay-gradient":""}}},"tags":[],"products":[216,218],"class_list":["post-3465","product","type-product","status-publish","has-post-thumbnail","hentry","products-metal-felt","products-stainless-steel-felt"],"acf":[],"_links":{"self":[{"href":"https:\/\/oqitop.com\/es\/wp-json\/wp\/v2\/product\/3465","targetHints":{"allow":["GET"]}}],"collection":[{"href":"https:\/\/oqitop.com\/es\/wp-json\/wp\/v2\/product"}],"about":[{"href":"https:\/\/oqitop.com\/es\/wp-json\/wp\/v2\/types\/product"}],"wp:featuredmedia":[{"embeddable":true,"href":"https:\/\/oqitop.com\/es\/wp-json\/wp\/v2\/media\/3466"}],"wp:attachment":[{"href":"https:\/\/oqitop.com\/es\/wp-json\/wp\/v2\/media?parent=3465"}],"wp:term":[{"taxonomy":"post_tag","embeddable":true,"href":"https:\/\/oqitop.com\/es\/wp-json\/wp\/v2\/tags?post=3465"},{"taxonomy":"products","embeddable":true,"href":"https:\/\/oqitop.com\/es\/wp-json\/wp\/v2\/products?post=3465"}],"curies":[{"name":"wp","href":"https:\/\/api.w.org\/{rel}","templated":true}]}}