 {"id":3525,"date":"2025-12-13T21:11:16","date_gmt":"2025-12-13T13:11:16","guid":{"rendered":"https:\/\/oqitop.com\/?post_type=product&#038;p=3525"},"modified":"2026-01-14T17:10:23","modified_gmt":"2026-01-14T09:10:23","slug":"high-temperature-resistant-fireproof-fiber-mat-marine-soluble-fiber-felt-factory","status":"publish","type":"product","link":"https:\/\/oqitop.com\/es\/product\/high-temperature-resistant-fireproof-fiber-mat-marine-soluble-fiber-felt-factory\/","title":{"rendered":"Fieltro de fibra soluble marina resistente al fuego de alta temperatura Mat f\u00e1brica"},"content":{"rendered":"<h4 style=\"text-align: center;\"><span style=\"color: #ff0000;\">Fieltro de fibra soluble marina resistente al fuego de alta temperatura Mat f\u00e1brica<\/span><\/h4>\n<p><iframe src=\"https:\/\/www.youtube.com\/embed\/6XUnksbmDAc?rel=0\" allowfullscreen=\"allowfullscreen\" data-mce-fragment=\"1\"><\/iframe><\/p>\n<p><b><strong>Introducci\u00f3n<\/strong><\/b><\/p>\n<p><b><strong><a href=\"https:\/\/oqitop.com\/es\/productos\/metal-felt\/fieltro-de-silicato-de-alumina\/\">Fieltro de silicato de aluminio<\/a><\/strong><\/b>\u00a0Est\u00e1 fabricado principalmente con algod\u00f3n aislante resistente al fuego, siendo la resistencia a altas temperaturas su principal prioridad. Los colores son principalmente blanco y blanco azulado, y se produce mediante m\u00faltiples procedimientos, como calcinaci\u00f3n a alta temperatura, fusi\u00f3n, pulverizaci\u00f3n, pulverizaci\u00f3n de pegamento, hilado y moldeado a temperaturas superiores a 1300 \u2103. Se utiliza principalmente como material aislante y refractario para equipos de tuber\u00edas en acer\u00edas, centrales el\u00e9ctricas, petr\u00f3leo, petroqu\u00edmica, fundici\u00f3n, calderas, plantas de fertilizantes y centrales t\u00e9rmicas. La manta punzonada de silicato de aluminio tiene una textura suave, baja densidad, baja conductividad t\u00e9rmica, buen rendimiento impermeable, buena resistencia a \u00e1cidos y \u00e1lcalis, alta temperatura de funcionamiento, no es t\u00f3xica y no contamina.<\/p>\n<p><b><strong>Caracter\u00edsticas del producto<\/strong><\/b><br \/>\n\u25ce Respetuoso con el medio ambiente<br \/>\n\u25ce Propiedades ign\u00edfugas seguras y eficaces.<br \/>\n\u25ce No genera humo.<br \/>\n\u25ce Textura suave<br \/>\n\u25ce Ligero por naturaleza<br \/>\n\u25ce Absorci\u00f3n ac\u00fastica<\/p>\n<p><b><strong>Dimensiones<\/strong><\/b><\/p>\n<div class=\"table-responsive\">\n<table>\n<tbody>\n<tr>\n<td width=\"175\">10 mm \u00d7 0,61 m \u00d7 15 m<\/td>\n<td width=\"175\">20 mm*0,61 m*7,2 m<\/td>\n<td width=\"263\">30 mm*0,61 m*5 m<\/td>\n<\/tr>\n<tr>\n<td width=\"175\">30 mm*0,61 m*5 m<\/td>\n<td width=\"175\">40 mm \u00d7 0,61 m \u00d7 3,6 m<\/td>\n<td width=\"263\">50 mm \u00d7 0,61 m \u00d7 15 m<\/td>\n<\/tr>\n<tr>\n<td colspan=\"3\" width=\"614\"><b><strong>El tama\u00f1o se puede personalizar.<\/strong><\/b><\/td>\n<\/tr>\n<\/tbody>\n<\/table>\n<\/div>\n<p><b><strong>Para personalizar diversos tipos de fieltro de fibra, haga clic aqu\u00ed.<\/strong><\/b><b><strong>Haga clic en la imagen siguiente para obtener m\u00e1s detalles:<\/strong><\/b><\/p>\n<div class=\"table-responsive\">\n<table>\n<tbody>\n<tr>\n<td width=\"33%\">&nbsp;<\/p>\n<figure id=\"attachment_3385\" class=\"wp-caption aligncenter\" aria-describedby=\"caption-attachment-3385\"><a href=\"https:\/\/oqitop.com\/es\/productos\/metal-felt\/fieltro-de-silicato-de-alumina\/\"><img fetchpriority=\"high\" decoding=\"async\" class=\"size-medium wp-image-3385\" title=\"Fieltro de fibra de titanio Ti de alta calidad para investigaci\u00f3n de laboratorio 3\" src=\"https:\/\/oqitop.com\/wp-content\/uploads\/2025\/12\/11-20-300x300.jpg\" sizes=\"(max-width: 300px) 100vw, 300px\" srcset=\"https:\/\/oqitop.com\/wp-content\/uploads\/2025\/12\/11-20-300x300.jpg 300w, https:\/\/oqitop.com\/wp-content\/uploads\/2025\/12\/11-20-150x150.jpg 150w, https:\/\/oqitop.com\/wp-content\/uploads\/2025\/12\/11-20-768x768.jpg 768w, https:\/\/oqitop.com\/wp-content\/uploads\/2025\/12\/11-20.jpg 800w\" alt=\"\" width=\"300\" height=\"300\" \/><\/a><figcaption id=\"caption-attachment-3385\" class=\"wp-caption-text\"><a href=\"https:\/\/oqitop.com\/es\/productos\/metal-felt\/fieltro-de-silicato-de-alumina\/\">Fieltro de silicato de al\u00famina<\/a><\/figcaption><\/figure>\n<\/td>\n<td width=\"33%\">&nbsp;<\/p>\n<figure id=\"attachment_3386\" class=\"wp-caption aligncenter\" aria-describedby=\"caption-attachment-3386\"><a href=\"https:\/\/oqitop.com\/es\/productos\/metal-felt\/fieltro-de-titanio\/\"><img decoding=\"async\" class=\"wp-image-3386 size-medium\" title=\"Fieltro de fibra de titanio Ti de alta calidad para investigaci\u00f3n de laboratorio 4\" src=\"https:\/\/oqitop.com\/wp-content\/uploads\/2025\/12\/22-10-300x300.jpg\" sizes=\"(max-width: 300px) 100vw, 300px\" srcset=\"https:\/\/oqitop.com\/wp-content\/uploads\/2025\/12\/22-10-300x300.jpg 300w, https:\/\/oqitop.com\/wp-content\/uploads\/2025\/12\/22-10-150x150.jpg 150w, https:\/\/oqitop.com\/wp-content\/uploads\/2025\/12\/22-10-768x768.jpg 768w, https:\/\/oqitop.com\/wp-content\/uploads\/2025\/12\/22-10.jpg 800w\" alt=\"\" width=\"300\" height=\"300\" \/><\/a><figcaption id=\"caption-attachment-3386\" class=\"wp-caption-text\"><a href=\"https:\/\/oqitop.com\/es\/productos\/metal-felt\/fieltro-de-titanio\/\">Fieltro de titanio<\/a><\/figcaption><\/figure>\n<\/td>\n<td width=\"33%\">&nbsp;<\/p>\n<figure id=\"attachment_3387\" class=\"wp-caption aligncenter\" aria-describedby=\"caption-attachment-3387\"><a href=\"https:\/\/oqitop.com\/es\/productos\/metal-felt\/fieltro-de-niquel\/\"><img decoding=\"async\" class=\"size-medium wp-image-3387\" title=\"Fieltro de fibra de titanio Ti de alta calidad para investigaci\u00f3n de laboratorio 5\" src=\"https:\/\/oqitop.com\/wp-content\/uploads\/2025\/12\/33-7-300x300.jpg\" sizes=\"(max-width: 300px) 100vw, 300px\" srcset=\"https:\/\/oqitop.com\/wp-content\/uploads\/2025\/12\/33-7-300x300.jpg 300w, https:\/\/oqitop.com\/wp-content\/uploads\/2025\/12\/33-7-150x150.jpg 150w, https:\/\/oqitop.com\/wp-content\/uploads\/2025\/12\/33-7-768x768.jpg 768w, https:\/\/oqitop.com\/wp-content\/uploads\/2025\/12\/33-7.jpg 800w\" alt=\"\" width=\"300\" height=\"300\" \/><\/a><figcaption id=\"caption-attachment-3387\" class=\"wp-caption-text\"><a href=\"https:\/\/oqitop.com\/es\/productos\/metal-felt\/fieltro-de-niquel\/\">Fieltro de n\u00edquel<\/a><\/figcaption><\/figure>\n<\/td>\n<\/tr>\n<tr>\n<td width=\"33%\">&nbsp;<\/p>\n<figure id=\"attachment_3388\" class=\"wp-caption aligncenter\" aria-describedby=\"caption-attachment-3388\"><a href=\"https:\/\/oqitop.com\/es\/productos\/metal-felt\/carbon-felt\/\"><img loading=\"lazy\" decoding=\"async\" class=\"size-medium wp-image-3388\" title=\"Fieltro de fibra de titanio Ti de alta calidad para investigaci\u00f3n de laboratorio 6\" src=\"https:\/\/oqitop.com\/wp-content\/uploads\/2025\/12\/44-300x300.png\" sizes=\"(max-width: 300px) 100vw, 300px\" srcset=\"https:\/\/oqitop.com\/wp-content\/uploads\/2025\/12\/44-300x300.png 300w, https:\/\/oqitop.com\/wp-content\/uploads\/2025\/12\/44-150x150.png 150w, https:\/\/oqitop.com\/wp-content\/uploads\/2025\/12\/44-768x768.png 768w, https:\/\/oqitop.com\/wp-content\/uploads\/2025\/12\/44.png 800w\" alt=\"\" width=\"300\" height=\"300\" \/><\/a><figcaption id=\"caption-attachment-3388\" class=\"wp-caption-text\"><a href=\"https:\/\/oqitop.com\/es\/productos\/metal-felt\/carbon-felt\/\">Fieltro de carbono<\/a><\/figcaption><\/figure>\n<\/td>\n<td width=\"33%\">&nbsp;<\/p>\n<figure id=\"attachment_3389\" class=\"wp-caption aligncenter\" aria-describedby=\"caption-attachment-3389\"><a href=\"https:\/\/oqitop.com\/es\/productos\/metal-felt\/preoxidized-felt\/\"><img loading=\"lazy\" decoding=\"async\" class=\"size-medium wp-image-3389\" title=\"Fieltro de fibra de titanio Ti de alta calidad para investigaci\u00f3n de laboratorio 7\" src=\"https:\/\/oqitop.com\/wp-content\/uploads\/2025\/12\/55-3-300x300.jpg\" sizes=\"(max-width: 300px) 100vw, 300px\" srcset=\"https:\/\/oqitop.com\/wp-content\/uploads\/2025\/12\/55-3-300x300.jpg 300w, https:\/\/oqitop.com\/wp-content\/uploads\/2025\/12\/55-3-150x150.jpg 150w, https:\/\/oqitop.com\/wp-content\/uploads\/2025\/12\/55-3-768x768.jpg 768w, https:\/\/oqitop.com\/wp-content\/uploads\/2025\/12\/55-3.jpg 800w\" alt=\"\" width=\"300\" height=\"300\" \/><\/a><figcaption id=\"caption-attachment-3389\" class=\"wp-caption-text\"><a href=\"https:\/\/oqitop.com\/es\/productos\/metal-felt\/preoxidized-felt\/\">Fieltro preoxidado<\/a><\/figcaption><\/figure>\n<\/td>\n<td width=\"33%\">&nbsp;<\/p>\n<figure id=\"attachment_3390\" class=\"wp-caption aligncenter\" aria-describedby=\"caption-attachment-3390\"><a href=\"https:\/\/oqitop.com\/es\/productos\/metal-felt\/stainless-steel-felt\/\"><img loading=\"lazy\" decoding=\"async\" class=\"size-medium wp-image-3390\" title=\"Fieltro de fibra de titanio Ti de alta calidad para investigaci\u00f3n de laboratorio 8\" src=\"https:\/\/oqitop.com\/wp-content\/uploads\/2025\/12\/66-300x300.jpg\" sizes=\"(max-width: 300px) 100vw, 300px\" srcset=\"https:\/\/oqitop.com\/wp-content\/uploads\/2025\/12\/66-300x300.jpg 300w, https:\/\/oqitop.com\/wp-content\/uploads\/2025\/12\/66-150x150.jpg 150w, https:\/\/oqitop.com\/wp-content\/uploads\/2025\/12\/66-768x768.jpg 768w, https:\/\/oqitop.com\/wp-content\/uploads\/2025\/12\/66.jpg 800w\" alt=\"\" width=\"300\" height=\"300\" \/><\/a><figcaption id=\"caption-attachment-3390\" class=\"wp-caption-text\"><a href=\"https:\/\/oqitop.com\/es\/productos\/metal-felt\/stainless-steel-felt\/\">Fieltro de acero inoxidable<\/a><\/figcaption><\/figure>\n<\/td>\n<\/tr>\n<\/tbody>\n<\/table>\n<\/div>\n<p><img loading=\"lazy\" decoding=\"async\" class=\"aligncenter size-full wp-image-3517\" title=\"Manta agujereada de s\u00edlice-al\u00famina Fieltro enrollado de silicato de al\u00famina para altas temperaturas 1\" src=\"https:\/\/oqitop.com\/wp-content\/uploads\/2025\/12\/11-21.jpg\" sizes=\"(max-width: 1024px) 100vw, 1024px\" srcset=\"https:\/\/oqitop.com\/wp-content\/uploads\/2025\/12\/11-21.jpg 1024w, https:\/\/oqitop.com\/wp-content\/uploads\/2025\/12\/11-21-300x240.jpg 300w, https:\/\/oqitop.com\/wp-content\/uploads\/2025\/12\/11-21-768x614.jpg 768w\" alt=\"\" width=\"1024\" height=\"819\" \/><img loading=\"lazy\" decoding=\"async\" class=\"aligncenter size-full wp-image-3518\" title=\"Manta agujereada de s\u00edlice-al\u00famina Fieltro enrollado de silicato de al\u00famina para altas temperaturas 2\" src=\"https:\/\/oqitop.com\/wp-content\/uploads\/2025\/12\/22-11.jpg\" sizes=\"(max-width: 1024px) 100vw, 1024px\" srcset=\"https:\/\/oqitop.com\/wp-content\/uploads\/2025\/12\/22-11.jpg 1024w, https:\/\/oqitop.com\/wp-content\/uploads\/2025\/12\/22-11-267x300.jpg 267w, https:\/\/oqitop.com\/wp-content\/uploads\/2025\/12\/22-11-910x1024.jpg 910w, https:\/\/oqitop.com\/wp-content\/uploads\/2025\/12\/22-11-768x864.jpg 768w\" alt=\"\" width=\"1024\" height=\"1152\" \/><img loading=\"lazy\" decoding=\"async\" class=\"aligncenter size-full wp-image-3519\" title=\"Manta agujereada de s\u00edlice-al\u00famina Fieltro enrollado de silicato de al\u00famina para altas temperaturas 3\" src=\"https:\/\/oqitop.com\/wp-content\/uploads\/2025\/12\/55555-11-1.jpg\" sizes=\"(max-width: 1024px) 100vw, 1024px\" srcset=\"https:\/\/oqitop.com\/wp-content\/uploads\/2025\/12\/55555-11-1.jpg 1024w, https:\/\/oqitop.com\/wp-content\/uploads\/2025\/12\/55555-11-1-300x198.jpg 300w, https:\/\/oqitop.com\/wp-content\/uploads\/2025\/12\/55555-11-1-768x508.jpg 768w\" alt=\"\" width=\"1024\" height=\"677\" \/><\/p>","protected":false},"featured_media":3526,"template":"","meta":{"_acf_changed":false,"site-sidebar-layout":"default","site-content-layout":"","ast-site-content-layout":"default","site-content-style":"default","site-sidebar-style":"default","ast-global-header-display":"","ast-banner-title-visibility":"","ast-main-header-display":"","ast-hfb-above-header-display":"","ast-hfb-below-header-display":"","ast-hfb-mobile-header-display":"","site-post-title":"","ast-breadcrumbs-content":"","ast-featured-img":"","footer-sml-layout":"","theme-transparent-header-meta":"default","adv-header-id-meta":"","stick-header-meta":"default","header-above-stick-meta":"","header-main-stick-meta":"","header-below-stick-meta":"","astra-migrate-meta-layouts":"set","ast-page-background-enabled":"default","ast-page-background-meta":{"desktop":{"background-color":"var(--ast-global-color-4)","background-image":"","background-repeat":"repeat","background-position":"center center","background-size":"auto","background-attachment":"scroll","background-type":"","background-media":"","overlay-type":"","overlay-color":"","overlay-opacity":"","overlay-gradient":""},"tablet":{"background-color":"","background-image":"","background-repeat":"repeat","background-position":"center center","background-size":"auto","background-attachment":"scroll","background-type":"","background-media":"","overlay-type":"","overlay-color":"","overlay-opacity":"","overlay-gradient":""},"mobile":{"background-color":"","background-image":"","background-repeat":"repeat","background-position":"center center","background-size":"auto","background-attachment":"scroll","background-type":"","background-media":"","overlay-type":"","overlay-color":"","overlay-opacity":"","overlay-gradient":""}},"ast-content-background-meta":{"desktop":{"background-color":"var(--ast-global-color-5)","background-image":"","background-repeat":"repeat","background-position":"center center","background-size":"auto","background-attachment":"scroll","background-type":"","background-media":"","overlay-type":"","overlay-color":"","overlay-opacity":"","overlay-gradient":""},"tablet":{"background-color":"var(--ast-global-color-5)","background-image":"","background-repeat":"repeat","background-position":"center center","background-size":"auto","background-attachment":"scroll","background-type":"","background-media":"","overlay-type":"","overlay-color":"","overlay-opacity":"","overlay-gradient":""},"mobile":{"background-color":"var(--ast-global-color-5)","background-image":"","background-repeat":"repeat","background-position":"center center","background-size":"auto","background-attachment":"scroll","background-type":"","background-media":"","overlay-type":"","overlay-color":"","overlay-opacity":"","overlay-gradient":""}}},"tags":[],"products":[220,216],"class_list":["post-3525","product","type-product","status-publish","has-post-thumbnail","hentry","products-alumina-silicate-felt","products-metal-felt"],"acf":[],"_links":{"self":[{"href":"https:\/\/oqitop.com\/es\/wp-json\/wp\/v2\/product\/3525","targetHints":{"allow":["GET"]}}],"collection":[{"href":"https:\/\/oqitop.com\/es\/wp-json\/wp\/v2\/product"}],"about":[{"href":"https:\/\/oqitop.com\/es\/wp-json\/wp\/v2\/types\/product"}],"wp:featuredmedia":[{"embeddable":true,"href":"https:\/\/oqitop.com\/es\/wp-json\/wp\/v2\/media\/3526"}],"wp:attachment":[{"href":"https:\/\/oqitop.com\/es\/wp-json\/wp\/v2\/media?parent=3525"}],"wp:term":[{"taxonomy":"post_tag","embeddable":true,"href":"https:\/\/oqitop.com\/es\/wp-json\/wp\/v2\/tags?post=3525"},{"taxonomy":"products","embeddable":true,"href":"https:\/\/oqitop.com\/es\/wp-json\/wp\/v2\/products?post=3525"}],"curies":[{"name":"wp","href":"https:\/\/api.w.org\/{rel}","templated":true}]}}