 {"id":3549,"date":"2025-12-13T22:24:42","date_gmt":"2025-12-13T14:24:42","guid":{"rendered":"https:\/\/oqitop.com\/?post_type=product&#038;p=3549"},"modified":"2026-01-14T17:15:17","modified_gmt":"2026-01-14T09:15:17","slug":"customizable-size-thermal-insulation-pre-oxidized-fiber-felt-blanket-available","status":"publish","type":"product","link":"https:\/\/oqitop.com\/es\/product\/customizable-size-thermal-insulation-pre-oxidized-fiber-felt-blanket-available\/","title":{"rendered":"Customizable Size Thermal Insulation Pre Oxidized Fiber Felt Blanket Available"},"content":{"rendered":"<p style=\"text-align: center;\"><strong><span style=\"color: #ff0000;\">Customizable Size Thermal Insulation Pre Oxidized Fiber Felt Blanket Available<\/span><\/strong><\/p>\n<p>&nbsp;<\/p>\n<p><iframe src=\"https:\/\/www.youtube.com\/embed\/2F9KZULfWbQ?rel=0\" allowfullscreen=\"allowfullscreen\" data-mce-fragment=\"1\"><\/iframe><\/p>\n<p><b><strong>Introducci\u00f3n<\/strong><\/b><\/p>\n<p><a href=\"https:\/\/oqitop.com\/es\/productos\/metal-felt\/preoxidized-felt\/\"><b><strong>Fibra preoxidada<\/strong><\/b><\/a>\u00a0o seda preoxidada se fabrica con resina de polipropileno y se somete a un tratamiento de estabilizaci\u00f3n t\u00e9rmica a alta temperatura.<\/p>\n<p><b><strong>Aplicaciones<\/strong><\/b><br \/>\nLas fibras de carbono tienen una gran resistencia axial y m\u00f3dulo, buena resistencia a la fatiga, bajo coeficiente de expansi\u00f3n t\u00e9rmica, excelente resistencia a la corrosi\u00f3n y baja densidad de fibras. Los compuestos reforzados con fibra de carbono pueden utilizarse para materiales estructurales de aeronaves, materiales de blindaje electromagn\u00e9tico y aislamiento el\u00e9ctrico, ligamentos artificiales y materiales de sustituci\u00f3n corporal, as\u00ed como para fabricar carcasas de cohetes, lanchas motoras, robots industriales, ballestas de autom\u00f3viles y ejes de transmisi\u00f3n, entre otras aplicaciones. La fibra de carbono se utiliza en los sectores civil, arquitect\u00f3nico, qu\u00edmico, industrial y aeroespacial, entre otros.<\/p>\n<p><b><strong>Caracter\u00edsticas<\/strong><\/b><br \/>\n1. Tiene una alta resistencia a la llama, con un \u00edndice de ox\u00edgeno limitante superior a 45%. Presenta una excelente estabilidad t\u00e9rmica, sin que la fibra se funda, reblandezca, encoja o gotee durante la combusti\u00f3n. Est\u00e1 clasificado como un producto casi no inflamable y ofrece un buen aislamiento t\u00e9rmico, resistencia a la corrosi\u00f3n, resistencia qu\u00edmica y resistencia a la radiaci\u00f3n. Tambi\u00e9n posee propiedades adecuadas para el procesamiento textil, con caracter\u00edsticas de ligereza, suavidad y buena absorci\u00f3n de agua.<br \/>\n2. El fieltro de fibra preoxidado se fabrica a partir de seda cruda de resina de polipropileno, que se somete a un tratamiento de alta temperatura a 250-280\u00b0C. Tiene un grosor que oscila entre 1,5 y 15 mm. Es una capa protectora exterior ideal para personas y objetos que deben mantenerse alejados de fuentes de calor. El fieltro de fibra preoxidado es resistente a las llamas, no envejece ni se encoge aunque se trabaje continuamente a 300 grados Celsius, y no arde a 1000 grados Celsius.<\/p>\n<h4><b><strong>Dimensiones<\/strong><\/b><\/h4>\n<div class=\"table-responsive\">\n<table>\n<tbody>\n<tr>\n<td width=\"32%\">3mm*100mm*100mm<\/td>\n<td width=\"32%\">5mm*100mm*100mm<\/td>\n<td width=\"34%\">10mm*100mm*100mm<\/td>\n<\/tr>\n<tr>\n<td colspan=\"3\" width=\"100%\"><b><strong>El tama\u00f1o se puede personalizar.<\/strong><\/b><\/td>\n<\/tr>\n<\/tbody>\n<\/table>\n<\/div>\n<p><b><strong>Para personalizar diversos tipos de fieltro de fibra, haga clic aqu\u00ed.<\/strong><\/b><b><strong>Haga clic en la imagen siguiente para obtener m\u00e1s detalles:<\/strong><\/b><\/p>\n<div class=\"table-responsive\">\n<table>\n<tbody>\n<tr>\n<td width=\"33%\">&nbsp;<\/p>\n<figure id=\"attachment_3385\" class=\"wp-caption aligncenter\" aria-describedby=\"caption-attachment-3385\"><a href=\"https:\/\/oqitop.com\/es\/productos\/metal-felt\/fieltro-de-silicato-de-alumina\/\"><img fetchpriority=\"high\" decoding=\"async\" class=\"size-medium wp-image-3385\" title=\"Fieltro de fibra de titanio Ti de alta calidad para investigaci\u00f3n de laboratorio 3\" src=\"https:\/\/oqitop.com\/wp-content\/uploads\/2025\/12\/11-20-300x300.jpg\" sizes=\"(max-width: 300px) 100vw, 300px\" srcset=\"https:\/\/oqitop.com\/wp-content\/uploads\/2025\/12\/11-20-300x300.jpg 300w, https:\/\/oqitop.com\/wp-content\/uploads\/2025\/12\/11-20-150x150.jpg 150w, https:\/\/oqitop.com\/wp-content\/uploads\/2025\/12\/11-20-768x768.jpg 768w, https:\/\/oqitop.com\/wp-content\/uploads\/2025\/12\/11-20.jpg 800w\" alt=\"\" width=\"300\" height=\"300\" \/><\/a><figcaption id=\"caption-attachment-3385\" class=\"wp-caption-text\"><a href=\"https:\/\/oqitop.com\/es\/productos\/metal-felt\/fieltro-de-silicato-de-alumina\/\">Fieltro de silicato de al\u00famina<\/a><\/figcaption><\/figure>\n<\/td>\n<td width=\"33%\">&nbsp;<\/p>\n<figure id=\"attachment_3386\" class=\"wp-caption aligncenter\" aria-describedby=\"caption-attachment-3386\"><a href=\"https:\/\/oqitop.com\/es\/productos\/metal-felt\/fieltro-de-titanio\/\"><img decoding=\"async\" class=\"wp-image-3386 size-medium\" title=\"Fieltro de fibra de titanio Ti de alta calidad para investigaci\u00f3n de laboratorio 4\" src=\"https:\/\/oqitop.com\/wp-content\/uploads\/2025\/12\/22-10-300x300.jpg\" sizes=\"(max-width: 300px) 100vw, 300px\" srcset=\"https:\/\/oqitop.com\/wp-content\/uploads\/2025\/12\/22-10-300x300.jpg 300w, https:\/\/oqitop.com\/wp-content\/uploads\/2025\/12\/22-10-150x150.jpg 150w, https:\/\/oqitop.com\/wp-content\/uploads\/2025\/12\/22-10-768x768.jpg 768w, https:\/\/oqitop.com\/wp-content\/uploads\/2025\/12\/22-10.jpg 800w\" alt=\"\" width=\"300\" height=\"300\" \/><\/a><figcaption id=\"caption-attachment-3386\" class=\"wp-caption-text\"><a href=\"https:\/\/oqitop.com\/es\/productos\/metal-felt\/fieltro-de-titanio\/\">Fieltro de titanio<\/a><\/figcaption><\/figure>\n<\/td>\n<td width=\"33%\">&nbsp;<\/p>\n<figure id=\"attachment_3387\" class=\"wp-caption aligncenter\" aria-describedby=\"caption-attachment-3387\"><a href=\"https:\/\/oqitop.com\/es\/productos\/metal-felt\/fieltro-de-niquel\/\"><img decoding=\"async\" class=\"size-medium wp-image-3387\" title=\"Fieltro de fibra de titanio Ti de alta calidad para investigaci\u00f3n de laboratorio 5\" src=\"https:\/\/oqitop.com\/wp-content\/uploads\/2025\/12\/33-7-300x300.jpg\" sizes=\"(max-width: 300px) 100vw, 300px\" srcset=\"https:\/\/oqitop.com\/wp-content\/uploads\/2025\/12\/33-7-300x300.jpg 300w, https:\/\/oqitop.com\/wp-content\/uploads\/2025\/12\/33-7-150x150.jpg 150w, https:\/\/oqitop.com\/wp-content\/uploads\/2025\/12\/33-7-768x768.jpg 768w, https:\/\/oqitop.com\/wp-content\/uploads\/2025\/12\/33-7.jpg 800w\" alt=\"\" width=\"300\" height=\"300\" \/><\/a><figcaption id=\"caption-attachment-3387\" class=\"wp-caption-text\"><a href=\"https:\/\/oqitop.com\/es\/productos\/metal-felt\/fieltro-de-niquel\/\">Fieltro de n\u00edquel<\/a><\/figcaption><\/figure>\n<\/td>\n<\/tr>\n<tr>\n<td width=\"33%\">&nbsp;<\/p>\n<figure id=\"attachment_3388\" class=\"wp-caption aligncenter\" aria-describedby=\"caption-attachment-3388\"><a href=\"https:\/\/oqitop.com\/es\/productos\/metal-felt\/carbon-felt\/\"><img loading=\"lazy\" decoding=\"async\" class=\"size-medium wp-image-3388\" title=\"Fieltro de fibra de titanio Ti de alta calidad para investigaci\u00f3n de laboratorio 6\" src=\"https:\/\/oqitop.com\/wp-content\/uploads\/2025\/12\/44-300x300.png\" sizes=\"(max-width: 300px) 100vw, 300px\" srcset=\"https:\/\/oqitop.com\/wp-content\/uploads\/2025\/12\/44-300x300.png 300w, https:\/\/oqitop.com\/wp-content\/uploads\/2025\/12\/44-150x150.png 150w, https:\/\/oqitop.com\/wp-content\/uploads\/2025\/12\/44-768x768.png 768w, https:\/\/oqitop.com\/wp-content\/uploads\/2025\/12\/44.png 800w\" alt=\"\" width=\"300\" height=\"300\" \/><\/a><figcaption id=\"caption-attachment-3388\" class=\"wp-caption-text\"><a href=\"https:\/\/oqitop.com\/es\/productos\/metal-felt\/carbon-felt\/\">Fieltro de carbono<\/a><\/figcaption><\/figure>\n<\/td>\n<td width=\"33%\">&nbsp;<\/p>\n<figure id=\"attachment_3389\" class=\"wp-caption aligncenter\" aria-describedby=\"caption-attachment-3389\"><a href=\"https:\/\/oqitop.com\/es\/productos\/metal-felt\/preoxidized-felt\/\"><img loading=\"lazy\" decoding=\"async\" class=\"size-medium wp-image-3389\" title=\"Fieltro de fibra de titanio Ti de alta calidad para investigaci\u00f3n de laboratorio 7\" src=\"https:\/\/oqitop.com\/wp-content\/uploads\/2025\/12\/55-3-300x300.jpg\" sizes=\"(max-width: 300px) 100vw, 300px\" srcset=\"https:\/\/oqitop.com\/wp-content\/uploads\/2025\/12\/55-3-300x300.jpg 300w, https:\/\/oqitop.com\/wp-content\/uploads\/2025\/12\/55-3-150x150.jpg 150w, https:\/\/oqitop.com\/wp-content\/uploads\/2025\/12\/55-3-768x768.jpg 768w, https:\/\/oqitop.com\/wp-content\/uploads\/2025\/12\/55-3.jpg 800w\" alt=\"\" width=\"300\" height=\"300\" \/><\/a><figcaption id=\"caption-attachment-3389\" class=\"wp-caption-text\"><a href=\"https:\/\/oqitop.com\/es\/productos\/metal-felt\/preoxidized-felt\/\">Fieltro preoxidado<\/a><\/figcaption><\/figure>\n<\/td>\n<td width=\"33%\">&nbsp;<\/p>\n<figure id=\"attachment_3390\" class=\"wp-caption aligncenter\" aria-describedby=\"caption-attachment-3390\"><a href=\"https:\/\/oqitop.com\/es\/productos\/metal-felt\/stainless-steel-felt\/\"><img loading=\"lazy\" decoding=\"async\" class=\"size-medium wp-image-3390\" title=\"Fieltro de fibra de titanio Ti de alta calidad para investigaci\u00f3n de laboratorio 8\" src=\"https:\/\/oqitop.com\/wp-content\/uploads\/2025\/12\/66-300x300.jpg\" sizes=\"(max-width: 300px) 100vw, 300px\" srcset=\"https:\/\/oqitop.com\/wp-content\/uploads\/2025\/12\/66-300x300.jpg 300w, https:\/\/oqitop.com\/wp-content\/uploads\/2025\/12\/66-150x150.jpg 150w, https:\/\/oqitop.com\/wp-content\/uploads\/2025\/12\/66-768x768.jpg 768w, https:\/\/oqitop.com\/wp-content\/uploads\/2025\/12\/66.jpg 800w\" alt=\"\" width=\"300\" height=\"300\" \/><\/a><figcaption id=\"caption-attachment-3390\" class=\"wp-caption-text\"><a href=\"https:\/\/oqitop.com\/es\/productos\/metal-felt\/stainless-steel-felt\/\">Fieltro de acero inoxidable<\/a><\/figcaption><\/figure>\n<\/td>\n<\/tr>\n<\/tbody>\n<\/table>\n<\/div>\n<p><img loading=\"lazy\" decoding=\"async\" class=\"aligncenter size-full wp-image-3546\" title=\"Fibra preoxidada - Resistente a la perforaci\u00f3n Resistente a altas temperaturas Ign\u00edfugo Aislamiento t\u00e9rmico Fieltro punzonado 1\" src=\"https:\/\/oqitop.com\/wp-content\/uploads\/2025\/12\/11111-10.jpg\" sizes=\"(max-width: 1024px) 100vw, 1024px\" srcset=\"https:\/\/oqitop.com\/wp-content\/uploads\/2025\/12\/11111-10.jpg 1024w, https:\/\/oqitop.com\/wp-content\/uploads\/2025\/12\/11111-10-300x167.jpg 300w, https:\/\/oqitop.com\/wp-content\/uploads\/2025\/12\/11111-10-768x428.jpg 768w\" alt=\"\" width=\"1024\" height=\"571\" \/><img loading=\"lazy\" decoding=\"async\" class=\"aligncenter size-full wp-image-3547\" title=\"Fibra preoxidada - Resistente a la perforaci\u00f3n Resistente a altas temperaturas Ign\u00edfugo Aislamiento t\u00e9rmico Fieltro punzonado 2\" src=\"https:\/\/oqitop.com\/wp-content\/uploads\/2025\/12\/22222222.jpg\" sizes=\"(max-width: 1024px) 100vw, 1024px\" srcset=\"https:\/\/oqitop.com\/wp-content\/uploads\/2025\/12\/22222222.jpg 1024w, https:\/\/oqitop.com\/wp-content\/uploads\/2025\/12\/22222222-300x185.jpg 300w, https:\/\/oqitop.com\/wp-content\/uploads\/2025\/12\/22222222-768x474.jpg 768w\" alt=\"\" width=\"1024\" height=\"632\" \/><img loading=\"lazy\" decoding=\"async\" class=\"aligncenter size-full wp-image-3548\" title=\"Fibra preoxidada - Resistente a la perforaci\u00f3n Resistente a altas temperaturas Ign\u00edfugo Aislamiento t\u00e9rmico Fieltro punzonado 3\" src=\"https:\/\/oqitop.com\/wp-content\/uploads\/2025\/12\/55555-11-2.jpg\" sizes=\"(max-width: 1024px) 100vw, 1024px\" srcset=\"https:\/\/oqitop.com\/wp-content\/uploads\/2025\/12\/55555-11-2.jpg 1024w, https:\/\/oqitop.com\/wp-content\/uploads\/2025\/12\/55555-11-2-300x198.jpg 300w, https:\/\/oqitop.com\/wp-content\/uploads\/2025\/12\/55555-11-2-768x508.jpg 768w\" alt=\"\" width=\"1024\" height=\"677\" \/><\/p>","protected":false},"featured_media":3550,"template":"","meta":{"_acf_changed":false,"site-sidebar-layout":"default","site-content-layout":"","ast-site-content-layout":"default","site-content-style":"default","site-sidebar-style":"default","ast-global-header-display":"","ast-banner-title-visibility":"","ast-main-header-display":"","ast-hfb-above-header-display":"","ast-hfb-below-header-display":"","ast-hfb-mobile-header-display":"","site-post-title":"","ast-breadcrumbs-content":"","ast-featured-img":"","footer-sml-layout":"","theme-transparent-header-meta":"default","adv-header-id-meta":"","stick-header-meta":"default","header-above-stick-meta":"","header-main-stick-meta":"","header-below-stick-meta":"","astra-migrate-meta-layouts":"set","ast-page-background-enabled":"default","ast-page-background-meta":{"desktop":{"background-color":"var(--ast-global-color-4)","background-image":"","background-repeat":"repeat","background-position":"center center","background-size":"auto","background-attachment":"scroll","background-type":"","background-media":"","overlay-type":"","overlay-color":"","overlay-opacity":"","overlay-gradient":""},"tablet":{"background-color":"","background-image":"","background-repeat":"repeat","background-position":"center center","background-size":"auto","background-attachment":"scroll","background-type":"","background-media":"","overlay-type":"","overlay-color":"","overlay-opacity":"","overlay-gradient":""},"mobile":{"background-color":"","background-image":"","background-repeat":"repeat","background-position":"center center","background-size":"auto","background-attachment":"scroll","background-type":"","background-media":"","overlay-type":"","overlay-color":"","overlay-opacity":"","overlay-gradient":""}},"ast-content-background-meta":{"desktop":{"background-color":"var(--ast-global-color-5)","background-image":"","background-repeat":"repeat","background-position":"center center","background-size":"auto","background-attachment":"scroll","background-type":"","background-media":"","overlay-type":"","overlay-color":"","overlay-opacity":"","overlay-gradient":""},"tablet":{"background-color":"var(--ast-global-color-5)","background-image":"","background-repeat":"repeat","background-position":"center center","background-size":"auto","background-attachment":"scroll","background-type":"","background-media":"","overlay-type":"","overlay-color":"","overlay-opacity":"","overlay-gradient":""},"mobile":{"background-color":"var(--ast-global-color-5)","background-image":"","background-repeat":"repeat","background-position":"center center","background-size":"auto","background-attachment":"scroll","background-type":"","background-media":"","overlay-type":"","overlay-color":"","overlay-opacity":"","overlay-gradient":""}}},"tags":[],"products":[216,221],"class_list":["post-3549","product","type-product","status-publish","has-post-thumbnail","hentry","products-metal-felt","products-preoxidized-felt"],"acf":[],"_links":{"self":[{"href":"https:\/\/oqitop.com\/es\/wp-json\/wp\/v2\/product\/3549","targetHints":{"allow":["GET"]}}],"collection":[{"href":"https:\/\/oqitop.com\/es\/wp-json\/wp\/v2\/product"}],"about":[{"href":"https:\/\/oqitop.com\/es\/wp-json\/wp\/v2\/types\/product"}],"wp:featuredmedia":[{"embeddable":true,"href":"https:\/\/oqitop.com\/es\/wp-json\/wp\/v2\/media\/3550"}],"wp:attachment":[{"href":"https:\/\/oqitop.com\/es\/wp-json\/wp\/v2\/media?parent=3549"}],"wp:term":[{"taxonomy":"post_tag","embeddable":true,"href":"https:\/\/oqitop.com\/es\/wp-json\/wp\/v2\/tags?post=3549"},{"taxonomy":"products","embeddable":true,"href":"https:\/\/oqitop.com\/es\/wp-json\/wp\/v2\/products?post=3549"}],"curies":[{"name":"wp","href":"https:\/\/api.w.org\/{rel}","templated":true}]}}