 {"id":3595,"date":"2025-12-14T20:10:56","date_gmt":"2025-12-14T12:10:56","guid":{"rendered":"https:\/\/oqitop.com\/?post_type=product&#038;p=3595"},"modified":"2026-01-14T17:21:22","modified_gmt":"2026-01-14T09:21:22","slug":"lamina-de-laton-resistente-a-la-corrosion-y-conductora-lamina-de-aleacion-de-cobre","status":"publish","type":"product","link":"https:\/\/oqitop.com\/es\/product\/lamina-de-laton-resistente-a-la-corrosion-y-conductora-lamina-de-aleacion-de-cobre\/","title":{"rendered":"L\u00e1mina de lat\u00f3n resistente a la corrosi\u00f3n y conductora L\u00e1mina de aleaci\u00f3n de cobre"},"content":{"rendered":"<h3 style=\"text-align: center;\"><span style=\"color: #ff0000;\">L\u00e1mina de lat\u00f3n resistente a la corrosi\u00f3n y conductora L\u00e1mina de aleaci\u00f3n de cobre<\/span><\/h3>\n<p><iframe src=\"https:\/\/www.youtube.com\/embed\/ns8oJrY6BK8?rel=0\" allowfullscreen=\"allowfullscreen\" data-mce-fragment=\"1\"><span data-mce-type=\"bookmark\" style=\"display: inline-block; width: 0px; overflow: hidden; line-height: 0;\" class=\"mce_SELRES_start\"><\/span><\/iframe><\/p>\n<p><strong>Caracter\u00edsticas de la l\u00e1mina de lat\u00f3n:<\/strong><br \/>\nComposici\u00f3n: La l\u00e1mina de lat\u00f3n se compone principalmente de cobre y zinc, con proporciones variables de estos metales para conseguir diferentes propiedades.<br \/>\nAspecto: Tiene un distintivo color dorado brillante debido a su contenido en cobre.<br \/>\nMaleabilidad: La l\u00e1mina de lat\u00f3n es muy maleable y puede formarse, doblarse y moldearse f\u00e1cilmente sin romperse.<br \/>\nResistencia a la corrosi\u00f3n: El contenido de zinc en el lat\u00f3n proporciona resistencia a la corrosi\u00f3n, por lo que es adecuado para diversos entornos.<br \/>\nConductividad: El lat\u00f3n tiene una conductividad el\u00e9ctrica y t\u00e9rmica relativamente buena, aunque no tan alta como el cobre puro.<br \/>\nDuctilidad: Su ductilidad lo hace adecuado para dise\u00f1os intrincados y artesan\u00eda fina.<br \/>\nVariaciones de aleaci\u00f3n: Se pueden crear diferentes composiciones de lat\u00f3n para mejorar cualidades espec\u00edficas como la dureza, el color o la trabajabilidad.<br \/>\nAcabado superficial: La l\u00e1mina de lat\u00f3n puede tener varios acabados, como pulido, cepillado o envejecido.<\/p>\n<p><strong>Aplicaciones de la l\u00e1mina de lat\u00f3n:<\/strong><br \/>\nArtesan\u00eda: La l\u00e1mina de lat\u00f3n se utiliza a menudo en artes decorativas y artesan\u00eda debido a su maleabilidad y color vibrante.<br \/>\nJoyer\u00eda: Es popular para hacer componentes de joyer\u00eda, como colgantes intrincados, dijes y acentos decorativos.<br \/>\nElectr\u00f3nica: La conductividad de la l\u00e1mina de lat\u00f3n la hace \u00fatil para aplicaciones como contactos y conectores el\u00e9ctricos.<br \/>\nInstrumentos musicales: Muchos instrumentos musicales, como trompetas y saxofones, utilizan componentes de lat\u00f3n debido a sus propiedades ac\u00fasticas.<br \/>\nGrabado: La l\u00e1mina de lat\u00f3n se utiliza en los procesos de grabado para crear aguafuertes y grabados.<br \/>\nGrabado en relieve y herramientas: Su maleabilidad lo hace adecuado para repujar y crear patrones decorativos en diversas superficies.<br \/>\nDetalles arquitect\u00f3nicos: La l\u00e1mina de lat\u00f3n se utiliza a menudo para detalles arquitect\u00f3nicos, como acentos ornamentales y molduras.<br \/>\nEnvasado: En algunos casos, la l\u00e1mina de lat\u00f3n se emplea para envases especiales o con fines de etiquetado.<br \/>\nRestauraci\u00f3n: Se utiliza en la restauraci\u00f3n de objetos antiguos, especialmente cuando es importante igualar el dise\u00f1o y el material originales.<br \/>\nAplicaciones t\u00e9rmicas: La conductividad t\u00e9rmica de la l\u00e1mina de lat\u00f3n la hace \u00fatil para disipadores de calor y barreras t\u00e9rmicas en dispositivos electr\u00f3nicos.<\/p>\n<p><b><strong>Para personalizar varias l\u00e1minas de metal, por favor haga clic en la imagen de abajo para m\u00e1s detalles\uff1a.<\/strong><\/b><\/p>\n<div class=\"table-responsive\">\n<table>\n<tbody>\n<tr>\n<td>&nbsp;<\/p>\n<figure id=\"attachment_3927\" class=\"wp-caption aligncenter\" aria-describedby=\"caption-attachment-3927\"><a href=\"https:\/\/oqitop.com\/es\/productos\/lamina-metalica\/copper-foil\/\"><img decoding=\"async\" class=\"size-thumbnail wp-image-3927\" title=\"L\u00e1mina de plata de alto rendimiento Conductividad L\u00e1mina met\u00e1lica de Ag L\u00e1mina de plata de alto rendimiento Conductividad L\u00e1mina met\u00e1lica de Ag 1\" src=\"https:\/\/oqitop.com\/wp-content\/uploads\/2025\/12\/Copper-Foil-1-150x150.jpg\" sizes=\"(max-width: 150px) 100vw, 150px\" srcset=\"https:\/\/oqitop.com\/wp-content\/uploads\/2025\/12\/Copper-Foil-1-150x150.jpg 150w, https:\/\/oqitop.com\/wp-content\/uploads\/2025\/12\/Copper-Foil-1.jpg 300w\" alt=\"\" width=\"150\" height=\"150\" \/><\/a><figcaption id=\"caption-attachment-3927\" class=\"wp-caption-text\"><a href=\"https:\/\/oqitop.com\/es\/productos\/lamina-metalica\/copper-foil\/\">L\u00e1mina de cobre<\/a><\/figcaption><\/figure>\n<\/td>\n<td>&nbsp;<\/p>\n<figure id=\"attachment_3928\" class=\"wp-caption aligncenter\" aria-describedby=\"caption-attachment-3928\"><a href=\"https:\/\/oqitop.com\/es\/productos\/lamina-metalica\/aluminum-foil\/\"><img decoding=\"async\" class=\"size-thumbnail wp-image-3928\" title=\"L\u00e1mina de plata de alto rendimiento Conductividad L\u00e1mina met\u00e1lica de Ag L\u00e1mina de plata de alto rendimiento Conductividad L\u00e1mina met\u00e1lica de Ag 2\" src=\"https:\/\/oqitop.com\/wp-content\/uploads\/2025\/12\/Aluminum-Foil-1-150x150.jpg\" sizes=\"(max-width: 150px) 100vw, 150px\" srcset=\"https:\/\/oqitop.com\/wp-content\/uploads\/2025\/12\/Aluminum-Foil-1-150x150.jpg 150w, https:\/\/oqitop.com\/wp-content\/uploads\/2025\/12\/Aluminum-Foil-1.jpg 300w\" alt=\"\" width=\"150\" height=\"150\" \/><\/a><figcaption id=\"caption-attachment-3928\" class=\"wp-caption-text\"><a href=\"https:\/\/oqitop.com\/es\/productos\/lamina-metalica\/aluminum-foil\/\">Papel de aluminio<\/a><\/figcaption><\/figure>\n<\/td>\n<td>&nbsp;<\/p>\n<figure id=\"attachment_3929\" class=\"wp-caption aligncenter\" aria-describedby=\"caption-attachment-3929\"><a href=\"https:\/\/oqitop.com\/es\/productos\/lamina-metalica\/lamina-de-acero-inoxidable\/\"><img decoding=\"async\" class=\"size-thumbnail wp-image-3929\" title=\"L\u00e1mina de plata de alto rendimiento Conductividad L\u00e1mina met\u00e1lica de Ag L\u00e1mina de plata de alto rendimiento Conductividad L\u00e1mina met\u00e1lica de Ag 3\" src=\"https:\/\/oqitop.com\/wp-content\/uploads\/2025\/12\/Stainless-Steel-Foil-150x150.jpg\" sizes=\"(max-width: 150px) 100vw, 150px\" srcset=\"https:\/\/oqitop.com\/wp-content\/uploads\/2025\/12\/Stainless-Steel-Foil-150x150.jpg 150w, https:\/\/oqitop.com\/wp-content\/uploads\/2025\/12\/Stainless-Steel-Foil.jpg 300w\" alt=\"\" width=\"150\" height=\"150\" \/><\/a><figcaption id=\"caption-attachment-3929\" class=\"wp-caption-text\"><a href=\"https:\/\/oqitop.com\/es\/productos\/lamina-metalica\/lamina-de-acero-inoxidable\/\">L\u00e1mina de acero inoxidable<\/a><\/figcaption><\/figure>\n<\/td>\n<td>&nbsp;<\/p>\n<figure id=\"attachment_3930\" class=\"wp-caption aligncenter\" aria-describedby=\"caption-attachment-3930\"><a href=\"https:\/\/oqitop.com\/es\/productos\/lamina-metalica\/tin-foil\/\"><img loading=\"lazy\" decoding=\"async\" class=\"size-thumbnail wp-image-3930\" title=\"L\u00e1mina de plata de alto rendimiento Conductividad L\u00e1mina met\u00e1lica de Ag L\u00e1mina de plata de alto rendimiento Conductividad L\u00e1mina met\u00e1lica de Ag 4\" src=\"https:\/\/oqitop.com\/wp-content\/uploads\/2025\/12\/Tin-Foil-150x150.jpg\" sizes=\"(max-width: 150px) 100vw, 150px\" srcset=\"https:\/\/oqitop.com\/wp-content\/uploads\/2025\/12\/Tin-Foil-150x150.jpg 150w, https:\/\/oqitop.com\/wp-content\/uploads\/2025\/12\/Tin-Foil.jpg 300w\" alt=\"\" width=\"150\" height=\"150\" \/><\/a><figcaption id=\"caption-attachment-3930\" class=\"wp-caption-text\"><a href=\"https:\/\/oqitop.com\/es\/productos\/lamina-metalica\/tin-foil\/\">Papel de aluminio<\/a><\/figcaption><\/figure>\n<\/td>\n<\/tr>\n<tr>\n<td>&nbsp;<\/p>\n<figure id=\"attachment_3931\" class=\"wp-caption aligncenter\" aria-describedby=\"caption-attachment-3931\"><a href=\"https:\/\/oqitop.com\/es\/productos\/lamina-metalica\/titanium-foil\/\"><img loading=\"lazy\" decoding=\"async\" class=\"size-thumbnail wp-image-3931\" title=\"L\u00e1mina de plata de alto rendimiento Conductividad L\u00e1mina met\u00e1lica de Ag L\u00e1mina de plata de alto rendimiento Conductividad L\u00e1mina met\u00e1lica de Ag 5\" src=\"https:\/\/oqitop.com\/wp-content\/uploads\/2025\/12\/Titanium-Foil-150x150.jpg\" sizes=\"(max-width: 150px) 100vw, 150px\" srcset=\"https:\/\/oqitop.com\/wp-content\/uploads\/2025\/12\/Titanium-Foil-150x150.jpg 150w, https:\/\/oqitop.com\/wp-content\/uploads\/2025\/12\/Titanium-Foil.jpg 300w\" alt=\"\" width=\"150\" height=\"150\" \/><\/a><figcaption id=\"caption-attachment-3931\" class=\"wp-caption-text\"><a href=\"https:\/\/oqitop.com\/es\/productos\/lamina-metalica\/titanium-foil\/\">L\u00e1mina de titanio<\/a><\/figcaption><\/figure>\n<\/td>\n<td>&nbsp;<\/p>\n<figure id=\"attachment_3932\" class=\"wp-caption aligncenter\" aria-describedby=\"caption-attachment-3932\"><a href=\"https:\/\/oqitop.com\/es\/productos\/lamina-metalica\/nickel-foil\/\"><img loading=\"lazy\" decoding=\"async\" class=\"size-thumbnail wp-image-3932\" title=\"L\u00e1mina de plata de alto rendimiento Conductividad L\u00e1mina met\u00e1lica de Ag L\u00e1mina de plata de alto rendimiento Conductividad L\u00e1mina met\u00e1lica de Ag 6\" src=\"https:\/\/oqitop.com\/wp-content\/uploads\/2025\/12\/Nickel-Foil-150x150.jpg\" sizes=\"(max-width: 150px) 100vw, 150px\" srcset=\"https:\/\/oqitop.com\/wp-content\/uploads\/2025\/12\/Nickel-Foil-150x150.jpg 150w, https:\/\/oqitop.com\/wp-content\/uploads\/2025\/12\/Nickel-Foil.jpg 300w\" alt=\"\" width=\"150\" height=\"150\" \/><\/a><figcaption id=\"caption-attachment-3932\" class=\"wp-caption-text\"><a href=\"https:\/\/oqitop.com\/es\/productos\/lamina-metalica\/nickel-foil\/\">L\u00e1mina de n\u00edquel<\/a><\/figcaption><\/figure>\n<\/td>\n<td>&nbsp;<\/p>\n<figure id=\"attachment_3933\" class=\"wp-caption aligncenter\" aria-describedby=\"caption-attachment-3933\"><a href=\"https:\/\/oqitop.com\/es\/productos\/lamina-metalica\/nickel-foil\/\"><img loading=\"lazy\" decoding=\"async\" class=\"size-thumbnail wp-image-3933\" title=\"L\u00e1mina de plata de alto rendimiento Conductividad L\u00e1mina met\u00e1lica de Ag L\u00e1mina de plata de alto rendimiento Conductividad L\u00e1mina met\u00e1lica de Ag 7\" src=\"https:\/\/oqitop.com\/wp-content\/uploads\/2025\/12\/Silver-Foil-150x150.jpg\" sizes=\"(max-width: 150px) 100vw, 150px\" srcset=\"https:\/\/oqitop.com\/wp-content\/uploads\/2025\/12\/Silver-Foil-150x150.jpg 150w, https:\/\/oqitop.com\/wp-content\/uploads\/2025\/12\/Silver-Foil.jpg 300w\" alt=\"\" width=\"150\" height=\"150\" \/><\/a><figcaption id=\"caption-attachment-3933\" class=\"wp-caption-text\"><a href=\"https:\/\/oqitop.com\/es\/productos\/lamina-metalica\/nickel-foil\/\">Papel de plata<\/a><\/figcaption><\/figure>\n<\/td>\n<td>&nbsp;<\/p>\n<figure id=\"attachment_3934\" class=\"wp-caption aligncenter\" aria-describedby=\"caption-attachment-3934\"><img loading=\"lazy\" decoding=\"async\" class=\"size-thumbnail wp-image-3934\" title=\"L\u00e1mina de plata de alto rendimiento Conductividad L\u00e1mina met\u00e1lica de Ag L\u00e1mina de plata de alto rendimiento Conductividad L\u00e1mina met\u00e1lica de Ag 8\" src=\"https:\/\/oqitop.com\/wp-content\/uploads\/2025\/12\/Tin-Foil-1-150x150.jpg\" sizes=\"(max-width: 150px) 100vw, 150px\" srcset=\"https:\/\/oqitop.com\/wp-content\/uploads\/2025\/12\/Tin-Foil-1-150x150.jpg 150w, https:\/\/oqitop.com\/wp-content\/uploads\/2025\/12\/Tin-Foil-1.jpg 300w\" alt=\"\" width=\"150\" height=\"150\" \/><figcaption id=\"caption-attachment-3934\" class=\"wp-caption-text\">Papel de aluminio<\/figcaption><\/figure>\n<\/td>\n<\/tr>\n<\/tbody>\n<\/table>\n<\/div>\n<p><img loading=\"lazy\" decoding=\"async\" class=\"aligncenter size-full wp-image-3596\" src=\"https:\/\/oqitop.com\/wp-content\/uploads\/2025\/12\/5-13.jpg\" alt=\"\" width=\"1024\" height=\"1024\" title=\"\" srcset=\"https:\/\/oqitop.com\/wp-content\/uploads\/2025\/12\/5-13.jpg 1024w, https:\/\/oqitop.com\/wp-content\/uploads\/2025\/12\/5-13-300x300.jpg 300w, https:\/\/oqitop.com\/wp-content\/uploads\/2025\/12\/5-13-150x150.jpg 150w, https:\/\/oqitop.com\/wp-content\/uploads\/2025\/12\/5-13-768x768.jpg 768w\" sizes=\"(max-width: 1024px) 100vw, 1024px\" \/><img loading=\"lazy\" decoding=\"async\" class=\"aligncenter size-full wp-image-3597\" src=\"https:\/\/oqitop.com\/wp-content\/uploads\/2025\/12\/6-8.jpg\" alt=\"\" width=\"1024\" height=\"1024\" title=\"\" srcset=\"https:\/\/oqitop.com\/wp-content\/uploads\/2025\/12\/6-8.jpg 1024w, https:\/\/oqitop.com\/wp-content\/uploads\/2025\/12\/6-8-300x300.jpg 300w, https:\/\/oqitop.com\/wp-content\/uploads\/2025\/12\/6-8-150x150.jpg 150w, https:\/\/oqitop.com\/wp-content\/uploads\/2025\/12\/6-8-768x768.jpg 768w\" sizes=\"(max-width: 1024px) 100vw, 1024px\" \/><img loading=\"lazy\" decoding=\"async\" class=\"aligncenter size-full wp-image-3598\" src=\"https:\/\/oqitop.com\/wp-content\/uploads\/2025\/12\/7-9.jpg\" alt=\"\" width=\"1024\" height=\"1024\" title=\"\" srcset=\"https:\/\/oqitop.com\/wp-content\/uploads\/2025\/12\/7-9.jpg 1024w, https:\/\/oqitop.com\/wp-content\/uploads\/2025\/12\/7-9-300x300.jpg 300w, https:\/\/oqitop.com\/wp-content\/uploads\/2025\/12\/7-9-150x150.jpg 150w, https:\/\/oqitop.com\/wp-content\/uploads\/2025\/12\/7-9-768x768.jpg 768w\" sizes=\"(max-width: 1024px) 100vw, 1024px\" \/><img loading=\"lazy\" decoding=\"async\" class=\"aligncenter size-full wp-image-3599\" src=\"https:\/\/oqitop.com\/wp-content\/uploads\/2025\/12\/55555-11-5.jpg\" alt=\"\" width=\"1024\" height=\"677\" title=\"\" srcset=\"https:\/\/oqitop.com\/wp-content\/uploads\/2025\/12\/55555-11-5.jpg 1024w, https:\/\/oqitop.com\/wp-content\/uploads\/2025\/12\/55555-11-5-300x198.jpg 300w, https:\/\/oqitop.com\/wp-content\/uploads\/2025\/12\/55555-11-5-768x508.jpg 768w\" sizes=\"(max-width: 1024px) 100vw, 1024px\" \/><\/p>","protected":false},"featured_media":3600,"template":"","meta":{"_acf_changed":false,"site-sidebar-layout":"default","site-content-layout":"","ast-site-content-layout":"default","site-content-style":"default","site-sidebar-style":"default","ast-global-header-display":"","ast-banner-title-visibility":"","ast-main-header-display":"","ast-hfb-above-header-display":"","ast-hfb-below-header-display":"","ast-hfb-mobile-header-display":"","site-post-title":"","ast-breadcrumbs-content":"","ast-featured-img":"","footer-sml-layout":"","theme-transparent-header-meta":"default","adv-header-id-meta":"","stick-header-meta":"default","header-above-stick-meta":"","header-main-stick-meta":"","header-below-stick-meta":"","astra-migrate-meta-layouts":"set","ast-page-background-enabled":"default","ast-page-background-meta":{"desktop":{"background-color":"var(--ast-global-color-4)","background-image":"","background-repeat":"repeat","background-position":"center center","background-size":"auto","background-attachment":"scroll","background-type":"","background-media":"","overlay-type":"","overlay-color":"","overlay-opacity":"","overlay-gradient":""},"tablet":{"background-color":"","background-image":"","background-repeat":"repeat","background-position":"center center","background-size":"auto","background-attachment":"scroll","background-type":"","background-media":"","overlay-type":"","overlay-color":"","overlay-opacity":"","overlay-gradient":""},"mobile":{"background-color":"","background-image":"","background-repeat":"repeat","background-position":"center center","background-size":"auto","background-attachment":"scroll","background-type":"","background-media":"","overlay-type":"","overlay-color":"","overlay-opacity":"","overlay-gradient":""}},"ast-content-background-meta":{"desktop":{"background-color":"var(--ast-global-color-5)","background-image":"","background-repeat":"repeat","background-position":"center center","background-size":"auto","background-attachment":"scroll","background-type":"","background-media":"","overlay-type":"","overlay-color":"","overlay-opacity":"","overlay-gradient":""},"tablet":{"background-color":"var(--ast-global-color-5)","background-image":"","background-repeat":"repeat","background-position":"center center","background-size":"auto","background-attachment":"scroll","background-type":"","background-media":"","overlay-type":"","overlay-color":"","overlay-opacity":"","overlay-gradient":""},"mobile":{"background-color":"var(--ast-global-color-5)","background-image":"","background-repeat":"repeat","background-position":"center center","background-size":"auto","background-attachment":"scroll","background-type":"","background-media":"","overlay-type":"","overlay-color":"","overlay-opacity":"","overlay-gradient":""}}},"tags":[],"products":[224,223],"class_list":["post-3595","product","type-product","status-publish","has-post-thumbnail","hentry","products-copper-foil","products-metal-foil"],"acf":[],"_links":{"self":[{"href":"https:\/\/oqitop.com\/es\/wp-json\/wp\/v2\/product\/3595","targetHints":{"allow":["GET"]}}],"collection":[{"href":"https:\/\/oqitop.com\/es\/wp-json\/wp\/v2\/product"}],"about":[{"href":"https:\/\/oqitop.com\/es\/wp-json\/wp\/v2\/types\/product"}],"wp:featuredmedia":[{"embeddable":true,"href":"https:\/\/oqitop.com\/es\/wp-json\/wp\/v2\/media\/3600"}],"wp:attachment":[{"href":"https:\/\/oqitop.com\/es\/wp-json\/wp\/v2\/media?parent=3595"}],"wp:term":[{"taxonomy":"post_tag","embeddable":true,"href":"https:\/\/oqitop.com\/es\/wp-json\/wp\/v2\/tags?post=3595"},{"taxonomy":"products","embeddable":true,"href":"https:\/\/oqitop.com\/es\/wp-json\/wp\/v2\/products?post=3595"}],"curies":[{"name":"wp","href":"https:\/\/api.w.org\/{rel}","templated":true}]}}