 {"id":3604,"date":"2025-12-14T20:21:14","date_gmt":"2025-12-14T12:21:14","guid":{"rendered":"https:\/\/oqitop.com\/?post_type=product&#038;p=3604"},"modified":"2026-01-14T17:21:51","modified_gmt":"2026-01-14T09:21:51","slug":"corrosion-resistant-purple-copper-foil-high-conductivity-cu-foil","status":"publish","type":"product","link":"https:\/\/oqitop.com\/es\/product\/corrosion-resistant-purple-copper-foil-high-conductivity-cu-foil\/","title":{"rendered":"Corrosion-Resistant Purple Copper Foil High Conductivity Cu Foil"},"content":{"rendered":"<h5 style=\"text-align: center;\"><span style=\"color: #ff0000;\">Corrosion-Resistant Purple Copper Foil High Conductivity Cu Foil<\/span><\/h5>\n<p><iframe src=\"https:\/\/www.youtube.com\/embed\/J5EiDwSf2wI?rel=0\" allowfullscreen=\"allowfullscreen\" data-mce-fragment=\"1\"><span data-mce-type=\"bookmark\" style=\"display: inline-block; width: 0px; overflow: hidden; line-height: 0;\" class=\"mce_SELRES_start\"><\/span><\/iframe><\/p>\n<p><strong>Characteristics of Purple Copper Foil:<\/strong><br \/>\n<strong>Conductivity:<\/strong>\u00a0Purple copper foil exhibits excellent electrical conductivity, making it a preferred choice in electronics and electrical applications, such as PCB manufacturing.<br \/>\n<strong>Thermal Conductivity:\u00a0<\/strong>The foil&#8217;s exceptional thermal conductivity properties enable efficient heat dissipation, a crucial factor in heat-sensitive applications.<br \/>\n<strong>Formability:\u00a0<\/strong>Purple copper foil is highly malleable, allowing it to be easily shaped and formed, even in complex manufacturing processes.<br \/>\n<strong>Corrosion Resistance:\u00a0<\/strong>This type of copper foil possesses a level of resistance to corrosion, ensuring its durability and performance over extended periods of use.<br \/>\n<strong>Aesthetic Appeal:\u00a0<\/strong>Beyond its functional attributes, the distinct color of purple copper foil offers decorative potential, enhancing visual aesthetics in various design applications.<\/p>\n<p><strong>Applications of Purple Copper Foil:<\/strong><br \/>\n<strong>Electronics:\u00a0<\/strong>Purple copper foil is extensively utilized in the electronics industry, particularly in the production of PCBs, where its high conductivity is essential for effective circuitry.<br \/>\n<strong>Heat Management:\u00a0<\/strong>Its exceptional thermal conductivity makes purple copper foil valuable in applications requiring efficient heat dissipation, such as heat sinks and thermal management systems.<br \/>\n<strong>Manufacturing:\u00a0<\/strong>The foil&#8217;s formability lends itself well to intricate manufacturing processes, making it suitable for various components and parts in different industries.<br \/>\n<strong>Longevity:<\/strong>\u00a0Its corrosion resistance makes purple copper foil a reliable choice for applications where prolonged exposure to environmental factors is expected.<br \/>\n<strong>Decorative Design:\u00a0<\/strong>The foil&#8217;s unique color allows it to be used decoratively, enhancing the visual appeal of products or installations where aesthetics are important.<\/p>\n<p><b><strong>Para personalizar varias l\u00e1minas de metal, por favor haga clic en la imagen de abajo para m\u00e1s detalles\uff1a.<\/strong><\/b><\/p>\n<div class=\"table-responsive\">\n<table>\n<tbody>\n<tr>\n<td>&nbsp;<\/p>\n<figure id=\"attachment_3927\" class=\"wp-caption aligncenter\" aria-describedby=\"caption-attachment-3927\"><a href=\"https:\/\/oqitop.com\/es\/productos\/lamina-metalica\/copper-foil\/\"><img decoding=\"async\" class=\"size-thumbnail wp-image-3927\" title=\"L\u00e1mina de plata de alto rendimiento Conductividad L\u00e1mina met\u00e1lica de Ag L\u00e1mina de plata de alto rendimiento Conductividad L\u00e1mina met\u00e1lica de Ag 1\" src=\"https:\/\/oqitop.com\/wp-content\/uploads\/2025\/12\/Copper-Foil-1-150x150.jpg\" sizes=\"(max-width: 150px) 100vw, 150px\" srcset=\"https:\/\/oqitop.com\/wp-content\/uploads\/2025\/12\/Copper-Foil-1-150x150.jpg 150w, https:\/\/oqitop.com\/wp-content\/uploads\/2025\/12\/Copper-Foil-1.jpg 300w\" alt=\"\" width=\"150\" height=\"150\" \/><\/a><figcaption id=\"caption-attachment-3927\" class=\"wp-caption-text\"><a href=\"https:\/\/oqitop.com\/es\/productos\/lamina-metalica\/copper-foil\/\">L\u00e1mina de cobre<\/a><\/figcaption><\/figure>\n<\/td>\n<td>&nbsp;<\/p>\n<figure id=\"attachment_3928\" class=\"wp-caption aligncenter\" aria-describedby=\"caption-attachment-3928\"><a href=\"https:\/\/oqitop.com\/es\/productos\/lamina-metalica\/aluminum-foil\/\"><img decoding=\"async\" class=\"size-thumbnail wp-image-3928\" title=\"L\u00e1mina de plata de alto rendimiento Conductividad L\u00e1mina met\u00e1lica de Ag L\u00e1mina de plata de alto rendimiento Conductividad L\u00e1mina met\u00e1lica de Ag 2\" src=\"https:\/\/oqitop.com\/wp-content\/uploads\/2025\/12\/Aluminum-Foil-1-150x150.jpg\" sizes=\"(max-width: 150px) 100vw, 150px\" srcset=\"https:\/\/oqitop.com\/wp-content\/uploads\/2025\/12\/Aluminum-Foil-1-150x150.jpg 150w, https:\/\/oqitop.com\/wp-content\/uploads\/2025\/12\/Aluminum-Foil-1.jpg 300w\" alt=\"\" width=\"150\" height=\"150\" \/><\/a><figcaption id=\"caption-attachment-3928\" class=\"wp-caption-text\"><a href=\"https:\/\/oqitop.com\/es\/productos\/lamina-metalica\/aluminum-foil\/\">Papel de aluminio<\/a><\/figcaption><\/figure>\n<\/td>\n<td>&nbsp;<\/p>\n<figure id=\"attachment_3929\" class=\"wp-caption aligncenter\" aria-describedby=\"caption-attachment-3929\"><a href=\"https:\/\/oqitop.com\/es\/productos\/lamina-metalica\/lamina-de-acero-inoxidable\/\"><img decoding=\"async\" class=\"size-thumbnail wp-image-3929\" title=\"L\u00e1mina de plata de alto rendimiento Conductividad L\u00e1mina met\u00e1lica de Ag L\u00e1mina de plata de alto rendimiento Conductividad L\u00e1mina met\u00e1lica de Ag 3\" src=\"https:\/\/oqitop.com\/wp-content\/uploads\/2025\/12\/Stainless-Steel-Foil-150x150.jpg\" sizes=\"(max-width: 150px) 100vw, 150px\" srcset=\"https:\/\/oqitop.com\/wp-content\/uploads\/2025\/12\/Stainless-Steel-Foil-150x150.jpg 150w, https:\/\/oqitop.com\/wp-content\/uploads\/2025\/12\/Stainless-Steel-Foil.jpg 300w\" alt=\"\" width=\"150\" height=\"150\" \/><\/a><figcaption id=\"caption-attachment-3929\" class=\"wp-caption-text\"><a href=\"https:\/\/oqitop.com\/es\/productos\/lamina-metalica\/lamina-de-acero-inoxidable\/\">L\u00e1mina de acero inoxidable<\/a><\/figcaption><\/figure>\n<\/td>\n<td>&nbsp;<\/p>\n<figure id=\"attachment_3930\" class=\"wp-caption aligncenter\" aria-describedby=\"caption-attachment-3930\"><a href=\"https:\/\/oqitop.com\/es\/productos\/lamina-metalica\/tin-foil\/\"><img loading=\"lazy\" decoding=\"async\" class=\"size-thumbnail wp-image-3930\" title=\"L\u00e1mina de plata de alto rendimiento Conductividad L\u00e1mina met\u00e1lica de Ag L\u00e1mina de plata de alto rendimiento Conductividad L\u00e1mina met\u00e1lica de Ag 4\" src=\"https:\/\/oqitop.com\/wp-content\/uploads\/2025\/12\/Tin-Foil-150x150.jpg\" sizes=\"(max-width: 150px) 100vw, 150px\" srcset=\"https:\/\/oqitop.com\/wp-content\/uploads\/2025\/12\/Tin-Foil-150x150.jpg 150w, https:\/\/oqitop.com\/wp-content\/uploads\/2025\/12\/Tin-Foil.jpg 300w\" alt=\"\" width=\"150\" height=\"150\" \/><\/a><figcaption id=\"caption-attachment-3930\" class=\"wp-caption-text\"><a href=\"https:\/\/oqitop.com\/es\/productos\/lamina-metalica\/tin-foil\/\">Papel de aluminio<\/a><\/figcaption><\/figure>\n<\/td>\n<\/tr>\n<tr>\n<td>&nbsp;<\/p>\n<figure id=\"attachment_3931\" class=\"wp-caption aligncenter\" aria-describedby=\"caption-attachment-3931\"><a href=\"https:\/\/oqitop.com\/es\/productos\/lamina-metalica\/titanium-foil\/\"><img loading=\"lazy\" decoding=\"async\" class=\"size-thumbnail wp-image-3931\" title=\"L\u00e1mina de plata de alto rendimiento Conductividad L\u00e1mina met\u00e1lica de Ag L\u00e1mina de plata de alto rendimiento Conductividad L\u00e1mina met\u00e1lica de Ag 5\" src=\"https:\/\/oqitop.com\/wp-content\/uploads\/2025\/12\/Titanium-Foil-150x150.jpg\" sizes=\"(max-width: 150px) 100vw, 150px\" srcset=\"https:\/\/oqitop.com\/wp-content\/uploads\/2025\/12\/Titanium-Foil-150x150.jpg 150w, https:\/\/oqitop.com\/wp-content\/uploads\/2025\/12\/Titanium-Foil.jpg 300w\" alt=\"\" width=\"150\" height=\"150\" \/><\/a><figcaption id=\"caption-attachment-3931\" class=\"wp-caption-text\"><a href=\"https:\/\/oqitop.com\/es\/productos\/lamina-metalica\/titanium-foil\/\">L\u00e1mina de titanio<\/a><\/figcaption><\/figure>\n<\/td>\n<td>&nbsp;<\/p>\n<figure id=\"attachment_3932\" class=\"wp-caption aligncenter\" aria-describedby=\"caption-attachment-3932\"><a href=\"https:\/\/oqitop.com\/es\/productos\/lamina-metalica\/nickel-foil\/\"><img loading=\"lazy\" decoding=\"async\" class=\"size-thumbnail wp-image-3932\" title=\"L\u00e1mina de plata de alto rendimiento Conductividad L\u00e1mina met\u00e1lica de Ag L\u00e1mina de plata de alto rendimiento Conductividad L\u00e1mina met\u00e1lica de Ag 6\" src=\"https:\/\/oqitop.com\/wp-content\/uploads\/2025\/12\/Nickel-Foil-150x150.jpg\" sizes=\"(max-width: 150px) 100vw, 150px\" srcset=\"https:\/\/oqitop.com\/wp-content\/uploads\/2025\/12\/Nickel-Foil-150x150.jpg 150w, https:\/\/oqitop.com\/wp-content\/uploads\/2025\/12\/Nickel-Foil.jpg 300w\" alt=\"\" width=\"150\" height=\"150\" \/><\/a><figcaption id=\"caption-attachment-3932\" class=\"wp-caption-text\"><a href=\"https:\/\/oqitop.com\/es\/productos\/lamina-metalica\/nickel-foil\/\">L\u00e1mina de n\u00edquel<\/a><\/figcaption><\/figure>\n<\/td>\n<td>&nbsp;<\/p>\n<figure id=\"attachment_3933\" class=\"wp-caption aligncenter\" aria-describedby=\"caption-attachment-3933\"><a href=\"https:\/\/oqitop.com\/es\/productos\/lamina-metalica\/nickel-foil\/\"><img loading=\"lazy\" decoding=\"async\" class=\"size-thumbnail wp-image-3933\" title=\"L\u00e1mina de plata de alto rendimiento Conductividad L\u00e1mina met\u00e1lica de Ag L\u00e1mina de plata de alto rendimiento Conductividad L\u00e1mina met\u00e1lica de Ag 7\" src=\"https:\/\/oqitop.com\/wp-content\/uploads\/2025\/12\/Silver-Foil-150x150.jpg\" sizes=\"(max-width: 150px) 100vw, 150px\" srcset=\"https:\/\/oqitop.com\/wp-content\/uploads\/2025\/12\/Silver-Foil-150x150.jpg 150w, https:\/\/oqitop.com\/wp-content\/uploads\/2025\/12\/Silver-Foil.jpg 300w\" alt=\"\" width=\"150\" height=\"150\" \/><\/a><figcaption id=\"caption-attachment-3933\" class=\"wp-caption-text\"><a href=\"https:\/\/oqitop.com\/es\/productos\/lamina-metalica\/nickel-foil\/\">Papel de plata<\/a><\/figcaption><\/figure>\n<\/td>\n<td>&nbsp;<\/p>\n<figure id=\"attachment_3934\" class=\"wp-caption aligncenter\" aria-describedby=\"caption-attachment-3934\"><img loading=\"lazy\" decoding=\"async\" class=\"size-thumbnail wp-image-3934\" title=\"L\u00e1mina de plata de alto rendimiento Conductividad L\u00e1mina met\u00e1lica de Ag L\u00e1mina de plata de alto rendimiento Conductividad L\u00e1mina met\u00e1lica de Ag 8\" src=\"https:\/\/oqitop.com\/wp-content\/uploads\/2025\/12\/Tin-Foil-1-150x150.jpg\" sizes=\"(max-width: 150px) 100vw, 150px\" srcset=\"https:\/\/oqitop.com\/wp-content\/uploads\/2025\/12\/Tin-Foil-1-150x150.jpg 150w, https:\/\/oqitop.com\/wp-content\/uploads\/2025\/12\/Tin-Foil-1.jpg 300w\" alt=\"\" width=\"150\" height=\"150\" \/><figcaption id=\"caption-attachment-3934\" class=\"wp-caption-text\">Papel de aluminio<\/figcaption><\/figure>\n<\/td>\n<\/tr>\n<\/tbody>\n<\/table>\n<\/div>\n<p><img loading=\"lazy\" decoding=\"async\" class=\"aligncenter size-full wp-image-3605\" src=\"https:\/\/oqitop.com\/wp-content\/uploads\/2025\/12\/5-14.jpg\" alt=\"\" width=\"1024\" height=\"768\" title=\"\" srcset=\"https:\/\/oqitop.com\/wp-content\/uploads\/2025\/12\/5-14.jpg 1024w, https:\/\/oqitop.com\/wp-content\/uploads\/2025\/12\/5-14-300x225.jpg 300w, https:\/\/oqitop.com\/wp-content\/uploads\/2025\/12\/5-14-768x576.jpg 768w\" sizes=\"(max-width: 1024px) 100vw, 1024px\" \/><img loading=\"lazy\" decoding=\"async\" class=\"aligncenter size-full wp-image-3606\" src=\"https:\/\/oqitop.com\/wp-content\/uploads\/2025\/12\/6-9.jpg\" alt=\"\" width=\"1024\" height=\"768\" title=\"\" srcset=\"https:\/\/oqitop.com\/wp-content\/uploads\/2025\/12\/6-9.jpg 1024w, https:\/\/oqitop.com\/wp-content\/uploads\/2025\/12\/6-9-300x225.jpg 300w, https:\/\/oqitop.com\/wp-content\/uploads\/2025\/12\/6-9-768x576.jpg 768w\" sizes=\"(max-width: 1024px) 100vw, 1024px\" \/><img loading=\"lazy\" decoding=\"async\" class=\"aligncenter size-full wp-image-3607\" src=\"https:\/\/oqitop.com\/wp-content\/uploads\/2025\/12\/55555-11-6.jpg\" alt=\"\" width=\"1024\" height=\"677\" title=\"\" srcset=\"https:\/\/oqitop.com\/wp-content\/uploads\/2025\/12\/55555-11-6.jpg 1024w, https:\/\/oqitop.com\/wp-content\/uploads\/2025\/12\/55555-11-6-300x198.jpg 300w, https:\/\/oqitop.com\/wp-content\/uploads\/2025\/12\/55555-11-6-768x508.jpg 768w\" sizes=\"(max-width: 1024px) 100vw, 1024px\" \/><\/p>","protected":false},"featured_media":3608,"template":"","meta":{"_acf_changed":false,"site-sidebar-layout":"default","site-content-layout":"","ast-site-content-layout":"default","site-content-style":"default","site-sidebar-style":"default","ast-global-header-display":"","ast-banner-title-visibility":"","ast-main-header-display":"","ast-hfb-above-header-display":"","ast-hfb-below-header-display":"","ast-hfb-mobile-header-display":"","site-post-title":"","ast-breadcrumbs-content":"","ast-featured-img":"","footer-sml-layout":"","theme-transparent-header-meta":"default","adv-header-id-meta":"","stick-header-meta":"default","header-above-stick-meta":"","header-main-stick-meta":"","header-below-stick-meta":"","astra-migrate-meta-layouts":"set","ast-page-background-enabled":"default","ast-page-background-meta":{"desktop":{"background-color":"var(--ast-global-color-4)","background-image":"","background-repeat":"repeat","background-position":"center center","background-size":"auto","background-attachment":"scroll","background-type":"","background-media":"","overlay-type":"","overlay-color":"","overlay-opacity":"","overlay-gradient":""},"tablet":{"background-color":"","background-image":"","background-repeat":"repeat","background-position":"center center","background-size":"auto","background-attachment":"scroll","background-type":"","background-media":"","overlay-type":"","overlay-color":"","overlay-opacity":"","overlay-gradient":""},"mobile":{"background-color":"","background-image":"","background-repeat":"repeat","background-position":"center center","background-size":"auto","background-attachment":"scroll","background-type":"","background-media":"","overlay-type":"","overlay-color":"","overlay-opacity":"","overlay-gradient":""}},"ast-content-background-meta":{"desktop":{"background-color":"var(--ast-global-color-5)","background-image":"","background-repeat":"repeat","background-position":"center center","background-size":"auto","background-attachment":"scroll","background-type":"","background-media":"","overlay-type":"","overlay-color":"","overlay-opacity":"","overlay-gradient":""},"tablet":{"background-color":"var(--ast-global-color-5)","background-image":"","background-repeat":"repeat","background-position":"center center","background-size":"auto","background-attachment":"scroll","background-type":"","background-media":"","overlay-type":"","overlay-color":"","overlay-opacity":"","overlay-gradient":""},"mobile":{"background-color":"var(--ast-global-color-5)","background-image":"","background-repeat":"repeat","background-position":"center center","background-size":"auto","background-attachment":"scroll","background-type":"","background-media":"","overlay-type":"","overlay-color":"","overlay-opacity":"","overlay-gradient":""}}},"tags":[],"products":[224,223],"class_list":["post-3604","product","type-product","status-publish","has-post-thumbnail","hentry","products-copper-foil","products-metal-foil"],"acf":[],"_links":{"self":[{"href":"https:\/\/oqitop.com\/es\/wp-json\/wp\/v2\/product\/3604","targetHints":{"allow":["GET"]}}],"collection":[{"href":"https:\/\/oqitop.com\/es\/wp-json\/wp\/v2\/product"}],"about":[{"href":"https:\/\/oqitop.com\/es\/wp-json\/wp\/v2\/types\/product"}],"wp:featuredmedia":[{"embeddable":true,"href":"https:\/\/oqitop.com\/es\/wp-json\/wp\/v2\/media\/3608"}],"wp:attachment":[{"href":"https:\/\/oqitop.com\/es\/wp-json\/wp\/v2\/media?parent=3604"}],"wp:term":[{"taxonomy":"post_tag","embeddable":true,"href":"https:\/\/oqitop.com\/es\/wp-json\/wp\/v2\/tags?post=3604"},{"taxonomy":"products","embeddable":true,"href":"https:\/\/oqitop.com\/es\/wp-json\/wp\/v2\/products?post=3604"}],"curies":[{"name":"wp","href":"https:\/\/api.w.org\/{rel}","templated":true}]}}