 {"id":3941,"date":"2025-12-17T11:24:36","date_gmt":"2025-12-17T03:24:36","guid":{"rendered":"https:\/\/oqitop.com\/?post_type=product&#038;p=3941"},"modified":"2026-01-15T09:57:38","modified_gmt":"2026-01-15T01:57:38","slug":"high-purity-99-99-advanced-integrated-circuit-applications-of-high-conductivity-gold-wire","status":"publish","type":"product","link":"https:\/\/oqitop.com\/es\/product\/high-purity-99-99-advanced-integrated-circuit-applications-of-high-conductivity-gold-wire\/","title":{"rendered":"Alta pureza 99,99% Aplicaciones de circuitos integrados avanzados de alambre de oro de alta conductividad"},"content":{"rendered":"<h4 style=\"text-align: center;\"><span style=\"color: #ff0000;\">Alta pureza 99,99% Aplicaciones de circuitos integrados avanzados de alambre de oro de alta conductividad<\/span><\/h4>\n<p>&nbsp;<\/p>\n<p><iframe src=\"https:\/\/www.youtube.com\/embed\/1I7kDNNeyzk?rel=0\" allowfullscreen=\"allowfullscreen\" data-mce-fragment=\"1\"><span data-mce-type=\"bookmark\" style=\"display: inline-block; width: 0px; overflow: hidden; line-height: 0;\" class=\"mce_SELRES_start\"><\/span><\/iframe><\/p>\n<p><strong>Material of Gold Wire<\/strong><br \/>\nGold wire is produced by drawing and bonding Au material with a purity of over 99.99%, containing trace elements like Ag\/Cu\/Si\/Ca\/Mg.<\/p>\n<p><strong>Function of Gold Wire<\/strong><br \/>\nGold wire serves as an exceptional internal lead material, possessing excellent electrical, thermal conductivity, mechanical properties, and chemical stability. It is primarily used in semiconductor packaging materials (bonding wires, frames, encapsulation materials, solder balls, high-density packaging substrates, conductive adhesives, etc.). In LED packaging, gold wire functions as a conductor, connecting the chip surface electrode and the bracket. When current passes through, it illuminates the chip.<\/p>\n<p><strong>Advantages of Gold Wire<\/strong><br \/>\nGold wire boasts high conductivity, corrosion resistance, and good ductility. Widely utilized in integrated circuits, its key advantage lies in its resistance to oxidation, making it a primary choice in packaging applications.<\/p>\n<p><b><strong>Para personalizar diversos cables met\u00e1licos, haga clic en la imagen siguiente para obtener m\u00e1s informaci\u00f3n:<\/strong><\/b><\/p>\n<table>\n<tbody>\n<tr>\n<td>\n<p><figure id=\"attachment_3942\" aria-describedby=\"caption-attachment-3942\" style=\"width: 150px\" class=\"wp-caption aligncenter\"><a href=\"https:\/\/oqitop.com\/es\/productos\/metal-wire\/alambre-de-oro\/\"><img decoding=\"async\" class=\"size-thumbnail wp-image-3942\" src=\"https:\/\/oqitop.com\/wp-content\/uploads\/2025\/12\/Gold-Wire-150x150.jpg\" alt=\"\" width=\"150\" height=\"150\" title=\"\" srcset=\"https:\/\/oqitop.com\/wp-content\/uploads\/2025\/12\/Gold-Wire-150x150.jpg 150w, https:\/\/oqitop.com\/wp-content\/uploads\/2025\/12\/Gold-Wire.jpg 300w\" sizes=\"(max-width: 150px) 100vw, 150px\" \/><\/a><figcaption id=\"caption-attachment-3942\" class=\"wp-caption-text\"><a href=\"https:\/\/oqitop.com\/es\/productos\/metal-wire\/alambre-de-oro\/\">Hilo de oro<\/a><\/figcaption><\/figure><\/td>\n<td>\n<p><figure id=\"attachment_3943\" aria-describedby=\"caption-attachment-3943\" style=\"width: 150px\" class=\"wp-caption aligncenter\"><a href=\"https:\/\/oqitop.com\/es\/productos\/metal-wire\/copper-wire\/\"><img decoding=\"async\" class=\"size-thumbnail wp-image-3943\" src=\"https:\/\/oqitop.com\/wp-content\/uploads\/2025\/12\/Copper-Wire-150x150.jpg\" alt=\"\" width=\"150\" height=\"150\" title=\"\" srcset=\"https:\/\/oqitop.com\/wp-content\/uploads\/2025\/12\/Copper-Wire-150x150.jpg 150w, https:\/\/oqitop.com\/wp-content\/uploads\/2025\/12\/Copper-Wire.jpg 300w\" sizes=\"(max-width: 150px) 100vw, 150px\" \/><\/a><figcaption id=\"caption-attachment-3943\" class=\"wp-caption-text\"><a href=\"https:\/\/oqitop.com\/es\/productos\/metal-wire\/copper-wire\/\">Alambre de cobre<\/a><\/figcaption><\/figure><\/td>\n<td>\n<p><figure id=\"attachment_3944\" aria-describedby=\"caption-attachment-3944\" style=\"width: 150px\" class=\"wp-caption aligncenter\"><a href=\"https:\/\/oqitop.com\/es\/productos\/metal-wire\/alambre-de-hierro\/\"><img decoding=\"async\" class=\"size-thumbnail wp-image-3944\" src=\"https:\/\/oqitop.com\/wp-content\/uploads\/2025\/12\/lron-Wire-150x150.jpg\" alt=\"\" width=\"150\" height=\"150\" title=\"\" srcset=\"https:\/\/oqitop.com\/wp-content\/uploads\/2025\/12\/lron-Wire-150x150.jpg 150w, https:\/\/oqitop.com\/wp-content\/uploads\/2025\/12\/lron-Wire.jpg 300w\" sizes=\"(max-width: 150px) 100vw, 150px\" \/><\/a><figcaption id=\"caption-attachment-3944\" class=\"wp-caption-text\"><a href=\"https:\/\/oqitop.com\/es\/productos\/metal-wire\/alambre-de-hierro\/\">Alambre de hierro<\/a><\/figcaption><\/figure><\/td>\n<td>\n<p><figure id=\"attachment_3945\" aria-describedby=\"caption-attachment-3945\" style=\"width: 150px\" class=\"wp-caption aligncenter\"><a href=\"https:\/\/oqitop.com\/es\/productos\/metal-wire\/alambre-de-platino\/\"><img loading=\"lazy\" decoding=\"async\" class=\"size-thumbnail wp-image-3945\" src=\"https:\/\/oqitop.com\/wp-content\/uploads\/2025\/12\/Platinum-Wire-150x150.jpg\" alt=\"\" width=\"150\" height=\"150\" title=\"\" srcset=\"https:\/\/oqitop.com\/wp-content\/uploads\/2025\/12\/Platinum-Wire-150x150.jpg 150w, https:\/\/oqitop.com\/wp-content\/uploads\/2025\/12\/Platinum-Wire.jpg 300w\" sizes=\"(max-width: 150px) 100vw, 150px\" \/><\/a><figcaption id=\"caption-attachment-3945\" class=\"wp-caption-text\"><a href=\"https:\/\/oqitop.com\/es\/productos\/metal-wire\/alambre-de-platino\/\">Alambre de platino<\/a><\/figcaption><\/figure><\/td>\n<\/tr>\n<tr>\n<td>\n<p><figure id=\"attachment_3946\" aria-describedby=\"caption-attachment-3946\" style=\"width: 150px\" class=\"wp-caption aligncenter\"><a href=\"https:\/\/oqitop.com\/es\/productos\/metal-wire\/silver-wire\/\"><img loading=\"lazy\" decoding=\"async\" class=\"size-thumbnail wp-image-3946\" src=\"https:\/\/oqitop.com\/wp-content\/uploads\/2025\/12\/Silver-Wire-150x150.jpg\" alt=\"\" width=\"150\" height=\"150\" title=\"\" srcset=\"https:\/\/oqitop.com\/wp-content\/uploads\/2025\/12\/Silver-Wire-150x150.jpg 150w, https:\/\/oqitop.com\/wp-content\/uploads\/2025\/12\/Silver-Wire.jpg 300w\" sizes=\"(max-width: 150px) 100vw, 150px\" \/><\/a><figcaption id=\"caption-attachment-3946\" class=\"wp-caption-text\"><a href=\"https:\/\/oqitop.com\/es\/productos\/metal-wire\/silver-wire\/\">Alambre de plata<\/a><\/figcaption><\/figure><\/td>\n<td>\n<p><figure id=\"attachment_3947\" aria-describedby=\"caption-attachment-3947\" style=\"width: 150px\" class=\"wp-caption aligncenter\"><a href=\"https:\/\/oqitop.com\/es\/productos\/metal-wire\/nickel-wire\/\"><img loading=\"lazy\" decoding=\"async\" class=\"size-thumbnail wp-image-3947\" src=\"https:\/\/oqitop.com\/wp-content\/uploads\/2025\/12\/Nickel-Wire-150x150.jpg\" alt=\"\" width=\"150\" height=\"150\" title=\"\" srcset=\"https:\/\/oqitop.com\/wp-content\/uploads\/2025\/12\/Nickel-Wire-150x150.jpg 150w, https:\/\/oqitop.com\/wp-content\/uploads\/2025\/12\/Nickel-Wire.jpg 300w\" sizes=\"(max-width: 150px) 100vw, 150px\" \/><\/a><figcaption id=\"caption-attachment-3947\" class=\"wp-caption-text\"><a href=\"https:\/\/oqitop.com\/es\/productos\/metal-wire\/nickel-wire\/\">Alambre de n\u00edquel<\/a><\/figcaption><\/figure><\/td>\n<td>\n<p><figure id=\"attachment_3948\" aria-describedby=\"caption-attachment-3948\" style=\"width: 150px\" class=\"wp-caption aligncenter\"><a href=\"https:\/\/oqitop.com\/es\/productos\/metal-wire\/iridium-wire\/\"><img loading=\"lazy\" decoding=\"async\" class=\"size-thumbnail wp-image-3948\" src=\"https:\/\/oqitop.com\/wp-content\/uploads\/2025\/12\/lridium-wire-150x150.jpg\" alt=\"\" width=\"150\" height=\"150\" title=\"\" srcset=\"https:\/\/oqitop.com\/wp-content\/uploads\/2025\/12\/lridium-wire-150x150.jpg 150w, https:\/\/oqitop.com\/wp-content\/uploads\/2025\/12\/lridium-wire.jpg 300w\" sizes=\"(max-width: 150px) 100vw, 150px\" \/><\/a><figcaption id=\"caption-attachment-3948\" class=\"wp-caption-text\"><a href=\"https:\/\/oqitop.com\/es\/productos\/metal-wire\/iridium-wire\/\">hilo de iridio<\/a><\/figcaption><\/figure><\/td>\n<td>\n<p><figure id=\"attachment_3949\" aria-describedby=\"caption-attachment-3949\" style=\"width: 150px\" class=\"wp-caption aligncenter\"><img loading=\"lazy\" decoding=\"async\" class=\"size-thumbnail wp-image-3949\" src=\"https:\/\/oqitop.com\/wp-content\/uploads\/2025\/12\/Titanium-Wire-150x150.jpg\" alt=\"\" width=\"150\" height=\"150\" title=\"\" srcset=\"https:\/\/oqitop.com\/wp-content\/uploads\/2025\/12\/Titanium-Wire-150x150.jpg 150w, https:\/\/oqitop.com\/wp-content\/uploads\/2025\/12\/Titanium-Wire.jpg 300w\" sizes=\"(max-width: 150px) 100vw, 150px\" \/><figcaption id=\"caption-attachment-3949\" class=\"wp-caption-text\">Alambre de titanio<\/figcaption><\/figure><\/td>\n<\/tr>\n<\/tbody>\n<\/table>\n<p><img loading=\"lazy\" decoding=\"async\" class=\"aligncenter size-full wp-image-3951\" src=\"https:\/\/oqitop.com\/wp-content\/uploads\/2025\/12\/111111-4.jpg\" alt=\"\" width=\"1024\" height=\"1096\" title=\"\" srcset=\"https:\/\/oqitop.com\/wp-content\/uploads\/2025\/12\/111111-4.jpg 1024w, https:\/\/oqitop.com\/wp-content\/uploads\/2025\/12\/111111-4-280x300.jpg 280w, https:\/\/oqitop.com\/wp-content\/uploads\/2025\/12\/111111-4-957x1024.jpg 957w, https:\/\/oqitop.com\/wp-content\/uploads\/2025\/12\/111111-4-768x822.jpg 768w\" sizes=\"(max-width: 1024px) 100vw, 1024px\" \/><img loading=\"lazy\" decoding=\"async\" class=\"aligncenter size-full wp-image-3952\" src=\"https:\/\/oqitop.com\/wp-content\/uploads\/2025\/12\/22222-9.jpg\" alt=\"\" width=\"1024\" height=\"1024\" title=\"\" srcset=\"https:\/\/oqitop.com\/wp-content\/uploads\/2025\/12\/22222-9.jpg 1024w, https:\/\/oqitop.com\/wp-content\/uploads\/2025\/12\/22222-9-300x300.jpg 300w, https:\/\/oqitop.com\/wp-content\/uploads\/2025\/12\/22222-9-150x150.jpg 150w, https:\/\/oqitop.com\/wp-content\/uploads\/2025\/12\/22222-9-768x768.jpg 768w\" sizes=\"(max-width: 1024px) 100vw, 1024px\" \/><img loading=\"lazy\" decoding=\"async\" class=\"aligncenter size-full wp-image-3953\" src=\"https:\/\/oqitop.com\/wp-content\/uploads\/2025\/12\/55555-11-27.jpg\" alt=\"\" width=\"1024\" height=\"677\" title=\"\" srcset=\"https:\/\/oqitop.com\/wp-content\/uploads\/2025\/12\/55555-11-27.jpg 1024w, https:\/\/oqitop.com\/wp-content\/uploads\/2025\/12\/55555-11-27-300x198.jpg 300w, https:\/\/oqitop.com\/wp-content\/uploads\/2025\/12\/55555-11-27-768x508.jpg 768w\" sizes=\"(max-width: 1024px) 100vw, 1024px\" \/><\/p>","protected":false},"featured_media":3954,"template":"","meta":{"_acf_changed":false,"site-sidebar-layout":"default","site-content-layout":"","ast-site-content-layout":"default","site-content-style":"default","site-sidebar-style":"default","ast-global-header-display":"","ast-banner-title-visibility":"","ast-main-header-display":"","ast-hfb-above-header-display":"","ast-hfb-below-header-display":"","ast-hfb-mobile-header-display":"","site-post-title":"","ast-breadcrumbs-content":"","ast-featured-img":"","footer-sml-layout":"","theme-transparent-header-meta":"default","adv-header-id-meta":"","stick-header-meta":"default","header-above-stick-meta":"","header-main-stick-meta":"","header-below-stick-meta":"","astra-migrate-meta-layouts":"set","ast-page-background-enabled":"default","ast-page-background-meta":{"desktop":{"background-color":"var(--ast-global-color-4)","background-image":"","background-repeat":"repeat","background-position":"center center","background-size":"auto","background-attachment":"scroll","background-type":"","background-media":"","overlay-type":"","overlay-color":"","overlay-opacity":"","overlay-gradient":""},"tablet":{"background-color":"","background-image":"","background-repeat":"repeat","background-position":"center center","background-size":"auto","background-attachment":"scroll","background-type":"","background-media":"","overlay-type":"","overlay-color":"","overlay-opacity":"","overlay-gradient":""},"mobile":{"background-color":"","background-image":"","background-repeat":"repeat","background-position":"center center","background-size":"auto","background-attachment":"scroll","background-type":"","background-media":"","overlay-type":"","overlay-color":"","overlay-opacity":"","overlay-gradient":""}},"ast-content-background-meta":{"desktop":{"background-color":"var(--ast-global-color-5)","background-image":"","background-repeat":"repeat","background-position":"center center","background-size":"auto","background-attachment":"scroll","background-type":"","background-media":"","overlay-type":"","overlay-color":"","overlay-opacity":"","overlay-gradient":""},"tablet":{"background-color":"var(--ast-global-color-5)","background-image":"","background-repeat":"repeat","background-position":"center center","background-size":"auto","background-attachment":"scroll","background-type":"","background-media":"","overlay-type":"","overlay-color":"","overlay-opacity":"","overlay-gradient":""},"mobile":{"background-color":"var(--ast-global-color-5)","background-image":"","background-repeat":"repeat","background-position":"center center","background-size":"auto","background-attachment":"scroll","background-type":"","background-media":"","overlay-type":"","overlay-color":"","overlay-opacity":"","overlay-gradient":""}}},"tags":[],"products":[242,241],"class_list":["post-3941","product","type-product","status-publish","has-post-thumbnail","hentry","products-gold-wire","products-metal-wire"],"acf":[],"_links":{"self":[{"href":"https:\/\/oqitop.com\/es\/wp-json\/wp\/v2\/product\/3941","targetHints":{"allow":["GET"]}}],"collection":[{"href":"https:\/\/oqitop.com\/es\/wp-json\/wp\/v2\/product"}],"about":[{"href":"https:\/\/oqitop.com\/es\/wp-json\/wp\/v2\/types\/product"}],"wp:featuredmedia":[{"embeddable":true,"href":"https:\/\/oqitop.com\/es\/wp-json\/wp\/v2\/media\/3954"}],"wp:attachment":[{"href":"https:\/\/oqitop.com\/es\/wp-json\/wp\/v2\/media?parent=3941"}],"wp:term":[{"taxonomy":"post_tag","embeddable":true,"href":"https:\/\/oqitop.com\/es\/wp-json\/wp\/v2\/tags?post=3941"},{"taxonomy":"products","embeddable":true,"href":"https:\/\/oqitop.com\/es\/wp-json\/wp\/v2\/products?post=3941"}],"curies":[{"name":"wp","href":"https:\/\/api.w.org\/{rel}","templated":true}]}}