 {"id":4003,"date":"2025-12-17T16:42:42","date_gmt":"2025-12-17T08:42:42","guid":{"rendered":"https:\/\/oqitop.com\/?post_type=product&#038;p=4003"},"modified":"2026-01-15T10:12:33","modified_gmt":"2026-01-15T02:12:33","slug":"laboratory-iron-metal-wire-iron-wire","status":"publish","type":"product","link":"https:\/\/oqitop.com\/es\/product\/laboratory-iron-metal-wire-iron-wire\/","title":{"rendered":"Alambre de hierro para laboratorio Alambre de hierro"},"content":{"rendered":"<h2 style=\"text-align: center;\"><span style=\"color: #ff0000;\">Alambre de hierro para laboratorio Alambre de hierro<\/span><\/h2>\n<p>&nbsp;<\/p>\n<p><iframe src=\"https:\/\/www.youtube.com\/embed\/RbJwRkjCkE0?rel=0\" allowfullscreen=\"allowfullscreen\" data-mce-fragment=\"1\"><\/iframe><\/p>\n<p><strong>Descripci\u00f3n:<\/strong><br \/>\nNuestro alambre de hierro recocido de primera calidad, tambi\u00e9n conocido como alambre de hierro dulce, se elabora meticulosamente a partir de alambre de hierro endurecido que ha sido sometido a un tratamiento de recocido. Este proceso da como resultado un producto que ofrece una flexibilidad y resistencia excepcionales. En comparaci\u00f3n con el alambre de hierro duro tradicional, esta variante recocida es m\u00e1s f\u00e1cil de doblar y menos propensa a la rotura.<\/p>\n<p><strong>Especificaciones:<\/strong><br \/>\nMaterial: Acero de bajo carbono Q195<br \/>\nForma de la secci\u00f3n transversal: Redonda<br \/>\nEspesor (tama\u00f1o de la secci\u00f3n transversal): 6,5 mm a 0,3 mm<br \/>\nDi\u00e1metro interior: 550 mm \/ 350 mm \/ 150 mm<\/p>\n<p><strong>Aplicaciones:<\/strong><br \/>\nArtesan\u00eda y obras de arte<br \/>\nConstrucci\u00f3n y bricolaje<br \/>\nMallas y vallas met\u00e1licas<\/p>\n<p><b><strong>Para personalizar diversos cables met\u00e1licos, haga clic en la imagen siguiente para obtener m\u00e1s informaci\u00f3n:<\/strong><\/b><\/p>\n<table>\n<tbody>\n<tr>\n<td>&nbsp;<\/p>\n<figure id=\"attachment_3942\" class=\"wp-caption aligncenter\" aria-describedby=\"caption-attachment-3942\"><a href=\"https:\/\/oqitop.com\/es\/productos\/metal-wire\/alambre-de-oro\/\"><img decoding=\"async\" class=\"size-thumbnail wp-image-3942\" title=\"Alta pureza 99,99% Aplicaciones avanzadas de circuitos integrados de alambre de oro de alta conductividad 1\" src=\"https:\/\/oqitop.com\/wp-content\/uploads\/2025\/12\/Gold-Wire-150x150.jpg\" sizes=\"(max-width: 150px) 100vw, 150px\" srcset=\"https:\/\/oqitop.com\/wp-content\/uploads\/2025\/12\/Gold-Wire-150x150.jpg 150w, https:\/\/oqitop.com\/wp-content\/uploads\/2025\/12\/Gold-Wire.jpg 300w\" alt=\"\" width=\"150\" height=\"150\" \/><\/a><figcaption id=\"caption-attachment-3942\" class=\"wp-caption-text\"><a href=\"https:\/\/oqitop.com\/es\/productos\/metal-wire\/alambre-de-oro\/\">Hilo de oro<\/a><\/figcaption><\/figure>\n<\/td>\n<td>&nbsp;<\/p>\n<figure id=\"attachment_3943\" class=\"wp-caption aligncenter\" aria-describedby=\"caption-attachment-3943\"><a href=\"https:\/\/oqitop.com\/es\/productos\/metal-wire\/copper-wire\/\"><img decoding=\"async\" class=\"size-thumbnail wp-image-3943\" title=\"Alta pureza 99,99% Aplicaciones avanzadas de circuitos integrados de alambre de oro de alta conductividad 2\" src=\"https:\/\/oqitop.com\/wp-content\/uploads\/2025\/12\/Copper-Wire-150x150.jpg\" sizes=\"(max-width: 150px) 100vw, 150px\" srcset=\"https:\/\/oqitop.com\/wp-content\/uploads\/2025\/12\/Copper-Wire-150x150.jpg 150w, https:\/\/oqitop.com\/wp-content\/uploads\/2025\/12\/Copper-Wire.jpg 300w\" alt=\"\" width=\"150\" height=\"150\" \/><\/a><figcaption id=\"caption-attachment-3943\" class=\"wp-caption-text\"><a href=\"https:\/\/oqitop.com\/es\/productos\/metal-wire\/copper-wire\/\">Alambre de cobre<\/a><\/figcaption><\/figure>\n<\/td>\n<td>&nbsp;<\/p>\n<figure id=\"attachment_3944\" class=\"wp-caption aligncenter\" aria-describedby=\"caption-attachment-3944\"><figcaption id=\"caption-attachment-3944\" class=\"wp-caption-text\"><a href=\"https:\/\/oqitop.com\/es\/alambre-de-hierro\/\"><img decoding=\"async\" class=\"aligncenter size-thumbnail wp-image-5153\" title=\"High Purity 99.99% Gold Wire for Semiconductor Packaging Materials 1\" src=\"https:\/\/oqitop.com\/wp-content\/uploads\/2025\/12\/12345-4-150x150.jpg\" sizes=\"(max-width: 150px) 100vw, 150px\" srcset=\"https:\/\/oqitop.com\/wp-content\/uploads\/2025\/12\/12345-4-150x150.jpg 150w, https:\/\/oqitop.com\/wp-content\/uploads\/2025\/12\/12345-4-12x12.jpg 12w, https:\/\/oqitop.com\/wp-content\/uploads\/2025\/12\/12345-4.jpg 300w\" alt=\"\" width=\"150\" height=\"150\" \/><\/a><a href=\"https:\/\/oqitop.com\/es\/productos\/metal-wire\/alambre-de-hierro\/\">Alambre de hierro<\/a><\/figcaption><\/figure>\n<\/td>\n<td>&nbsp;<\/p>\n<figure id=\"attachment_3945\" class=\"wp-caption aligncenter\" aria-describedby=\"caption-attachment-3945\"><a href=\"https:\/\/oqitop.com\/es\/productos\/metal-wire\/alambre-de-platino\/\"><img loading=\"lazy\" decoding=\"async\" class=\"size-thumbnail wp-image-3945\" title=\"Alta pureza 99,99% Aplicaciones avanzadas de circuitos integrados de alambre de oro de alta conductividad 4\" src=\"https:\/\/oqitop.com\/wp-content\/uploads\/2025\/12\/Platinum-Wire-150x150.jpg\" sizes=\"(max-width: 150px) 100vw, 150px\" srcset=\"https:\/\/oqitop.com\/wp-content\/uploads\/2025\/12\/Platinum-Wire-150x150.jpg 150w, https:\/\/oqitop.com\/wp-content\/uploads\/2025\/12\/Platinum-Wire.jpg 300w\" alt=\"\" width=\"150\" height=\"150\" \/><\/a><figcaption id=\"caption-attachment-3945\" class=\"wp-caption-text\"><a href=\"https:\/\/oqitop.com\/es\/productos\/metal-wire\/alambre-de-platino\/\">Alambre de platino<\/a><\/figcaption><\/figure>\n<\/td>\n<\/tr>\n<tr>\n<td>&nbsp;<\/p>\n<figure id=\"attachment_3946\" class=\"wp-caption aligncenter\" aria-describedby=\"caption-attachment-3946\"><a href=\"https:\/\/oqitop.com\/es\/productos\/metal-wire\/silver-wire\/\"><img loading=\"lazy\" decoding=\"async\" class=\"size-thumbnail wp-image-3946\" title=\"Alta pureza 99,99% Aplicaciones avanzadas de circuitos integrados de alambre de oro de alta conductividad 5\" src=\"https:\/\/oqitop.com\/wp-content\/uploads\/2025\/12\/Silver-Wire-150x150.jpg\" sizes=\"(max-width: 150px) 100vw, 150px\" srcset=\"https:\/\/oqitop.com\/wp-content\/uploads\/2025\/12\/Silver-Wire-150x150.jpg 150w, https:\/\/oqitop.com\/wp-content\/uploads\/2025\/12\/Silver-Wire.jpg 300w\" alt=\"\" width=\"150\" height=\"150\" \/><\/a><figcaption id=\"caption-attachment-3946\" class=\"wp-caption-text\"><a href=\"https:\/\/oqitop.com\/es\/productos\/metal-wire\/silver-wire\/\">Alambre de plata<\/a><\/figcaption><\/figure>\n<\/td>\n<td>&nbsp;<\/p>\n<figure id=\"attachment_3947\" class=\"wp-caption aligncenter\" aria-describedby=\"caption-attachment-3947\"><a href=\"https:\/\/oqitop.com\/es\/productos\/metal-wire\/nickel-wire\/\"><img loading=\"lazy\" decoding=\"async\" class=\"size-thumbnail wp-image-3947\" title=\"Alta pureza 99,99% Aplicaciones avanzadas en circuitos integrados de alambre de oro de alta conductividad 6\" src=\"https:\/\/oqitop.com\/wp-content\/uploads\/2025\/12\/Nickel-Wire-150x150.jpg\" sizes=\"(max-width: 150px) 100vw, 150px\" srcset=\"https:\/\/oqitop.com\/wp-content\/uploads\/2025\/12\/Nickel-Wire-150x150.jpg 150w, https:\/\/oqitop.com\/wp-content\/uploads\/2025\/12\/Nickel-Wire.jpg 300w\" alt=\"\" width=\"150\" height=\"150\" \/><\/a><figcaption id=\"caption-attachment-3947\" class=\"wp-caption-text\"><a href=\"https:\/\/oqitop.com\/es\/productos\/metal-wire\/nickel-wire\/\">Alambre de n\u00edquel<\/a><\/figcaption><\/figure>\n<\/td>\n<td>&nbsp;<\/p>\n<figure id=\"attachment_3948\" class=\"wp-caption aligncenter\" aria-describedby=\"caption-attachment-3948\"><a href=\"https:\/\/oqitop.com\/es\/productos\/metal-wire\/iridium-wire\/\"><img loading=\"lazy\" decoding=\"async\" class=\"size-thumbnail wp-image-3948\" title=\"Alta pureza 99,99% Aplicaciones avanzadas en circuitos integrados del alambre de oro de alta conductividad 7\" src=\"https:\/\/oqitop.com\/wp-content\/uploads\/2025\/12\/lridium-wire-150x150.jpg\" sizes=\"(max-width: 150px) 100vw, 150px\" srcset=\"https:\/\/oqitop.com\/wp-content\/uploads\/2025\/12\/lridium-wire-150x150.jpg 150w, https:\/\/oqitop.com\/wp-content\/uploads\/2025\/12\/lridium-wire.jpg 300w\" alt=\"\" width=\"150\" height=\"150\" \/><\/a><figcaption id=\"caption-attachment-3948\" class=\"wp-caption-text\"><a href=\"https:\/\/oqitop.com\/es\/productos\/metal-wire\/iridium-wire\/\">hilo de iridio<\/a><\/figcaption><\/figure>\n<\/td>\n<td>&nbsp;<\/p>\n<figure id=\"attachment_3949\" class=\"wp-caption aligncenter\" aria-describedby=\"caption-attachment-3949\"><a href=\"https:\/\/oqitop.com\/es\/productos\/metal-wire\/titanium-wire\/\"><img loading=\"lazy\" decoding=\"async\" class=\"aligncenter wp-image-3949 size-thumbnail\" title=\"Alta pureza 99,99% Aplicaciones avanzadas en circuitos integrados de alambre de oro de alta conductividad 8\" src=\"https:\/\/oqitop.com\/wp-content\/uploads\/2025\/12\/Titanium-Wire-150x150.jpg\" sizes=\"(max-width: 150px) 100vw, 150px\" srcset=\"https:\/\/oqitop.com\/wp-content\/uploads\/2025\/12\/Titanium-Wire-150x150.jpg 150w, https:\/\/oqitop.com\/wp-content\/uploads\/2025\/12\/Titanium-Wire.jpg 300w\" alt=\"\" width=\"150\" height=\"150\" \/><\/a><figcaption id=\"caption-attachment-3949\" class=\"wp-caption-text\"><a href=\"https:\/\/oqitop.com\/es\/productos\/metal-wire\/titanium-wire\/\">Alambre de titanio<\/a><\/figcaption><\/figure>\n<\/td>\n<\/tr>\n<\/tbody>\n<\/table>\n<p>&nbsp;<\/p>\n<p><img loading=\"lazy\" decoding=\"async\" class=\"aligncenter size-full wp-image-3997\" title=\"Alambre de hierro dulce multifunci\u00f3n de alta calidad Alambre de acero recocido 1\" src=\"https:\/\/oqitop.com\/wp-content\/uploads\/2025\/12\/11111-12-scaled.jpg\" sizes=\"(max-width: 1004px) 100vw, 1004px\" srcset=\"https:\/\/oqitop.com\/wp-content\/uploads\/2025\/12\/11111-12-scaled.jpg 1004w, https:\/\/oqitop.com\/wp-content\/uploads\/2025\/12\/11111-12-118x300.jpg 118w, https:\/\/oqitop.com\/wp-content\/uploads\/2025\/12\/11111-12-402x1024.jpg 402w, https:\/\/oqitop.com\/wp-content\/uploads\/2025\/12\/11111-12-768x1958.jpg 768w, https:\/\/oqitop.com\/wp-content\/uploads\/2025\/12\/11111-12-602x1536.jpg 602w, https:\/\/oqitop.com\/wp-content\/uploads\/2025\/12\/11111-12-803x2048.jpg 803w\" alt=\"\" width=\"1004\" height=\"2560\" \/><img loading=\"lazy\" decoding=\"async\" class=\"aligncenter size-full wp-image-3992\" title=\"Alambre de hierro dulce multifunci\u00f3n de alta calidad Alambre de acero recocido 2\" src=\"https:\/\/oqitop.com\/wp-content\/uploads\/2025\/12\/55555-11-29.jpg\" sizes=\"(max-width: 1024px) 100vw, 1024px\" srcset=\"https:\/\/oqitop.com\/wp-content\/uploads\/2025\/12\/55555-11-29.jpg 1024w, https:\/\/oqitop.com\/wp-content\/uploads\/2025\/12\/55555-11-29-300x198.jpg 300w, https:\/\/oqitop.com\/wp-content\/uploads\/2025\/12\/55555-11-29-768x508.jpg 768w\" alt=\"\" width=\"1024\" height=\"677\" \/><\/p>","protected":false},"featured_media":4004,"template":"","meta":{"_acf_changed":false,"site-sidebar-layout":"default","site-content-layout":"","ast-site-content-layout":"default","site-content-style":"default","site-sidebar-style":"default","ast-global-header-display":"","ast-banner-title-visibility":"","ast-main-header-display":"","ast-hfb-above-header-display":"","ast-hfb-below-header-display":"","ast-hfb-mobile-header-display":"","site-post-title":"","ast-breadcrumbs-content":"","ast-featured-img":"","footer-sml-layout":"","theme-transparent-header-meta":"default","adv-header-id-meta":"","stick-header-meta":"default","header-above-stick-meta":"","header-main-stick-meta":"","header-below-stick-meta":"","astra-migrate-meta-layouts":"set","ast-page-background-enabled":"default","ast-page-background-meta":{"desktop":{"background-color":"var(--ast-global-color-4)","background-image":"","background-repeat":"repeat","background-position":"center center","background-size":"auto","background-attachment":"scroll","background-type":"","background-media":"","overlay-type":"","overlay-color":"","overlay-opacity":"","overlay-gradient":""},"tablet":{"background-color":"","background-image":"","background-repeat":"repeat","background-position":"center center","background-size":"auto","background-attachment":"scroll","background-type":"","background-media":"","overlay-type":"","overlay-color":"","overlay-opacity":"","overlay-gradient":""},"mobile":{"background-color":"","background-image":"","background-repeat":"repeat","background-position":"center center","background-size":"auto","background-attachment":"scroll","background-type":"","background-media":"","overlay-type":"","overlay-color":"","overlay-opacity":"","overlay-gradient":""}},"ast-content-background-meta":{"desktop":{"background-color":"var(--ast-global-color-5)","background-image":"","background-repeat":"repeat","background-position":"center center","background-size":"auto","background-attachment":"scroll","background-type":"","background-media":"","overlay-type":"","overlay-color":"","overlay-opacity":"","overlay-gradient":""},"tablet":{"background-color":"var(--ast-global-color-5)","background-image":"","background-repeat":"repeat","background-position":"center center","background-size":"auto","background-attachment":"scroll","background-type":"","background-media":"","overlay-type":"","overlay-color":"","overlay-opacity":"","overlay-gradient":""},"mobile":{"background-color":"var(--ast-global-color-5)","background-image":"","background-repeat":"repeat","background-position":"center center","background-size":"auto","background-attachment":"scroll","background-type":"","background-media":"","overlay-type":"","overlay-color":"","overlay-opacity":"","overlay-gradient":""}}},"tags":[],"products":[244,241],"class_list":["post-4003","product","type-product","status-publish","has-post-thumbnail","hentry","products-iron-wire","products-metal-wire"],"acf":[],"_links":{"self":[{"href":"https:\/\/oqitop.com\/es\/wp-json\/wp\/v2\/product\/4003","targetHints":{"allow":["GET"]}}],"collection":[{"href":"https:\/\/oqitop.com\/es\/wp-json\/wp\/v2\/product"}],"about":[{"href":"https:\/\/oqitop.com\/es\/wp-json\/wp\/v2\/types\/product"}],"wp:featuredmedia":[{"embeddable":true,"href":"https:\/\/oqitop.com\/es\/wp-json\/wp\/v2\/media\/4004"}],"wp:attachment":[{"href":"https:\/\/oqitop.com\/es\/wp-json\/wp\/v2\/media?parent=4003"}],"wp:term":[{"taxonomy":"post_tag","embeddable":true,"href":"https:\/\/oqitop.com\/es\/wp-json\/wp\/v2\/tags?post=4003"},{"taxonomy":"products","embeddable":true,"href":"https:\/\/oqitop.com\/es\/wp-json\/wp\/v2\/products?post=4003"}],"curies":[{"name":"wp","href":"https:\/\/api.w.org\/{rel}","templated":true}]}}