 {"id":4017,"date":"2025-12-17T17:23:00","date_gmt":"2025-12-17T09:23:00","guid":{"rendered":"https:\/\/oqitop.com\/?post_type=product&#038;p=4017"},"modified":"2026-01-15T10:13:28","modified_gmt":"2026-01-15T02:13:28","slug":"lab-grade-99-9-purtity-pt-wire-flame-color-reaction-platinum-wire","status":"publish","type":"product","link":"https:\/\/oqitop.com\/es\/product\/lab-grade-99-9-purtity-pt-wire-flame-color-reaction-platinum-wire\/","title":{"rendered":"Alambre de platino con pureza 99.9% grado laboratorio Reacci\u00f3n de color de la llama"},"content":{"rendered":"<h3 style=\"text-align: center;\"><span style=\"color: #ff0000;\">Alambre de platino con pureza 99.9% grado laboratorio Reacci\u00f3n de color de la llama<\/span><\/h3>\n<p>&nbsp;<\/p>\n<p><iframe src=\"https:\/\/www.youtube.com\/embed\/68abfnwHe7k?rel=0\" allowfullscreen=\"allowfullscreen\" data-mce-fragment=\"1\"><\/iframe><\/p>\n<p><b><strong>Introduction:<\/strong><\/b><br \/>\nPlatinum wire, typically crafted from high-purity platinum (Pt), showcases exceptional heat resistance and chemical stability. With a melting point as high as 1772\u2103, it stands as an ideal material for high-temperature experiments. In electrolysis, platinum wire exhibits excellent conductivity and minimal reactivity under specific conditions. Its remarkable reducibility and catalytic properties make platinum wire or platinum powder a significant catalyst in chemical reactions and experiments.<\/p>\n<p><b><strong>Specification:<\/strong><\/b><br \/>\nPlatinum Wire Specification: Starting from 0.015mm<br \/>\nMaterial: Platinum (Pt)<br \/>\nMelting Point: 1772\u2103<br \/>\nBoiling Point: 3827\u2103<br \/>\nDensity: 21.45g\/cm\u00b3<\/p>\n<div class=\"table-responsive\">\n<table>\n<tbody>\n<tr>\n<td width=\"279\"><b><strong>Project<\/strong><\/b><\/td>\n<td width=\"119\"><b><strong>\u00a0<\/strong><\/b><\/td>\n<td width=\"298\"><b><strong>Alambre de platino<\/strong><\/b><\/td>\n<\/tr>\n<tr>\n<td rowspan=\"14\" width=\"279\">Chemical Composition and<\/p>\n<p>Main Components<\/td>\n<td width=\"119\">Pt<\/td>\n<td width=\"298\">99.99%<\/td>\n<\/tr>\n<tr>\n<td width=\"119\">Au<\/td>\n<td width=\"298\">0.001%<\/td>\n<\/tr>\n<tr>\n<td width=\"119\">Pd<\/td>\n<td width=\"298\">0.0008%<\/td>\n<\/tr>\n<tr>\n<td width=\"119\">Rh<\/td>\n<td width=\"298\">0.0003%<\/td>\n<\/tr>\n<tr>\n<td width=\"119\">Ir<\/td>\n<td width=\"298\">0.001%<\/td>\n<\/tr>\n<tr>\n<td width=\"119\">Ag<\/td>\n<td width=\"298\">0.001%<\/td>\n<\/tr>\n<tr>\n<td width=\"119\">Cu<\/td>\n<td width=\"298\">0.0008%<\/td>\n<\/tr>\n<tr>\n<td width=\"119\">Ni<\/td>\n<td width=\"298\">0.0009%<\/td>\n<\/tr>\n<tr>\n<td width=\"119\">Fe<\/td>\n<td width=\"298\">0.001%<\/td>\n<\/tr>\n<tr>\n<td width=\"119\">Al<\/td>\n<td width=\"298\">0.0004%<\/td>\n<\/tr>\n<tr>\n<td width=\"119\">Pb<\/td>\n<td width=\"298\">0.0007%<\/td>\n<\/tr>\n<tr>\n<td width=\"119\">Sn<\/td>\n<td width=\"298\">0.001%<\/td>\n<\/tr>\n<tr>\n<td width=\"119\">Si<\/td>\n<td width=\"298\">0.0005%<\/td>\n<\/tr>\n<tr>\n<td width=\"119\">Other<\/td>\n<td width=\"298\">0.0006%<\/td>\n<\/tr>\n<\/tbody>\n<\/table>\n<\/div>\n<p><b><strong>Para personalizar diversos cables met\u00e1licos, haga clic en la imagen siguiente para obtener m\u00e1s informaci\u00f3n:<\/strong><\/b><\/p>\n<div class=\"table-responsive\">\n<table>\n<tbody>\n<tr>\n<td>&nbsp;<\/p>\n<figure id=\"attachment_3942\" class=\"wp-caption aligncenter\" aria-describedby=\"caption-attachment-3942\"><a href=\"https:\/\/oqitop.com\/es\/productos\/metal-wire\/alambre-de-oro\/\"><img decoding=\"async\" class=\"size-thumbnail wp-image-3942\" title=\"Alta pureza 99,99% Aplicaciones avanzadas de circuitos integrados de alambre de oro de alta conductividad 1\" src=\"https:\/\/oqitop.com\/wp-content\/uploads\/2025\/12\/Gold-Wire-150x150.jpg\" sizes=\"(max-width: 150px) 100vw, 150px\" srcset=\"https:\/\/oqitop.com\/wp-content\/uploads\/2025\/12\/Gold-Wire-150x150.jpg 150w, https:\/\/oqitop.com\/wp-content\/uploads\/2025\/12\/Gold-Wire.jpg 300w\" alt=\"\" width=\"150\" height=\"150\" \/><\/a><figcaption id=\"caption-attachment-3942\" class=\"wp-caption-text\"><a href=\"https:\/\/oqitop.com\/es\/productos\/metal-wire\/alambre-de-oro\/\">Hilo de oro<\/a><\/figcaption><\/figure>\n<\/td>\n<td>&nbsp;<\/p>\n<figure id=\"attachment_3943\" class=\"wp-caption aligncenter\" aria-describedby=\"caption-attachment-3943\"><a href=\"https:\/\/oqitop.com\/es\/productos\/metal-wire\/copper-wire\/\"><img decoding=\"async\" class=\"size-thumbnail wp-image-3943\" title=\"Alta pureza 99,99% Aplicaciones avanzadas de circuitos integrados de alambre de oro de alta conductividad 2\" src=\"https:\/\/oqitop.com\/wp-content\/uploads\/2025\/12\/Copper-Wire-150x150.jpg\" sizes=\"(max-width: 150px) 100vw, 150px\" srcset=\"https:\/\/oqitop.com\/wp-content\/uploads\/2025\/12\/Copper-Wire-150x150.jpg 150w, https:\/\/oqitop.com\/wp-content\/uploads\/2025\/12\/Copper-Wire.jpg 300w\" alt=\"\" width=\"150\" height=\"150\" \/><\/a><figcaption id=\"caption-attachment-3943\" class=\"wp-caption-text\"><a href=\"https:\/\/oqitop.com\/es\/productos\/metal-wire\/copper-wire\/\">Alambre de cobre<\/a><\/figcaption><\/figure>\n<\/td>\n<td>&nbsp;<\/p>\n<figure id=\"attachment_3944\" class=\"wp-caption aligncenter\" aria-describedby=\"caption-attachment-3944\"><a href=\"https:\/\/oqitop.com\/es\/productos\/metal-wire\/alambre-de-hierro\/\"><img decoding=\"async\" class=\"size-thumbnail wp-image-3944\" title=\"Alta pureza 99,99% Aplicaciones avanzadas en circuitos integrados del alambre de oro de alta conductividad 3\" src=\"https:\/\/oqitop.com\/wp-content\/uploads\/2025\/12\/lron-Wire-150x150.jpg\" sizes=\"(max-width: 150px) 100vw, 150px\" srcset=\"https:\/\/oqitop.com\/wp-content\/uploads\/2025\/12\/lron-Wire-150x150.jpg 150w, https:\/\/oqitop.com\/wp-content\/uploads\/2025\/12\/lron-Wire.jpg 300w\" alt=\"\" width=\"150\" height=\"150\" \/><\/a><figcaption id=\"caption-attachment-3944\" class=\"wp-caption-text\"><a href=\"https:\/\/oqitop.com\/es\/productos\/metal-wire\/alambre-de-hierro\/\">Alambre de hierro<\/a><\/figcaption><\/figure>\n<\/td>\n<td>&nbsp;<\/p>\n<figure id=\"attachment_3945\" class=\"wp-caption aligncenter\" aria-describedby=\"caption-attachment-3945\"><a href=\"https:\/\/oqitop.com\/es\/productos\/metal-wire\/alambre-de-platino\/\"><img loading=\"lazy\" decoding=\"async\" class=\"size-thumbnail wp-image-3945\" title=\"Alta pureza 99,99% Aplicaciones avanzadas de circuitos integrados de alambre de oro de alta conductividad 4\" src=\"https:\/\/oqitop.com\/wp-content\/uploads\/2025\/12\/Platinum-Wire-150x150.jpg\" sizes=\"(max-width: 150px) 100vw, 150px\" srcset=\"https:\/\/oqitop.com\/wp-content\/uploads\/2025\/12\/Platinum-Wire-150x150.jpg 150w, https:\/\/oqitop.com\/wp-content\/uploads\/2025\/12\/Platinum-Wire.jpg 300w\" alt=\"\" width=\"150\" height=\"150\" \/><\/a><figcaption id=\"caption-attachment-3945\" class=\"wp-caption-text\"><a href=\"https:\/\/oqitop.com\/es\/productos\/metal-wire\/alambre-de-platino\/\">Alambre de platino<\/a><\/figcaption><\/figure>\n<\/td>\n<\/tr>\n<tr>\n<td>&nbsp;<\/p>\n<figure id=\"attachment_3946\" class=\"wp-caption aligncenter\" aria-describedby=\"caption-attachment-3946\"><a href=\"https:\/\/oqitop.com\/es\/productos\/metal-wire\/silver-wire\/\"><img loading=\"lazy\" decoding=\"async\" class=\"size-thumbnail wp-image-3946\" title=\"Alta pureza 99,99% Aplicaciones avanzadas de circuitos integrados de alambre de oro de alta conductividad 5\" src=\"https:\/\/oqitop.com\/wp-content\/uploads\/2025\/12\/Silver-Wire-150x150.jpg\" sizes=\"(max-width: 150px) 100vw, 150px\" srcset=\"https:\/\/oqitop.com\/wp-content\/uploads\/2025\/12\/Silver-Wire-150x150.jpg 150w, https:\/\/oqitop.com\/wp-content\/uploads\/2025\/12\/Silver-Wire.jpg 300w\" alt=\"\" width=\"150\" height=\"150\" \/><\/a><figcaption id=\"caption-attachment-3946\" class=\"wp-caption-text\"><a href=\"https:\/\/oqitop.com\/es\/productos\/metal-wire\/silver-wire\/\">Alambre de plata<\/a><\/figcaption><\/figure>\n<\/td>\n<td>&nbsp;<\/p>\n<figure id=\"attachment_3947\" class=\"wp-caption aligncenter\" aria-describedby=\"caption-attachment-3947\"><a href=\"https:\/\/oqitop.com\/es\/productos\/metal-wire\/nickel-wire\/\"><img loading=\"lazy\" decoding=\"async\" class=\"size-thumbnail wp-image-3947\" title=\"Alta pureza 99,99% Aplicaciones avanzadas en circuitos integrados de alambre de oro de alta conductividad 6\" src=\"https:\/\/oqitop.com\/wp-content\/uploads\/2025\/12\/Nickel-Wire-150x150.jpg\" sizes=\"(max-width: 150px) 100vw, 150px\" srcset=\"https:\/\/oqitop.com\/wp-content\/uploads\/2025\/12\/Nickel-Wire-150x150.jpg 150w, https:\/\/oqitop.com\/wp-content\/uploads\/2025\/12\/Nickel-Wire.jpg 300w\" alt=\"\" width=\"150\" height=\"150\" \/><\/a><figcaption id=\"caption-attachment-3947\" class=\"wp-caption-text\"><a href=\"https:\/\/oqitop.com\/es\/productos\/metal-wire\/nickel-wire\/\">Alambre de n\u00edquel<\/a><\/figcaption><\/figure>\n<\/td>\n<td>&nbsp;<\/p>\n<figure id=\"attachment_3948\" class=\"wp-caption aligncenter\" aria-describedby=\"caption-attachment-3948\"><a href=\"https:\/\/oqitop.com\/es\/productos\/metal-wire\/iridium-wire\/\"><img loading=\"lazy\" decoding=\"async\" class=\"size-thumbnail wp-image-3948\" title=\"Alta pureza 99,99% Aplicaciones avanzadas en circuitos integrados del alambre de oro de alta conductividad 7\" src=\"https:\/\/oqitop.com\/wp-content\/uploads\/2025\/12\/lridium-wire-150x150.jpg\" sizes=\"(max-width: 150px) 100vw, 150px\" srcset=\"https:\/\/oqitop.com\/wp-content\/uploads\/2025\/12\/lridium-wire-150x150.jpg 150w, https:\/\/oqitop.com\/wp-content\/uploads\/2025\/12\/lridium-wire.jpg 300w\" alt=\"\" width=\"150\" height=\"150\" \/><\/a><figcaption id=\"caption-attachment-3948\" class=\"wp-caption-text\"><a href=\"https:\/\/oqitop.com\/es\/productos\/metal-wire\/iridium-wire\/\">hilo de iridio<\/a><\/figcaption><\/figure>\n<\/td>\n<td>&nbsp;<\/p>\n<figure id=\"attachment_3949\" class=\"wp-caption aligncenter\" aria-describedby=\"caption-attachment-3949\"><img loading=\"lazy\" decoding=\"async\" class=\"size-thumbnail wp-image-3949\" title=\"Alta pureza 99,99% Aplicaciones avanzadas en circuitos integrados de alambre de oro de alta conductividad 8\" src=\"https:\/\/oqitop.com\/wp-content\/uploads\/2025\/12\/Titanium-Wire-150x150.jpg\" sizes=\"(max-width: 150px) 100vw, 150px\" srcset=\"https:\/\/oqitop.com\/wp-content\/uploads\/2025\/12\/Titanium-Wire-150x150.jpg 150w, https:\/\/oqitop.com\/wp-content\/uploads\/2025\/12\/Titanium-Wire.jpg 300w\" alt=\"\" width=\"150\" height=\"150\" \/><figcaption id=\"caption-attachment-3949\" class=\"wp-caption-text\">Alambre de titanio<\/figcaption><\/figure>\n<\/td>\n<\/tr>\n<\/tbody>\n<\/table>\n<\/div>\n<p><img loading=\"lazy\" decoding=\"async\" class=\"aligncenter size-full wp-image-4009\" title=\"High Purity 99.99% Pt Wire High Thermal Stability and Chemical Resilience Platinum Wire 1\" src=\"https:\/\/oqitop.com\/wp-content\/uploads\/2025\/12\/11111-13.jpg\" sizes=\"(max-width: 1024px) 100vw, 1024px\" srcset=\"https:\/\/oqitop.com\/wp-content\/uploads\/2025\/12\/11111-13.jpg 1024w, https:\/\/oqitop.com\/wp-content\/uploads\/2025\/12\/11111-13-300x179.jpg 300w, https:\/\/oqitop.com\/wp-content\/uploads\/2025\/12\/11111-13-768x458.jpg 768w\" alt=\"\" width=\"1024\" height=\"611\" \/><img loading=\"lazy\" decoding=\"async\" class=\"aligncenter size-full wp-image-4010\" title=\"High Purity 99.99% Pt Wire High Thermal Stability and Chemical Resilience Platinum Wire 2\" src=\"https:\/\/oqitop.com\/wp-content\/uploads\/2025\/12\/22222-10.jpg\" sizes=\"(max-width: 1024px) 100vw, 1024px\" srcset=\"https:\/\/oqitop.com\/wp-content\/uploads\/2025\/12\/22222-10.jpg 1024w, https:\/\/oqitop.com\/wp-content\/uploads\/2025\/12\/22222-10-300x214.jpg 300w, https:\/\/oqitop.com\/wp-content\/uploads\/2025\/12\/22222-10-768x548.jpg 768w\" alt=\"\" width=\"1024\" height=\"731\" \/><img loading=\"lazy\" decoding=\"async\" class=\"aligncenter size-full wp-image-4011\" title=\"High Purity 99.99% Pt Wire High Thermal Stability and Chemical Resilience Platinum Wire 3\" src=\"https:\/\/oqitop.com\/wp-content\/uploads\/2025\/12\/55555-11-30.jpg\" sizes=\"(max-width: 1024px) 100vw, 1024px\" srcset=\"https:\/\/oqitop.com\/wp-content\/uploads\/2025\/12\/55555-11-30.jpg 1024w, https:\/\/oqitop.com\/wp-content\/uploads\/2025\/12\/55555-11-30-300x198.jpg 300w, https:\/\/oqitop.com\/wp-content\/uploads\/2025\/12\/55555-11-30-768x508.jpg 768w\" alt=\"\" width=\"1024\" height=\"677\" \/><\/p>","protected":false},"featured_media":4018,"template":"","meta":{"_acf_changed":false,"site-sidebar-layout":"default","site-content-layout":"","ast-site-content-layout":"default","site-content-style":"default","site-sidebar-style":"default","ast-global-header-display":"","ast-banner-title-visibility":"","ast-main-header-display":"","ast-hfb-above-header-display":"","ast-hfb-below-header-display":"","ast-hfb-mobile-header-display":"","site-post-title":"","ast-breadcrumbs-content":"","ast-featured-img":"","footer-sml-layout":"","theme-transparent-header-meta":"default","adv-header-id-meta":"","stick-header-meta":"default","header-above-stick-meta":"","header-main-stick-meta":"","header-below-stick-meta":"","astra-migrate-meta-layouts":"set","ast-page-background-enabled":"default","ast-page-background-meta":{"desktop":{"background-color":"var(--ast-global-color-4)","background-image":"","background-repeat":"repeat","background-position":"center center","background-size":"auto","background-attachment":"scroll","background-type":"","background-media":"","overlay-type":"","overlay-color":"","overlay-opacity":"","overlay-gradient":""},"tablet":{"background-color":"","background-image":"","background-repeat":"repeat","background-position":"center center","background-size":"auto","background-attachment":"scroll","background-type":"","background-media":"","overlay-type":"","overlay-color":"","overlay-opacity":"","overlay-gradient":""},"mobile":{"background-color":"","background-image":"","background-repeat":"repeat","background-position":"center center","background-size":"auto","background-attachment":"scroll","background-type":"","background-media":"","overlay-type":"","overlay-color":"","overlay-opacity":"","overlay-gradient":""}},"ast-content-background-meta":{"desktop":{"background-color":"var(--ast-global-color-5)","background-image":"","background-repeat":"repeat","background-position":"center center","background-size":"auto","background-attachment":"scroll","background-type":"","background-media":"","overlay-type":"","overlay-color":"","overlay-opacity":"","overlay-gradient":""},"tablet":{"background-color":"var(--ast-global-color-5)","background-image":"","background-repeat":"repeat","background-position":"center center","background-size":"auto","background-attachment":"scroll","background-type":"","background-media":"","overlay-type":"","overlay-color":"","overlay-opacity":"","overlay-gradient":""},"mobile":{"background-color":"var(--ast-global-color-5)","background-image":"","background-repeat":"repeat","background-position":"center center","background-size":"auto","background-attachment":"scroll","background-type":"","background-media":"","overlay-type":"","overlay-color":"","overlay-opacity":"","overlay-gradient":""}}},"tags":[],"products":[241,245],"class_list":["post-4017","product","type-product","status-publish","has-post-thumbnail","hentry","products-metal-wire","products-platinum-wire"],"acf":[],"_links":{"self":[{"href":"https:\/\/oqitop.com\/es\/wp-json\/wp\/v2\/product\/4017","targetHints":{"allow":["GET"]}}],"collection":[{"href":"https:\/\/oqitop.com\/es\/wp-json\/wp\/v2\/product"}],"about":[{"href":"https:\/\/oqitop.com\/es\/wp-json\/wp\/v2\/types\/product"}],"wp:featuredmedia":[{"embeddable":true,"href":"https:\/\/oqitop.com\/es\/wp-json\/wp\/v2\/media\/4018"}],"wp:attachment":[{"href":"https:\/\/oqitop.com\/es\/wp-json\/wp\/v2\/media?parent=4017"}],"wp:term":[{"taxonomy":"post_tag","embeddable":true,"href":"https:\/\/oqitop.com\/es\/wp-json\/wp\/v2\/tags?post=4017"},{"taxonomy":"products","embeddable":true,"href":"https:\/\/oqitop.com\/es\/wp-json\/wp\/v2\/products?post=4017"}],"curies":[{"name":"wp","href":"https:\/\/api.w.org\/{rel}","templated":true}]}}