 {"id":4475,"date":"2025-12-29T10:39:21","date_gmt":"2025-12-29T02:39:21","guid":{"rendered":"https:\/\/oqitop.com\/?post_type=product&#038;p=4475"},"modified":"2026-01-15T11:41:50","modified_gmt":"2026-01-15T03:41:50","slug":"carbon-foam-sheet-porous-c-foam-as-gas-diffusion-layer","status":"publish","type":"product","link":"https:\/\/oqitop.com\/es\/carbon-foam-sheet-porous-c-foam-as-gas-diffusion-layer\/","title":{"rendered":"Carbon Foam Sheet ( Porous C Foam ) as Gas Diffusion Layer"},"content":{"rendered":"<h3 style=\"text-align: center;\"><span style=\"color: #ff0000;\">Carbon Foam Sheet ( Porous C Foam ) as Gas Diffusion Layer<\/span><\/h3>\n<p>&nbsp;<\/p>\n<p><iframe src=\"https:\/\/www.youtube.com\/embed\/O1l8d5xC2Mo?rel=0\" allowfullscreen=\"allowfullscreen\" data-mce-fragment=\"1\"><\/iframe><\/p>\n<h3><b><strong>Caracter\u00edstica<\/strong><\/b><\/h3>\n<p>Adem\u00e1s de las propiedades convencionales de los materiales de carbono,\u00a0<a href=\"https:\/\/oqitop.com\/es\/productos\/metal-foam\/carbon-foam\/\"><b><strong>espuma de fibra de carbono<\/strong><\/b><\/a>\u00a0tambi\u00e9n tiene las caracter\u00edsticas de baja densidad, alta resistencia, resistencia al choque t\u00e9rmico, f\u00e1cil procesamiento y buenas propiedades f\u00edsicas y qu\u00edmicas como conductividad el\u00e9ctrica, conductividad t\u00e9rmica y absorci\u00f3n de ondas.<br \/>\n1. Baja densidad, alta resistencia<br \/>\n2. Puede fabricarse en materiales de alta o baja conductividad t\u00e9rmica<br \/>\n3. Tiene una buena resistencia a los choques t\u00e9rmicos y puede resistir los cambios bruscos de temperatura.<\/p>\n<p>1250 \u2103<br \/>\n4. Alta temperatura y resistencia a la corrosi\u00f3n<br \/>\n5. Pore size can be foamed according to customer\u2019s requirements<\/p>\n<p><b><strong>Indicadores t\u00e9cnicos<\/strong><\/b><\/p>\n<table>\n<tbody>\n<tr>\n<td width=\"53.8800%\">Espesor<\/td>\n<td width=\"46.1000%\">0,1-25 mm<\/td>\n<\/tr>\n<tr>\n<td width=\"53.8800%\">Tama\u00f1o de poro (PPI)<\/td>\n<td width=\"46.1000%\">15\/20\/30\/50\/90\/100<\/td>\n<\/tr>\n<tr>\n<td width=\"53.8800%\">Pureza(%)<\/td>\n<td width=\"46.1000%\">99.99<\/td>\n<\/tr>\n<tr>\n<td width=\"53.8800%\">Porosidad (%)<\/td>\n<td width=\"46.1000%\">50-98<\/td>\n<\/tr>\n<tr>\n<td width=\"53.8800%\">Densidad superficial(g\/m<sup>2<\/sup>)<\/td>\n<td width=\"46.1000%\">280-3000<\/td>\n<\/tr>\n<tr>\n<td width=\"53.8800%\">Tama\u00f1o (mm)<\/td>\n<td width=\"46.1000%\">10\u00d710, 50\u00d750,100\u00d7100, 200\u00d7200,<\/p>\n<p>Se puede personalizar<\/td>\n<\/tr>\n<tr>\n<td width=\"53.8800%\">Densidad(g\/cm3)<\/td>\n<td width=\"46.1000%\">0.2~1.0<\/td>\n<\/tr>\n<tr>\n<td width=\"53.8800%\">Resistencia a la compresi\u00f3n (Mpa)<\/td>\n<td width=\"46.1000%\">8~12<\/td>\n<\/tr>\n<tr>\n<td width=\"53.8800%\">M\u00f3dulo de tracci\u00f3n (Mpa)<\/td>\n<td width=\"46.1000%\">300~500<\/td>\n<\/tr>\n<tr>\n<td width=\"53.8800%\">Coeficiente de dilataci\u00f3n t\u00e9rmica (ppm\/\u2103)<\/td>\n<td width=\"46.1000%\">5.0<\/td>\n<\/tr>\n<tr>\n<td width=\"53.8800%\">Conductividad t\u00e9rmica(W\/m.k)<\/td>\n<td width=\"46.1000%\">25~80<\/td>\n<\/tr>\n<tr>\n<td width=\"53.8800%\">Resistividad(\u03a9-m)<\/td>\n<td width=\"46.1000%\">1.0\u00d710<sup>-2<\/sup>~10<sup>-5<\/sup><\/td>\n<\/tr>\n<tr>\n<td width=\"53.8800%\">Temperatura m\u00e1xima de funcionamiento<\/td>\n<td width=\"46.1000%\">600 \u2103 (en el aire)<\/p>\n<p>3000 \u2103 (en gas inerte)<\/td>\n<\/tr>\n<\/tbody>\n<\/table>\n<p><b><strong>Dimensiones<\/strong><\/b><\/p>\n<table>\n<tbody>\n<tr>\n<td>0,5 mm*100 mm*100 mm<\/td>\n<td>0,6 mm*100 mm*100 mm<\/td>\n<td>0,7 mm*100 mm*100 mm<\/td>\n<\/tr>\n<tr>\n<td>0,8 mm*100 mm*100 mm<\/td>\n<td>0,9 mm*100 mm*100 mm<\/td>\n<td>1,0 mm*100 mm*100 mm<\/td>\n<\/tr>\n<tr>\n<td>1,2 mm*100 mm*100 mm<\/td>\n<td>1,5 mm*100 mm*100 mm<\/td>\n<td>2,0 mm*100 mm*100 mm<\/td>\n<\/tr>\n<tr>\n<td>2,5 mm*100 mm*100 mm<\/td>\n<td>3,0 mm*100 mm*100 mm<\/td>\n<td><b><strong>El tama\u00f1o se puede personalizar.<\/strong><\/b><\/td>\n<\/tr>\n<\/tbody>\n<\/table>\n<p><b><strong>Para personalizar diversas espumas met\u00e1licas, haga clic en la imagen siguiente para obtener m\u00e1s informaci\u00f3n:<\/strong><\/b><\/p>\n<table>\n<tbody>\n<tr>\n<td>&nbsp;<\/p>\n<figure id=\"attachment_2567\" class=\"wp-caption aligncenter\" aria-describedby=\"caption-attachment-2567\"><a href=\"https:\/\/oqitop.com\/es\/productos\/metal-foam\/copper-foam\/\"><img decoding=\"async\" class=\"wp-image-2567 size-thumbnail\" title=\"Espuma de n\u00edquel de alta conductividad para la investigaci\u00f3n de electrodos de bater\u00edas 1\" src=\"https:\/\/oqitop.com\/wp-content\/uploads\/2025\/12\/Copper-Foam-150x150.jpg\" sizes=\"(max-width: 150px) 100vw, 150px\" srcset=\"https:\/\/oqitop.com\/wp-content\/uploads\/2025\/12\/Copper-Foam-150x150.jpg 150w, https:\/\/oqitop.com\/wp-content\/uploads\/2025\/12\/Copper-Foam-300x300.jpg 300w, https:\/\/oqitop.com\/wp-content\/uploads\/2025\/12\/Copper-Foam.jpg 600w\" alt=\"\" width=\"150\" height=\"150\" \/><\/a><figcaption id=\"caption-attachment-2567\" class=\"wp-caption-text\"><a href=\"https:\/\/oqitop.com\/es\/productos\/metal-foam\/copper-foam\/\">Espuma de cobre<\/a><\/figcaption><\/figure>\n<\/td>\n<td>&nbsp;<\/p>\n<figure id=\"attachment_2568\" class=\"wp-caption aligncenter\" aria-describedby=\"caption-attachment-2568\"><a href=\"https:\/\/oqitop.com\/es\/productos\/metal-foam\/nickel-foam\/\"><img decoding=\"async\" class=\"wp-image-2568 size-thumbnail\" title=\"Espuma de n\u00edquel de alta conductividad para la investigaci\u00f3n de electrodos de bater\u00edas 2\" src=\"https:\/\/oqitop.com\/wp-content\/uploads\/2025\/12\/Nickel-Foam-150x150.png\" sizes=\"(max-width: 150px) 100vw, 150px\" srcset=\"https:\/\/oqitop.com\/wp-content\/uploads\/2025\/12\/Nickel-Foam-150x150.png 150w, https:\/\/oqitop.com\/wp-content\/uploads\/2025\/12\/Nickel-Foam-300x300.png 300w, https:\/\/oqitop.com\/wp-content\/uploads\/2025\/12\/Nickel-Foam.png 500w\" alt=\"\" width=\"150\" height=\"150\" \/><\/a><figcaption id=\"caption-attachment-2568\" class=\"wp-caption-text\"><a href=\"https:\/\/oqitop.com\/es\/productos\/metal-foam\/nickel-foam\/\">Espuma de n\u00edquel<\/a><\/figcaption><\/figure>\n<\/td>\n<td>&nbsp;<\/p>\n<figure id=\"attachment_2569\" class=\"wp-caption aligncenter\" aria-describedby=\"caption-attachment-2569\"><a href=\"https:\/\/oqitop.com\/es\/productos\/metal-foam\/espuma-de-titanio\/\"><img decoding=\"async\" class=\"wp-image-2569 size-thumbnail\" title=\"Espuma de n\u00edquel de alta conductividad para la investigaci\u00f3n de electrodos de bater\u00edas 3\" src=\"https:\/\/oqitop.com\/wp-content\/uploads\/2025\/12\/Ti-Foam-150x150.png\" sizes=\"(max-width: 150px) 100vw, 150px\" srcset=\"https:\/\/oqitop.com\/wp-content\/uploads\/2025\/12\/Ti-Foam-150x150.png 150w, https:\/\/oqitop.com\/wp-content\/uploads\/2025\/12\/Ti-Foam-300x300.png 300w, https:\/\/oqitop.com\/wp-content\/uploads\/2025\/12\/Ti-Foam.png 500w\" alt=\"\" width=\"150\" height=\"150\" \/><\/a><figcaption id=\"caption-attachment-2569\" class=\"wp-caption-text\"><a href=\"https:\/\/oqitop.com\/es\/productos\/metal-foam\/espuma-de-titanio\/\">Ti Espuma<\/a><\/figcaption><\/figure>\n<\/td>\n<td>&nbsp;<\/p>\n<figure id=\"attachment_2571\" class=\"wp-caption aligncenter\" aria-describedby=\"caption-attachment-2571\"><a href=\"https:\/\/oqitop.com\/es\/productos\/metal-foam\/aluminum-foam\/\"><img loading=\"lazy\" decoding=\"async\" class=\"wp-image-2571 size-thumbnail\" title=\"Espuma de n\u00edquel de alta conductividad para la investigaci\u00f3n de electrodos de bater\u00edas 4\" src=\"https:\/\/oqitop.com\/wp-content\/uploads\/2025\/12\/Aluminum-Foam-1-150x150.png\" sizes=\"(max-width: 150px) 100vw, 150px\" srcset=\"https:\/\/oqitop.com\/wp-content\/uploads\/2025\/12\/Aluminum-Foam-1-150x150.png 150w, https:\/\/oqitop.com\/wp-content\/uploads\/2025\/12\/Aluminum-Foam-1-300x300.png 300w, https:\/\/oqitop.com\/wp-content\/uploads\/2025\/12\/Aluminum-Foam-1.png 529w\" alt=\"\" width=\"150\" height=\"150\" \/><\/a><figcaption id=\"caption-attachment-2571\" class=\"wp-caption-text\"><a href=\"https:\/\/oqitop.com\/es\/productos\/metal-foam\/aluminum-foam\/\">Espuma de aluminio<\/a><\/figcaption><\/figure>\n<\/td>\n<\/tr>\n<tr>\n<td>&nbsp;<\/p>\n<figure id=\"attachment_2572\" class=\"wp-caption aligncenter\" aria-describedby=\"caption-attachment-2572\"><a href=\"https:\/\/oqitop.com\/es\/productos\/metal-foam\/espuma-de-hierro-y-niquel\/\"><img loading=\"lazy\" decoding=\"async\" class=\"wp-image-2572 size-thumbnail\" title=\"Espuma de n\u00edquel de alta conductividad para la investigaci\u00f3n de electrodos de bater\u00edas 5\" src=\"https:\/\/oqitop.com\/wp-content\/uploads\/2025\/12\/Iron-Nickel-Foam-150x150.jpg\" sizes=\"(max-width: 150px) 100vw, 150px\" srcset=\"https:\/\/oqitop.com\/wp-content\/uploads\/2025\/12\/Iron-Nickel-Foam-150x150.jpg 150w, https:\/\/oqitop.com\/wp-content\/uploads\/2025\/12\/Iron-Nickel-Foam-300x300.jpg 300w, https:\/\/oqitop.com\/wp-content\/uploads\/2025\/12\/Iron-Nickel-Foam.jpg 720w\" alt=\"\" width=\"150\" height=\"150\" \/><\/a><figcaption id=\"caption-attachment-2572\" class=\"wp-caption-text\"><a href=\"https:\/\/oqitop.com\/es\/productos\/metal-foam\/espuma-de-hierro-y-niquel\/\">Espuma de hierro y n\u00edquel<\/a><\/figcaption><\/figure>\n<\/td>\n<td>&nbsp;<\/p>\n<figure id=\"attachment_2573\" class=\"wp-caption aligncenter\" aria-describedby=\"caption-attachment-2573\"><a href=\"https:\/\/oqitop.com\/es\/productos\/metal-foam\/carbon-foam\/\"><img loading=\"lazy\" decoding=\"async\" class=\"wp-image-2573 size-thumbnail\" title=\"Espuma de n\u00edquel de alta conductividad para la investigaci\u00f3n de electrodos de bater\u00edas 6\" src=\"https:\/\/oqitop.com\/wp-content\/uploads\/2025\/12\/Carbon-Foam-150x150.png\" sizes=\"(max-width: 150px) 100vw, 150px\" srcset=\"https:\/\/oqitop.com\/wp-content\/uploads\/2025\/12\/Carbon-Foam-150x150.png 150w, https:\/\/oqitop.com\/wp-content\/uploads\/2025\/12\/Carbon-Foam-300x300.png 300w, https:\/\/oqitop.com\/wp-content\/uploads\/2025\/12\/Carbon-Foam-768x768.png 768w, https:\/\/oqitop.com\/wp-content\/uploads\/2025\/12\/Carbon-Foam.png 1000w\" alt=\"\" width=\"150\" height=\"150\" \/><\/a><figcaption id=\"caption-attachment-2573\" class=\"wp-caption-text\"><a href=\"https:\/\/oqitop.com\/es\/productos\/metal-foam\/carbon-foam\/\">Espuma de carbono<\/a><\/figcaption><\/figure>\n<\/td>\n<td>&nbsp;<\/p>\n<figure id=\"attachment_2574\" class=\"wp-caption aligncenter\" aria-describedby=\"caption-attachment-2574\"><a href=\"https:\/\/oqitop.com\/es\/productos\/metal-foam\/silver-foam\/\"><img loading=\"lazy\" decoding=\"async\" class=\"wp-image-2574 size-thumbnail\" title=\"Espuma de n\u00edquel de alta conductividad para la investigaci\u00f3n de electrodos de bater\u00edas 7\" src=\"https:\/\/oqitop.com\/wp-content\/uploads\/2025\/12\/Silver-Foam-150x150.jpg\" sizes=\"(max-width: 150px) 100vw, 150px\" srcset=\"https:\/\/oqitop.com\/wp-content\/uploads\/2025\/12\/Silver-Foam-150x150.jpg 150w, https:\/\/oqitop.com\/wp-content\/uploads\/2025\/12\/Silver-Foam-300x300.jpg 300w, https:\/\/oqitop.com\/wp-content\/uploads\/2025\/12\/Silver-Foam.jpg 726w\" alt=\"\" width=\"150\" height=\"150\" \/><\/a><figcaption id=\"caption-attachment-2574\" class=\"wp-caption-text\"><a href=\"https:\/\/oqitop.com\/es\/productos\/metal-foam\/silver-foam\/\">Espuma plateada<\/a><\/figcaption><\/figure>\n<\/td>\n<td>&nbsp;<\/p>\n<figure id=\"attachment_2575\" class=\"wp-caption aligncenter\" aria-describedby=\"caption-attachment-2575\"><a href=\"https:\/\/oqitop.com\/es\/productos\/metal-foam\/cobalt-foamhttps%3a\/\/oqitop.com\/productos\/metal-foam\/cobalt-foam\/\"><img loading=\"lazy\" decoding=\"async\" class=\"wp-image-2575 size-thumbnail\" title=\"Espuma de n\u00edquel de alta conductividad para la investigaci\u00f3n de electrodos de bater\u00edas 8\" src=\"https:\/\/oqitop.com\/wp-content\/uploads\/2025\/12\/Cobalt-Foam-150x150.jpg\" sizes=\"(max-width: 150px) 100vw, 150px\" srcset=\"https:\/\/oqitop.com\/wp-content\/uploads\/2025\/12\/Cobalt-Foam-150x150.jpg 150w, https:\/\/oqitop.com\/wp-content\/uploads\/2025\/12\/Cobalt-Foam-300x300.jpg 300w, https:\/\/oqitop.com\/wp-content\/uploads\/2025\/12\/Cobalt-Foam-768x768.jpg 768w, https:\/\/oqitop.com\/wp-content\/uploads\/2025\/12\/Cobalt-Foam.jpg 800w\" alt=\"\" width=\"150\" height=\"150\" \/><\/a><figcaption id=\"caption-attachment-2575\" class=\"wp-caption-text\"><a href=\"https:\/\/oqitop.com\/es\/productos\/metal-foam\/cobalt-foam\/\">Espuma de cobalto<\/a><\/figcaption><\/figure>\n<\/td>\n<\/tr>\n<\/tbody>\n<\/table>\n<p><a href=\"https:\/\/oqitop.com\/es\/productos\/metal-foam\/carbon-foam\/\"><img loading=\"lazy\" decoding=\"async\" class=\"aligncenter size-full wp-image-3101\" title=\"Lab Customized PPI Carbon Metal Foam Material 1\" src=\"https:\/\/oqitop.com\/wp-content\/uploads\/2025\/12\/11111-1.png\" sizes=\"(max-width: 1024px) 100vw, 1024px\" srcset=\"https:\/\/oqitop.com\/wp-content\/uploads\/2025\/12\/11111-1.png 1024w, https:\/\/oqitop.com\/wp-content\/uploads\/2025\/12\/11111-1-300x141.png 300w, https:\/\/oqitop.com\/wp-content\/uploads\/2025\/12\/11111-1-768x360.png 768w\" alt=\"\" width=\"1024\" height=\"480\" \/><\/a><img loading=\"lazy\" decoding=\"async\" class=\"aligncenter size-full wp-image-3102\" title=\"Lab Customized PPI Carbon Metal Foam Material 2\" src=\"https:\/\/oqitop.com\/wp-content\/uploads\/2025\/12\/222222.png\" sizes=\"(max-width: 1024px) 100vw, 1024px\" srcset=\"https:\/\/oqitop.com\/wp-content\/uploads\/2025\/12\/222222.png 1024w, https:\/\/oqitop.com\/wp-content\/uploads\/2025\/12\/222222-300x80.png 300w, https:\/\/oqitop.com\/wp-content\/uploads\/2025\/12\/222222-768x206.png 768w\" alt=\"\" width=\"1024\" height=\"274\" \/><img loading=\"lazy\" decoding=\"async\" class=\"aligncenter size-full wp-image-3103\" title=\"Lab Customized PPI Carbon Metal Foam Material 3\" src=\"https:\/\/oqitop.com\/wp-content\/uploads\/2025\/12\/33333-3.jpg\" sizes=\"(max-width: 1024px) 100vw, 1024px\" srcset=\"https:\/\/oqitop.com\/wp-content\/uploads\/2025\/12\/33333-3.jpg 1024w, https:\/\/oqitop.com\/wp-content\/uploads\/2025\/12\/33333-3-300x213.jpg 300w, https:\/\/oqitop.com\/wp-content\/uploads\/2025\/12\/33333-3-768x545.jpg 768w\" alt=\"\" width=\"1024\" height=\"727\" \/><img loading=\"lazy\" decoding=\"async\" class=\"aligncenter size-full wp-image-3104\" title=\"Lab Customized PPI Carbon Metal Foam Material 4\" src=\"https:\/\/oqitop.com\/wp-content\/uploads\/2025\/12\/55555-2.jpg\" sizes=\"(max-width: 1024px) 100vw, 1024px\" srcset=\"https:\/\/oqitop.com\/wp-content\/uploads\/2025\/12\/55555-2.jpg 1024w, https:\/\/oqitop.com\/wp-content\/uploads\/2025\/12\/55555-2-300x198.jpg 300w, https:\/\/oqitop.com\/wp-content\/uploads\/2025\/12\/55555-2-768x508.jpg 768w\" alt=\"\" width=\"1024\" height=\"677\" \/><\/p>","protected":false},"featured_media":4476,"template":"","meta":{"_acf_changed":false,"site-sidebar-layout":"default","site-content-layout":"","ast-site-content-layout":"default","site-content-style":"default","site-sidebar-style":"default","ast-global-header-display":"","ast-banner-title-visibility":"","ast-main-header-display":"","ast-hfb-above-header-display":"","ast-hfb-below-header-display":"","ast-hfb-mobile-header-display":"","site-post-title":"","ast-breadcrumbs-content":"","ast-featured-img":"","footer-sml-layout":"","theme-transparent-header-meta":"default","adv-header-id-meta":"","stick-header-meta":"default","header-above-stick-meta":"","header-main-stick-meta":"","header-below-stick-meta":"","astra-migrate-meta-layouts":"set","ast-page-background-enabled":"default","ast-page-background-meta":{"desktop":{"background-color":"var(--ast-global-color-4)","background-image":"","background-repeat":"repeat","background-position":"center center","background-size":"auto","background-attachment":"scroll","background-type":"","background-media":"","overlay-type":"","overlay-color":"","overlay-opacity":"","overlay-gradient":""},"tablet":{"background-color":"","background-image":"","background-repeat":"repeat","background-position":"center center","background-size":"auto","background-attachment":"scroll","background-type":"","background-media":"","overlay-type":"","overlay-color":"","overlay-opacity":"","overlay-gradient":""},"mobile":{"background-color":"","background-image":"","background-repeat":"repeat","background-position":"center center","background-size":"auto","background-attachment":"scroll","background-type":"","background-media":"","overlay-type":"","overlay-color":"","overlay-opacity":"","overlay-gradient":""}},"ast-content-background-meta":{"desktop":{"background-color":"var(--ast-global-color-5)","background-image":"","background-repeat":"repeat","background-position":"center center","background-size":"auto","background-attachment":"scroll","background-type":"","background-media":"","overlay-type":"","overlay-color":"","overlay-opacity":"","overlay-gradient":""},"tablet":{"background-color":"var(--ast-global-color-5)","background-image":"","background-repeat":"repeat","background-position":"center center","background-size":"auto","background-attachment":"scroll","background-type":"","background-media":"","overlay-type":"","overlay-color":"","overlay-opacity":"","overlay-gradient":""},"mobile":{"background-color":"var(--ast-global-color-5)","background-image":"","background-repeat":"repeat","background-position":"center center","background-size":"auto","background-attachment":"scroll","background-type":"","background-media":"","overlay-type":"","overlay-color":"","overlay-opacity":"","overlay-gradient":""}}},"tags":[],"products":[208,200],"class_list":["post-4475","product","type-product","status-publish","has-post-thumbnail","hentry","products-carbon-foam","products-metal-foam"],"acf":[],"_links":{"self":[{"href":"https:\/\/oqitop.com\/es\/wp-json\/wp\/v2\/product\/4475","targetHints":{"allow":["GET"]}}],"collection":[{"href":"https:\/\/oqitop.com\/es\/wp-json\/wp\/v2\/product"}],"about":[{"href":"https:\/\/oqitop.com\/es\/wp-json\/wp\/v2\/types\/product"}],"wp:featuredmedia":[{"embeddable":true,"href":"https:\/\/oqitop.com\/es\/wp-json\/wp\/v2\/media\/4476"}],"wp:attachment":[{"href":"https:\/\/oqitop.com\/es\/wp-json\/wp\/v2\/media?parent=4475"}],"wp:term":[{"taxonomy":"post_tag","embeddable":true,"href":"https:\/\/oqitop.com\/es\/wp-json\/wp\/v2\/tags?post=4475"},{"taxonomy":"products","embeddable":true,"href":"https:\/\/oqitop.com\/es\/wp-json\/wp\/v2\/products?post=4475"}],"curies":[{"name":"wp","href":"https:\/\/api.w.org\/{rel}","templated":true}]}}