 {"id":4613,"date":"2026-01-01T16:37:14","date_gmt":"2026-01-01T08:37:14","guid":{"rendered":"https:\/\/oqitop.com\/?post_type=product&#038;p=4613"},"modified":"2026-01-15T16:10:47","modified_gmt":"2026-01-15T08:10:47","slug":"lab-materials-ti-metal-mesh-ti-mesh-titanium-woven-mesh-suitable-for-hydrogen-production","status":"publish","type":"product","link":"https:\/\/oqitop.com\/es\/lab-materials-ti-metal-mesh-ti-mesh-titanium-woven-mesh-suitable-for-hydrogen-production\/","title":{"rendered":"Materiales de laboratorio Malla met\u00e1lica Ti Malla tejida de titanio adecuada para la producci\u00f3n de hidr\u00f3geno"},"content":{"rendered":"<h5 style=\"text-align: center;\"><span style=\"color: #ff0000;\">Materiales de laboratorio Malla met\u00e1lica Ti Malla tejida de titanio adecuada para la producci\u00f3n de hidr\u00f3geno<\/span><\/h5>\n<p><iframe src=\"https:\/\/www.youtube.com\/embed\/IldIVcgUvGM?rel=0\" allowfullscreen=\"allowfullscreen\" data-mce-fragment=\"1\"><\/iframe><\/p>\n<p align=\"left\"><strong>Introducci\u00f3n<\/strong><\/p>\n<p class=\"\"><strong><a href=\"https:\/\/oqitop.com\/es\/productos\/malla-metalica\/malla-de-titanio\/\" target=\"_blank\" rel=\"nofollow noopener\">Titanium mesh<\/a><\/strong>\u00a0is used in many applications, such as seawater- shipbuilding, military, mechanical industry, chemical, petroleum, pharmaceutical, medicine, satellite, aerospace, environmental industry, electroplating, battery, surgery, filtration, chemical filter, mechanical filter, oil filter, electromagnetic shielding, electric, power, water desalination, heat exchanger, energy, paper industry, titanium electrode, etc.<\/p>\n<p class=\"\">\u00b7Material: TA1, TA2, TC4, TA10, etc<\/p>\n<p class=\"\">\u00b7Titanium wire woven net is made of titanium wire by crossing warp and weft. The mesh is square or rectangular.<\/p>\n<p class=\"\">\u00b7Net width: 20-5000mm. Wire diameter: 0.05-6mm. Aperture: 0.003mm-100mm. Mesh: 1-400 mesh.<\/p>\n<p class=\"\">\u00b7Knitting methods: plain, twill, embossing, mat type.<\/p>\n<p class=\"\"><strong>Especificaciones<\/strong><\/p>\n<p class=\"\" align=\"justify\">The following three data are mesh\u00a0number, wire diameter and aperture<img fetchpriority=\"high\" decoding=\"async\" class=\"aligncenter size-full wp-image-3759\" title=\"Ti Metal Mesh Titanium Metal Mesh For Electrolyzer Water Treatment 1\" src=\"https:\/\/oqitop.com\/wp-content\/uploads\/2025\/12\/11111-4.png\" sizes=\"(max-width: 1024px) 100vw, 1024px\" srcset=\"https:\/\/oqitop.com\/wp-content\/uploads\/2025\/12\/11111-4.png 1024w, https:\/\/oqitop.com\/wp-content\/uploads\/2025\/12\/11111-4-256x300.png 256w, https:\/\/oqitop.com\/wp-content\/uploads\/2025\/12\/11111-4-873x1024.png 873w, https:\/\/oqitop.com\/wp-content\/uploads\/2025\/12\/11111-4-768x901.png 768w\" alt=\"\" width=\"1024\" height=\"1201\" \/><\/p>\n<p><b><strong>Para personalizar varias mallas met\u00e1licas, por favor haga clic en la imagen de abajo para m\u00e1s detalles\uff1a.<\/strong><\/b><\/p>\n<div class=\"table-responsive\">\n<table>\n<tbody>\n<tr>\n<td>&nbsp;<\/p>\n<figure id=\"attachment_3760\" class=\"wp-caption aligncenter\" aria-describedby=\"caption-attachment-3760\"><a href=\"https:\/\/oqitop.com\/es\/productos\/malla-metalica\/malla-de-aluminio\/\"><img decoding=\"async\" class=\"size-thumbnail wp-image-3760\" title=\"Malla met\u00e1lica de titanio Malla met\u00e1lica de titanio para electrolizador Tratamiento de agua 2\" src=\"https:\/\/oqitop.com\/wp-content\/uploads\/2025\/12\/Aluminium-Mesh-150x150.jpg\" sizes=\"(max-width: 150px) 100vw, 150px\" srcset=\"https:\/\/oqitop.com\/wp-content\/uploads\/2025\/12\/Aluminium-Mesh-150x150.jpg 150w, https:\/\/oqitop.com\/wp-content\/uploads\/2025\/12\/Aluminium-Mesh-300x300.jpg 300w, https:\/\/oqitop.com\/wp-content\/uploads\/2025\/12\/Aluminium-Mesh-768x768.jpg 768w, https:\/\/oqitop.com\/wp-content\/uploads\/2025\/12\/Aluminium-Mesh.jpg 1000w\" alt=\"\" width=\"150\" height=\"150\" \/><\/a><figcaption id=\"caption-attachment-3760\" class=\"wp-caption-text\"><a href=\"https:\/\/oqitop.com\/es\/productos\/malla-metalica\/malla-de-aluminio\/\">Malla de aluminio<\/a><\/figcaption><\/figure>\n<\/td>\n<td>&nbsp;<\/p>\n<figure id=\"attachment_3761\" class=\"wp-caption aligncenter\" aria-describedby=\"caption-attachment-3761\"><a href=\"https:\/\/oqitop.com\/es\/productos\/malla-metalica\/malla-de-cobre\/\"><img decoding=\"async\" class=\"size-thumbnail wp-image-3761\" title=\"Ti Metal Mesh Titanium Metal Mesh For Electrolyzer Water Treatment 3\" src=\"https:\/\/oqitop.com\/wp-content\/uploads\/2025\/12\/Copper-Mesh-150x150.jpg\" sizes=\"(max-width: 150px) 100vw, 150px\" srcset=\"https:\/\/oqitop.com\/wp-content\/uploads\/2025\/12\/Copper-Mesh-150x150.jpg 150w, https:\/\/oqitop.com\/wp-content\/uploads\/2025\/12\/Copper-Mesh-300x300.jpg 300w, https:\/\/oqitop.com\/wp-content\/uploads\/2025\/12\/Copper-Mesh-768x768.jpg 768w, https:\/\/oqitop.com\/wp-content\/uploads\/2025\/12\/Copper-Mesh.jpg 1000w\" alt=\"\" width=\"150\" height=\"150\" \/><\/a><figcaption id=\"caption-attachment-3761\" class=\"wp-caption-text\"><a href=\"https:\/\/oqitop.com\/es\/productos\/malla-metalica\/malla-de-cobre\/\">Malla de cobre<\/a><\/figcaption><\/figure>\n<\/td>\n<td>&nbsp;<\/p>\n<figure id=\"attachment_3762\" class=\"wp-caption aligncenter\" aria-describedby=\"caption-attachment-3762\"><a href=\"https:\/\/oqitop.com\/es\/productos\/malla-metalica\/tungsten-mesh\/\"><img loading=\"lazy\" decoding=\"async\" class=\"size-thumbnail wp-image-3762\" title=\"Ti Metal Mesh Titanium Metal Mesh For Electrolyzer Water Treatment 4\" src=\"https:\/\/oqitop.com\/wp-content\/uploads\/2025\/12\/Tungsten-Mesh-150x150.jpg\" sizes=\"(max-width: 150px) 100vw, 150px\" srcset=\"https:\/\/oqitop.com\/wp-content\/uploads\/2025\/12\/Tungsten-Mesh-150x150.jpg 150w, https:\/\/oqitop.com\/wp-content\/uploads\/2025\/12\/Tungsten-Mesh-300x300.jpg 300w, https:\/\/oqitop.com\/wp-content\/uploads\/2025\/12\/Tungsten-Mesh.jpg 750w\" alt=\"\" width=\"150\" height=\"150\" \/><\/a><figcaption id=\"caption-attachment-3762\" class=\"wp-caption-text\"><a href=\"https:\/\/oqitop.com\/es\/productos\/malla-metalica\/tungsten-mesh\/\">Malla de tungsteno<\/a><\/figcaption><\/figure>\n<\/td>\n<td>&nbsp;<\/p>\n<figure id=\"attachment_3763\" class=\"wp-caption aligncenter\" aria-describedby=\"caption-attachment-3763\"><a href=\"https:\/\/oqitop.com\/es\/productos\/malla-metalica\/nickel-mesh\/\"><img loading=\"lazy\" decoding=\"async\" class=\"size-thumbnail wp-image-3763\" title=\"Malla met\u00e1lica de titanio Malla met\u00e1lica de titanio para electrolizador Tratamiento de agua 5\" src=\"https:\/\/oqitop.com\/wp-content\/uploads\/2025\/12\/Nickel-Mesh-150x150.jpg\" sizes=\"(max-width: 150px) 100vw, 150px\" srcset=\"https:\/\/oqitop.com\/wp-content\/uploads\/2025\/12\/Nickel-Mesh-150x150.jpg 150w, https:\/\/oqitop.com\/wp-content\/uploads\/2025\/12\/Nickel-Mesh-300x300.jpg 300w, https:\/\/oqitop.com\/wp-content\/uploads\/2025\/12\/Nickel-Mesh-768x768.jpg 768w, https:\/\/oqitop.com\/wp-content\/uploads\/2025\/12\/Nickel-Mesh.jpg 800w\" alt=\"\" width=\"150\" height=\"150\" \/><\/a><figcaption id=\"caption-attachment-3763\" class=\"wp-caption-text\"><a href=\"https:\/\/oqitop.com\/es\/productos\/malla-metalica\/nickel-mesh\/\">Malla de n\u00edquel<\/a><\/figcaption><\/figure>\n<\/td>\n<\/tr>\n<tr>\n<td>&nbsp;<\/p>\n<figure id=\"attachment_3764\" class=\"wp-caption aligncenter\" aria-describedby=\"caption-attachment-3764\"><a href=\"https:\/\/oqitop.com\/es\/productos\/malla-metalica\/malla-de-titanio\/\"><img loading=\"lazy\" decoding=\"async\" class=\"size-thumbnail wp-image-3764\" title=\"Ti Metal Mesh Titanium Metal Mesh For Electrolyzer Water Treatment 6\" src=\"https:\/\/oqitop.com\/wp-content\/uploads\/2025\/12\/Titanium-Mesh-150x150.jpg\" sizes=\"(max-width: 150px) 100vw, 150px\" srcset=\"https:\/\/oqitop.com\/wp-content\/uploads\/2025\/12\/Titanium-Mesh-150x150.jpg 150w, https:\/\/oqitop.com\/wp-content\/uploads\/2025\/12\/Titanium-Mesh-300x300.jpg 300w, https:\/\/oqitop.com\/wp-content\/uploads\/2025\/12\/Titanium-Mesh-768x768.jpg 768w, https:\/\/oqitop.com\/wp-content\/uploads\/2025\/12\/Titanium-Mesh.jpg 1001w\" alt=\"\" width=\"150\" height=\"150\" \/><\/a><figcaption id=\"caption-attachment-3764\" class=\"wp-caption-text\"><a href=\"https:\/\/oqitop.com\/es\/productos\/malla-metalica\/malla-de-titanio\/\">Malla de titanio<\/a><\/figcaption><\/figure>\n<\/td>\n<td>&nbsp;<\/p>\n<figure id=\"attachment_3765\" class=\"wp-caption aligncenter\" aria-describedby=\"caption-attachment-3765\"><a href=\"https:\/\/oqitop.com\/es\/productos\/malla-metalica\/silver-mesh\/\"><img loading=\"lazy\" decoding=\"async\" class=\"size-thumbnail wp-image-3765\" title=\"Malla met\u00e1lica de titanio Malla met\u00e1lica de titanio para electrolizador Tratamiento de agua 7\" src=\"https:\/\/oqitop.com\/wp-content\/uploads\/2025\/12\/Silver-Mesh-150x150.png\" sizes=\"(max-width: 150px) 100vw, 150px\" srcset=\"https:\/\/oqitop.com\/wp-content\/uploads\/2025\/12\/Silver-Mesh-150x150.png 150w, https:\/\/oqitop.com\/wp-content\/uploads\/2025\/12\/Silver-Mesh-300x300.png 300w, https:\/\/oqitop.com\/wp-content\/uploads\/2025\/12\/Silver-Mesh-768x768.png 768w, https:\/\/oqitop.com\/wp-content\/uploads\/2025\/12\/Silver-Mesh.png 800w\" alt=\"\" width=\"150\" height=\"150\" \/><\/a><figcaption id=\"caption-attachment-3765\" class=\"wp-caption-text\"><a href=\"https:\/\/oqitop.com\/es\/productos\/malla-metalica\/silver-mesh\/\">Malla plateada<\/a><\/figcaption><\/figure>\n<\/td>\n<td>&nbsp;<\/p>\n<figure id=\"attachment_3766\" class=\"wp-caption aligncenter\" aria-describedby=\"caption-attachment-3766\"><a href=\"https:\/\/oqitop.com\/es\/productos\/malla-metalica\/molybdenum-mesh\/\"><img loading=\"lazy\" decoding=\"async\" class=\"size-thumbnail wp-image-3766\" title=\"Malla met\u00e1lica de titanio Malla met\u00e1lica de titanio para electrolizador Tratamiento de agua 8\" src=\"https:\/\/oqitop.com\/wp-content\/uploads\/2025\/12\/Molybdenum-Mesh-150x150.jpg\" sizes=\"(max-width: 150px) 100vw, 150px\" srcset=\"https:\/\/oqitop.com\/wp-content\/uploads\/2025\/12\/Molybdenum-Mesh-150x150.jpg 150w, https:\/\/oqitop.com\/wp-content\/uploads\/2025\/12\/Molybdenum-Mesh-300x300.jpg 300w, https:\/\/oqitop.com\/wp-content\/uploads\/2025\/12\/Molybdenum-Mesh-1024x1024.jpg 1024w, https:\/\/oqitop.com\/wp-content\/uploads\/2025\/12\/Molybdenum-Mesh-768x768.jpg 768w, https:\/\/oqitop.com\/wp-content\/uploads\/2025\/12\/Molybdenum-Mesh.jpg 1500w\" alt=\"\" width=\"150\" height=\"150\" \/><\/a><figcaption id=\"caption-attachment-3766\" class=\"wp-caption-text\"><a href=\"https:\/\/oqitop.com\/es\/productos\/malla-metalica\/molybdenum-mesh\/\">Malla de molibdeno<\/a><\/figcaption><\/figure>\n<\/td>\n<td>&nbsp;<\/p>\n<figure id=\"attachment_3767\" class=\"wp-caption aligncenter\" aria-describedby=\"caption-attachment-3767\"><a href=\"https:\/\/oqitop.com\/es\/productos\/malla-metalica\/stainless-steel-mesh\/\"><img loading=\"lazy\" decoding=\"async\" class=\"size-thumbnail wp-image-3767\" title=\"Malla met\u00e1lica de titanio Malla met\u00e1lica de titanio para electrolizador Tratamiento de agua 9\" src=\"https:\/\/oqitop.com\/wp-content\/uploads\/2025\/12\/Steeless-Mesh-150x150.png\" sizes=\"(max-width: 150px) 100vw, 150px\" srcset=\"https:\/\/oqitop.com\/wp-content\/uploads\/2025\/12\/Steeless-Mesh-150x150.png 150w, https:\/\/oqitop.com\/wp-content\/uploads\/2025\/12\/Steeless-Mesh-300x300.png 300w, https:\/\/oqitop.com\/wp-content\/uploads\/2025\/12\/Steeless-Mesh-768x768.png 768w, https:\/\/oqitop.com\/wp-content\/uploads\/2025\/12\/Steeless-Mesh.png 800w\" alt=\"\" width=\"150\" height=\"150\" \/><\/a><figcaption id=\"caption-attachment-3767\" class=\"wp-caption-text\"><a href=\"https:\/\/oqitop.com\/es\/productos\/malla-metalica\/stainless-steel-mesh\/\">Malla Steeless<\/a><\/figcaption><\/figure>\n<\/td>\n<\/tr>\n<\/tbody>\n<\/table>\n<\/div>\n<p><strong>Tambi\u00e9n podemos personalizar varias mallas met\u00e1licas; p\u00f3ngase en contacto con nosotros si lo necesita.<img loading=\"lazy\" decoding=\"async\" class=\"aligncenter size-full wp-image-3782\" title=\"Ti Metal Mesh Titanium Metal Mesh For Electrolyzer Water Treatment 10\" src=\"https:\/\/oqitop.com\/wp-content\/uploads\/2025\/12\/12345.jpg\" sizes=\"(max-width: 1024px) 100vw, 1024px\" srcset=\"https:\/\/oqitop.com\/wp-content\/uploads\/2025\/12\/12345.jpg 1024w, https:\/\/oqitop.com\/wp-content\/uploads\/2025\/12\/12345-300x155.jpg 300w, https:\/\/oqitop.com\/wp-content\/uploads\/2025\/12\/12345-768x397.jpg 768w\" alt=\"\" width=\"1024\" height=\"529\" \/><\/strong><\/p>\n<p>&nbsp;<\/p>\n<p><img loading=\"lazy\" decoding=\"async\" class=\"aligncenter size-full wp-image-3769\" title=\"Ti Metal Mesh Titanium Metal Mesh For Electrolyzer Water Treatment 11\" src=\"https:\/\/oqitop.com\/wp-content\/uploads\/2025\/12\/22222-3.png\" sizes=\"(max-width: 1024px) 100vw, 1024px\" srcset=\"https:\/\/oqitop.com\/wp-content\/uploads\/2025\/12\/22222-3.png 1024w, https:\/\/oqitop.com\/wp-content\/uploads\/2025\/12\/22222-3-297x300.png 297w, https:\/\/oqitop.com\/wp-content\/uploads\/2025\/12\/22222-3-1014x1024.png 1014w, https:\/\/oqitop.com\/wp-content\/uploads\/2025\/12\/22222-3-150x150.png 150w, https:\/\/oqitop.com\/wp-content\/uploads\/2025\/12\/22222-3-768x776.png 768w\" alt=\"\" width=\"1024\" height=\"1034\" \/><img loading=\"lazy\" decoding=\"async\" class=\"aligncenter size-full wp-image-3770\" title=\"Ti Metal Mesh Titanium Metal Mesh For Electrolyzer Water Treatment 12\" src=\"https:\/\/oqitop.com\/wp-content\/uploads\/2025\/12\/55555-11-18.jpg\" sizes=\"(max-width: 1024px) 100vw, 1024px\" srcset=\"https:\/\/oqitop.com\/wp-content\/uploads\/2025\/12\/55555-11-18.jpg 1024w, https:\/\/oqitop.com\/wp-content\/uploads\/2025\/12\/55555-11-18-300x198.jpg 300w, https:\/\/oqitop.com\/wp-content\/uploads\/2025\/12\/55555-11-18-768x508.jpg 768w\" alt=\"\" width=\"1024\" height=\"677\" \/><\/p>","protected":false},"featured_media":4615,"template":"","meta":{"_acf_changed":false,"site-sidebar-layout":"default","site-content-layout":"","ast-site-content-layout":"default","site-content-style":"default","site-sidebar-style":"default","ast-global-header-display":"","ast-banner-title-visibility":"","ast-main-header-display":"","ast-hfb-above-header-display":"","ast-hfb-below-header-display":"","ast-hfb-mobile-header-display":"","site-post-title":"","ast-breadcrumbs-content":"","ast-featured-img":"","footer-sml-layout":"","theme-transparent-header-meta":"default","adv-header-id-meta":"","stick-header-meta":"default","header-above-stick-meta":"","header-main-stick-meta":"","header-below-stick-meta":"","astra-migrate-meta-layouts":"set","ast-page-background-enabled":"default","ast-page-background-meta":{"desktop":{"background-color":"var(--ast-global-color-4)","background-image":"","background-repeat":"repeat","background-position":"center center","background-size":"auto","background-attachment":"scroll","background-type":"","background-media":"","overlay-type":"","overlay-color":"","overlay-opacity":"","overlay-gradient":""},"tablet":{"background-color":"","background-image":"","background-repeat":"repeat","background-position":"center center","background-size":"auto","background-attachment":"scroll","background-type":"","background-media":"","overlay-type":"","overlay-color":"","overlay-opacity":"","overlay-gradient":""},"mobile":{"background-color":"","background-image":"","background-repeat":"repeat","background-position":"center center","background-size":"auto","background-attachment":"scroll","background-type":"","background-media":"","overlay-type":"","overlay-color":"","overlay-opacity":"","overlay-gradient":""}},"ast-content-background-meta":{"desktop":{"background-color":"var(--ast-global-color-5)","background-image":"","background-repeat":"repeat","background-position":"center center","background-size":"auto","background-attachment":"scroll","background-type":"","background-media":"","overlay-type":"","overlay-color":"","overlay-opacity":"","overlay-gradient":""},"tablet":{"background-color":"var(--ast-global-color-5)","background-image":"","background-repeat":"repeat","background-position":"center center","background-size":"auto","background-attachment":"scroll","background-type":"","background-media":"","overlay-type":"","overlay-color":"","overlay-opacity":"","overlay-gradient":""},"mobile":{"background-color":"var(--ast-global-color-5)","background-image":"","background-repeat":"repeat","background-position":"center center","background-size":"auto","background-attachment":"scroll","background-type":"","background-media":"","overlay-type":"","overlay-color":"","overlay-opacity":"","overlay-gradient":""}}},"tags":[],"products":[231,232],"class_list":["post-4613","product","type-product","status-publish","has-post-thumbnail","hentry","products-metal-mesh","products-titanium-mesh"],"acf":[],"_links":{"self":[{"href":"https:\/\/oqitop.com\/es\/wp-json\/wp\/v2\/product\/4613","targetHints":{"allow":["GET"]}}],"collection":[{"href":"https:\/\/oqitop.com\/es\/wp-json\/wp\/v2\/product"}],"about":[{"href":"https:\/\/oqitop.com\/es\/wp-json\/wp\/v2\/types\/product"}],"wp:featuredmedia":[{"embeddable":true,"href":"https:\/\/oqitop.com\/es\/wp-json\/wp\/v2\/media\/4615"}],"wp:attachment":[{"href":"https:\/\/oqitop.com\/es\/wp-json\/wp\/v2\/media?parent=4613"}],"wp:term":[{"taxonomy":"post_tag","embeddable":true,"href":"https:\/\/oqitop.com\/es\/wp-json\/wp\/v2\/tags?post=4613"},{"taxonomy":"products","embeddable":true,"href":"https:\/\/oqitop.com\/es\/wp-json\/wp\/v2\/products?post=4613"}],"curies":[{"name":"wp","href":"https:\/\/api.w.org\/{rel}","templated":true}]}}