 {"id":4742,"date":"2026-01-04T11:06:57","date_gmt":"2026-01-04T03:06:57","guid":{"rendered":"https:\/\/oqitop.com\/?post_type=product&#038;p=4742"},"modified":"2026-01-15T16:33:47","modified_gmt":"2026-01-15T08:33:47","slug":"aluminum-plain-wire-mesh-edge-inward-decorated-mesh-expanded-metal-mesh","status":"publish","type":"product","link":"https:\/\/oqitop.com\/es\/aluminum-plain-wire-mesh-edge-inward-decorated-mesh-expanded-metal-mesh\/","title":{"rendered":"Malla de alambre liso de aluminio, malla decorada con bordes hacia dentro Malla de metal expandido"},"content":{"rendered":"<h3 style=\"text-align: center;\"><span style=\"color: #ff0000;\">Malla de alambre liso de aluminio, malla decorada con bordes hacia dentro Malla de metal expandido<\/span><\/h3>\n<p><iframe src=\"https:\/\/www.youtube.com\/embed\/W0I76EAQTzs?rel=0\" allowfullscreen=\"allowfullscreen\" data-mce-fragment=\"1\"><\/iframe><\/p>\n<p><b><strong>Introducci\u00f3n<\/strong><\/b><\/p>\n<ul>\n<li><b><strong><a href=\"https:\/\/oqitop.com\/es\/productos\/malla-metalica\/malla-de-aluminio\/\">Malla de aluminio<\/a><\/strong><\/b>es un material vers\u00e1til fabricado a partir de papel de aluminio, famoso por su ligereza, flexibilidad y maleabilidad. Se emplea ampliamente en diversas aplicaciones, como el blindaje de electrodos, la construcci\u00f3n energ\u00e9tica, los equipos de filtraci\u00f3n de aire, la protecci\u00f3n, la decoraci\u00f3n y la recepci\u00f3n de se\u00f1ales.<\/li>\n<li>La malla de papel de aluminio, que suele formarse apilando y estampando varias capas, se utiliza mucho para filtrar l\u00edquidos. Se utiliza sobre todo en sistemas de aire acondicionado, donde filtra eficazmente el aire, las salidas de aire e incluso los vapores de aceite.<\/li>\n<\/ul>\n<p><b><strong>Par\u00e1metros<\/strong><\/b><\/p>\n<div class=\"table-responsive\">\n<table>\n<tbody>\n<tr>\n<td width=\"112\"><b><strong>\u00a0Malla\u00a0<\/strong><\/b><b><strong>T<\/strong><\/b><b><strong>hickness<\/strong><\/b><\/td>\n<td colspan=\"4\" width=\"379\">0,05-5 mm<\/td>\n<\/tr>\n<tr>\n<td width=\"112\"><b><strong>Malla\u00a0<\/strong><\/b><b><strong>W<\/strong><\/b><b><strong>idth<\/strong><\/b><\/td>\n<td colspan=\"4\" width=\"379\">10-2000mm<\/td>\n<\/tr>\n<tr>\n<td rowspan=\"4\" width=\"112\"><b><strong>Malla\u00a0<\/strong><\/b><b><strong>H<\/strong><\/b><b><strong>ole<\/strong><\/b><\/td>\n<td width=\"94\">0,3*0,6 mm<\/td>\n<td width=\"88\">0,5*1 mm<\/td>\n<td width=\"98\">0,8*1,6 mm<\/td>\n<td width=\"98\">1*2mm<\/td>\n<\/tr>\n<tr>\n<td width=\"94\">1,25*2,5 mm<\/td>\n<td width=\"88\">1,5*3 mm<\/td>\n<td width=\"98\">2*3 mm<\/td>\n<td width=\"98\">2*4mm<\/td>\n<\/tr>\n<tr>\n<td width=\"94\">2,5*5 mm<\/td>\n<td width=\"88\">3*6mm<\/td>\n<td width=\"98\">4*8mm<\/td>\n<td width=\"98\">5*10mm<\/td>\n<\/tr>\n<tr>\n<td width=\"94\">6*12mm<\/td>\n<td width=\"88\">8*16mm<\/td>\n<td width=\"98\">10*20mm<\/td>\n<td width=\"98\">50*100mm<\/td>\n<\/tr>\n<tr>\n<td rowspan=\"4\" width=\"112\"><b><strong>\u00a0 \u00a0Malla<\/strong><\/b><\/td>\n<td width=\"94\">10<\/td>\n<td width=\"88\">12<\/td>\n<td width=\"98\">14<\/td>\n<td width=\"98\">16<\/td>\n<\/tr>\n<tr>\n<td width=\"94\">18<\/td>\n<td width=\"88\">20<\/td>\n<td width=\"98\">28<\/td>\n<td width=\"98\">30<\/td>\n<\/tr>\n<tr>\n<td width=\"94\">40<\/td>\n<td width=\"88\">50<\/td>\n<td width=\"98\">60<\/td>\n<td width=\"98\">70<\/td>\n<\/tr>\n<tr>\n<td width=\"94\">80<\/td>\n<td width=\"88\">90<\/td>\n<td width=\"98\">100<\/td>\n<td width=\"98\">personalizado<\/td>\n<\/tr>\n<\/tbody>\n<\/table>\n<p class=\"\" align=\"justify\"><strong>Especificaciones<\/strong><\/p>\n<p class=\"\" align=\"justify\">Los tres datos siguientes son el n\u00famero de malla, el di\u00e1metro del alambre y la abertura<img fetchpriority=\"high\" decoding=\"async\" class=\"aligncenter size-full wp-image-3809\" title=\"Malla tejida de aluminio resistente a la corrosi\u00f3n para una mayor duraci\u00f3n 1\" src=\"https:\/\/oqitop.com\/wp-content\/uploads\/2025\/12\/11111-4-3.png\" sizes=\"(max-width: 1024px) 100vw, 1024px\" srcset=\"https:\/\/oqitop.com\/wp-content\/uploads\/2025\/12\/11111-4-3.png 1024w, https:\/\/oqitop.com\/wp-content\/uploads\/2025\/12\/11111-4-3-256x300.png 256w, https:\/\/oqitop.com\/wp-content\/uploads\/2025\/12\/11111-4-3-873x1024.png 873w, https:\/\/oqitop.com\/wp-content\/uploads\/2025\/12\/11111-4-3-768x901.png 768w\" alt=\"\" width=\"1024\" height=\"1201\" \/><img decoding=\"async\" class=\"aligncenter size-full wp-image-3810\" title=\"Malla tejida de aluminio resistente a la corrosi\u00f3n para una mayor duraci\u00f3n 2\" src=\"https:\/\/oqitop.com\/wp-content\/uploads\/2025\/12\/2222-3.jpg\" sizes=\"(max-width: 1024px) 100vw, 1024px\" srcset=\"https:\/\/oqitop.com\/wp-content\/uploads\/2025\/12\/2222-3.jpg 1024w, https:\/\/oqitop.com\/wp-content\/uploads\/2025\/12\/2222-3-300x251.jpg 300w, https:\/\/oqitop.com\/wp-content\/uploads\/2025\/12\/2222-3-768x643.jpg 768w\" alt=\"\" width=\"1024\" height=\"857\" \/><\/p>\n<p><b><strong>Para personalizar varias mallas met\u00e1licas, por favor haga clic en la imagen de abajo para m\u00e1s detalles\uff1a.<\/strong><\/b><\/p>\n<table>\n<tbody>\n<tr>\n<td>&nbsp;<\/p>\n<figure id=\"attachment_3760\" class=\"wp-caption aligncenter\" aria-describedby=\"caption-attachment-3760\"><a href=\"https:\/\/oqitop.com\/es\/productos\/malla-metalica\/malla-de-aluminio\/\"><img decoding=\"async\" class=\"size-thumbnail wp-image-3760\" title=\"Malla met\u00e1lica de titanio Malla met\u00e1lica de titanio para electrolizador Tratamiento de agua 2\" src=\"https:\/\/oqitop.com\/wp-content\/uploads\/2025\/12\/Aluminium-Mesh-150x150.jpg\" sizes=\"(max-width: 150px) 100vw, 150px\" srcset=\"https:\/\/oqitop.com\/wp-content\/uploads\/2025\/12\/Aluminium-Mesh-150x150.jpg 150w, https:\/\/oqitop.com\/wp-content\/uploads\/2025\/12\/Aluminium-Mesh-300x300.jpg 300w, https:\/\/oqitop.com\/wp-content\/uploads\/2025\/12\/Aluminium-Mesh-768x768.jpg 768w, https:\/\/oqitop.com\/wp-content\/uploads\/2025\/12\/Aluminium-Mesh.jpg 1000w\" alt=\"\" width=\"150\" height=\"150\" \/><\/a><figcaption id=\"caption-attachment-3760\" class=\"wp-caption-text\"><a href=\"https:\/\/oqitop.com\/es\/productos\/malla-metalica\/malla-de-aluminio\/\">Malla de aluminio<\/a><\/figcaption><\/figure>\n<\/td>\n<td>&nbsp;<\/p>\n<figure id=\"attachment_3761\" class=\"wp-caption aligncenter\" aria-describedby=\"caption-attachment-3761\"><a href=\"https:\/\/oqitop.com\/es\/productos\/malla-metalica\/malla-de-cobre\/\"><img loading=\"lazy\" decoding=\"async\" class=\"size-thumbnail wp-image-3761\" title=\"Ti Metal Mesh Titanium Metal Mesh For Electrolyzer Water Treatment 3\" src=\"https:\/\/oqitop.com\/wp-content\/uploads\/2025\/12\/Copper-Mesh-150x150.jpg\" sizes=\"(max-width: 150px) 100vw, 150px\" srcset=\"https:\/\/oqitop.com\/wp-content\/uploads\/2025\/12\/Copper-Mesh-150x150.jpg 150w, https:\/\/oqitop.com\/wp-content\/uploads\/2025\/12\/Copper-Mesh-300x300.jpg 300w, https:\/\/oqitop.com\/wp-content\/uploads\/2025\/12\/Copper-Mesh-768x768.jpg 768w, https:\/\/oqitop.com\/wp-content\/uploads\/2025\/12\/Copper-Mesh.jpg 1000w\" alt=\"\" width=\"150\" height=\"150\" \/><\/a><figcaption id=\"caption-attachment-3761\" class=\"wp-caption-text\"><a href=\"https:\/\/oqitop.com\/es\/productos\/malla-metalica\/malla-de-cobre\/\">Malla de cobre<\/a><\/figcaption><\/figure>\n<\/td>\n<td>&nbsp;<\/p>\n<figure id=\"attachment_3762\" class=\"wp-caption aligncenter\" aria-describedby=\"caption-attachment-3762\"><a href=\"https:\/\/oqitop.com\/es\/productos\/malla-metalica\/tungsten-mesh\/\"><img loading=\"lazy\" decoding=\"async\" class=\"size-thumbnail wp-image-3762\" title=\"Ti Metal Mesh Titanium Metal Mesh For Electrolyzer Water Treatment 4\" src=\"https:\/\/oqitop.com\/wp-content\/uploads\/2025\/12\/Tungsten-Mesh-150x150.jpg\" sizes=\"(max-width: 150px) 100vw, 150px\" srcset=\"https:\/\/oqitop.com\/wp-content\/uploads\/2025\/12\/Tungsten-Mesh-150x150.jpg 150w, https:\/\/oqitop.com\/wp-content\/uploads\/2025\/12\/Tungsten-Mesh-300x300.jpg 300w, https:\/\/oqitop.com\/wp-content\/uploads\/2025\/12\/Tungsten-Mesh.jpg 750w\" alt=\"\" width=\"150\" height=\"150\" \/><\/a><figcaption id=\"caption-attachment-3762\" class=\"wp-caption-text\"><a href=\"https:\/\/oqitop.com\/es\/productos\/malla-metalica\/tungsten-mesh\/\">Malla de tungsteno<\/a><\/figcaption><\/figure>\n<\/td>\n<td>&nbsp;<\/p>\n<figure id=\"attachment_3763\" class=\"wp-caption aligncenter\" aria-describedby=\"caption-attachment-3763\"><a href=\"https:\/\/oqitop.com\/es\/productos\/malla-metalica\/nickel-mesh\/\"><img loading=\"lazy\" decoding=\"async\" class=\"size-thumbnail wp-image-3763\" title=\"Malla met\u00e1lica de titanio Malla met\u00e1lica de titanio para electrolizador Tratamiento de agua 5\" src=\"https:\/\/oqitop.com\/wp-content\/uploads\/2025\/12\/Nickel-Mesh-150x150.jpg\" sizes=\"(max-width: 150px) 100vw, 150px\" srcset=\"https:\/\/oqitop.com\/wp-content\/uploads\/2025\/12\/Nickel-Mesh-150x150.jpg 150w, https:\/\/oqitop.com\/wp-content\/uploads\/2025\/12\/Nickel-Mesh-300x300.jpg 300w, https:\/\/oqitop.com\/wp-content\/uploads\/2025\/12\/Nickel-Mesh-768x768.jpg 768w, https:\/\/oqitop.com\/wp-content\/uploads\/2025\/12\/Nickel-Mesh.jpg 800w\" alt=\"\" width=\"150\" height=\"150\" \/><\/a><figcaption id=\"caption-attachment-3763\" class=\"wp-caption-text\"><a href=\"https:\/\/oqitop.com\/es\/productos\/malla-metalica\/nickel-mesh\/\">Malla de n\u00edquel<\/a><\/figcaption><\/figure>\n<\/td>\n<\/tr>\n<tr>\n<td>&nbsp;<\/p>\n<figure id=\"attachment_3764\" class=\"wp-caption aligncenter\" aria-describedby=\"caption-attachment-3764\"><a href=\"https:\/\/oqitop.com\/es\/productos\/malla-metalica\/malla-de-titanio\/\"><img loading=\"lazy\" decoding=\"async\" class=\"size-thumbnail wp-image-3764\" title=\"Ti Metal Mesh Titanium Metal Mesh For Electrolyzer Water Treatment 6\" src=\"https:\/\/oqitop.com\/wp-content\/uploads\/2025\/12\/Titanium-Mesh-150x150.jpg\" sizes=\"(max-width: 150px) 100vw, 150px\" srcset=\"https:\/\/oqitop.com\/wp-content\/uploads\/2025\/12\/Titanium-Mesh-150x150.jpg 150w, https:\/\/oqitop.com\/wp-content\/uploads\/2025\/12\/Titanium-Mesh-300x300.jpg 300w, https:\/\/oqitop.com\/wp-content\/uploads\/2025\/12\/Titanium-Mesh-768x768.jpg 768w, https:\/\/oqitop.com\/wp-content\/uploads\/2025\/12\/Titanium-Mesh.jpg 1001w\" alt=\"\" width=\"150\" height=\"150\" \/><\/a><figcaption id=\"caption-attachment-3764\" class=\"wp-caption-text\"><a href=\"https:\/\/oqitop.com\/es\/productos\/malla-metalica\/malla-de-titanio\/\">Malla de titanio<\/a><\/figcaption><\/figure>\n<\/td>\n<td>&nbsp;<\/p>\n<figure id=\"attachment_3765\" class=\"wp-caption aligncenter\" aria-describedby=\"caption-attachment-3765\"><a href=\"https:\/\/oqitop.com\/es\/productos\/malla-metalica\/silver-mesh\/\"><img loading=\"lazy\" decoding=\"async\" class=\"size-thumbnail wp-image-3765\" title=\"Malla met\u00e1lica de titanio Malla met\u00e1lica de titanio para electrolizador Tratamiento de agua 7\" src=\"https:\/\/oqitop.com\/wp-content\/uploads\/2025\/12\/Silver-Mesh-150x150.png\" sizes=\"(max-width: 150px) 100vw, 150px\" srcset=\"https:\/\/oqitop.com\/wp-content\/uploads\/2025\/12\/Silver-Mesh-150x150.png 150w, https:\/\/oqitop.com\/wp-content\/uploads\/2025\/12\/Silver-Mesh-300x300.png 300w, https:\/\/oqitop.com\/wp-content\/uploads\/2025\/12\/Silver-Mesh-768x768.png 768w, https:\/\/oqitop.com\/wp-content\/uploads\/2025\/12\/Silver-Mesh.png 800w\" alt=\"\" width=\"150\" height=\"150\" \/><\/a><figcaption id=\"caption-attachment-3765\" class=\"wp-caption-text\"><a href=\"https:\/\/oqitop.com\/es\/productos\/malla-metalica\/silver-mesh\/\">Malla plateada<\/a><\/figcaption><\/figure>\n<\/td>\n<td>&nbsp;<\/p>\n<figure id=\"attachment_3766\" class=\"wp-caption aligncenter\" aria-describedby=\"caption-attachment-3766\"><a href=\"https:\/\/oqitop.com\/es\/productos\/malla-metalica\/molybdenum-mesh\/\"><img loading=\"lazy\" decoding=\"async\" class=\"size-thumbnail wp-image-3766\" title=\"Malla met\u00e1lica de titanio Malla met\u00e1lica de titanio para electrolizador Tratamiento de agua 8\" src=\"https:\/\/oqitop.com\/wp-content\/uploads\/2025\/12\/Molybdenum-Mesh-150x150.jpg\" sizes=\"(max-width: 150px) 100vw, 150px\" srcset=\"https:\/\/oqitop.com\/wp-content\/uploads\/2025\/12\/Molybdenum-Mesh-150x150.jpg 150w, https:\/\/oqitop.com\/wp-content\/uploads\/2025\/12\/Molybdenum-Mesh-300x300.jpg 300w, https:\/\/oqitop.com\/wp-content\/uploads\/2025\/12\/Molybdenum-Mesh-1024x1024.jpg 1024w, https:\/\/oqitop.com\/wp-content\/uploads\/2025\/12\/Molybdenum-Mesh-768x768.jpg 768w, https:\/\/oqitop.com\/wp-content\/uploads\/2025\/12\/Molybdenum-Mesh.jpg 1500w\" alt=\"\" width=\"150\" height=\"150\" \/><\/a><figcaption id=\"caption-attachment-3766\" class=\"wp-caption-text\"><a href=\"https:\/\/oqitop.com\/es\/productos\/malla-metalica\/molybdenum-mesh\/\">Malla de molibdeno<\/a><\/figcaption><\/figure>\n<\/td>\n<td>&nbsp;<\/p>\n<figure id=\"attachment_3767\" class=\"wp-caption aligncenter\" aria-describedby=\"caption-attachment-3767\"><a href=\"https:\/\/oqitop.com\/es\/productos\/malla-metalica\/stainless-steel-mesh\/\"><img loading=\"lazy\" decoding=\"async\" class=\"size-thumbnail wp-image-3767\" title=\"Malla met\u00e1lica de titanio Malla met\u00e1lica de titanio para electrolizador Tratamiento de agua 9\" src=\"https:\/\/oqitop.com\/wp-content\/uploads\/2025\/12\/Steeless-Mesh-150x150.png\" sizes=\"(max-width: 150px) 100vw, 150px\" srcset=\"https:\/\/oqitop.com\/wp-content\/uploads\/2025\/12\/Steeless-Mesh-150x150.png 150w, https:\/\/oqitop.com\/wp-content\/uploads\/2025\/12\/Steeless-Mesh-300x300.png 300w, https:\/\/oqitop.com\/wp-content\/uploads\/2025\/12\/Steeless-Mesh-768x768.png 768w, https:\/\/oqitop.com\/wp-content\/uploads\/2025\/12\/Steeless-Mesh.png 800w\" alt=\"\" width=\"150\" height=\"150\" \/><\/a><figcaption id=\"caption-attachment-3767\" class=\"wp-caption-text\"><a href=\"https:\/\/oqitop.com\/es\/productos\/malla-metalica\/stainless-steel-mesh\/\">Malla Steeless<\/a><\/figcaption><\/figure>\n<\/td>\n<\/tr>\n<\/tbody>\n<\/table>\n<p><strong>Tambi\u00e9n podemos personalizar varias mallas met\u00e1licas; p\u00f3ngase en contacto con nosotros si lo necesita.<\/strong><img loading=\"lazy\" decoding=\"async\" class=\"aligncenter size-full wp-image-3811\" title=\"Malla tejida de aluminio resistente a la corrosi\u00f3n para una mayor duraci\u00f3n 3\" src=\"https:\/\/oqitop.com\/wp-content\/uploads\/2025\/12\/33333-9.jpg\" sizes=\"(max-width: 1024px) 100vw, 1024px\" srcset=\"https:\/\/oqitop.com\/wp-content\/uploads\/2025\/12\/33333-9.jpg 1024w, https:\/\/oqitop.com\/wp-content\/uploads\/2025\/12\/33333-9-300x155.jpg 300w, https:\/\/oqitop.com\/wp-content\/uploads\/2025\/12\/33333-9-768x397.jpg 768w\" alt=\"\" width=\"1024\" height=\"529\" \/><img loading=\"lazy\" decoding=\"async\" class=\"aligncenter size-full wp-image-3812\" title=\"Malla tejida de aluminio resistente a la corrosi\u00f3n para una mayor duraci\u00f3n 4\" src=\"https:\/\/oqitop.com\/wp-content\/uploads\/2025\/12\/55555-11-21.jpg\" sizes=\"(max-width: 1024px) 100vw, 1024px\" srcset=\"https:\/\/oqitop.com\/wp-content\/uploads\/2025\/12\/55555-11-21.jpg 1024w, https:\/\/oqitop.com\/wp-content\/uploads\/2025\/12\/55555-11-21-300x198.jpg 300w, https:\/\/oqitop.com\/wp-content\/uploads\/2025\/12\/55555-11-21-768x508.jpg 768w\" alt=\"\" width=\"1024\" height=\"677\" \/><\/p>\n<\/div>","protected":false},"featured_media":4743,"template":"","meta":{"_acf_changed":false,"site-sidebar-layout":"default","site-content-layout":"","ast-site-content-layout":"default","site-content-style":"default","site-sidebar-style":"default","ast-global-header-display":"","ast-banner-title-visibility":"","ast-main-header-display":"","ast-hfb-above-header-display":"","ast-hfb-below-header-display":"","ast-hfb-mobile-header-display":"","site-post-title":"","ast-breadcrumbs-content":"","ast-featured-img":"","footer-sml-layout":"","theme-transparent-header-meta":"default","adv-header-id-meta":"","stick-header-meta":"default","header-above-stick-meta":"","header-main-stick-meta":"","header-below-stick-meta":"","astra-migrate-meta-layouts":"set","ast-page-background-enabled":"default","ast-page-background-meta":{"desktop":{"background-color":"var(--ast-global-color-4)","background-image":"","background-repeat":"repeat","background-position":"center center","background-size":"auto","background-attachment":"scroll","background-type":"","background-media":"","overlay-type":"","overlay-color":"","overlay-opacity":"","overlay-gradient":""},"tablet":{"background-color":"","background-image":"","background-repeat":"repeat","background-position":"center center","background-size":"auto","background-attachment":"scroll","background-type":"","background-media":"","overlay-type":"","overlay-color":"","overlay-opacity":"","overlay-gradient":""},"mobile":{"background-color":"","background-image":"","background-repeat":"repeat","background-position":"center center","background-size":"auto","background-attachment":"scroll","background-type":"","background-media":"","overlay-type":"","overlay-color":"","overlay-opacity":"","overlay-gradient":""}},"ast-content-background-meta":{"desktop":{"background-color":"var(--ast-global-color-5)","background-image":"","background-repeat":"repeat","background-position":"center center","background-size":"auto","background-attachment":"scroll","background-type":"","background-media":"","overlay-type":"","overlay-color":"","overlay-opacity":"","overlay-gradient":""},"tablet":{"background-color":"var(--ast-global-color-5)","background-image":"","background-repeat":"repeat","background-position":"center center","background-size":"auto","background-attachment":"scroll","background-type":"","background-media":"","overlay-type":"","overlay-color":"","overlay-opacity":"","overlay-gradient":""},"mobile":{"background-color":"var(--ast-global-color-5)","background-image":"","background-repeat":"repeat","background-position":"center center","background-size":"auto","background-attachment":"scroll","background-type":"","background-media":"","overlay-type":"","overlay-color":"","overlay-opacity":"","overlay-gradient":""}}},"tags":[],"products":[235,231],"class_list":["post-4742","product","type-product","status-publish","has-post-thumbnail","hentry","products-aluminum-mesh","products-metal-mesh"],"acf":[],"_links":{"self":[{"href":"https:\/\/oqitop.com\/es\/wp-json\/wp\/v2\/product\/4742","targetHints":{"allow":["GET"]}}],"collection":[{"href":"https:\/\/oqitop.com\/es\/wp-json\/wp\/v2\/product"}],"about":[{"href":"https:\/\/oqitop.com\/es\/wp-json\/wp\/v2\/types\/product"}],"wp:featuredmedia":[{"embeddable":true,"href":"https:\/\/oqitop.com\/es\/wp-json\/wp\/v2\/media\/4743"}],"wp:attachment":[{"href":"https:\/\/oqitop.com\/es\/wp-json\/wp\/v2\/media?parent=4742"}],"wp:term":[{"taxonomy":"post_tag","embeddable":true,"href":"https:\/\/oqitop.com\/es\/wp-json\/wp\/v2\/tags?post=4742"},{"taxonomy":"products","embeddable":true,"href":"https:\/\/oqitop.com\/es\/wp-json\/wp\/v2\/products?post=4742"}],"curies":[{"name":"wp","href":"https:\/\/api.w.org\/{rel}","templated":true}]}}