 {"id":4997,"date":"2026-01-06T16:39:22","date_gmt":"2026-01-06T08:39:22","guid":{"rendered":"https:\/\/oqitop.com\/?post_type=product&#038;p=4997"},"modified":"2026-01-15T17:43:05","modified_gmt":"2026-01-15T09:43:05","slug":"stainless-steel-foil-for-lithium-battery-raw-materials","status":"publish","type":"product","link":"https:\/\/oqitop.com\/es\/stainless-steel-foil-for-lithium-battery-raw-materials\/","title":{"rendered":"L\u00e1mina de acero inoxidable para materias primas de bater\u00edas de litio"},"content":{"rendered":"<h3 style=\"text-align: center;\"><span style=\"color: #ff0000;\">L\u00e1mina de acero inoxidable para materias primas de bater\u00edas de litio<\/span><\/h3>\n<p><iframe src=\"https:\/\/www.youtube.com\/embed\/0o0wpRKgdZE?rel=0\" allowfullscreen=\"allowfullscreen\" data-mce-fragment=\"1\"><\/iframe><\/p>\n<p><strong>Introducci\u00f3n<\/strong><strong>:<\/strong><br \/>\n304 Stainless Steel Foil offers exceptional versatility and durability for various applications.<\/p>\n<p><strong>Key Features:<\/strong><br \/>\nMaterial: Premium 304 stainless steel<br \/>\nThickness: Available in various thicknesses to suit your specific needs<br \/>\nCorrosion Resistance: Good resistance to corrosion, suitable for general-purpose applications<br \/>\nTemperature Tolerance: Can withstand temperatures ranging from -20\u00b0C to 900\u00b0C<br \/>\nFinish Options: Choose from a range of finishes to match your requirements<br \/>\nApplications: Ideal for manufacturing food processing equipment, kitchenware, chemical apparatus, and building materials<br \/>\nSize Options: Available in standard sizes or customizable dimensions<\/p>\n<p><strong>Specification<\/strong><\/p>\n<table border=\"1\" width=\"583\" cellspacing=\"0\" cellpadding=\"0\">\n<tbody>\n<tr>\n<td width=\"167\">\n<p align=\"center\">Item<\/p>\n<\/td>\n<td width=\"409\">\n<p align=\"center\">Value<\/p>\n<\/td>\n<\/tr>\n<tr>\n<td width=\"167\">\n<p align=\"center\">Espesor<\/p>\n<\/td>\n<td width=\"409\">\n<p align=\"center\">0.01mm\u00a0\u00a0\u00a0\u00a0\u00a0\u00a0\u00a0\u00a0\u00a0\u00a0\u00a0(0.01~2mm\u00a0can\u00a0be\u00a0customized)<\/p>\n<\/td>\n<\/tr>\n<tr>\n<td width=\"167\">\n<p align=\"center\">Ancho<\/p>\n<\/td>\n<td width=\"409\">\n<p align=\"center\">\u00a0\u00a0\u00a0\u00a0\u00a030mm\u00a0\u00a0\u00a0\u00a0\u00a0\u00a0\u00a0(3.5mm~1550mm\u00a0can\u00a0be\u00a0customized)<\/p>\n<\/td>\n<\/tr>\n<tr>\n<td>\n<p align=\"center\">Material<\/p>\n<\/td>\n<td>\n<p align=\"center\">\u00a0304\/316 Stainless Steel<\/p>\n<\/td>\n<\/tr>\n<\/tbody>\n<\/table>\n<p><b><strong>Para personalizar varias l\u00e1minas de metal, por favor haga clic en la imagen de abajo para m\u00e1s detalles\uff1a.<\/strong><\/b><\/p>\n<table>\n<tbody>\n<tr>\n<td>&nbsp;<\/p>\n<figure id=\"attachment_3927\" class=\"wp-caption aligncenter\" aria-describedby=\"caption-attachment-3927\"><a href=\"https:\/\/oqitop.com\/es\/productos\/lamina-metalica\/copper-foil\/\"><img decoding=\"async\" class=\"size-thumbnail wp-image-3927\" title=\"L\u00e1mina de plata de alto rendimiento Conductividad L\u00e1mina met\u00e1lica de Ag L\u00e1mina de plata de alto rendimiento Conductividad L\u00e1mina met\u00e1lica de Ag 1\" src=\"https:\/\/oqitop.com\/wp-content\/uploads\/2025\/12\/Copper-Foil-1-150x150.jpg\" sizes=\"(max-width: 150px) 100vw, 150px\" srcset=\"https:\/\/oqitop.com\/wp-content\/uploads\/2025\/12\/Copper-Foil-1-150x150.jpg 150w, https:\/\/oqitop.com\/wp-content\/uploads\/2025\/12\/Copper-Foil-1.jpg 300w\" alt=\"\" width=\"150\" height=\"150\" \/><\/a><figcaption id=\"caption-attachment-3927\" class=\"wp-caption-text\"><a href=\"https:\/\/oqitop.com\/es\/productos\/lamina-metalica\/copper-foil\/\">L\u00e1mina de cobre<\/a><\/figcaption><\/figure>\n<\/td>\n<td>&nbsp;<\/p>\n<figure id=\"attachment_3928\" class=\"wp-caption aligncenter\" aria-describedby=\"caption-attachment-3928\"><a href=\"https:\/\/oqitop.com\/es\/productos\/lamina-metalica\/aluminum-foil\/\"><img decoding=\"async\" class=\"size-thumbnail wp-image-3928\" title=\"L\u00e1mina de plata de alto rendimiento Conductividad L\u00e1mina met\u00e1lica de Ag L\u00e1mina de plata de alto rendimiento Conductividad L\u00e1mina met\u00e1lica de Ag 2\" src=\"https:\/\/oqitop.com\/wp-content\/uploads\/2025\/12\/Aluminum-Foil-1-150x150.jpg\" sizes=\"(max-width: 150px) 100vw, 150px\" srcset=\"https:\/\/oqitop.com\/wp-content\/uploads\/2025\/12\/Aluminum-Foil-1-150x150.jpg 150w, https:\/\/oqitop.com\/wp-content\/uploads\/2025\/12\/Aluminum-Foil-1.jpg 300w\" alt=\"\" width=\"150\" height=\"150\" \/><\/a><figcaption id=\"caption-attachment-3928\" class=\"wp-caption-text\"><a href=\"https:\/\/oqitop.com\/es\/productos\/lamina-metalica\/aluminum-foil\/\">Papel de aluminio<\/a><\/figcaption><\/figure>\n<\/td>\n<td>&nbsp;<\/p>\n<figure id=\"attachment_3929\" class=\"wp-caption aligncenter\" aria-describedby=\"caption-attachment-3929\"><a href=\"https:\/\/oqitop.com\/es\/productos\/lamina-metalica\/lamina-de-acero-inoxidable\/\"><img decoding=\"async\" class=\"size-thumbnail wp-image-3929\" title=\"L\u00e1mina de plata de alto rendimiento Conductividad L\u00e1mina met\u00e1lica de Ag L\u00e1mina de plata de alto rendimiento Conductividad L\u00e1mina met\u00e1lica de Ag 3\" src=\"https:\/\/oqitop.com\/wp-content\/uploads\/2025\/12\/Stainless-Steel-Foil-150x150.jpg\" sizes=\"(max-width: 150px) 100vw, 150px\" srcset=\"https:\/\/oqitop.com\/wp-content\/uploads\/2025\/12\/Stainless-Steel-Foil-150x150.jpg 150w, https:\/\/oqitop.com\/wp-content\/uploads\/2025\/12\/Stainless-Steel-Foil.jpg 300w\" alt=\"\" width=\"150\" height=\"150\" \/><\/a><figcaption id=\"caption-attachment-3929\" class=\"wp-caption-text\"><a href=\"https:\/\/oqitop.com\/es\/productos\/lamina-metalica\/lamina-de-acero-inoxidable\/\">L\u00e1mina de acero inoxidable<\/a><\/figcaption><\/figure>\n<\/td>\n<td>&nbsp;<\/p>\n<figure id=\"attachment_3930\" class=\"wp-caption aligncenter\" aria-describedby=\"caption-attachment-3930\"><a href=\"https:\/\/oqitop.com\/es\/productos\/lamina-metalica\/tin-foil\/\"><img loading=\"lazy\" decoding=\"async\" class=\"size-thumbnail wp-image-3930\" title=\"L\u00e1mina de plata de alto rendimiento Conductividad L\u00e1mina met\u00e1lica de Ag L\u00e1mina de plata de alto rendimiento Conductividad L\u00e1mina met\u00e1lica de Ag 4\" src=\"https:\/\/oqitop.com\/wp-content\/uploads\/2025\/12\/Tin-Foil-150x150.jpg\" sizes=\"(max-width: 150px) 100vw, 150px\" srcset=\"https:\/\/oqitop.com\/wp-content\/uploads\/2025\/12\/Tin-Foil-150x150.jpg 150w, https:\/\/oqitop.com\/wp-content\/uploads\/2025\/12\/Tin-Foil.jpg 300w\" alt=\"\" width=\"150\" height=\"150\" \/><\/a><figcaption id=\"caption-attachment-3930\" class=\"wp-caption-text\"><a href=\"https:\/\/oqitop.com\/es\/productos\/lamina-metalica\/tin-foil\/\">Papel de aluminio<\/a><\/figcaption><\/figure>\n<\/td>\n<\/tr>\n<tr>\n<td>&nbsp;<\/p>\n<figure id=\"attachment_3931\" class=\"wp-caption aligncenter\" aria-describedby=\"caption-attachment-3931\"><a href=\"https:\/\/oqitop.com\/es\/productos\/lamina-metalica\/titanium-foil\/\"><img loading=\"lazy\" decoding=\"async\" class=\"size-thumbnail wp-image-3931\" title=\"L\u00e1mina de plata de alto rendimiento Conductividad L\u00e1mina met\u00e1lica de Ag L\u00e1mina de plata de alto rendimiento Conductividad L\u00e1mina met\u00e1lica de Ag 5\" src=\"https:\/\/oqitop.com\/wp-content\/uploads\/2025\/12\/Titanium-Foil-150x150.jpg\" sizes=\"(max-width: 150px) 100vw, 150px\" srcset=\"https:\/\/oqitop.com\/wp-content\/uploads\/2025\/12\/Titanium-Foil-150x150.jpg 150w, https:\/\/oqitop.com\/wp-content\/uploads\/2025\/12\/Titanium-Foil.jpg 300w\" alt=\"\" width=\"150\" height=\"150\" \/><\/a><figcaption id=\"caption-attachment-3931\" class=\"wp-caption-text\"><a href=\"https:\/\/oqitop.com\/es\/productos\/lamina-metalica\/titanium-foil\/\">L\u00e1mina de titanio<\/a><\/figcaption><\/figure>\n<\/td>\n<td>&nbsp;<\/p>\n<figure id=\"attachment_3932\" class=\"wp-caption aligncenter\" aria-describedby=\"caption-attachment-3932\"><a href=\"https:\/\/oqitop.com\/es\/productos\/lamina-metalica\/nickel-foil\/\"><img loading=\"lazy\" decoding=\"async\" class=\"size-thumbnail wp-image-3932\" title=\"L\u00e1mina de plata de alto rendimiento Conductividad L\u00e1mina met\u00e1lica de Ag L\u00e1mina de plata de alto rendimiento Conductividad L\u00e1mina met\u00e1lica de Ag 6\" src=\"https:\/\/oqitop.com\/wp-content\/uploads\/2025\/12\/Nickel-Foil-150x150.jpg\" sizes=\"(max-width: 150px) 100vw, 150px\" srcset=\"https:\/\/oqitop.com\/wp-content\/uploads\/2025\/12\/Nickel-Foil-150x150.jpg 150w, https:\/\/oqitop.com\/wp-content\/uploads\/2025\/12\/Nickel-Foil.jpg 300w\" alt=\"\" width=\"150\" height=\"150\" \/><\/a><figcaption id=\"caption-attachment-3932\" class=\"wp-caption-text\"><a href=\"https:\/\/oqitop.com\/es\/productos\/lamina-metalica\/nickel-foil\/\">L\u00e1mina de n\u00edquel<\/a><\/figcaption><\/figure>\n<\/td>\n<td>&nbsp;<\/p>\n<figure id=\"attachment_3933\" class=\"wp-caption aligncenter\" aria-describedby=\"caption-attachment-3933\"><a href=\"https:\/\/oqitop.com\/es\/productos\/lamina-metalica\/nickel-foil\/\"><img loading=\"lazy\" decoding=\"async\" class=\"size-thumbnail wp-image-3933\" title=\"L\u00e1mina de plata de alto rendimiento Conductividad L\u00e1mina met\u00e1lica de Ag L\u00e1mina de plata de alto rendimiento Conductividad L\u00e1mina met\u00e1lica de Ag 7\" src=\"https:\/\/oqitop.com\/wp-content\/uploads\/2025\/12\/Silver-Foil-150x150.jpg\" sizes=\"(max-width: 150px) 100vw, 150px\" srcset=\"https:\/\/oqitop.com\/wp-content\/uploads\/2025\/12\/Silver-Foil-150x150.jpg 150w, https:\/\/oqitop.com\/wp-content\/uploads\/2025\/12\/Silver-Foil.jpg 300w\" alt=\"\" width=\"150\" height=\"150\" \/><\/a><figcaption id=\"caption-attachment-3933\" class=\"wp-caption-text\"><a href=\"https:\/\/oqitop.com\/es\/productos\/lamina-metalica\/nickel-foil\/\">Papel de plata<\/a><\/figcaption><\/figure>\n<\/td>\n<td>&nbsp;<\/p>\n<figure id=\"attachment_3934\" class=\"wp-caption aligncenter\" aria-describedby=\"caption-attachment-3934\"><figcaption id=\"caption-attachment-3934\" class=\"wp-caption-text\"><a href=\"https:\/\/oqitop.com\/es\/tungsten-foil\/\"><img loading=\"lazy\" decoding=\"async\" class=\"aligncenter wp-image-4981 size-thumbnail\" title=\"Bobina de aluminio puro de alta calidad 99.99% Papel de aluminio 1\" src=\"https:\/\/oqitop.com\/wp-content\/uploads\/2026\/01\/123-150x150.jpg\" sizes=\"(max-width: 150px) 100vw, 150px\" srcset=\"https:\/\/oqitop.com\/wp-content\/uploads\/2026\/01\/123-150x150.jpg 150w, https:\/\/oqitop.com\/wp-content\/uploads\/2026\/01\/123-12x12.jpg 12w, https:\/\/oqitop.com\/wp-content\/uploads\/2026\/01\/123.jpg 300w\" alt=\"\" width=\"150\" height=\"150\" \/><\/a><a href=\"https:\/\/oqitop.com\/es\/productos\/lamina-metalica\/tungsten-foil\/\">L\u00e1mina de tungsteno<\/a><\/figcaption><\/figure>\n<\/td>\n<\/tr>\n<\/tbody>\n<\/table>\n<p>&nbsp;<\/p>\n<p><img loading=\"lazy\" decoding=\"async\" class=\"aligncenter size-full wp-image-3677\" title=\"Stainless Steel Metal Foil for Laboratory Materials 1\" src=\"https:\/\/oqitop.com\/wp-content\/uploads\/2025\/12\/6-16.jpg\" sizes=\"(max-width: 1024px) 100vw, 1024px\" srcset=\"https:\/\/oqitop.com\/wp-content\/uploads\/2025\/12\/6-16.jpg 1024w, https:\/\/oqitop.com\/wp-content\/uploads\/2025\/12\/6-16-300x167.jpg 300w, https:\/\/oqitop.com\/wp-content\/uploads\/2025\/12\/6-16-768x427.jpg 768w\" alt=\"\" width=\"1024\" height=\"569\" \/><img loading=\"lazy\" decoding=\"async\" class=\"aligncenter size-full wp-image-3678\" title=\"Stainless Steel Metal Foil for Laboratory Materials 2\" src=\"https:\/\/oqitop.com\/wp-content\/uploads\/2025\/12\/55555-11-13.jpg\" sizes=\"(max-width: 1024px) 100vw, 1024px\" srcset=\"https:\/\/oqitop.com\/wp-content\/uploads\/2025\/12\/55555-11-13.jpg 1024w, https:\/\/oqitop.com\/wp-content\/uploads\/2025\/12\/55555-11-13-300x198.jpg 300w, https:\/\/oqitop.com\/wp-content\/uploads\/2025\/12\/55555-11-13-768x508.jpg 768w\" alt=\"\" width=\"1024\" height=\"677\" \/><\/p>","protected":false},"featured_media":4998,"template":"","meta":{"_acf_changed":false,"site-sidebar-layout":"default","site-content-layout":"","ast-site-content-layout":"default","site-content-style":"default","site-sidebar-style":"default","ast-global-header-display":"","ast-banner-title-visibility":"","ast-main-header-display":"","ast-hfb-above-header-display":"","ast-hfb-below-header-display":"","ast-hfb-mobile-header-display":"","site-post-title":"","ast-breadcrumbs-content":"","ast-featured-img":"","footer-sml-layout":"","theme-transparent-header-meta":"default","adv-header-id-meta":"","stick-header-meta":"default","header-above-stick-meta":"","header-main-stick-meta":"","header-below-stick-meta":"","astra-migrate-meta-layouts":"set","ast-page-background-enabled":"default","ast-page-background-meta":{"desktop":{"background-color":"var(--ast-global-color-4)","background-image":"","background-repeat":"repeat","background-position":"center center","background-size":"auto","background-attachment":"scroll","background-type":"","background-media":"","overlay-type":"","overlay-color":"","overlay-opacity":"","overlay-gradient":""},"tablet":{"background-color":"","background-image":"","background-repeat":"repeat","background-position":"center center","background-size":"auto","background-attachment":"scroll","background-type":"","background-media":"","overlay-type":"","overlay-color":"","overlay-opacity":"","overlay-gradient":""},"mobile":{"background-color":"","background-image":"","background-repeat":"repeat","background-position":"center center","background-size":"auto","background-attachment":"scroll","background-type":"","background-media":"","overlay-type":"","overlay-color":"","overlay-opacity":"","overlay-gradient":""}},"ast-content-background-meta":{"desktop":{"background-color":"var(--ast-global-color-5)","background-image":"","background-repeat":"repeat","background-position":"center center","background-size":"auto","background-attachment":"scroll","background-type":"","background-media":"","overlay-type":"","overlay-color":"","overlay-opacity":"","overlay-gradient":""},"tablet":{"background-color":"var(--ast-global-color-5)","background-image":"","background-repeat":"repeat","background-position":"center center","background-size":"auto","background-attachment":"scroll","background-type":"","background-media":"","overlay-type":"","overlay-color":"","overlay-opacity":"","overlay-gradient":""},"mobile":{"background-color":"var(--ast-global-color-5)","background-image":"","background-repeat":"repeat","background-position":"center center","background-size":"auto","background-attachment":"scroll","background-type":"","background-media":"","overlay-type":"","overlay-color":"","overlay-opacity":"","overlay-gradient":""}}},"tags":[],"products":[223,226],"class_list":["post-4997","product","type-product","status-publish","has-post-thumbnail","hentry","products-metal-foil","products-stainless-steel-foil"],"acf":[],"_links":{"self":[{"href":"https:\/\/oqitop.com\/es\/wp-json\/wp\/v2\/product\/4997","targetHints":{"allow":["GET"]}}],"collection":[{"href":"https:\/\/oqitop.com\/es\/wp-json\/wp\/v2\/product"}],"about":[{"href":"https:\/\/oqitop.com\/es\/wp-json\/wp\/v2\/types\/product"}],"wp:featuredmedia":[{"embeddable":true,"href":"https:\/\/oqitop.com\/es\/wp-json\/wp\/v2\/media\/4998"}],"wp:attachment":[{"href":"https:\/\/oqitop.com\/es\/wp-json\/wp\/v2\/media?parent=4997"}],"wp:term":[{"taxonomy":"post_tag","embeddable":true,"href":"https:\/\/oqitop.com\/es\/wp-json\/wp\/v2\/tags?post=4997"},{"taxonomy":"products","embeddable":true,"href":"https:\/\/oqitop.com\/es\/wp-json\/wp\/v2\/products?post=4997"}],"curies":[{"name":"wp","href":"https:\/\/api.w.org\/{rel}","templated":true}]}}