 {"id":5088,"date":"2026-01-07T10:26:19","date_gmt":"2026-01-07T02:26:19","guid":{"rendered":"https:\/\/oqitop.com\/?post_type=product&#038;p=5088"},"modified":"2026-01-15T20:18:12","modified_gmt":"2026-01-15T12:18:12","slug":"0-3mm-pure-nickel-strip-nickel-sheets-foils-strip-easy-welding-solder-tabs-with-dimple-for-battery-connection","status":"publish","type":"product","link":"https:\/\/oqitop.com\/es\/0-3mm-pure-nickel-strip-nickel-sheets-foils-strip-easy-welding-solder-tabs-with-dimple-for-battery-connection\/","title":{"rendered":"0.3mm Tira de N\u00edquel Puro Hojas de N\u00edquel Tira F\u00e1cil de Soldar Pesta\u00f1as de Soldadura con Hoyuelo para la Conexi\u00f3n de la Bater\u00eda"},"content":{"rendered":"<h6 style=\"text-align: center;\"><span style=\"color: #ff0000;\">0.3mm Tira de N\u00edquel Puro Hojas de N\u00edquel Tira F\u00e1cil de Soldar Pesta\u00f1as de Soldadura con Hoyuelo para la Conexi\u00f3n de la Bater\u00eda<\/span><\/h6>\n<p><iframe src=\"https:\/\/www.youtube.com\/embed\/8iDWaB-BAsM?rel=0\" allowfullscreen=\"allowfullscreen\" data-mce-fragment=\"1\"><span data-mce-type=\"bookmark\" style=\"display: inline-block; width: 0px; overflow: hidden; line-height: 0;\" class=\"mce_SELRES_start\"><\/span><\/iframe><\/p>\n<p style=\"text-align: left;\"><strong>Introducci\u00f3n<\/strong><\/p>\n<p style=\"text-align: left;\">El n\u00edquel, elemento met\u00e1lico de color blanco plateado, duro, d\u00factil y ferromagn\u00e9tico, es muy pulido y resistente a la corrosi\u00f3n. Buena ductilidad y dureza media. El n\u00edquel es un metal blanco plateado, que tiene propiedades magn\u00e9ticas y buena plasticidad.cinta delgada y ancha de l\u00e1mina de n\u00edquel puro ha sido ampliamente utilizado en el blindaje electromagn\u00e9tico, pantalla t\u00e1ctil, transformadores especiales, bater\u00edas especiales, bater\u00edas de litio, bater\u00edas de almacenamiento de energ\u00eda, altavoces de gama alta y otros campos de producci\u00f3n. El fabricante vende directamente, la garant\u00eda de calidad, se ajusta a la norma internacional, puede exportar.<\/p>\n<div style=\"text-align: left;\">Engrosamiento de la l\u00e1mina de n\u00edquel: la superficie de la l\u00e1mina de n\u00edquel puro se trata mediante un m\u00e9todo electroqu\u00edmico, de modo que se obtiene una estructura micro rugosa en la superficie de la pieza, que pasa de hidrofobicidad a hidrofilia, para mejorar la fuerza de uni\u00f3n entre el revestimiento y la superficie del producto. La finalidad del coarsening es mejorar las propiedades de adhesi\u00f3n y adsorci\u00f3n de la superficie met\u00e1lica y otros materiales.<\/div>\n<div><\/div>\n<p style=\"text-align: left;\" align=\"center\"><strong>Caracter\u00edsticas:<\/strong><\/p>\n<div style=\"text-align: left;\">El m\u00e9todo de deposici\u00f3n electroqu\u00edmica se utiliza para producir directamente l\u00e1minas de n\u00edquel nanocristalino de gran pureza, y sus propiedades magn\u00e9ticas y mec\u00e1nicas son mejores que las de las tiras finas laminadas tradicionales. La producci\u00f3n de la l\u00e1mina de aleaci\u00f3n electrodepositada adopta un rodillo cat\u00f3dico giratorio, que se desprende mientras se deposita. La anchura del producto es grande y el grosor se ajusta a voluntad. Los productos de electrodeposici\u00f3n son especialmente adecuados para materiales de cintas magn\u00e9ticas blandas de alto rendimiento, finas y anchas, que se necesitan con urgencia en las industrias el\u00e9ctrica y electr\u00f3nica.<\/div>\n<h6 style=\"text-align: left;\"><\/h6>\n<table class=\"hight-light-first-column all magic-4\">\n<tbody>\n<tr>\n<td colspan=\"1\" rowspan=\"1\">\n<div class=\"magic-5\" data-spm-anchor-id=\"a2700.details-description.0.i1.2b099LeV9LeV9b\">Nombre del producto<\/div>\n<\/td>\n<td colspan=\"1\" rowspan=\"1\">\n<div class=\"magic-6\">China fabricante inconel 600 601 625 718 x750 n\u00edquel aleaci\u00f3n tira \/ bobina \/ banda precio por kg<\/div>\n<\/td>\n<\/tr>\n<tr>\n<td colspan=\"1\" rowspan=\"1\">\n<div class=\"magic-5\">Todos los materiales<\/div>\n<\/td>\n<td colspan=\"1\" rowspan=\"1\">\n<div class=\"magic-6\">Inconel600, Incoloy800, Monel400, N\u00edquel200, Hastelloy B<\/div>\n<\/td>\n<\/tr>\n<tr>\n<td colspan=\"1\" rowspan=\"1\">\n<div class=\"magic-5\">Est\u00e1ndar<\/div>\n<\/td>\n<td colspan=\"1\" rowspan=\"1\">\n<div class=\"magic-6\">ASTM\/JIS\/GB<\/div>\n<\/td>\n<\/tr>\n<tr>\n<td colspan=\"1\" rowspan=\"1\">\n<div class=\"magic-5\">Grado<\/div>\n<\/td>\n<td colspan=\"1\" rowspan=\"1\">\n<div class=\"magic-6\">Nimonic, Monel, Hastelloy, Inconel<\/div>\n<\/td>\n<\/tr>\n<tr>\n<td colspan=\"1\" rowspan=\"1\">\n<div class=\"magic-5\">Tratamiento t\u00e9cnico<\/div>\n<\/td>\n<td colspan=\"1\" rowspan=\"1\">\n<div class=\"magic-6\">Laminado en caliente\/Laminado en fr\u00edo<\/div>\n<\/td>\n<\/tr>\n<tr>\n<td colspan=\"1\" rowspan=\"1\">\n<div class=\"magic-5\">Espesor<\/div>\n<\/td>\n<td colspan=\"1\" rowspan=\"1\">\n<div class=\"magic-6\">De 0,01 mm a 10 mm (proceso de laminado en fr\u00edo)<br \/>\nDe 0,01 mm a 35 mm (proceso de laminado en caliente)<\/div>\n<\/td>\n<\/tr>\n<tr>\n<td colspan=\"1\" rowspan=\"1\">\n<div class=\"magic-5\">Ancho<\/div>\n<\/td>\n<td colspan=\"1\" rowspan=\"1\">\n<div class=\"magic-6\">10-2000mm<\/div>\n<\/td>\n<\/tr>\n<tr>\n<td colspan=\"1\" rowspan=\"1\">\n<div class=\"magic-5\">Aplicaci\u00f3n<\/div>\n<\/td>\n<td colspan=\"1\" rowspan=\"1\">\n<div class=\"magic-6\">Las aleaciones a base de n\u00edquel se utilizan en los sectores aeroespacial, qu\u00edmico, energ\u00e9tico, de equipos m\u00e9dicos, electr\u00f3nico y de ingenier\u00eda naval.<\/div>\n<\/td>\n<\/tr>\n<tr>\n<td colspan=\"1\" rowspan=\"1\">\n<div class=\"magic-5\">Paquete<\/div>\n<\/td>\n<td colspan=\"1\" rowspan=\"1\">\n<div class=\"magic-6\">En paquetes, embalados con papel impermeable y palet de madera. Para ser embalado fuertemente evitar da\u00f1os durante el transporte, y puede ser<br \/>\ntambi\u00e9n de acuerdo con la normativa y las peticiones de los clientes. Adem\u00e1s, los envases de los productos tambi\u00e9n se etiquetan claramente en el exterior para<br \/>\nf\u00e1cil identificaci\u00f3n del producto e informaci\u00f3n sobre la calidad.<\/div>\n<\/td>\n<\/tr>\n<\/tbody>\n<\/table>\n<h6 style=\"text-align: left;\"><\/h6>\n<p style=\"text-align: left;\" align=\"center\"><strong>Especificaciones<\/strong><\/p>\n<p style=\"text-align: left;\" align=\"center\">Composici\u00f3n qu\u00edmica (wt%): Ni (pureza: 99,98%)<br \/>\nPropiedades f\u00edsicas:<br \/>\nDensidad: 8,9 g \/ cm3<br \/>\nPunto de fusi\u00f3n: 1500 ~ 1600 \u00b0 C<br \/>\nResistencia a la tracci\u00f3n: 1030 RM \/ MPa<br \/>\nAlargamiento tras fractura 1,0 mm \/%<br \/>\nResistividad: 0,076 \u03a9- mm2\/m<br \/>\nDureza: alrededor de 300hv (estado blando \u2264 150hv y estado duro &gt; 450hv)<\/p>\n<p><b><strong>Para personalizar varias l\u00e1minas de metal, por favor haga clic en la imagen de abajo para m\u00e1s detalles\uff1a.<\/strong><\/b><\/p>\n<div class=\"table-responsive\">\n<table>\n<tbody>\n<tr>\n<td>&nbsp;<\/p>\n<figure id=\"attachment_3927\" class=\"wp-caption aligncenter\" aria-describedby=\"caption-attachment-3927\"><a href=\"https:\/\/oqitop.com\/es\/productos\/lamina-metalica\/copper-foil\/\"><img decoding=\"async\" class=\"size-thumbnail wp-image-3927\" title=\"L\u00e1mina de plata de alto rendimiento Conductividad L\u00e1mina met\u00e1lica de Ag L\u00e1mina de plata de alto rendimiento Conductividad L\u00e1mina met\u00e1lica de Ag 1\" src=\"https:\/\/oqitop.com\/wp-content\/uploads\/2025\/12\/Copper-Foil-1-150x150.jpg\" sizes=\"(max-width: 150px) 100vw, 150px\" srcset=\"https:\/\/oqitop.com\/wp-content\/uploads\/2025\/12\/Copper-Foil-1-150x150.jpg 150w, https:\/\/oqitop.com\/wp-content\/uploads\/2025\/12\/Copper-Foil-1.jpg 300w\" alt=\"\" width=\"150\" height=\"150\" \/><\/a><figcaption id=\"caption-attachment-3927\" class=\"wp-caption-text\"><a href=\"https:\/\/oqitop.com\/es\/productos\/lamina-metalica\/copper-foil\/\">L\u00e1mina de cobre<\/a><\/figcaption><\/figure>\n<\/td>\n<td>&nbsp;<\/p>\n<figure id=\"attachment_3928\" class=\"wp-caption aligncenter\" aria-describedby=\"caption-attachment-3928\"><a href=\"https:\/\/oqitop.com\/es\/productos\/lamina-metalica\/aluminum-foil\/\"><img decoding=\"async\" class=\"size-thumbnail wp-image-3928\" title=\"L\u00e1mina de plata de alto rendimiento Conductividad L\u00e1mina met\u00e1lica de Ag L\u00e1mina de plata de alto rendimiento Conductividad L\u00e1mina met\u00e1lica de Ag 2\" src=\"https:\/\/oqitop.com\/wp-content\/uploads\/2025\/12\/Aluminum-Foil-1-150x150.jpg\" sizes=\"(max-width: 150px) 100vw, 150px\" srcset=\"https:\/\/oqitop.com\/wp-content\/uploads\/2025\/12\/Aluminum-Foil-1-150x150.jpg 150w, https:\/\/oqitop.com\/wp-content\/uploads\/2025\/12\/Aluminum-Foil-1.jpg 300w\" alt=\"\" width=\"150\" height=\"150\" \/><\/a><figcaption id=\"caption-attachment-3928\" class=\"wp-caption-text\"><a href=\"https:\/\/oqitop.com\/es\/productos\/lamina-metalica\/aluminum-foil\/\">Papel de aluminio<\/a><\/figcaption><\/figure>\n<\/td>\n<td>&nbsp;<\/p>\n<figure id=\"attachment_3929\" class=\"wp-caption aligncenter\" aria-describedby=\"caption-attachment-3929\"><a href=\"https:\/\/oqitop.com\/es\/productos\/lamina-metalica\/lamina-de-acero-inoxidable\/\"><img decoding=\"async\" class=\"size-thumbnail wp-image-3929\" title=\"L\u00e1mina de plata de alto rendimiento Conductividad L\u00e1mina met\u00e1lica de Ag L\u00e1mina de plata de alto rendimiento Conductividad L\u00e1mina met\u00e1lica de Ag 3\" src=\"https:\/\/oqitop.com\/wp-content\/uploads\/2025\/12\/Stainless-Steel-Foil-150x150.jpg\" sizes=\"(max-width: 150px) 100vw, 150px\" srcset=\"https:\/\/oqitop.com\/wp-content\/uploads\/2025\/12\/Stainless-Steel-Foil-150x150.jpg 150w, https:\/\/oqitop.com\/wp-content\/uploads\/2025\/12\/Stainless-Steel-Foil.jpg 300w\" alt=\"\" width=\"150\" height=\"150\" \/><\/a><figcaption id=\"caption-attachment-3929\" class=\"wp-caption-text\"><a href=\"https:\/\/oqitop.com\/es\/productos\/lamina-metalica\/lamina-de-acero-inoxidable\/\">L\u00e1mina de acero inoxidable<\/a><\/figcaption><\/figure>\n<\/td>\n<td>&nbsp;<\/p>\n<figure id=\"attachment_3930\" class=\"wp-caption aligncenter\" aria-describedby=\"caption-attachment-3930\"><a href=\"https:\/\/oqitop.com\/es\/productos\/lamina-metalica\/tin-foil\/\"><img loading=\"lazy\" decoding=\"async\" class=\"size-thumbnail wp-image-3930\" title=\"L\u00e1mina de plata de alto rendimiento Conductividad L\u00e1mina met\u00e1lica de Ag L\u00e1mina de plata de alto rendimiento Conductividad L\u00e1mina met\u00e1lica de Ag 4\" src=\"https:\/\/oqitop.com\/wp-content\/uploads\/2025\/12\/Tin-Foil-150x150.jpg\" sizes=\"(max-width: 150px) 100vw, 150px\" srcset=\"https:\/\/oqitop.com\/wp-content\/uploads\/2025\/12\/Tin-Foil-150x150.jpg 150w, https:\/\/oqitop.com\/wp-content\/uploads\/2025\/12\/Tin-Foil.jpg 300w\" alt=\"\" width=\"150\" height=\"150\" \/><\/a><figcaption id=\"caption-attachment-3930\" class=\"wp-caption-text\"><a href=\"https:\/\/oqitop.com\/es\/productos\/lamina-metalica\/tin-foil\/\">Papel de aluminio<\/a><\/figcaption><\/figure>\n<\/td>\n<\/tr>\n<tr>\n<td>&nbsp;<\/p>\n<figure id=\"attachment_3931\" class=\"wp-caption aligncenter\" aria-describedby=\"caption-attachment-3931\"><a href=\"https:\/\/oqitop.com\/es\/productos\/lamina-metalica\/titanium-foil\/\"><img loading=\"lazy\" decoding=\"async\" class=\"size-thumbnail wp-image-3931\" title=\"L\u00e1mina de plata de alto rendimiento Conductividad L\u00e1mina met\u00e1lica de Ag L\u00e1mina de plata de alto rendimiento Conductividad L\u00e1mina met\u00e1lica de Ag 5\" src=\"https:\/\/oqitop.com\/wp-content\/uploads\/2025\/12\/Titanium-Foil-150x150.jpg\" sizes=\"(max-width: 150px) 100vw, 150px\" srcset=\"https:\/\/oqitop.com\/wp-content\/uploads\/2025\/12\/Titanium-Foil-150x150.jpg 150w, https:\/\/oqitop.com\/wp-content\/uploads\/2025\/12\/Titanium-Foil.jpg 300w\" alt=\"\" width=\"150\" height=\"150\" \/><\/a><figcaption id=\"caption-attachment-3931\" class=\"wp-caption-text\"><a href=\"https:\/\/oqitop.com\/es\/productos\/lamina-metalica\/titanium-foil\/\">L\u00e1mina de titanio<\/a><\/figcaption><\/figure>\n<\/td>\n<td>&nbsp;<\/p>\n<figure id=\"attachment_3932\" class=\"wp-caption aligncenter\" aria-describedby=\"caption-attachment-3932\"><a href=\"https:\/\/oqitop.com\/es\/productos\/lamina-metalica\/nickel-foil\/\"><img loading=\"lazy\" decoding=\"async\" class=\"size-thumbnail wp-image-3932\" title=\"L\u00e1mina de plata de alto rendimiento Conductividad L\u00e1mina met\u00e1lica de Ag L\u00e1mina de plata de alto rendimiento Conductividad L\u00e1mina met\u00e1lica de Ag 6\" src=\"https:\/\/oqitop.com\/wp-content\/uploads\/2025\/12\/Nickel-Foil-150x150.jpg\" sizes=\"(max-width: 150px) 100vw, 150px\" srcset=\"https:\/\/oqitop.com\/wp-content\/uploads\/2025\/12\/Nickel-Foil-150x150.jpg 150w, https:\/\/oqitop.com\/wp-content\/uploads\/2025\/12\/Nickel-Foil.jpg 300w\" alt=\"\" width=\"150\" height=\"150\" \/><\/a><figcaption id=\"caption-attachment-3932\" class=\"wp-caption-text\"><a href=\"https:\/\/oqitop.com\/es\/productos\/lamina-metalica\/nickel-foil\/\">L\u00e1mina de n\u00edquel<\/a><\/figcaption><\/figure>\n<\/td>\n<td>&nbsp;<\/p>\n<figure id=\"attachment_3933\" class=\"wp-caption aligncenter\" aria-describedby=\"caption-attachment-3933\"><a href=\"https:\/\/oqitop.com\/es\/productos\/lamina-metalica\/nickel-foil\/\"><img loading=\"lazy\" decoding=\"async\" class=\"size-thumbnail wp-image-3933\" title=\"L\u00e1mina de plata de alto rendimiento Conductividad L\u00e1mina met\u00e1lica de Ag L\u00e1mina de plata de alto rendimiento Conductividad L\u00e1mina met\u00e1lica de Ag 7\" src=\"https:\/\/oqitop.com\/wp-content\/uploads\/2025\/12\/Silver-Foil-150x150.jpg\" sizes=\"(max-width: 150px) 100vw, 150px\" srcset=\"https:\/\/oqitop.com\/wp-content\/uploads\/2025\/12\/Silver-Foil-150x150.jpg 150w, https:\/\/oqitop.com\/wp-content\/uploads\/2025\/12\/Silver-Foil.jpg 300w\" alt=\"\" width=\"150\" height=\"150\" \/><\/a><figcaption id=\"caption-attachment-3933\" class=\"wp-caption-text\"><a href=\"https:\/\/oqitop.com\/es\/productos\/lamina-metalica\/nickel-foil\/\">Papel de plata<\/a><\/figcaption><\/figure>\n<\/td>\n<td>&nbsp;<\/p>\n<figure id=\"attachment_3934\" class=\"wp-caption aligncenter\" aria-describedby=\"caption-attachment-3934\"><figcaption id=\"caption-attachment-3934\" class=\"wp-caption-text\"><a href=\"https:\/\/oqitop.com\/es\/tungsten-foil\/\"><img loading=\"lazy\" decoding=\"async\" class=\"aligncenter wp-image-4981 size-thumbnail\" title=\"Bobina de aluminio puro de alta calidad 99.99% Papel de aluminio 1\" src=\"https:\/\/oqitop.com\/wp-content\/uploads\/2026\/01\/123-150x150.jpg\" sizes=\"(max-width: 150px) 100vw, 150px\" srcset=\"https:\/\/oqitop.com\/wp-content\/uploads\/2026\/01\/123-150x150.jpg 150w, https:\/\/oqitop.com\/wp-content\/uploads\/2026\/01\/123-12x12.jpg 12w, https:\/\/oqitop.com\/wp-content\/uploads\/2026\/01\/123.jpg 300w\" alt=\"\" width=\"150\" height=\"150\" \/><\/a><a href=\"https:\/\/oqitop.com\/es\/productos\/lamina-metalica\/tungsten-foil\/\">L\u00e1mina de tungsteno<\/a><\/figcaption><\/figure>\n<\/td>\n<\/tr>\n<\/tbody>\n<\/table>\n<\/div>\n<p>&nbsp;<\/p>\n<p align=\"center\"><img loading=\"lazy\" decoding=\"async\" class=\"aligncenter size-full wp-image-3742\" src=\"https:\/\/oqitop.com\/wp-content\/uploads\/2025\/12\/6-19.jpg\" alt=\"\" width=\"1024\" height=\"1802\" title=\"\" srcset=\"https:\/\/oqitop.com\/wp-content\/uploads\/2025\/12\/6-19.jpg 1024w, https:\/\/oqitop.com\/wp-content\/uploads\/2025\/12\/6-19-170x300.jpg 170w, https:\/\/oqitop.com\/wp-content\/uploads\/2025\/12\/6-19-582x1024.jpg 582w, https:\/\/oqitop.com\/wp-content\/uploads\/2025\/12\/6-19-768x1352.jpg 768w, https:\/\/oqitop.com\/wp-content\/uploads\/2025\/12\/6-19-873x1536.jpg 873w\" sizes=\"(max-width: 1024px) 100vw, 1024px\" \/><img loading=\"lazy\" decoding=\"async\" class=\"aligncenter size-full wp-image-3743\" src=\"https:\/\/oqitop.com\/wp-content\/uploads\/2025\/12\/55555-11-16.jpg\" alt=\"\" width=\"1024\" height=\"677\" title=\"\" srcset=\"https:\/\/oqitop.com\/wp-content\/uploads\/2025\/12\/55555-11-16.jpg 1024w, https:\/\/oqitop.com\/wp-content\/uploads\/2025\/12\/55555-11-16-300x198.jpg 300w, https:\/\/oqitop.com\/wp-content\/uploads\/2025\/12\/55555-11-16-768x508.jpg 768w\" sizes=\"(max-width: 1024px) 100vw, 1024px\" \/><\/p>","protected":false},"featured_media":5089,"template":"","meta":{"_acf_changed":false,"site-sidebar-layout":"default","site-content-layout":"","ast-site-content-layout":"default","site-content-style":"default","site-sidebar-style":"default","ast-global-header-display":"","ast-banner-title-visibility":"","ast-main-header-display":"","ast-hfb-above-header-display":"","ast-hfb-below-header-display":"","ast-hfb-mobile-header-display":"","site-post-title":"","ast-breadcrumbs-content":"","ast-featured-img":"","footer-sml-layout":"","theme-transparent-header-meta":"default","adv-header-id-meta":"","stick-header-meta":"default","header-above-stick-meta":"","header-main-stick-meta":"","header-below-stick-meta":"","astra-migrate-meta-layouts":"set","ast-page-background-enabled":"default","ast-page-background-meta":{"desktop":{"background-color":"var(--ast-global-color-4)","background-image":"","background-repeat":"repeat","background-position":"center center","background-size":"auto","background-attachment":"scroll","background-type":"","background-media":"","overlay-type":"","overlay-color":"","overlay-opacity":"","overlay-gradient":""},"tablet":{"background-color":"","background-image":"","background-repeat":"repeat","background-position":"center center","background-size":"auto","background-attachment":"scroll","background-type":"","background-media":"","overlay-type":"","overlay-color":"","overlay-opacity":"","overlay-gradient":""},"mobile":{"background-color":"","background-image":"","background-repeat":"repeat","background-position":"center center","background-size":"auto","background-attachment":"scroll","background-type":"","background-media":"","overlay-type":"","overlay-color":"","overlay-opacity":"","overlay-gradient":""}},"ast-content-background-meta":{"desktop":{"background-color":"var(--ast-global-color-5)","background-image":"","background-repeat":"repeat","background-position":"center center","background-size":"auto","background-attachment":"scroll","background-type":"","background-media":"","overlay-type":"","overlay-color":"","overlay-opacity":"","overlay-gradient":""},"tablet":{"background-color":"var(--ast-global-color-5)","background-image":"","background-repeat":"repeat","background-position":"center center","background-size":"auto","background-attachment":"scroll","background-type":"","background-media":"","overlay-type":"","overlay-color":"","overlay-opacity":"","overlay-gradient":""},"mobile":{"background-color":"var(--ast-global-color-5)","background-image":"","background-repeat":"repeat","background-position":"center center","background-size":"auto","background-attachment":"scroll","background-type":"","background-media":"","overlay-type":"","overlay-color":"","overlay-opacity":"","overlay-gradient":""}}},"tags":[],"products":[223,229],"class_list":["post-5088","product","type-product","status-publish","has-post-thumbnail","hentry","products-metal-foil","products-nickel-foil"],"acf":[],"_links":{"self":[{"href":"https:\/\/oqitop.com\/es\/wp-json\/wp\/v2\/product\/5088","targetHints":{"allow":["GET"]}}],"collection":[{"href":"https:\/\/oqitop.com\/es\/wp-json\/wp\/v2\/product"}],"about":[{"href":"https:\/\/oqitop.com\/es\/wp-json\/wp\/v2\/types\/product"}],"wp:featuredmedia":[{"embeddable":true,"href":"https:\/\/oqitop.com\/es\/wp-json\/wp\/v2\/media\/5089"}],"wp:attachment":[{"href":"https:\/\/oqitop.com\/es\/wp-json\/wp\/v2\/media?parent=5088"}],"wp:term":[{"taxonomy":"post_tag","embeddable":true,"href":"https:\/\/oqitop.com\/es\/wp-json\/wp\/v2\/tags?post=5088"},{"taxonomy":"products","embeddable":true,"href":"https:\/\/oqitop.com\/es\/wp-json\/wp\/v2\/products?post=5088"}],"curies":[{"name":"wp","href":"https:\/\/api.w.org\/{rel}","templated":true}]}}