 {"id":3030,"date":"2025-12-10T14:00:40","date_gmt":"2025-12-10T06:00:40","guid":{"rendered":"https:\/\/oqitop.com\/?post_type=product&#038;p=3030"},"modified":"2026-01-13T11:05:07","modified_gmt":"2026-01-13T03:05:07","slug":"0-5-to-10mm-thickness-sintered-ss-stainless-steel-foam-sheet","status":"publish","type":"product","link":"https:\/\/oqitop.com\/fr\/produit\/0-5-to-10mm-thickness-sintered-ss-stainless-steel-foam-sheet\/","title":{"rendered":"0.5 to 10mm Thickness Sintered SS Stainless Steel Foam Sheet"},"content":{"rendered":"<h3 style=\"text-align: center;\"><span style=\"color: #ff0000;\">0.5 to 10mm Thickness Sintered SS Stainless Steel Foam Sheet<\/span><\/h3>\n<p><iframe src=\"https:\/\/www.youtube.com\/embed\/NZ2Bn7GQ7jg?rel=0\" allowfullscreen=\"allowfullscreen\" data-mce-fragment=\"1\"><span data-mce-type=\"bookmark\" style=\"display: inline-block; width: 0px; overflow: hidden; line-height: 0;\" class=\"mce_SELRES_start\"><\/span><\/iframe><\/p>\n<p style=\"font-weight: 400;\"><b><strong>Introduction<\/strong><\/b><\/p>\n<p style=\"font-weight: 400;\"><b><strong><a href=\"https:\/\/oqitop.com\/fr\/produits\/mousse-metallique\/stainless-steel-foam\/\">Mousse en acier inoxydable<\/a><\/strong><\/b>\u00a0contenant les pores mouss\u00e9s pr\u00e9sente une porosit\u00e9 plus \u00e9lev\u00e9e et une taille de pores plus importante pouvant atteindre 10 mm que le m\u00e9tal poreux g\u00e9n\u00e9ralement fritt\u00e9. \u00c9tant donn\u00e9 que la mousse m\u00e9tallique est un composite biphas\u00e9 compos\u00e9 d'une phase continue constitu\u00e9e d'une matrice m\u00e9tallique et d'une phase dispers\u00e9e constitu\u00e9e de pores ou d'une phase continue, ses propri\u00e9t\u00e9s d\u00e9pendent de la matrice m\u00e9tallique utilis\u00e9e, de la porosit\u00e9 et de la structure des pores, et sont influenc\u00e9es par le processus de pr\u00e9paration.<\/p>\n<p style=\"font-weight: 400;\"><b><span style=\"font-style: inherit; font-weight: inherit;\">Sp\u00e9cifications<\/span><\/b><\/p>\n<table>\n<tbody>\n<tr>\n<td width=\"44.3600%\">Diam\u00e8tre<\/td>\n<td width=\"55.6200%\">\u04245-\u0424300 (mm)<\/td>\n<\/tr>\n<tr>\n<td width=\"44.3600%\">\u00c9paisseur<\/td>\n<td width=\"55.6200%\">0,5-10 mm<\/td>\n<\/tr>\n<tr>\n<td width=\"44.3600%\">Pr\u00e9cision de filtration<\/td>\n<td width=\"55.6200%\">0,5 \u00b5m \u00e0 70 \u00b5m<\/td>\n<\/tr>\n<tr>\n<td width=\"44.3600%\">Mat\u00e9riau<\/td>\n<td width=\"55.6200%\">302 304 304L 321 316 316L 310S<\/td>\n<\/tr>\n<tr>\n<td width=\"44.3600%\">Porosit\u00e9<\/td>\n<td width=\"55.6200%\">20 \u00e0 50 %<\/td>\n<\/tr>\n<tr>\n<td width=\"44.3600%\">Perm\u00e9abilit\u00e9<\/td>\n<td width=\"55.6200%\">3-1300 m3\/m3 hkPa<\/td>\n<\/tr>\n<tr>\n<td width=\"44.3600%\">R\u00e9sistance \u00e0 la compression<\/td>\n<td width=\"55.6200%\">3 MPa<\/td>\n<\/tr>\n<tr>\n<td width=\"44.3600%\">R\u00e9sistance \u00e0 la temp\u00e9rature<\/td>\n<td width=\"55.6200%\">500 \u00b0C<\/td>\n<\/tr>\n<tr>\n<td width=\"44.3600%\">Pression maximale de service<\/td>\n<td width=\"55.6200%\">0,6 MPa<\/td>\n<\/tr>\n<tr>\n<td width=\"44.3600%\">Forme<\/td>\n<td width=\"55.6200%\">Rectangle, circulaire, tube, cylindre<\/td>\n<\/tr>\n<\/tbody>\n<\/table>\n<p><b style=\"font-style: inherit;\"><strong>Dimensions (\u00e9paisseur * longueur * largeur)<\/strong><\/b><\/p>\n<table>\n<tbody>\n<tr>\n<td width=\"201\">0,7 mm \u00d7 200 mm \u00d7 300 mm<\/td>\n<td width=\"193\">0,8 mm \u00d7 200 mm \u00d7 300 mm<\/td>\n<td width=\"198\">1,0 mm \u00d7 200 mm \u00d7 300 mm<\/td>\n<\/tr>\n<tr>\n<td width=\"201\">1,5 mm \u00d7 200 mm \u00d7 300 mm<\/td>\n<td width=\"193\">1,6 mm \u00d7 200 mm \u00d7 300 mm<\/td>\n<td width=\"198\">2,0 mm \u00d7 200 mm \u00d7 300 mm<\/td>\n<\/tr>\n<tr>\n<td width=\"201\">2,5 mm \u00d7 200 mm \u00d7 300 mm<\/td>\n<td width=\"193\">3,0 mm \u00d7 200 mm \u00d7 300 mm<\/td>\n<td width=\"198\"><span style=\"color: #ff0000;\"><b><strong>La taille peut \u00eatre personnalis\u00e9e.<\/strong><\/b><b><strong>zed<\/strong><\/b><\/span><\/td>\n<\/tr>\n<\/tbody>\n<\/table>\n<p><img fetchpriority=\"high\" decoding=\"async\" class=\"aligncenter size-full wp-image-3019\" src=\"https:\/\/oqitop.com\/wp-content\/uploads\/2025\/12\/11111-3.jpg\" alt=\"\" width=\"1024\" height=\"1024\" title=\"\" srcset=\"https:\/\/oqitop.com\/wp-content\/uploads\/2025\/12\/11111-3.jpg 1024w, https:\/\/oqitop.com\/wp-content\/uploads\/2025\/12\/11111-3-300x300.jpg 300w, https:\/\/oqitop.com\/wp-content\/uploads\/2025\/12\/11111-3-150x150.jpg 150w, https:\/\/oqitop.com\/wp-content\/uploads\/2025\/12\/11111-3-768x768.jpg 768w\" sizes=\"(max-width: 1024px) 100vw, 1024px\" \/><img decoding=\"async\" class=\"aligncenter size-full wp-image-3020\" src=\"https:\/\/oqitop.com\/wp-content\/uploads\/2025\/12\/22222-2.jpg\" alt=\"\" width=\"1024\" height=\"1024\" title=\"\" srcset=\"https:\/\/oqitop.com\/wp-content\/uploads\/2025\/12\/22222-2.jpg 1024w, https:\/\/oqitop.com\/wp-content\/uploads\/2025\/12\/22222-2-300x300.jpg 300w, https:\/\/oqitop.com\/wp-content\/uploads\/2025\/12\/22222-2-150x150.jpg 150w, https:\/\/oqitop.com\/wp-content\/uploads\/2025\/12\/22222-2-768x768.jpg 768w\" sizes=\"(max-width: 1024px) 100vw, 1024px\" \/><img decoding=\"async\" class=\"aligncenter size-full wp-image-3021\" src=\"https:\/\/oqitop.com\/wp-content\/uploads\/2025\/12\/33333-2.jpg\" alt=\"\" width=\"1024\" height=\"1024\" title=\"\" srcset=\"https:\/\/oqitop.com\/wp-content\/uploads\/2025\/12\/33333-2.jpg 1024w, https:\/\/oqitop.com\/wp-content\/uploads\/2025\/12\/33333-2-300x300.jpg 300w, https:\/\/oqitop.com\/wp-content\/uploads\/2025\/12\/33333-2-150x150.jpg 150w, https:\/\/oqitop.com\/wp-content\/uploads\/2025\/12\/33333-2-768x768.jpg 768w\" sizes=\"(max-width: 1024px) 100vw, 1024px\" \/><img loading=\"lazy\" decoding=\"async\" class=\"aligncenter size-full wp-image-3022\" src=\"https:\/\/oqitop.com\/wp-content\/uploads\/2025\/12\/44444.jpg\" alt=\"\" width=\"1024\" height=\"415\" title=\"\" srcset=\"https:\/\/oqitop.com\/wp-content\/uploads\/2025\/12\/44444.jpg 1024w, https:\/\/oqitop.com\/wp-content\/uploads\/2025\/12\/44444-300x122.jpg 300w, https:\/\/oqitop.com\/wp-content\/uploads\/2025\/12\/44444-768x311.jpg 768w\" sizes=\"(max-width: 1024px) 100vw, 1024px\" \/><img loading=\"lazy\" decoding=\"async\" class=\"aligncenter size-full wp-image-3023\" src=\"https:\/\/oqitop.com\/wp-content\/uploads\/2025\/12\/55555.jpg\" alt=\"\" width=\"1024\" height=\"677\" title=\"\" srcset=\"https:\/\/oqitop.com\/wp-content\/uploads\/2025\/12\/55555.jpg 1024w, https:\/\/oqitop.com\/wp-content\/uploads\/2025\/12\/55555-300x198.jpg 300w, https:\/\/oqitop.com\/wp-content\/uploads\/2025\/12\/55555-768x508.jpg 768w\" sizes=\"(max-width: 1024px) 100vw, 1024px\" \/><\/p>","protected":false},"featured_media":3031,"template":"","meta":{"_acf_changed":false,"site-sidebar-layout":"default","site-content-layout":"","ast-site-content-layout":"default","site-content-style":"default","site-sidebar-style":"default","ast-global-header-display":"","ast-banner-title-visibility":"","ast-main-header-display":"","ast-hfb-above-header-display":"","ast-hfb-below-header-display":"","ast-hfb-mobile-header-display":"","site-post-title":"","ast-breadcrumbs-content":"","ast-featured-img":"","footer-sml-layout":"","theme-transparent-header-meta":"default","adv-header-id-meta":"","stick-header-meta":"default","header-above-stick-meta":"","header-main-stick-meta":"","header-below-stick-meta":"","astra-migrate-meta-layouts":"set","ast-page-background-enabled":"default","ast-page-background-meta":{"desktop":{"background-color":"var(--ast-global-color-4)","background-image":"","background-repeat":"repeat","background-position":"center center","background-size":"auto","background-attachment":"scroll","background-type":"","background-media":"","overlay-type":"","overlay-color":"","overlay-opacity":"","overlay-gradient":""},"tablet":{"background-color":"","background-image":"","background-repeat":"repeat","background-position":"center center","background-size":"auto","background-attachment":"scroll","background-type":"","background-media":"","overlay-type":"","overlay-color":"","overlay-opacity":"","overlay-gradient":""},"mobile":{"background-color":"","background-image":"","background-repeat":"repeat","background-position":"center center","background-size":"auto","background-attachment":"scroll","background-type":"","background-media":"","overlay-type":"","overlay-color":"","overlay-opacity":"","overlay-gradient":""}},"ast-content-background-meta":{"desktop":{"background-color":"var(--ast-global-color-5)","background-image":"","background-repeat":"repeat","background-position":"center center","background-size":"auto","background-attachment":"scroll","background-type":"","background-media":"","overlay-type":"","overlay-color":"","overlay-opacity":"","overlay-gradient":""},"tablet":{"background-color":"var(--ast-global-color-5)","background-image":"","background-repeat":"repeat","background-position":"center center","background-size":"auto","background-attachment":"scroll","background-type":"","background-media":"","overlay-type":"","overlay-color":"","overlay-opacity":"","overlay-gradient":""},"mobile":{"background-color":"var(--ast-global-color-5)","background-image":"","background-repeat":"repeat","background-position":"center center","background-size":"auto","background-attachment":"scroll","background-type":"","background-media":"","overlay-type":"","overlay-color":"","overlay-opacity":"","overlay-gradient":""}}},"tags":[],"products":[200,206],"class_list":["post-3030","product","type-product","status-publish","has-post-thumbnail","hentry","products-metal-foam","products-stainless-steel-foam"],"acf":[],"_links":{"self":[{"href":"https:\/\/oqitop.com\/fr\/wp-json\/wp\/v2\/product\/3030","targetHints":{"allow":["GET"]}}],"collection":[{"href":"https:\/\/oqitop.com\/fr\/wp-json\/wp\/v2\/product"}],"about":[{"href":"https:\/\/oqitop.com\/fr\/wp-json\/wp\/v2\/types\/product"}],"wp:featuredmedia":[{"embeddable":true,"href":"https:\/\/oqitop.com\/fr\/wp-json\/wp\/v2\/media\/3031"}],"wp:attachment":[{"href":"https:\/\/oqitop.com\/fr\/wp-json\/wp\/v2\/media?parent=3030"}],"wp:term":[{"taxonomy":"post_tag","embeddable":true,"href":"https:\/\/oqitop.com\/fr\/wp-json\/wp\/v2\/tags?post=3030"},{"taxonomy":"products","embeddable":true,"href":"https:\/\/oqitop.com\/fr\/wp-json\/wp\/v2\/products?post=3030"}],"curies":[{"name":"wp","href":"https:\/\/api.w.org\/{rel}","templated":true}]}}