 {"id":3240,"date":"2025-12-11T14:53:18","date_gmt":"2025-12-11T06:53:18","guid":{"rendered":"https:\/\/oqitop.com\/?post_type=product&#038;p=3240"},"modified":"2026-01-13T16:23:03","modified_gmt":"2026-01-13T08:23:03","slug":"high-purity-nickel-copper-foam-alloy-metal-foam-sheet","status":"publish","type":"product","link":"https:\/\/oqitop.com\/fr\/produit\/high-purity-nickel-copper-foam-alloy-metal-foam-sheet\/","title":{"rendered":"High Purity Nickel Copper Foam Alloy Metal Foam Sheet"},"content":{"rendered":"<h3 style=\"text-align: center;\"><span style=\"color: #ff0000;\">High Purity Nickel Copper Foam Alloy Metal Foam Sheet<\/span><\/h3>\n<p><iframe src=\"https:\/\/www.youtube.com\/embed\/d0RviiZn49s?rel=0\" allowfullscreen=\"allowfullscreen\" data-mce-fragment=\"1\"><span data-mce-type=\"bookmark\" style=\"display: inline-block; width: 0px; overflow: hidden; line-height: 0;\" class=\"mce_SELRES_start\"><\/span><\/iframe><\/p>\n<p style=\"font-weight: 500;\"><span style=\"font-style: inherit; font-weight: inherit;\"><b><span style=\"font-weight: inherit;\">Caract\u00e9ristiques<\/span><\/b><\/span><\/p>\n<p style=\"font-weight: 500;\"><span style=\"font-style: inherit; font-weight: inherit;\">*\u00a0<b><strong><a href=\"https:\/\/oqitop.com\/fr\/produits\/mousse-metallique\/nickel-copper-foam\/\">Mousse de cuivre et nickel\u00a0<\/a><\/strong><\/b>poss\u00e8de une excellente conductivit\u00e9 thermique et peut \u00eatre largement utilis\u00e9 pour la conduction et la dissipation de la chaleur des moteurs, des appareils \u00e9lectriques et des composants \u00e9lectroniques.<\/span><\/p>\n<p style=\"font-weight: 500;\"><span style=\"font-style: inherit; font-weight: inherit;\">* La mousse de nickel-cuivre a une excellente conductivit\u00e9 \u00e9lectrique et ne rouille pas.<\/span><\/p>\n<p style=\"font-weight: 500;\"><span style=\"font-style: inherit; font-weight: inherit;\">* La mousse de nickel-cuivre est un excellent mat\u00e9riau de filtrage m\u00e9dical et de purification de l'eau en raison de ses caract\u00e9ristiques structurelles et de ses propri\u00e9t\u00e9s non nocives pour le corps humain.<\/span><\/p>\n<p style=\"font-weight: 500;\"><span style=\"font-style: inherit; font-weight: inherit;\"><b><strong>Sp\u00e9cifications<\/strong><\/b><\/span><\/p>\n<table>\n<tbody>\n<tr>\n<td>Type<\/td>\n<td>Cellule ouverte<\/td>\n<\/tr>\n<tr>\n<td>Puret\u00e9<\/td>\n<td>&gt; 97%<\/td>\n<\/tr>\n<tr>\n<td>Formulaire<\/td>\n<td>Feuille ou rouleau, selon la taille et l'\u00e9paisseur<\/td>\n<\/tr>\n<tr>\n<td>Taille des cellules (PPI)<\/td>\n<td>5-150 PPI, selon la demande<\/td>\n<\/tr>\n<tr>\n<td>\u00c9paisseur<\/td>\n<td>Standard : 1-30 mm Extra fin (30 mm) peut \u00eatre personnalis\u00e9 sur demande<\/td>\n<\/tr>\n<tr>\n<td>Taille et forme<\/td>\n<td>peut \u00eatre fabriqu\u00e9 dans diff\u00e9rentes formes selon la demande<\/td>\n<\/tr>\n<tr>\n<td>Porosit\u00e9<\/td>\n<td>50%-98%<\/td>\n<\/tr>\n<tr>\n<td>Taux de cellules ouvertes<\/td>\n<td>\u226598%<\/td>\n<\/tr>\n<tr>\n<td>Densit\u00e9 volumique<\/td>\n<td>0,1-0,8g\/cm3, selon la demande<\/td>\n<\/tr>\n<\/tbody>\n<\/table>\n<p style=\"font-weight: 500;\"><span style=\"font-style: inherit; font-weight: inherit;\"><b><strong>Dimensions<\/strong><\/b><br \/>\n<\/span><\/p>\n<table>\n<tbody>\n<tr>\n<td width=\"202\">0,5 mm \u00d7 200 mm \u00d7 300 mm<\/td>\n<td width=\"212\">0,7 mm \u00d7 200 mm \u00d7 300 mm<\/td>\n<td width=\"185\">0,8 mm \u00d7 200 mm \u00d7 300 mm<\/td>\n<\/tr>\n<tr>\n<td width=\"202\">1 mm \u00d7 200 mm \u00d7 300 mm<\/td>\n<td width=\"212\">1,5 mm \u00d7 200 mm \u00d7 300 mm<\/td>\n<td width=\"185\">1,6 mm \u00d7 200 mm \u00d7 300 mm<\/td>\n<\/tr>\n<tr>\n<td width=\"202\">2 mm \u00d7 200 mm \u00d7 300 mm<\/td>\n<td width=\"212\">2,5 \u00e0 3 mm*200 mm*300 mm<\/td>\n<td width=\"185\"><span style=\"color: #ff0000;\"><b><strong>La taille peut \u00eatre personnalis\u00e9e.<\/strong><\/b><\/span><\/td>\n<\/tr>\n<\/tbody>\n<\/table>\n<p><b><strong>Pour personnaliser diff\u00e9rentes mousses m\u00e9talliques, veuillez cliquer sur l'image ci-dessous pour plus de d\u00e9tails :<\/strong><\/b><\/p>\n<table>\n<tbody>\n<tr>\n<td>&nbsp;<\/p>\n<figure id=\"attachment_2567\" class=\"wp-caption aligncenter\" aria-describedby=\"caption-attachment-2567\"><a href=\"https:\/\/oqitop.com\/fr\/produits\/mousse-metallique\/copper-foam\/\"><img decoding=\"async\" class=\"wp-image-2567 size-thumbnail\" title=\"Mousse de nickel \u00e0 haute conductivit\u00e9 pour la recherche sur les \u00e9lectrodes de batterie 1\" src=\"https:\/\/oqitop.com\/wp-content\/uploads\/2025\/12\/Copper-Foam-150x150.jpg\" sizes=\"(max-width: 150px) 100vw, 150px\" srcset=\"https:\/\/oqitop.com\/wp-content\/uploads\/2025\/12\/Copper-Foam-150x150.jpg 150w, https:\/\/oqitop.com\/wp-content\/uploads\/2025\/12\/Copper-Foam-300x300.jpg 300w, https:\/\/oqitop.com\/wp-content\/uploads\/2025\/12\/Copper-Foam.jpg 600w\" alt=\"\" width=\"150\" height=\"150\" \/><\/a><figcaption id=\"caption-attachment-2567\" class=\"wp-caption-text\"><a href=\"https:\/\/oqitop.com\/fr\/produits\/mousse-metallique\/copper-foam\/\">Mousse de cuivre<\/a><\/figcaption><\/figure>\n<\/td>\n<td>&nbsp;<\/p>\n<figure id=\"attachment_2568\" class=\"wp-caption aligncenter\" aria-describedby=\"caption-attachment-2568\"><a href=\"https:\/\/oqitop.com\/fr\/produits\/mousse-metallique\/mousse-de-nickel\/\"><img decoding=\"async\" class=\"wp-image-2568 size-thumbnail\" title=\"Mousse de nickel \u00e0 haute conductivit\u00e9 pour la recherche sur les \u00e9lectrodes de batterie 2\" src=\"https:\/\/oqitop.com\/wp-content\/uploads\/2025\/12\/Nickel-Foam-150x150.png\" sizes=\"(max-width: 150px) 100vw, 150px\" srcset=\"https:\/\/oqitop.com\/wp-content\/uploads\/2025\/12\/Nickel-Foam-150x150.png 150w, https:\/\/oqitop.com\/wp-content\/uploads\/2025\/12\/Nickel-Foam-300x300.png 300w, https:\/\/oqitop.com\/wp-content\/uploads\/2025\/12\/Nickel-Foam.png 500w\" alt=\"\" width=\"150\" height=\"150\" \/><\/a><figcaption id=\"caption-attachment-2568\" class=\"wp-caption-text\"><a href=\"https:\/\/oqitop.com\/fr\/produits\/mousse-metallique\/mousse-de-nickel\/\">Mousse de nickel<\/a><\/figcaption><\/figure>\n<\/td>\n<td>&nbsp;<\/p>\n<figure id=\"attachment_2569\" class=\"wp-caption aligncenter\" aria-describedby=\"caption-attachment-2569\"><a href=\"https:\/\/oqitop.com\/fr\/produits\/mousse-metallique\/mousse-de-titane\/\"><img decoding=\"async\" class=\"wp-image-2569 size-thumbnail\" title=\"Mousse de nickel \u00e0 haute conductivit\u00e9 pour la recherche sur les \u00e9lectrodes de batterie 3\" src=\"https:\/\/oqitop.com\/wp-content\/uploads\/2025\/12\/Ti-Foam-150x150.png\" sizes=\"(max-width: 150px) 100vw, 150px\" srcset=\"https:\/\/oqitop.com\/wp-content\/uploads\/2025\/12\/Ti-Foam-150x150.png 150w, https:\/\/oqitop.com\/wp-content\/uploads\/2025\/12\/Ti-Foam-300x300.png 300w, https:\/\/oqitop.com\/wp-content\/uploads\/2025\/12\/Ti-Foam.png 500w\" alt=\"\" width=\"150\" height=\"150\" \/><\/a><figcaption id=\"caption-attachment-2569\" class=\"wp-caption-text\"><a href=\"https:\/\/oqitop.com\/fr\/produits\/mousse-metallique\/mousse-de-titane\/\">Ti Mousse<\/a><\/figcaption><\/figure>\n<\/td>\n<td>&nbsp;<\/p>\n<figure id=\"attachment_2571\" class=\"wp-caption aligncenter\" aria-describedby=\"caption-attachment-2571\"><a href=\"https:\/\/oqitop.com\/fr\/produits\/mousse-metallique\/aluminum-foam\/\"><img loading=\"lazy\" decoding=\"async\" class=\"wp-image-2571 size-thumbnail\" title=\"Mousse de nickel \u00e0 haute conductivit\u00e9 pour la recherche sur les \u00e9lectrodes de batterie 4\" src=\"https:\/\/oqitop.com\/wp-content\/uploads\/2025\/12\/Aluminum-Foam-1-150x150.png\" sizes=\"(max-width: 150px) 100vw, 150px\" srcset=\"https:\/\/oqitop.com\/wp-content\/uploads\/2025\/12\/Aluminum-Foam-1-150x150.png 150w, https:\/\/oqitop.com\/wp-content\/uploads\/2025\/12\/Aluminum-Foam-1-300x300.png 300w, https:\/\/oqitop.com\/wp-content\/uploads\/2025\/12\/Aluminum-Foam-1.png 529w\" alt=\"\" width=\"150\" height=\"150\" \/><\/a><figcaption id=\"caption-attachment-2571\" class=\"wp-caption-text\"><a href=\"https:\/\/oqitop.com\/fr\/produits\/mousse-metallique\/aluminum-foam\/\">Mousse d'aluminium<\/a><\/figcaption><\/figure>\n<\/td>\n<\/tr>\n<tr>\n<td>&nbsp;<\/p>\n<figure id=\"attachment_2572\" class=\"wp-caption aligncenter\" aria-describedby=\"caption-attachment-2572\"><a href=\"https:\/\/oqitop.com\/fr\/produits\/mousse-metallique\/iron-nickel-foam\/\"><img loading=\"lazy\" decoding=\"async\" class=\"wp-image-2572 size-thumbnail\" title=\"Mousse de nickel \u00e0 haute conductivit\u00e9 pour la recherche sur les \u00e9lectrodes de batterie 5\" src=\"https:\/\/oqitop.com\/wp-content\/uploads\/2025\/12\/Iron-Nickel-Foam-150x150.jpg\" sizes=\"(max-width: 150px) 100vw, 150px\" srcset=\"https:\/\/oqitop.com\/wp-content\/uploads\/2025\/12\/Iron-Nickel-Foam-150x150.jpg 150w, https:\/\/oqitop.com\/wp-content\/uploads\/2025\/12\/Iron-Nickel-Foam-300x300.jpg 300w, https:\/\/oqitop.com\/wp-content\/uploads\/2025\/12\/Iron-Nickel-Foam.jpg 720w\" alt=\"\" width=\"150\" height=\"150\" \/><\/a><figcaption id=\"caption-attachment-2572\" class=\"wp-caption-text\"><a href=\"https:\/\/oqitop.com\/fr\/produits\/mousse-metallique\/iron-nickel-foam\/\">Mousse de fer-nickel<\/a><\/figcaption><\/figure>\n<\/td>\n<td>&nbsp;<\/p>\n<figure id=\"attachment_2573\" class=\"wp-caption aligncenter\" aria-describedby=\"caption-attachment-2573\"><a href=\"https:\/\/oqitop.com\/fr\/produits\/mousse-metallique\/carbon-foam\/\"><img loading=\"lazy\" decoding=\"async\" class=\"wp-image-2573 size-thumbnail\" title=\"Mousse de nickel \u00e0 haute conductivit\u00e9 pour la recherche sur les \u00e9lectrodes de batterie 6\" src=\"https:\/\/oqitop.com\/wp-content\/uploads\/2025\/12\/Carbon-Foam-150x150.png\" sizes=\"(max-width: 150px) 100vw, 150px\" srcset=\"https:\/\/oqitop.com\/wp-content\/uploads\/2025\/12\/Carbon-Foam-150x150.png 150w, https:\/\/oqitop.com\/wp-content\/uploads\/2025\/12\/Carbon-Foam-300x300.png 300w, https:\/\/oqitop.com\/wp-content\/uploads\/2025\/12\/Carbon-Foam-768x768.png 768w, https:\/\/oqitop.com\/wp-content\/uploads\/2025\/12\/Carbon-Foam.png 1000w\" alt=\"\" width=\"150\" height=\"150\" \/><\/a><figcaption id=\"caption-attachment-2573\" class=\"wp-caption-text\"><a href=\"https:\/\/oqitop.com\/fr\/produits\/mousse-metallique\/carbon-foam\/\">Mousse de carbone<\/a><\/figcaption><\/figure>\n<\/td>\n<td>&nbsp;<\/p>\n<figure id=\"attachment_2574\" class=\"wp-caption aligncenter\" aria-describedby=\"caption-attachment-2574\"><a href=\"https:\/\/oqitop.com\/fr\/produits\/mousse-metallique\/silver-foam\/\"><img loading=\"lazy\" decoding=\"async\" class=\"wp-image-2574 size-thumbnail\" title=\"Mousse de nickel \u00e0 haute conductivit\u00e9 pour la recherche sur les \u00e9lectrodes de batterie 7\" src=\"https:\/\/oqitop.com\/wp-content\/uploads\/2025\/12\/Silver-Foam-150x150.jpg\" sizes=\"(max-width: 150px) 100vw, 150px\" srcset=\"https:\/\/oqitop.com\/wp-content\/uploads\/2025\/12\/Silver-Foam-150x150.jpg 150w, https:\/\/oqitop.com\/wp-content\/uploads\/2025\/12\/Silver-Foam-300x300.jpg 300w, https:\/\/oqitop.com\/wp-content\/uploads\/2025\/12\/Silver-Foam.jpg 726w\" alt=\"\" width=\"150\" height=\"150\" \/><\/a><figcaption id=\"caption-attachment-2574\" class=\"wp-caption-text\"><a href=\"https:\/\/oqitop.com\/fr\/produits\/mousse-metallique\/silver-foam\/\">Mousse argent\u00e9e<\/a><\/figcaption><\/figure>\n<\/td>\n<td>&nbsp;<\/p>\n<figure id=\"attachment_2575\" class=\"wp-caption aligncenter\" aria-describedby=\"caption-attachment-2575\"><a href=\"https:\/\/oqitop.com\/fr\/produits\/mousse-metallique\/cobalt-foamhttps%3a\/\/oqitop.com\/produits\/mousse-metallique\/cobalt-foam\/\"><img loading=\"lazy\" decoding=\"async\" class=\"wp-image-2575 size-thumbnail\" title=\"Mousse de nickel \u00e0 haute conductivit\u00e9 pour la recherche sur les \u00e9lectrodes de batterie 8\" src=\"https:\/\/oqitop.com\/wp-content\/uploads\/2025\/12\/Cobalt-Foam-150x150.jpg\" sizes=\"(max-width: 150px) 100vw, 150px\" srcset=\"https:\/\/oqitop.com\/wp-content\/uploads\/2025\/12\/Cobalt-Foam-150x150.jpg 150w, https:\/\/oqitop.com\/wp-content\/uploads\/2025\/12\/Cobalt-Foam-300x300.jpg 300w, https:\/\/oqitop.com\/wp-content\/uploads\/2025\/12\/Cobalt-Foam-768x768.jpg 768w, https:\/\/oqitop.com\/wp-content\/uploads\/2025\/12\/Cobalt-Foam.jpg 800w\" alt=\"\" width=\"150\" height=\"150\" \/><\/a><figcaption id=\"caption-attachment-2575\" class=\"wp-caption-text\"><a href=\"https:\/\/oqitop.com\/fr\/produits\/mousse-metallique\/cobalt-foam\/\">Mousse de cobalt<\/a><\/figcaption><\/figure>\n<\/td>\n<\/tr>\n<\/tbody>\n<\/table>\n<p class=\"table-responsive\" style=\"text-align: center;\"><span style=\"color: #ff0000;\"><strong>Nous fournissons une gamme vari\u00e9e de produits en mousse d'alliage sp\u00e9cialis\u00e9s et pouvons les personnaliser selon les sp\u00e9cifications du client.<img loading=\"lazy\" decoding=\"async\" class=\"aligncenter size-full wp-image-3221\" src=\"https:\/\/oqitop.com\/wp-content\/uploads\/2025\/12\/11111-4.jpg\" alt=\"\" width=\"1024\" height=\"476\" title=\"\" srcset=\"https:\/\/oqitop.com\/wp-content\/uploads\/2025\/12\/11111-4.jpg 1024w, https:\/\/oqitop.com\/wp-content\/uploads\/2025\/12\/11111-4-300x139.jpg 300w, https:\/\/oqitop.com\/wp-content\/uploads\/2025\/12\/11111-4-768x357.jpg 768w\" sizes=\"(max-width: 1024px) 100vw, 1024px\" \/><img loading=\"lazy\" decoding=\"async\" class=\"aligncenter size-full wp-image-3222\" src=\"https:\/\/oqitop.com\/wp-content\/uploads\/2025\/12\/22222.png\" alt=\"\" width=\"1024\" height=\"746\" title=\"\" srcset=\"https:\/\/oqitop.com\/wp-content\/uploads\/2025\/12\/22222.png 1024w, https:\/\/oqitop.com\/wp-content\/uploads\/2025\/12\/22222-300x219.png 300w, https:\/\/oqitop.com\/wp-content\/uploads\/2025\/12\/22222-768x560.png 768w\" sizes=\"(max-width: 1024px) 100vw, 1024px\" \/><img loading=\"lazy\" decoding=\"async\" class=\"aligncenter size-full wp-image-3223\" src=\"https:\/\/oqitop.com\/wp-content\/uploads\/2025\/12\/33333-5.jpg\" alt=\"\" width=\"1024\" height=\"636\" title=\"\" srcset=\"https:\/\/oqitop.com\/wp-content\/uploads\/2025\/12\/33333-5.jpg 1024w, https:\/\/oqitop.com\/wp-content\/uploads\/2025\/12\/33333-5-300x186.jpg 300w, https:\/\/oqitop.com\/wp-content\/uploads\/2025\/12\/33333-5-768x477.jpg 768w\" sizes=\"(max-width: 1024px) 100vw, 1024px\" \/><img loading=\"lazy\" decoding=\"async\" class=\"aligncenter size-full wp-image-3224\" src=\"https:\/\/oqitop.com\/wp-content\/uploads\/2025\/12\/55555-4.jpg\" alt=\"\" width=\"1024\" height=\"677\" title=\"\" srcset=\"https:\/\/oqitop.com\/wp-content\/uploads\/2025\/12\/55555-4.jpg 1024w, https:\/\/oqitop.com\/wp-content\/uploads\/2025\/12\/55555-4-300x198.jpg 300w, https:\/\/oqitop.com\/wp-content\/uploads\/2025\/12\/55555-4-768x508.jpg 768w\" sizes=\"(max-width: 1024px) 100vw, 1024px\" \/><\/strong><\/span><\/p>","protected":false},"featured_media":3241,"template":"","meta":{"_acf_changed":false,"site-sidebar-layout":"default","site-content-layout":"","ast-site-content-layout":"default","site-content-style":"default","site-sidebar-style":"default","ast-global-header-display":"","ast-banner-title-visibility":"","ast-main-header-display":"","ast-hfb-above-header-display":"","ast-hfb-below-header-display":"","ast-hfb-mobile-header-display":"","site-post-title":"","ast-breadcrumbs-content":"","ast-featured-img":"","footer-sml-layout":"","theme-transparent-header-meta":"default","adv-header-id-meta":"","stick-header-meta":"default","header-above-stick-meta":"","header-main-stick-meta":"","header-below-stick-meta":"","astra-migrate-meta-layouts":"set","ast-page-background-enabled":"default","ast-page-background-meta":{"desktop":{"background-color":"var(--ast-global-color-4)","background-image":"","background-repeat":"repeat","background-position":"center center","background-size":"auto","background-attachment":"scroll","background-type":"","background-media":"","overlay-type":"","overlay-color":"","overlay-opacity":"","overlay-gradient":""},"tablet":{"background-color":"","background-image":"","background-repeat":"repeat","background-position":"center center","background-size":"auto","background-attachment":"scroll","background-type":"","background-media":"","overlay-type":"","overlay-color":"","overlay-opacity":"","overlay-gradient":""},"mobile":{"background-color":"","background-image":"","background-repeat":"repeat","background-position":"center center","background-size":"auto","background-attachment":"scroll","background-type":"","background-media":"","overlay-type":"","overlay-color":"","overlay-opacity":"","overlay-gradient":""}},"ast-content-background-meta":{"desktop":{"background-color":"var(--ast-global-color-5)","background-image":"","background-repeat":"repeat","background-position":"center center","background-size":"auto","background-attachment":"scroll","background-type":"","background-media":"","overlay-type":"","overlay-color":"","overlay-opacity":"","overlay-gradient":""},"tablet":{"background-color":"var(--ast-global-color-5)","background-image":"","background-repeat":"repeat","background-position":"center center","background-size":"auto","background-attachment":"scroll","background-type":"","background-media":"","overlay-type":"","overlay-color":"","overlay-opacity":"","overlay-gradient":""},"mobile":{"background-color":"var(--ast-global-color-5)","background-image":"","background-repeat":"repeat","background-position":"center center","background-size":"auto","background-attachment":"scroll","background-type":"","background-media":"","overlay-type":"","overlay-color":"","overlay-opacity":"","overlay-gradient":""}}},"tags":[],"products":[200,210],"class_list":["post-3240","product","type-product","status-publish","has-post-thumbnail","hentry","products-metal-foam","products-nickel-copper-foam"],"acf":[],"_links":{"self":[{"href":"https:\/\/oqitop.com\/fr\/wp-json\/wp\/v2\/product\/3240","targetHints":{"allow":["GET"]}}],"collection":[{"href":"https:\/\/oqitop.com\/fr\/wp-json\/wp\/v2\/product"}],"about":[{"href":"https:\/\/oqitop.com\/fr\/wp-json\/wp\/v2\/types\/product"}],"wp:featuredmedia":[{"embeddable":true,"href":"https:\/\/oqitop.com\/fr\/wp-json\/wp\/v2\/media\/3241"}],"wp:attachment":[{"href":"https:\/\/oqitop.com\/fr\/wp-json\/wp\/v2\/media?parent=3240"}],"wp:term":[{"taxonomy":"post_tag","embeddable":true,"href":"https:\/\/oqitop.com\/fr\/wp-json\/wp\/v2\/tags?post=3240"},{"taxonomy":"products","embeddable":true,"href":"https:\/\/oqitop.com\/fr\/wp-json\/wp\/v2\/products?post=3240"}],"curies":[{"name":"wp","href":"https:\/\/api.w.org\/{rel}","templated":true}]}}