 {"id":3344,"date":"2026-01-09T15:14:16","date_gmt":"2026-01-09T07:14:16","guid":{"rendered":"https:\/\/oqitop.com\/?post_type=product&#038;p=3344"},"modified":"2026-01-12T10:17:54","modified_gmt":"2026-01-12T02:17:54","slug":"filtre-a-eau-en-aluminium-ameliore-ceramique-en-mousse-de-zircone","status":"publish","type":"product","link":"https:\/\/oqitop.com\/fr\/produit\/filtre-a-eau-en-aluminium-ameliore-ceramique-en-mousse-de-zircone\/","title":{"rendered":"Filtre \u00e0 eau en aluminium am\u00e9lior\u00e9 C\u00e9ramique en mousse de zircone"},"content":{"rendered":"<h3 style=\"text-align: center;\"><span style=\"color: #ff0000;\">Filtre \u00e0 eau en aluminium am\u00e9lior\u00e9 C\u00e9ramique en mousse de zircone<\/span><\/h3>\n<p><iframe src=\"https:\/\/www.youtube.com\/embed\/1OCKuHZn1r0?rel=0\" allowfullscreen=\"allowfullscreen\" data-mce-fragment=\"1\"><span data-mce-type=\"bookmark\" style=\"display: inline-block; width: 0px; overflow: hidden; line-height: 0;\" class=\"mce_SELRES_start\"><\/span><\/iframe><\/p>\n<p align=\"left\"><strong>Introduction<\/strong><\/p>\n<div><a href=\"https:\/\/oqitop.com\/fr\/produits\/mousse-metallique\/ceramic-foamhttps%3a\/\/oqitop.com\/produits\/mousse-metallique\/mousse-ceramique\/\" target=\"_blank\" rel=\"nofollow noopener\"><strong>Mousse c\u00e9ramique<\/strong><\/a>\u00a0sont des c\u00e9ramiques poreuses de troisi\u00e8me g\u00e9n\u00e9ration, nouvellement d\u00e9velopp\u00e9es apr\u00e8s les c\u00e9ramiques poreuses ordinaires et les c\u00e9ramiques en nid d'abeille. Les c\u00e9ramiques en mousse peuvent se former avec de nombreuses torsions et de nombreux trous minuscules, ce qui pr\u00e9sente de nombreux avantages tels qu'une grande solidit\u00e9, une r\u00e9sistance aux temp\u00e9ratures \u00e9lev\u00e9es et un bon pouvoir de filtration et d'adsorption. Elles peuvent \u00eatre largement utilis\u00e9es dans la m\u00e9tallurgie, la fonderie, l'industrie chimique, la protection de l'environnement, l'industrie l\u00e9g\u00e8re, l'alimentation et les \u00e9conomies d'\u00e9nergie. La porosit\u00e9 est sup\u00e9rieure \u00e0 80%, la r\u00e9sistance \u00e0 la traction est de 2,2MPa, la temp\u00e9rature de ramollissement est sup\u00e9rieure \u00e0 1500 \u2103 ; les mat\u00e9riaux sont l'oxyde d'aluminium, l'oxyde de magn\u00e9sium et le carbure de silicium. Les produits de forme sp\u00e9ciale peuvent \u00eatre pr\u00e9par\u00e9s en fonction des besoins, avec une faible gravit\u00e9 sp\u00e9cifique, une r\u00e9sistance \u00e0 la corrosion et une r\u00e9sistance \u00e0 l'\u00e9rosion.<\/div>\n<p class=\"p\" align=\"justify\"><strong>Principales caract\u00e9ristiques<\/strong><\/p>\n<div><\/div>\n<div class=\"table-responsive\">\n<table border=\"1\" cellspacing=\"0\">\n<tbody>\n<tr>\n<td valign=\"center\" width=\"85\">\n<p class=\"\" align=\"center\">Mati\u00e8res premi\u00e8res<\/p>\n<\/td>\n<td valign=\"center\" width=\"144\">\n<p class=\"\" align=\"center\">Alumine<\/p>\n<\/td>\n<td valign=\"center\" width=\"136\">\n<p class=\"\" align=\"center\">Carbure de silicium<\/p>\n<\/td>\n<td valign=\"center\">\n<p class=\"\" align=\"center\">Zircone<\/p>\n<\/td>\n<td valign=\"center\">\n<p class=\"\" align=\"center\">Oxyde de magn\u00e9sium<\/p>\n<\/td>\n<\/tr>\n<tr>\n<td valign=\"center\" width=\"85\">\n<p class=\"\" align=\"center\">Couleur<\/p>\n<\/td>\n<td valign=\"center\" width=\"144\">\n<p class=\"\" align=\"center\">Blanc<\/p>\n<\/td>\n<td valign=\"center\" width=\"136\">\n<p class=\"\" align=\"center\">Gris noir<\/p>\n<\/td>\n<td valign=\"center\">\n<p class=\"\" align=\"center\">Jaune<\/p>\n<\/td>\n<td valign=\"center\">\n<p class=\"\" align=\"center\">Jaune fonc\u00e9<\/p>\n<\/td>\n<\/tr>\n<tr>\n<td valign=\"center\" width=\"85\">\n<p class=\"\" align=\"center\">Densit\u00e9 des pores<\/p>\n<\/td>\n<td valign=\"center\" width=\"144\">\n<p class=\"\" align=\"center\">8-60ppi<\/p>\n<\/td>\n<td valign=\"center\" width=\"136\">\n<p class=\"\" align=\"center\">8-60ppi<\/p>\n<\/td>\n<td valign=\"center\">\n<p class=\"\" align=\"center\">8-60ppi<\/p>\n<\/td>\n<td valign=\"center\">\n<p class=\"\" align=\"center\">8-60ppi<\/p>\n<\/td>\n<\/tr>\n<tr>\n<td valign=\"center\" width=\"85\">\n<p class=\"\" align=\"center\">Porosit\u00e9<\/p>\n<\/td>\n<td valign=\"center\" width=\"144\">\n<p class=\"\" align=\"center\">80-90%<\/p>\n<\/td>\n<td valign=\"center\" width=\"136\">\n<p class=\"\" align=\"center\">80-90%<\/p>\n<\/td>\n<td valign=\"center\">\n<p class=\"\" align=\"center\">80-90%<\/p>\n<\/td>\n<td valign=\"center\">\n<p class=\"\" align=\"center\">80-90%<\/p>\n<\/td>\n<\/tr>\n<tr>\n<td valign=\"center\" width=\"85\">\n<p class=\"\" align=\"center\">R\u00e9sistance au feu<\/p>\n<\/td>\n<td valign=\"center\" width=\"144\">\n<p class=\"\" align=\"center\"><i><span class=\"15\">\u22641100\u2103<\/span><\/i><\/p>\n<\/td>\n<td valign=\"center\" width=\"136\">\n<p class=\"\" align=\"center\"><i><span class=\"15\">\u22641500\u2103<\/span><\/i><\/p>\n<\/td>\n<td valign=\"center\">\n<p class=\"\" align=\"center\"><i><span class=\"15\">\u22641700\u2103<\/span><\/i><\/p>\n<\/td>\n<td valign=\"center\">\n<p class=\"\" align=\"center\"><i><span class=\"15\">\u22641000\u2103<\/span><\/i><\/p>\n<\/td>\n<\/tr>\n<tr>\n<td valign=\"center\" width=\"85\">\n<p class=\"\" align=\"center\">R\u00e9sistance \u00e0 la flexion<\/p>\n<\/td>\n<td valign=\"center\" width=\"144\">\n<p class=\"\" align=\"center\">&gt;0,6Mpa<\/p>\n<\/td>\n<td valign=\"center\" width=\"136\">\n<p class=\"\" align=\"center\">&gt;0,8Mpa<\/p>\n<\/td>\n<td valign=\"center\">\n<p class=\"\" align=\"center\">&gt;1,0 Mpa<\/p>\n<\/td>\n<td valign=\"center\">\n<p class=\"\" align=\"center\">&gt;0,6Mpa<\/p>\n<\/td>\n<\/tr>\n<tr>\n<td valign=\"center\" width=\"85\">\n<p class=\"\" align=\"center\">r\u00e9sistance \u00e0 la compression<\/p>\n<\/td>\n<td valign=\"center\" width=\"144\">\n<p class=\"\" align=\"center\">&gt;0,8Mpa<\/p>\n<\/td>\n<td valign=\"center\" width=\"136\">\n<p class=\"\" align=\"center\">&gt;0,9Mpa<\/p>\n<\/td>\n<td valign=\"center\">\n<p class=\"\" align=\"center\">&gt;1,2 Mpa<\/p>\n<\/td>\n<td valign=\"center\">\n<p class=\"\" align=\"center\">&gt;0,8Mpa<\/p>\n<\/td>\n<\/tr>\n<tr>\n<td valign=\"center\" width=\"85\">\n<p class=\"\" align=\"center\">Densit\u00e9 apparente<\/p>\n<\/td>\n<td valign=\"center\" width=\"144\">\n<p class=\"\" align=\"center\">0,3-0,45g\/cm\u00b3<\/p>\n<\/td>\n<td valign=\"center\" width=\"136\">\n<p class=\"\" align=\"center\">0,35-0,5g\/cm\u00b3<\/p>\n<\/td>\n<td valign=\"center\">\n<p class=\"\" align=\"center\">0,9-1,5g\/cm\u00b3<\/p>\n<\/td>\n<td valign=\"center\">\n<p class=\"\" align=\"center\">0,35-0,5g\/cm\u00b3<\/p>\n<\/td>\n<\/tr>\n<tr>\n<td valign=\"center\" width=\"85\">\n<p class=\"\" align=\"center\">R\u00e9sistance aux chocs thermiques<\/p>\n<\/td>\n<td valign=\"center\" width=\"144\">\n<p class=\"\" align=\"center\">6 fois\/1100<i><span class=\"15\">\u2103<\/span><\/i><\/p>\n<\/td>\n<td valign=\"center\" width=\"136\">\n<p class=\"\" align=\"center\">6 fois\/1100<i><span class=\"15\">\u2103<\/span><\/i><\/p>\n<\/td>\n<td valign=\"center\">\n<p class=\"\" align=\"center\">6 fois\/1100<i><span class=\"15\">\u2103<\/span><\/i><\/p>\n<\/td>\n<td valign=\"center\">\n<p class=\"\" align=\"center\">6 fois\/1100<i><span class=\"15\">\u2103<\/span><\/i><\/p>\n<\/td>\n<\/tr>\n<tr>\n<td valign=\"center\" width=\"85\">\n<p class=\"\" align=\"center\">Application<\/p>\n<\/td>\n<td valign=\"center\" width=\"144\">\n<p class=\"p\" align=\"center\">Alliage d'aluminium et autres<\/p>\n<p class=\"p\" align=\"center\">Alliages non ferreux<\/p>\n<\/td>\n<td valign=\"center\" width=\"136\">\n<p class=\"p\" align=\"center\">Fonte ductile<\/p>\n<p class=\"p\" align=\"center\">fer mall\u00e9able<\/p>\n<p class=\"p\" align=\"center\">Fonte grise et autres fontes<\/p>\n<p class=\"p\" align=\"center\">\n<\/td>\n<td valign=\"center\">\n<p class=\"p\" align=\"center\">Alliage de m\u00e9taux \u00e0 haute temp\u00e9rature de fusion, tel que l'acier<\/p>\n<p class=\"p\" align=\"center\">Acier alli\u00e9<\/p>\n<p class=\"p\" align=\"center\">Acier inoxydable, etc.<\/p>\n<\/td>\n<td valign=\"center\">\n<p class=\"\" align=\"center\">Magn\u00e9sium et alliages \u00e0 haute activit\u00e9<\/p>\n<\/td>\n<\/tr>\n<\/tbody>\n<\/table>\n<p><strong>Donn\u00e9es de r\u00e9f\u00e9rence du flux (10ppi)<\/strong><\/p>\n<table border=\"1\" cellspacing=\"0\" cellpadding=\"0\">\n<tbody>\n<tr>\n<td width=\"117\">\n<p align=\"center\">Taille (mm)<\/p>\n<\/td>\n<td width=\"336\">\n<p align=\"center\">Poids du filtre (kg)<\/p>\n<\/td>\n<\/tr>\n<tr>\n<td width=\"117\">\n<p align=\"center\">50\u00d750\u00d722<\/p>\n<\/td>\n<td width=\"336\">\n<p align=\"center\">30<\/p>\n<\/td>\n<\/tr>\n<tr>\n<td width=\"117\">\n<p align=\"center\">75\u00d750\u00d722<\/p>\n<\/td>\n<td width=\"336\">\n<p align=\"center\">40<\/p>\n<\/td>\n<\/tr>\n<tr>\n<td width=\"117\">\n<p align=\"center\">75\u00d775\u00d722<\/p>\n<\/td>\n<td width=\"336\">\n<p align=\"center\">60<\/p>\n<\/td>\n<\/tr>\n<tr>\n<td width=\"117\">\n<p align=\"center\">75\u00d7100\u00d722<\/p>\n<\/td>\n<td width=\"336\">\n<p align=\"center\">80<\/p>\n<\/td>\n<\/tr>\n<tr>\n<td width=\"117\">\n<p align=\"center\">100\u00d7100\u00d722<\/p>\n<\/td>\n<td width=\"336\">\n<p align=\"center\">100<\/p>\n<\/td>\n<\/tr>\n<tr>\n<td width=\"117\">\n<p align=\"center\">\u042450\u00d722<\/p>\n<\/td>\n<td width=\"336\">\n<p align=\"center\">18<\/p>\n<\/td>\n<\/tr>\n<tr>\n<td width=\"117\">\n<p align=\"center\">\u042480\u00d722<\/p>\n<\/td>\n<td width=\"336\">\n<p align=\"center\">50<\/p>\n<\/td>\n<\/tr>\n<tr>\n<td width=\"117\">\n<p align=\"center\">\u042490\u00d722<\/p>\n<\/td>\n<td width=\"336\">\n<p align=\"center\">70<\/p>\n<\/td>\n<\/tr>\n<\/tbody>\n<\/table>\n<p><b><strong>Pour personnaliser diff\u00e9rentes mousses m\u00e9talliques, veuillez cliquer sur l'image ci-dessous pour plus de d\u00e9tails :<\/strong><\/b><\/p>\n<table>\n<tbody>\n<tr>\n<td>&nbsp;<\/p>\n<figure id=\"attachment_2567\" class=\"wp-caption aligncenter\" aria-describedby=\"caption-attachment-2567\"><a href=\"https:\/\/oqitop.com\/fr\/produits\/mousse-metallique\/copper-foam\/\"><img decoding=\"async\" class=\"wp-image-2567 size-thumbnail\" title=\"Mousse de nickel \u00e0 haute conductivit\u00e9 pour la recherche sur les \u00e9lectrodes de batterie 1\" src=\"https:\/\/oqitop.com\/wp-content\/uploads\/2025\/12\/Copper-Foam-150x150.jpg\" sizes=\"(max-width: 150px) 100vw, 150px\" srcset=\"https:\/\/oqitop.com\/wp-content\/uploads\/2025\/12\/Copper-Foam-150x150.jpg 150w, https:\/\/oqitop.com\/wp-content\/uploads\/2025\/12\/Copper-Foam-300x300.jpg 300w, https:\/\/oqitop.com\/wp-content\/uploads\/2025\/12\/Copper-Foam.jpg 600w\" alt=\"\" width=\"150\" height=\"150\" \/><\/a><figcaption id=\"caption-attachment-2567\" class=\"wp-caption-text\"><a href=\"https:\/\/oqitop.com\/fr\/produits\/mousse-metallique\/copper-foam\/\">Mousse de cuivre<\/a><\/figcaption><\/figure>\n<\/td>\n<td>&nbsp;<\/p>\n<figure id=\"attachment_2568\" class=\"wp-caption aligncenter\" aria-describedby=\"caption-attachment-2568\"><a href=\"https:\/\/oqitop.com\/fr\/produits\/mousse-metallique\/mousse-de-nickel\/\"><img decoding=\"async\" class=\"wp-image-2568 size-thumbnail\" title=\"Mousse de nickel \u00e0 haute conductivit\u00e9 pour la recherche sur les \u00e9lectrodes de batterie 2\" src=\"https:\/\/oqitop.com\/wp-content\/uploads\/2025\/12\/Nickel-Foam-150x150.png\" sizes=\"(max-width: 150px) 100vw, 150px\" srcset=\"https:\/\/oqitop.com\/wp-content\/uploads\/2025\/12\/Nickel-Foam-150x150.png 150w, https:\/\/oqitop.com\/wp-content\/uploads\/2025\/12\/Nickel-Foam-300x300.png 300w, https:\/\/oqitop.com\/wp-content\/uploads\/2025\/12\/Nickel-Foam.png 500w\" alt=\"\" width=\"150\" height=\"150\" \/><\/a><figcaption id=\"caption-attachment-2568\" class=\"wp-caption-text\"><a href=\"https:\/\/oqitop.com\/fr\/produits\/mousse-metallique\/mousse-de-nickel\/\">Mousse de nickel<\/a><\/figcaption><\/figure>\n<\/td>\n<td>&nbsp;<\/p>\n<figure id=\"attachment_2569\" class=\"wp-caption aligncenter\" aria-describedby=\"caption-attachment-2569\"><a href=\"https:\/\/oqitop.com\/fr\/produits\/mousse-metallique\/mousse-de-titane\/\"><img decoding=\"async\" class=\"wp-image-2569 size-thumbnail\" title=\"Mousse de nickel \u00e0 haute conductivit\u00e9 pour la recherche sur les \u00e9lectrodes de batterie 3\" src=\"https:\/\/oqitop.com\/wp-content\/uploads\/2025\/12\/Ti-Foam-150x150.png\" sizes=\"(max-width: 150px) 100vw, 150px\" srcset=\"https:\/\/oqitop.com\/wp-content\/uploads\/2025\/12\/Ti-Foam-150x150.png 150w, https:\/\/oqitop.com\/wp-content\/uploads\/2025\/12\/Ti-Foam-300x300.png 300w, https:\/\/oqitop.com\/wp-content\/uploads\/2025\/12\/Ti-Foam.png 500w\" alt=\"\" width=\"150\" height=\"150\" \/><\/a><figcaption id=\"caption-attachment-2569\" class=\"wp-caption-text\"><a href=\"https:\/\/oqitop.com\/fr\/produits\/mousse-metallique\/mousse-de-titane\/\">Ti Mousse<\/a><\/figcaption><\/figure>\n<\/td>\n<td>&nbsp;<\/p>\n<figure id=\"attachment_2571\" class=\"wp-caption aligncenter\" aria-describedby=\"caption-attachment-2571\"><a href=\"https:\/\/oqitop.com\/fr\/produits\/mousse-metallique\/aluminum-foam\/\"><img loading=\"lazy\" decoding=\"async\" class=\"wp-image-2571 size-thumbnail\" title=\"Mousse de nickel \u00e0 haute conductivit\u00e9 pour la recherche sur les \u00e9lectrodes de batterie 4\" src=\"https:\/\/oqitop.com\/wp-content\/uploads\/2025\/12\/Aluminum-Foam-1-150x150.png\" sizes=\"(max-width: 150px) 100vw, 150px\" srcset=\"https:\/\/oqitop.com\/wp-content\/uploads\/2025\/12\/Aluminum-Foam-1-150x150.png 150w, https:\/\/oqitop.com\/wp-content\/uploads\/2025\/12\/Aluminum-Foam-1-300x300.png 300w, https:\/\/oqitop.com\/wp-content\/uploads\/2025\/12\/Aluminum-Foam-1.png 529w\" alt=\"\" width=\"150\" height=\"150\" \/><\/a><figcaption id=\"caption-attachment-2571\" class=\"wp-caption-text\"><a href=\"https:\/\/oqitop.com\/fr\/produits\/mousse-metallique\/aluminum-foam\/\">Mousse d'aluminium<\/a><\/figcaption><\/figure>\n<\/td>\n<\/tr>\n<tr>\n<td>&nbsp;<\/p>\n<figure id=\"attachment_2572\" class=\"wp-caption aligncenter\" aria-describedby=\"caption-attachment-2572\"><a href=\"https:\/\/oqitop.com\/fr\/produits\/mousse-metallique\/iron-nickel-foam\/\"><img loading=\"lazy\" decoding=\"async\" class=\"wp-image-2572 size-thumbnail\" title=\"Mousse de nickel \u00e0 haute conductivit\u00e9 pour la recherche sur les \u00e9lectrodes de batterie 5\" src=\"https:\/\/oqitop.com\/wp-content\/uploads\/2025\/12\/Iron-Nickel-Foam-150x150.jpg\" sizes=\"(max-width: 150px) 100vw, 150px\" srcset=\"https:\/\/oqitop.com\/wp-content\/uploads\/2025\/12\/Iron-Nickel-Foam-150x150.jpg 150w, https:\/\/oqitop.com\/wp-content\/uploads\/2025\/12\/Iron-Nickel-Foam-300x300.jpg 300w, https:\/\/oqitop.com\/wp-content\/uploads\/2025\/12\/Iron-Nickel-Foam.jpg 720w\" alt=\"\" width=\"150\" height=\"150\" \/><\/a><figcaption id=\"caption-attachment-2572\" class=\"wp-caption-text\"><a href=\"https:\/\/oqitop.com\/fr\/produits\/mousse-metallique\/iron-nickel-foam\/\">Mousse de fer-nickel<\/a><\/figcaption><\/figure>\n<\/td>\n<td>&nbsp;<\/p>\n<figure id=\"attachment_2573\" class=\"wp-caption aligncenter\" aria-describedby=\"caption-attachment-2573\"><a href=\"https:\/\/oqitop.com\/fr\/produits\/mousse-metallique\/carbon-foam\/\"><img loading=\"lazy\" decoding=\"async\" class=\"wp-image-2573 size-thumbnail\" title=\"Mousse de nickel \u00e0 haute conductivit\u00e9 pour la recherche sur les \u00e9lectrodes de batterie 6\" src=\"https:\/\/oqitop.com\/wp-content\/uploads\/2025\/12\/Carbon-Foam-150x150.png\" sizes=\"(max-width: 150px) 100vw, 150px\" srcset=\"https:\/\/oqitop.com\/wp-content\/uploads\/2025\/12\/Carbon-Foam-150x150.png 150w, https:\/\/oqitop.com\/wp-content\/uploads\/2025\/12\/Carbon-Foam-300x300.png 300w, https:\/\/oqitop.com\/wp-content\/uploads\/2025\/12\/Carbon-Foam-768x768.png 768w, https:\/\/oqitop.com\/wp-content\/uploads\/2025\/12\/Carbon-Foam.png 1000w\" alt=\"\" width=\"150\" height=\"150\" \/><\/a><figcaption id=\"caption-attachment-2573\" class=\"wp-caption-text\"><a href=\"https:\/\/oqitop.com\/fr\/produits\/mousse-metallique\/carbon-foam\/\">Mousse de carbone<\/a><\/figcaption><\/figure>\n<\/td>\n<td>&nbsp;<\/p>\n<figure id=\"attachment_2574\" class=\"wp-caption aligncenter\" aria-describedby=\"caption-attachment-2574\"><a href=\"https:\/\/oqitop.com\/fr\/produits\/mousse-metallique\/silver-foam\/\"><img loading=\"lazy\" decoding=\"async\" class=\"wp-image-2574 size-thumbnail\" title=\"Mousse de nickel \u00e0 haute conductivit\u00e9 pour la recherche sur les \u00e9lectrodes de batterie 7\" src=\"https:\/\/oqitop.com\/wp-content\/uploads\/2025\/12\/Silver-Foam-150x150.jpg\" sizes=\"(max-width: 150px) 100vw, 150px\" srcset=\"https:\/\/oqitop.com\/wp-content\/uploads\/2025\/12\/Silver-Foam-150x150.jpg 150w, https:\/\/oqitop.com\/wp-content\/uploads\/2025\/12\/Silver-Foam-300x300.jpg 300w, https:\/\/oqitop.com\/wp-content\/uploads\/2025\/12\/Silver-Foam.jpg 726w\" alt=\"\" width=\"150\" height=\"150\" \/><\/a><figcaption id=\"caption-attachment-2574\" class=\"wp-caption-text\"><a href=\"https:\/\/oqitop.com\/fr\/produits\/mousse-metallique\/silver-foam\/\">Mousse argent\u00e9e<\/a><\/figcaption><\/figure>\n<\/td>\n<td>&nbsp;<\/p>\n<figure id=\"attachment_2575\" class=\"wp-caption aligncenter\" aria-describedby=\"caption-attachment-2575\"><a href=\"https:\/\/oqitop.com\/fr\/produits\/mousse-metallique\/cobalt-foamhttps%3a\/\/oqitop.com\/produits\/mousse-metallique\/cobalt-foam\/\"><img loading=\"lazy\" decoding=\"async\" class=\"wp-image-2575 size-thumbnail\" title=\"Mousse de nickel \u00e0 haute conductivit\u00e9 pour la recherche sur les \u00e9lectrodes de batterie 8\" src=\"https:\/\/oqitop.com\/wp-content\/uploads\/2025\/12\/Cobalt-Foam-150x150.jpg\" sizes=\"(max-width: 150px) 100vw, 150px\" srcset=\"https:\/\/oqitop.com\/wp-content\/uploads\/2025\/12\/Cobalt-Foam-150x150.jpg 150w, https:\/\/oqitop.com\/wp-content\/uploads\/2025\/12\/Cobalt-Foam-300x300.jpg 300w, https:\/\/oqitop.com\/wp-content\/uploads\/2025\/12\/Cobalt-Foam-768x768.jpg 768w, https:\/\/oqitop.com\/wp-content\/uploads\/2025\/12\/Cobalt-Foam.jpg 800w\" alt=\"\" width=\"150\" height=\"150\" \/><\/a><figcaption id=\"caption-attachment-2575\" class=\"wp-caption-text\"><a href=\"https:\/\/oqitop.com\/fr\/produits\/mousse-metallique\/cobalt-foam\/\">Mousse de cobalt<\/a><\/figcaption><\/figure>\n<\/td>\n<\/tr>\n<\/tbody>\n<\/table>\n<p><img loading=\"lazy\" decoding=\"async\" class=\"aligncenter size-full wp-image-3349\" src=\"https:\/\/oqitop.com\/wp-content\/uploads\/2025\/12\/1111.jpg\" alt=\"\" width=\"1024\" height=\"732\" title=\"\" srcset=\"https:\/\/oqitop.com\/wp-content\/uploads\/2025\/12\/1111.jpg 1024w, https:\/\/oqitop.com\/wp-content\/uploads\/2025\/12\/1111-300x214.jpg 300w, https:\/\/oqitop.com\/wp-content\/uploads\/2025\/12\/1111-768x549.jpg 768w\" sizes=\"(max-width: 1024px) 100vw, 1024px\" \/><img loading=\"lazy\" decoding=\"async\" class=\"aligncenter size-full wp-image-3350\" src=\"https:\/\/oqitop.com\/wp-content\/uploads\/2025\/12\/11111-6.jpg\" alt=\"\" width=\"1024\" height=\"1024\" title=\"\" srcset=\"https:\/\/oqitop.com\/wp-content\/uploads\/2025\/12\/11111-6.jpg 1024w, https:\/\/oqitop.com\/wp-content\/uploads\/2025\/12\/11111-6-300x300.jpg 300w, https:\/\/oqitop.com\/wp-content\/uploads\/2025\/12\/11111-6-150x150.jpg 150w, https:\/\/oqitop.com\/wp-content\/uploads\/2025\/12\/11111-6-768x768.jpg 768w\" sizes=\"(max-width: 1024px) 100vw, 1024px\" \/><img loading=\"lazy\" decoding=\"async\" class=\"aligncenter size-full wp-image-3351\" src=\"https:\/\/oqitop.com\/wp-content\/uploads\/2025\/12\/22222-1.png\" alt=\"\" width=\"1024\" height=\"1024\" title=\"\" srcset=\"https:\/\/oqitop.com\/wp-content\/uploads\/2025\/12\/22222-1.png 1024w, https:\/\/oqitop.com\/wp-content\/uploads\/2025\/12\/22222-1-300x300.png 300w, https:\/\/oqitop.com\/wp-content\/uploads\/2025\/12\/22222-1-150x150.png 150w, https:\/\/oqitop.com\/wp-content\/uploads\/2025\/12\/22222-1-768x768.png 768w\" sizes=\"(max-width: 1024px) 100vw, 1024px\" \/><img loading=\"lazy\" decoding=\"async\" class=\"aligncenter size-full wp-image-3352\" src=\"https:\/\/oqitop.com\/wp-content\/uploads\/2025\/12\/55555-7.jpg\" alt=\"\" width=\"1024\" height=\"677\" title=\"\" srcset=\"https:\/\/oqitop.com\/wp-content\/uploads\/2025\/12\/55555-7.jpg 1024w, https:\/\/oqitop.com\/wp-content\/uploads\/2025\/12\/55555-7-300x198.jpg 300w, https:\/\/oqitop.com\/wp-content\/uploads\/2025\/12\/55555-7-768x508.jpg 768w\" sizes=\"(max-width: 1024px) 100vw, 1024px\" \/><\/p>\n<\/div>","protected":false},"featured_media":3345,"template":"","meta":{"_acf_changed":false,"site-sidebar-layout":"default","site-content-layout":"","ast-site-content-layout":"default","site-content-style":"default","site-sidebar-style":"default","ast-global-header-display":"","ast-banner-title-visibility":"","ast-main-header-display":"","ast-hfb-above-header-display":"","ast-hfb-below-header-display":"","ast-hfb-mobile-header-display":"","site-post-title":"","ast-breadcrumbs-content":"","ast-featured-img":"","footer-sml-layout":"","theme-transparent-header-meta":"default","adv-header-id-meta":"","stick-header-meta":"default","header-above-stick-meta":"","header-main-stick-meta":"","header-below-stick-meta":"","astra-migrate-meta-layouts":"set","ast-page-background-enabled":"default","ast-page-background-meta":{"desktop":{"background-color":"var(--ast-global-color-4)","background-image":"","background-repeat":"repeat","background-position":"center center","background-size":"auto","background-attachment":"scroll","background-type":"","background-media":"","overlay-type":"","overlay-color":"","overlay-opacity":"","overlay-gradient":""},"tablet":{"background-color":"","background-image":"","background-repeat":"repeat","background-position":"center center","background-size":"auto","background-attachment":"scroll","background-type":"","background-media":"","overlay-type":"","overlay-color":"","overlay-opacity":"","overlay-gradient":""},"mobile":{"background-color":"","background-image":"","background-repeat":"repeat","background-position":"center center","background-size":"auto","background-attachment":"scroll","background-type":"","background-media":"","overlay-type":"","overlay-color":"","overlay-opacity":"","overlay-gradient":""}},"ast-content-background-meta":{"desktop":{"background-color":"var(--ast-global-color-5)","background-image":"","background-repeat":"repeat","background-position":"center center","background-size":"auto","background-attachment":"scroll","background-type":"","background-media":"","overlay-type":"","overlay-color":"","overlay-opacity":"","overlay-gradient":""},"tablet":{"background-color":"var(--ast-global-color-5)","background-image":"","background-repeat":"repeat","background-position":"center center","background-size":"auto","background-attachment":"scroll","background-type":"","background-media":"","overlay-type":"","overlay-color":"","overlay-opacity":"","overlay-gradient":""},"mobile":{"background-color":"var(--ast-global-color-5)","background-image":"","background-repeat":"repeat","background-position":"center center","background-size":"auto","background-attachment":"scroll","background-type":"","background-media":"","overlay-type":"","overlay-color":"","overlay-opacity":"","overlay-gradient":""}}},"tags":[],"products":[214,200],"class_list":["post-3344","product","type-product","status-publish","has-post-thumbnail","hentry","products-ceramic-foam","products-metal-foam"],"acf":[],"_links":{"self":[{"href":"https:\/\/oqitop.com\/fr\/wp-json\/wp\/v2\/product\/3344","targetHints":{"allow":["GET"]}}],"collection":[{"href":"https:\/\/oqitop.com\/fr\/wp-json\/wp\/v2\/product"}],"about":[{"href":"https:\/\/oqitop.com\/fr\/wp-json\/wp\/v2\/types\/product"}],"wp:featuredmedia":[{"embeddable":true,"href":"https:\/\/oqitop.com\/fr\/wp-json\/wp\/v2\/media\/3345"}],"wp:attachment":[{"href":"https:\/\/oqitop.com\/fr\/wp-json\/wp\/v2\/media?parent=3344"}],"wp:term":[{"taxonomy":"post_tag","embeddable":true,"href":"https:\/\/oqitop.com\/fr\/wp-json\/wp\/v2\/tags?post=3344"},{"taxonomy":"products","embeddable":true,"href":"https:\/\/oqitop.com\/fr\/wp-json\/wp\/v2\/products?post=3344"}],"curies":[{"name":"wp","href":"https:\/\/api.w.org\/{rel}","templated":true}]}}