 {"id":3498,"date":"2025-12-13T20:22:08","date_gmt":"2025-12-13T12:22:08","guid":{"rendered":"https:\/\/oqitop.com\/?post_type=product&#038;p=3498"},"modified":"2026-01-14T17:04:53","modified_gmt":"2026-01-14T09:04:53","slug":"customizable-size-pure-nickel-felt-high-temperature-resistant-nickel-sintered-fiber-felt","status":"publish","type":"product","link":"https:\/\/oqitop.com\/fr\/produit\/customizable-size-pure-nickel-felt-high-temperature-resistant-nickel-sintered-fiber-felt\/","title":{"rendered":"Customizable Size Pure Nickel Felt High Temperature Resistant Nickel Sintered Fiber Felt"},"content":{"rendered":"<h5 style=\"text-align: center;\"><span style=\"color: #ff0000;\">Customizable Size Pure Nickel Felt High Temperature Resistant Nickel Sintered Fiber Felt<\/span><\/h5>\n<p><iframe src=\"https:\/\/www.youtube.com\/embed\/Dmm5xRqsJZI?rel=0\" allowfullscreen=\"allowfullscreen\" data-mce-fragment=\"1\"><span data-mce-type=\"bookmark\" style=\"display: inline-block; width: 0px; overflow: hidden; line-height: 0;\" class=\"mce_SELRES_start\"><\/span><\/iframe><\/p>\n<p><strong>Vue d'ensemble :<\/strong><br \/>\nLe feutre fritt\u00e9 en fibres de nickel est un mat\u00e9riau polyvalent appr\u00e9ci\u00e9 pour sa conductivit\u00e9 \u00e9lectrique exceptionnelle, sa stabilit\u00e9 \u00e0 haute temp\u00e9rature et sa r\u00e9sistance \u00e0 la corrosion. Compos\u00e9 de fibres de nickel interconnect\u00e9es, ce mat\u00e9riau unique trouve de nombreuses applications dans diverses industries, en particulier lorsque de solides performances \u00e9lectriques et thermiques sont essentielles.<\/p>\n<p><strong>Principaux avantages :<\/strong><br \/>\nConductivit\u00e9 \u00e9lectrique exceptionnelle : Le nickel est r\u00e9put\u00e9 pour son excellente conductivit\u00e9 \u00e9lectrique, ce qui fait du feutre fritt\u00e9 en fibres de nickel un choix id\u00e9al pour les applications \u00e9lectriques et \u00e9lectroniques, notamment les batteries, les capteurs et les processus \u00e9lectrochimiques.<br \/>\nStabilit\u00e9 \u00e0 haute temp\u00e9rature : Avec un point de fusion \u00e9lev\u00e9 et une stabilit\u00e9 thermique exceptionnelle, le feutre fritt\u00e9 en fibres de nickel excelle dans les environnements \u00e0 haute temp\u00e9rature, offrant des performances fiables dans le chauffage, la combustion et d'autres applications exigeantes.<br \/>\nCorrosion Resistance: Nickel&#8217;s natural resistance to corrosion ensures the longevity and durability of products made with Nickel Fiber Sintered Felt, making it suitable for use in harsh and corrosive environments.<br \/>\nR\u00e9sistance m\u00e9canique : La structure interconnect\u00e9e des fibres de nickel assure la r\u00e9sistance m\u00e9canique et la durabilit\u00e9, ce qui permet \u00e0 ce mat\u00e9riau de r\u00e9sister aux contraintes m\u00e9caniques et de conserver son int\u00e9grit\u00e9.<\/p>\n<p><strong>Applications :<\/strong><br \/>\n\u00c9lectronique : Utilis\u00e9 dans les batteries, les piles \u00e0 combustible et les composants \u00e9lectroniques en raison de son excellente conductivit\u00e9 \u00e9lectrique.<br \/>\nGestion thermique : Utilis\u00e9 dans les applications d'isolation thermique, de filtration \u00e0 haute temp\u00e9rature et de dissipation de la chaleur.<br \/>\nG\u00e9nie chimique : Utilis\u00e9 dans les cellules \u00e9lectrochimiques, les convertisseurs catalytiques et la filtration chimique.<br \/>\nProc\u00e9d\u00e9s \u00e0 haute temp\u00e9rature : Utilis\u00e9 dans les fours, l'a\u00e9rospatiale et les applications de combustion en raison de sa stabilit\u00e9 \u00e0 haute temp\u00e9rature.<br \/>\nEnvironnements corrosifs : Id\u00e9al pour les environnements corrosifs, tels que les usines chimiques et les installations offshore.<\/p>\n<p><strong>Conclusion :<\/strong><br \/>\nLe feutre fritt\u00e9 en fibres de nickel est un mat\u00e9riau polyvalent et tr\u00e8s performant qui convient \u00e0 un large \u00e9ventail d'applications exigeantes. Sa conductivit\u00e9 \u00e9lectrique exceptionnelle, sa stabilit\u00e9 thermique et sa r\u00e9sistance \u00e0 la corrosion en font un composant pr\u00e9cieux dans diverses industries, contribuant \u00e0 la fiabilit\u00e9 et \u00e0 l'efficacit\u00e9 de technologies et de syst\u00e8mes vari\u00e9s.<\/p>\n<p>&nbsp;<\/p>\n<table border=\"1\" cellspacing=\"0\">\n<tbody>\n<tr>\n<td valign=\"top\">\n<p class=\"p\">Objet<\/p>\n<\/td>\n<td valign=\"top\">\n<p class=\"p\">Feutres m\u00e9talliques<\/p>\n<\/td>\n<\/tr>\n<tr>\n<td valign=\"top\">\n<p class=\"p\">Mat\u00e9riau<\/p>\n<\/td>\n<td valign=\"top\">\n<p class=\"p\">Pure Ni200\/Ni201 For Nickel Felts;\u00a0 Pure Ta1 Fiber For Titanium Felts.; Stainless Steel 304\/316L&#8230;<\/p>\n<p class=\"p\">FeCrAl, Inconel et autres mat\u00e9riaux peuvent \u00eatre fabriqu\u00e9s sur mesure.<\/p>\n<\/td>\n<\/tr>\n<tr>\n<td valign=\"top\">\n<p class=\"p\">\u00c9paisseur<\/p>\n<\/td>\n<td valign=\"top\">\n<p class=\"p\">0.25mm 0.3mm 0.4mm 0.5mm 0.6mm 0.8mm 1.0mm&#8230;.2.0mm\u3002\u3002<\/p>\n<\/td>\n<\/tr>\n<tr>\n<td valign=\"top\">\n<p class=\"p\">Porosit\u00e9<\/p>\n<\/td>\n<td valign=\"top\">\n<p class=\"p\">De 50% \u00e0 85%<\/p>\n<\/td>\n<\/tr>\n<tr>\n<td valign=\"top\">\n<p class=\"p\">Taille de la feuille<\/p>\n<\/td>\n<td valign=\"top\">\n<p class=\"p\">100*100mm\uff0c\u00a0200*200mm\uff0c\u00a0300*300mm\uff0c\u00a0400*400mm\uff0c\u00a0600*600mm&#8230;<\/p>\n<\/td>\n<\/tr>\n<tr>\n<td colspan=\"2\" valign=\"top\">\n<p class=\"p\"><span style=\"color: #ff0000;\">Notes :\u00a0<\/span><\/p>\n<p class=\"p\"><span style=\"color: #ff0000;\">*Nous proposons des services de d\u00e9coupe sur mesure pour obtenir n'importe quelle forme et taille de feuille adapt\u00e9e \u00e0 des applications sp\u00e9cifiques.<\/span><\/p>\n<p class=\"p\"><span style=\"color: #ff0000;\">*Custom size can be custom produced according to customer&#8217;s demand.\u00a0<\/span><\/p>\n<\/td>\n<\/tr>\n<\/tbody>\n<\/table>\n<p><b><strong>Pour personnaliser les diff\u00e9rentes fibres de feutre, cliquez sur<\/strong><\/b><b><strong>k l'image ci-dessous pour les d\u00e9tails\uff1a<\/strong><\/b><\/p>\n<div class=\"table-responsive\">\n<table>\n<tbody>\n<tr>\n<td width=\"33%\">&nbsp;<\/p>\n<figure id=\"attachment_3385\" class=\"wp-caption aligncenter\" aria-describedby=\"caption-attachment-3385\"><a href=\"https:\/\/oqitop.com\/fr\/produits\/metal-felt\/feutre-de-silicate-dalumine\/\"><img fetchpriority=\"high\" decoding=\"async\" class=\"size-medium wp-image-3385\" title=\"Feutre en fibre de titane de haute qualit\u00e9 pour la recherche en laboratoire 3\" src=\"https:\/\/oqitop.com\/wp-content\/uploads\/2025\/12\/11-20-300x300.jpg\" sizes=\"(max-width: 300px) 100vw, 300px\" srcset=\"https:\/\/oqitop.com\/wp-content\/uploads\/2025\/12\/11-20-300x300.jpg 300w, https:\/\/oqitop.com\/wp-content\/uploads\/2025\/12\/11-20-150x150.jpg 150w, https:\/\/oqitop.com\/wp-content\/uploads\/2025\/12\/11-20-768x768.jpg 768w, https:\/\/oqitop.com\/wp-content\/uploads\/2025\/12\/11-20.jpg 800w\" alt=\"\" width=\"300\" height=\"300\" \/><\/a><figcaption id=\"caption-attachment-3385\" class=\"wp-caption-text\"><a href=\"https:\/\/oqitop.com\/fr\/produits\/metal-felt\/feutre-de-silicate-dalumine\/\">Feutre en silicate d'alumine<\/a><\/figcaption><\/figure>\n<\/td>\n<td width=\"33%\">&nbsp;<\/p>\n<figure id=\"attachment_3386\" class=\"wp-caption aligncenter\" aria-describedby=\"caption-attachment-3386\"><a href=\"https:\/\/oqitop.com\/fr\/produits\/metal-felt\/titanium-felt\/\"><img decoding=\"async\" class=\"wp-image-3386 size-medium\" title=\"Feutre en fibre de titane de haute qualit\u00e9 pour la recherche en laboratoire 4\" src=\"https:\/\/oqitop.com\/wp-content\/uploads\/2025\/12\/22-10-300x300.jpg\" sizes=\"(max-width: 300px) 100vw, 300px\" srcset=\"https:\/\/oqitop.com\/wp-content\/uploads\/2025\/12\/22-10-300x300.jpg 300w, https:\/\/oqitop.com\/wp-content\/uploads\/2025\/12\/22-10-150x150.jpg 150w, https:\/\/oqitop.com\/wp-content\/uploads\/2025\/12\/22-10-768x768.jpg 768w, https:\/\/oqitop.com\/wp-content\/uploads\/2025\/12\/22-10.jpg 800w\" alt=\"\" width=\"300\" height=\"300\" \/><\/a><figcaption id=\"caption-attachment-3386\" class=\"wp-caption-text\"><a href=\"https:\/\/oqitop.com\/fr\/produits\/metal-felt\/titanium-felt\/\">Feutre en titane<\/a><\/figcaption><\/figure>\n<\/td>\n<td width=\"33%\">&nbsp;<\/p>\n<figure id=\"attachment_3387\" class=\"wp-caption aligncenter\" aria-describedby=\"caption-attachment-3387\"><a href=\"https:\/\/oqitop.com\/fr\/produits\/metal-felt\/nickel-felt\/\"><img decoding=\"async\" class=\"size-medium wp-image-3387\" title=\"Feutre en fibre de titane de haute qualit\u00e9 pour la recherche en laboratoire 5\" src=\"https:\/\/oqitop.com\/wp-content\/uploads\/2025\/12\/33-7-300x300.jpg\" sizes=\"(max-width: 300px) 100vw, 300px\" srcset=\"https:\/\/oqitop.com\/wp-content\/uploads\/2025\/12\/33-7-300x300.jpg 300w, https:\/\/oqitop.com\/wp-content\/uploads\/2025\/12\/33-7-150x150.jpg 150w, https:\/\/oqitop.com\/wp-content\/uploads\/2025\/12\/33-7-768x768.jpg 768w, https:\/\/oqitop.com\/wp-content\/uploads\/2025\/12\/33-7.jpg 800w\" alt=\"\" width=\"300\" height=\"300\" \/><\/a><figcaption id=\"caption-attachment-3387\" class=\"wp-caption-text\"><a href=\"https:\/\/oqitop.com\/fr\/produits\/metal-felt\/nickel-felt\/\">Feutre de nickel<\/a><\/figcaption><\/figure>\n<\/td>\n<\/tr>\n<tr>\n<td width=\"33%\">&nbsp;<\/p>\n<figure id=\"attachment_3388\" class=\"wp-caption aligncenter\" aria-describedby=\"caption-attachment-3388\"><a href=\"https:\/\/oqitop.com\/fr\/produits\/metal-felt\/carbon-felt\/\"><img loading=\"lazy\" decoding=\"async\" class=\"size-medium wp-image-3388\" title=\"Feutre en fibre de titane de haute qualit\u00e9 pour la recherche en laboratoire 6\" src=\"https:\/\/oqitop.com\/wp-content\/uploads\/2025\/12\/44-300x300.png\" sizes=\"(max-width: 300px) 100vw, 300px\" srcset=\"https:\/\/oqitop.com\/wp-content\/uploads\/2025\/12\/44-300x300.png 300w, https:\/\/oqitop.com\/wp-content\/uploads\/2025\/12\/44-150x150.png 150w, https:\/\/oqitop.com\/wp-content\/uploads\/2025\/12\/44-768x768.png 768w, https:\/\/oqitop.com\/wp-content\/uploads\/2025\/12\/44.png 800w\" alt=\"\" width=\"300\" height=\"300\" \/><\/a><figcaption id=\"caption-attachment-3388\" class=\"wp-caption-text\"><a href=\"https:\/\/oqitop.com\/fr\/produits\/metal-felt\/carbon-felt\/\">Feutre de carbone<\/a><\/figcaption><\/figure>\n<\/td>\n<td width=\"33%\">&nbsp;<\/p>\n<figure id=\"attachment_3389\" class=\"wp-caption aligncenter\" aria-describedby=\"caption-attachment-3389\"><a href=\"https:\/\/oqitop.com\/fr\/produits\/metal-felt\/feutre-preoxyde\/\"><img loading=\"lazy\" decoding=\"async\" class=\"size-medium wp-image-3389\" title=\"Feutre en fibre de titane de haute qualit\u00e9 pour la recherche en laboratoire 7\" src=\"https:\/\/oqitop.com\/wp-content\/uploads\/2025\/12\/55-3-300x300.jpg\" sizes=\"(max-width: 300px) 100vw, 300px\" srcset=\"https:\/\/oqitop.com\/wp-content\/uploads\/2025\/12\/55-3-300x300.jpg 300w, https:\/\/oqitop.com\/wp-content\/uploads\/2025\/12\/55-3-150x150.jpg 150w, https:\/\/oqitop.com\/wp-content\/uploads\/2025\/12\/55-3-768x768.jpg 768w, https:\/\/oqitop.com\/wp-content\/uploads\/2025\/12\/55-3.jpg 800w\" alt=\"\" width=\"300\" height=\"300\" \/><\/a><figcaption id=\"caption-attachment-3389\" class=\"wp-caption-text\"><a href=\"https:\/\/oqitop.com\/fr\/produits\/metal-felt\/feutre-preoxyde\/\">Feutre pr\u00e9oxyd\u00e9<\/a><\/figcaption><\/figure>\n<\/td>\n<td width=\"33%\">&nbsp;<\/p>\n<figure id=\"attachment_3390\" class=\"wp-caption aligncenter\" aria-describedby=\"caption-attachment-3390\"><a href=\"https:\/\/oqitop.com\/fr\/produits\/metal-felt\/stainless-steel-felt\/\"><img loading=\"lazy\" decoding=\"async\" class=\"size-medium wp-image-3390\" title=\"Feutre en fibre de titane de haute qualit\u00e9 pour la recherche en laboratoire 8\" src=\"https:\/\/oqitop.com\/wp-content\/uploads\/2025\/12\/66-300x300.jpg\" sizes=\"(max-width: 300px) 100vw, 300px\" srcset=\"https:\/\/oqitop.com\/wp-content\/uploads\/2025\/12\/66-300x300.jpg 300w, https:\/\/oqitop.com\/wp-content\/uploads\/2025\/12\/66-150x150.jpg 150w, https:\/\/oqitop.com\/wp-content\/uploads\/2025\/12\/66-768x768.jpg 768w, https:\/\/oqitop.com\/wp-content\/uploads\/2025\/12\/66.jpg 800w\" alt=\"\" width=\"300\" height=\"300\" \/><\/a><figcaption id=\"caption-attachment-3390\" class=\"wp-caption-text\"><a href=\"https:\/\/oqitop.com\/fr\/produits\/metal-felt\/stainless-steel-felt\/\">Feutre en acier inoxydable<\/a><\/figcaption><\/figure>\n<\/td>\n<\/tr>\n<\/tbody>\n<\/table>\n<\/div>\n<p><img loading=\"lazy\" decoding=\"async\" class=\"aligncenter size-full wp-image-3504\" src=\"https:\/\/oqitop.com\/wp-content\/uploads\/2025\/12\/11111-8.jpg\" alt=\"\" width=\"1024\" height=\"280\" title=\"\" srcset=\"https:\/\/oqitop.com\/wp-content\/uploads\/2025\/12\/11111-8.jpg 1024w, https:\/\/oqitop.com\/wp-content\/uploads\/2025\/12\/11111-8-300x82.jpg 300w, https:\/\/oqitop.com\/wp-content\/uploads\/2025\/12\/11111-8-768x210.jpg 768w\" sizes=\"(max-width: 1024px) 100vw, 1024px\" \/><img loading=\"lazy\" decoding=\"async\" class=\"aligncenter size-full wp-image-3505\" src=\"https:\/\/oqitop.com\/wp-content\/uploads\/2025\/12\/2222-1.jpg\" alt=\"\" width=\"1024\" height=\"687\" title=\"\" srcset=\"https:\/\/oqitop.com\/wp-content\/uploads\/2025\/12\/2222-1.jpg 1024w, https:\/\/oqitop.com\/wp-content\/uploads\/2025\/12\/2222-1-300x201.jpg 300w, https:\/\/oqitop.com\/wp-content\/uploads\/2025\/12\/2222-1-768x515.jpg 768w\" sizes=\"(max-width: 1024px) 100vw, 1024px\" \/><img loading=\"lazy\" decoding=\"async\" class=\"aligncenter size-full wp-image-3506\" src=\"https:\/\/oqitop.com\/wp-content\/uploads\/2025\/12\/55555-11.jpg\" alt=\"\" width=\"1024\" height=\"677\" title=\"\" srcset=\"https:\/\/oqitop.com\/wp-content\/uploads\/2025\/12\/55555-11.jpg 1024w, https:\/\/oqitop.com\/wp-content\/uploads\/2025\/12\/55555-11-300x198.jpg 300w, https:\/\/oqitop.com\/wp-content\/uploads\/2025\/12\/55555-11-768x508.jpg 768w\" sizes=\"(max-width: 1024px) 100vw, 1024px\" \/><\/p>","protected":false},"featured_media":3499,"template":"","meta":{"_acf_changed":false,"site-sidebar-layout":"default","site-content-layout":"","ast-site-content-layout":"default","site-content-style":"default","site-sidebar-style":"default","ast-global-header-display":"","ast-banner-title-visibility":"","ast-main-header-display":"","ast-hfb-above-header-display":"","ast-hfb-below-header-display":"","ast-hfb-mobile-header-display":"","site-post-title":"","ast-breadcrumbs-content":"","ast-featured-img":"","footer-sml-layout":"","theme-transparent-header-meta":"default","adv-header-id-meta":"","stick-header-meta":"default","header-above-stick-meta":"","header-main-stick-meta":"","header-below-stick-meta":"","astra-migrate-meta-layouts":"set","ast-page-background-enabled":"default","ast-page-background-meta":{"desktop":{"background-color":"var(--ast-global-color-4)","background-image":"","background-repeat":"repeat","background-position":"center center","background-size":"auto","background-attachment":"scroll","background-type":"","background-media":"","overlay-type":"","overlay-color":"","overlay-opacity":"","overlay-gradient":""},"tablet":{"background-color":"","background-image":"","background-repeat":"repeat","background-position":"center center","background-size":"auto","background-attachment":"scroll","background-type":"","background-media":"","overlay-type":"","overlay-color":"","overlay-opacity":"","overlay-gradient":""},"mobile":{"background-color":"","background-image":"","background-repeat":"repeat","background-position":"center center","background-size":"auto","background-attachment":"scroll","background-type":"","background-media":"","overlay-type":"","overlay-color":"","overlay-opacity":"","overlay-gradient":""}},"ast-content-background-meta":{"desktop":{"background-color":"var(--ast-global-color-5)","background-image":"","background-repeat":"repeat","background-position":"center center","background-size":"auto","background-attachment":"scroll","background-type":"","background-media":"","overlay-type":"","overlay-color":"","overlay-opacity":"","overlay-gradient":""},"tablet":{"background-color":"var(--ast-global-color-5)","background-image":"","background-repeat":"repeat","background-position":"center center","background-size":"auto","background-attachment":"scroll","background-type":"","background-media":"","overlay-type":"","overlay-color":"","overlay-opacity":"","overlay-gradient":""},"mobile":{"background-color":"var(--ast-global-color-5)","background-image":"","background-repeat":"repeat","background-position":"center center","background-size":"auto","background-attachment":"scroll","background-type":"","background-media":"","overlay-type":"","overlay-color":"","overlay-opacity":"","overlay-gradient":""}}},"tags":[],"products":[216,219],"class_list":["post-3498","product","type-product","status-publish","has-post-thumbnail","hentry","products-metal-felt","products-nickel-felt"],"acf":[],"_links":{"self":[{"href":"https:\/\/oqitop.com\/fr\/wp-json\/wp\/v2\/product\/3498","targetHints":{"allow":["GET"]}}],"collection":[{"href":"https:\/\/oqitop.com\/fr\/wp-json\/wp\/v2\/product"}],"about":[{"href":"https:\/\/oqitop.com\/fr\/wp-json\/wp\/v2\/types\/product"}],"wp:featuredmedia":[{"embeddable":true,"href":"https:\/\/oqitop.com\/fr\/wp-json\/wp\/v2\/media\/3499"}],"wp:attachment":[{"href":"https:\/\/oqitop.com\/fr\/wp-json\/wp\/v2\/media?parent=3498"}],"wp:term":[{"taxonomy":"post_tag","embeddable":true,"href":"https:\/\/oqitop.com\/fr\/wp-json\/wp\/v2\/tags?post=3498"},{"taxonomy":"products","embeddable":true,"href":"https:\/\/oqitop.com\/fr\/wp-json\/wp\/v2\/products?post=3498"}],"curies":[{"name":"wp","href":"https:\/\/api.w.org\/{rel}","templated":true}]}}