 {"id":3758,"date":"2025-12-15T21:29:17","date_gmt":"2025-12-15T13:29:17","guid":{"rendered":"https:\/\/oqitop.com\/?post_type=product&#038;p=3758"},"modified":"2026-01-15T09:13:01","modified_gmt":"2026-01-15T01:13:01","slug":"ti-metal-mesh-titanium-metal-mesh-for-electrolyzer-water-treatment","status":"publish","type":"product","link":"https:\/\/oqitop.com\/fr\/produit\/ti-metal-mesh-titanium-metal-mesh-for-electrolyzer-water-treatment\/","title":{"rendered":"Ti Metal Mesh Titanium Metal Mesh For Electrolyzer Water Treatment"},"content":{"rendered":"<h4 style=\"text-align: center;\"><span style=\"color: #ff0000;\">Ti Metal Mesh Titanium Metal Mesh For Electrolyzer Water Treatment<\/span><\/h4>\n<p>&nbsp;<\/p>\n<p><iframe src=\"https:\/\/www.youtube.com\/embed\/IldIVcgUvGM?rel=0\" allowfullscreen=\"allowfullscreen\" data-mce-fragment=\"1\"><span data-mce-type=\"bookmark\" style=\"display: inline-block; width: 0px; overflow: hidden; line-height: 0;\" class=\"mce_SELRES_start\"><\/span><\/iframe><\/p>\n<p align=\"left\"><strong>Introduction<\/strong><\/p>\n<p class=\"\"><strong><a href=\"https:\/\/oqitop.com\/fr\/produits\/maille-metallique\/titanium-mesh\/\" target=\"_blank\" rel=\"nofollow noopener\">Maille de titane<\/a><\/strong>\u00a0Le titane est utilis\u00e9 dans de nombreuses applications, telles que l'eau de mer, la construction navale, l'industrie militaire, l'industrie m\u00e9canique, chimique, p\u00e9troli\u00e8re, pharmaceutique, m\u00e9dicale, satellitaire, a\u00e9rospatiale, l'industrie environnementale, la galvanoplastie, les batteries, la chirurgie, la filtration, le filtre chimique, le filtre m\u00e9canique, le filtre \u00e0 huile, le blindage \u00e9lectromagn\u00e9tique, l'\u00e9lectricit\u00e9, l'\u00e9nergie, le dessalement de l'eau, l'\u00e9changeur de chaleur, l'\u00e9nergie, l'industrie du papier, les \u00e9lectrodes en titane, etc.<\/p>\n<p class=\"\">-Mat\u00e9riau : TA1, TA2, TC4, TA10, etc.<\/p>\n<p class=\"\">-Le filet tiss\u00e9 en fil de titane est fabriqu\u00e9 \u00e0 partir de fil de titane en croisant la cha\u00eene et la trame. La maille est carr\u00e9e ou rectangulaire.<\/p>\n<p class=\"\">-Largeur du r\u00e9seau : 20-5000mm. Diam\u00e8tre du fil : 0,05-6 mm. Ouverture : 0,003 mm-100 mm. Maillage : 1-400 mailles.<\/p>\n<p class=\"\">-M\u00e9thodes de tricotage : uni, serg\u00e9, gaufr\u00e9, type de tapis.<\/p>\n<p class=\"\"><strong>Sp\u00e9cifications<\/strong><\/p>\n<p class=\"\" align=\"justify\">Les trois donn\u00e9es suivantes sont le nombre de mailles, le diam\u00e8tre du fil et l'ouverture.<img fetchpriority=\"high\" decoding=\"async\" class=\"aligncenter size-full wp-image-3759\" src=\"https:\/\/oqitop.com\/wp-content\/uploads\/2025\/12\/11111-4.png\" alt=\"\" width=\"1024\" height=\"1201\" title=\"\" srcset=\"https:\/\/oqitop.com\/wp-content\/uploads\/2025\/12\/11111-4.png 1024w, https:\/\/oqitop.com\/wp-content\/uploads\/2025\/12\/11111-4-256x300.png 256w, https:\/\/oqitop.com\/wp-content\/uploads\/2025\/12\/11111-4-873x1024.png 873w, https:\/\/oqitop.com\/wp-content\/uploads\/2025\/12\/11111-4-768x901.png 768w\" sizes=\"(max-width: 1024px) 100vw, 1024px\" \/><\/p>\n<p><span style=\"color: #333399;\"><b><strong>Pour personnaliser les diff\u00e9rentes mailles m\u00e9talliques, veuillez cliquer sur l'image ci-dessous pour plus de d\u00e9tails\uff1a<\/strong><\/b><\/span><\/p>\n<table>\n<tbody>\n<tr>\n<td>\n<p><figure id=\"attachment_3760\" aria-describedby=\"caption-attachment-3760\" style=\"width: 150px\" class=\"wp-caption aligncenter\"><a href=\"https:\/\/oqitop.com\/fr\/produits\/maille-metallique\/aluminum-mesh\/\"><img decoding=\"async\" class=\"size-thumbnail wp-image-3760\" src=\"https:\/\/oqitop.com\/wp-content\/uploads\/2025\/12\/Aluminium-Mesh-150x150.jpg\" alt=\"\" width=\"150\" height=\"150\" title=\"\" srcset=\"https:\/\/oqitop.com\/wp-content\/uploads\/2025\/12\/Aluminium-Mesh-150x150.jpg 150w, https:\/\/oqitop.com\/wp-content\/uploads\/2025\/12\/Aluminium-Mesh-300x300.jpg 300w, https:\/\/oqitop.com\/wp-content\/uploads\/2025\/12\/Aluminium-Mesh-768x768.jpg 768w, https:\/\/oqitop.com\/wp-content\/uploads\/2025\/12\/Aluminium-Mesh.jpg 1000w\" sizes=\"(max-width: 150px) 100vw, 150px\" \/><\/a><figcaption id=\"caption-attachment-3760\" class=\"wp-caption-text\"><a href=\"https:\/\/oqitop.com\/fr\/produits\/maille-metallique\/aluminum-mesh\/\">Maille d'aluminium<\/a><\/figcaption><\/figure><\/td>\n<td>\n<p><figure id=\"attachment_3761\" aria-describedby=\"caption-attachment-3761\" style=\"width: 150px\" class=\"wp-caption aligncenter\"><a href=\"https:\/\/oqitop.com\/fr\/produits\/maille-metallique\/maille-de-cuivre\/\"><img decoding=\"async\" class=\"size-thumbnail wp-image-3761\" src=\"https:\/\/oqitop.com\/wp-content\/uploads\/2025\/12\/Copper-Mesh-150x150.jpg\" alt=\"\" width=\"150\" height=\"150\" title=\"\" srcset=\"https:\/\/oqitop.com\/wp-content\/uploads\/2025\/12\/Copper-Mesh-150x150.jpg 150w, https:\/\/oqitop.com\/wp-content\/uploads\/2025\/12\/Copper-Mesh-300x300.jpg 300w, https:\/\/oqitop.com\/wp-content\/uploads\/2025\/12\/Copper-Mesh-768x768.jpg 768w, https:\/\/oqitop.com\/wp-content\/uploads\/2025\/12\/Copper-Mesh.jpg 1000w\" sizes=\"(max-width: 150px) 100vw, 150px\" \/><\/a><figcaption id=\"caption-attachment-3761\" class=\"wp-caption-text\"><a href=\"https:\/\/oqitop.com\/fr\/produits\/maille-metallique\/maille-de-cuivre\/\">Maille en cuivre<\/a><\/figcaption><\/figure><\/td>\n<td>\n<p><figure id=\"attachment_3762\" aria-describedby=\"caption-attachment-3762\" style=\"width: 150px\" class=\"wp-caption aligncenter\"><a href=\"https:\/\/oqitop.com\/fr\/produits\/maille-metallique\/tungsten-mesh\/\"><img loading=\"lazy\" decoding=\"async\" class=\"size-thumbnail wp-image-3762\" src=\"https:\/\/oqitop.com\/wp-content\/uploads\/2025\/12\/Tungsten-Mesh-150x150.jpg\" alt=\"\" width=\"150\" height=\"150\" title=\"\" srcset=\"https:\/\/oqitop.com\/wp-content\/uploads\/2025\/12\/Tungsten-Mesh-150x150.jpg 150w, https:\/\/oqitop.com\/wp-content\/uploads\/2025\/12\/Tungsten-Mesh-300x300.jpg 300w, https:\/\/oqitop.com\/wp-content\/uploads\/2025\/12\/Tungsten-Mesh.jpg 750w\" sizes=\"(max-width: 150px) 100vw, 150px\" \/><\/a><figcaption id=\"caption-attachment-3762\" class=\"wp-caption-text\"><a href=\"https:\/\/oqitop.com\/fr\/produits\/maille-metallique\/tungsten-mesh\/\">Maille en tungst\u00e8ne<\/a><\/figcaption><\/figure><\/td>\n<td>\n<p><figure id=\"attachment_3763\" aria-describedby=\"caption-attachment-3763\" style=\"width: 150px\" class=\"wp-caption aligncenter\"><a href=\"https:\/\/oqitop.com\/fr\/produits\/maille-metallique\/nickel-mesh\/\"><img loading=\"lazy\" decoding=\"async\" class=\"size-thumbnail wp-image-3763\" src=\"https:\/\/oqitop.com\/wp-content\/uploads\/2025\/12\/Nickel-Mesh-150x150.jpg\" alt=\"\" width=\"150\" height=\"150\" title=\"\" srcset=\"https:\/\/oqitop.com\/wp-content\/uploads\/2025\/12\/Nickel-Mesh-150x150.jpg 150w, https:\/\/oqitop.com\/wp-content\/uploads\/2025\/12\/Nickel-Mesh-300x300.jpg 300w, https:\/\/oqitop.com\/wp-content\/uploads\/2025\/12\/Nickel-Mesh-768x768.jpg 768w, https:\/\/oqitop.com\/wp-content\/uploads\/2025\/12\/Nickel-Mesh.jpg 800w\" sizes=\"(max-width: 150px) 100vw, 150px\" \/><\/a><figcaption id=\"caption-attachment-3763\" class=\"wp-caption-text\"><a href=\"https:\/\/oqitop.com\/fr\/produits\/maille-metallique\/nickel-mesh\/\">Maille en nickel<\/a><\/figcaption><\/figure><\/td>\n<\/tr>\n<tr>\n<td>\n<p><figure id=\"attachment_3764\" aria-describedby=\"caption-attachment-3764\" style=\"width: 150px\" class=\"wp-caption aligncenter\"><a href=\"https:\/\/oqitop.com\/fr\/produits\/maille-metallique\/titanium-mesh\/\"><img loading=\"lazy\" decoding=\"async\" class=\"size-thumbnail wp-image-3764\" src=\"https:\/\/oqitop.com\/wp-content\/uploads\/2025\/12\/Titanium-Mesh-150x150.jpg\" alt=\"\" width=\"150\" height=\"150\" title=\"\" srcset=\"https:\/\/oqitop.com\/wp-content\/uploads\/2025\/12\/Titanium-Mesh-150x150.jpg 150w, https:\/\/oqitop.com\/wp-content\/uploads\/2025\/12\/Titanium-Mesh-300x300.jpg 300w, https:\/\/oqitop.com\/wp-content\/uploads\/2025\/12\/Titanium-Mesh-768x768.jpg 768w, https:\/\/oqitop.com\/wp-content\/uploads\/2025\/12\/Titanium-Mesh.jpg 1001w\" sizes=\"(max-width: 150px) 100vw, 150px\" \/><\/a><figcaption id=\"caption-attachment-3764\" class=\"wp-caption-text\"><a href=\"https:\/\/oqitop.com\/fr\/produits\/maille-metallique\/titanium-mesh\/\">Maille en titane<\/a><\/figcaption><\/figure><\/td>\n<td>\n<p><figure id=\"attachment_3765\" aria-describedby=\"caption-attachment-3765\" style=\"width: 150px\" class=\"wp-caption aligncenter\"><a href=\"https:\/\/oqitop.com\/fr\/produits\/maille-metallique\/silver-mesh\/\"><img loading=\"lazy\" decoding=\"async\" class=\"size-thumbnail wp-image-3765\" src=\"https:\/\/oqitop.com\/wp-content\/uploads\/2025\/12\/Silver-Mesh-150x150.png\" alt=\"\" width=\"150\" height=\"150\" title=\"\" srcset=\"https:\/\/oqitop.com\/wp-content\/uploads\/2025\/12\/Silver-Mesh-150x150.png 150w, https:\/\/oqitop.com\/wp-content\/uploads\/2025\/12\/Silver-Mesh-300x300.png 300w, https:\/\/oqitop.com\/wp-content\/uploads\/2025\/12\/Silver-Mesh-768x768.png 768w, https:\/\/oqitop.com\/wp-content\/uploads\/2025\/12\/Silver-Mesh.png 800w\" sizes=\"(max-width: 150px) 100vw, 150px\" \/><\/a><figcaption id=\"caption-attachment-3765\" class=\"wp-caption-text\"><a href=\"https:\/\/oqitop.com\/fr\/produits\/maille-metallique\/silver-mesh\/\">Maille argent\u00e9e<\/a><\/figcaption><\/figure><\/td>\n<td>\n<p><figure id=\"attachment_3766\" aria-describedby=\"caption-attachment-3766\" style=\"width: 150px\" class=\"wp-caption aligncenter\"><a href=\"https:\/\/oqitop.com\/fr\/produits\/maille-metallique\/maille-de-molybdene\/\"><img loading=\"lazy\" decoding=\"async\" class=\"size-thumbnail wp-image-3766\" src=\"https:\/\/oqitop.com\/wp-content\/uploads\/2025\/12\/Molybdenum-Mesh-150x150.jpg\" alt=\"\" width=\"150\" height=\"150\" title=\"\" srcset=\"https:\/\/oqitop.com\/wp-content\/uploads\/2025\/12\/Molybdenum-Mesh-150x150.jpg 150w, https:\/\/oqitop.com\/wp-content\/uploads\/2025\/12\/Molybdenum-Mesh-300x300.jpg 300w, https:\/\/oqitop.com\/wp-content\/uploads\/2025\/12\/Molybdenum-Mesh-1024x1024.jpg 1024w, https:\/\/oqitop.com\/wp-content\/uploads\/2025\/12\/Molybdenum-Mesh-768x768.jpg 768w, https:\/\/oqitop.com\/wp-content\/uploads\/2025\/12\/Molybdenum-Mesh.jpg 1500w\" sizes=\"(max-width: 150px) 100vw, 150px\" \/><\/a><figcaption id=\"caption-attachment-3766\" class=\"wp-caption-text\"><a href=\"https:\/\/oqitop.com\/fr\/produits\/maille-metallique\/maille-de-molybdene\/\">Maille en molybd\u00e8ne<\/a><\/figcaption><\/figure><\/td>\n<td>\n<p><figure id=\"attachment_3767\" aria-describedby=\"caption-attachment-3767\" style=\"width: 150px\" class=\"wp-caption aligncenter\"><a href=\"https:\/\/oqitop.com\/fr\/produits\/maille-metallique\/stainless-steel-mesh\/\"><img loading=\"lazy\" decoding=\"async\" class=\"size-thumbnail wp-image-3767\" src=\"https:\/\/oqitop.com\/wp-content\/uploads\/2025\/12\/Steeless-Mesh-150x150.png\" alt=\"\" width=\"150\" height=\"150\" title=\"\" srcset=\"https:\/\/oqitop.com\/wp-content\/uploads\/2025\/12\/Steeless-Mesh-150x150.png 150w, https:\/\/oqitop.com\/wp-content\/uploads\/2025\/12\/Steeless-Mesh-300x300.png 300w, https:\/\/oqitop.com\/wp-content\/uploads\/2025\/12\/Steeless-Mesh-768x768.png 768w, https:\/\/oqitop.com\/wp-content\/uploads\/2025\/12\/Steeless-Mesh.png 800w\" sizes=\"(max-width: 150px) 100vw, 150px\" \/><\/a><figcaption id=\"caption-attachment-3767\" class=\"wp-caption-text\"><a href=\"https:\/\/oqitop.com\/fr\/produits\/maille-metallique\/stainless-steel-mesh\/\">Treillis sans soudure<\/a><\/figcaption><\/figure><\/td>\n<\/tr>\n<\/tbody>\n<\/table>\n<p><span style=\"color: #ff0000;\"><strong>Nous pouvons \u00e9galement personnaliser diverses mailles m\u00e9talliques ; veuillez nous contacter si n\u00e9cessaire.<img loading=\"lazy\" decoding=\"async\" class=\"aligncenter size-full wp-image-3782\" src=\"https:\/\/oqitop.com\/wp-content\/uploads\/2025\/12\/12345.jpg\" alt=\"\" width=\"1024\" height=\"529\" title=\"\" srcset=\"https:\/\/oqitop.com\/wp-content\/uploads\/2025\/12\/12345.jpg 1024w, https:\/\/oqitop.com\/wp-content\/uploads\/2025\/12\/12345-300x155.jpg 300w, https:\/\/oqitop.com\/wp-content\/uploads\/2025\/12\/12345-768x397.jpg 768w\" sizes=\"(max-width: 1024px) 100vw, 1024px\" \/><\/strong><\/span><\/p>\n<p>&nbsp;<\/p>\n<p><img loading=\"lazy\" decoding=\"async\" class=\"aligncenter size-full wp-image-3769\" src=\"https:\/\/oqitop.com\/wp-content\/uploads\/2025\/12\/22222-3.png\" alt=\"\" width=\"1024\" height=\"1034\" title=\"\" srcset=\"https:\/\/oqitop.com\/wp-content\/uploads\/2025\/12\/22222-3.png 1024w, https:\/\/oqitop.com\/wp-content\/uploads\/2025\/12\/22222-3-297x300.png 297w, https:\/\/oqitop.com\/wp-content\/uploads\/2025\/12\/22222-3-1014x1024.png 1014w, https:\/\/oqitop.com\/wp-content\/uploads\/2025\/12\/22222-3-150x150.png 150w, https:\/\/oqitop.com\/wp-content\/uploads\/2025\/12\/22222-3-768x776.png 768w\" sizes=\"(max-width: 1024px) 100vw, 1024px\" \/><img loading=\"lazy\" decoding=\"async\" class=\"aligncenter size-full wp-image-3770\" src=\"https:\/\/oqitop.com\/wp-content\/uploads\/2025\/12\/55555-11-18.jpg\" alt=\"\" width=\"1024\" height=\"677\" title=\"\" srcset=\"https:\/\/oqitop.com\/wp-content\/uploads\/2025\/12\/55555-11-18.jpg 1024w, https:\/\/oqitop.com\/wp-content\/uploads\/2025\/12\/55555-11-18-300x198.jpg 300w, https:\/\/oqitop.com\/wp-content\/uploads\/2025\/12\/55555-11-18-768x508.jpg 768w\" sizes=\"(max-width: 1024px) 100vw, 1024px\" \/><\/p>","protected":false},"featured_media":3771,"template":"","meta":{"_acf_changed":false,"site-sidebar-layout":"default","site-content-layout":"","ast-site-content-layout":"default","site-content-style":"default","site-sidebar-style":"default","ast-global-header-display":"","ast-banner-title-visibility":"","ast-main-header-display":"","ast-hfb-above-header-display":"","ast-hfb-below-header-display":"","ast-hfb-mobile-header-display":"","site-post-title":"","ast-breadcrumbs-content":"","ast-featured-img":"","footer-sml-layout":"","theme-transparent-header-meta":"default","adv-header-id-meta":"","stick-header-meta":"default","header-above-stick-meta":"","header-main-stick-meta":"","header-below-stick-meta":"","astra-migrate-meta-layouts":"set","ast-page-background-enabled":"default","ast-page-background-meta":{"desktop":{"background-color":"var(--ast-global-color-4)","background-image":"","background-repeat":"repeat","background-position":"center center","background-size":"auto","background-attachment":"scroll","background-type":"","background-media":"","overlay-type":"","overlay-color":"","overlay-opacity":"","overlay-gradient":""},"tablet":{"background-color":"","background-image":"","background-repeat":"repeat","background-position":"center center","background-size":"auto","background-attachment":"scroll","background-type":"","background-media":"","overlay-type":"","overlay-color":"","overlay-opacity":"","overlay-gradient":""},"mobile":{"background-color":"","background-image":"","background-repeat":"repeat","background-position":"center center","background-size":"auto","background-attachment":"scroll","background-type":"","background-media":"","overlay-type":"","overlay-color":"","overlay-opacity":"","overlay-gradient":""}},"ast-content-background-meta":{"desktop":{"background-color":"var(--ast-global-color-5)","background-image":"","background-repeat":"repeat","background-position":"center center","background-size":"auto","background-attachment":"scroll","background-type":"","background-media":"","overlay-type":"","overlay-color":"","overlay-opacity":"","overlay-gradient":""},"tablet":{"background-color":"var(--ast-global-color-5)","background-image":"","background-repeat":"repeat","background-position":"center center","background-size":"auto","background-attachment":"scroll","background-type":"","background-media":"","overlay-type":"","overlay-color":"","overlay-opacity":"","overlay-gradient":""},"mobile":{"background-color":"var(--ast-global-color-5)","background-image":"","background-repeat":"repeat","background-position":"center center","background-size":"auto","background-attachment":"scroll","background-type":"","background-media":"","overlay-type":"","overlay-color":"","overlay-opacity":"","overlay-gradient":""}}},"tags":[],"products":[231,232],"class_list":["post-3758","product","type-product","status-publish","has-post-thumbnail","hentry","products-metal-mesh","products-titanium-mesh"],"acf":[],"_links":{"self":[{"href":"https:\/\/oqitop.com\/fr\/wp-json\/wp\/v2\/product\/3758","targetHints":{"allow":["GET"]}}],"collection":[{"href":"https:\/\/oqitop.com\/fr\/wp-json\/wp\/v2\/product"}],"about":[{"href":"https:\/\/oqitop.com\/fr\/wp-json\/wp\/v2\/types\/product"}],"wp:featuredmedia":[{"embeddable":true,"href":"https:\/\/oqitop.com\/fr\/wp-json\/wp\/v2\/media\/3771"}],"wp:attachment":[{"href":"https:\/\/oqitop.com\/fr\/wp-json\/wp\/v2\/media?parent=3758"}],"wp:term":[{"taxonomy":"post_tag","embeddable":true,"href":"https:\/\/oqitop.com\/fr\/wp-json\/wp\/v2\/tags?post=3758"},{"taxonomy":"products","embeddable":true,"href":"https:\/\/oqitop.com\/fr\/wp-json\/wp\/v2\/products?post=3758"}],"curies":[{"name":"wp","href":"https:\/\/api.w.org\/{rel}","templated":true}]}}