 {"id":4223,"date":"2025-12-22T17:44:33","date_gmt":"2025-12-22T09:44:33","guid":{"rendered":"https:\/\/oqitop.com\/?post_type=product&#038;p=4223"},"modified":"2026-01-15T10:38:26","modified_gmt":"2026-01-15T02:38:26","slug":"mousse-ceramique-personnalisee-en-carbure-de-silicium-oxyde-daluminium-et-oxyde-de-zirconium","status":"publish","type":"product","link":"https:\/\/oqitop.com\/fr\/produit\/mousse-ceramique-personnalisee-en-carbure-de-silicium-oxyde-daluminium-et-oxyde-de-zirconium\/","title":{"rendered":"Mousse c\u00e9ramique personnalis\u00e9e Carbure de silicium Oxyde d'aluminium Oxyde de zirconium Mousse"},"content":{"rendered":"<h3 style=\"text-align: center;\"><span style=\"color: #ff0000;\">Mousse c\u00e9ramique personnalis\u00e9e Carbure de silicium Oxyde d'aluminium Oxyde de zirconium Mousse<\/span><\/h3>\n<p>&nbsp;<\/p>\n<p><strong>Pr\u00e9sentation du produit :<\/strong><\/p>\n<p>Oqitop propose une large gamme de mousses m\u00e9talliques, notamment en aluminium, cuivre, nickel, titane, chrome, etc. Que vous travailliez dans l'industrie, la recherche scientifique ou tout autre domaine, nous vous proposons une gamme vari\u00e9e de mousses m\u00e9talliques de haute qualit\u00e9 pour r\u00e9pondre aux exigences de vos projets.<\/p>\n<p><strong>C<\/strong><strong>Exigences en mati\u00e8re de personnalisation :<\/strong><\/p>\n<p>(1) Type de mousse m\u00e9tallique requis<\/p>\n<p>Pour les mousses alli\u00e9es, indiquez la composition \u00e9l\u00e9mentaire souhait\u00e9e. Si vous avez d'autres exigences ou d\u00e9tails sp\u00e9cifiques li\u00e9s \u00e0 votre projet, veuillez les mentionner.<\/p>\n<p>(2)  Puret\u00e9 requise de la mousse m\u00e9tallique<\/p>\n<p>(3)  Dimensions et \u00e9paisseur de la mousse m\u00e9tallique<\/p>\n<p>(4)  Quantit\u00e9 command\u00e9e<\/p>\n<p>(5) Informations suppl\u00e9mentaires<\/p>\n<p>Une fois que vous nous aurez fourni les informations ci-dessus, veuillez nous contacter par e-mail et nous vous proposerons rapidement un devis personnalis\u00e9. Notre \u00e9quipe s'engage \u00e0 vous fournir des solutions sur mesure pour r\u00e9pondre \u00e0 vos besoins sp\u00e9cifiques.<\/p>\n<p><b><strong>Pour personnaliser diff\u00e9rentes mousses m\u00e9talliques, veuillez cliquer sur l'image ci-dessous pour plus de d\u00e9tails :<\/strong><\/b><\/p>\n<div class=\"table-responsive\">\n<table>\n<tbody>\n<tr>\n<td>&nbsp;<\/p>\n<figure id=\"attachment_2567\" class=\"wp-caption aligncenter\" aria-describedby=\"caption-attachment-2567\"><a href=\"https:\/\/oqitop.com\/fr\/produits\/mousse-metallique\/copper-foam\/\"><img decoding=\"async\" class=\"wp-image-2567 size-thumbnail\" title=\"Mousse de nickel \u00e0 haute conductivit\u00e9 pour la recherche sur les \u00e9lectrodes de batterie 1\" src=\"https:\/\/oqitop.com\/wp-content\/uploads\/2025\/12\/Copper-Foam-150x150.jpg\" sizes=\"(max-width: 150px) 100vw, 150px\" srcset=\"https:\/\/oqitop.com\/wp-content\/uploads\/2025\/12\/Copper-Foam-150x150.jpg 150w, https:\/\/oqitop.com\/wp-content\/uploads\/2025\/12\/Copper-Foam-300x300.jpg 300w, https:\/\/oqitop.com\/wp-content\/uploads\/2025\/12\/Copper-Foam.jpg 600w\" alt=\"\" width=\"150\" height=\"150\" \/><\/a><figcaption id=\"caption-attachment-2567\" class=\"wp-caption-text\"><a href=\"https:\/\/oqitop.com\/fr\/produits\/mousse-metallique\/copper-foam\/\">Mousse de cuivre<\/a><\/figcaption><\/figure>\n<\/td>\n<td>&nbsp;<\/p>\n<figure id=\"attachment_2568\" class=\"wp-caption aligncenter\" aria-describedby=\"caption-attachment-2568\"><a href=\"https:\/\/oqitop.com\/fr\/produits\/mousse-metallique\/mousse-de-nickel\/\"><img decoding=\"async\" class=\"wp-image-2568 size-thumbnail\" title=\"Mousse de nickel \u00e0 haute conductivit\u00e9 pour la recherche sur les \u00e9lectrodes de batterie 2\" src=\"https:\/\/oqitop.com\/wp-content\/uploads\/2025\/12\/Nickel-Foam-150x150.png\" sizes=\"(max-width: 150px) 100vw, 150px\" srcset=\"https:\/\/oqitop.com\/wp-content\/uploads\/2025\/12\/Nickel-Foam-150x150.png 150w, https:\/\/oqitop.com\/wp-content\/uploads\/2025\/12\/Nickel-Foam-300x300.png 300w, https:\/\/oqitop.com\/wp-content\/uploads\/2025\/12\/Nickel-Foam.png 500w\" alt=\"\" width=\"150\" height=\"150\" \/><\/a><figcaption id=\"caption-attachment-2568\" class=\"wp-caption-text\"><a href=\"https:\/\/oqitop.com\/fr\/produits\/mousse-metallique\/mousse-de-nickel\/\">Mousse de nickel<\/a><\/figcaption><\/figure>\n<\/td>\n<td>&nbsp;<\/p>\n<figure id=\"attachment_2569\" class=\"wp-caption aligncenter\" aria-describedby=\"caption-attachment-2569\"><a href=\"https:\/\/oqitop.com\/fr\/produits\/mousse-metallique\/mousse-de-titane\/\"><img decoding=\"async\" class=\"wp-image-2569 size-thumbnail\" title=\"Mousse de nickel \u00e0 haute conductivit\u00e9 pour la recherche sur les \u00e9lectrodes de batterie 3\" src=\"https:\/\/oqitop.com\/wp-content\/uploads\/2025\/12\/Ti-Foam-150x150.png\" sizes=\"(max-width: 150px) 100vw, 150px\" srcset=\"https:\/\/oqitop.com\/wp-content\/uploads\/2025\/12\/Ti-Foam-150x150.png 150w, https:\/\/oqitop.com\/wp-content\/uploads\/2025\/12\/Ti-Foam-300x300.png 300w, https:\/\/oqitop.com\/wp-content\/uploads\/2025\/12\/Ti-Foam.png 500w\" alt=\"\" width=\"150\" height=\"150\" \/><\/a><figcaption id=\"caption-attachment-2569\" class=\"wp-caption-text\"><a href=\"https:\/\/oqitop.com\/fr\/produits\/mousse-metallique\/mousse-de-titane\/\">Ti Mousse<\/a><\/figcaption><\/figure>\n<\/td>\n<td>&nbsp;<\/p>\n<figure id=\"attachment_2571\" class=\"wp-caption aligncenter\" aria-describedby=\"caption-attachment-2571\"><a href=\"https:\/\/oqitop.com\/fr\/produits\/mousse-metallique\/aluminum-foam\/\"><img loading=\"lazy\" decoding=\"async\" class=\"wp-image-2571 size-thumbnail\" title=\"Mousse de nickel \u00e0 haute conductivit\u00e9 pour la recherche sur les \u00e9lectrodes de batterie 4\" src=\"https:\/\/oqitop.com\/wp-content\/uploads\/2025\/12\/Aluminum-Foam-1-150x150.png\" sizes=\"(max-width: 150px) 100vw, 150px\" srcset=\"https:\/\/oqitop.com\/wp-content\/uploads\/2025\/12\/Aluminum-Foam-1-150x150.png 150w, https:\/\/oqitop.com\/wp-content\/uploads\/2025\/12\/Aluminum-Foam-1-300x300.png 300w, https:\/\/oqitop.com\/wp-content\/uploads\/2025\/12\/Aluminum-Foam-1.png 529w\" alt=\"\" width=\"150\" height=\"150\" \/><\/a><figcaption id=\"caption-attachment-2571\" class=\"wp-caption-text\"><a href=\"https:\/\/oqitop.com\/fr\/produits\/mousse-metallique\/aluminum-foam\/\">Mousse d'aluminium<\/a><\/figcaption><\/figure>\n<\/td>\n<\/tr>\n<tr>\n<td>&nbsp;<\/p>\n<figure id=\"attachment_2572\" class=\"wp-caption aligncenter\" aria-describedby=\"caption-attachment-2572\"><a href=\"https:\/\/oqitop.com\/fr\/produits\/mousse-metallique\/iron-nickel-foam\/\"><img loading=\"lazy\" decoding=\"async\" class=\"wp-image-2572 size-thumbnail\" title=\"Mousse de nickel \u00e0 haute conductivit\u00e9 pour la recherche sur les \u00e9lectrodes de batterie 5\" src=\"https:\/\/oqitop.com\/wp-content\/uploads\/2025\/12\/Iron-Nickel-Foam-150x150.jpg\" sizes=\"(max-width: 150px) 100vw, 150px\" srcset=\"https:\/\/oqitop.com\/wp-content\/uploads\/2025\/12\/Iron-Nickel-Foam-150x150.jpg 150w, https:\/\/oqitop.com\/wp-content\/uploads\/2025\/12\/Iron-Nickel-Foam-300x300.jpg 300w, https:\/\/oqitop.com\/wp-content\/uploads\/2025\/12\/Iron-Nickel-Foam.jpg 720w\" alt=\"\" width=\"150\" height=\"150\" \/><\/a><figcaption id=\"caption-attachment-2572\" class=\"wp-caption-text\"><a href=\"https:\/\/oqitop.com\/fr\/produits\/mousse-metallique\/iron-nickel-foam\/\">Mousse de fer-nickel<\/a><\/figcaption><\/figure>\n<\/td>\n<td>&nbsp;<\/p>\n<figure id=\"attachment_2573\" class=\"wp-caption aligncenter\" aria-describedby=\"caption-attachment-2573\"><a href=\"https:\/\/oqitop.com\/fr\/produits\/mousse-metallique\/carbon-foam\/\"><img loading=\"lazy\" decoding=\"async\" class=\"wp-image-2573 size-thumbnail\" title=\"Mousse de nickel \u00e0 haute conductivit\u00e9 pour la recherche sur les \u00e9lectrodes de batterie 6\" src=\"https:\/\/oqitop.com\/wp-content\/uploads\/2025\/12\/Carbon-Foam-150x150.png\" sizes=\"(max-width: 150px) 100vw, 150px\" srcset=\"https:\/\/oqitop.com\/wp-content\/uploads\/2025\/12\/Carbon-Foam-150x150.png 150w, https:\/\/oqitop.com\/wp-content\/uploads\/2025\/12\/Carbon-Foam-300x300.png 300w, https:\/\/oqitop.com\/wp-content\/uploads\/2025\/12\/Carbon-Foam-768x768.png 768w, https:\/\/oqitop.com\/wp-content\/uploads\/2025\/12\/Carbon-Foam.png 1000w\" alt=\"\" width=\"150\" height=\"150\" \/><\/a><figcaption id=\"caption-attachment-2573\" class=\"wp-caption-text\"><a href=\"https:\/\/oqitop.com\/fr\/produits\/mousse-metallique\/carbon-foam\/\">Mousse de carbone<\/a><\/figcaption><\/figure>\n<\/td>\n<td>&nbsp;<\/p>\n<figure id=\"attachment_2574\" class=\"wp-caption aligncenter\" aria-describedby=\"caption-attachment-2574\"><a href=\"https:\/\/oqitop.com\/fr\/produits\/mousse-metallique\/silver-foam\/\"><img loading=\"lazy\" decoding=\"async\" class=\"wp-image-2574 size-thumbnail\" title=\"Mousse de nickel \u00e0 haute conductivit\u00e9 pour la recherche sur les \u00e9lectrodes de batterie 7\" src=\"https:\/\/oqitop.com\/wp-content\/uploads\/2025\/12\/Silver-Foam-150x150.jpg\" sizes=\"(max-width: 150px) 100vw, 150px\" srcset=\"https:\/\/oqitop.com\/wp-content\/uploads\/2025\/12\/Silver-Foam-150x150.jpg 150w, https:\/\/oqitop.com\/wp-content\/uploads\/2025\/12\/Silver-Foam-300x300.jpg 300w, https:\/\/oqitop.com\/wp-content\/uploads\/2025\/12\/Silver-Foam.jpg 726w\" alt=\"\" width=\"150\" height=\"150\" \/><\/a><figcaption id=\"caption-attachment-2574\" class=\"wp-caption-text\"><a href=\"https:\/\/oqitop.com\/fr\/produits\/mousse-metallique\/silver-foam\/\">Mousse argent\u00e9e<\/a><\/figcaption><\/figure>\n<\/td>\n<td>&nbsp;<\/p>\n<figure id=\"attachment_2575\" class=\"wp-caption aligncenter\" aria-describedby=\"caption-attachment-2575\"><a href=\"https:\/\/oqitop.com\/fr\/produits\/mousse-metallique\/cobalt-foamhttps%3a\/\/oqitop.com\/produits\/mousse-metallique\/cobalt-foam\/\"><img loading=\"lazy\" decoding=\"async\" class=\"wp-image-2575 size-thumbnail\" title=\"Mousse de nickel \u00e0 haute conductivit\u00e9 pour la recherche sur les \u00e9lectrodes de batterie 8\" src=\"https:\/\/oqitop.com\/wp-content\/uploads\/2025\/12\/Cobalt-Foam-150x150.jpg\" sizes=\"(max-width: 150px) 100vw, 150px\" srcset=\"https:\/\/oqitop.com\/wp-content\/uploads\/2025\/12\/Cobalt-Foam-150x150.jpg 150w, https:\/\/oqitop.com\/wp-content\/uploads\/2025\/12\/Cobalt-Foam-300x300.jpg 300w, https:\/\/oqitop.com\/wp-content\/uploads\/2025\/12\/Cobalt-Foam-768x768.jpg 768w, https:\/\/oqitop.com\/wp-content\/uploads\/2025\/12\/Cobalt-Foam.jpg 800w\" alt=\"\" width=\"150\" height=\"150\" \/><\/a><figcaption id=\"caption-attachment-2575\" class=\"wp-caption-text\"><a href=\"https:\/\/oqitop.com\/fr\/produits\/mousse-metallique\/cobalt-foam\/\">Mousse de cobalt<\/a><\/figcaption><\/figure>\n<\/td>\n<\/tr>\n<\/tbody>\n<\/table>\n<\/div>\n<p class=\"table-responsive\"><strong>Nous fournissons une gamme vari\u00e9e de produits en mousse d'alliage sp\u00e9cialis\u00e9s et pouvons les personnaliser selon les sp\u00e9cifications du client.<img loading=\"lazy\" decoding=\"async\" class=\"aligncenter size-full wp-image-3221\" title=\"Feuille m\u00e9tallique en mousse d&#039;alliage de nickel-cuivre de haute puret\u00e9 1\" src=\"https:\/\/oqitop.com\/wp-content\/uploads\/2025\/12\/11111-4.jpg\" sizes=\"(max-width: 1024px) 100vw, 1024px\" srcset=\"https:\/\/oqitop.com\/wp-content\/uploads\/2025\/12\/11111-4.jpg 1024w, https:\/\/oqitop.com\/wp-content\/uploads\/2025\/12\/11111-4-300x139.jpg 300w, https:\/\/oqitop.com\/wp-content\/uploads\/2025\/12\/11111-4-768x357.jpg 768w\" alt=\"\" width=\"1024\" height=\"476\" \/><\/strong><img loading=\"lazy\" decoding=\"async\" class=\"aligncenter size-full wp-image-3369\" title=\"Mousse m\u00e9tallique de haute qualit\u00e9 SS\/Al\/Ni\/Fe\/Cu\/Ti Mousse personnalis\u00e9e 1\" src=\"https:\/\/oqitop.com\/wp-content\/uploads\/2025\/12\/1111111.webp.jpg\" sizes=\"(max-width: 1024px) 100vw, 1024px\" srcset=\"https:\/\/oqitop.com\/wp-content\/uploads\/2025\/12\/1111111.webp.jpg 1024w, https:\/\/oqitop.com\/wp-content\/uploads\/2025\/12\/1111111.webp-300x122.jpg 300w, https:\/\/oqitop.com\/wp-content\/uploads\/2025\/12\/1111111.webp-768x311.jpg 768w\" alt=\"\" width=\"1024\" height=\"415\" \/><img loading=\"lazy\" decoding=\"async\" class=\"aligncenter size-full wp-image-3370\" title=\"Mousse m\u00e9tallique de haute qualit\u00e9 SS\/Al\/Ni\/Fe\/Cu\/Ti Mousse personnalis\u00e9e 2\" src=\"https:\/\/oqitop.com\/wp-content\/uploads\/2025\/12\/55555-8.jpg\" sizes=\"(max-width: 1024px) 100vw, 1024px\" srcset=\"https:\/\/oqitop.com\/wp-content\/uploads\/2025\/12\/55555-8.jpg 1024w, https:\/\/oqitop.com\/wp-content\/uploads\/2025\/12\/55555-8-300x198.jpg 300w, https:\/\/oqitop.com\/wp-content\/uploads\/2025\/12\/55555-8-768x508.jpg 768w\" alt=\"\" width=\"1024\" height=\"677\" \/><\/p>","protected":false},"featured_media":4224,"template":"","meta":{"_acf_changed":false,"site-sidebar-layout":"default","site-content-layout":"","ast-site-content-layout":"default","site-content-style":"default","site-sidebar-style":"default","ast-global-header-display":"","ast-banner-title-visibility":"","ast-main-header-display":"","ast-hfb-above-header-display":"","ast-hfb-below-header-display":"","ast-hfb-mobile-header-display":"","site-post-title":"","ast-breadcrumbs-content":"","ast-featured-img":"","footer-sml-layout":"","theme-transparent-header-meta":"default","adv-header-id-meta":"","stick-header-meta":"default","header-above-stick-meta":"","header-main-stick-meta":"","header-below-stick-meta":"","astra-migrate-meta-layouts":"set","ast-page-background-enabled":"default","ast-page-background-meta":{"desktop":{"background-color":"var(--ast-global-color-4)","background-image":"","background-repeat":"repeat","background-position":"center center","background-size":"auto","background-attachment":"scroll","background-type":"","background-media":"","overlay-type":"","overlay-color":"","overlay-opacity":"","overlay-gradient":""},"tablet":{"background-color":"","background-image":"","background-repeat":"repeat","background-position":"center center","background-size":"auto","background-attachment":"scroll","background-type":"","background-media":"","overlay-type":"","overlay-color":"","overlay-opacity":"","overlay-gradient":""},"mobile":{"background-color":"","background-image":"","background-repeat":"repeat","background-position":"center center","background-size":"auto","background-attachment":"scroll","background-type":"","background-media":"","overlay-type":"","overlay-color":"","overlay-opacity":"","overlay-gradient":""}},"ast-content-background-meta":{"desktop":{"background-color":"var(--ast-global-color-5)","background-image":"","background-repeat":"repeat","background-position":"center center","background-size":"auto","background-attachment":"scroll","background-type":"","background-media":"","overlay-type":"","overlay-color":"","overlay-opacity":"","overlay-gradient":""},"tablet":{"background-color":"var(--ast-global-color-5)","background-image":"","background-repeat":"repeat","background-position":"center center","background-size":"auto","background-attachment":"scroll","background-type":"","background-media":"","overlay-type":"","overlay-color":"","overlay-opacity":"","overlay-gradient":""},"mobile":{"background-color":"var(--ast-global-color-5)","background-image":"","background-repeat":"repeat","background-position":"center center","background-size":"auto","background-attachment":"scroll","background-type":"","background-media":"","overlay-type":"","overlay-color":"","overlay-opacity":"","overlay-gradient":""}}},"tags":[],"products":[215,200],"class_list":["post-4223","product","type-product","status-publish","has-post-thumbnail","hentry","products-customized-foam","products-metal-foam"],"acf":[],"_links":{"self":[{"href":"https:\/\/oqitop.com\/fr\/wp-json\/wp\/v2\/product\/4223","targetHints":{"allow":["GET"]}}],"collection":[{"href":"https:\/\/oqitop.com\/fr\/wp-json\/wp\/v2\/product"}],"about":[{"href":"https:\/\/oqitop.com\/fr\/wp-json\/wp\/v2\/types\/product"}],"wp:featuredmedia":[{"embeddable":true,"href":"https:\/\/oqitop.com\/fr\/wp-json\/wp\/v2\/media\/4224"}],"wp:attachment":[{"href":"https:\/\/oqitop.com\/fr\/wp-json\/wp\/v2\/media?parent=4223"}],"wp:term":[{"taxonomy":"post_tag","embeddable":true,"href":"https:\/\/oqitop.com\/fr\/wp-json\/wp\/v2\/tags?post=4223"},{"taxonomy":"products","embeddable":true,"href":"https:\/\/oqitop.com\/fr\/wp-json\/wp\/v2\/products?post=4223"}],"curies":[{"name":"wp","href":"https:\/\/api.w.org\/{rel}","templated":true}]}}