 {"id":4308,"date":"2025-12-24T14:55:04","date_gmt":"2025-12-24T06:55:04","guid":{"rendered":"https:\/\/oqitop.com\/?post_type=product&#038;p=4308"},"modified":"2026-01-15T10:43:31","modified_gmt":"2026-01-15T02:43:31","slug":"free-cutting-profiled-nickel-foam-production-manufacturer","status":"publish","type":"product","link":"https:\/\/oqitop.com\/fr\/produit\/free-cutting-profiled-nickel-foam-production-manufacturer\/","title":{"rendered":"Fabricant de mousse de nickel profil\u00e9e \u00e0 coupe libre"},"content":{"rendered":"<h3 style=\"text-align: center;\"><span style=\"color: #ff0000;\">Fabricant de mousse de nickel profil\u00e9e \u00e0 coupe libre<\/span><\/h3>\n<p><iframe src=\"https:\/\/www.youtube.com\/embed\/IpxhitaNDiQ?rel=0\" allowfullscreen=\"allowfullscreen\" data-mce-fragment=\"1\"><span data-mce-type=\"bookmark\" style=\"display: inline-block; width: 0px; overflow: hidden; line-height: 0;\" class=\"mce_SELRES_start\"><\/span><span data-mce-type=\"bookmark\" style=\"display: inline-block; width: 0px; overflow: hidden; line-height: 0;\" class=\"mce_SELRES_start\"><\/span><\/iframe><\/p>\n<p><b><strong>Introduction<\/strong><\/b><\/p>\n<p><span style=\"font-style: inherit;\"><a href=\"https:\/\/oqitop.com\/fr\/produits\/mousse-metallique\/mousse-de-nickel\/\"><b><strong>Ni Foam pro<\/strong><\/b><b><strong>duct<\/strong><\/b><\/a>\u00a0is composed by\u00a0pure Nickel. Product shows\u00a0excellent properties of corrosion\u00a0resistance and hardness.\u00a0<\/span><\/p>\n<p><span style=\"font-style: inherit;\">Usefulness:\u00a0(Various shapes can be produced)<\/span><\/p>\n<ol>\n<li><span style=\"font-style: inherit;\"> Used as the\u00a0base plate\/substrateofpositive electrode in Ni-MH \/ Ni-Cd battery, Supercapacitor.<\/span><\/li>\n<li><span style=\"font-style: inherit;\">Filtration materials of air \/ oil \/ smoke etc.<\/span><\/li>\n<li><span style=\"font-style: inherit;\"> Porous electrode in\u00a0Galvano-Chemistry Engineering.<\/span><\/li>\n<li><span style=\"font-style: inherit;\">Elimination of heat.<\/span><\/li>\n<li><span style=\"font-style: inherit;\">Amortization materials.<\/span><\/li>\n<li><span style=\"font-style: inherit;\">Noise-Absorbing and Vibration-Absorbing materials.<\/span><\/li>\n<li><span style=\"font-style: inherit;\">Electromagnetic shielding materials.<\/span><\/li>\n<li><span style=\"font-style: inherit;\">Catalyst carrier.<\/span><\/li>\n<li><span style=\"font-style: inherit;\">Precious metal recovery.<\/span><\/li>\n<\/ol>\n<p><span style=\"font-style: inherit;\"><b><strong>Sp\u00e9cifications<\/strong><\/b><\/span><\/p>\n<table>\n<tbody>\n<tr>\n<td width=\"342\">Type<\/td>\n<td width=\"870\">Cellule ouverte<\/td>\n<\/tr>\n<tr>\n<td width=\"342\">Puret\u00e9<\/td>\n<td width=\"870\">&gt; 99,99%<\/td>\n<\/tr>\n<tr>\n<td width=\"342\">Formulaire<\/td>\n<td width=\"870\">Feuille ou rouleau, selon la taille et l'\u00e9paisseur<\/td>\n<\/tr>\n<tr>\n<td width=\"342\">Taille des cellules (PPI)<\/td>\n<td width=\"870\">5-1300 PPI, selon la demande<\/td>\n<\/tr>\n<tr>\n<td width=\"342\">\u00c9paisseur<\/td>\n<td width=\"870\">Standard : 0,08-30 mm<\/td>\n<\/tr>\n<tr>\n<td width=\"342\">Taille et forme<\/td>\n<td width=\"870\">Standard : 500*500 mm\/200*300 mm ; peut \u00eatre fabriqu\u00e9 dans diff\u00e9rentes formes selon la demande.<\/td>\n<\/tr>\n<tr>\n<td width=\"342\">Porosit\u00e9<\/td>\n<td width=\"870\">95%-98%<\/td>\n<\/tr>\n<tr>\n<td width=\"342\">Taux de cellules ouvertes<\/td>\n<td width=\"870\">\u226598 %<\/td>\n<\/tr>\n<tr>\n<td width=\"342\">Densit\u00e9 volumique<\/td>\n<td width=\"870\">&gt;0,1 g\/cm3, selon demande<\/td>\n<\/tr>\n<tr>\n<td width=\"342\">Densit\u00e9 de surface<\/td>\n<td width=\"870\">200-3500 g\/m\u00a0<sup>2<\/sup>, conform\u00e9ment \u00e0 la demande<\/p>\n<p>Standard : 320 \u00b1 20 g\/m<sup>2<\/sup><\/td>\n<\/tr>\n<tr>\n<td width=\"342\">Conductivit\u00e9 thermique (th\u00e9orique)<\/td>\n<td width=\"870\">&gt; 3 W\/K<\/td>\n<\/tr>\n<tr>\n<td width=\"342\">R\u00e9sistance m\u00e9canique (th\u00e9orique)<\/td>\n<td width=\"870\">\u22652~7 MPa<\/td>\n<\/tr>\n<tr>\n<td width=\"342\">R\u00e9sistance moyenne \u00e0 la traction (N\/20 mm)<\/td>\n<td width=\"870\">Vertical \u2265 30, horizontal \u2265 25<\/td>\n<\/tr>\n<tr>\n<td width=\"342\">R\u00e9sistance \u00e0 la temp\u00e9rature (th\u00e9orique)<\/td>\n<td width=\"870\">\u2265500 \u00b0C, selon demande<\/td>\n<\/tr>\n<tr>\n<td width=\"342\">Apparence<\/td>\n<td width=\"870\">Gris argent\u00e9, sans d\u00e9fauts tels que taches noires, trous borgnes, trous traversants, fissures, etc.<\/td>\n<\/tr>\n<tr>\n<td width=\"342\">Composition chimique<\/td>\n<td width=\"870\">Ni : \u226599,5% Fe\u22640,020% C\u22640,030% P\u22640,010%  S\u22640,008%  Si\u22640,005% Cu\u22640,010%<\/td>\n<\/tr>\n<tr>\n<td rowspan=\"2\" width=\"342\">Efficacit\u00e9 du blindage<\/td>\n<td width=\"870\">200 kHz<\/td>\n<\/tr>\n<tr>\n<td width=\"870\">40 dB \u00e0 50 dB<\/td>\n<\/tr>\n<tr>\n<td width=\"342\">Flexibilit\u00e9<\/td>\n<td width=\"870\">Vertical \u2265 5, horizontal \u2265 15<\/td>\n<\/tr>\n<tr>\n<td width=\"342\">Taux d'allongement (%)<\/td>\n<td width=\"870\">Vertical \u2265 5, horizontal \u2265 10<\/td>\n<\/tr>\n<tr>\n<td width=\"342\">R\u00e9sistivit\u00e9 \u00e9lectrique (m \u03a9\/100 * 10 m)<sup>2<\/sup>)<\/td>\n<td width=\"870\">Vertical \u2264 65, horizontal \u2264 85<\/td>\n<\/tr>\n<\/tbody>\n<\/table>\n<p style=\"font-weight: 400;\"><b><strong>Dimension\u00a0(Thickness* Length*Width)<\/strong><\/b><\/p>\n<table>\n<tbody>\n<tr>\n<td width=\"161\">0,08 mm \u00d7 300 mm \u00d7 200 mm<\/td>\n<td width=\"161\">0,2 mm \u00d7 200 mm \u00d7 300 mm<\/td>\n<td width=\"242\">0,3 mm * 200 mm * 300 mm<\/td>\n<\/tr>\n<tr>\n<td width=\"161\">0,5 mm \u00d7 200 mm \u00d7 300 mm<\/td>\n<td width=\"161\">0,7 mm \u00d7 200 mm \u00d7 300 mm<\/td>\n<td width=\"242\">0,9 mm \u00d7 200 mm \u00d7 300 mm<\/td>\n<\/tr>\n<tr>\n<td width=\"161\">1,0 mm \u00d7 200 mm \u00d7 300 mm<\/td>\n<td width=\"161\">1,3 mm \u00d7 200 mm \u00d7 300 mm<\/td>\n<td width=\"242\">1,5 mm \u00d7 200 mm \u00d7 300 mm<\/td>\n<\/tr>\n<tr>\n<td width=\"161\">1,7 mm \u00d7 200 mm \u00d7 300 mm<\/td>\n<td width=\"161\">2,0 mm \u00d7 200 mm \u00d7 300 mm<\/td>\n<td width=\"242\">5 mm \u00d7 200 mm \u00d7 300 mm<\/td>\n<\/tr>\n<tr>\n<td width=\"161\">10 mm \u00d7 200 mm \u00d7 300 mm<\/td>\n<td width=\"161\">30 mm \u00d7 200 mm \u00d7 300 mm<\/td>\n<td width=\"242\"><b><strong>La taille peut \u00eatre personnalis\u00e9e.<\/strong><\/b><\/td>\n<\/tr>\n<\/tbody>\n<\/table>\n<p style=\"font-weight: 400;\"><b><strong>Pour personnaliser diff\u00e9rentes mousses m\u00e9talliques, veuillez cliquer sur l'image ci-dessous pour plus de d\u00e9tails :<\/strong><\/b><\/p>\n<table style=\"font-weight: 400;\">\n<tbody>\n<tr>\n<td>\n<p><figure id=\"attachment_2567\" aria-describedby=\"caption-attachment-2567\" style=\"width: 150px\" class=\"wp-caption aligncenter\"><a href=\"https:\/\/oqitop.com\/fr\/produits\/mousse-metallique\/copper-foam\/\"><img decoding=\"async\" class=\"wp-image-2567 size-thumbnail\" src=\"https:\/\/oqitop.com\/wp-content\/uploads\/2025\/12\/Copper-Foam-150x150.jpg\" alt=\"\" width=\"150\" height=\"150\" title=\"\" srcset=\"https:\/\/oqitop.com\/wp-content\/uploads\/2025\/12\/Copper-Foam-150x150.jpg 150w, https:\/\/oqitop.com\/wp-content\/uploads\/2025\/12\/Copper-Foam-300x300.jpg 300w, https:\/\/oqitop.com\/wp-content\/uploads\/2025\/12\/Copper-Foam.jpg 600w\" sizes=\"(max-width: 150px) 100vw, 150px\" \/><\/a><figcaption id=\"caption-attachment-2567\" class=\"wp-caption-text\"><a href=\"https:\/\/oqitop.com\/fr\/produits\/mousse-metallique\/copper-foam\/\">Mousse de cuivre<\/a><\/figcaption><\/figure><\/td>\n<td>\n<p><figure id=\"attachment_2568\" aria-describedby=\"caption-attachment-2568\" style=\"width: 150px\" class=\"wp-caption aligncenter\"><a href=\"https:\/\/oqitop.com\/fr\/produits\/mousse-metallique\/mousse-de-nickel\/\"><img decoding=\"async\" class=\"wp-image-2568 size-thumbnail\" src=\"https:\/\/oqitop.com\/wp-content\/uploads\/2025\/12\/Nickel-Foam-150x150.png\" alt=\"\" width=\"150\" height=\"150\" title=\"\" srcset=\"https:\/\/oqitop.com\/wp-content\/uploads\/2025\/12\/Nickel-Foam-150x150.png 150w, https:\/\/oqitop.com\/wp-content\/uploads\/2025\/12\/Nickel-Foam-300x300.png 300w, https:\/\/oqitop.com\/wp-content\/uploads\/2025\/12\/Nickel-Foam.png 500w\" sizes=\"(max-width: 150px) 100vw, 150px\" \/><\/a><figcaption id=\"caption-attachment-2568\" class=\"wp-caption-text\"><a href=\"https:\/\/oqitop.com\/fr\/produits\/mousse-metallique\/mousse-de-nickel\/\">Mousse de nickel<\/a><\/figcaption><\/figure><\/td>\n<td>\n<p><figure id=\"attachment_2569\" aria-describedby=\"caption-attachment-2569\" style=\"width: 150px\" class=\"wp-caption aligncenter\"><a href=\"https:\/\/oqitop.com\/fr\/produits\/mousse-metallique\/mousse-de-titane\/\"><img decoding=\"async\" class=\"wp-image-2569 size-thumbnail\" src=\"https:\/\/oqitop.com\/wp-content\/uploads\/2025\/12\/Ti-Foam-150x150.png\" alt=\"\" width=\"150\" height=\"150\" title=\"\" srcset=\"https:\/\/oqitop.com\/wp-content\/uploads\/2025\/12\/Ti-Foam-150x150.png 150w, https:\/\/oqitop.com\/wp-content\/uploads\/2025\/12\/Ti-Foam-300x300.png 300w, https:\/\/oqitop.com\/wp-content\/uploads\/2025\/12\/Ti-Foam.png 500w\" sizes=\"(max-width: 150px) 100vw, 150px\" \/><\/a><figcaption id=\"caption-attachment-2569\" class=\"wp-caption-text\"><a href=\"https:\/\/oqitop.com\/fr\/produits\/mousse-metallique\/mousse-de-titane\/\">Ti Mousse<\/a><\/figcaption><\/figure><\/td>\n<td>\n<p><figure id=\"attachment_2571\" aria-describedby=\"caption-attachment-2571\" style=\"width: 150px\" class=\"wp-caption aligncenter\"><a href=\"https:\/\/oqitop.com\/fr\/produits\/mousse-metallique\/aluminum-foam\/\"><img loading=\"lazy\" decoding=\"async\" class=\"wp-image-2571 size-thumbnail\" src=\"https:\/\/oqitop.com\/wp-content\/uploads\/2025\/12\/Aluminum-Foam-1-150x150.png\" alt=\"\" width=\"150\" height=\"150\" title=\"\" srcset=\"https:\/\/oqitop.com\/wp-content\/uploads\/2025\/12\/Aluminum-Foam-1-150x150.png 150w, https:\/\/oqitop.com\/wp-content\/uploads\/2025\/12\/Aluminum-Foam-1-300x300.png 300w, https:\/\/oqitop.com\/wp-content\/uploads\/2025\/12\/Aluminum-Foam-1.png 529w\" sizes=\"(max-width: 150px) 100vw, 150px\" \/><\/a><figcaption id=\"caption-attachment-2571\" class=\"wp-caption-text\"><a href=\"https:\/\/oqitop.com\/fr\/produits\/mousse-metallique\/aluminum-foam\/\">Mousse d'aluminium<\/a><\/figcaption><\/figure><\/td>\n<\/tr>\n<tr>\n<td>\n<p><figure id=\"attachment_2572\" aria-describedby=\"caption-attachment-2572\" style=\"width: 150px\" class=\"wp-caption aligncenter\"><a href=\"https:\/\/oqitop.com\/fr\/produits\/mousse-metallique\/iron-nickel-foam\/\"><img loading=\"lazy\" decoding=\"async\" class=\"wp-image-2572 size-thumbnail\" src=\"https:\/\/oqitop.com\/wp-content\/uploads\/2025\/12\/Iron-Nickel-Foam-150x150.jpg\" alt=\"\" width=\"150\" height=\"150\" title=\"\" srcset=\"https:\/\/oqitop.com\/wp-content\/uploads\/2025\/12\/Iron-Nickel-Foam-150x150.jpg 150w, https:\/\/oqitop.com\/wp-content\/uploads\/2025\/12\/Iron-Nickel-Foam-300x300.jpg 300w, https:\/\/oqitop.com\/wp-content\/uploads\/2025\/12\/Iron-Nickel-Foam.jpg 720w\" sizes=\"(max-width: 150px) 100vw, 150px\" \/><\/a><figcaption id=\"caption-attachment-2572\" class=\"wp-caption-text\"><a href=\"https:\/\/oqitop.com\/fr\/produits\/mousse-metallique\/iron-nickel-foam\/\">Mousse de fer-nickel<\/a><\/figcaption><\/figure><\/td>\n<td>\n<p><figure id=\"attachment_2573\" aria-describedby=\"caption-attachment-2573\" style=\"width: 150px\" class=\"wp-caption aligncenter\"><a href=\"https:\/\/oqitop.com\/fr\/produits\/mousse-metallique\/carbon-foam\/\"><img loading=\"lazy\" decoding=\"async\" class=\"wp-image-2573 size-thumbnail\" src=\"https:\/\/oqitop.com\/wp-content\/uploads\/2025\/12\/Carbon-Foam-150x150.png\" alt=\"\" width=\"150\" height=\"150\" title=\"\" srcset=\"https:\/\/oqitop.com\/wp-content\/uploads\/2025\/12\/Carbon-Foam-150x150.png 150w, https:\/\/oqitop.com\/wp-content\/uploads\/2025\/12\/Carbon-Foam-300x300.png 300w, https:\/\/oqitop.com\/wp-content\/uploads\/2025\/12\/Carbon-Foam-768x768.png 768w, https:\/\/oqitop.com\/wp-content\/uploads\/2025\/12\/Carbon-Foam.png 1000w\" sizes=\"(max-width: 150px) 100vw, 150px\" \/><\/a><figcaption id=\"caption-attachment-2573\" class=\"wp-caption-text\"><a href=\"https:\/\/oqitop.com\/fr\/produits\/mousse-metallique\/carbon-foam\/\">Mousse de carbone<\/a><\/figcaption><\/figure><\/td>\n<td>\n<p><figure id=\"attachment_2574\" aria-describedby=\"caption-attachment-2574\" style=\"width: 150px\" class=\"wp-caption aligncenter\"><a href=\"https:\/\/oqitop.com\/fr\/produits\/mousse-metallique\/silver-foam\/\"><img loading=\"lazy\" decoding=\"async\" class=\"wp-image-2574 size-thumbnail\" src=\"https:\/\/oqitop.com\/wp-content\/uploads\/2025\/12\/Silver-Foam-150x150.jpg\" alt=\"\" width=\"150\" height=\"150\" title=\"\" srcset=\"https:\/\/oqitop.com\/wp-content\/uploads\/2025\/12\/Silver-Foam-150x150.jpg 150w, https:\/\/oqitop.com\/wp-content\/uploads\/2025\/12\/Silver-Foam-300x300.jpg 300w, https:\/\/oqitop.com\/wp-content\/uploads\/2025\/12\/Silver-Foam.jpg 726w\" sizes=\"(max-width: 150px) 100vw, 150px\" \/><\/a><figcaption id=\"caption-attachment-2574\" class=\"wp-caption-text\"><a href=\"https:\/\/oqitop.com\/fr\/produits\/mousse-metallique\/silver-foam\/\">Mousse argent\u00e9e<\/a><\/figcaption><\/figure><\/td>\n<td>\n<p><figure id=\"attachment_2575\" aria-describedby=\"caption-attachment-2575\" style=\"width: 150px\" class=\"wp-caption aligncenter\"><a href=\"https:\/\/oqitop.com\/fr\/produits\/mousse-metallique\/cobalt-foamhttps%3a\/\/oqitop.com\/produits\/mousse-metallique\/cobalt-foam\/\"><img loading=\"lazy\" decoding=\"async\" class=\"wp-image-2575 size-thumbnail\" src=\"https:\/\/oqitop.com\/wp-content\/uploads\/2025\/12\/Cobalt-Foam-150x150.jpg\" alt=\"\" width=\"150\" height=\"150\" title=\"\" srcset=\"https:\/\/oqitop.com\/wp-content\/uploads\/2025\/12\/Cobalt-Foam-150x150.jpg 150w, https:\/\/oqitop.com\/wp-content\/uploads\/2025\/12\/Cobalt-Foam-300x300.jpg 300w, https:\/\/oqitop.com\/wp-content\/uploads\/2025\/12\/Cobalt-Foam-768x768.jpg 768w, https:\/\/oqitop.com\/wp-content\/uploads\/2025\/12\/Cobalt-Foam.jpg 800w\" sizes=\"(max-width: 150px) 100vw, 150px\" \/><\/a><figcaption id=\"caption-attachment-2575\" class=\"wp-caption-text\"><a href=\"https:\/\/oqitop.com\/fr\/produits\/mousse-metallique\/cobalt-foam\/\">Mousse de cobalt<\/a><\/figcaption><\/figure><\/td>\n<\/tr>\n<\/tbody>\n<\/table>\n<p><img loading=\"lazy\" decoding=\"async\" class=\"alignnone wp-image-2548 size-full\" src=\"https:\/\/oqitop.com\/wp-content\/uploads\/2025\/12\/c8cdd1a6-2243-4792-afbe-1cf169cd76bd1.jpg\" alt=\"Feuille de mousse m\u00e9tallique en nickel Ni poreux \u00e0 haute porosit\u00e9\" width=\"1600\" height=\"1385\" title=\"\" srcset=\"https:\/\/oqitop.com\/wp-content\/uploads\/2025\/12\/c8cdd1a6-2243-4792-afbe-1cf169cd76bd1.jpg 1600w, https:\/\/oqitop.com\/wp-content\/uploads\/2025\/12\/c8cdd1a6-2243-4792-afbe-1cf169cd76bd1-300x260.jpg 300w, https:\/\/oqitop.com\/wp-content\/uploads\/2025\/12\/c8cdd1a6-2243-4792-afbe-1cf169cd76bd1-1024x886.jpg 1024w, https:\/\/oqitop.com\/wp-content\/uploads\/2025\/12\/c8cdd1a6-2243-4792-afbe-1cf169cd76bd1-768x665.jpg 768w, https:\/\/oqitop.com\/wp-content\/uploads\/2025\/12\/c8cdd1a6-2243-4792-afbe-1cf169cd76bd1-1536x1330.jpg 1536w\" sizes=\"(max-width: 1600px) 100vw, 1600px\" \/><\/p>\n<p><img loading=\"lazy\" decoding=\"async\" class=\"alignnone size-large wp-image-2549\" src=\"https:\/\/oqitop.com\/wp-content\/uploads\/2025\/12\/11-4-1024x1024.jpg\" alt=\"\" width=\"1024\" height=\"1024\" title=\"\" srcset=\"https:\/\/oqitop.com\/wp-content\/uploads\/2025\/12\/11-4-1024x1024.jpg 1024w, https:\/\/oqitop.com\/wp-content\/uploads\/2025\/12\/11-4-300x300.jpg 300w, https:\/\/oqitop.com\/wp-content\/uploads\/2025\/12\/11-4-150x150.jpg 150w, https:\/\/oqitop.com\/wp-content\/uploads\/2025\/12\/11-4-768x768.jpg 768w, https:\/\/oqitop.com\/wp-content\/uploads\/2025\/12\/11-4-1536x1536.jpg 1536w, https:\/\/oqitop.com\/wp-content\/uploads\/2025\/12\/11-4.jpg 1600w\" sizes=\"(max-width: 1024px) 100vw, 1024px\" \/> <img loading=\"lazy\" decoding=\"async\" class=\"alignnone size-large wp-image-2550\" src=\"https:\/\/oqitop.com\/wp-content\/uploads\/2025\/12\/22-2-1024x1024.jpg\" alt=\"\" width=\"1024\" height=\"1024\" title=\"\" srcset=\"https:\/\/oqitop.com\/wp-content\/uploads\/2025\/12\/22-2-1024x1024.jpg 1024w, https:\/\/oqitop.com\/wp-content\/uploads\/2025\/12\/22-2-300x300.jpg 300w, https:\/\/oqitop.com\/wp-content\/uploads\/2025\/12\/22-2-150x150.jpg 150w, https:\/\/oqitop.com\/wp-content\/uploads\/2025\/12\/22-2-768x768.jpg 768w, https:\/\/oqitop.com\/wp-content\/uploads\/2025\/12\/22-2-1536x1536.jpg 1536w, https:\/\/oqitop.com\/wp-content\/uploads\/2025\/12\/22-2.jpg 1600w\" sizes=\"(max-width: 1024px) 100vw, 1024px\" \/> <img loading=\"lazy\" decoding=\"async\" class=\"alignnone size-large wp-image-2551\" src=\"https:\/\/oqitop.com\/wp-content\/uploads\/2025\/12\/33-1-1024x1024.jpg\" alt=\"\" width=\"1024\" height=\"1024\" title=\"\" srcset=\"https:\/\/oqitop.com\/wp-content\/uploads\/2025\/12\/33-1-1024x1024.jpg 1024w, https:\/\/oqitop.com\/wp-content\/uploads\/2025\/12\/33-1-300x300.jpg 300w, https:\/\/oqitop.com\/wp-content\/uploads\/2025\/12\/33-1-150x150.jpg 150w, https:\/\/oqitop.com\/wp-content\/uploads\/2025\/12\/33-1-768x768.jpg 768w, https:\/\/oqitop.com\/wp-content\/uploads\/2025\/12\/33-1-1536x1536.jpg 1536w, https:\/\/oqitop.com\/wp-content\/uploads\/2025\/12\/33-1.jpg 1600w\" sizes=\"(max-width: 1024px) 100vw, 1024px\" \/> <img loading=\"lazy\" decoding=\"async\" class=\"alignnone size-large wp-image-2552\" src=\"https:\/\/oqitop.com\/wp-content\/uploads\/2025\/12\/44-1-1024x1024.jpg\" alt=\"\" width=\"1024\" height=\"1024\" title=\"\" srcset=\"https:\/\/oqitop.com\/wp-content\/uploads\/2025\/12\/44-1-1024x1024.jpg 1024w, https:\/\/oqitop.com\/wp-content\/uploads\/2025\/12\/44-1-300x300.jpg 300w, https:\/\/oqitop.com\/wp-content\/uploads\/2025\/12\/44-1-150x150.jpg 150w, https:\/\/oqitop.com\/wp-content\/uploads\/2025\/12\/44-1-768x768.jpg 768w, https:\/\/oqitop.com\/wp-content\/uploads\/2025\/12\/44-1-1536x1536.jpg 1536w, https:\/\/oqitop.com\/wp-content\/uploads\/2025\/12\/44-1.jpg 1600w\" sizes=\"(max-width: 1024px) 100vw, 1024px\" \/><\/p>\n<p><img loading=\"lazy\" decoding=\"async\" class=\"alignleft size-full wp-image-2566\" src=\"https:\/\/oqitop.com\/wp-content\/uploads\/2025\/12\/11111-1.jpg\" alt=\"\" width=\"1024\" height=\"677\" title=\"\" srcset=\"https:\/\/oqitop.com\/wp-content\/uploads\/2025\/12\/11111-1.jpg 1024w, https:\/\/oqitop.com\/wp-content\/uploads\/2025\/12\/11111-1-300x198.jpg 300w, https:\/\/oqitop.com\/wp-content\/uploads\/2025\/12\/11111-1-768x508.jpg 768w\" sizes=\"(max-width: 1024px) 100vw, 1024px\" \/><\/p>","protected":false},"featured_media":4309,"template":"","meta":{"_acf_changed":false,"site-sidebar-layout":"default","site-content-layout":"","ast-site-content-layout":"default","site-content-style":"default","site-sidebar-style":"default","ast-global-header-display":"","ast-banner-title-visibility":"","ast-main-header-display":"","ast-hfb-above-header-display":"","ast-hfb-below-header-display":"","ast-hfb-mobile-header-display":"","site-post-title":"","ast-breadcrumbs-content":"","ast-featured-img":"","footer-sml-layout":"","theme-transparent-header-meta":"default","adv-header-id-meta":"","stick-header-meta":"default","header-above-stick-meta":"","header-main-stick-meta":"","header-below-stick-meta":"","astra-migrate-meta-layouts":"set","ast-page-background-enabled":"default","ast-page-background-meta":{"desktop":{"background-color":"var(--ast-global-color-4)","background-image":"","background-repeat":"repeat","background-position":"center center","background-size":"auto","background-attachment":"scroll","background-type":"","background-media":"","overlay-type":"","overlay-color":"","overlay-opacity":"","overlay-gradient":""},"tablet":{"background-color":"","background-image":"","background-repeat":"repeat","background-position":"center center","background-size":"auto","background-attachment":"scroll","background-type":"","background-media":"","overlay-type":"","overlay-color":"","overlay-opacity":"","overlay-gradient":""},"mobile":{"background-color":"","background-image":"","background-repeat":"repeat","background-position":"center center","background-size":"auto","background-attachment":"scroll","background-type":"","background-media":"","overlay-type":"","overlay-color":"","overlay-opacity":"","overlay-gradient":""}},"ast-content-background-meta":{"desktop":{"background-color":"var(--ast-global-color-5)","background-image":"","background-repeat":"repeat","background-position":"center center","background-size":"auto","background-attachment":"scroll","background-type":"","background-media":"","overlay-type":"","overlay-color":"","overlay-opacity":"","overlay-gradient":""},"tablet":{"background-color":"var(--ast-global-color-5)","background-image":"","background-repeat":"repeat","background-position":"center center","background-size":"auto","background-attachment":"scroll","background-type":"","background-media":"","overlay-type":"","overlay-color":"","overlay-opacity":"","overlay-gradient":""},"mobile":{"background-color":"var(--ast-global-color-5)","background-image":"","background-repeat":"repeat","background-position":"center center","background-size":"auto","background-attachment":"scroll","background-type":"","background-media":"","overlay-type":"","overlay-color":"","overlay-opacity":"","overlay-gradient":""}}},"tags":[],"products":[200,201],"class_list":["post-4308","product","type-product","status-publish","has-post-thumbnail","hentry","products-metal-foam","products-nickel-foam"],"acf":[],"_links":{"self":[{"href":"https:\/\/oqitop.com\/fr\/wp-json\/wp\/v2\/product\/4308","targetHints":{"allow":["GET"]}}],"collection":[{"href":"https:\/\/oqitop.com\/fr\/wp-json\/wp\/v2\/product"}],"about":[{"href":"https:\/\/oqitop.com\/fr\/wp-json\/wp\/v2\/types\/product"}],"wp:featuredmedia":[{"embeddable":true,"href":"https:\/\/oqitop.com\/fr\/wp-json\/wp\/v2\/media\/4309"}],"wp:attachment":[{"href":"https:\/\/oqitop.com\/fr\/wp-json\/wp\/v2\/media?parent=4308"}],"wp:term":[{"taxonomy":"post_tag","embeddable":true,"href":"https:\/\/oqitop.com\/fr\/wp-json\/wp\/v2\/tags?post=4308"},{"taxonomy":"products","embeddable":true,"href":"https:\/\/oqitop.com\/fr\/wp-json\/wp\/v2\/products?post=4308"}],"curies":[{"name":"wp","href":"https:\/\/api.w.org\/{rel}","templated":true}]}}