 {"id":4469,"date":"2025-12-27T17:08:21","date_gmt":"2025-12-27T09:08:21","guid":{"rendered":"https:\/\/oqitop.com\/?post_type=product&#038;p=4469"},"modified":"2026-01-15T11:38:33","modified_gmt":"2026-01-15T03:38:33","slug":"high-quality-3d-graphene-foam-for-size-can-be-customized","status":"publish","type":"product","link":"https:\/\/oqitop.com\/fr\/high-quality-3d-graphene-foam-for-size-can-be-customized\/","title":{"rendered":"High Quality 3D Graphene Foam for Size Can be Customized"},"content":{"rendered":"<h3 style=\"text-align: center;\"><span style=\"color: #ff0000;\">High Quality 3D Graphene Foam for Size Can be Customized<\/span><\/h3>\n<p><iframe src=\"https:\/\/www.youtube.com\/embed\/w1Ce9A8_FYI?rel=0\" allowfullscreen=\"allowfullscreen\" data-mce-fragment=\"1\"><span data-mce-type=\"bookmark\" style=\"display: inline-block; width: 0px; overflow: hidden; line-height: 0;\" class=\"mce_SELRES_start\"><\/span><\/iframe><\/p>\n<p><b><span style=\"font-style: inherit; font-weight: inherit;\"><strong>Introduction<\/strong><\/span><\/b><\/p>\n<p><b><strong><a href=\"https:\/\/oqitop.com\/fr\/produits\/mousse-metallique\/graphene-foam\/\">The 3D Graphene Foam<\/a><\/strong><\/b>\u00a0is made via chemical vapor deposition (CVD) processing. In course of CVD fabrication of graphene hydrogen and methane gases are introduced into a furnace that heats to 1000\u00b0 Celsius. In the furnace is a nickel or copper film which captures a mono or multi-layer or graphene as the furnace is heated and the methane decomposes.<\/p>\n<p><span style=\"font-style: inherit; font-weight: inherit;\"><b><strong>Advantages<\/strong><\/b><\/span><\/p>\n<ol>\n<li style=\"font-weight: 400;\"><span style=\"font-style: inherit; font-weight: inherit;\"> It has good conductivity and is an excellent light porous conductive carrier.<\/span><\/li>\n<li style=\"font-weight: 400;\"><span style=\"font-style: inherit; font-weight: inherit;\"> On this substrate, we can grow a variety of oxide and hydroxide nanoarrays such as nickel oxide, cobalt oxide, cobalt trioxide, ferric oxide, cobalt hydroxide, nickel hydroxide, tungsten oxide, vanadium oxide, titanium oxide and so on.<\/span><\/li>\n<\/ol>\n<p style=\"font-weight: 400;\"><b><span style=\"font-style: inherit; font-weight: inherit;\">Sp\u00e9cifications<\/span><\/b><\/p>\n<table>\n<tbody>\n<tr>\n<td style=\"font-style: inherit;\" width=\"189\"><span style=\"font-weight: inherit;\">Sample size<\/span><\/td>\n<td style=\"font-style: inherit;\" width=\"318\"><span style=\"font-style: inherit; font-weight: inherit;\">100*100mm\u00a0<span style=\"font-weight: inherit;\">\u00a0<b><strong>\uff08<\/strong><\/b><\/span><span style=\"font-weight: inherit;\"><b><strong>can be customized\uff09<\/strong><\/b><\/span><\/span><\/td>\n<\/tr>\n<tr>\n<td style=\"font-style: inherit;\" width=\"189\"><span style=\"font-weight: inherit;\">\u00c9paisseur<\/span><\/td>\n<td style=\"font-style: inherit;\" width=\"318\"><span style=\"font-style: inherit; font-weight: inherit;\"><span style=\"font-weight: inherit;\">1.2 mm<\/span><span style=\"font-weight: inherit;\">-1.6mm<\/span><\/span><\/td>\n<\/tr>\n<tr>\n<td style=\"font-style: inherit;\" width=\"189\"><span style=\"font-weight: inherit;\">Density<\/span><\/td>\n<td style=\"font-style: inherit;\" width=\"318\"><span style=\"font-style: inherit; font-weight: inherit;\"><span style=\"font-weight: inherit;\">4 mg\/cm<\/span><span style=\"font-weight: inherit;\">3<\/span><\/span><\/td>\n<\/tr>\n<tr>\n<td style=\"font-style: inherit;\" width=\"189\"><span style=\"font-weight: inherit;\">Pore Size<\/span><\/td>\n<td style=\"font-style: inherit;\" width=\"318\"><span style=\"font-weight: inherit;\">580 microns<\/span><\/td>\n<\/tr>\n<tr>\n<td style=\"font-style: inherit;\" width=\"189\"><span style=\"font-weight: inherit;\">Packing<\/span><\/td>\n<td style=\"font-style: inherit;\" width=\"318\"><span style=\"font-style: inherit; font-weight: inherit;\"><span style=\"font-weight: inherit;\">\u00a0in sealed membrane box<\/span><span style=\"font-weight: inherit;\">\u00a0<\/span><\/span><\/td>\n<\/tr>\n<tr>\n<td>Surface density<\/td>\n<td>0.5-0.9 mg\/cm2.<\/td>\n<\/tr>\n<tr>\n<td>Size of branches<\/td>\n<td>50-200 microns<\/td>\n<\/tr>\n<tr>\n<td>Characteristic of\u00a0 large aperture<\/td>\n<td>200-500 microns.<\/td>\n<\/tr>\n<tr>\n<td>Thermal conductivity<\/td>\n<td>\uff1e6w\/(m2k)<\/td>\n<\/tr>\n<tr>\n<td>Standard PPI value<\/td>\n<td>110<\/td>\n<\/tr>\n<\/tbody>\n<\/table>\n<p><b style=\"font-style: inherit;\"><strong>Dimensions<\/strong><\/b><\/p>\n<table>\n<tbody>\n<tr>\n<td width=\"201\">0,1mm*200mm*300mm<\/td>\n<td width=\"193\">0,2 mm \u00d7 200 mm \u00d7 300 mm<\/td>\n<td width=\"198\">0,3 mm * 200 mm * 300 mm<\/td>\n<\/tr>\n<tr>\n<td width=\"201\">0.4mm*200mm*300mm<\/td>\n<td width=\"193\">0,5 mm \u00d7 200 mm \u00d7 300 mm<\/td>\n<td width=\"198\">0.6mm*200mm*300mm<\/td>\n<\/tr>\n<tr>\n<td width=\"201\">0,7 mm \u00d7 200 mm \u00d7 300 mm<\/td>\n<td width=\"193\">0,8 mm \u00d7 200 mm \u00d7 300 mm<\/td>\n<td width=\"198\">0,9 mm \u00d7 200 mm \u00d7 300 mm<\/td>\n<\/tr>\n<tr>\n<td width=\"201\">1 mm \u00d7 200 mm \u00d7 300 mm<\/td>\n<td width=\"193\">1.6mm*20mm*300mm<\/td>\n<td width=\"198\"><span style=\"color: #ff0000;\"><b><strong>La taille peut \u00eatre personnalis\u00e9e.<\/strong><\/b><\/span><\/td>\n<\/tr>\n<\/tbody>\n<\/table>\n<p><b><strong>Pour personnaliser diff\u00e9rentes mousses m\u00e9talliques, veuillez cliquer sur l'image ci-dessous pour plus de d\u00e9tails :<\/strong><\/b><\/p>\n<table>\n<tbody>\n<tr>\n<td>&nbsp;<\/p>\n<figure id=\"attachment_2567\" class=\"wp-caption aligncenter\" aria-describedby=\"caption-attachment-2567\"><a href=\"https:\/\/oqitop.com\/fr\/produits\/mousse-metallique\/copper-foam\/\"><img decoding=\"async\" class=\"wp-image-2567 size-thumbnail\" title=\"Mousse de nickel \u00e0 haute conductivit\u00e9 pour la recherche sur les \u00e9lectrodes de batterie 1\" src=\"https:\/\/oqitop.com\/wp-content\/uploads\/2025\/12\/Copper-Foam-150x150.jpg\" sizes=\"(max-width: 150px) 100vw, 150px\" srcset=\"https:\/\/oqitop.com\/wp-content\/uploads\/2025\/12\/Copper-Foam-150x150.jpg 150w, https:\/\/oqitop.com\/wp-content\/uploads\/2025\/12\/Copper-Foam-300x300.jpg 300w, https:\/\/oqitop.com\/wp-content\/uploads\/2025\/12\/Copper-Foam.jpg 600w\" alt=\"\" width=\"150\" height=\"150\" \/><\/a><figcaption id=\"caption-attachment-2567\" class=\"wp-caption-text\"><a href=\"https:\/\/oqitop.com\/fr\/produits\/mousse-metallique\/copper-foam\/\">Mousse de cuivre<\/a><\/figcaption><\/figure>\n<\/td>\n<td>&nbsp;<\/p>\n<figure id=\"attachment_2568\" class=\"wp-caption aligncenter\" aria-describedby=\"caption-attachment-2568\"><a href=\"https:\/\/oqitop.com\/fr\/produits\/mousse-metallique\/mousse-de-nickel\/\"><img decoding=\"async\" class=\"wp-image-2568 size-thumbnail\" title=\"Mousse de nickel \u00e0 haute conductivit\u00e9 pour la recherche sur les \u00e9lectrodes de batterie 2\" src=\"https:\/\/oqitop.com\/wp-content\/uploads\/2025\/12\/Nickel-Foam-150x150.png\" sizes=\"(max-width: 150px) 100vw, 150px\" srcset=\"https:\/\/oqitop.com\/wp-content\/uploads\/2025\/12\/Nickel-Foam-150x150.png 150w, https:\/\/oqitop.com\/wp-content\/uploads\/2025\/12\/Nickel-Foam-300x300.png 300w, https:\/\/oqitop.com\/wp-content\/uploads\/2025\/12\/Nickel-Foam.png 500w\" alt=\"\" width=\"150\" height=\"150\" \/><\/a><figcaption id=\"caption-attachment-2568\" class=\"wp-caption-text\"><a href=\"https:\/\/oqitop.com\/fr\/produits\/mousse-metallique\/mousse-de-nickel\/\">Mousse de nickel<\/a><\/figcaption><\/figure>\n<\/td>\n<td>&nbsp;<\/p>\n<figure id=\"attachment_2569\" class=\"wp-caption aligncenter\" aria-describedby=\"caption-attachment-2569\"><a href=\"https:\/\/oqitop.com\/fr\/produits\/mousse-metallique\/mousse-de-titane\/\"><img decoding=\"async\" class=\"wp-image-2569 size-thumbnail\" title=\"Mousse de nickel \u00e0 haute conductivit\u00e9 pour la recherche sur les \u00e9lectrodes de batterie 3\" src=\"https:\/\/oqitop.com\/wp-content\/uploads\/2025\/12\/Ti-Foam-150x150.png\" sizes=\"(max-width: 150px) 100vw, 150px\" srcset=\"https:\/\/oqitop.com\/wp-content\/uploads\/2025\/12\/Ti-Foam-150x150.png 150w, https:\/\/oqitop.com\/wp-content\/uploads\/2025\/12\/Ti-Foam-300x300.png 300w, https:\/\/oqitop.com\/wp-content\/uploads\/2025\/12\/Ti-Foam.png 500w\" alt=\"\" width=\"150\" height=\"150\" \/><\/a><figcaption id=\"caption-attachment-2569\" class=\"wp-caption-text\"><a href=\"https:\/\/oqitop.com\/fr\/produits\/mousse-metallique\/mousse-de-titane\/\">Ti Mousse<\/a><\/figcaption><\/figure>\n<\/td>\n<td>&nbsp;<\/p>\n<figure id=\"attachment_2571\" class=\"wp-caption aligncenter\" aria-describedby=\"caption-attachment-2571\"><a href=\"https:\/\/oqitop.com\/fr\/produits\/mousse-metallique\/aluminum-foam\/\"><img loading=\"lazy\" decoding=\"async\" class=\"wp-image-2571 size-thumbnail\" title=\"Mousse de nickel \u00e0 haute conductivit\u00e9 pour la recherche sur les \u00e9lectrodes de batterie 4\" src=\"https:\/\/oqitop.com\/wp-content\/uploads\/2025\/12\/Aluminum-Foam-1-150x150.png\" sizes=\"(max-width: 150px) 100vw, 150px\" srcset=\"https:\/\/oqitop.com\/wp-content\/uploads\/2025\/12\/Aluminum-Foam-1-150x150.png 150w, https:\/\/oqitop.com\/wp-content\/uploads\/2025\/12\/Aluminum-Foam-1-300x300.png 300w, https:\/\/oqitop.com\/wp-content\/uploads\/2025\/12\/Aluminum-Foam-1.png 529w\" alt=\"\" width=\"150\" height=\"150\" \/><\/a><figcaption id=\"caption-attachment-2571\" class=\"wp-caption-text\"><a href=\"https:\/\/oqitop.com\/fr\/produits\/mousse-metallique\/aluminum-foam\/\">Mousse d'aluminium<\/a><\/figcaption><\/figure>\n<\/td>\n<\/tr>\n<tr>\n<td>&nbsp;<\/p>\n<figure id=\"attachment_2572\" class=\"wp-caption aligncenter\" aria-describedby=\"caption-attachment-2572\"><a href=\"https:\/\/oqitop.com\/fr\/produits\/mousse-metallique\/iron-nickel-foam\/\"><img loading=\"lazy\" decoding=\"async\" class=\"wp-image-2572 size-thumbnail\" title=\"Mousse de nickel \u00e0 haute conductivit\u00e9 pour la recherche sur les \u00e9lectrodes de batterie 5\" src=\"https:\/\/oqitop.com\/wp-content\/uploads\/2025\/12\/Iron-Nickel-Foam-150x150.jpg\" sizes=\"(max-width: 150px) 100vw, 150px\" srcset=\"https:\/\/oqitop.com\/wp-content\/uploads\/2025\/12\/Iron-Nickel-Foam-150x150.jpg 150w, https:\/\/oqitop.com\/wp-content\/uploads\/2025\/12\/Iron-Nickel-Foam-300x300.jpg 300w, https:\/\/oqitop.com\/wp-content\/uploads\/2025\/12\/Iron-Nickel-Foam.jpg 720w\" alt=\"\" width=\"150\" height=\"150\" \/><\/a><figcaption id=\"caption-attachment-2572\" class=\"wp-caption-text\"><a href=\"https:\/\/oqitop.com\/fr\/produits\/mousse-metallique\/iron-nickel-foam\/\">Mousse de fer-nickel<\/a><\/figcaption><\/figure>\n<\/td>\n<td>&nbsp;<\/p>\n<figure id=\"attachment_2573\" class=\"wp-caption aligncenter\" aria-describedby=\"caption-attachment-2573\"><a href=\"https:\/\/oqitop.com\/fr\/produits\/mousse-metallique\/carbon-foam\/\"><img loading=\"lazy\" decoding=\"async\" class=\"wp-image-2573 size-thumbnail\" title=\"Mousse de nickel \u00e0 haute conductivit\u00e9 pour la recherche sur les \u00e9lectrodes de batterie 6\" src=\"https:\/\/oqitop.com\/wp-content\/uploads\/2025\/12\/Carbon-Foam-150x150.png\" sizes=\"(max-width: 150px) 100vw, 150px\" srcset=\"https:\/\/oqitop.com\/wp-content\/uploads\/2025\/12\/Carbon-Foam-150x150.png 150w, https:\/\/oqitop.com\/wp-content\/uploads\/2025\/12\/Carbon-Foam-300x300.png 300w, https:\/\/oqitop.com\/wp-content\/uploads\/2025\/12\/Carbon-Foam-768x768.png 768w, https:\/\/oqitop.com\/wp-content\/uploads\/2025\/12\/Carbon-Foam.png 1000w\" alt=\"\" width=\"150\" height=\"150\" \/><\/a><figcaption id=\"caption-attachment-2573\" class=\"wp-caption-text\"><a href=\"https:\/\/oqitop.com\/fr\/produits\/mousse-metallique\/carbon-foam\/\">Mousse de carbone<\/a><\/figcaption><\/figure>\n<\/td>\n<td>&nbsp;<\/p>\n<figure id=\"attachment_2574\" class=\"wp-caption aligncenter\" aria-describedby=\"caption-attachment-2574\"><a href=\"https:\/\/oqitop.com\/fr\/produits\/mousse-metallique\/silver-foam\/\"><img loading=\"lazy\" decoding=\"async\" class=\"wp-image-2574 size-thumbnail\" title=\"Mousse de nickel \u00e0 haute conductivit\u00e9 pour la recherche sur les \u00e9lectrodes de batterie 7\" src=\"https:\/\/oqitop.com\/wp-content\/uploads\/2025\/12\/Silver-Foam-150x150.jpg\" sizes=\"(max-width: 150px) 100vw, 150px\" srcset=\"https:\/\/oqitop.com\/wp-content\/uploads\/2025\/12\/Silver-Foam-150x150.jpg 150w, https:\/\/oqitop.com\/wp-content\/uploads\/2025\/12\/Silver-Foam-300x300.jpg 300w, https:\/\/oqitop.com\/wp-content\/uploads\/2025\/12\/Silver-Foam.jpg 726w\" alt=\"\" width=\"150\" height=\"150\" \/><\/a><figcaption id=\"caption-attachment-2574\" class=\"wp-caption-text\"><a href=\"https:\/\/oqitop.com\/fr\/produits\/mousse-metallique\/silver-foam\/\">Mousse argent\u00e9e<\/a><\/figcaption><\/figure>\n<\/td>\n<td>&nbsp;<\/p>\n<figure id=\"attachment_2575\" class=\"wp-caption aligncenter\" aria-describedby=\"caption-attachment-2575\"><a href=\"https:\/\/oqitop.com\/fr\/produits\/mousse-metallique\/cobalt-foamhttps%3a\/\/oqitop.com\/produits\/mousse-metallique\/cobalt-foam\/\"><img loading=\"lazy\" decoding=\"async\" class=\"wp-image-2575 size-thumbnail\" title=\"Mousse de nickel \u00e0 haute conductivit\u00e9 pour la recherche sur les \u00e9lectrodes de batterie 8\" src=\"https:\/\/oqitop.com\/wp-content\/uploads\/2025\/12\/Cobalt-Foam-150x150.jpg\" sizes=\"(max-width: 150px) 100vw, 150px\" srcset=\"https:\/\/oqitop.com\/wp-content\/uploads\/2025\/12\/Cobalt-Foam-150x150.jpg 150w, https:\/\/oqitop.com\/wp-content\/uploads\/2025\/12\/Cobalt-Foam-300x300.jpg 300w, https:\/\/oqitop.com\/wp-content\/uploads\/2025\/12\/Cobalt-Foam-768x768.jpg 768w, https:\/\/oqitop.com\/wp-content\/uploads\/2025\/12\/Cobalt-Foam.jpg 800w\" alt=\"\" width=\"150\" height=\"150\" \/><\/a><figcaption id=\"caption-attachment-2575\" class=\"wp-caption-text\"><a href=\"https:\/\/oqitop.com\/fr\/produits\/mousse-metallique\/cobalt-foam\/\">Mousse de cobalt<\/a><\/figcaption><\/figure>\n<\/td>\n<\/tr>\n<\/tbody>\n<\/table>\n<p><img loading=\"lazy\" decoding=\"async\" class=\"aligncenter size-full wp-image-3061\" src=\"https:\/\/oqitop.com\/wp-content\/uploads\/2025\/12\/111111-1.jpg\" alt=\"\" width=\"1024\" height=\"979\" title=\"\" srcset=\"https:\/\/oqitop.com\/wp-content\/uploads\/2025\/12\/111111-1.jpg 1024w, https:\/\/oqitop.com\/wp-content\/uploads\/2025\/12\/111111-1-300x287.jpg 300w, https:\/\/oqitop.com\/wp-content\/uploads\/2025\/12\/111111-1-768x734.jpg 768w\" sizes=\"(max-width: 1024px) 100vw, 1024px\" \/><img loading=\"lazy\" decoding=\"async\" class=\"aligncenter size-full wp-image-3062\" src=\"https:\/\/oqitop.com\/wp-content\/uploads\/2025\/12\/2222221.png\" alt=\"\" width=\"1024\" height=\"932\" title=\"\" srcset=\"https:\/\/oqitop.com\/wp-content\/uploads\/2025\/12\/2222221.png 1024w, https:\/\/oqitop.com\/wp-content\/uploads\/2025\/12\/2222221-300x273.png 300w, https:\/\/oqitop.com\/wp-content\/uploads\/2025\/12\/2222221-768x699.png 768w\" sizes=\"(max-width: 1024px) 100vw, 1024px\" \/><img loading=\"lazy\" decoding=\"async\" class=\"aligncenter size-full wp-image-3063\" src=\"https:\/\/oqitop.com\/wp-content\/uploads\/2025\/12\/122345.jpg\" alt=\"\" width=\"1024\" height=\"1024\" title=\"\" srcset=\"https:\/\/oqitop.com\/wp-content\/uploads\/2025\/12\/122345.jpg 1024w, https:\/\/oqitop.com\/wp-content\/uploads\/2025\/12\/122345-300x300.jpg 300w, https:\/\/oqitop.com\/wp-content\/uploads\/2025\/12\/122345-150x150.jpg 150w, https:\/\/oqitop.com\/wp-content\/uploads\/2025\/12\/122345-768x768.jpg 768w\" sizes=\"(max-width: 1024px) 100vw, 1024px\" \/><img loading=\"lazy\" decoding=\"async\" class=\"aligncenter size-full wp-image-3064\" src=\"https:\/\/oqitop.com\/wp-content\/uploads\/2025\/12\/55555-1.jpg\" alt=\"\" width=\"1024\" height=\"677\" title=\"\" srcset=\"https:\/\/oqitop.com\/wp-content\/uploads\/2025\/12\/55555-1.jpg 1024w, https:\/\/oqitop.com\/wp-content\/uploads\/2025\/12\/55555-1-300x198.jpg 300w, https:\/\/oqitop.com\/wp-content\/uploads\/2025\/12\/55555-1-768x508.jpg 768w\" sizes=\"(max-width: 1024px) 100vw, 1024px\" \/><\/p>","protected":false},"featured_media":4470,"template":"","meta":{"_acf_changed":false,"site-sidebar-layout":"default","site-content-layout":"","ast-site-content-layout":"default","site-content-style":"default","site-sidebar-style":"default","ast-global-header-display":"","ast-banner-title-visibility":"","ast-main-header-display":"","ast-hfb-above-header-display":"","ast-hfb-below-header-display":"","ast-hfb-mobile-header-display":"","site-post-title":"","ast-breadcrumbs-content":"","ast-featured-img":"","footer-sml-layout":"","theme-transparent-header-meta":"default","adv-header-id-meta":"","stick-header-meta":"default","header-above-stick-meta":"","header-main-stick-meta":"","header-below-stick-meta":"","astra-migrate-meta-layouts":"set","ast-page-background-enabled":"default","ast-page-background-meta":{"desktop":{"background-color":"var(--ast-global-color-4)","background-image":"","background-repeat":"repeat","background-position":"center center","background-size":"auto","background-attachment":"scroll","background-type":"","background-media":"","overlay-type":"","overlay-color":"","overlay-opacity":"","overlay-gradient":""},"tablet":{"background-color":"","background-image":"","background-repeat":"repeat","background-position":"center center","background-size":"auto","background-attachment":"scroll","background-type":"","background-media":"","overlay-type":"","overlay-color":"","overlay-opacity":"","overlay-gradient":""},"mobile":{"background-color":"","background-image":"","background-repeat":"repeat","background-position":"center center","background-size":"auto","background-attachment":"scroll","background-type":"","background-media":"","overlay-type":"","overlay-color":"","overlay-opacity":"","overlay-gradient":""}},"ast-content-background-meta":{"desktop":{"background-color":"var(--ast-global-color-5)","background-image":"","background-repeat":"repeat","background-position":"center center","background-size":"auto","background-attachment":"scroll","background-type":"","background-media":"","overlay-type":"","overlay-color":"","overlay-opacity":"","overlay-gradient":""},"tablet":{"background-color":"var(--ast-global-color-5)","background-image":"","background-repeat":"repeat","background-position":"center center","background-size":"auto","background-attachment":"scroll","background-type":"","background-media":"","overlay-type":"","overlay-color":"","overlay-opacity":"","overlay-gradient":""},"mobile":{"background-color":"var(--ast-global-color-5)","background-image":"","background-repeat":"repeat","background-position":"center center","background-size":"auto","background-attachment":"scroll","background-type":"","background-media":"","overlay-type":"","overlay-color":"","overlay-opacity":"","overlay-gradient":""}}},"tags":[],"products":[207,200],"class_list":["post-4469","product","type-product","status-publish","has-post-thumbnail","hentry","products-graphene-foam","products-metal-foam"],"acf":[],"_links":{"self":[{"href":"https:\/\/oqitop.com\/fr\/wp-json\/wp\/v2\/product\/4469","targetHints":{"allow":["GET"]}}],"collection":[{"href":"https:\/\/oqitop.com\/fr\/wp-json\/wp\/v2\/product"}],"about":[{"href":"https:\/\/oqitop.com\/fr\/wp-json\/wp\/v2\/types\/product"}],"wp:featuredmedia":[{"embeddable":true,"href":"https:\/\/oqitop.com\/fr\/wp-json\/wp\/v2\/media\/4470"}],"wp:attachment":[{"href":"https:\/\/oqitop.com\/fr\/wp-json\/wp\/v2\/media?parent=4469"}],"wp:term":[{"taxonomy":"post_tag","embeddable":true,"href":"https:\/\/oqitop.com\/fr\/wp-json\/wp\/v2\/tags?post=4469"},{"taxonomy":"products","embeddable":true,"href":"https:\/\/oqitop.com\/fr\/wp-json\/wp\/v2\/products?post=4469"}],"curies":[{"name":"wp","href":"https:\/\/api.w.org\/{rel}","templated":true}]}}