 {"id":4579,"date":"2026-01-08T07:07:11","date_gmt":"2026-01-07T23:07:11","guid":{"rendered":"https:\/\/oqitop.com\/?post_type=product&#038;p=4579"},"modified":"2026-04-13T10:13:45","modified_gmt":"2026-04-13T02:13:45","slug":"factory-direct-supply-high-purity-99-95-tungsten-sheets-at-best-price","status":"publish","type":"product","link":"https:\/\/oqitop.com\/fr\/factory-direct-supply-high-purity-99-95-tungsten-sheets-at-best-price\/","title":{"rendered":"Factory Direct Supply High Purity 99.95% Tungsten Sheets at Best Price"},"content":{"rendered":"<h3 style=\"text-align: center;\" title=\"Factory Direct Supply High Purity 99.95% Tungsten Sheets at Best Price\" data-spm-anchor-id=\"a2700.details.0.i54.d16938aaZVh7dj\"><span style=\"color: #ff0000;\"><strong>Factory Direct Supply High Purity 99.95% Tungsten Sheets at Best Price<\/strong><\/span><\/h3>\n<p><iframe src=\"https:\/\/www.youtube.com\/embed\/3Id5-0pUIG4?rel=0\" allowfullscreen=\"allowfullscreen\" data-mce-fragment=\"1\"><span data-mce-type=\"bookmark\" style=\"display: inline-block; width: 0px; overflow: hidden; line-height: 0;\" class=\"mce_SELRES_start\"><\/span><\/iframe><\/p>\n<h5 style=\"font-style: inherit; font-weight: inherit;\"><\/h5>\n<p>Tungsten foil is produced by cold rolling the tungsten sheet to a lower thickness. The stamped and drawn foil is very suitable to use in the applications of high temperature vacuum furnace, coating, electronic and semiconductor components. Tungsten foil is used to make heat shielding, heating element and carrier of the vacuum furnace. It is because tungsten foils process a high heat resistance in the high temperature environment.<\/p>\n<p>In addition, tungsten foil owns an extremely Low Vapor Pressure and a high melting point so that it is ideally served for coating application as the evaporation boat. Moreover, the ideal material for semiconductor needs to have a Low Coefficient of Thermal Expansion and Low Electrical Resistivity. Tungsten can meet these requirements. Therefore, it is a very suitable material for components of the semiconductor industry. Tungsten has been also approved to be a promising material to explore in further in medical and Sputtering applications.<\/p>\n<h3>TUNGSTEN PLATE INFORMATION<\/h3>\n<div class=\"row\">\n<table class=\"blue_gray\" border=\"1\" cellspacing=\"0\" cellpadding=\"0\">\n<tbody>\n<tr>\n<th>Standard<\/th>\n<th>Puret\u00e9<\/th>\n<th>Density<\/th>\n<th>Melting Point<\/th>\n<th>Thickness Range<\/th>\n<th>Size<\/th>\n<\/tr>\n<tr>\n<td>ASTM B760, GB\/T 3975<\/td>\n<td>\u226599.95%<\/td>\n<td>19.3 g\/cm3<\/td>\n<td>3410 \u2103<\/td>\n<td>&gt; 4.75 mm<\/td>\n<td>Custom width and length<\/td>\n<\/tr>\n<\/tbody>\n<\/table>\n<h3>TUNGSTEN PLATE CHEMICAL COMPOSITION<\/h3>\n<table class=\"blue_gray\" border=\"1\" cellspacing=\"0\" cellpadding=\"0\">\n<tbody>\n<tr>\n<th>W (\u2265%\uff09<\/th>\n<th colspan=\"8\" rowspan=\"1\">Chemical Content (\u2264 %\uff09<\/th>\n<\/tr>\n<tr>\n<td colspan=\"1\" rowspan=\"6\">99.95<\/td>\n<td>K<\/td>\n<td>Fe<\/td>\n<td>Al<\/td>\n<td>Mo<\/td>\n<td>Si<\/td>\n<td>As<\/td>\n<td>Ca<\/td>\n<td>Cr<\/td>\n<\/tr>\n<tr>\n<td>0.0015<\/td>\n<td>0.003<\/td>\n<td>0.003<\/td>\n<td>0.003<\/td>\n<td>0.0015<\/td>\n<td>0.001<\/td>\n<td>0.001<\/td>\n<td>0.001<\/td>\n<\/tr>\n<tr>\n<td>Mg<\/td>\n<td>Mn<\/td>\n<td>Na<\/td>\n<td>Ni<\/td>\n<td>Bi<\/td>\n<td>Cd<\/td>\n<td>Cu<\/td>\n<td>Pb<\/td>\n<\/tr>\n<tr>\n<td>0.001<\/td>\n<td>0.001<\/td>\n<td>0.001<\/td>\n<td>0.001<\/td>\n<td>0.0005<\/td>\n<td>0.0005<\/td>\n<td>0.0005<\/td>\n<td>0.0005<\/td>\n<\/tr>\n<tr>\n<td>Sb<\/td>\n<td>Co<\/td>\n<td>Ti<\/td>\n<td>Sn<\/td>\n<td><\/td>\n<td><\/td>\n<td><\/td>\n<td><\/td>\n<\/tr>\n<tr>\n<td>0.0005<\/td>\n<td>0.0005<\/td>\n<td>0.0005<\/td>\n<td>0.0005<\/td>\n<td><\/td>\n<td><\/td>\n<td><\/td>\n<\/tr>\n<\/tbody>\n<\/table>\n<\/div>\n<div class=\"ife-detail-decorate-table\"><\/div>\n<h5 style=\"font-weight: inherit;\" data-section=\"AliMagic-0ao2x7\" data-section-title=\"Product Advantages\"><strong>Product Advantages<\/strong><\/h5>\n<p style=\"font-style: inherit; font-weight: inherit;\"><b><strong>1.Unmatched High-Temperature Performance:<\/strong><\/b><br \/>\nCharacteristics: Tungsten plates boast a melting point of up to 3422\u00b0C and can maintain stable operation at temperatures ranging from 1800\u00b0C to 2600\u00b0C. The high-temperature strength and sag resistance greatly exceed those of most metallic materials.<br \/>\nAdvantages: Serving as thermal shields, heating plates, and furnace beds in high-temperature vacuum furnaces, tungsten plates can efficiently concentrate heat while bearing the weights of workpieces. This capability generates a pure, stable high-temperature environment ensuring extended service life and high reliability.<\/p>\n<p><b><strong>2.Exceptional Physical Shielding Properties:<\/strong><\/b><br \/>\nCharacteristics: Thanks to their high density, tungsten plates provide outstanding shielding effectiveness against X-rays and gamma rays.<br \/>\nAdvantages: Ideal for manufacturing collimators for medical CT, radiation shield blocks, containers for nuclear fuel handling, and shielding components for industrial non-destructive testing equipment, tungsten plates deliver excellent protective performance even at thinner gauges.<\/p>\n<p><b><strong>3.Superior Structural Strength and Stability:<\/strong><\/b><br \/>\nCharacteristics: Tungsten plates exhibit excellent strength and hardness at both high temperatures and room temperatures, along with outstanding creep resistance.<br \/>\nAdvantages: As components in electronic beam evaporation boats and carriers within semiconductor process chambers, tungsten plates maintain dimensional stability under harsh process conditions, minimizing deformation and ensuring process repeatability and product consistency.<\/p>\n<p><b><strong>4.Good Thermal and Electrical Conductivity:<\/strong><\/b><br \/>\nCharacteristics: Tungsten plates possess good thermal and electrical conductivity.<br \/>\nAdvantages: They are suitable for use as heatsinks or heat spreaders in high-power semiconductor devices, enabling swift heat dissipation. Additionally, tungsten can be a substrate for resistance welding electrodes, enhancing the performance of welding applications.<br \/>\n<b><strong>5.High Purity and Flexible Customization:<\/strong><\/b><br \/>\nCharacteristics: Available tungsten plates are of high quality. They are provided in various thicknesses and widths, tailored to specific customer requirements.<\/p>\n<p><b><strong>Pour personnaliser les diff\u00e9rentes feuilles m\u00e9talliques, veuillez cliquer sur l'image ci-dessous pour plus de d\u00e9tails\uff1a<\/strong><\/b><\/p>\n<table>\n<tbody>\n<tr>\n<td>&nbsp;<\/p>\n<figure id=\"attachment_3927\" class=\"wp-caption aligncenter\" aria-describedby=\"caption-attachment-3927\"><a href=\"https:\/\/oqitop.com\/fr\/produits\/metal-foil\/feuille-de-cuivre\/\"><img decoding=\"async\" class=\"size-thumbnail wp-image-3927\" title=\"Feuille d&#039;argent haute performance Conductivit\u00e9 Feuille de m\u00e9tal Ag Feuille d&#039;argent haute performance Conductivit\u00e9 Feuille de m\u00e9tal Ag 1\" src=\"https:\/\/oqitop.com\/wp-content\/uploads\/2025\/12\/Copper-Foil-1-150x150.jpg\" sizes=\"(max-width: 150px) 100vw, 150px\" srcset=\"https:\/\/oqitop.com\/wp-content\/uploads\/2025\/12\/Copper-Foil-1-150x150.jpg 150w, https:\/\/oqitop.com\/wp-content\/uploads\/2025\/12\/Copper-Foil-1.jpg 300w\" alt=\"\" width=\"150\" height=\"150\" \/><\/a><figcaption id=\"caption-attachment-3927\" class=\"wp-caption-text\"><a href=\"https:\/\/oqitop.com\/fr\/produits\/metal-foil\/feuille-de-cuivre\/\">Feuille de cuivre<\/a><\/figcaption><\/figure>\n<\/td>\n<td>&nbsp;<\/p>\n<figure id=\"attachment_3928\" class=\"wp-caption aligncenter\" aria-describedby=\"caption-attachment-3928\"><a href=\"https:\/\/oqitop.com\/fr\/produits\/metal-foil\/aluminum-foil\/\"><img decoding=\"async\" class=\"size-thumbnail wp-image-3928\" title=\"Feuille d&#039;argent haute performance Conductivit\u00e9 Feuille de m\u00e9tal Ag Feuille d&#039;argent haute performance Conductivit\u00e9 Feuille de m\u00e9tal Ag 2\" src=\"https:\/\/oqitop.com\/wp-content\/uploads\/2025\/12\/Aluminum-Foil-1-150x150.jpg\" sizes=\"(max-width: 150px) 100vw, 150px\" srcset=\"https:\/\/oqitop.com\/wp-content\/uploads\/2025\/12\/Aluminum-Foil-1-150x150.jpg 150w, https:\/\/oqitop.com\/wp-content\/uploads\/2025\/12\/Aluminum-Foil-1.jpg 300w\" alt=\"\" width=\"150\" height=\"150\" \/><\/a><figcaption id=\"caption-attachment-3928\" class=\"wp-caption-text\"><a href=\"https:\/\/oqitop.com\/fr\/produits\/metal-foil\/aluminum-foil\/\">Papier d'aluminium<\/a><\/figcaption><\/figure>\n<\/td>\n<td>&nbsp;<\/p>\n<figure id=\"attachment_3929\" class=\"wp-caption aligncenter\" aria-describedby=\"caption-attachment-3929\"><a href=\"https:\/\/oqitop.com\/fr\/produits\/metal-foil\/stainless-steel-foil\/\"><img decoding=\"async\" class=\"size-thumbnail wp-image-3929\" title=\"Feuille d&#039;argent haute performance Conductivit\u00e9 Feuille de m\u00e9tal Ag Feuille d&#039;argent haute performance Conductivit\u00e9 Feuille de m\u00e9tal Ag 3\" src=\"https:\/\/oqitop.com\/wp-content\/uploads\/2025\/12\/Stainless-Steel-Foil-150x150.jpg\" sizes=\"(max-width: 150px) 100vw, 150px\" srcset=\"https:\/\/oqitop.com\/wp-content\/uploads\/2025\/12\/Stainless-Steel-Foil-150x150.jpg 150w, https:\/\/oqitop.com\/wp-content\/uploads\/2025\/12\/Stainless-Steel-Foil.jpg 300w\" alt=\"\" width=\"150\" height=\"150\" \/><\/a><figcaption id=\"caption-attachment-3929\" class=\"wp-caption-text\"><a href=\"https:\/\/oqitop.com\/fr\/produits\/metal-foil\/stainless-steel-foil\/\">Feuille en acier inoxydable<\/a><\/figcaption><\/figure>\n<\/td>\n<td>&nbsp;<\/p>\n<figure id=\"attachment_3930\" class=\"wp-caption aligncenter\" aria-describedby=\"caption-attachment-3930\"><a href=\"https:\/\/oqitop.com\/fr\/produits\/metal-foil\/tin-foil\/\"><img loading=\"lazy\" decoding=\"async\" class=\"size-thumbnail wp-image-3930\" title=\"Feuille d&#039;argent haute performance Conductivit\u00e9 Feuille de m\u00e9tal Ag Feuille d&#039;argent haute performance Conductivit\u00e9 Feuille de m\u00e9tal Ag 4\" src=\"https:\/\/oqitop.com\/wp-content\/uploads\/2025\/12\/Tin-Foil-150x150.jpg\" sizes=\"(max-width: 150px) 100vw, 150px\" srcset=\"https:\/\/oqitop.com\/wp-content\/uploads\/2025\/12\/Tin-Foil-150x150.jpg 150w, https:\/\/oqitop.com\/wp-content\/uploads\/2025\/12\/Tin-Foil.jpg 300w\" alt=\"\" width=\"150\" height=\"150\" \/><\/a><figcaption id=\"caption-attachment-3930\" class=\"wp-caption-text\"><a href=\"https:\/\/oqitop.com\/fr\/produits\/metal-foil\/tin-foil\/\">Papier d'aluminium<\/a><\/figcaption><\/figure>\n<\/td>\n<\/tr>\n<tr>\n<td>&nbsp;<\/p>\n<figure id=\"attachment_3931\" class=\"wp-caption aligncenter\" aria-describedby=\"caption-attachment-3931\"><a href=\"https:\/\/oqitop.com\/fr\/produits\/metal-foil\/titanium-foil\/\"><img loading=\"lazy\" decoding=\"async\" class=\"size-thumbnail wp-image-3931\" title=\"Feuille d&#039;argent haute performance Conductivit\u00e9 Feuille de m\u00e9tal Ag Feuille d&#039;argent haute performance Conductivit\u00e9 Feuille de m\u00e9tal Ag 5\" src=\"https:\/\/oqitop.com\/wp-content\/uploads\/2025\/12\/Titanium-Foil-150x150.jpg\" sizes=\"(max-width: 150px) 100vw, 150px\" srcset=\"https:\/\/oqitop.com\/wp-content\/uploads\/2025\/12\/Titanium-Foil-150x150.jpg 150w, https:\/\/oqitop.com\/wp-content\/uploads\/2025\/12\/Titanium-Foil.jpg 300w\" alt=\"\" width=\"150\" height=\"150\" \/><\/a><figcaption id=\"caption-attachment-3931\" class=\"wp-caption-text\"><a href=\"https:\/\/oqitop.com\/fr\/produits\/metal-foil\/titanium-foil\/\">Feuille de titane<\/a><\/figcaption><\/figure>\n<\/td>\n<td>&nbsp;<\/p>\n<figure id=\"attachment_3932\" class=\"wp-caption aligncenter\" aria-describedby=\"caption-attachment-3932\"><a href=\"https:\/\/oqitop.com\/fr\/produits\/metal-foil\/nickel-foil\/\"><img loading=\"lazy\" decoding=\"async\" class=\"size-thumbnail wp-image-3932\" title=\"Feuille d&#039;argent haute performance Conductivit\u00e9 Feuille de m\u00e9tal Ag Feuille d&#039;argent haute performance Conductivit\u00e9 Feuille de m\u00e9tal Ag 6\" src=\"https:\/\/oqitop.com\/wp-content\/uploads\/2025\/12\/Nickel-Foil-150x150.jpg\" sizes=\"(max-width: 150px) 100vw, 150px\" srcset=\"https:\/\/oqitop.com\/wp-content\/uploads\/2025\/12\/Nickel-Foil-150x150.jpg 150w, https:\/\/oqitop.com\/wp-content\/uploads\/2025\/12\/Nickel-Foil.jpg 300w\" alt=\"\" width=\"150\" height=\"150\" \/><\/a><figcaption id=\"caption-attachment-3932\" class=\"wp-caption-text\"><a href=\"https:\/\/oqitop.com\/fr\/produits\/metal-foil\/nickel-foil\/\">Feuille de nickel<\/a><\/figcaption><\/figure>\n<\/td>\n<td>&nbsp;<\/p>\n<figure id=\"attachment_3933\" class=\"wp-caption aligncenter\" aria-describedby=\"caption-attachment-3933\"><a href=\"https:\/\/oqitop.com\/fr\/produits\/metal-foil\/nickel-foil\/\"><img loading=\"lazy\" decoding=\"async\" class=\"size-thumbnail wp-image-3933\" title=\"Feuille d&#039;argent haute performance Conductivit\u00e9 Feuille de m\u00e9tal Ag Feuille d&#039;argent haute performance Conductivit\u00e9 Feuille de m\u00e9tal Ag 7\" src=\"https:\/\/oqitop.com\/wp-content\/uploads\/2025\/12\/Silver-Foil-150x150.jpg\" sizes=\"(max-width: 150px) 100vw, 150px\" srcset=\"https:\/\/oqitop.com\/wp-content\/uploads\/2025\/12\/Silver-Foil-150x150.jpg 150w, https:\/\/oqitop.com\/wp-content\/uploads\/2025\/12\/Silver-Foil.jpg 300w\" alt=\"\" width=\"150\" height=\"150\" \/><\/a><figcaption id=\"caption-attachment-3933\" class=\"wp-caption-text\"><a href=\"https:\/\/oqitop.com\/fr\/produits\/metal-foil\/nickel-foil\/\">Feuille d'argent<\/a><\/figcaption><\/figure>\n<\/td>\n<td>&nbsp;<\/p>\n<figure id=\"attachment_3934\" class=\"wp-caption aligncenter\" aria-describedby=\"caption-attachment-3934\"><figcaption id=\"caption-attachment-3934\" class=\"wp-caption-text\">\n<figure id=\"attachment_4567\" aria-describedby=\"caption-attachment-4567\" style=\"width: 150px\" class=\"wp-caption aligncenter\"><a href=\"https:\/\/oqitop.com\/fr\/produits\/metal-foil\/tungsten-foil\/\"><img loading=\"lazy\" decoding=\"async\" class=\"size-thumbnail wp-image-4567\" src=\"https:\/\/oqitop.com\/wp-content\/uploads\/2025\/12\/22222-11-150x150.jpg\" alt=\"\" width=\"150\" height=\"150\" title=\"\" srcset=\"https:\/\/oqitop.com\/wp-content\/uploads\/2025\/12\/22222-11-150x150.jpg 150w, https:\/\/oqitop.com\/wp-content\/uploads\/2025\/12\/22222-11-300x300.jpg 300w, https:\/\/oqitop.com\/wp-content\/uploads\/2025\/12\/22222-11-12x12.jpg 12w, https:\/\/oqitop.com\/wp-content\/uploads\/2025\/12\/22222-11.jpg 600w\" sizes=\"(max-width: 150px) 100vw, 150px\" \/><\/a><figcaption id=\"caption-attachment-4567\" class=\"wp-caption-text\"><a href=\"https:\/\/oqitop.com\/fr\/produits\/metal-foil\/tungsten-foil\/\">Feuilles de tungst\u00e8ne<\/a><\/figcaption><\/figure>\n<\/figcaption><\/figure>\n<\/td>\n<\/tr>\n<\/tbody>\n<\/table>\n<p><img loading=\"lazy\" decoding=\"async\" class=\"aligncenter size-full wp-image-4569\" src=\"https:\/\/oqitop.com\/wp-content\/uploads\/2025\/12\/33333-16.jpg\" alt=\"\" width=\"1024\" height=\"1802\" title=\"\" srcset=\"https:\/\/oqitop.com\/wp-content\/uploads\/2025\/12\/33333-16.jpg 1024w, https:\/\/oqitop.com\/wp-content\/uploads\/2025\/12\/33333-16-170x300.jpg 170w, https:\/\/oqitop.com\/wp-content\/uploads\/2025\/12\/33333-16-582x1024.jpg 582w, https:\/\/oqitop.com\/wp-content\/uploads\/2025\/12\/33333-16-768x1352.jpg 768w, https:\/\/oqitop.com\/wp-content\/uploads\/2025\/12\/33333-16-873x1536.jpg 873w, https:\/\/oqitop.com\/wp-content\/uploads\/2025\/12\/33333-16-7x12.jpg 7w\" sizes=\"(max-width: 1024px) 100vw, 1024px\" \/><img loading=\"lazy\" decoding=\"async\" class=\"aligncenter size-full wp-image-4571\" src=\"https:\/\/oqitop.com\/wp-content\/uploads\/2025\/12\/55555-11-35.jpg\" alt=\"\" width=\"1024\" height=\"677\" title=\"\" srcset=\"https:\/\/oqitop.com\/wp-content\/uploads\/2025\/12\/55555-11-35.jpg 1024w, https:\/\/oqitop.com\/wp-content\/uploads\/2025\/12\/55555-11-35-300x198.jpg 300w, https:\/\/oqitop.com\/wp-content\/uploads\/2025\/12\/55555-11-35-768x508.jpg 768w, https:\/\/oqitop.com\/wp-content\/uploads\/2025\/12\/55555-11-35-18x12.jpg 18w\" sizes=\"(max-width: 1024px) 100vw, 1024px\" \/><\/p>","protected":false},"featured_media":4580,"template":"","meta":{"_acf_changed":false,"site-sidebar-layout":"default","site-content-layout":"","ast-site-content-layout":"default","site-content-style":"default","site-sidebar-style":"default","ast-global-header-display":"","ast-banner-title-visibility":"","ast-main-header-display":"","ast-hfb-above-header-display":"","ast-hfb-below-header-display":"","ast-hfb-mobile-header-display":"","site-post-title":"","ast-breadcrumbs-content":"","ast-featured-img":"","footer-sml-layout":"","theme-transparent-header-meta":"default","adv-header-id-meta":"","stick-header-meta":"default","header-above-stick-meta":"","header-main-stick-meta":"","header-below-stick-meta":"","astra-migrate-meta-layouts":"set","ast-page-background-enabled":"default","ast-page-background-meta":{"desktop":{"background-color":"var(--ast-global-color-4)","background-image":"","background-repeat":"repeat","background-position":"center center","background-size":"auto","background-attachment":"scroll","background-type":"","background-media":"","overlay-type":"","overlay-color":"","overlay-opacity":"","overlay-gradient":""},"tablet":{"background-color":"","background-image":"","background-repeat":"repeat","background-position":"center center","background-size":"auto","background-attachment":"scroll","background-type":"","background-media":"","overlay-type":"","overlay-color":"","overlay-opacity":"","overlay-gradient":""},"mobile":{"background-color":"","background-image":"","background-repeat":"repeat","background-position":"center center","background-size":"auto","background-attachment":"scroll","background-type":"","background-media":"","overlay-type":"","overlay-color":"","overlay-opacity":"","overlay-gradient":""}},"ast-content-background-meta":{"desktop":{"background-color":"var(--ast-global-color-5)","background-image":"","background-repeat":"repeat","background-position":"center center","background-size":"auto","background-attachment":"scroll","background-type":"","background-media":"","overlay-type":"","overlay-color":"","overlay-opacity":"","overlay-gradient":""},"tablet":{"background-color":"var(--ast-global-color-5)","background-image":"","background-repeat":"repeat","background-position":"center center","background-size":"auto","background-attachment":"scroll","background-type":"","background-media":"","overlay-type":"","overlay-color":"","overlay-opacity":"","overlay-gradient":""},"mobile":{"background-color":"var(--ast-global-color-5)","background-image":"","background-repeat":"repeat","background-position":"center center","background-size":"auto","background-attachment":"scroll","background-type":"","background-media":"","overlay-type":"","overlay-color":"","overlay-opacity":"","overlay-gradient":""}}},"tags":[],"products":[223,266],"class_list":["post-4579","product","type-product","status-publish","has-post-thumbnail","hentry","products-metal-foil","products-tungsten-foil"],"acf":[],"_links":{"self":[{"href":"https:\/\/oqitop.com\/fr\/wp-json\/wp\/v2\/product\/4579","targetHints":{"allow":["GET"]}}],"collection":[{"href":"https:\/\/oqitop.com\/fr\/wp-json\/wp\/v2\/product"}],"about":[{"href":"https:\/\/oqitop.com\/fr\/wp-json\/wp\/v2\/types\/product"}],"wp:featuredmedia":[{"embeddable":true,"href":"https:\/\/oqitop.com\/fr\/wp-json\/wp\/v2\/media\/4580"}],"wp:attachment":[{"href":"https:\/\/oqitop.com\/fr\/wp-json\/wp\/v2\/media?parent=4579"}],"wp:term":[{"taxonomy":"post_tag","embeddable":true,"href":"https:\/\/oqitop.com\/fr\/wp-json\/wp\/v2\/tags?post=4579"},{"taxonomy":"products","embeddable":true,"href":"https:\/\/oqitop.com\/fr\/wp-json\/wp\/v2\/products?post=4579"}],"curies":[{"name":"wp","href":"https:\/\/api.w.org\/{rel}","templated":true}]}}