 {"id":4694,"date":"2026-01-04T09:46:17","date_gmt":"2026-01-04T01:46:17","guid":{"rendered":"https:\/\/oqitop.com\/?post_type=product&#038;p=4694"},"modified":"2026-01-15T16:24:29","modified_gmt":"2026-01-15T08:24:29","slug":"5mesh-to-400mesh-nickel-metal-mesh-ni-mesh-for-battery-research","status":"publish","type":"product","link":"https:\/\/oqitop.com\/fr\/5mesh-to-400mesh-nickel-metal-mesh-ni-mesh-for-battery-research\/","title":{"rendered":"5Mesh to 400Mesh Nickel Metal Mesh Ni Mesh For Battery Research"},"content":{"rendered":"<h3 style=\"text-align: center;\"><span style=\"color: #ff0000;\">5Mesh to 400Mesh Nickel Metal Mesh Ni Mesh For Battery Research<\/span><\/h3>\n<p><iframe src=\"https:\/\/www.youtube.com\/embed\/LyU2-OrRzTk?rel=0\" allowfullscreen=\"allowfullscreen\" data-mce-fragment=\"1\"><\/iframe><\/p>\n<h4 align=\"left\"><strong>Introduction<\/strong><\/h4>\n<h5><sup>\u00b7<\/sup><sup>Uses: battery electrode, fluid collector, University experiment, machine room shielding, equipment filtration, mariculture, energy, chemical industry, etc<\/sup><sup>.<\/sup><\/h5>\n<h5><sup>\u00b7Nickel wire woven net is made by crossing the warp and weft of nickel wire, and the mesh is square or rectangular.<\/sup><\/h5>\n<h5><sup>\u00b7<\/sup><sup>Wire diameter: 0.028-5m. Mesh: 0.0355-50m M. Mesh width: 100 MM-1000 mm, mesh number; 1-400 mesh.<\/sup><\/h5>\n<p class=\"\">\u00b7Material\uff1aNickel N4(Ni 201),N6 (Ni 200)(UNS NO2200\/W.Nr. 2.4060 &amp;2.4066)<\/p>\n<p class=\"\">\u00b7Wire Diameter\uff1a0.02-4mm, Available Customization<\/p>\n<p class=\"\">\u00b7Mesh Count\uff1a1-635<\/p>\n<p class=\"\">\u00b7Woven Type\uff1aPlain Weave, Twill Weave, Dutch\u00a0Weave, Reverse Twill Dutch Weave.<\/p>\n<p class=\"\">\u00b7Standard\uff1aGB, ASTM, ASME<\/p>\n<p class=\"\"><strong>Sp\u00e9cifications<\/strong><\/p>\n<p class=\"\" align=\"justify\">Les trois donn\u00e9es suivantes sont le nombre de mailles, le diam\u00e8tre du fil et l'ouverture.<img fetchpriority=\"high\" decoding=\"async\" class=\"aligncenter size-full wp-image-3784\" title=\"99.9% Purity Nickel Mesh Nickel Metal Mesh for Lab Research 1\" src=\"https:\/\/oqitop.com\/wp-content\/uploads\/2025\/12\/11111-4-1.png\" sizes=\"(max-width: 1024px) 100vw, 1024px\" srcset=\"https:\/\/oqitop.com\/wp-content\/uploads\/2025\/12\/11111-4-1.png 1024w, https:\/\/oqitop.com\/wp-content\/uploads\/2025\/12\/11111-4-1-256x300.png 256w, https:\/\/oqitop.com\/wp-content\/uploads\/2025\/12\/11111-4-1-873x1024.png 873w, https:\/\/oqitop.com\/wp-content\/uploads\/2025\/12\/11111-4-1-768x901.png 768w\" alt=\"\" width=\"1024\" height=\"1201\" \/><img decoding=\"async\" class=\"aligncenter size-full wp-image-3785\" title=\"99.9% Purity Nickel Mesh Nickel Metal Mesh for Lab Research 2\" src=\"https:\/\/oqitop.com\/wp-content\/uploads\/2025\/12\/2222-2.jpg\" sizes=\"(max-width: 1024px) 100vw, 1024px\" srcset=\"https:\/\/oqitop.com\/wp-content\/uploads\/2025\/12\/2222-2.jpg 1024w, https:\/\/oqitop.com\/wp-content\/uploads\/2025\/12\/2222-2-300x251.jpg 300w, https:\/\/oqitop.com\/wp-content\/uploads\/2025\/12\/2222-2-768x643.jpg 768w\" alt=\"\" width=\"1024\" height=\"857\" \/><\/p>\n<p><b><strong>Pour personnaliser les diff\u00e9rentes mailles m\u00e9talliques, veuillez cliquer sur l'image ci-dessous pour plus de d\u00e9tails\uff1a<\/strong><\/b><\/p>\n<table>\n<tbody>\n<tr>\n<td>&nbsp;<\/p>\n<figure id=\"attachment_3760\" class=\"wp-caption aligncenter\" aria-describedby=\"caption-attachment-3760\"><a href=\"https:\/\/oqitop.com\/fr\/produits\/maille-metallique\/aluminum-mesh\/\"><img decoding=\"async\" class=\"size-thumbnail wp-image-3760\" title=\"Maille m\u00e9tallique en titane Maille m\u00e9tallique en titane pour le traitement de l&#039;eau des \u00e9lectrolyseurs 2\" src=\"https:\/\/oqitop.com\/wp-content\/uploads\/2025\/12\/Aluminium-Mesh-150x150.jpg\" sizes=\"(max-width: 150px) 100vw, 150px\" srcset=\"https:\/\/oqitop.com\/wp-content\/uploads\/2025\/12\/Aluminium-Mesh-150x150.jpg 150w, https:\/\/oqitop.com\/wp-content\/uploads\/2025\/12\/Aluminium-Mesh-300x300.jpg 300w, https:\/\/oqitop.com\/wp-content\/uploads\/2025\/12\/Aluminium-Mesh-768x768.jpg 768w, https:\/\/oqitop.com\/wp-content\/uploads\/2025\/12\/Aluminium-Mesh.jpg 1000w\" alt=\"\" width=\"150\" height=\"150\" \/><\/a><figcaption id=\"caption-attachment-3760\" class=\"wp-caption-text\"><a href=\"https:\/\/oqitop.com\/fr\/produits\/maille-metallique\/aluminum-mesh\/\">Maille d'aluminium<\/a><\/figcaption><\/figure>\n<\/td>\n<td>&nbsp;<\/p>\n<figure id=\"attachment_3761\" class=\"wp-caption aligncenter\" aria-describedby=\"caption-attachment-3761\"><a href=\"https:\/\/oqitop.com\/fr\/produits\/maille-metallique\/maille-de-cuivre\/\"><img loading=\"lazy\" decoding=\"async\" class=\"size-thumbnail wp-image-3761\" title=\"Maille m\u00e9tallique en titane Maille m\u00e9tallique en titane pour le traitement de l&#039;eau des \u00e9lectrolyseurs 3\" src=\"https:\/\/oqitop.com\/wp-content\/uploads\/2025\/12\/Copper-Mesh-150x150.jpg\" sizes=\"(max-width: 150px) 100vw, 150px\" srcset=\"https:\/\/oqitop.com\/wp-content\/uploads\/2025\/12\/Copper-Mesh-150x150.jpg 150w, https:\/\/oqitop.com\/wp-content\/uploads\/2025\/12\/Copper-Mesh-300x300.jpg 300w, https:\/\/oqitop.com\/wp-content\/uploads\/2025\/12\/Copper-Mesh-768x768.jpg 768w, https:\/\/oqitop.com\/wp-content\/uploads\/2025\/12\/Copper-Mesh.jpg 1000w\" alt=\"\" width=\"150\" height=\"150\" \/><\/a><figcaption id=\"caption-attachment-3761\" class=\"wp-caption-text\"><a href=\"https:\/\/oqitop.com\/fr\/produits\/maille-metallique\/maille-de-cuivre\/\">Maille en cuivre<\/a><\/figcaption><\/figure>\n<\/td>\n<td>&nbsp;<\/p>\n<figure id=\"attachment_3762\" class=\"wp-caption aligncenter\" aria-describedby=\"caption-attachment-3762\"><a href=\"https:\/\/oqitop.com\/fr\/produits\/maille-metallique\/tungsten-mesh\/\"><img loading=\"lazy\" decoding=\"async\" class=\"size-thumbnail wp-image-3762\" title=\"Maille m\u00e9tallique en titane Maille m\u00e9tallique en titane pour le traitement de l&#039;eau des \u00e9lectrolyseurs 4\" src=\"https:\/\/oqitop.com\/wp-content\/uploads\/2025\/12\/Tungsten-Mesh-150x150.jpg\" sizes=\"(max-width: 150px) 100vw, 150px\" srcset=\"https:\/\/oqitop.com\/wp-content\/uploads\/2025\/12\/Tungsten-Mesh-150x150.jpg 150w, https:\/\/oqitop.com\/wp-content\/uploads\/2025\/12\/Tungsten-Mesh-300x300.jpg 300w, https:\/\/oqitop.com\/wp-content\/uploads\/2025\/12\/Tungsten-Mesh.jpg 750w\" alt=\"\" width=\"150\" height=\"150\" \/><\/a><figcaption id=\"caption-attachment-3762\" class=\"wp-caption-text\"><a href=\"https:\/\/oqitop.com\/fr\/produits\/maille-metallique\/tungsten-mesh\/\">Maille en tungst\u00e8ne<\/a><\/figcaption><\/figure>\n<\/td>\n<td>&nbsp;<\/p>\n<figure id=\"attachment_3763\" class=\"wp-caption aligncenter\" aria-describedby=\"caption-attachment-3763\"><a href=\"https:\/\/oqitop.com\/fr\/produits\/maille-metallique\/nickel-mesh\/\"><img loading=\"lazy\" decoding=\"async\" class=\"size-thumbnail wp-image-3763\" title=\"Maille m\u00e9tallique en titane Maille m\u00e9tallique en titane pour le traitement de l&#039;eau des \u00e9lectrolyseurs 5\" src=\"https:\/\/oqitop.com\/wp-content\/uploads\/2025\/12\/Nickel-Mesh-150x150.jpg\" sizes=\"(max-width: 150px) 100vw, 150px\" srcset=\"https:\/\/oqitop.com\/wp-content\/uploads\/2025\/12\/Nickel-Mesh-150x150.jpg 150w, https:\/\/oqitop.com\/wp-content\/uploads\/2025\/12\/Nickel-Mesh-300x300.jpg 300w, https:\/\/oqitop.com\/wp-content\/uploads\/2025\/12\/Nickel-Mesh-768x768.jpg 768w, https:\/\/oqitop.com\/wp-content\/uploads\/2025\/12\/Nickel-Mesh.jpg 800w\" alt=\"\" width=\"150\" height=\"150\" \/><\/a><figcaption id=\"caption-attachment-3763\" class=\"wp-caption-text\"><a href=\"https:\/\/oqitop.com\/fr\/produits\/maille-metallique\/nickel-mesh\/\">Maille en nickel<\/a><\/figcaption><\/figure>\n<\/td>\n<\/tr>\n<tr>\n<td>&nbsp;<\/p>\n<figure id=\"attachment_3764\" class=\"wp-caption aligncenter\" aria-describedby=\"caption-attachment-3764\"><a href=\"https:\/\/oqitop.com\/fr\/produits\/maille-metallique\/titanium-mesh\/\"><img loading=\"lazy\" decoding=\"async\" class=\"size-thumbnail wp-image-3764\" title=\"Maille m\u00e9tallique en titane Maille m\u00e9tallique en titane pour le traitement de l&#039;eau des \u00e9lectrolyseurs 6\" src=\"https:\/\/oqitop.com\/wp-content\/uploads\/2025\/12\/Titanium-Mesh-150x150.jpg\" sizes=\"(max-width: 150px) 100vw, 150px\" srcset=\"https:\/\/oqitop.com\/wp-content\/uploads\/2025\/12\/Titanium-Mesh-150x150.jpg 150w, https:\/\/oqitop.com\/wp-content\/uploads\/2025\/12\/Titanium-Mesh-300x300.jpg 300w, https:\/\/oqitop.com\/wp-content\/uploads\/2025\/12\/Titanium-Mesh-768x768.jpg 768w, https:\/\/oqitop.com\/wp-content\/uploads\/2025\/12\/Titanium-Mesh.jpg 1001w\" alt=\"\" width=\"150\" height=\"150\" \/><\/a><figcaption id=\"caption-attachment-3764\" class=\"wp-caption-text\"><a href=\"https:\/\/oqitop.com\/fr\/produits\/maille-metallique\/titanium-mesh\/\">Maille en titane<\/a><\/figcaption><\/figure>\n<\/td>\n<td>&nbsp;<\/p>\n<figure id=\"attachment_3765\" class=\"wp-caption aligncenter\" aria-describedby=\"caption-attachment-3765\"><a href=\"https:\/\/oqitop.com\/fr\/produits\/maille-metallique\/silver-mesh\/\"><img loading=\"lazy\" decoding=\"async\" class=\"size-thumbnail wp-image-3765\" title=\"Maille m\u00e9tallique en titane Maille m\u00e9tallique en titane pour le traitement de l&#039;eau des \u00e9lectrolyseurs 7\" src=\"https:\/\/oqitop.com\/wp-content\/uploads\/2025\/12\/Silver-Mesh-150x150.png\" sizes=\"(max-width: 150px) 100vw, 150px\" srcset=\"https:\/\/oqitop.com\/wp-content\/uploads\/2025\/12\/Silver-Mesh-150x150.png 150w, https:\/\/oqitop.com\/wp-content\/uploads\/2025\/12\/Silver-Mesh-300x300.png 300w, https:\/\/oqitop.com\/wp-content\/uploads\/2025\/12\/Silver-Mesh-768x768.png 768w, https:\/\/oqitop.com\/wp-content\/uploads\/2025\/12\/Silver-Mesh.png 800w\" alt=\"\" width=\"150\" height=\"150\" \/><\/a><figcaption id=\"caption-attachment-3765\" class=\"wp-caption-text\"><a href=\"https:\/\/oqitop.com\/fr\/produits\/maille-metallique\/silver-mesh\/\">Maille argent\u00e9e<\/a><\/figcaption><\/figure>\n<\/td>\n<td>&nbsp;<\/p>\n<figure id=\"attachment_3766\" class=\"wp-caption aligncenter\" aria-describedby=\"caption-attachment-3766\"><a href=\"https:\/\/oqitop.com\/fr\/produits\/maille-metallique\/maille-de-molybdene\/\"><img loading=\"lazy\" decoding=\"async\" class=\"size-thumbnail wp-image-3766\" title=\"Maille m\u00e9tallique en titane Maille m\u00e9tallique en titane pour le traitement de l&#039;eau des \u00e9lectrolyseurs 8\" src=\"https:\/\/oqitop.com\/wp-content\/uploads\/2025\/12\/Molybdenum-Mesh-150x150.jpg\" sizes=\"(max-width: 150px) 100vw, 150px\" srcset=\"https:\/\/oqitop.com\/wp-content\/uploads\/2025\/12\/Molybdenum-Mesh-150x150.jpg 150w, https:\/\/oqitop.com\/wp-content\/uploads\/2025\/12\/Molybdenum-Mesh-300x300.jpg 300w, https:\/\/oqitop.com\/wp-content\/uploads\/2025\/12\/Molybdenum-Mesh-1024x1024.jpg 1024w, https:\/\/oqitop.com\/wp-content\/uploads\/2025\/12\/Molybdenum-Mesh-768x768.jpg 768w, https:\/\/oqitop.com\/wp-content\/uploads\/2025\/12\/Molybdenum-Mesh.jpg 1500w\" alt=\"\" width=\"150\" height=\"150\" \/><\/a><figcaption id=\"caption-attachment-3766\" class=\"wp-caption-text\"><a href=\"https:\/\/oqitop.com\/fr\/produits\/maille-metallique\/maille-de-molybdene\/\">Maille en molybd\u00e8ne<\/a><\/figcaption><\/figure>\n<\/td>\n<td>&nbsp;<\/p>\n<figure id=\"attachment_3767\" class=\"wp-caption aligncenter\" aria-describedby=\"caption-attachment-3767\"><a href=\"https:\/\/oqitop.com\/fr\/produits\/maille-metallique\/stainless-steel-mesh\/\"><img loading=\"lazy\" decoding=\"async\" class=\"size-thumbnail wp-image-3767\" title=\"Maille m\u00e9tallique en titane Maille m\u00e9tallique en titane pour le traitement de l&#039;eau des \u00e9lectrolyseurs 9\" src=\"https:\/\/oqitop.com\/wp-content\/uploads\/2025\/12\/Steeless-Mesh-150x150.png\" sizes=\"(max-width: 150px) 100vw, 150px\" srcset=\"https:\/\/oqitop.com\/wp-content\/uploads\/2025\/12\/Steeless-Mesh-150x150.png 150w, https:\/\/oqitop.com\/wp-content\/uploads\/2025\/12\/Steeless-Mesh-300x300.png 300w, https:\/\/oqitop.com\/wp-content\/uploads\/2025\/12\/Steeless-Mesh-768x768.png 768w, https:\/\/oqitop.com\/wp-content\/uploads\/2025\/12\/Steeless-Mesh.png 800w\" alt=\"\" width=\"150\" height=\"150\" \/><\/a><figcaption id=\"caption-attachment-3767\" class=\"wp-caption-text\"><a href=\"https:\/\/oqitop.com\/fr\/produits\/maille-metallique\/stainless-steel-mesh\/\">Treillis sans soudure<\/a><\/figcaption><\/figure>\n<\/td>\n<\/tr>\n<\/tbody>\n<\/table>\n<p><strong>Nous pouvons \u00e9galement personnaliser diverses mailles m\u00e9talliques ; veuillez nous contacter si n\u00e9cessaire.<img loading=\"lazy\" decoding=\"async\" class=\"aligncenter size-full wp-image-3787\" title=\"99.9% Purity Nickel Mesh Nickel Metal Mesh for Lab Research 3\" src=\"https:\/\/oqitop.com\/wp-content\/uploads\/2025\/12\/12345-1.jpg\" sizes=\"(max-width: 1024px) 100vw, 1024px\" srcset=\"https:\/\/oqitop.com\/wp-content\/uploads\/2025\/12\/12345-1.jpg 1024w, https:\/\/oqitop.com\/wp-content\/uploads\/2025\/12\/12345-1-300x155.jpg 300w, https:\/\/oqitop.com\/wp-content\/uploads\/2025\/12\/12345-1-768x397.jpg 768w\" alt=\"\" width=\"1024\" height=\"529\" \/><\/strong><\/p>\n<div class=\"table-responsive\">\n<p><strong><img loading=\"lazy\" decoding=\"async\" class=\"aligncenter size-full wp-image-3786\" title=\"99.9% Purity Nickel Mesh Nickel Metal Mesh for Lab Research 4\" src=\"https:\/\/oqitop.com\/wp-content\/uploads\/2025\/12\/55555-11-19.jpg\" sizes=\"(max-width: 1024px) 100vw, 1024px\" srcset=\"https:\/\/oqitop.com\/wp-content\/uploads\/2025\/12\/55555-11-19.jpg 1024w, https:\/\/oqitop.com\/wp-content\/uploads\/2025\/12\/55555-11-19-300x198.jpg 300w, https:\/\/oqitop.com\/wp-content\/uploads\/2025\/12\/55555-11-19-768x508.jpg 768w\" alt=\"\" width=\"1024\" height=\"677\" \/><\/strong><\/p>\n<\/div>","protected":false},"featured_media":4695,"template":"","meta":{"_acf_changed":false,"site-sidebar-layout":"default","site-content-layout":"","ast-site-content-layout":"default","site-content-style":"default","site-sidebar-style":"default","ast-global-header-display":"","ast-banner-title-visibility":"","ast-main-header-display":"","ast-hfb-above-header-display":"","ast-hfb-below-header-display":"","ast-hfb-mobile-header-display":"","site-post-title":"","ast-breadcrumbs-content":"","ast-featured-img":"","footer-sml-layout":"","theme-transparent-header-meta":"default","adv-header-id-meta":"","stick-header-meta":"default","header-above-stick-meta":"","header-main-stick-meta":"","header-below-stick-meta":"","astra-migrate-meta-layouts":"set","ast-page-background-enabled":"default","ast-page-background-meta":{"desktop":{"background-color":"var(--ast-global-color-4)","background-image":"","background-repeat":"repeat","background-position":"center center","background-size":"auto","background-attachment":"scroll","background-type":"","background-media":"","overlay-type":"","overlay-color":"","overlay-opacity":"","overlay-gradient":""},"tablet":{"background-color":"","background-image":"","background-repeat":"repeat","background-position":"center center","background-size":"auto","background-attachment":"scroll","background-type":"","background-media":"","overlay-type":"","overlay-color":"","overlay-opacity":"","overlay-gradient":""},"mobile":{"background-color":"","background-image":"","background-repeat":"repeat","background-position":"center center","background-size":"auto","background-attachment":"scroll","background-type":"","background-media":"","overlay-type":"","overlay-color":"","overlay-opacity":"","overlay-gradient":""}},"ast-content-background-meta":{"desktop":{"background-color":"var(--ast-global-color-5)","background-image":"","background-repeat":"repeat","background-position":"center center","background-size":"auto","background-attachment":"scroll","background-type":"","background-media":"","overlay-type":"","overlay-color":"","overlay-opacity":"","overlay-gradient":""},"tablet":{"background-color":"var(--ast-global-color-5)","background-image":"","background-repeat":"repeat","background-position":"center center","background-size":"auto","background-attachment":"scroll","background-type":"","background-media":"","overlay-type":"","overlay-color":"","overlay-opacity":"","overlay-gradient":""},"mobile":{"background-color":"var(--ast-global-color-5)","background-image":"","background-repeat":"repeat","background-position":"center center","background-size":"auto","background-attachment":"scroll","background-type":"","background-media":"","overlay-type":"","overlay-color":"","overlay-opacity":"","overlay-gradient":""}}},"tags":[],"products":[231,233],"class_list":["post-4694","product","type-product","status-publish","has-post-thumbnail","hentry","products-metal-mesh","products-nickel-mesh"],"acf":[],"_links":{"self":[{"href":"https:\/\/oqitop.com\/fr\/wp-json\/wp\/v2\/product\/4694","targetHints":{"allow":["GET"]}}],"collection":[{"href":"https:\/\/oqitop.com\/fr\/wp-json\/wp\/v2\/product"}],"about":[{"href":"https:\/\/oqitop.com\/fr\/wp-json\/wp\/v2\/types\/product"}],"wp:featuredmedia":[{"embeddable":true,"href":"https:\/\/oqitop.com\/fr\/wp-json\/wp\/v2\/media\/4695"}],"wp:attachment":[{"href":"https:\/\/oqitop.com\/fr\/wp-json\/wp\/v2\/media?parent=4694"}],"wp:term":[{"taxonomy":"post_tag","embeddable":true,"href":"https:\/\/oqitop.com\/fr\/wp-json\/wp\/v2\/tags?post=4694"},{"taxonomy":"products","embeddable":true,"href":"https:\/\/oqitop.com\/fr\/wp-json\/wp\/v2\/products?post=4694"}],"curies":[{"name":"wp","href":"https:\/\/api.w.org\/{rel}","templated":true}]}}