 {"id":5013,"date":"2026-01-06T17:14:25","date_gmt":"2026-01-06T09:14:25","guid":{"rendered":"https:\/\/oqitop.com\/?post_type=product&#038;p=5013"},"modified":"2026-01-15T17:47:14","modified_gmt":"2026-01-15T09:47:14","slug":"experimental-high-purity-tin-foil-sn99-99","status":"publish","type":"product","link":"https:\/\/oqitop.com\/fr\/experimental-high-purity-tin-foil-sn99-99\/","title":{"rendered":"Experimental High Purity Tin Foil Sn99.99%"},"content":{"rendered":"<h3 style=\"text-align: center;\"><span style=\"color: #ff0000;\">Experimental High Purity Tin Foil Sn99.99%<\/span><\/h3>\n<p><iframe src=\"https:\/\/www.youtube.com\/embed\/6ea1epKIihk?rel=0\" allowfullscreen=\"allowfullscreen\" data-mce-fragment=\"1\"><span data-mce-type=\"bookmark\" style=\"display: inline-block; width: 0px; overflow: hidden; line-height: 0;\" class=\"mce_SELRES_start\"><\/span><\/iframe><\/p>\n<p>&nbsp;<\/p>\n<p align=\"left\"><strong>Introduction<\/strong><\/p>\n<p>Tin (element symbol SN) metal element, metal tin is soft and flexible, melting point 231.89 \u2103, boiling point 2260 \u2103. The density is 7.28 g \/ cm3 and the ductility is good; Tin is inert and does not react with air or water. It reacts slowly with dilute hydrochloric acid and reacts with concentrated hydrochloric acid to form stannous chloride; It does not react with dilute sulfuric acid, but reacts with concentrated hot sulfuric acid to form tin sulfate (IV); Formed with concentrated hot nitric acid \u03b2- Stannic acid. Tin can be used to make a variety of tin ware and art products, such as tin pot, tin cup, tin tableware, etc<\/p>\n<p><strong>Characteristics\u00a0<\/strong><br \/>\n1\uff09Flexibility: Tin foil exhibits excellent flexibility and malleability, allowing it to be easily bent, folded, and wrapped to accommodate diverse shapes and purposes.<br \/>\n2\uff09Conductivity: Tin foil serves as a good conductor of electricity, finding applications in electronic devices, circuit connections, and electromagnetic shielding.<br \/>\n3\uff09Thermal Conductivity: Tin foil boasts good thermal conductivity, facilitating roles in heating, heat dissipation, and insulation.<br \/>\n4\uff09Corrosion Resistance: Tin foil displays resistance to various chemicals, making it suitable for use in different environmental conditions.<br \/>\n5\uff09Sealability: Tin foil effectively seals objects, preventing contamination, oxidation, or moisture infiltration.<br \/>\n6\uff09Barrier Properties: Tin foil offers effective barriers against gases, moisture, and light, making it suitable for packaging and isolation purposes.<br \/>\n7\uff09Weldability: In certain applications, tin foil can be welded, enhancing its ease of connection and fixation.<br \/>\n8\uff09Oxidation Resistance: Tin foil is less susceptible to oxidation in air, retaining its surface gloss and performance.<br \/>\n9\uff09Lightweight: Tin foil is relatively lightweight, making it suitable for applications requiring weight reduction.<br \/>\n10\uff09Processability: Tin foil can be processed through cutting, stamping, folding, engraving, and other methods to achieve desired shapes.<\/p>\n<p style=\"text-align: left;\" align=\"center\"><strong>Sp\u00e9cifications<\/strong><\/p>\n<p style=\"text-align: left;\" align=\"center\">High purity tin foil<br \/>\nPurity &gt; 99.99%<br \/>\nThickness: 0.02mm-5mm<\/p>\n<p><b><strong>Pour personnaliser les diff\u00e9rentes feuilles m\u00e9talliques, veuillez cliquer sur l'image ci-dessous pour plus de d\u00e9tails\uff1a<\/strong><\/b><\/p>\n<table>\n<tbody>\n<tr>\n<td>&nbsp;<\/p>\n<figure id=\"attachment_3927\" class=\"wp-caption aligncenter\" aria-describedby=\"caption-attachment-3927\"><a href=\"https:\/\/oqitop.com\/fr\/produits\/metal-foil\/feuille-de-cuivre\/\"><img decoding=\"async\" class=\"size-thumbnail wp-image-3927\" title=\"Feuille d&#039;argent haute performance Conductivit\u00e9 Feuille de m\u00e9tal Ag Feuille d&#039;argent haute performance Conductivit\u00e9 Feuille de m\u00e9tal Ag 1\" src=\"https:\/\/oqitop.com\/wp-content\/uploads\/2025\/12\/Copper-Foil-1-150x150.jpg\" sizes=\"(max-width: 150px) 100vw, 150px\" srcset=\"https:\/\/oqitop.com\/wp-content\/uploads\/2025\/12\/Copper-Foil-1-150x150.jpg 150w, https:\/\/oqitop.com\/wp-content\/uploads\/2025\/12\/Copper-Foil-1.jpg 300w\" alt=\"\" width=\"150\" height=\"150\" \/><\/a><figcaption id=\"caption-attachment-3927\" class=\"wp-caption-text\"><a href=\"https:\/\/oqitop.com\/fr\/produits\/metal-foil\/feuille-de-cuivre\/\">Feuille de cuivre<\/a><\/figcaption><\/figure>\n<\/td>\n<td>&nbsp;<\/p>\n<figure id=\"attachment_3928\" class=\"wp-caption aligncenter\" aria-describedby=\"caption-attachment-3928\"><a href=\"https:\/\/oqitop.com\/fr\/produits\/metal-foil\/aluminum-foil\/\"><img decoding=\"async\" class=\"size-thumbnail wp-image-3928\" title=\"Feuille d&#039;argent haute performance Conductivit\u00e9 Feuille de m\u00e9tal Ag Feuille d&#039;argent haute performance Conductivit\u00e9 Feuille de m\u00e9tal Ag 2\" src=\"https:\/\/oqitop.com\/wp-content\/uploads\/2025\/12\/Aluminum-Foil-1-150x150.jpg\" sizes=\"(max-width: 150px) 100vw, 150px\" srcset=\"https:\/\/oqitop.com\/wp-content\/uploads\/2025\/12\/Aluminum-Foil-1-150x150.jpg 150w, https:\/\/oqitop.com\/wp-content\/uploads\/2025\/12\/Aluminum-Foil-1.jpg 300w\" alt=\"\" width=\"150\" height=\"150\" \/><\/a><figcaption id=\"caption-attachment-3928\" class=\"wp-caption-text\"><a href=\"https:\/\/oqitop.com\/fr\/produits\/metal-foil\/aluminum-foil\/\">Papier d'aluminium<\/a><\/figcaption><\/figure>\n<\/td>\n<td>&nbsp;<\/p>\n<figure id=\"attachment_3929\" class=\"wp-caption aligncenter\" aria-describedby=\"caption-attachment-3929\"><a href=\"https:\/\/oqitop.com\/fr\/produits\/metal-foil\/stainless-steel-foil\/\"><img decoding=\"async\" class=\"size-thumbnail wp-image-3929\" title=\"Feuille d&#039;argent haute performance Conductivit\u00e9 Feuille de m\u00e9tal Ag Feuille d&#039;argent haute performance Conductivit\u00e9 Feuille de m\u00e9tal Ag 3\" src=\"https:\/\/oqitop.com\/wp-content\/uploads\/2025\/12\/Stainless-Steel-Foil-150x150.jpg\" sizes=\"(max-width: 150px) 100vw, 150px\" srcset=\"https:\/\/oqitop.com\/wp-content\/uploads\/2025\/12\/Stainless-Steel-Foil-150x150.jpg 150w, https:\/\/oqitop.com\/wp-content\/uploads\/2025\/12\/Stainless-Steel-Foil.jpg 300w\" alt=\"\" width=\"150\" height=\"150\" \/><\/a><figcaption id=\"caption-attachment-3929\" class=\"wp-caption-text\"><a href=\"https:\/\/oqitop.com\/fr\/produits\/metal-foil\/stainless-steel-foil\/\">Feuille en acier inoxydable<\/a><\/figcaption><\/figure>\n<\/td>\n<td>&nbsp;<\/p>\n<figure id=\"attachment_3930\" class=\"wp-caption aligncenter\" aria-describedby=\"caption-attachment-3930\"><a href=\"https:\/\/oqitop.com\/fr\/produits\/metal-foil\/tin-foil\/\"><img loading=\"lazy\" decoding=\"async\" class=\"size-thumbnail wp-image-3930\" title=\"Feuille d&#039;argent haute performance Conductivit\u00e9 Feuille de m\u00e9tal Ag Feuille d&#039;argent haute performance Conductivit\u00e9 Feuille de m\u00e9tal Ag 4\" src=\"https:\/\/oqitop.com\/wp-content\/uploads\/2025\/12\/Tin-Foil-150x150.jpg\" sizes=\"(max-width: 150px) 100vw, 150px\" srcset=\"https:\/\/oqitop.com\/wp-content\/uploads\/2025\/12\/Tin-Foil-150x150.jpg 150w, https:\/\/oqitop.com\/wp-content\/uploads\/2025\/12\/Tin-Foil.jpg 300w\" alt=\"\" width=\"150\" height=\"150\" \/><\/a><figcaption id=\"caption-attachment-3930\" class=\"wp-caption-text\"><a href=\"https:\/\/oqitop.com\/fr\/produits\/metal-foil\/tin-foil\/\">Papier d'aluminium<\/a><\/figcaption><\/figure>\n<\/td>\n<\/tr>\n<tr>\n<td>&nbsp;<\/p>\n<figure id=\"attachment_3931\" class=\"wp-caption aligncenter\" aria-describedby=\"caption-attachment-3931\"><a href=\"https:\/\/oqitop.com\/fr\/produits\/metal-foil\/titanium-foil\/\"><img loading=\"lazy\" decoding=\"async\" class=\"size-thumbnail wp-image-3931\" title=\"Feuille d&#039;argent haute performance Conductivit\u00e9 Feuille de m\u00e9tal Ag Feuille d&#039;argent haute performance Conductivit\u00e9 Feuille de m\u00e9tal Ag 5\" src=\"https:\/\/oqitop.com\/wp-content\/uploads\/2025\/12\/Titanium-Foil-150x150.jpg\" sizes=\"(max-width: 150px) 100vw, 150px\" srcset=\"https:\/\/oqitop.com\/wp-content\/uploads\/2025\/12\/Titanium-Foil-150x150.jpg 150w, https:\/\/oqitop.com\/wp-content\/uploads\/2025\/12\/Titanium-Foil.jpg 300w\" alt=\"\" width=\"150\" height=\"150\" \/><\/a><figcaption id=\"caption-attachment-3931\" class=\"wp-caption-text\"><a href=\"https:\/\/oqitop.com\/fr\/produits\/metal-foil\/titanium-foil\/\">Feuille de titane<\/a><\/figcaption><\/figure>\n<\/td>\n<td>&nbsp;<\/p>\n<figure id=\"attachment_3932\" class=\"wp-caption aligncenter\" aria-describedby=\"caption-attachment-3932\"><a href=\"https:\/\/oqitop.com\/fr\/produits\/metal-foil\/nickel-foil\/\"><img loading=\"lazy\" decoding=\"async\" class=\"size-thumbnail wp-image-3932\" title=\"Feuille d&#039;argent haute performance Conductivit\u00e9 Feuille de m\u00e9tal Ag Feuille d&#039;argent haute performance Conductivit\u00e9 Feuille de m\u00e9tal Ag 6\" src=\"https:\/\/oqitop.com\/wp-content\/uploads\/2025\/12\/Nickel-Foil-150x150.jpg\" sizes=\"(max-width: 150px) 100vw, 150px\" srcset=\"https:\/\/oqitop.com\/wp-content\/uploads\/2025\/12\/Nickel-Foil-150x150.jpg 150w, https:\/\/oqitop.com\/wp-content\/uploads\/2025\/12\/Nickel-Foil.jpg 300w\" alt=\"\" width=\"150\" height=\"150\" \/><\/a><figcaption id=\"caption-attachment-3932\" class=\"wp-caption-text\"><a href=\"https:\/\/oqitop.com\/fr\/produits\/metal-foil\/nickel-foil\/\">Feuille de nickel<\/a><\/figcaption><\/figure>\n<\/td>\n<td>&nbsp;<\/p>\n<figure id=\"attachment_3933\" class=\"wp-caption aligncenter\" aria-describedby=\"caption-attachment-3933\"><a href=\"https:\/\/oqitop.com\/fr\/produits\/metal-foil\/nickel-foil\/\"><img loading=\"lazy\" decoding=\"async\" class=\"size-thumbnail wp-image-3933\" title=\"Feuille d&#039;argent haute performance Conductivit\u00e9 Feuille de m\u00e9tal Ag Feuille d&#039;argent haute performance Conductivit\u00e9 Feuille de m\u00e9tal Ag 7\" src=\"https:\/\/oqitop.com\/wp-content\/uploads\/2025\/12\/Silver-Foil-150x150.jpg\" sizes=\"(max-width: 150px) 100vw, 150px\" srcset=\"https:\/\/oqitop.com\/wp-content\/uploads\/2025\/12\/Silver-Foil-150x150.jpg 150w, https:\/\/oqitop.com\/wp-content\/uploads\/2025\/12\/Silver-Foil.jpg 300w\" alt=\"\" width=\"150\" height=\"150\" \/><\/a><figcaption id=\"caption-attachment-3933\" class=\"wp-caption-text\"><a href=\"https:\/\/oqitop.com\/fr\/produits\/metal-foil\/nickel-foil\/\">Feuille d'argent<\/a><\/figcaption><\/figure>\n<\/td>\n<td>&nbsp;<\/p>\n<figure id=\"attachment_3934\" class=\"wp-caption aligncenter\" aria-describedby=\"caption-attachment-3934\"><figcaption id=\"caption-attachment-3934\" class=\"wp-caption-text\"><a href=\"https:\/\/oqitop.com\/fr\/tungsten-foil\/\"><img loading=\"lazy\" decoding=\"async\" class=\"aligncenter wp-image-4981 size-thumbnail\" title=\"High Quality 99.99% Pure Aluminum Coil Aluminum Foil 1\" src=\"https:\/\/oqitop.com\/wp-content\/uploads\/2026\/01\/123-150x150.jpg\" sizes=\"(max-width: 150px) 100vw, 150px\" srcset=\"https:\/\/oqitop.com\/wp-content\/uploads\/2026\/01\/123-150x150.jpg 150w, https:\/\/oqitop.com\/wp-content\/uploads\/2026\/01\/123-12x12.jpg 12w, https:\/\/oqitop.com\/wp-content\/uploads\/2026\/01\/123.jpg 300w\" alt=\"\" width=\"150\" height=\"150\" \/><\/a><a href=\"https:\/\/oqitop.com\/fr\/produits\/metal-foil\/tungsten-foil\/\">Feuilles de tungst\u00e8ne<\/a><\/figcaption><\/figure>\n<\/td>\n<\/tr>\n<\/tbody>\n<\/table>\n<p>&nbsp;<\/p>\n<p style=\"text-align: left;\" align=\"center\"><img loading=\"lazy\" decoding=\"async\" class=\"aligncenter size-full wp-image-3699\" title=\"Customizable Size Tin Foil with Excellent Sealability and Flexibility 1\" src=\"https:\/\/oqitop.com\/wp-content\/uploads\/2025\/12\/6-17.jpg\" sizes=\"(max-width: 1024px) 100vw, 1024px\" srcset=\"https:\/\/oqitop.com\/wp-content\/uploads\/2025\/12\/6-17.jpg 1024w, https:\/\/oqitop.com\/wp-content\/uploads\/2025\/12\/6-17-170x300.jpg 170w, https:\/\/oqitop.com\/wp-content\/uploads\/2025\/12\/6-17-582x1024.jpg 582w, https:\/\/oqitop.com\/wp-content\/uploads\/2025\/12\/6-17-768x1352.jpg 768w, https:\/\/oqitop.com\/wp-content\/uploads\/2025\/12\/6-17-873x1536.jpg 873w\" alt=\"\" width=\"1024\" height=\"1802\" \/><img loading=\"lazy\" decoding=\"async\" class=\"aligncenter size-full wp-image-3700\" title=\"Customizable Size Tin Foil with Excellent Sealability and Flexibility 2\" src=\"https:\/\/oqitop.com\/wp-content\/uploads\/2025\/12\/55555-11-14.jpg\" sizes=\"(max-width: 1024px) 100vw, 1024px\" srcset=\"https:\/\/oqitop.com\/wp-content\/uploads\/2025\/12\/55555-11-14.jpg 1024w, https:\/\/oqitop.com\/wp-content\/uploads\/2025\/12\/55555-11-14-300x198.jpg 300w, https:\/\/oqitop.com\/wp-content\/uploads\/2025\/12\/55555-11-14-768x508.jpg 768w\" alt=\"\" width=\"1024\" height=\"677\" \/><\/p>","protected":false},"featured_media":5014,"template":"","meta":{"_acf_changed":false,"site-sidebar-layout":"default","site-content-layout":"","ast-site-content-layout":"default","site-content-style":"default","site-sidebar-style":"default","ast-global-header-display":"","ast-banner-title-visibility":"","ast-main-header-display":"","ast-hfb-above-header-display":"","ast-hfb-below-header-display":"","ast-hfb-mobile-header-display":"","site-post-title":"","ast-breadcrumbs-content":"","ast-featured-img":"","footer-sml-layout":"","theme-transparent-header-meta":"default","adv-header-id-meta":"","stick-header-meta":"default","header-above-stick-meta":"","header-main-stick-meta":"","header-below-stick-meta":"","astra-migrate-meta-layouts":"set","ast-page-background-enabled":"default","ast-page-background-meta":{"desktop":{"background-color":"var(--ast-global-color-4)","background-image":"","background-repeat":"repeat","background-position":"center center","background-size":"auto","background-attachment":"scroll","background-type":"","background-media":"","overlay-type":"","overlay-color":"","overlay-opacity":"","overlay-gradient":""},"tablet":{"background-color":"","background-image":"","background-repeat":"repeat","background-position":"center center","background-size":"auto","background-attachment":"scroll","background-type":"","background-media":"","overlay-type":"","overlay-color":"","overlay-opacity":"","overlay-gradient":""},"mobile":{"background-color":"","background-image":"","background-repeat":"repeat","background-position":"center center","background-size":"auto","background-attachment":"scroll","background-type":"","background-media":"","overlay-type":"","overlay-color":"","overlay-opacity":"","overlay-gradient":""}},"ast-content-background-meta":{"desktop":{"background-color":"var(--ast-global-color-5)","background-image":"","background-repeat":"repeat","background-position":"center center","background-size":"auto","background-attachment":"scroll","background-type":"","background-media":"","overlay-type":"","overlay-color":"","overlay-opacity":"","overlay-gradient":""},"tablet":{"background-color":"var(--ast-global-color-5)","background-image":"","background-repeat":"repeat","background-position":"center center","background-size":"auto","background-attachment":"scroll","background-type":"","background-media":"","overlay-type":"","overlay-color":"","overlay-opacity":"","overlay-gradient":""},"mobile":{"background-color":"var(--ast-global-color-5)","background-image":"","background-repeat":"repeat","background-position":"center center","background-size":"auto","background-attachment":"scroll","background-type":"","background-media":"","overlay-type":"","overlay-color":"","overlay-opacity":"","overlay-gradient":""}}},"tags":[],"products":[223,227],"class_list":["post-5013","product","type-product","status-publish","has-post-thumbnail","hentry","products-metal-foil","products-tin-foil"],"acf":[],"_links":{"self":[{"href":"https:\/\/oqitop.com\/fr\/wp-json\/wp\/v2\/product\/5013","targetHints":{"allow":["GET"]}}],"collection":[{"href":"https:\/\/oqitop.com\/fr\/wp-json\/wp\/v2\/product"}],"about":[{"href":"https:\/\/oqitop.com\/fr\/wp-json\/wp\/v2\/types\/product"}],"wp:featuredmedia":[{"embeddable":true,"href":"https:\/\/oqitop.com\/fr\/wp-json\/wp\/v2\/media\/5014"}],"wp:attachment":[{"href":"https:\/\/oqitop.com\/fr\/wp-json\/wp\/v2\/media?parent=5013"}],"wp:term":[{"taxonomy":"post_tag","embeddable":true,"href":"https:\/\/oqitop.com\/fr\/wp-json\/wp\/v2\/tags?post=5013"},{"taxonomy":"products","embeddable":true,"href":"https:\/\/oqitop.com\/fr\/wp-json\/wp\/v2\/products?post=5013"}],"curies":[{"name":"wp","href":"https:\/\/api.w.org\/{rel}","templated":true}]}}