 {"id":5233,"date":"2026-01-08T16:30:23","date_gmt":"2026-01-08T08:30:23","guid":{"rendered":"https:\/\/oqitop.com\/?post_type=product&#038;p=5233"},"modified":"2026-01-15T20:52:51","modified_gmt":"2026-01-15T12:52:51","slug":"copper-nickel-alloy-wire-corrosion-resistant-red-copper-wire","status":"publish","type":"product","link":"https:\/\/oqitop.com\/fr\/copper-nickel-alloy-wire-corrosion-resistant-red-copper-wire\/","title":{"rendered":"Copper Nickel Alloy Wire Corrosion Resistant Red Copper Wire"},"content":{"rendered":"<h3 style=\"text-align: center;\"><span style=\"color: #ff0000;\">Copper Nickel Alloy Wire Corrosion Resistant Red Copper Wire<\/span><\/h3>\n<p><iframe src=\"https:\/\/www.youtube.com\/embed\/NQ0HIy07tds?rel=0\" allowfullscreen=\"allowfullscreen\" data-mce-fragment=\"1\"><\/iframe><\/p>\n<p align=\"left\"><strong>Characteristics and uses<\/strong><\/p>\n<table border=\"1\" cellspacing=\"2\">\n<tbody>\n<tr>\n<td valign=\"center\">\n<p class=\"\" align=\"center\"><b><span class=\"15\">Grade<\/span><\/b><\/p>\n<\/td>\n<td valign=\"center\" width=\"426\">\n<p class=\"\" align=\"center\"><b><span class=\"15\">Characteristics<\/span><\/b><\/p>\n<\/td>\n<td valign=\"center\" width=\"399\">\n<p class=\"\" align=\"center\"><b><span class=\"15\">Use<\/span><\/b><\/p>\n<\/td>\n<\/tr>\n<tr>\n<td valign=\"center\">\n<p class=\"\">H70\/C2600<\/p>\n<\/td>\n<td valign=\"center\" width=\"426\">\n<p class=\"p\">Excellent plasticity, high strength, good cutting processability, good welding and corrosion resistance<\/p>\n<\/td>\n<td valign=\"center\" width=\"399\">\n<p class=\"p\">Heat exchangers, paper tubes, machinery, electronic parts<\/p>\n<\/td>\n<\/tr>\n<tr>\n<td valign=\"center\">\n<p class=\"\">H68\/C2680<\/p>\n<\/td>\n<td valign=\"center\" width=\"426\">\n<p class=\"p\">The performance is very similar to H70, but there is a tendency of \u201ccracking\u201d during cold working.<\/p>\n<\/td>\n<td valign=\"center\" width=\"399\">\n<p class=\"p\">Used for complex cold stamping and deep drawing parts, such as bellows, cartridge cases, etc.<\/p>\n<\/td>\n<\/tr>\n<tr>\n<td valign=\"center\">\n<p class=\"\">H65\/C2720<\/p>\n<\/td>\n<td valign=\"center\" width=\"426\">\n<p class=\"p\">Has good mechanical properties and can withstand hot and cold processing<\/p>\n<\/td>\n<td valign=\"center\" width=\"399\">\n<p class=\"p\">Make small hardware, daily necessities, screws and other parts<\/p>\n<\/td>\n<\/tr>\n<tr>\n<td valign=\"center\">\n<p class=\"\">H63\/C2720<\/p>\n<\/td>\n<td valign=\"center\" width=\"426\">\n<p class=\"p\">It has good mechanical properties, good plasticity in hot state, good machinability, weldability and corrosion resistance.<\/p>\n<\/td>\n<td valign=\"center\" width=\"399\">\n<p class=\"p\">Various deep extension and bending force-bearing parts, such as pins, nuts, barometer springs, heat dissipation, and ring parts<\/p>\n<\/td>\n<\/tr>\n<tr>\n<td valign=\"center\">\n<p class=\"\">H62\/C2720<\/p>\n<\/td>\n<td valign=\"center\" width=\"426\">\n<p class=\"\">It has good mechanical properties, good plasticity in the hot state and good plasticity in the cold state. It has good machinability, is easy to braze and weld, and is corrosion-resistant, but it is prone to corrosion and cracking.In addition, it is cheap and is a common brass variety that is widely used.<\/p>\n<\/td>\n<td valign=\"center\" width=\"399\">\n<p class=\"\">Can be used to produce various deep drawing and bending stress-bearing parts, such as pins, rivets, washers, nuts, conduits, barometer springs, screens, radiator parts, etc.<\/p>\n<\/td>\n<\/tr>\n<tr>\n<td valign=\"center\">\n<p class=\"\">H59\/C2800<\/p>\n<\/td>\n<td valign=\"center\" width=\"426\">\n<p class=\"\">The cheaper brass has high strength, hardness and good plasticity, but it can still withstand pressure processing well in the hot state. It has average corrosion resistance and other properties are similar to H62.<\/p>\n<\/td>\n<td valign=\"center\" width=\"399\">\n<p class=\"\">Can be used to make various deep drawing and bending stress-bearing parts, such as pins, rivets, washers, nuts, conduits, barometer springs, screens, radiator parts, etc.<\/p>\n<\/td>\n<\/tr>\n<\/tbody>\n<\/table>\n<p>&nbsp;<\/p>\n<p><strong>Element<\/strong><\/p>\n<p>&nbsp;<\/p>\n<table border=\"1\" cellspacing=\"2\">\n<tbody>\n<tr>\n<td valign=\"center\">\n<p class=\"\" align=\"center\"><b><span class=\"15\">Grade<\/span><\/b><b><\/b><\/p>\n<\/td>\n<td valign=\"center\">\n<p class=\"\" align=\"center\"><b><span class=\"15\">Cu<\/span><\/b><b><\/b><\/p>\n<\/td>\n<td valign=\"center\">\n<p class=\"\" align=\"center\"><b><span class=\"15\">Fe<\/span><\/b><b><\/b><\/p>\n<\/td>\n<td valign=\"center\">\n<p class=\"\" align=\"center\"><b><span class=\"15\">Pb<\/span><\/b><b><\/b><\/p>\n<\/td>\n<td valign=\"center\">\n<p class=\"\" align=\"center\"><b><span class=\"15\">Sb<\/span><\/b><b><\/b><\/p>\n<\/td>\n<td valign=\"center\">\n<p class=\"\" align=\"center\"><b><span class=\"15\">Bi<\/span><\/b><b><\/b><\/p>\n<\/td>\n<td valign=\"center\">\n<p class=\"\" align=\"center\"><b><span class=\"15\">P<\/span><\/b><b><\/b><\/p>\n<\/td>\n<td valign=\"center\">\n<p class=\"\" align=\"center\"><b><span class=\"15\">Zn<\/span><\/b><b><\/b><\/p>\n<\/td>\n<td valign=\"center\" width=\"178\">\n<p class=\"\" align=\"center\"><b><span class=\"15\">Total impurities<\/span><\/b><b><\/b><\/p>\n<\/td>\n<\/tr>\n<tr>\n<td valign=\"center\">\n<p class=\"\" align=\"center\">H70\/C2600<\/p>\n<\/td>\n<td valign=\"center\">\n<p class=\"\" align=\"center\">68.5-71.5<\/p>\n<\/td>\n<td valign=\"center\">\n<p class=\"\" align=\"center\">0.10<\/p>\n<\/td>\n<td valign=\"center\">\n<p class=\"\" align=\"center\">0.03<\/p>\n<\/td>\n<td valign=\"center\">\n<p class=\"\" align=\"center\">0.005<\/p>\n<\/td>\n<td valign=\"center\">\n<p class=\"\" align=\"center\">0.002<\/p>\n<\/td>\n<td valign=\"center\">\n<p class=\"\" align=\"center\">0.01<\/p>\n<\/td>\n<td valign=\"center\">\n<p class=\"\" align=\"center\">Remaining<\/p>\n<\/td>\n<td valign=\"center\" width=\"178\">\n<p class=\"\" align=\"center\">0.3<\/p>\n<\/td>\n<\/tr>\n<tr>\n<td valign=\"center\">\n<p class=\"\" align=\"center\">H68\/C2680<\/p>\n<\/td>\n<td valign=\"center\">\n<p class=\"\" align=\"center\">67.0-70.0<\/p>\n<\/td>\n<td valign=\"center\">\n<p class=\"\" align=\"center\">0.10<\/p>\n<\/td>\n<td valign=\"center\">\n<p class=\"\" align=\"center\">0.03<\/p>\n<\/td>\n<td valign=\"center\">\n<p class=\"\" align=\"center\">0.005<\/p>\n<\/td>\n<td valign=\"center\">\n<p class=\"\" align=\"center\">0.002<\/p>\n<\/td>\n<td valign=\"center\">\n<p class=\"\" align=\"center\">0.01<\/p>\n<\/td>\n<td valign=\"center\">\n<p class=\"\" align=\"center\">Remaining<\/p>\n<\/td>\n<td valign=\"center\" width=\"178\">\n<p class=\"\" align=\"center\">0.3<\/p>\n<\/td>\n<\/tr>\n<tr>\n<td valign=\"center\">\n<p class=\"\" align=\"center\">H65\/C2720<\/p>\n<\/td>\n<td valign=\"center\">\n<p class=\"\" align=\"center\">63.5-68.0<\/p>\n<\/td>\n<td valign=\"center\">\n<p class=\"\" align=\"center\">0.10<\/p>\n<\/td>\n<td valign=\"center\">\n<p class=\"\" align=\"center\">0.03<\/p>\n<\/td>\n<td valign=\"center\">\n<p class=\"\" align=\"center\">0.005<\/p>\n<\/td>\n<td valign=\"center\">\n<p class=\"\" align=\"center\">0.002<\/p>\n<\/td>\n<td valign=\"center\">\n<p class=\"\" align=\"center\">0.01<\/p>\n<\/td>\n<td valign=\"center\">\n<p class=\"\" align=\"center\">Remaining<\/p>\n<\/td>\n<td valign=\"center\" width=\"178\">\n<p class=\"\" align=\"center\">0.3<\/p>\n<\/td>\n<\/tr>\n<tr>\n<td valign=\"center\">\n<p class=\"\" align=\"center\">H63\/C2720<\/p>\n<\/td>\n<td valign=\"center\">\n<p class=\"\" align=\"center\">62.0-65.0<\/p>\n<\/td>\n<td valign=\"center\">\n<p class=\"\" align=\"center\">0.15<\/p>\n<\/td>\n<td valign=\"center\">\n<p class=\"\" align=\"center\">0.08<\/p>\n<\/td>\n<td valign=\"center\">\n<p class=\"\" align=\"center\">0.005<\/p>\n<\/td>\n<td valign=\"center\">\n<p class=\"\" align=\"center\">0.002<\/p>\n<\/td>\n<td valign=\"center\">\n<p class=\"\" align=\"center\">0.01<\/p>\n<\/td>\n<td valign=\"center\">\n<p class=\"\" align=\"center\">Remaining<\/p>\n<\/td>\n<td valign=\"center\" width=\"178\">\n<p class=\"\" align=\"center\">0.5<\/p>\n<\/td>\n<\/tr>\n<tr>\n<td valign=\"center\">\n<p class=\"\" align=\"center\">H62\/C2720<\/p>\n<\/td>\n<td valign=\"center\">\n<p class=\"\" align=\"center\">60.5-63.5<\/p>\n<\/td>\n<td valign=\"center\">\n<p class=\"\" align=\"center\">0.15<\/p>\n<\/td>\n<td valign=\"center\">\n<p class=\"\" align=\"center\">0.08<\/p>\n<\/td>\n<td valign=\"center\">\n<p class=\"\" align=\"center\">0.005<\/p>\n<\/td>\n<td valign=\"center\">\n<p class=\"\" align=\"center\">0.002<\/p>\n<\/td>\n<td valign=\"center\">\n<p class=\"\" align=\"center\">0.01<\/p>\n<\/td>\n<td valign=\"center\">\n<p class=\"\" align=\"center\">Remaining<\/p>\n<\/td>\n<td valign=\"center\" width=\"178\">\n<p class=\"\" align=\"center\">0.5<\/p>\n<\/td>\n<\/tr>\n<tr>\n<td valign=\"center\">\n<p class=\"\" align=\"center\">H59\/C2800<\/p>\n<\/td>\n<td valign=\"center\">\n<p class=\"\" align=\"center\">57.0-60.0<\/p>\n<\/td>\n<td valign=\"center\">\n<p class=\"\" align=\"center\">0.30<\/p>\n<\/td>\n<td valign=\"center\">\n<p class=\"\" align=\"center\">0.5<\/p>\n<\/td>\n<td valign=\"center\">\n<p class=\"\" align=\"center\">0.01<\/p>\n<\/td>\n<td valign=\"center\">\n<p class=\"\" align=\"center\">0.003<\/p>\n<\/td>\n<td valign=\"center\">\n<p class=\"\" align=\"center\">0.01<\/p>\n<\/td>\n<td valign=\"center\">\n<p class=\"\" align=\"center\">Remaining<\/p>\n<\/td>\n<td valign=\"center\" width=\"178\">\n<p class=\"\" align=\"center\">1.0<\/p>\n<\/td>\n<\/tr>\n<\/tbody>\n<\/table>\n<p><b><strong>Pour personnaliser diff\u00e9rents fils m\u00e9talliques, veuillez cliquer sur l'image ci-dessous pour plus de d\u00e9tails\uff1a<\/strong><\/b><\/p>\n<table>\n<tbody>\n<tr>\n<td>&nbsp;<\/p>\n<figure id=\"attachment_3942\" class=\"wp-caption aligncenter\" aria-describedby=\"caption-attachment-3942\"><a href=\"https:\/\/oqitop.com\/fr\/produits\/metal-wire\/gold-wire\/\"><img decoding=\"async\" class=\"size-thumbnail wp-image-3942\" title=\"Fil d&#039;or de haute puret\u00e9 99,99% Applications de circuits int\u00e9gr\u00e9s avanc\u00e9s \u00e0 haute conductivit\u00e9 1\" src=\"https:\/\/oqitop.com\/wp-content\/uploads\/2025\/12\/Gold-Wire-150x150.jpg\" sizes=\"(max-width: 150px) 100vw, 150px\" srcset=\"https:\/\/oqitop.com\/wp-content\/uploads\/2025\/12\/Gold-Wire-150x150.jpg 150w, https:\/\/oqitop.com\/wp-content\/uploads\/2025\/12\/Gold-Wire.jpg 300w\" alt=\"\" width=\"150\" height=\"150\" \/><\/a><figcaption id=\"caption-attachment-3942\" class=\"wp-caption-text\"><a href=\"https:\/\/oqitop.com\/fr\/produits\/metal-wire\/gold-wire\/\">Fil d'or<\/a><\/figcaption><\/figure>\n<\/td>\n<td>&nbsp;<\/p>\n<figure id=\"attachment_3943\" class=\"wp-caption aligncenter\" aria-describedby=\"caption-attachment-3943\"><a href=\"https:\/\/oqitop.com\/fr\/produits\/metal-wire\/copper-wire\/\"><img decoding=\"async\" class=\"size-thumbnail wp-image-3943\" title=\"Fil d&#039;or de haute puret\u00e9 99,99% Applications de circuits int\u00e9gr\u00e9s avanc\u00e9s \u00e0 haute conductivit\u00e9 2\" src=\"https:\/\/oqitop.com\/wp-content\/uploads\/2025\/12\/Copper-Wire-150x150.jpg\" sizes=\"(max-width: 150px) 100vw, 150px\" srcset=\"https:\/\/oqitop.com\/wp-content\/uploads\/2025\/12\/Copper-Wire-150x150.jpg 150w, https:\/\/oqitop.com\/wp-content\/uploads\/2025\/12\/Copper-Wire.jpg 300w\" alt=\"\" width=\"150\" height=\"150\" \/><\/a><figcaption id=\"caption-attachment-3943\" class=\"wp-caption-text\"><a href=\"https:\/\/oqitop.com\/fr\/produits\/metal-wire\/copper-wire\/\">Fil de cuivre<\/a><\/figcaption><\/figure>\n<\/td>\n<td>&nbsp;<\/p>\n<figure id=\"attachment_3944\" class=\"wp-caption aligncenter\" aria-describedby=\"caption-attachment-3944\"><figcaption id=\"caption-attachment-3944\" class=\"wp-caption-text\"><a href=\"https:\/\/oqitop.com\/fr\/iron-wire\/\"><img decoding=\"async\" class=\"aligncenter size-thumbnail wp-image-5153\" title=\"Fil d&#039;or de haute puret\u00e9 99.99% pour mat\u00e9riaux d&#039;emballage de semi-conducteurs 1\" src=\"https:\/\/oqitop.com\/wp-content\/uploads\/2025\/12\/12345-4-150x150.jpg\" sizes=\"(max-width: 150px) 100vw, 150px\" srcset=\"https:\/\/oqitop.com\/wp-content\/uploads\/2025\/12\/12345-4-150x150.jpg 150w, https:\/\/oqitop.com\/wp-content\/uploads\/2025\/12\/12345-4-12x12.jpg 12w, https:\/\/oqitop.com\/wp-content\/uploads\/2025\/12\/12345-4.jpg 300w\" alt=\"\" width=\"150\" height=\"150\" \/><\/a><a href=\"https:\/\/oqitop.com\/fr\/produits\/metal-wire\/iron-wire\/\">Fil de fer<\/a><\/figcaption><\/figure>\n<\/td>\n<td>&nbsp;<\/p>\n<figure id=\"attachment_3945\" class=\"wp-caption aligncenter\" aria-describedby=\"caption-attachment-3945\"><a href=\"https:\/\/oqitop.com\/fr\/produits\/metal-wire\/platinum-wire\/\"><img loading=\"lazy\" decoding=\"async\" class=\"size-thumbnail wp-image-3945\" title=\"Fil d&#039;or de haute puret\u00e9 99,99% Applications de circuits int\u00e9gr\u00e9s avanc\u00e9s \u00e0 haute conductivit\u00e9 4\" src=\"https:\/\/oqitop.com\/wp-content\/uploads\/2025\/12\/Platinum-Wire-150x150.jpg\" sizes=\"(max-width: 150px) 100vw, 150px\" srcset=\"https:\/\/oqitop.com\/wp-content\/uploads\/2025\/12\/Platinum-Wire-150x150.jpg 150w, https:\/\/oqitop.com\/wp-content\/uploads\/2025\/12\/Platinum-Wire.jpg 300w\" alt=\"\" width=\"150\" height=\"150\" \/><\/a><figcaption id=\"caption-attachment-3945\" class=\"wp-caption-text\"><a href=\"https:\/\/oqitop.com\/fr\/produits\/metal-wire\/platinum-wire\/\">Fil de platine<\/a><\/figcaption><\/figure>\n<\/td>\n<\/tr>\n<tr>\n<td>&nbsp;<\/p>\n<figure id=\"attachment_3946\" class=\"wp-caption aligncenter\" aria-describedby=\"caption-attachment-3946\"><a href=\"https:\/\/oqitop.com\/fr\/produits\/metal-wire\/silver-wire\/\"><img loading=\"lazy\" decoding=\"async\" class=\"size-thumbnail wp-image-3946\" title=\"Fil d&#039;or de haute puret\u00e9 99,99% Applications de circuits int\u00e9gr\u00e9s avanc\u00e9s de fils d&#039;or de haute conductivit\u00e9 5\" src=\"https:\/\/oqitop.com\/wp-content\/uploads\/2025\/12\/Silver-Wire-150x150.jpg\" sizes=\"(max-width: 150px) 100vw, 150px\" srcset=\"https:\/\/oqitop.com\/wp-content\/uploads\/2025\/12\/Silver-Wire-150x150.jpg 150w, https:\/\/oqitop.com\/wp-content\/uploads\/2025\/12\/Silver-Wire.jpg 300w\" alt=\"\" width=\"150\" height=\"150\" \/><\/a><figcaption id=\"caption-attachment-3946\" class=\"wp-caption-text\"><a href=\"https:\/\/oqitop.com\/fr\/produits\/metal-wire\/silver-wire\/\">Fil d'argent<\/a><\/figcaption><\/figure>\n<\/td>\n<td>&nbsp;<\/p>\n<figure id=\"attachment_3947\" class=\"wp-caption aligncenter\" aria-describedby=\"caption-attachment-3947\"><a href=\"https:\/\/oqitop.com\/fr\/produits\/metal-wire\/nickel-wire\/\"><img loading=\"lazy\" decoding=\"async\" class=\"size-thumbnail wp-image-3947\" title=\"Fil d&#039;or de haute puret\u00e9 99,99% Applications de circuits int\u00e9gr\u00e9s avanc\u00e9s \u00e0 haute conductivit\u00e9 6\" src=\"https:\/\/oqitop.com\/wp-content\/uploads\/2025\/12\/Nickel-Wire-150x150.jpg\" sizes=\"(max-width: 150px) 100vw, 150px\" srcset=\"https:\/\/oqitop.com\/wp-content\/uploads\/2025\/12\/Nickel-Wire-150x150.jpg 150w, https:\/\/oqitop.com\/wp-content\/uploads\/2025\/12\/Nickel-Wire.jpg 300w\" alt=\"\" width=\"150\" height=\"150\" \/><\/a><figcaption id=\"caption-attachment-3947\" class=\"wp-caption-text\"><a href=\"https:\/\/oqitop.com\/fr\/produits\/metal-wire\/nickel-wire\/\">Fil de nickel<\/a><\/figcaption><\/figure>\n<\/td>\n<td>&nbsp;<\/p>\n<figure id=\"attachment_3948\" class=\"wp-caption aligncenter\" aria-describedby=\"caption-attachment-3948\"><a href=\"https:\/\/oqitop.com\/fr\/produits\/metal-wire\/iridium-wire\/\"><img loading=\"lazy\" decoding=\"async\" class=\"size-thumbnail wp-image-3948\" title=\"Fil d&#039;or de haute puret\u00e9 99,99% Applications de circuits int\u00e9gr\u00e9s avanc\u00e9s de fils d&#039;or de haute conductivit\u00e9 7\" src=\"https:\/\/oqitop.com\/wp-content\/uploads\/2025\/12\/lridium-wire-150x150.jpg\" sizes=\"(max-width: 150px) 100vw, 150px\" srcset=\"https:\/\/oqitop.com\/wp-content\/uploads\/2025\/12\/lridium-wire-150x150.jpg 150w, https:\/\/oqitop.com\/wp-content\/uploads\/2025\/12\/lridium-wire.jpg 300w\" alt=\"\" width=\"150\" height=\"150\" \/><\/a><figcaption id=\"caption-attachment-3948\" class=\"wp-caption-text\"><a href=\"https:\/\/oqitop.com\/fr\/produits\/metal-wire\/iridium-wire\/\">fil lridium<\/a><\/figcaption><\/figure>\n<\/td>\n<td>&nbsp;<\/p>\n<figure id=\"attachment_3949\" class=\"wp-caption aligncenter\" aria-describedby=\"caption-attachment-3949\"><a href=\"https:\/\/oqitop.com\/fr\/produits\/metal-wire\/titanium-wire\/\"><img loading=\"lazy\" decoding=\"async\" class=\"aligncenter wp-image-3949 size-thumbnail\" title=\"Fil d&#039;or de haute puret\u00e9 99,99% Applications de circuits int\u00e9gr\u00e9s avanc\u00e9s \u00e0 haute conductivit\u00e9 8\" src=\"https:\/\/oqitop.com\/wp-content\/uploads\/2025\/12\/Titanium-Wire-150x150.jpg\" sizes=\"(max-width: 150px) 100vw, 150px\" srcset=\"https:\/\/oqitop.com\/wp-content\/uploads\/2025\/12\/Titanium-Wire-150x150.jpg 150w, https:\/\/oqitop.com\/wp-content\/uploads\/2025\/12\/Titanium-Wire.jpg 300w\" alt=\"\" width=\"150\" height=\"150\" \/><\/a><figcaption id=\"caption-attachment-3949\" class=\"wp-caption-text\"><a href=\"https:\/\/oqitop.com\/fr\/produits\/metal-wire\/titanium-wire\/\">Fil de titane<\/a><\/figcaption><\/figure>\n<\/td>\n<\/tr>\n<\/tbody>\n<\/table>\n<p><img loading=\"lazy\" decoding=\"async\" class=\"aligncenter size-full wp-image-3972\" title=\"High Purity 99% Multifunctional Brass Wire Metal Copper Wire 1\" src=\"https:\/\/oqitop.com\/wp-content\/uploads\/2025\/12\/111111-5.jpg\" sizes=\"(max-width: 1024px) 100vw, 1024px\" srcset=\"https:\/\/oqitop.com\/wp-content\/uploads\/2025\/12\/111111-5.jpg 1024w, https:\/\/oqitop.com\/wp-content\/uploads\/2025\/12\/111111-5-169x300.jpg 169w, https:\/\/oqitop.com\/wp-content\/uploads\/2025\/12\/111111-5-578x1024.jpg 578w, https:\/\/oqitop.com\/wp-content\/uploads\/2025\/12\/111111-5-768x1361.jpg 768w, https:\/\/oqitop.com\/wp-content\/uploads\/2025\/12\/111111-5-867x1536.jpg 867w\" alt=\"\" width=\"1024\" height=\"1815\" \/><img loading=\"lazy\" decoding=\"async\" class=\"aligncenter size-full wp-image-3973\" title=\"High Purity 99% Multifunctional Brass Wire Metal Copper Wire 2\" src=\"https:\/\/oqitop.com\/wp-content\/uploads\/2025\/12\/55555-11-28.jpg\" sizes=\"(max-width: 1024px) 100vw, 1024px\" srcset=\"https:\/\/oqitop.com\/wp-content\/uploads\/2025\/12\/55555-11-28.jpg 1024w, https:\/\/oqitop.com\/wp-content\/uploads\/2025\/12\/55555-11-28-300x198.jpg 300w, https:\/\/oqitop.com\/wp-content\/uploads\/2025\/12\/55555-11-28-768x508.jpg 768w\" alt=\"\" width=\"1024\" height=\"677\" \/><\/p>","protected":false},"featured_media":5234,"template":"","meta":{"_acf_changed":false,"site-sidebar-layout":"default","site-content-layout":"","ast-site-content-layout":"default","site-content-style":"default","site-sidebar-style":"default","ast-global-header-display":"","ast-banner-title-visibility":"","ast-main-header-display":"","ast-hfb-above-header-display":"","ast-hfb-below-header-display":"","ast-hfb-mobile-header-display":"","site-post-title":"","ast-breadcrumbs-content":"","ast-featured-img":"","footer-sml-layout":"","theme-transparent-header-meta":"default","adv-header-id-meta":"","stick-header-meta":"default","header-above-stick-meta":"","header-main-stick-meta":"","header-below-stick-meta":"","astra-migrate-meta-layouts":"set","ast-page-background-enabled":"default","ast-page-background-meta":{"desktop":{"background-color":"var(--ast-global-color-4)","background-image":"","background-repeat":"repeat","background-position":"center center","background-size":"auto","background-attachment":"scroll","background-type":"","background-media":"","overlay-type":"","overlay-color":"","overlay-opacity":"","overlay-gradient":""},"tablet":{"background-color":"","background-image":"","background-repeat":"repeat","background-position":"center center","background-size":"auto","background-attachment":"scroll","background-type":"","background-media":"","overlay-type":"","overlay-color":"","overlay-opacity":"","overlay-gradient":""},"mobile":{"background-color":"","background-image":"","background-repeat":"repeat","background-position":"center center","background-size":"auto","background-attachment":"scroll","background-type":"","background-media":"","overlay-type":"","overlay-color":"","overlay-opacity":"","overlay-gradient":""}},"ast-content-background-meta":{"desktop":{"background-color":"var(--ast-global-color-5)","background-image":"","background-repeat":"repeat","background-position":"center center","background-size":"auto","background-attachment":"scroll","background-type":"","background-media":"","overlay-type":"","overlay-color":"","overlay-opacity":"","overlay-gradient":""},"tablet":{"background-color":"var(--ast-global-color-5)","background-image":"","background-repeat":"repeat","background-position":"center center","background-size":"auto","background-attachment":"scroll","background-type":"","background-media":"","overlay-type":"","overlay-color":"","overlay-opacity":"","overlay-gradient":""},"mobile":{"background-color":"var(--ast-global-color-5)","background-image":"","background-repeat":"repeat","background-position":"center center","background-size":"auto","background-attachment":"scroll","background-type":"","background-media":"","overlay-type":"","overlay-color":"","overlay-opacity":"","overlay-gradient":""}}},"tags":[],"products":[243,241],"class_list":["post-5233","product","type-product","status-publish","has-post-thumbnail","hentry","products-copper-wire","products-metal-wire"],"acf":[],"_links":{"self":[{"href":"https:\/\/oqitop.com\/fr\/wp-json\/wp\/v2\/product\/5233","targetHints":{"allow":["GET"]}}],"collection":[{"href":"https:\/\/oqitop.com\/fr\/wp-json\/wp\/v2\/product"}],"about":[{"href":"https:\/\/oqitop.com\/fr\/wp-json\/wp\/v2\/types\/product"}],"wp:featuredmedia":[{"embeddable":true,"href":"https:\/\/oqitop.com\/fr\/wp-json\/wp\/v2\/media\/5234"}],"wp:attachment":[{"href":"https:\/\/oqitop.com\/fr\/wp-json\/wp\/v2\/media?parent=5233"}],"wp:term":[{"taxonomy":"post_tag","embeddable":true,"href":"https:\/\/oqitop.com\/fr\/wp-json\/wp\/v2\/tags?post=5233"},{"taxonomy":"products","embeddable":true,"href":"https:\/\/oqitop.com\/fr\/wp-json\/wp\/v2\/products?post=5233"}],"curies":[{"name":"wp","href":"https:\/\/api.w.org\/{rel}","templated":true}]}}