 {"id":5340,"date":"2026-01-09T11:22:12","date_gmt":"2026-01-09T03:22:12","guid":{"rendered":"https:\/\/oqitop.com\/?post_type=product&#038;p=5340"},"modified":"2026-01-15T21:14:21","modified_gmt":"2026-01-15T13:14:21","slug":"high-quality-ultra-thin-nickel-fine-wire-0-025mm-99-99-pure-nickel-200-201-ni-wire","status":"publish","type":"product","link":"https:\/\/oqitop.com\/fr\/high-quality-ultra-thin-nickel-fine-wire-0-025mm-99-99-pure-nickel-200-201-ni-wire\/","title":{"rendered":"High Quality Ultra Thin Nickel Fine Wire 0.025mm 99.99% Pure Nickel 200 201 Ni Wire"},"content":{"rendered":"<h5 style=\"text-align: center;\"><span style=\"color: #ff0000;\">High Quality Ultra Thin Nickel Fine Wire 0.025mm 99.99% Pure Nickel 200 201 Ni Wire<\/span><\/h5>\n<p><iframe src=\"https:\/\/www.youtube.com\/embed\/2_6tzoL2Nco?rel=0\" allowfullscreen=\"allowfullscreen\" data-mce-fragment=\"1\"><\/iframe><\/p>\n<p>Description:<br \/>\nNickel metal wire, crafted from high-purity nickel, stands out for its exceptional corrosion resistance, high melting point, and robust chemical stability. This fine wire offers excellent conductivity and is ideal for applications requiring resilience in extreme environments, such as high-temperature heating elements, sensor components, and specialized electronic circuits. Its versatility extends to laboratory use, industrial processes, and various electronic applications.<\/p>\n<p>Specifications:Material: High-purity nickel<br \/>\nPurity: 99.5%<br \/>\nFeatures: High corrosion resistance, excellent electrical conductivity<br \/>\nApplications: High-temperature heating elements, sensor components, specialized electronics, laboratory, industrial processes<\/p>\n<p><b><strong>Pour personnaliser diff\u00e9rents fils m\u00e9talliques, veuillez cliquer sur l'image ci-dessous pour plus de d\u00e9tails\uff1a<\/strong><\/b><\/p>\n<table>\n<tbody>\n<tr>\n<td>&nbsp;<\/p>\n<figure id=\"attachment_3942\" class=\"wp-caption aligncenter\" aria-describedby=\"caption-attachment-3942\"><a href=\"https:\/\/oqitop.com\/fr\/produits\/metal-wire\/gold-wire\/\"><img decoding=\"async\" class=\"size-thumbnail wp-image-3942\" title=\"Fil d&#039;or de haute puret\u00e9 99,99% Applications de circuits int\u00e9gr\u00e9s avanc\u00e9s \u00e0 haute conductivit\u00e9 1\" src=\"https:\/\/oqitop.com\/wp-content\/uploads\/2025\/12\/Gold-Wire-150x150.jpg\" sizes=\"(max-width: 150px) 100vw, 150px\" srcset=\"https:\/\/oqitop.com\/wp-content\/uploads\/2025\/12\/Gold-Wire-150x150.jpg 150w, https:\/\/oqitop.com\/wp-content\/uploads\/2025\/12\/Gold-Wire.jpg 300w\" alt=\"\" width=\"150\" height=\"150\" \/><\/a><figcaption id=\"caption-attachment-3942\" class=\"wp-caption-text\"><a href=\"https:\/\/oqitop.com\/fr\/produits\/metal-wire\/gold-wire\/\">Fil d'or<\/a><\/figcaption><\/figure>\n<\/td>\n<td>&nbsp;<\/p>\n<figure id=\"attachment_3943\" class=\"wp-caption aligncenter\" aria-describedby=\"caption-attachment-3943\"><a href=\"https:\/\/oqitop.com\/fr\/produits\/metal-wire\/copper-wire\/\"><img decoding=\"async\" class=\"size-thumbnail wp-image-3943\" title=\"Fil d&#039;or de haute puret\u00e9 99,99% Applications de circuits int\u00e9gr\u00e9s avanc\u00e9s \u00e0 haute conductivit\u00e9 2\" src=\"https:\/\/oqitop.com\/wp-content\/uploads\/2025\/12\/Copper-Wire-150x150.jpg\" sizes=\"(max-width: 150px) 100vw, 150px\" srcset=\"https:\/\/oqitop.com\/wp-content\/uploads\/2025\/12\/Copper-Wire-150x150.jpg 150w, https:\/\/oqitop.com\/wp-content\/uploads\/2025\/12\/Copper-Wire.jpg 300w\" alt=\"\" width=\"150\" height=\"150\" \/><\/a><figcaption id=\"caption-attachment-3943\" class=\"wp-caption-text\"><a href=\"https:\/\/oqitop.com\/fr\/produits\/metal-wire\/copper-wire\/\">Fil de cuivre<\/a><\/figcaption><\/figure>\n<\/td>\n<td>&nbsp;<\/p>\n<figure id=\"attachment_3944\" class=\"wp-caption aligncenter\" aria-describedby=\"caption-attachment-3944\"><figcaption id=\"caption-attachment-3944\" class=\"wp-caption-text\"><a href=\"https:\/\/oqitop.com\/fr\/iron-wire\/\"><img decoding=\"async\" class=\"aligncenter size-thumbnail wp-image-5153\" title=\"Fil d&#039;or de haute puret\u00e9 99.99% pour mat\u00e9riaux d&#039;emballage de semi-conducteurs 1\" src=\"https:\/\/oqitop.com\/wp-content\/uploads\/2025\/12\/12345-4-150x150.jpg\" sizes=\"(max-width: 150px) 100vw, 150px\" srcset=\"https:\/\/oqitop.com\/wp-content\/uploads\/2025\/12\/12345-4-150x150.jpg 150w, https:\/\/oqitop.com\/wp-content\/uploads\/2025\/12\/12345-4-12x12.jpg 12w, https:\/\/oqitop.com\/wp-content\/uploads\/2025\/12\/12345-4.jpg 300w\" alt=\"\" width=\"150\" height=\"150\" \/><\/a><a href=\"https:\/\/oqitop.com\/fr\/produits\/metal-wire\/iron-wire\/\">Fil de fer<\/a><\/figcaption><\/figure>\n<\/td>\n<td>&nbsp;<\/p>\n<figure id=\"attachment_3945\" class=\"wp-caption aligncenter\" aria-describedby=\"caption-attachment-3945\"><a href=\"https:\/\/oqitop.com\/fr\/produits\/metal-wire\/platinum-wire\/\"><img loading=\"lazy\" decoding=\"async\" class=\"size-thumbnail wp-image-3945\" title=\"Fil d&#039;or de haute puret\u00e9 99,99% Applications de circuits int\u00e9gr\u00e9s avanc\u00e9s \u00e0 haute conductivit\u00e9 4\" src=\"https:\/\/oqitop.com\/wp-content\/uploads\/2025\/12\/Platinum-Wire-150x150.jpg\" sizes=\"(max-width: 150px) 100vw, 150px\" srcset=\"https:\/\/oqitop.com\/wp-content\/uploads\/2025\/12\/Platinum-Wire-150x150.jpg 150w, https:\/\/oqitop.com\/wp-content\/uploads\/2025\/12\/Platinum-Wire.jpg 300w\" alt=\"\" width=\"150\" height=\"150\" \/><\/a><figcaption id=\"caption-attachment-3945\" class=\"wp-caption-text\"><a href=\"https:\/\/oqitop.com\/fr\/produits\/metal-wire\/platinum-wire\/\">Fil de platine<\/a><\/figcaption><\/figure>\n<\/td>\n<\/tr>\n<tr>\n<td>&nbsp;<\/p>\n<figure id=\"attachment_3946\" class=\"wp-caption aligncenter\" aria-describedby=\"caption-attachment-3946\"><a href=\"https:\/\/oqitop.com\/fr\/produits\/metal-wire\/silver-wire\/\"><img loading=\"lazy\" decoding=\"async\" class=\"size-thumbnail wp-image-3946\" title=\"Fil d&#039;or de haute puret\u00e9 99,99% Applications de circuits int\u00e9gr\u00e9s avanc\u00e9s de fils d&#039;or de haute conductivit\u00e9 5\" src=\"https:\/\/oqitop.com\/wp-content\/uploads\/2025\/12\/Silver-Wire-150x150.jpg\" sizes=\"(max-width: 150px) 100vw, 150px\" srcset=\"https:\/\/oqitop.com\/wp-content\/uploads\/2025\/12\/Silver-Wire-150x150.jpg 150w, https:\/\/oqitop.com\/wp-content\/uploads\/2025\/12\/Silver-Wire.jpg 300w\" alt=\"\" width=\"150\" height=\"150\" \/><\/a><figcaption id=\"caption-attachment-3946\" class=\"wp-caption-text\"><a href=\"https:\/\/oqitop.com\/fr\/produits\/metal-wire\/silver-wire\/\">Fil d'argent<\/a><\/figcaption><\/figure>\n<\/td>\n<td>&nbsp;<\/p>\n<figure id=\"attachment_3947\" class=\"wp-caption aligncenter\" aria-describedby=\"caption-attachment-3947\"><a href=\"https:\/\/oqitop.com\/fr\/produits\/metal-wire\/nickel-wire\/\"><img loading=\"lazy\" decoding=\"async\" class=\"size-thumbnail wp-image-3947\" title=\"Fil d&#039;or de haute puret\u00e9 99,99% Applications de circuits int\u00e9gr\u00e9s avanc\u00e9s \u00e0 haute conductivit\u00e9 6\" src=\"https:\/\/oqitop.com\/wp-content\/uploads\/2025\/12\/Nickel-Wire-150x150.jpg\" sizes=\"(max-width: 150px) 100vw, 150px\" srcset=\"https:\/\/oqitop.com\/wp-content\/uploads\/2025\/12\/Nickel-Wire-150x150.jpg 150w, https:\/\/oqitop.com\/wp-content\/uploads\/2025\/12\/Nickel-Wire.jpg 300w\" alt=\"\" width=\"150\" height=\"150\" \/><\/a><figcaption id=\"caption-attachment-3947\" class=\"wp-caption-text\"><a href=\"https:\/\/oqitop.com\/fr\/produits\/metal-wire\/nickel-wire\/\">Fil de nickel<\/a><\/figcaption><\/figure>\n<\/td>\n<td>&nbsp;<\/p>\n<figure id=\"attachment_3948\" class=\"wp-caption aligncenter\" aria-describedby=\"caption-attachment-3948\"><a href=\"https:\/\/oqitop.com\/fr\/produits\/metal-wire\/iridium-wire\/\"><img loading=\"lazy\" decoding=\"async\" class=\"size-thumbnail wp-image-3948\" title=\"Fil d&#039;or de haute puret\u00e9 99,99% Applications de circuits int\u00e9gr\u00e9s avanc\u00e9s de fils d&#039;or de haute conductivit\u00e9 7\" src=\"https:\/\/oqitop.com\/wp-content\/uploads\/2025\/12\/lridium-wire-150x150.jpg\" sizes=\"(max-width: 150px) 100vw, 150px\" srcset=\"https:\/\/oqitop.com\/wp-content\/uploads\/2025\/12\/lridium-wire-150x150.jpg 150w, https:\/\/oqitop.com\/wp-content\/uploads\/2025\/12\/lridium-wire.jpg 300w\" alt=\"\" width=\"150\" height=\"150\" \/><\/a><figcaption id=\"caption-attachment-3948\" class=\"wp-caption-text\"><a href=\"https:\/\/oqitop.com\/fr\/produits\/metal-wire\/iridium-wire\/\">fil lridium<\/a><\/figcaption><\/figure>\n<\/td>\n<td>&nbsp;<\/p>\n<figure id=\"attachment_3949\" class=\"wp-caption aligncenter\" aria-describedby=\"caption-attachment-3949\"><a href=\"https:\/\/oqitop.com\/fr\/produits\/metal-wire\/titanium-wire\/\"><img loading=\"lazy\" decoding=\"async\" class=\"aligncenter wp-image-3949 size-thumbnail\" title=\"Fil d&#039;or de haute puret\u00e9 99,99% Applications de circuits int\u00e9gr\u00e9s avanc\u00e9s \u00e0 haute conductivit\u00e9 8\" src=\"https:\/\/oqitop.com\/wp-content\/uploads\/2025\/12\/Titanium-Wire-150x150.jpg\" sizes=\"(max-width: 150px) 100vw, 150px\" srcset=\"https:\/\/oqitop.com\/wp-content\/uploads\/2025\/12\/Titanium-Wire-150x150.jpg 150w, https:\/\/oqitop.com\/wp-content\/uploads\/2025\/12\/Titanium-Wire.jpg 300w\" alt=\"\" width=\"150\" height=\"150\" \/><\/a><figcaption id=\"caption-attachment-3949\" class=\"wp-caption-text\"><a href=\"https:\/\/oqitop.com\/fr\/produits\/metal-wire\/titanium-wire\/\">Fil de titane<\/a><\/figcaption><\/figure>\n<\/td>\n<\/tr>\n<\/tbody>\n<\/table>\n<p>&nbsp;<\/p>\n<p><img loading=\"lazy\" decoding=\"async\" class=\"aligncenter size-full wp-image-4045\" title=\"Oxidation-Resistant Nickel Wire: Versatile Pure Nickel Metal Wire 1\" src=\"https:\/\/oqitop.com\/wp-content\/uploads\/2025\/12\/5-36.jpg\" sizes=\"(max-width: 1024px) 100vw, 1024px\" srcset=\"https:\/\/oqitop.com\/wp-content\/uploads\/2025\/12\/5-36.jpg 1024w, https:\/\/oqitop.com\/wp-content\/uploads\/2025\/12\/5-36-300x300.jpg 300w, https:\/\/oqitop.com\/wp-content\/uploads\/2025\/12\/5-36-150x150.jpg 150w, https:\/\/oqitop.com\/wp-content\/uploads\/2025\/12\/5-36-768x768.jpg 768w\" alt=\"\" width=\"1024\" height=\"1024\" \/><img loading=\"lazy\" decoding=\"async\" class=\"aligncenter size-full wp-image-4046\" title=\"Oxidation-Resistant Nickel Wire: Versatile Pure Nickel Metal Wire 2\" src=\"https:\/\/oqitop.com\/wp-content\/uploads\/2025\/12\/55555-11-32.jpg\" sizes=\"(max-width: 1024px) 100vw, 1024px\" srcset=\"https:\/\/oqitop.com\/wp-content\/uploads\/2025\/12\/55555-11-32.jpg 1024w, https:\/\/oqitop.com\/wp-content\/uploads\/2025\/12\/55555-11-32-300x198.jpg 300w, https:\/\/oqitop.com\/wp-content\/uploads\/2025\/12\/55555-11-32-768x508.jpg 768w\" alt=\"\" width=\"1024\" height=\"677\" \/><\/p>","protected":false},"featured_media":5341,"template":"","meta":{"_acf_changed":false,"site-sidebar-layout":"default","site-content-layout":"","ast-site-content-layout":"default","site-content-style":"default","site-sidebar-style":"default","ast-global-header-display":"","ast-banner-title-visibility":"","ast-main-header-display":"","ast-hfb-above-header-display":"","ast-hfb-below-header-display":"","ast-hfb-mobile-header-display":"","site-post-title":"","ast-breadcrumbs-content":"","ast-featured-img":"","footer-sml-layout":"","theme-transparent-header-meta":"default","adv-header-id-meta":"","stick-header-meta":"default","header-above-stick-meta":"","header-main-stick-meta":"","header-below-stick-meta":"","astra-migrate-meta-layouts":"set","ast-page-background-enabled":"default","ast-page-background-meta":{"desktop":{"background-color":"var(--ast-global-color-4)","background-image":"","background-repeat":"repeat","background-position":"center center","background-size":"auto","background-attachment":"scroll","background-type":"","background-media":"","overlay-type":"","overlay-color":"","overlay-opacity":"","overlay-gradient":""},"tablet":{"background-color":"","background-image":"","background-repeat":"repeat","background-position":"center center","background-size":"auto","background-attachment":"scroll","background-type":"","background-media":"","overlay-type":"","overlay-color":"","overlay-opacity":"","overlay-gradient":""},"mobile":{"background-color":"","background-image":"","background-repeat":"repeat","background-position":"center center","background-size":"auto","background-attachment":"scroll","background-type":"","background-media":"","overlay-type":"","overlay-color":"","overlay-opacity":"","overlay-gradient":""}},"ast-content-background-meta":{"desktop":{"background-color":"var(--ast-global-color-5)","background-image":"","background-repeat":"repeat","background-position":"center center","background-size":"auto","background-attachment":"scroll","background-type":"","background-media":"","overlay-type":"","overlay-color":"","overlay-opacity":"","overlay-gradient":""},"tablet":{"background-color":"var(--ast-global-color-5)","background-image":"","background-repeat":"repeat","background-position":"center center","background-size":"auto","background-attachment":"scroll","background-type":"","background-media":"","overlay-type":"","overlay-color":"","overlay-opacity":"","overlay-gradient":""},"mobile":{"background-color":"var(--ast-global-color-5)","background-image":"","background-repeat":"repeat","background-position":"center center","background-size":"auto","background-attachment":"scroll","background-type":"","background-media":"","overlay-type":"","overlay-color":"","overlay-opacity":"","overlay-gradient":""}}},"tags":[],"products":[241,247],"class_list":["post-5340","product","type-product","status-publish","has-post-thumbnail","hentry","products-metal-wire","products-nickel-wire"],"acf":[],"_links":{"self":[{"href":"https:\/\/oqitop.com\/fr\/wp-json\/wp\/v2\/product\/5340","targetHints":{"allow":["GET"]}}],"collection":[{"href":"https:\/\/oqitop.com\/fr\/wp-json\/wp\/v2\/product"}],"about":[{"href":"https:\/\/oqitop.com\/fr\/wp-json\/wp\/v2\/types\/product"}],"wp:featuredmedia":[{"embeddable":true,"href":"https:\/\/oqitop.com\/fr\/wp-json\/wp\/v2\/media\/5341"}],"wp:attachment":[{"href":"https:\/\/oqitop.com\/fr\/wp-json\/wp\/v2\/media?parent=5340"}],"wp:term":[{"taxonomy":"post_tag","embeddable":true,"href":"https:\/\/oqitop.com\/fr\/wp-json\/wp\/v2\/tags?post=5340"},{"taxonomy":"products","embeddable":true,"href":"https:\/\/oqitop.com\/fr\/wp-json\/wp\/v2\/products?post=5340"}],"curies":[{"name":"wp","href":"https:\/\/api.w.org\/{rel}","templated":true}]}}