 {"id":5492,"date":"2026-01-05T16:12:59","date_gmt":"2026-01-05T08:12:59","guid":{"rendered":"https:\/\/oqitop.com\/?post_type=product&#038;p=5492"},"modified":"2026-04-05T16:15:27","modified_gmt":"2026-04-05T08:15:27","slug":"custom-titanium-alloy-plates-laser-cutting-precision-machining-irregularly-shaped-titanium-parts","status":"publish","type":"product","link":"https:\/\/oqitop.com\/fr\/custom-titanium-alloy-plates-laser-cutting-precision-machining-irregularly-shaped-titanium-parts\/","title":{"rendered":"Custom titanium alloy plates, laser cutting, precision machining, irregularly shaped titanium parts"},"content":{"rendered":"<h3 style=\"text-align: center;\"><span style=\"color: #ff0000;\">Customization supported High Quality GR1 Titanium alloy plates<\/span><\/h3>\n<p><iframe src=\"https:\/\/www.youtube.com\/embed\/VoIQiaueWMQ?rel=0\" allowfullscreen=\"allowfullscreen\" data-mce-fragment=\"1\"><span data-mce-type=\"bookmark\" style=\"display: inline-block; width: 0px; overflow: hidden; line-height: 0;\" class=\"mce_SELRES_start\"><\/span><\/iframe><\/p>\n<p>&nbsp;<\/p>\n<p align=\"left\"><strong>Introduction<\/strong><\/p>\n<p align=\"left\">The characteristics of titanium materials: low density, high specific strength, corrosion resistance, good heat resistance, good low temperature resistance, strong damping performance, non-magnetic, tensile strength close to its yield strength, good heat transfer performance, elastic modulus Low, suction performance;<br \/>\nTitanium applications: aerospace, petrochemical, shipbuilding, automobiles, machinery, accessories, medicine and other industries.<\/p>\n<table class=\"aliDataTable\" cellspacing=\"0\" cellpadding=\"0\">\n<tbody>\n<tr>\n<td><span data-spm-anchor-id=\"a2700.details-description.0.i0.7855MGD6MGD6zD\">Product name<\/span><\/td>\n<td>\u00a0Titanium foil\/titanium strip<\/td>\n<\/tr>\n<tr>\n<td>Standard<\/td>\n<td>ASTM\u00a0B265\u00a0 ASTM F67<\/td>\n<\/tr>\n<tr>\n<td rowspan=\"2\">Mat\u00e9riau<\/td>\n<td>Gr1,Gr2,Gr3,Gr4,Gr5,Gr7,\u00a0\u00a06AL4V Eli,\u00a0GR9, GR12, GR23<\/td>\n<\/tr>\n<tr>\n<td>TB3, TB6, TC4, TC6, TC11, TC17, TC18<\/td>\n<\/tr>\n<tr>\n<td>\u00c9paisseur<\/td>\n<td>0.005mm min<\/td>\n<\/tr>\n<tr>\n<td>Width<\/td>\n<td>30~210mm<\/td>\n<\/tr>\n<tr>\n<td>Length<\/td>\n<td>As the request<\/td>\n<\/tr>\n<tr>\n<td>Formulaire<\/td>\n<td>Single\u00a0strip,\u00a0in\u00a0coil,\u00a0or\u00a0on\u00a0spool.\u00a0Slitting\u00a0service\u00a0available<\/td>\n<\/tr>\n<tr>\n<td>Product Status<\/td>\n<td>Cold rolled(Y)~Hot rolled(R)~Annealed (M)~Solid Status<\/td>\n<\/tr>\n<tr>\n<td>technology<\/td>\n<td>hot forging ~ hot rolled ~ machining<\/td>\n<\/tr>\n<tr>\n<td rowspan=\"8\">Fonctionnalit\u00e9<\/td>\n<td>Grade\u00a01: Pure\u00a0Titanium,\u00a0relatively\u00a0low\u00a0strength\u00a0and\u00a0high\u00a0ductility.<\/td>\n<\/tr>\n<tr>\n<td>Grade\u00a02:The\u00a0pure\u00a0titanium\u00a0most\u00a0used.\u00a0The\u00a0best\u00a0combination\u00a0of\u00a0strength,ductility<\/p>\n<p>and\u00a0weldability.<\/td>\n<\/tr>\n<tr>\n<td>Grade\u00a03:High\u00a0strength\u00a0Titanium,\u00a0used\u00a0for\u00a0Matrix-plates\u00a0in\u00a0shell\u00a0and\u00a0tube\u00a0heat<\/p>\n<p>exchangers.<\/td>\n<\/tr>\n<tr>\n<td>Grade\u00a05:The\u00a0most\u00a0manufactured\u00a0titanium\u00a0alloy.\u00a0Exceedingly\u00a0high\u00a0strength.\u00a0high<\/p>\n<p>heat\u00a0resistance.<\/td>\n<\/tr>\n<tr>\n<td>Grade\u00a07: Superior\u00a0corrosion\u00a0resistance\u00a0in\u00a0reducing\u00a0and\u00a0oxidizing\u00a0environments.<\/td>\n<\/tr>\n<tr>\n<td>Grade\u00a09: Very\u00a0high\u00a0strength\u00a0and\u00a0corrosion\u00a0resistance.<\/td>\n<\/tr>\n<tr>\n<td>Grade\u00a012:Better\u00a0heat\u00a0resistance\u00a0than\u00a0pure\u00a0Titanium.\u00a0Applications\u00a0as\u00a0for\u00a0Grade\u00a07<\/p>\n<p>and\u00a0Grade\u00a011.<\/td>\n<\/tr>\n<tr>\n<td>Grade\u00a023: Titanium-6Aluminum-4Vanadium\u00a0ELI\u00a0(Extra\u00a0Low\u00a0Interstitial)\u00a0Alloy<\/p>\n<p>for\u00a0surgical\u00a0implant\u00a0application.<\/td>\n<\/tr>\n<tr>\n<td>Application<\/td>\n<td>Marine,Airframes,Gas Turbine Engines\u00a0, Heat exchangers\u00a0,Condensers,Desalination plant,Dental alloys,Pulp and paper, Centrifuges, Springs\u00a0,Sporting\u00a0 equipment,Automotive\u00a0,Seawater piping\u00a0,Medical implants\u00a0,Electrochemistry,Steam turbines\u00a0,Food and pharmaceutical industry, Oil refining and gas industry, Jewellery, architecture, domestic appliances<\/td>\n<\/tr>\n<\/tbody>\n<\/table>\n<p><b><strong>Pour personnaliser les diff\u00e9rentes feuilles m\u00e9talliques, veuillez cliquer sur l'image ci-dessous pour plus de d\u00e9tails\uff1a<\/strong><\/b><\/p>\n<table>\n<tbody>\n<tr>\n<td>&nbsp;<\/p>\n<figure id=\"attachment_3927\" class=\"wp-caption aligncenter\" aria-describedby=\"caption-attachment-3927\"><a href=\"https:\/\/oqitop.com\/fr\/produits\/metal-foil\/feuille-de-cuivre\/\"><img decoding=\"async\" class=\"size-thumbnail wp-image-3927\" title=\"Feuille d&#039;argent haute performance Conductivit\u00e9 Feuille de m\u00e9tal Ag Feuille d&#039;argent haute performance Conductivit\u00e9 Feuille de m\u00e9tal Ag 1\" src=\"https:\/\/oqitop.com\/wp-content\/uploads\/2025\/12\/Copper-Foil-1-150x150.jpg\" sizes=\"(max-width: 150px) 100vw, 150px\" srcset=\"https:\/\/oqitop.com\/wp-content\/uploads\/2025\/12\/Copper-Foil-1-150x150.jpg 150w, https:\/\/oqitop.com\/wp-content\/uploads\/2025\/12\/Copper-Foil-1.jpg 300w\" alt=\"\" width=\"150\" height=\"150\" \/><\/a><figcaption id=\"caption-attachment-3927\" class=\"wp-caption-text\"><a href=\"https:\/\/oqitop.com\/fr\/produits\/metal-foil\/feuille-de-cuivre\/\">Feuille de cuivre<\/a><\/figcaption><\/figure>\n<\/td>\n<td>&nbsp;<\/p>\n<figure id=\"attachment_3928\" class=\"wp-caption aligncenter\" aria-describedby=\"caption-attachment-3928\"><a href=\"https:\/\/oqitop.com\/fr\/produits\/metal-foil\/aluminum-foil\/\"><img decoding=\"async\" class=\"size-thumbnail wp-image-3928\" title=\"Feuille d&#039;argent haute performance Conductivit\u00e9 Feuille de m\u00e9tal Ag Feuille d&#039;argent haute performance Conductivit\u00e9 Feuille de m\u00e9tal Ag 2\" src=\"https:\/\/oqitop.com\/wp-content\/uploads\/2025\/12\/Aluminum-Foil-1-150x150.jpg\" sizes=\"(max-width: 150px) 100vw, 150px\" srcset=\"https:\/\/oqitop.com\/wp-content\/uploads\/2025\/12\/Aluminum-Foil-1-150x150.jpg 150w, https:\/\/oqitop.com\/wp-content\/uploads\/2025\/12\/Aluminum-Foil-1.jpg 300w\" alt=\"\" width=\"150\" height=\"150\" \/><\/a><figcaption id=\"caption-attachment-3928\" class=\"wp-caption-text\"><a href=\"https:\/\/oqitop.com\/fr\/produits\/metal-foil\/aluminum-foil\/\">Papier d'aluminium<\/a><\/figcaption><\/figure>\n<\/td>\n<td>&nbsp;<\/p>\n<figure id=\"attachment_3929\" class=\"wp-caption aligncenter\" aria-describedby=\"caption-attachment-3929\"><a href=\"https:\/\/oqitop.com\/fr\/produits\/metal-foil\/stainless-steel-foil\/\"><img decoding=\"async\" class=\"size-thumbnail wp-image-3929\" title=\"Feuille d&#039;argent haute performance Conductivit\u00e9 Feuille de m\u00e9tal Ag Feuille d&#039;argent haute performance Conductivit\u00e9 Feuille de m\u00e9tal Ag 3\" src=\"https:\/\/oqitop.com\/wp-content\/uploads\/2025\/12\/Stainless-Steel-Foil-150x150.jpg\" sizes=\"(max-width: 150px) 100vw, 150px\" srcset=\"https:\/\/oqitop.com\/wp-content\/uploads\/2025\/12\/Stainless-Steel-Foil-150x150.jpg 150w, https:\/\/oqitop.com\/wp-content\/uploads\/2025\/12\/Stainless-Steel-Foil.jpg 300w\" alt=\"\" width=\"150\" height=\"150\" \/><\/a><figcaption id=\"caption-attachment-3929\" class=\"wp-caption-text\"><a href=\"https:\/\/oqitop.com\/fr\/produits\/metal-foil\/stainless-steel-foil\/\">Feuille en acier inoxydable<\/a><\/figcaption><\/figure>\n<\/td>\n<td>&nbsp;<\/p>\n<figure id=\"attachment_3930\" class=\"wp-caption aligncenter\" aria-describedby=\"caption-attachment-3930\"><a href=\"https:\/\/oqitop.com\/fr\/produits\/metal-foil\/tin-foil\/\"><img loading=\"lazy\" decoding=\"async\" class=\"size-thumbnail wp-image-3930\" title=\"Feuille d&#039;argent haute performance Conductivit\u00e9 Feuille de m\u00e9tal Ag Feuille d&#039;argent haute performance Conductivit\u00e9 Feuille de m\u00e9tal Ag 4\" src=\"https:\/\/oqitop.com\/wp-content\/uploads\/2025\/12\/Tin-Foil-150x150.jpg\" sizes=\"(max-width: 150px) 100vw, 150px\" srcset=\"https:\/\/oqitop.com\/wp-content\/uploads\/2025\/12\/Tin-Foil-150x150.jpg 150w, https:\/\/oqitop.com\/wp-content\/uploads\/2025\/12\/Tin-Foil.jpg 300w\" alt=\"\" width=\"150\" height=\"150\" \/><\/a><figcaption id=\"caption-attachment-3930\" class=\"wp-caption-text\"><a href=\"https:\/\/oqitop.com\/fr\/produits\/metal-foil\/tin-foil\/\">Papier d'aluminium<\/a><\/figcaption><\/figure>\n<\/td>\n<\/tr>\n<tr>\n<td>&nbsp;<\/p>\n<figure id=\"attachment_3931\" class=\"wp-caption aligncenter\" aria-describedby=\"caption-attachment-3931\"><a href=\"https:\/\/oqitop.com\/fr\/produits\/metal-foil\/titanium-foil\/\"><img loading=\"lazy\" decoding=\"async\" class=\"size-thumbnail wp-image-3931\" title=\"Feuille d&#039;argent haute performance Conductivit\u00e9 Feuille de m\u00e9tal Ag Feuille d&#039;argent haute performance Conductivit\u00e9 Feuille de m\u00e9tal Ag 5\" src=\"https:\/\/oqitop.com\/wp-content\/uploads\/2025\/12\/Titanium-Foil-150x150.jpg\" sizes=\"(max-width: 150px) 100vw, 150px\" srcset=\"https:\/\/oqitop.com\/wp-content\/uploads\/2025\/12\/Titanium-Foil-150x150.jpg 150w, https:\/\/oqitop.com\/wp-content\/uploads\/2025\/12\/Titanium-Foil.jpg 300w\" alt=\"\" width=\"150\" height=\"150\" \/><\/a><figcaption id=\"caption-attachment-3931\" class=\"wp-caption-text\"><a href=\"https:\/\/oqitop.com\/fr\/produits\/metal-foil\/titanium-foil\/\">Feuille de titane<\/a><\/figcaption><\/figure>\n<\/td>\n<td>&nbsp;<\/p>\n<figure id=\"attachment_3932\" class=\"wp-caption aligncenter\" aria-describedby=\"caption-attachment-3932\"><a href=\"https:\/\/oqitop.com\/fr\/produits\/metal-foil\/nickel-foil\/\"><img loading=\"lazy\" decoding=\"async\" class=\"size-thumbnail wp-image-3932\" title=\"Feuille d&#039;argent haute performance Conductivit\u00e9 Feuille de m\u00e9tal Ag Feuille d&#039;argent haute performance Conductivit\u00e9 Feuille de m\u00e9tal Ag 6\" src=\"https:\/\/oqitop.com\/wp-content\/uploads\/2025\/12\/Nickel-Foil-150x150.jpg\" sizes=\"(max-width: 150px) 100vw, 150px\" srcset=\"https:\/\/oqitop.com\/wp-content\/uploads\/2025\/12\/Nickel-Foil-150x150.jpg 150w, https:\/\/oqitop.com\/wp-content\/uploads\/2025\/12\/Nickel-Foil.jpg 300w\" alt=\"\" width=\"150\" height=\"150\" \/><\/a><figcaption id=\"caption-attachment-3932\" class=\"wp-caption-text\"><a href=\"https:\/\/oqitop.com\/fr\/produits\/metal-foil\/nickel-foil\/\">Feuille de nickel<\/a><\/figcaption><\/figure>\n<\/td>\n<td>&nbsp;<\/p>\n<figure id=\"attachment_3933\" class=\"wp-caption aligncenter\" aria-describedby=\"caption-attachment-3933\"><a href=\"https:\/\/oqitop.com\/fr\/produits\/metal-foil\/nickel-foil\/\"><img loading=\"lazy\" decoding=\"async\" class=\"size-thumbnail wp-image-3933\" title=\"Feuille d&#039;argent haute performance Conductivit\u00e9 Feuille de m\u00e9tal Ag Feuille d&#039;argent haute performance Conductivit\u00e9 Feuille de m\u00e9tal Ag 7\" src=\"https:\/\/oqitop.com\/wp-content\/uploads\/2025\/12\/Silver-Foil-150x150.jpg\" sizes=\"(max-width: 150px) 100vw, 150px\" srcset=\"https:\/\/oqitop.com\/wp-content\/uploads\/2025\/12\/Silver-Foil-150x150.jpg 150w, https:\/\/oqitop.com\/wp-content\/uploads\/2025\/12\/Silver-Foil.jpg 300w\" alt=\"\" width=\"150\" height=\"150\" \/><\/a><figcaption id=\"caption-attachment-3933\" class=\"wp-caption-text\"><a href=\"https:\/\/oqitop.com\/fr\/produits\/metal-foil\/nickel-foil\/\">Feuille d'argent<\/a><\/figcaption><\/figure>\n<\/td>\n<td>&nbsp;<\/p>\n<figure id=\"attachment_3934\" class=\"wp-caption aligncenter\" aria-describedby=\"caption-attachment-3934\"><figcaption id=\"caption-attachment-3934\" class=\"wp-caption-text\"><a href=\"https:\/\/oqitop.com\/fr\/tungsten-foil\/\"><img loading=\"lazy\" decoding=\"async\" class=\"aligncenter wp-image-4981 size-thumbnail\" title=\"High Quality 99.99% Pure Aluminum Coil Aluminum Foil 1\" src=\"https:\/\/oqitop.com\/wp-content\/uploads\/2026\/01\/123-150x150.jpg\" sizes=\"(max-width: 150px) 100vw, 150px\" srcset=\"https:\/\/oqitop.com\/wp-content\/uploads\/2026\/01\/123-150x150.jpg 150w, https:\/\/oqitop.com\/wp-content\/uploads\/2026\/01\/123-12x12.jpg 12w, https:\/\/oqitop.com\/wp-content\/uploads\/2026\/01\/123.jpg 300w\" alt=\"\" width=\"150\" height=\"150\" \/><\/a><a href=\"https:\/\/oqitop.com\/fr\/produits\/metal-foil\/tungsten-foil\/\">Feuilles de tungst\u00e8ne<\/a><\/figcaption><\/figure>\n<\/td>\n<\/tr>\n<\/tbody>\n<\/table>\n<p>&nbsp;<\/p>\n<p><img loading=\"lazy\" decoding=\"async\" class=\"aligncenter size-full wp-image-3723\" title=\"0.005mm-1mm Titanium Foil Ti Metal Foil Accept Customization 1\" src=\"https:\/\/oqitop.com\/wp-content\/uploads\/2025\/12\/6-18.jpg\" sizes=\"(max-width: 1024px) 100vw, 1024px\" srcset=\"https:\/\/oqitop.com\/wp-content\/uploads\/2025\/12\/6-18.jpg 1024w, https:\/\/oqitop.com\/wp-content\/uploads\/2025\/12\/6-18-170x300.jpg 170w, https:\/\/oqitop.com\/wp-content\/uploads\/2025\/12\/6-18-582x1024.jpg 582w, https:\/\/oqitop.com\/wp-content\/uploads\/2025\/12\/6-18-768x1352.jpg 768w, https:\/\/oqitop.com\/wp-content\/uploads\/2025\/12\/6-18-873x1536.jpg 873w\" alt=\"\" width=\"1024\" height=\"1802\" \/><img loading=\"lazy\" decoding=\"async\" class=\"aligncenter size-full wp-image-3724\" title=\"0.005mm-1mm Titanium Foil Ti Metal Foil Accept Customization 2\" src=\"https:\/\/oqitop.com\/wp-content\/uploads\/2025\/12\/55555-11-15.jpg\" sizes=\"(max-width: 1024px) 100vw, 1024px\" srcset=\"https:\/\/oqitop.com\/wp-content\/uploads\/2025\/12\/55555-11-15.jpg 1024w, https:\/\/oqitop.com\/wp-content\/uploads\/2025\/12\/55555-11-15-300x198.jpg 300w, https:\/\/oqitop.com\/wp-content\/uploads\/2025\/12\/55555-11-15-768x508.jpg 768w\" alt=\"\" width=\"1024\" height=\"677\" \/><\/p>\n<div id=\"gtx-trans\" style=\"position: absolute; left: 973px; top: -1.66667px;\">\n<div class=\"gtx-trans-icon\"><\/div>\n<\/div>","protected":false},"featured_media":5493,"template":"","meta":{"_acf_changed":false,"site-sidebar-layout":"default","site-content-layout":"","ast-site-content-layout":"default","site-content-style":"default","site-sidebar-style":"default","ast-global-header-display":"","ast-banner-title-visibility":"","ast-main-header-display":"","ast-hfb-above-header-display":"","ast-hfb-below-header-display":"","ast-hfb-mobile-header-display":"","site-post-title":"","ast-breadcrumbs-content":"","ast-featured-img":"","footer-sml-layout":"","theme-transparent-header-meta":"default","adv-header-id-meta":"","stick-header-meta":"default","header-above-stick-meta":"","header-main-stick-meta":"","header-below-stick-meta":"","astra-migrate-meta-layouts":"set","ast-page-background-enabled":"default","ast-page-background-meta":{"desktop":{"background-color":"var(--ast-global-color-4)","background-image":"","background-repeat":"repeat","background-position":"center center","background-size":"auto","background-attachment":"scroll","background-type":"","background-media":"","overlay-type":"","overlay-color":"","overlay-opacity":"","overlay-gradient":""},"tablet":{"background-color":"","background-image":"","background-repeat":"repeat","background-position":"center center","background-size":"auto","background-attachment":"scroll","background-type":"","background-media":"","overlay-type":"","overlay-color":"","overlay-opacity":"","overlay-gradient":""},"mobile":{"background-color":"","background-image":"","background-repeat":"repeat","background-position":"center center","background-size":"auto","background-attachment":"scroll","background-type":"","background-media":"","overlay-type":"","overlay-color":"","overlay-opacity":"","overlay-gradient":""}},"ast-content-background-meta":{"desktop":{"background-color":"var(--ast-global-color-5)","background-image":"","background-repeat":"repeat","background-position":"center center","background-size":"auto","background-attachment":"scroll","background-type":"","background-media":"","overlay-type":"","overlay-color":"","overlay-opacity":"","overlay-gradient":""},"tablet":{"background-color":"var(--ast-global-color-5)","background-image":"","background-repeat":"repeat","background-position":"center center","background-size":"auto","background-attachment":"scroll","background-type":"","background-media":"","overlay-type":"","overlay-color":"","overlay-opacity":"","overlay-gradient":""},"mobile":{"background-color":"var(--ast-global-color-5)","background-image":"","background-repeat":"repeat","background-position":"center center","background-size":"auto","background-attachment":"scroll","background-type":"","background-media":"","overlay-type":"","overlay-color":"","overlay-opacity":"","overlay-gradient":""}}},"tags":[],"products":[223,228],"class_list":["post-5492","product","type-product","status-publish","has-post-thumbnail","hentry","products-metal-foil","products-titanium-foil"],"acf":[],"_links":{"self":[{"href":"https:\/\/oqitop.com\/fr\/wp-json\/wp\/v2\/product\/5492","targetHints":{"allow":["GET"]}}],"collection":[{"href":"https:\/\/oqitop.com\/fr\/wp-json\/wp\/v2\/product"}],"about":[{"href":"https:\/\/oqitop.com\/fr\/wp-json\/wp\/v2\/types\/product"}],"wp:featuredmedia":[{"embeddable":true,"href":"https:\/\/oqitop.com\/fr\/wp-json\/wp\/v2\/media\/5493"}],"wp:attachment":[{"href":"https:\/\/oqitop.com\/fr\/wp-json\/wp\/v2\/media?parent=5492"}],"wp:term":[{"taxonomy":"post_tag","embeddable":true,"href":"https:\/\/oqitop.com\/fr\/wp-json\/wp\/v2\/tags?post=5492"},{"taxonomy":"products","embeddable":true,"href":"https:\/\/oqitop.com\/fr\/wp-json\/wp\/v2\/products?post=5492"}],"curies":[{"name":"wp","href":"https:\/\/api.w.org\/{rel}","templated":true}]}}