 {"id":4480,"date":"2025-12-29T10:54:33","date_gmt":"2025-12-29T02:54:33","guid":{"rendered":"https:\/\/oqitop.com\/?post_type=product&#038;p=4480"},"modified":"2026-01-15T11:42:23","modified_gmt":"2026-01-15T03:42:23","slug":"porous-carbon-fiber-foam-batteries-with-low-price","status":"publish","type":"product","link":"https:\/\/oqitop.com\/ko\/porous-carbon-fiber-foam-batteries-with-low-price\/","title":{"rendered":"Porous Carbon Fiber Foam Batteries With Low Price"},"content":{"rendered":"<h3 style=\"text-align: center;\"><span style=\"color: #ff0000;\">Porous Carbon Fiber Foam Batteries With Low Price<\/span><\/h3>\n<p>&nbsp;<\/p>\n<p><iframe src=\"https:\/\/www.youtube.com\/embed\/O1l8d5xC2Mo?rel=0\" allowfullscreen=\"allowfullscreen\" data-mce-fragment=\"1\"><\/iframe><\/p>\n<h3><b><strong>\ud2b9\uc9d5<\/strong><\/b><\/h3>\n<p>\ud0c4\uc18c \uc18c\uc7ac\uc758 \uae30\uc874 \ud2b9\uc131 \uc678\uc5d0\ub3c4,\u00a0<a href=\"https:\/\/oqitop.com\/ko\/%ec%a0%9c%ed%92%88\/metal-foam\/carbon-foam\/\"><b><strong>\ud0c4\uc18c \uc12c\uc720 \ud3fc<\/strong><\/b><\/a>\u00a0\ub610\ud55c \uc800\ubc00\ub3c4, \uace0\uac15\ub3c4, \uc5f4\ucda9\uaca9 \uc800\ud56d\uc131, \uac00\uacf5 \uc6a9\uc774\uc131, \uc804\uae30 \uc804\ub3c4\uc131, \uc5f4\uc804\ub3c4\uc131, \ud30c\ub3d9 \ud761\uc218\uc131\uacfc \uac19\uc740 \uc6b0\uc218\ud55c \ubb3c\ub9ac\uc801 \ubc0f \ud654\ud559\uc801 \ud2b9\uc131\uc744 \uac00\uc9c0\uace0 \uc788\uc2b5\ub2c8\ub2e4.<br \/>\n1. \uc800\ubc00\ub3c4, \uace0\uac15\ub3c4<br \/>\n2. \uc5f4\uc804\ub3c4\uc728\uc774 \ub192\uac70\ub098 \ub0ae\uc740 \uc7ac\ub8cc\ub85c \ub9cc\ub4e4 \uc218 \uc788\uc2b5\ub2c8\ub2e4.<br \/>\n3. \uc5f4 \ucda9\uaca9 \uc800\ud56d\uc131\uc774 \uc6b0\uc218\ud558\uace0 \uc628\ub3c4 \uae09\ubcc0\uc758 \ucda9\uaca9\uc5d0 \uacac\ub51c \uc218 \uc788\uc2b5\ub2c8\ub2e4.<\/p>\n<p>1250 \u2103<br \/>\n4. \uace0\uc628 \ubc0f \ub0b4\uc2dd\uc131<br \/>\n5. Pore size can be foamed according to customer\u2019s requirements<\/p>\n<p><b><strong>\uae30\uc220 \uc9c0\ud45c<\/strong><\/b><\/p>\n<table>\n<tbody>\n<tr>\n<td width=\"53.8800%\">\ub450\uaed8<\/td>\n<td width=\"46.1000%\">0.1-25mm<\/td>\n<\/tr>\n<tr>\n<td width=\"53.8800%\">\ubaa8\uacf5 \ud06c\uae30(PPI)<\/td>\n<td width=\"46.1000%\">15\/20\/30\/50\/90\/100<\/td>\n<\/tr>\n<tr>\n<td width=\"53.8800%\">\uc21c\ub3c4(%)<\/td>\n<td width=\"46.1000%\">99.99<\/td>\n<\/tr>\n<tr>\n<td width=\"53.8800%\">\ub2e4\uacf5\uc131(%)<\/td>\n<td width=\"46.1000%\">50-98<\/td>\n<\/tr>\n<tr>\n<td width=\"53.8800%\">\ud45c\uba74 \ub370\uc2dc\ud2f0(g\/m)<sup>2<\/sup>)<\/td>\n<td width=\"46.1000%\">280-3000<\/td>\n<\/tr>\n<tr>\n<td width=\"53.8800%\">\ud06c\uae30(mm)<\/td>\n<td width=\"46.1000%\">10\u00d710, 50\u00d750,100\u00d7100, 200\u00d7200,<\/p>\n<p>\uc0ac\uc6a9\uc790 \uc9c0\uc815 \uac00\ub2a5<\/td>\n<\/tr>\n<tr>\n<td width=\"53.8800%\">\ubc00\ub3c4(g\/cm3)<\/td>\n<td width=\"46.1000%\">0.2~1.0<\/td>\n<\/tr>\n<tr>\n<td width=\"53.8800%\">\uc555\ucd95 \uac15\ub3c4(Mpa)<\/td>\n<td width=\"46.1000%\">8~12<\/td>\n<\/tr>\n<tr>\n<td width=\"53.8800%\">\uc778\uc7a5 \uacc4\uc218(Mpa)<\/td>\n<td width=\"46.1000%\">300~500<\/td>\n<\/tr>\n<tr>\n<td width=\"53.8800%\">\uc5f4\ud33d\ucc3d \uacc4\uc218(ppm\/\u2103)<\/td>\n<td width=\"46.1000%\">5.0<\/td>\n<\/tr>\n<tr>\n<td width=\"53.8800%\">\uc5f4 \uc804\ub3c4\uc131(W\/m.k)<\/td>\n<td width=\"46.1000%\">25~80<\/td>\n<\/tr>\n<tr>\n<td width=\"53.8800%\">\uc800\ud56d\ub960(\u03a9-m)<\/td>\n<td width=\"46.1000%\">1.0\u00d710<sup>-2<\/sup>~10<sup>-5<\/sup><\/td>\n<\/tr>\n<tr>\n<td width=\"53.8800%\">\ucd5c\ub300 \uc791\ub3d9 \uc628\ub3c4<\/td>\n<td width=\"46.1000%\">600\u00b0C(\uacf5\uae30 \uc911)<\/p>\n<p>3000\u2103(\ubd88\ud65c\uc131 \uae30\uccb4 \uc0c1\ud0dc)<\/td>\n<\/tr>\n<\/tbody>\n<\/table>\n<p><b><strong>\uce58\uc218<\/strong><\/b><\/p>\n<table>\n<tbody>\n<tr>\n<td>0.5mm*100mm*100mm<\/td>\n<td>0.6mm*100mm*100mm<\/td>\n<td>0.7mm*100mm*100mm<\/td>\n<\/tr>\n<tr>\n<td>0.8mm*100mm*100mm<\/td>\n<td>0.9mm*100mm*100mm<\/td>\n<td>1.0mm*100mm*100mm<\/td>\n<\/tr>\n<tr>\n<td>1.2mm*100mm*100mm<\/td>\n<td>1.5mm*100mm*100mm<\/td>\n<td>2.0mm*100mm*100mm<\/td>\n<\/tr>\n<tr>\n<td>2.5mm*100mm*100mm<\/td>\n<td>3.0mm*100mm*100mm<\/td>\n<td><b><strong>\ud06c\uae30\ub294 \ub9de\ucda4 \uc81c\uc791\uc774 \uac00\ub2a5\ud569\ub2c8\ub2e4.<\/strong><\/b><\/td>\n<\/tr>\n<\/tbody>\n<\/table>\n<p><b><strong>\ub2e4\uc591\ud55c \uae08\uc18d \ud3fc\uc744 \ub9de\ucda4 \uc81c\uc791\ud558\ub824\uba74 \uc544\ub798 \uc0ac\uc9c4\uc744 \ud074\ub9ad\ud558\uc5ec \uc790\uc138\ud55c \ub0b4\uc6a9\uc744 \ud655\uc778\ud558\uc138\uc694\uff1a<\/strong><\/b><\/p>\n<table>\n<tbody>\n<tr>\n<td>&nbsp;<\/p>\n<figure id=\"attachment_2567\" class=\"wp-caption aligncenter\" aria-describedby=\"caption-attachment-2567\"><a href=\"https:\/\/oqitop.com\/ko\/%ec%a0%9c%ed%92%88\/metal-foam\/copper-foam\/\"><img decoding=\"async\" class=\"wp-image-2567 size-thumbnail\" title=\"\uace0\uc804\ub3c4 \ub2c8\ucf08 \ud3fc\uc744 \uc774\uc6a9\ud55c \ubc30\ud130\ub9ac \uc804\uadf9 \uc5f0\uad6c 1\" src=\"https:\/\/oqitop.com\/wp-content\/uploads\/2025\/12\/Copper-Foam-150x150.jpg\" sizes=\"(max-width: 150px) 100vw, 150px\" srcset=\"https:\/\/oqitop.com\/wp-content\/uploads\/2025\/12\/Copper-Foam-150x150.jpg 150w, https:\/\/oqitop.com\/wp-content\/uploads\/2025\/12\/Copper-Foam-300x300.jpg 300w, https:\/\/oqitop.com\/wp-content\/uploads\/2025\/12\/Copper-Foam.jpg 600w\" alt=\"\" width=\"150\" height=\"150\" \/><\/a><figcaption id=\"caption-attachment-2567\" class=\"wp-caption-text\"><a href=\"https:\/\/oqitop.com\/ko\/%ec%a0%9c%ed%92%88\/metal-foam\/copper-foam\/\">\uad6c\ub9ac \ud3fc<\/a><\/figcaption><\/figure>\n<\/td>\n<td>&nbsp;<\/p>\n<figure id=\"attachment_2568\" class=\"wp-caption aligncenter\" aria-describedby=\"caption-attachment-2568\"><a href=\"https:\/\/oqitop.com\/ko\/%ec%a0%9c%ed%92%88\/metal-foam\/nickel-foam\/\"><img decoding=\"async\" class=\"wp-image-2568 size-thumbnail\" title=\"\ubc30\ud130\ub9ac \uc804\uadf9 \uc5f0\uad6c\uc6a9 \uace0\uc804\ub3c4\uc131 \ub2c8\ucf08 \ud3fc 2\" src=\"https:\/\/oqitop.com\/wp-content\/uploads\/2025\/12\/Nickel-Foam-150x150.png\" sizes=\"(max-width: 150px) 100vw, 150px\" srcset=\"https:\/\/oqitop.com\/wp-content\/uploads\/2025\/12\/Nickel-Foam-150x150.png 150w, https:\/\/oqitop.com\/wp-content\/uploads\/2025\/12\/Nickel-Foam-300x300.png 300w, https:\/\/oqitop.com\/wp-content\/uploads\/2025\/12\/Nickel-Foam.png 500w\" alt=\"\" width=\"150\" height=\"150\" \/><\/a><figcaption id=\"caption-attachment-2568\" class=\"wp-caption-text\"><a href=\"https:\/\/oqitop.com\/ko\/%ec%a0%9c%ed%92%88\/metal-foam\/nickel-foam\/\">\ub2c8\ucf08 \ud3fc<\/a><\/figcaption><\/figure>\n<\/td>\n<td>&nbsp;<\/p>\n<figure id=\"attachment_2569\" class=\"wp-caption aligncenter\" aria-describedby=\"caption-attachment-2569\"><a href=\"https:\/\/oqitop.com\/ko\/%ec%a0%9c%ed%92%88\/metal-foam\/titanium-foam\/\"><img decoding=\"async\" class=\"wp-image-2569 size-thumbnail\" title=\"\ubc30\ud130\ub9ac \uc804\uadf9 \uc5f0\uad6c\uc6a9 \uace0\uc804\ub3c4 \ub2c8\ucf08 \ud3fc 3\" src=\"https:\/\/oqitop.com\/wp-content\/uploads\/2025\/12\/Ti-Foam-150x150.png\" sizes=\"(max-width: 150px) 100vw, 150px\" srcset=\"https:\/\/oqitop.com\/wp-content\/uploads\/2025\/12\/Ti-Foam-150x150.png 150w, https:\/\/oqitop.com\/wp-content\/uploads\/2025\/12\/Ti-Foam-300x300.png 300w, https:\/\/oqitop.com\/wp-content\/uploads\/2025\/12\/Ti-Foam.png 500w\" alt=\"\" width=\"150\" height=\"150\" \/><\/a><figcaption id=\"caption-attachment-2569\" class=\"wp-caption-text\"><a href=\"https:\/\/oqitop.com\/ko\/%ec%a0%9c%ed%92%88\/metal-foam\/titanium-foam\/\">\ud2f0\ud3fc<\/a><\/figcaption><\/figure>\n<\/td>\n<td>&nbsp;<\/p>\n<figure id=\"attachment_2571\" class=\"wp-caption aligncenter\" aria-describedby=\"caption-attachment-2571\"><a href=\"https:\/\/oqitop.com\/ko\/%ec%a0%9c%ed%92%88\/metal-foam\/%ec%95%8c%eb%a3%a8%eb%af%b8%eb%8a%84-%ed%8f%bc\/\"><img loading=\"lazy\" decoding=\"async\" class=\"wp-image-2571 size-thumbnail\" title=\"\ubc30\ud130\ub9ac \uc804\uadf9 \uc5f0\uad6c\uc6a9 \uace0\uc804\ub3c4\uc131 \ub2c8\ucf08 \ud3fc 4\" src=\"https:\/\/oqitop.com\/wp-content\/uploads\/2025\/12\/Aluminum-Foam-1-150x150.png\" sizes=\"(max-width: 150px) 100vw, 150px\" srcset=\"https:\/\/oqitop.com\/wp-content\/uploads\/2025\/12\/Aluminum-Foam-1-150x150.png 150w, https:\/\/oqitop.com\/wp-content\/uploads\/2025\/12\/Aluminum-Foam-1-300x300.png 300w, https:\/\/oqitop.com\/wp-content\/uploads\/2025\/12\/Aluminum-Foam-1.png 529w\" alt=\"\" width=\"150\" height=\"150\" \/><\/a><figcaption id=\"caption-attachment-2571\" class=\"wp-caption-text\"><a href=\"https:\/\/oqitop.com\/ko\/%ec%a0%9c%ed%92%88\/metal-foam\/%ec%95%8c%eb%a3%a8%eb%af%b8%eb%8a%84-%ed%8f%bc\/\">\uc54c\ub8e8\ubbf8\ub284 \ud3fc<\/a><\/figcaption><\/figure>\n<\/td>\n<\/tr>\n<tr>\n<td>&nbsp;<\/p>\n<figure id=\"attachment_2572\" class=\"wp-caption aligncenter\" aria-describedby=\"caption-attachment-2572\"><a href=\"https:\/\/oqitop.com\/ko\/%ec%a0%9c%ed%92%88\/metal-foam\/iron-nickel-foam\/\"><img loading=\"lazy\" decoding=\"async\" class=\"wp-image-2572 size-thumbnail\" title=\"\uace0\uc804\ub3c4\uc131 \ub2c8\ucf08 \ud3fc\uc744 \uc774\uc6a9\ud55c \ubc30\ud130\ub9ac \uc804\uadf9 \uc5f0\uad6c 5\" src=\"https:\/\/oqitop.com\/wp-content\/uploads\/2025\/12\/Iron-Nickel-Foam-150x150.jpg\" sizes=\"(max-width: 150px) 100vw, 150px\" srcset=\"https:\/\/oqitop.com\/wp-content\/uploads\/2025\/12\/Iron-Nickel-Foam-150x150.jpg 150w, https:\/\/oqitop.com\/wp-content\/uploads\/2025\/12\/Iron-Nickel-Foam-300x300.jpg 300w, https:\/\/oqitop.com\/wp-content\/uploads\/2025\/12\/Iron-Nickel-Foam.jpg 720w\" alt=\"\" width=\"150\" height=\"150\" \/><\/a><figcaption id=\"caption-attachment-2572\" class=\"wp-caption-text\"><a href=\"https:\/\/oqitop.com\/ko\/%ec%a0%9c%ed%92%88\/metal-foam\/iron-nickel-foam\/\">\ucca0 \ub2c8\ucf08 \ud3fc<\/a><\/figcaption><\/figure>\n<\/td>\n<td>&nbsp;<\/p>\n<figure id=\"attachment_2573\" class=\"wp-caption aligncenter\" aria-describedby=\"caption-attachment-2573\"><a href=\"https:\/\/oqitop.com\/ko\/%ec%a0%9c%ed%92%88\/metal-foam\/carbon-foam\/\"><img loading=\"lazy\" decoding=\"async\" class=\"wp-image-2573 size-thumbnail\" title=\"\uace0\uc804\ub3c4 \ub2c8\ucf08 \ud3fc\uc744 \uc774\uc6a9\ud55c \ubc30\ud130\ub9ac \uc804\uadf9 \uc5f0\uad6c 6\" src=\"https:\/\/oqitop.com\/wp-content\/uploads\/2025\/12\/Carbon-Foam-150x150.png\" sizes=\"(max-width: 150px) 100vw, 150px\" srcset=\"https:\/\/oqitop.com\/wp-content\/uploads\/2025\/12\/Carbon-Foam-150x150.png 150w, https:\/\/oqitop.com\/wp-content\/uploads\/2025\/12\/Carbon-Foam-300x300.png 300w, https:\/\/oqitop.com\/wp-content\/uploads\/2025\/12\/Carbon-Foam-768x768.png 768w, https:\/\/oqitop.com\/wp-content\/uploads\/2025\/12\/Carbon-Foam.png 1000w\" alt=\"\" width=\"150\" height=\"150\" \/><\/a><figcaption id=\"caption-attachment-2573\" class=\"wp-caption-text\"><a href=\"https:\/\/oqitop.com\/ko\/%ec%a0%9c%ed%92%88\/metal-foam\/carbon-foam\/\">\ud0c4\uc18c \ud3fc<\/a><\/figcaption><\/figure>\n<\/td>\n<td>&nbsp;<\/p>\n<figure id=\"attachment_2574\" class=\"wp-caption aligncenter\" aria-describedby=\"caption-attachment-2574\"><a href=\"https:\/\/oqitop.com\/ko\/%ec%a0%9c%ed%92%88\/metal-foam\/%ec%8b%a4%eb%b2%84-%ed%8f%bc\/\"><img loading=\"lazy\" decoding=\"async\" class=\"wp-image-2574 size-thumbnail\" title=\"\ubc30\ud130\ub9ac \uc804\uadf9 \uc5f0\uad6c\uc6a9 \uace0\uc804\ub3c4\uc131 \ub2c8\ucf08 \ud3fc 7\" src=\"https:\/\/oqitop.com\/wp-content\/uploads\/2025\/12\/Silver-Foam-150x150.jpg\" sizes=\"(max-width: 150px) 100vw, 150px\" srcset=\"https:\/\/oqitop.com\/wp-content\/uploads\/2025\/12\/Silver-Foam-150x150.jpg 150w, https:\/\/oqitop.com\/wp-content\/uploads\/2025\/12\/Silver-Foam-300x300.jpg 300w, https:\/\/oqitop.com\/wp-content\/uploads\/2025\/12\/Silver-Foam.jpg 726w\" alt=\"\" width=\"150\" height=\"150\" \/><\/a><figcaption id=\"caption-attachment-2574\" class=\"wp-caption-text\"><a href=\"https:\/\/oqitop.com\/ko\/%ec%a0%9c%ed%92%88\/metal-foam\/%ec%8b%a4%eb%b2%84-%ed%8f%bc\/\">\uc2e4\ubc84 \ud3fc<\/a><\/figcaption><\/figure>\n<\/td>\n<td>&nbsp;<\/p>\n<figure id=\"attachment_2575\" class=\"wp-caption aligncenter\" aria-describedby=\"caption-attachment-2575\"><a href=\"https:\/\/oqitop.com\/ko\/%ec%a0%9c%ed%92%88\/metal-foam\/cobalt-foamhttps%3a\/\/oqitop.com\/%ec%a0%9c%ed%92%88\/metal-foam\/cobalt-foam\/\"><img loading=\"lazy\" decoding=\"async\" class=\"wp-image-2575 size-thumbnail\" title=\"\ubc30\ud130\ub9ac \uc804\uadf9 \uc5f0\uad6c\uc6a9 \uace0\uc804\ub3c4\uc131 \ub2c8\ucf08 \ud3fc 8\" src=\"https:\/\/oqitop.com\/wp-content\/uploads\/2025\/12\/Cobalt-Foam-150x150.jpg\" sizes=\"(max-width: 150px) 100vw, 150px\" srcset=\"https:\/\/oqitop.com\/wp-content\/uploads\/2025\/12\/Cobalt-Foam-150x150.jpg 150w, https:\/\/oqitop.com\/wp-content\/uploads\/2025\/12\/Cobalt-Foam-300x300.jpg 300w, https:\/\/oqitop.com\/wp-content\/uploads\/2025\/12\/Cobalt-Foam-768x768.jpg 768w, https:\/\/oqitop.com\/wp-content\/uploads\/2025\/12\/Cobalt-Foam.jpg 800w\" alt=\"\" width=\"150\" height=\"150\" \/><\/a><figcaption id=\"caption-attachment-2575\" class=\"wp-caption-text\"><a href=\"https:\/\/oqitop.com\/ko\/%ec%a0%9c%ed%92%88\/metal-foam\/cobalt-foam\/\">\ucf54\ubc1c\ud2b8 \ud3fc<\/a><\/figcaption><\/figure>\n<\/td>\n<\/tr>\n<\/tbody>\n<\/table>\n<p><a href=\"https:\/\/oqitop.com\/ko\/%ec%a0%9c%ed%92%88\/metal-foam\/carbon-foam\/\"><img loading=\"lazy\" decoding=\"async\" class=\"aligncenter size-full wp-image-3101\" title=\"Lab Customized PPI Carbon Metal Foam Material 1\" src=\"https:\/\/oqitop.com\/wp-content\/uploads\/2025\/12\/11111-1.png\" sizes=\"(max-width: 1024px) 100vw, 1024px\" srcset=\"https:\/\/oqitop.com\/wp-content\/uploads\/2025\/12\/11111-1.png 1024w, https:\/\/oqitop.com\/wp-content\/uploads\/2025\/12\/11111-1-300x141.png 300w, https:\/\/oqitop.com\/wp-content\/uploads\/2025\/12\/11111-1-768x360.png 768w\" alt=\"\" width=\"1024\" height=\"480\" \/><\/a><img loading=\"lazy\" decoding=\"async\" class=\"aligncenter size-full wp-image-3102\" title=\"Lab Customized PPI Carbon Metal Foam Material 2\" src=\"https:\/\/oqitop.com\/wp-content\/uploads\/2025\/12\/222222.png\" sizes=\"(max-width: 1024px) 100vw, 1024px\" srcset=\"https:\/\/oqitop.com\/wp-content\/uploads\/2025\/12\/222222.png 1024w, https:\/\/oqitop.com\/wp-content\/uploads\/2025\/12\/222222-300x80.png 300w, https:\/\/oqitop.com\/wp-content\/uploads\/2025\/12\/222222-768x206.png 768w\" alt=\"\" width=\"1024\" height=\"274\" \/><img loading=\"lazy\" decoding=\"async\" class=\"aligncenter size-full wp-image-3103\" title=\"Lab Customized PPI Carbon Metal Foam Material 3\" src=\"https:\/\/oqitop.com\/wp-content\/uploads\/2025\/12\/33333-3.jpg\" sizes=\"(max-width: 1024px) 100vw, 1024px\" srcset=\"https:\/\/oqitop.com\/wp-content\/uploads\/2025\/12\/33333-3.jpg 1024w, https:\/\/oqitop.com\/wp-content\/uploads\/2025\/12\/33333-3-300x213.jpg 300w, https:\/\/oqitop.com\/wp-content\/uploads\/2025\/12\/33333-3-768x545.jpg 768w\" alt=\"\" width=\"1024\" height=\"727\" \/><img loading=\"lazy\" decoding=\"async\" class=\"aligncenter size-full wp-image-3104\" title=\"Lab Customized PPI Carbon Metal Foam Material 4\" src=\"https:\/\/oqitop.com\/wp-content\/uploads\/2025\/12\/55555-2.jpg\" sizes=\"(max-width: 1024px) 100vw, 1024px\" srcset=\"https:\/\/oqitop.com\/wp-content\/uploads\/2025\/12\/55555-2.jpg 1024w, https:\/\/oqitop.com\/wp-content\/uploads\/2025\/12\/55555-2-300x198.jpg 300w, https:\/\/oqitop.com\/wp-content\/uploads\/2025\/12\/55555-2-768x508.jpg 768w\" alt=\"\" width=\"1024\" height=\"677\" \/><\/p>","protected":false},"featured_media":4481,"template":"","meta":{"_acf_changed":false,"site-sidebar-layout":"default","site-content-layout":"","ast-site-content-layout":"default","site-content-style":"default","site-sidebar-style":"default","ast-global-header-display":"","ast-banner-title-visibility":"","ast-main-header-display":"","ast-hfb-above-header-display":"","ast-hfb-below-header-display":"","ast-hfb-mobile-header-display":"","site-post-title":"","ast-breadcrumbs-content":"","ast-featured-img":"","footer-sml-layout":"","theme-transparent-header-meta":"default","adv-header-id-meta":"","stick-header-meta":"default","header-above-stick-meta":"","header-main-stick-meta":"","header-below-stick-meta":"","astra-migrate-meta-layouts":"set","ast-page-background-enabled":"default","ast-page-background-meta":{"desktop":{"background-color":"var(--ast-global-color-4)","background-image":"","background-repeat":"repeat","background-position":"center center","background-size":"auto","background-attachment":"scroll","background-type":"","background-media":"","overlay-type":"","overlay-color":"","overlay-opacity":"","overlay-gradient":""},"tablet":{"background-color":"","background-image":"","background-repeat":"repeat","background-position":"center center","background-size":"auto","background-attachment":"scroll","background-type":"","background-media":"","overlay-type":"","overlay-color":"","overlay-opacity":"","overlay-gradient":""},"mobile":{"background-color":"","background-image":"","background-repeat":"repeat","background-position":"center center","background-size":"auto","background-attachment":"scroll","background-type":"","background-media":"","overlay-type":"","overlay-color":"","overlay-opacity":"","overlay-gradient":""}},"ast-content-background-meta":{"desktop":{"background-color":"var(--ast-global-color-5)","background-image":"","background-repeat":"repeat","background-position":"center center","background-size":"auto","background-attachment":"scroll","background-type":"","background-media":"","overlay-type":"","overlay-color":"","overlay-opacity":"","overlay-gradient":""},"tablet":{"background-color":"var(--ast-global-color-5)","background-image":"","background-repeat":"repeat","background-position":"center center","background-size":"auto","background-attachment":"scroll","background-type":"","background-media":"","overlay-type":"","overlay-color":"","overlay-opacity":"","overlay-gradient":""},"mobile":{"background-color":"var(--ast-global-color-5)","background-image":"","background-repeat":"repeat","background-position":"center center","background-size":"auto","background-attachment":"scroll","background-type":"","background-media":"","overlay-type":"","overlay-color":"","overlay-opacity":"","overlay-gradient":""}}},"tags":[],"products":[208,200],"class_list":["post-4480","product","type-product","status-publish","has-post-thumbnail","hentry","products-carbon-foam","products-metal-foam"],"acf":[],"_links":{"self":[{"href":"https:\/\/oqitop.com\/ko\/wp-json\/wp\/v2\/product\/4480","targetHints":{"allow":["GET"]}}],"collection":[{"href":"https:\/\/oqitop.com\/ko\/wp-json\/wp\/v2\/product"}],"about":[{"href":"https:\/\/oqitop.com\/ko\/wp-json\/wp\/v2\/types\/product"}],"wp:featuredmedia":[{"embeddable":true,"href":"https:\/\/oqitop.com\/ko\/wp-json\/wp\/v2\/media\/4481"}],"wp:attachment":[{"href":"https:\/\/oqitop.com\/ko\/wp-json\/wp\/v2\/media?parent=4480"}],"wp:term":[{"taxonomy":"post_tag","embeddable":true,"href":"https:\/\/oqitop.com\/ko\/wp-json\/wp\/v2\/tags?post=4480"},{"taxonomy":"products","embeddable":true,"href":"https:\/\/oqitop.com\/ko\/wp-json\/wp\/v2\/products?post=4480"}],"curies":[{"name":"wp","href":"https:\/\/api.w.org\/{rel}","templated":true}]}}