 {"id":2646,"date":"2025-12-06T13:47:51","date_gmt":"2025-12-06T05:47:51","guid":{"rendered":"https:\/\/oqitop.com\/?post_type=product&#038;p=2646"},"modified":"2026-01-12T14:19:26","modified_gmt":"2026-01-12T06:19:26","slug":"free-cut-nickel-foam-in-multiple-sizes","status":"publish","type":"product","link":"https:\/\/oqitop.com\/pt\/product\/free-cut-nickel-foam-in-multiple-sizes\/","title":{"rendered":"Free-Cut Nickel Foam in Multiple Sizes"},"content":{"rendered":"<h3 style=\"text-align: center;\"><span style=\"color: #ff0000;\"><strong>Free Cutting Various Sizes of Nickel Foam<\/strong><\/span><\/h3>\n<p><iframe src=\"https:\/\/www.youtube.com\/embed\/IpxhitaNDiQ?rel=0\" allowfullscreen=\"allowfullscreen\" data-mce-fragment=\"1\"><\/iframe><\/p>\n<p><b><strong>Introdu\u00e7\u00e3o<\/strong><\/b><\/p>\n<ol>\n<li>This product uses<a href=\"https:\/\/oqitop.com\/pt\/produtos\/espuma-metalica\/nickel-foam\/\"><b><strong>nickel metal foam<\/strong><\/b><\/a>as the carrier, with stable performance, large specific surface area and high catalytic efficiency, and is widely used in air conditioners, air purifiers, hospitals and other fields.<br \/>\n2. Compared with traditional aluminum based honeycomb networks, the effective contact area has been greatly increased, and the ability to receive ultraviolet light has also been greatly improved. The coarse pore sponge filter is made by processing ordinary open cell soft foam through mesh processing. The mesh processing removes the original facial mask or wall film between foam networks, and obtains the main skeleton mesh structure. The porosity of the foam plastic is up to 97%, which has excellent air permeability, good flexibility and high mechanical strength.<br \/>\n3.\u00a0<b><strong><a href=\"https:\/\/oqitop.com\/pt\/produtos\/espuma-metalica\/nickel-foam\/\">Foam nickel production<\/a><\/strong><\/b>\u00a0uses mesh foam as filter material, which has the advantages of low flow resistance and high filtration rate. Can effectively filter out particles with a diameter of 15UM. Mesh bubbles have many special uses, such as being used as filtering materials, fuel tank filling materials, and fabric processing materials.<\/li>\n<\/ol>\n<p><b><strong>Especifica\u00e7\u00f5es<\/strong><\/b><\/p>\n<table>\n<tbody>\n<tr>\n<td width=\"342\">Tipo<\/td>\n<td width=\"870\">C\u00e9lula aberta<\/td>\n<\/tr>\n<tr>\n<td width=\"342\">Pureza<\/td>\n<td width=\"870\">&gt; 99,99%<\/td>\n<\/tr>\n<tr>\n<td width=\"342\">Formul\u00e1rio<\/td>\n<td width=\"870\">Folha ou rolo, dependendo do tamanho e espessura<\/td>\n<\/tr>\n<tr>\n<td width=\"342\">Tamanho da c\u00e9lula (PPI)<\/td>\n<td width=\"870\">5-1300 PPI, conforme solicitado<\/td>\n<\/tr>\n<tr>\n<td width=\"342\">Espessura<\/td>\n<td width=\"870\">Padr\u00e3o: 0,08-30 mm<\/td>\n<\/tr>\n<tr>\n<td width=\"342\">Tamanho e forma<\/td>\n<td width=\"870\">Padr\u00e3o: 500*500 mm\/200*300 mm; pode ser fabricado em diferentes formatos, conforme solicita\u00e7\u00e3o<\/td>\n<\/tr>\n<tr>\n<td width=\"342\">Porosidade<\/td>\n<td width=\"870\">95%-98%<\/td>\n<\/tr>\n<tr>\n<td width=\"342\">Taxa de c\u00e9lulas abertas<\/td>\n<td width=\"870\">\u226598 %<\/td>\n<\/tr>\n<tr>\n<td width=\"342\">Densidade volum\u00e9trica<\/td>\n<td width=\"870\">&gt;0,1 g\/cm3, conforme solicitado<\/td>\n<\/tr>\n<tr>\n<td width=\"342\">Densidade superficial<\/td>\n<td width=\"870\">200-3500 g\/m\u00a0<sup>2<\/sup>, conforme solicitado<\/p>\n<p>Padr\u00e3o: 320\u00b120 g\/m<sup>2<\/sup><\/td>\n<\/tr>\n<tr>\n<td width=\"342\">Condutividade t\u00e9rmica (te\u00f3rica)<\/td>\n<td width=\"870\">&gt;3W\/M.K<\/td>\n<\/tr>\n<tr>\n<td width=\"342\">Resist\u00eancia mec\u00e2nica (te\u00f3rica)<\/td>\n<td width=\"870\">\u22652~7MPa<\/td>\n<\/tr>\n<tr>\n<td width=\"342\">Resist\u00eancia m\u00e9dia \u00e0 tra\u00e7\u00e3o (N\/20 mm)<\/td>\n<td width=\"870\">Vertical \u2265 30, horizontal \u2265 25<\/td>\n<\/tr>\n<tr>\n<td width=\"342\">Resist\u00eancia \u00e0 temperatura (te\u00f3rica)<\/td>\n<td width=\"870\">\u2265500 \u2103, conforme solicita\u00e7\u00e3o<\/td>\n<\/tr>\n<tr>\n<td width=\"342\">Apar\u00eancia<\/td>\n<td width=\"870\">Cinza prateado, sem defeitos como manchas pretas, orif\u00edcios cegos, orif\u00edcios passantes, rachaduras, etc.<\/td>\n<\/tr>\n<tr>\n<td width=\"342\">Composi\u00e7\u00e3o qu\u00edmica<\/td>\n<td width=\"870\">Ni: \u226599,5% Fe\u22640,020% C\u22640,030% P\u22640,010%  S\u22640,008%  Si\u22640,005% Cu\u22640,010%<\/td>\n<\/tr>\n<tr>\n<td rowspan=\"2\" width=\"342\">Efic\u00e1cia da blindagem<\/td>\n<td width=\"870\">200 kHz<\/td>\n<\/tr>\n<tr>\n<td width=\"870\">40 dB~50 dB<\/td>\n<\/tr>\n<tr>\n<td width=\"342\">Flexibilidade<\/td>\n<td width=\"870\">Vertical \u2265 5, horizontal \u2265 15<\/td>\n<\/tr>\n<tr>\n<td width=\"342\">Taxa de alongamento (%)<\/td>\n<td width=\"870\">Vertical \u2265 5, horizontal \u2265 10<\/td>\n<\/tr>\n<tr>\n<td width=\"342\">Resistividade el\u00e9trica (m \u03a9\/100 * 10 m)<sup>2<\/sup>)<\/td>\n<td width=\"870\">Vertical \u2264 65, horizontal \u226485<\/td>\n<\/tr>\n<\/tbody>\n<\/table>\n<p><b><strong>Dimens\u00e3o<\/strong><\/b><b><strong>\u00a0(<\/strong><\/b><b><strong>Espessura* Comprimento*Largura<\/strong><\/b><b><strong>)<\/strong><\/b><\/p>\n<table>\n<tbody>\n<tr>\n<td width=\"161\">0.08mm*300mm*200mm<\/td>\n<td width=\"161\">0,2 mm*200 mm*300 mm<\/td>\n<td width=\"242\">0,3 mm*200 mm*300 mm<\/td>\n<\/tr>\n<tr>\n<td width=\"161\">0,5 mm*200 mm*300 mm<\/td>\n<td width=\"161\">0,7 mm*200 mm*300 mm<\/td>\n<td width=\"242\">0,9 mm*200 mm*300 mm<\/td>\n<\/tr>\n<tr>\n<td width=\"161\">1,0 mm*200 mm*300 mm<\/td>\n<td width=\"161\">1,3 mm*200 mm*300 mm<\/td>\n<td width=\"242\">1,5 mm*200 mm*300 mm<\/td>\n<\/tr>\n<tr>\n<td width=\"161\">1.7mm*200mm*300mm<\/td>\n<td width=\"161\">2,0 mm*200 mm*300 mm<\/td>\n<td width=\"242\">5mm*200mm*300mm<\/td>\n<\/tr>\n<tr>\n<td width=\"161\">10mm*200mm*300mm<\/td>\n<td width=\"161\">30mm*200mm*300mm<\/td>\n<td width=\"242\"><b><strong>O tamanho pode ser personalizado<\/strong><\/b><\/td>\n<\/tr>\n<\/tbody>\n<\/table>\n<p><b><strong>Para personalizar v\u00e1rias espumas met\u00e1licas, clique na imagem abaixo para obter mais detalhes:<\/strong><\/b><\/p>\n<table>\n<tbody>\n<tr>\n<td>&nbsp;<\/p>\n<figure id=\"attachment_2567\" class=\"wp-caption aligncenter\" aria-describedby=\"caption-attachment-2567\"><a href=\"https:\/\/oqitop.com\/pt\/produtos\/espuma-metalica\/copper-foam\/\"><img decoding=\"async\" class=\"wp-image-2567 size-thumbnail\" src=\"https:\/\/oqitop.com\/wp-content\/uploads\/2025\/12\/Copper-Foam-150x150.jpg\" sizes=\"(max-width: 150px) 100vw, 150px\" srcset=\"https:\/\/oqitop.com\/wp-content\/uploads\/2025\/12\/Copper-Foam-150x150.jpg 150w, https:\/\/oqitop.com\/wp-content\/uploads\/2025\/12\/Copper-Foam-300x300.jpg 300w, https:\/\/oqitop.com\/wp-content\/uploads\/2025\/12\/Copper-Foam.jpg 600w\" alt=\"\" width=\"150\" height=\"150\" title=\"\"><\/a><figcaption id=\"caption-attachment-2567\" class=\"wp-caption-text\"><a href=\"https:\/\/oqitop.com\/pt\/produtos\/espuma-metalica\/copper-foam\/\">Espuma de cobre<\/a><\/figcaption><\/figure>\n<\/td>\n<td>&nbsp;<\/p>\n<figure id=\"attachment_2568\" class=\"wp-caption aligncenter\" aria-describedby=\"caption-attachment-2568\"><a href=\"https:\/\/oqitop.com\/pt\/produtos\/espuma-metalica\/nickel-foam\/\"><img decoding=\"async\" class=\"wp-image-2568 size-thumbnail\" src=\"https:\/\/oqitop.com\/wp-content\/uploads\/2025\/12\/Nickel-Foam-150x150.png\" sizes=\"(max-width: 150px) 100vw, 150px\" srcset=\"https:\/\/oqitop.com\/wp-content\/uploads\/2025\/12\/Nickel-Foam-150x150.png 150w, https:\/\/oqitop.com\/wp-content\/uploads\/2025\/12\/Nickel-Foam-300x300.png 300w, https:\/\/oqitop.com\/wp-content\/uploads\/2025\/12\/Nickel-Foam.png 500w\" alt=\"\" width=\"150\" height=\"150\" title=\"\"><\/a><figcaption id=\"caption-attachment-2568\" class=\"wp-caption-text\"><a href=\"https:\/\/oqitop.com\/pt\/produtos\/espuma-metalica\/nickel-foam\/\">Espuma de n\u00edquel<\/a><\/figcaption><\/figure>\n<\/td>\n<td>&nbsp;<\/p>\n<figure id=\"attachment_2569\" class=\"wp-caption aligncenter\" aria-describedby=\"caption-attachment-2569\"><a href=\"https:\/\/oqitop.com\/pt\/produtos\/espuma-metalica\/titanium-foam\/\"><img decoding=\"async\" class=\"wp-image-2569 size-thumbnail\" src=\"https:\/\/oqitop.com\/wp-content\/uploads\/2025\/12\/Ti-Foam-150x150.png\" sizes=\"(max-width: 150px) 100vw, 150px\" srcset=\"https:\/\/oqitop.com\/wp-content\/uploads\/2025\/12\/Ti-Foam-150x150.png 150w, https:\/\/oqitop.com\/wp-content\/uploads\/2025\/12\/Ti-Foam-300x300.png 300w, https:\/\/oqitop.com\/wp-content\/uploads\/2025\/12\/Ti-Foam.png 500w\" alt=\"\" width=\"150\" height=\"150\" title=\"\"><\/a><figcaption id=\"caption-attachment-2569\" class=\"wp-caption-text\"><a href=\"https:\/\/oqitop.com\/pt\/produtos\/espuma-metalica\/titanium-foam\/\">Espuma de tit\u00e2nio<\/a><\/figcaption><\/figure>\n<\/td>\n<td>&nbsp;<\/p>\n<figure id=\"attachment_2571\" class=\"wp-caption aligncenter\" aria-describedby=\"caption-attachment-2571\"><a href=\"https:\/\/oqitop.com\/pt\/produtos\/espuma-metalica\/aluminum-foam\/\"><img loading=\"lazy\" decoding=\"async\" class=\"wp-image-2571 size-thumbnail\" src=\"https:\/\/oqitop.com\/wp-content\/uploads\/2025\/12\/Aluminum-Foam-1-150x150.png\" sizes=\"(max-width: 150px) 100vw, 150px\" srcset=\"https:\/\/oqitop.com\/wp-content\/uploads\/2025\/12\/Aluminum-Foam-1-150x150.png 150w, https:\/\/oqitop.com\/wp-content\/uploads\/2025\/12\/Aluminum-Foam-1-300x300.png 300w, https:\/\/oqitop.com\/wp-content\/uploads\/2025\/12\/Aluminum-Foam-1.png 529w\" alt=\"\" width=\"150\" height=\"150\" title=\"\"><\/a><figcaption id=\"caption-attachment-2571\" class=\"wp-caption-text\"><a href=\"https:\/\/oqitop.com\/pt\/produtos\/espuma-metalica\/aluminum-foam\/\">Espuma de alum\u00ednio<\/a><\/figcaption><\/figure>\n<\/td>\n<\/tr>\n<tr>\n<td>&nbsp;<\/p>\n<figure id=\"attachment_2572\" class=\"wp-caption aligncenter\" aria-describedby=\"caption-attachment-2572\"><a href=\"https:\/\/oqitop.com\/pt\/produtos\/espuma-metalica\/iron-nickel-foam\/\"><img loading=\"lazy\" decoding=\"async\" class=\"wp-image-2572 size-thumbnail\" src=\"https:\/\/oqitop.com\/wp-content\/uploads\/2025\/12\/Iron-Nickel-Foam-150x150.jpg\" sizes=\"(max-width: 150px) 100vw, 150px\" srcset=\"https:\/\/oqitop.com\/wp-content\/uploads\/2025\/12\/Iron-Nickel-Foam-150x150.jpg 150w, https:\/\/oqitop.com\/wp-content\/uploads\/2025\/12\/Iron-Nickel-Foam-300x300.jpg 300w, https:\/\/oqitop.com\/wp-content\/uploads\/2025\/12\/Iron-Nickel-Foam.jpg 720w\" alt=\"\" width=\"150\" height=\"150\" title=\"\"><\/a><figcaption id=\"caption-attachment-2572\" class=\"wp-caption-text\"><a href=\"https:\/\/oqitop.com\/pt\/produtos\/espuma-metalica\/iron-nickel-foam\/\">Espuma de ferro e n\u00edquel<\/a><\/figcaption><\/figure>\n<\/td>\n<td>&nbsp;<\/p>\n<figure id=\"attachment_2573\" class=\"wp-caption aligncenter\" aria-describedby=\"caption-attachment-2573\"><a href=\"https:\/\/oqitop.com\/pt\/produtos\/espuma-metalica\/carbon-foam\/\"><img loading=\"lazy\" decoding=\"async\" class=\"wp-image-2573 size-thumbnail\" src=\"https:\/\/oqitop.com\/wp-content\/uploads\/2025\/12\/Carbon-Foam-150x150.png\" sizes=\"(max-width: 150px) 100vw, 150px\" srcset=\"https:\/\/oqitop.com\/wp-content\/uploads\/2025\/12\/Carbon-Foam-150x150.png 150w, https:\/\/oqitop.com\/wp-content\/uploads\/2025\/12\/Carbon-Foam-300x300.png 300w, https:\/\/oqitop.com\/wp-content\/uploads\/2025\/12\/Carbon-Foam-768x768.png 768w, https:\/\/oqitop.com\/wp-content\/uploads\/2025\/12\/Carbon-Foam.png 1000w\" alt=\"\" width=\"150\" height=\"150\" title=\"\"><\/a><figcaption id=\"caption-attachment-2573\" class=\"wp-caption-text\"><a href=\"https:\/\/oqitop.com\/pt\/produtos\/espuma-metalica\/carbon-foam\/\">Espuma de carbono<\/a><\/figcaption><\/figure>\n<\/td>\n<td>&nbsp;<\/p>\n<figure id=\"attachment_2574\" class=\"wp-caption aligncenter\" aria-describedby=\"caption-attachment-2574\"><a href=\"https:\/\/oqitop.com\/pt\/produtos\/espuma-metalica\/espuma-prateada\/\"><img loading=\"lazy\" decoding=\"async\" class=\"wp-image-2574 size-thumbnail\" src=\"https:\/\/oqitop.com\/wp-content\/uploads\/2025\/12\/Silver-Foam-150x150.jpg\" sizes=\"(max-width: 150px) 100vw, 150px\" srcset=\"https:\/\/oqitop.com\/wp-content\/uploads\/2025\/12\/Silver-Foam-150x150.jpg 150w, https:\/\/oqitop.com\/wp-content\/uploads\/2025\/12\/Silver-Foam-300x300.jpg 300w, https:\/\/oqitop.com\/wp-content\/uploads\/2025\/12\/Silver-Foam.jpg 726w\" alt=\"\" width=\"150\" height=\"150\" title=\"\"><\/a><figcaption id=\"caption-attachment-2574\" class=\"wp-caption-text\"><a href=\"https:\/\/oqitop.com\/pt\/produtos\/espuma-metalica\/espuma-prateada\/\">Espuma Prateada<\/a><\/figcaption><\/figure>\n<\/td>\n<td>&nbsp;<\/p>\n<figure id=\"attachment_2575\" class=\"wp-caption aligncenter\" aria-describedby=\"caption-attachment-2575\"><a href=\"https:\/\/oqitop.com\/pt\/produtos\/espuma-metalica\/cobalt-foamhttps%3a\/\/oqitop.com\/produtos\/espuma-metalica\/cobalt-foam\/\"><img loading=\"lazy\" decoding=\"async\" class=\"wp-image-2575 size-thumbnail\" src=\"https:\/\/oqitop.com\/wp-content\/uploads\/2025\/12\/Cobalt-Foam-150x150.jpg\" sizes=\"(max-width: 150px) 100vw, 150px\" srcset=\"https:\/\/oqitop.com\/wp-content\/uploads\/2025\/12\/Cobalt-Foam-150x150.jpg 150w, https:\/\/oqitop.com\/wp-content\/uploads\/2025\/12\/Cobalt-Foam-300x300.jpg 300w, https:\/\/oqitop.com\/wp-content\/uploads\/2025\/12\/Cobalt-Foam-768x768.jpg 768w, https:\/\/oqitop.com\/wp-content\/uploads\/2025\/12\/Cobalt-Foam.jpg 800w\" alt=\"\" width=\"150\" height=\"150\" title=\"\"><\/a><figcaption id=\"caption-attachment-2575\" class=\"wp-caption-text\"><a href=\"https:\/\/oqitop.com\/pt\/produtos\/espuma-metalica\/cobalt-foam\/\">Espuma de cobalto<\/a><\/figcaption><\/figure>\n<\/td>\n<\/tr>\n<\/tbody>\n<\/table>\n<p><img loading=\"lazy\" decoding=\"async\" class=\"alignnone wp-image-2548 size-full\" src=\"https:\/\/oqitop.com\/wp-content\/uploads\/2025\/12\/c8cdd1a6-2243-4792-afbe-1cf169cd76bd1.jpg\" sizes=\"(max-width: 1600px) 100vw, 1600px\" srcset=\"https:\/\/oqitop.com\/wp-content\/uploads\/2025\/12\/c8cdd1a6-2243-4792-afbe-1cf169cd76bd1.jpg 1600w, https:\/\/oqitop.com\/wp-content\/uploads\/2025\/12\/c8cdd1a6-2243-4792-afbe-1cf169cd76bd1-300x260.jpg 300w, https:\/\/oqitop.com\/wp-content\/uploads\/2025\/12\/c8cdd1a6-2243-4792-afbe-1cf169cd76bd1-1024x886.jpg 1024w, https:\/\/oqitop.com\/wp-content\/uploads\/2025\/12\/c8cdd1a6-2243-4792-afbe-1cf169cd76bd1-768x665.jpg 768w, https:\/\/oqitop.com\/wp-content\/uploads\/2025\/12\/c8cdd1a6-2243-4792-afbe-1cf169cd76bd1-1536x1330.jpg 1536w\" alt=\"Folha de espuma met\u00e1lica de n\u00edquel poroso de alta porosidade\" width=\"1600\" height=\"1385\" title=\"\"><\/p>\n<p><img loading=\"lazy\" decoding=\"async\" class=\"alignnone size-large wp-image-2549\" src=\"https:\/\/oqitop.com\/wp-content\/uploads\/2025\/12\/11-4-1024x1024.jpg\" sizes=\"(max-width: 1024px) 100vw, 1024px\" srcset=\"https:\/\/oqitop.com\/wp-content\/uploads\/2025\/12\/11-4-1024x1024.jpg 1024w, https:\/\/oqitop.com\/wp-content\/uploads\/2025\/12\/11-4-300x300.jpg 300w, https:\/\/oqitop.com\/wp-content\/uploads\/2025\/12\/11-4-150x150.jpg 150w, https:\/\/oqitop.com\/wp-content\/uploads\/2025\/12\/11-4-768x768.jpg 768w, https:\/\/oqitop.com\/wp-content\/uploads\/2025\/12\/11-4-1536x1536.jpg 1536w, https:\/\/oqitop.com\/wp-content\/uploads\/2025\/12\/11-4.jpg 1600w\" alt=\"\" width=\"1024\" height=\"1024\" title=\"\">\u00a0<img loading=\"lazy\" decoding=\"async\" class=\"alignnone size-large wp-image-2550\" src=\"https:\/\/oqitop.com\/wp-content\/uploads\/2025\/12\/22-2-1024x1024.jpg\" sizes=\"(max-width: 1024px) 100vw, 1024px\" srcset=\"https:\/\/oqitop.com\/wp-content\/uploads\/2025\/12\/22-2-1024x1024.jpg 1024w, https:\/\/oqitop.com\/wp-content\/uploads\/2025\/12\/22-2-300x300.jpg 300w, https:\/\/oqitop.com\/wp-content\/uploads\/2025\/12\/22-2-150x150.jpg 150w, https:\/\/oqitop.com\/wp-content\/uploads\/2025\/12\/22-2-768x768.jpg 768w, https:\/\/oqitop.com\/wp-content\/uploads\/2025\/12\/22-2-1536x1536.jpg 1536w, https:\/\/oqitop.com\/wp-content\/uploads\/2025\/12\/22-2.jpg 1600w\" alt=\"\" width=\"1024\" height=\"1024\" title=\"\">\u00a0<img loading=\"lazy\" decoding=\"async\" class=\"alignnone size-large wp-image-2551\" src=\"https:\/\/oqitop.com\/wp-content\/uploads\/2025\/12\/33-1-1024x1024.jpg\" sizes=\"(max-width: 1024px) 100vw, 1024px\" srcset=\"https:\/\/oqitop.com\/wp-content\/uploads\/2025\/12\/33-1-1024x1024.jpg 1024w, https:\/\/oqitop.com\/wp-content\/uploads\/2025\/12\/33-1-300x300.jpg 300w, https:\/\/oqitop.com\/wp-content\/uploads\/2025\/12\/33-1-150x150.jpg 150w, https:\/\/oqitop.com\/wp-content\/uploads\/2025\/12\/33-1-768x768.jpg 768w, https:\/\/oqitop.com\/wp-content\/uploads\/2025\/12\/33-1-1536x1536.jpg 1536w, https:\/\/oqitop.com\/wp-content\/uploads\/2025\/12\/33-1.jpg 1600w\" alt=\"\" width=\"1024\" height=\"1024\" title=\"\">\u00a0<img loading=\"lazy\" decoding=\"async\" class=\"alignnone size-large wp-image-2552\" src=\"https:\/\/oqitop.com\/wp-content\/uploads\/2025\/12\/44-1-1024x1024.jpg\" sizes=\"(max-width: 1024px) 100vw, 1024px\" srcset=\"https:\/\/oqitop.com\/wp-content\/uploads\/2025\/12\/44-1-1024x1024.jpg 1024w, https:\/\/oqitop.com\/wp-content\/uploads\/2025\/12\/44-1-300x300.jpg 300w, https:\/\/oqitop.com\/wp-content\/uploads\/2025\/12\/44-1-150x150.jpg 150w, https:\/\/oqitop.com\/wp-content\/uploads\/2025\/12\/44-1-768x768.jpg 768w, https:\/\/oqitop.com\/wp-content\/uploads\/2025\/12\/44-1-1536x1536.jpg 1536w, https:\/\/oqitop.com\/wp-content\/uploads\/2025\/12\/44-1.jpg 1600w\" alt=\"\" width=\"1024\" height=\"1024\" title=\"\"><\/p>\n<p><img loading=\"lazy\" decoding=\"async\" class=\"alignleft size-full wp-image-2566\" src=\"https:\/\/oqitop.com\/wp-content\/uploads\/2025\/12\/11111-1.jpg\" sizes=\"(max-width: 1024px) 100vw, 1024px\" srcset=\"https:\/\/oqitop.com\/wp-content\/uploads\/2025\/12\/11111-1.jpg 1024w, https:\/\/oqitop.com\/wp-content\/uploads\/2025\/12\/11111-1-300x198.jpg 300w, https:\/\/oqitop.com\/wp-content\/uploads\/2025\/12\/11111-1-768x508.jpg 768w\" alt=\"\" width=\"1024\" height=\"677\" title=\"\"><\/p>","protected":false},"featured_media":2647,"template":"","meta":{"_acf_changed":false,"site-sidebar-layout":"default","site-content-layout":"","ast-site-content-layout":"default","site-content-style":"default","site-sidebar-style":"default","ast-global-header-display":"","ast-banner-title-visibility":"","ast-main-header-display":"","ast-hfb-above-header-display":"","ast-hfb-below-header-display":"","ast-hfb-mobile-header-display":"","site-post-title":"","ast-breadcrumbs-content":"","ast-featured-img":"","footer-sml-layout":"","theme-transparent-header-meta":"default","adv-header-id-meta":"","stick-header-meta":"default","header-above-stick-meta":"","header-main-stick-meta":"","header-below-stick-meta":"","astra-migrate-meta-layouts":"set","ast-page-background-enabled":"default","ast-page-background-meta":{"desktop":{"background-color":"var(--ast-global-color-4)","background-image":"","background-repeat":"repeat","background-position":"center center","background-size":"auto","background-attachment":"scroll","background-type":"","background-media":"","overlay-type":"","overlay-color":"","overlay-opacity":"","overlay-gradient":""},"tablet":{"background-color":"","background-image":"","background-repeat":"repeat","background-position":"center center","background-size":"auto","background-attachment":"scroll","background-type":"","background-media":"","overlay-type":"","overlay-color":"","overlay-opacity":"","overlay-gradient":""},"mobile":{"background-color":"","background-image":"","background-repeat":"repeat","background-position":"center center","background-size":"auto","background-attachment":"scroll","background-type":"","background-media":"","overlay-type":"","overlay-color":"","overlay-opacity":"","overlay-gradient":""}},"ast-content-background-meta":{"desktop":{"background-color":"var(--ast-global-color-5)","background-image":"","background-repeat":"repeat","background-position":"center center","background-size":"auto","background-attachment":"scroll","background-type":"","background-media":"","overlay-type":"","overlay-color":"","overlay-opacity":"","overlay-gradient":""},"tablet":{"background-color":"var(--ast-global-color-5)","background-image":"","background-repeat":"repeat","background-position":"center center","background-size":"auto","background-attachment":"scroll","background-type":"","background-media":"","overlay-type":"","overlay-color":"","overlay-opacity":"","overlay-gradient":""},"mobile":{"background-color":"var(--ast-global-color-5)","background-image":"","background-repeat":"repeat","background-position":"center center","background-size":"auto","background-attachment":"scroll","background-type":"","background-media":"","overlay-type":"","overlay-color":"","overlay-opacity":"","overlay-gradient":""}}},"tags":[],"products":[200,201],"class_list":["post-2646","product","type-product","status-publish","has-post-thumbnail","hentry","products-metal-foam","products-nickel-foam"],"acf":[],"_links":{"self":[{"href":"https:\/\/oqitop.com\/pt\/wp-json\/wp\/v2\/product\/2646","targetHints":{"allow":["GET"]}}],"collection":[{"href":"https:\/\/oqitop.com\/pt\/wp-json\/wp\/v2\/product"}],"about":[{"href":"https:\/\/oqitop.com\/pt\/wp-json\/wp\/v2\/types\/product"}],"wp:featuredmedia":[{"embeddable":true,"href":"https:\/\/oqitop.com\/pt\/wp-json\/wp\/v2\/media\/2647"}],"wp:attachment":[{"href":"https:\/\/oqitop.com\/pt\/wp-json\/wp\/v2\/media?parent=2646"}],"wp:term":[{"taxonomy":"post_tag","embeddable":true,"href":"https:\/\/oqitop.com\/pt\/wp-json\/wp\/v2\/tags?post=2646"},{"taxonomy":"products","embeddable":true,"href":"https:\/\/oqitop.com\/pt\/wp-json\/wp\/v2\/products?post=2646"}],"curies":[{"name":"wp","href":"https:\/\/api.w.org\/{rel}","templated":true}]}}