 {"id":2877,"date":"2025-12-09T13:43:20","date_gmt":"2025-12-09T05:43:20","guid":{"rendered":"https:\/\/oqitop.com\/?post_type=product&#038;p=2877"},"modified":"2026-01-12T17:01:05","modified_gmt":"2026-01-12T09:01:05","slug":"material-de-espuma-de-aluminio-esferico-de-celula-aberta-para-multiplas-utilizacoes","status":"publish","type":"product","link":"https:\/\/oqitop.com\/pt\/product\/material-de-espuma-de-aluminio-esferico-de-celula-aberta-para-multiplas-utilizacoes\/","title":{"rendered":"Material de espuma de alum\u00ednio esf\u00e9rico de c\u00e9lula aberta para m\u00faltiplas utiliza\u00e7\u00f5es"},"content":{"rendered":"<h3 style=\"text-align: center;\"><span style=\"color: #ff0000;\"><strong>Espuma de alum\u00ednio esf\u00e9rica de c\u00e9lula aberta para m\u00faltiplas utiliza\u00e7\u00f5es<\/strong><\/span><\/h3>\n<h1><\/h1>\n<p><iframe src=\"https:\/\/www.youtube.com\/embed\/9Nkjk4jzDwY?rel=0\" allowfullscreen=\"allowfullscreen\" data-mce-fragment=\"1\"><span data-mce-type=\"bookmark\" style=\"display: inline-block; width: 0px; overflow: hidden; line-height: 0;\" class=\"mce_SELRES_start\"><\/span><\/iframe><\/p>\n<p><b style=\"font-style: inherit;\"><strong>\u00a0<\/strong><\/b><\/p>\n<p align=\"left\"><strong>Introdu\u00e7\u00e3o<\/strong><\/p>\n<p class=\"p\" align=\"justify\">\u00a0\u00a0Quanto a\u00a0<a href=\"https:\/\/oqitop.com\/pt\/produtos\/espuma-metalica\/spherical-open-cell-al-foam\/\" target=\"_blank\" rel=\"nofollow noopener\"><strong>espuma esf\u00e9rica de alum\u00ednio<\/strong>,<\/a>\u00a0A sua c\u00e2mara de bolhas \u00e9 esf\u00e9rica e relativamente regular. A antepara \u00e9 dotada de pequenos orif\u00edcios redondos para se conectar com a esfera, e os orif\u00edcios s\u00e3o divididos em seis dire\u00e7\u00f5es para evitar orif\u00edcios retos, o que \u00e9 prop\u00edcio para a absor\u00e7\u00e3o de som, filtragem e elimina\u00e7\u00e3o de ru\u00eddo. Na aplica\u00e7\u00e3o pr\u00e1tica, o efeito ideal pode ser obtido atrav\u00e9s do design e controlo do tamanho da esfera (di\u00e2metro de 4-13 mm), tamanho do orif\u00edcio na parede (di\u00e2metro de 0,5-4 mm), espessura da parede do orif\u00edcio e espessura da placa. Densidade aparente: 0,5-0,8 g\/cm3. O centro nacional de testes de materiais de constru\u00e7\u00e3o do Minist\u00e9rio da Constru\u00e7\u00e3o identificou que o coeficiente de redu\u00e7\u00e3o de ru\u00eddo da espuma de alum\u00ednio esf\u00e9rica excede os padr\u00f5es internacionais. Os produtos de alum\u00ednio espumado esf\u00e9rico produzidos pela nossa empresa s\u00e3o um tipo de material que combina as vantagens dos orif\u00edcios abertos e fechados para superar as defici\u00eancias dos orif\u00edcios abertos e fechados.<br \/>\nA espuma esf\u00e9rica de alum\u00ednio \u00e9 um excelente produto de material ac\u00fastico de espuma de alum\u00ednio no mercado nacional e internacional. \u00c9 adequada para a elimina\u00e7\u00e3o e redu\u00e7\u00e3o de ru\u00eddo em v\u00e1rias caixas de ve\u00edculos e equipamentos mec\u00e2nicos. Devido \u00e0 distribui\u00e7\u00e3o uniforme das esferas, ao formato uniforme dos orif\u00edcios e \u00e0 parede regular dos orif\u00edcios, a energia de absor\u00e7\u00e3o espec\u00edfica \u00e9 mais longa. Possui excelente resist\u00eancia ao impacto. Em compara\u00e7\u00e3o com os poros irregulares da espuma de alum\u00ednio de c\u00e9lula fechada, a parede do orif\u00edcio aberto da esfera n\u00e3o \u00e9 suscet\u00edvel a fraturas quando submetida a impactos. \u00c9 usado como material amortecedor resistente a choques e tem melhor desempenho.<\/p>\n<p align=\"left\"><b><strong>Especifica\u00e7\u00f5es<\/strong><\/b><\/p>\n<div class=\"table-responsive\">\n<table border=\"1\" cellspacing=\"2\">\n<tbody>\n<tr>\n<td valign=\"top\">\n<p class=\"\">Tipo<\/p>\n<\/td>\n<td valign=\"top\">\n<p class=\"\">Dispon\u00edvel em c\u00e9lula fechada, c\u00e9lula aberta e c\u00e9lula microaberta<\/p>\n<\/td>\n<\/tr>\n<tr>\n<td valign=\"top\">\n<p class=\"\">Pureza<\/p>\n<\/td>\n<td valign=\"top\">\n<p class=\"\">&gt; 98%<\/p>\n<\/td>\n<\/tr>\n<tr>\n<td valign=\"top\">\n<p class=\"\">Formul\u00e1rio<\/p>\n<\/td>\n<td valign=\"top\">\n<p class=\"\">Folha ou rolo, dependendo do tamanho e espessura<\/p>\n<\/td>\n<\/tr>\n<tr>\n<td valign=\"top\">\n<p class=\"\">Tamanho da c\u00e9lula (PPI)<\/p>\n<\/td>\n<td valign=\"top\">\n<p class=\"\">10-30 PPI, conforme solicitado<\/p>\n<\/td>\n<\/tr>\n<tr>\n<td valign=\"top\">\n<p class=\"\">Espessura<\/p>\n<\/td>\n<td valign=\"top\">\n<p class=\"\">4~10 mm, conforme solicita\u00e7\u00e3o<\/p>\n<\/td>\n<\/tr>\n<tr>\n<td valign=\"top\">\n<p class=\"\">Tamanho e forma<\/p>\n<\/td>\n<td valign=\"top\">\n<p class=\"\">pode ser fabricado em diferentes formatos, conforme solicita\u00e7\u00e3o<\/p>\n<\/td>\n<\/tr>\n<tr>\n<td valign=\"top\">\n<p class=\"\">Porosidade<\/p>\n<\/td>\n<td valign=\"top\">\n<p class=\"\">98%<\/p>\n<\/td>\n<\/tr>\n<tr>\n<td valign=\"top\">\n<p class=\"\">Taxa de c\u00e9lulas abertas<\/p>\n<\/td>\n<td valign=\"top\">\n<p class=\"\">90%-95%<\/p>\n<\/td>\n<\/tr>\n<tr>\n<td valign=\"top\">\n<p class=\"\">Densidade volum\u00e9trica<\/p>\n<\/td>\n<td valign=\"top\">\n<p class=\"\">0,25-0,75 g\/cm3, conforme solicita\u00e7\u00e3o<\/p>\n<\/td>\n<\/tr>\n<tr>\n<td valign=\"top\">\n<p class=\"\">Densidade superficial<\/p>\n<\/td>\n<td valign=\"top\">\n<p class=\"\">200-2500 g\/m ^2, conforme solicita\u00e7\u00e3o<\/p>\n<\/td>\n<\/tr>\n<tr>\n<td valign=\"top\">\n<p class=\"\">Coeficiente de redu\u00e7\u00e3o de ru\u00eddo NRC<\/p>\n<\/td>\n<td valign=\"top\">\n<p class=\"\">&gt;0,75<\/p>\n<\/td>\n<\/tr>\n<tr>\n<td valign=\"top\">\n<p class=\"\">N\u00edvel \u00e0 prova de fogo<\/p>\n<\/td>\n<td valign=\"top\">\n<p class=\"\">A1<\/p>\n<\/td>\n<\/tr>\n<tr>\n<td valign=\"top\">\n<p class=\"\">Absor\u00e7\u00e3o de energia<\/p>\n<\/td>\n<td valign=\"top\">\n<p class=\"\">8J\/m3-30J\/M3<\/p>\n<\/td>\n<\/tr>\n<tr>\n<td valign=\"top\">\n<p class=\"\">Resist\u00eancia \u00e0 compress\u00e3o<\/p>\n<\/td>\n<td valign=\"top\">\n<p class=\"\">3 MPa-17 MPa<\/p>\n<\/td>\n<\/tr>\n<tr>\n<td valign=\"top\">\n<p class=\"\">Resist\u00eancia \u00e0 flex\u00e3o<\/p>\n<\/td>\n<td valign=\"top\">\n<p class=\"\">3 MPa-15 MPa<\/p>\n<\/td>\n<\/tr>\n<\/tbody>\n<\/table>\n<\/div>\n<p><b><strong>Para personalizar v\u00e1rias espumas met\u00e1licas, clique na imagem abaixo para obter mais detalhes:<\/strong><\/b><\/p>\n<div class=\"table-responsive\">\n<div class=\"table-responsive\">\n<table>\n<tbody>\n<tr>\n<td>&nbsp;<\/p>\n<figure id=\"attachment_2567\" class=\"wp-caption aligncenter\" aria-describedby=\"caption-attachment-2567\"><a href=\"https:\/\/oqitop.com\/pt\/produtos\/espuma-metalica\/copper-foam\/\"><img decoding=\"async\" class=\"wp-image-2567 size-thumbnail\" title=\"Espuma de n\u00edquel de alta condutividade para pesquisa de el\u00e9trodos de bateria 1\" src=\"https:\/\/oqitop.com\/wp-content\/uploads\/2025\/12\/Copper-Foam-150x150.jpg\" sizes=\"(max-width: 150px) 100vw, 150px\" srcset=\"https:\/\/oqitop.com\/wp-content\/uploads\/2025\/12\/Copper-Foam-150x150.jpg 150w, https:\/\/oqitop.com\/wp-content\/uploads\/2025\/12\/Copper-Foam-300x300.jpg 300w, https:\/\/oqitop.com\/wp-content\/uploads\/2025\/12\/Copper-Foam.jpg 600w\" alt=\"\" width=\"150\" height=\"150\" \/><\/a><figcaption id=\"caption-attachment-2567\" class=\"wp-caption-text\"><a href=\"https:\/\/oqitop.com\/pt\/produtos\/espuma-metalica\/copper-foam\/\">Espuma de cobre<\/a><\/figcaption><\/figure>\n<\/td>\n<td>&nbsp;<\/p>\n<figure id=\"attachment_2568\" class=\"wp-caption aligncenter\" aria-describedby=\"caption-attachment-2568\"><a href=\"https:\/\/oqitop.com\/pt\/produtos\/espuma-metalica\/nickel-foam\/\"><img decoding=\"async\" class=\"wp-image-2568 size-thumbnail\" title=\"Espuma de n\u00edquel de alta condutividade para pesquisa de el\u00e9trodos de bateria 2\" src=\"https:\/\/oqitop.com\/wp-content\/uploads\/2025\/12\/Nickel-Foam-150x150.png\" sizes=\"(max-width: 150px) 100vw, 150px\" srcset=\"https:\/\/oqitop.com\/wp-content\/uploads\/2025\/12\/Nickel-Foam-150x150.png 150w, https:\/\/oqitop.com\/wp-content\/uploads\/2025\/12\/Nickel-Foam-300x300.png 300w, https:\/\/oqitop.com\/wp-content\/uploads\/2025\/12\/Nickel-Foam.png 500w\" alt=\"\" width=\"150\" height=\"150\" \/><\/a><figcaption id=\"caption-attachment-2568\" class=\"wp-caption-text\"><a href=\"https:\/\/oqitop.com\/pt\/produtos\/espuma-metalica\/nickel-foam\/\">Espuma de n\u00edquel<\/a><\/figcaption><\/figure>\n<\/td>\n<td>&nbsp;<\/p>\n<figure id=\"attachment_2569\" class=\"wp-caption aligncenter\" aria-describedby=\"caption-attachment-2569\"><a href=\"https:\/\/oqitop.com\/pt\/produtos\/espuma-metalica\/titanium-foam\/\"><img decoding=\"async\" class=\"wp-image-2569 size-thumbnail\" title=\"Espuma de n\u00edquel de alta condutividade para pesquisa de el\u00e9trodos de bateria 3\" src=\"https:\/\/oqitop.com\/wp-content\/uploads\/2025\/12\/Ti-Foam-150x150.png\" sizes=\"(max-width: 150px) 100vw, 150px\" srcset=\"https:\/\/oqitop.com\/wp-content\/uploads\/2025\/12\/Ti-Foam-150x150.png 150w, https:\/\/oqitop.com\/wp-content\/uploads\/2025\/12\/Ti-Foam-300x300.png 300w, https:\/\/oqitop.com\/wp-content\/uploads\/2025\/12\/Ti-Foam.png 500w\" alt=\"\" width=\"150\" height=\"150\" \/><\/a><figcaption id=\"caption-attachment-2569\" class=\"wp-caption-text\"><a href=\"https:\/\/oqitop.com\/pt\/produtos\/espuma-metalica\/titanium-foam\/\">Espuma de tit\u00e2nio<\/a><\/figcaption><\/figure>\n<\/td>\n<td>&nbsp;<\/p>\n<figure id=\"attachment_2571\" class=\"wp-caption aligncenter\" aria-describedby=\"caption-attachment-2571\"><a href=\"https:\/\/oqitop.com\/pt\/produtos\/espuma-metalica\/aluminum-foam\/\"><img loading=\"lazy\" decoding=\"async\" class=\"wp-image-2571 size-thumbnail\" title=\"Espuma de n\u00edquel de alta condutividade para pesquisa de el\u00e9trodos de bateria 4\" src=\"https:\/\/oqitop.com\/wp-content\/uploads\/2025\/12\/Aluminum-Foam-1-150x150.png\" sizes=\"(max-width: 150px) 100vw, 150px\" srcset=\"https:\/\/oqitop.com\/wp-content\/uploads\/2025\/12\/Aluminum-Foam-1-150x150.png 150w, https:\/\/oqitop.com\/wp-content\/uploads\/2025\/12\/Aluminum-Foam-1-300x300.png 300w, https:\/\/oqitop.com\/wp-content\/uploads\/2025\/12\/Aluminum-Foam-1.png 529w\" alt=\"\" width=\"150\" height=\"150\" \/><\/a><figcaption id=\"caption-attachment-2571\" class=\"wp-caption-text\"><a href=\"https:\/\/oqitop.com\/pt\/produtos\/espuma-metalica\/aluminum-foam\/\">Espuma de alum\u00ednio<\/a><\/figcaption><\/figure>\n<\/td>\n<\/tr>\n<tr>\n<td>&nbsp;<\/p>\n<figure id=\"attachment_2572\" class=\"wp-caption aligncenter\" aria-describedby=\"caption-attachment-2572\"><a href=\"https:\/\/oqitop.com\/pt\/produtos\/espuma-metalica\/iron-nickel-foam\/\"><img loading=\"lazy\" decoding=\"async\" class=\"wp-image-2572 size-thumbnail\" title=\"Espuma de n\u00edquel de alta condutividade para pesquisa de el\u00e9trodos de bateria 5\" src=\"https:\/\/oqitop.com\/wp-content\/uploads\/2025\/12\/Iron-Nickel-Foam-150x150.jpg\" sizes=\"(max-width: 150px) 100vw, 150px\" srcset=\"https:\/\/oqitop.com\/wp-content\/uploads\/2025\/12\/Iron-Nickel-Foam-150x150.jpg 150w, https:\/\/oqitop.com\/wp-content\/uploads\/2025\/12\/Iron-Nickel-Foam-300x300.jpg 300w, https:\/\/oqitop.com\/wp-content\/uploads\/2025\/12\/Iron-Nickel-Foam.jpg 720w\" alt=\"\" width=\"150\" height=\"150\" \/><\/a><figcaption id=\"caption-attachment-2572\" class=\"wp-caption-text\"><a href=\"https:\/\/oqitop.com\/pt\/produtos\/espuma-metalica\/iron-nickel-foam\/\">Espuma de ferro e n\u00edquel<\/a><\/figcaption><\/figure>\n<\/td>\n<td>&nbsp;<\/p>\n<figure id=\"attachment_2573\" class=\"wp-caption aligncenter\" aria-describedby=\"caption-attachment-2573\"><a href=\"https:\/\/oqitop.com\/pt\/produtos\/espuma-metalica\/carbon-foam\/\"><img loading=\"lazy\" decoding=\"async\" class=\"wp-image-2573 size-thumbnail\" title=\"Espuma de n\u00edquel de alta condutividade para pesquisa de el\u00e9trodos de bateria 6\" src=\"https:\/\/oqitop.com\/wp-content\/uploads\/2025\/12\/Carbon-Foam-150x150.png\" sizes=\"(max-width: 150px) 100vw, 150px\" srcset=\"https:\/\/oqitop.com\/wp-content\/uploads\/2025\/12\/Carbon-Foam-150x150.png 150w, https:\/\/oqitop.com\/wp-content\/uploads\/2025\/12\/Carbon-Foam-300x300.png 300w, https:\/\/oqitop.com\/wp-content\/uploads\/2025\/12\/Carbon-Foam-768x768.png 768w, https:\/\/oqitop.com\/wp-content\/uploads\/2025\/12\/Carbon-Foam.png 1000w\" alt=\"\" width=\"150\" height=\"150\" \/><\/a><figcaption id=\"caption-attachment-2573\" class=\"wp-caption-text\"><a href=\"https:\/\/oqitop.com\/pt\/produtos\/espuma-metalica\/carbon-foam\/\">Espuma de carbono<\/a><\/figcaption><\/figure>\n<\/td>\n<td>&nbsp;<\/p>\n<figure id=\"attachment_2574\" class=\"wp-caption aligncenter\" aria-describedby=\"caption-attachment-2574\"><a href=\"https:\/\/oqitop.com\/pt\/produtos\/espuma-metalica\/espuma-prateada\/\"><img loading=\"lazy\" decoding=\"async\" class=\"wp-image-2574 size-thumbnail\" title=\"Espuma de n\u00edquel de alta condutividade para pesquisa de el\u00e9trodos de bateria 7\" src=\"https:\/\/oqitop.com\/wp-content\/uploads\/2025\/12\/Silver-Foam-150x150.jpg\" sizes=\"(max-width: 150px) 100vw, 150px\" srcset=\"https:\/\/oqitop.com\/wp-content\/uploads\/2025\/12\/Silver-Foam-150x150.jpg 150w, https:\/\/oqitop.com\/wp-content\/uploads\/2025\/12\/Silver-Foam-300x300.jpg 300w, https:\/\/oqitop.com\/wp-content\/uploads\/2025\/12\/Silver-Foam.jpg 726w\" alt=\"\" width=\"150\" height=\"150\" \/><\/a><figcaption id=\"caption-attachment-2574\" class=\"wp-caption-text\"><a href=\"https:\/\/oqitop.com\/pt\/produtos\/espuma-metalica\/espuma-prateada\/\">Espuma Prateada<\/a><\/figcaption><\/figure>\n<\/td>\n<td>&nbsp;<\/p>\n<figure id=\"attachment_2575\" class=\"wp-caption aligncenter\" aria-describedby=\"caption-attachment-2575\"><a href=\"https:\/\/oqitop.com\/pt\/produtos\/espuma-metalica\/cobalt-foamhttps%3a\/\/oqitop.com\/produtos\/espuma-metalica\/cobalt-foam\/\"><img loading=\"lazy\" decoding=\"async\" class=\"wp-image-2575 size-thumbnail\" title=\"Espuma de n\u00edquel de alta condutividade para pesquisa de el\u00e9trodos de bateria 8\" src=\"https:\/\/oqitop.com\/wp-content\/uploads\/2025\/12\/Cobalt-Foam-150x150.jpg\" sizes=\"(max-width: 150px) 100vw, 150px\" srcset=\"https:\/\/oqitop.com\/wp-content\/uploads\/2025\/12\/Cobalt-Foam-150x150.jpg 150w, https:\/\/oqitop.com\/wp-content\/uploads\/2025\/12\/Cobalt-Foam-300x300.jpg 300w, https:\/\/oqitop.com\/wp-content\/uploads\/2025\/12\/Cobalt-Foam-768x768.jpg 768w, https:\/\/oqitop.com\/wp-content\/uploads\/2025\/12\/Cobalt-Foam.jpg 800w\" alt=\"\" width=\"150\" height=\"150\" \/><\/a><figcaption id=\"caption-attachment-2575\" class=\"wp-caption-text\"><a href=\"https:\/\/oqitop.com\/pt\/produtos\/espuma-metalica\/cobalt-foam\/\">Espuma de cobalto<\/a><\/figcaption><\/figure>\n<\/td>\n<\/tr>\n<\/tbody>\n<\/table>\n<\/div>\n<\/div>\n<figure id=\"attachment_2575\" class=\"wp-caption aligncenter\" aria-describedby=\"caption-attachment-2575\"><\/figure>\n<p><img loading=\"lazy\" decoding=\"async\" class=\"aligncenter size-full wp-image-2794\" src=\"https:\/\/oqitop.com\/wp-content\/uploads\/2025\/12\/11-5.jpg\" sizes=\"(max-width: 1024px) 100vw, 1024px\" srcset=\"https:\/\/oqitop.com\/wp-content\/uploads\/2025\/12\/11-5.jpg 1024w, https:\/\/oqitop.com\/wp-content\/uploads\/2025\/12\/11-5-300x124.jpg 300w, https:\/\/oqitop.com\/wp-content\/uploads\/2025\/12\/11-5-768x317.jpg 768w\" alt=\"\" width=\"1024\" height=\"422\" title=\"\"><img loading=\"lazy\" decoding=\"async\" class=\"aligncenter size-full wp-image-2795\" src=\"https:\/\/oqitop.com\/wp-content\/uploads\/2025\/12\/22-4.jpg\" sizes=\"(max-width: 1024px) 100vw, 1024px\" srcset=\"https:\/\/oqitop.com\/wp-content\/uploads\/2025\/12\/22-4.jpg 1024w, https:\/\/oqitop.com\/wp-content\/uploads\/2025\/12\/22-4-300x237.jpg 300w, https:\/\/oqitop.com\/wp-content\/uploads\/2025\/12\/22-4-768x607.jpg 768w\" alt=\"\" width=\"1024\" height=\"809\" title=\"\"><img loading=\"lazy\" decoding=\"async\" class=\"aligncenter size-full wp-image-2796\" src=\"https:\/\/oqitop.com\/wp-content\/uploads\/2025\/12\/33-3.jpg\" sizes=\"(max-width: 1024px) 100vw, 1024px\" srcset=\"https:\/\/oqitop.com\/wp-content\/uploads\/2025\/12\/33-3.jpg 1024w, https:\/\/oqitop.com\/wp-content\/uploads\/2025\/12\/33-3-300x300.jpg 300w, https:\/\/oqitop.com\/wp-content\/uploads\/2025\/12\/33-3-150x150.jpg 150w, https:\/\/oqitop.com\/wp-content\/uploads\/2025\/12\/33-3-768x768.jpg 768w\" alt=\"\" width=\"1024\" height=\"1024\" title=\"\"><img loading=\"lazy\" decoding=\"async\" class=\"aligncenter size-full wp-image-2797\" src=\"https:\/\/oqitop.com\/wp-content\/uploads\/2025\/12\/44-3.jpg\" sizes=\"(max-width: 1024px) 100vw, 1024px\" srcset=\"https:\/\/oqitop.com\/wp-content\/uploads\/2025\/12\/44-3.jpg 1024w, https:\/\/oqitop.com\/wp-content\/uploads\/2025\/12\/44-3-300x190.jpg 300w, https:\/\/oqitop.com\/wp-content\/uploads\/2025\/12\/44-3-768x488.jpg 768w\" alt=\"\" width=\"1024\" height=\"650\" title=\"\"><img loading=\"lazy\" decoding=\"async\" class=\"aligncenter size-full wp-image-2798\" src=\"https:\/\/oqitop.com\/wp-content\/uploads\/2025\/12\/11111-2.jpg\" alt=\"\" width=\"1024\" height=\"677\" title=\"\" srcset=\"https:\/\/oqitop.com\/wp-content\/uploads\/2025\/12\/11111-2.jpg 1024w, https:\/\/oqitop.com\/wp-content\/uploads\/2025\/12\/11111-2-300x198.jpg 300w, https:\/\/oqitop.com\/wp-content\/uploads\/2025\/12\/11111-2-768x508.jpg 768w\" sizes=\"(max-width: 1024px) 100vw, 1024px\" \/><\/p>","protected":false},"featured_media":2878,"template":"","meta":{"_acf_changed":false,"site-sidebar-layout":"default","site-content-layout":"","ast-site-content-layout":"default","site-content-style":"default","site-sidebar-style":"default","ast-global-header-display":"","ast-banner-title-visibility":"","ast-main-header-display":"","ast-hfb-above-header-display":"","ast-hfb-below-header-display":"","ast-hfb-mobile-header-display":"","site-post-title":"","ast-breadcrumbs-content":"","ast-featured-img":"","footer-sml-layout":"","theme-transparent-header-meta":"default","adv-header-id-meta":"","stick-header-meta":"default","header-above-stick-meta":"","header-main-stick-meta":"","header-below-stick-meta":"","astra-migrate-meta-layouts":"set","ast-page-background-enabled":"default","ast-page-background-meta":{"desktop":{"background-color":"var(--ast-global-color-4)","background-image":"","background-repeat":"repeat","background-position":"center center","background-size":"auto","background-attachment":"scroll","background-type":"","background-media":"","overlay-type":"","overlay-color":"","overlay-opacity":"","overlay-gradient":""},"tablet":{"background-color":"","background-image":"","background-repeat":"repeat","background-position":"center center","background-size":"auto","background-attachment":"scroll","background-type":"","background-media":"","overlay-type":"","overlay-color":"","overlay-opacity":"","overlay-gradient":""},"mobile":{"background-color":"","background-image":"","background-repeat":"repeat","background-position":"center center","background-size":"auto","background-attachment":"scroll","background-type":"","background-media":"","overlay-type":"","overlay-color":"","overlay-opacity":"","overlay-gradient":""}},"ast-content-background-meta":{"desktop":{"background-color":"var(--ast-global-color-5)","background-image":"","background-repeat":"repeat","background-position":"center center","background-size":"auto","background-attachment":"scroll","background-type":"","background-media":"","overlay-type":"","overlay-color":"","overlay-opacity":"","overlay-gradient":""},"tablet":{"background-color":"var(--ast-global-color-5)","background-image":"","background-repeat":"repeat","background-position":"center center","background-size":"auto","background-attachment":"scroll","background-type":"","background-media":"","overlay-type":"","overlay-color":"","overlay-opacity":"","overlay-gradient":""},"mobile":{"background-color":"var(--ast-global-color-5)","background-image":"","background-repeat":"repeat","background-position":"center center","background-size":"auto","background-attachment":"scroll","background-type":"","background-media":"","overlay-type":"","overlay-color":"","overlay-opacity":"","overlay-gradient":""}}},"tags":[],"products":[200,225],"class_list":["post-2877","product","type-product","status-publish","has-post-thumbnail","hentry","products-metal-foam","products-spherical-open-cell-al-foam"],"acf":[],"_links":{"self":[{"href":"https:\/\/oqitop.com\/pt\/wp-json\/wp\/v2\/product\/2877","targetHints":{"allow":["GET"]}}],"collection":[{"href":"https:\/\/oqitop.com\/pt\/wp-json\/wp\/v2\/product"}],"about":[{"href":"https:\/\/oqitop.com\/pt\/wp-json\/wp\/v2\/types\/product"}],"wp:featuredmedia":[{"embeddable":true,"href":"https:\/\/oqitop.com\/pt\/wp-json\/wp\/v2\/media\/2878"}],"wp:attachment":[{"href":"https:\/\/oqitop.com\/pt\/wp-json\/wp\/v2\/media?parent=2877"}],"wp:term":[{"taxonomy":"post_tag","embeddable":true,"href":"https:\/\/oqitop.com\/pt\/wp-json\/wp\/v2\/tags?post=2877"},{"taxonomy":"products","embeddable":true,"href":"https:\/\/oqitop.com\/pt\/wp-json\/wp\/v2\/products?post=2877"}],"curies":[{"name":"wp","href":"https:\/\/api.w.org\/{rel}","templated":true}]}}