 {"id":3040,"date":"2025-12-10T14:09:04","date_gmt":"2025-12-10T06:09:04","guid":{"rendered":"https:\/\/oqitop.com\/?post_type=product&#038;p=3040"},"modified":"2026-01-13T11:06:05","modified_gmt":"2026-01-13T03:06:05","slug":"in-stock-high-quality-ss-foam-metal-foam-stainless-steel-foam-for-filtration-industry","status":"publish","type":"product","link":"https:\/\/oqitop.com\/pt\/product\/in-stock-high-quality-ss-foam-metal-foam-stainless-steel-foam-for-filtration-industry\/","title":{"rendered":"In Stock High-Quality SS Foam Metal Foam Stainless Steel Foam For Filtration Industry"},"content":{"rendered":"<h3 class=\"ma-title\" style=\"text-align: center;\"><span style=\"color: #ff0000;\"><strong>In Stock SS Foam Metal Foam Stainless Steel Foam For Filtration Industry<\/strong><\/span><\/h3>\n<p><iframe src=\"https:\/\/www.youtube.com\/embed\/NZ2Bn7GQ7jg?rel=0\" allowfullscreen=\"allowfullscreen\" data-mce-fragment=\"1\"><span data-mce-type=\"bookmark\" style=\"display: inline-block; width: 0px; overflow: hidden; line-height: 0;\" class=\"mce_SELRES_start\"><\/span><\/iframe><\/p>\n<p style=\"font-weight: 400;\"><b><strong>Introdu\u00e7\u00e3o<\/strong><\/b><\/p>\n<p style=\"font-weight: 400;\"><b><strong><a href=\"https:\/\/oqitop.com\/pt\/produtos\/espuma-metalica\/stainless-steel-foam\/\">Espuma de a\u00e7o inoxid\u00e1vel<\/a><\/strong><\/b>\u00a0contendo os poros espumados tem uma porosidade mais elevada e um tamanho de poro maior, at\u00e9 10 mm, do que o metal poroso geralmente sinterizado. Uma vez que a espuma met\u00e1lica \u00e9 um comp\u00f3sito bif\u00e1sico composto por uma fase cont\u00ednua de um esqueleto de matriz met\u00e1lica e uma fase dispersa de um poro ou uma fase cont\u00ednua, as suas propriedades dependem da matriz met\u00e1lica utilizada, da porosidade e da estrutura dos poros, e s\u00e3o afetadas pelo processo de prepara\u00e7\u00e3o.<\/p>\n<p style=\"font-weight: 400;\"><b><span style=\"font-style: inherit; font-weight: inherit;\">Especifica\u00e7\u00f5es<\/span><\/b><\/p>\n<table>\n<tbody>\n<tr>\n<td width=\"44.3600%\">Di\u00e2metro<\/td>\n<td width=\"55.6200%\">\u04245-\u0424300 (mm)<\/td>\n<\/tr>\n<tr>\n<td width=\"44.3600%\">Espessura<\/td>\n<td width=\"55.6200%\">0,5-10 mm<\/td>\n<\/tr>\n<tr>\n<td width=\"44.3600%\">Precis\u00e3o da filtragem<\/td>\n<td width=\"55.6200%\">0,5 un-70 um<\/td>\n<\/tr>\n<tr>\n<td width=\"44.3600%\">Material<\/td>\n<td width=\"55.6200%\">302 304 304L 321 316 316L 310S<\/td>\n<\/tr>\n<tr>\n<td width=\"44.3600%\">Porosidade<\/td>\n<td width=\"55.6200%\">20-50%<\/td>\n<\/tr>\n<tr>\n<td width=\"44.3600%\">Permeabilidade<\/td>\n<td width=\"55.6200%\">3-1300 m\u00b3\/m\u00b3hkPa<\/td>\n<\/tr>\n<tr>\n<td width=\"44.3600%\">Resist\u00eancia \u00e0 compress\u00e3o<\/td>\n<td width=\"55.6200%\">3 MPa<\/td>\n<\/tr>\n<tr>\n<td width=\"44.3600%\">Resist\u00eancia \u00e0 temperatura<\/td>\n<td width=\"55.6200%\">500 \u2103<\/td>\n<\/tr>\n<tr>\n<td width=\"44.3600%\">Press\u00e3o m\u00e1xima de trabalho<\/td>\n<td width=\"55.6200%\">0,6 MPa<\/td>\n<\/tr>\n<tr>\n<td width=\"44.3600%\">Forma<\/td>\n<td width=\"55.6200%\">Ret\u00e2ngulo, Circular, Tubo, Cilindro<\/td>\n<\/tr>\n<\/tbody>\n<\/table>\n<p><b style=\"font-style: inherit;\"><strong>Dimens\u00e3o (Espessura* Comprimento*Largura)<\/strong><\/b><\/p>\n<table>\n<tbody>\n<tr>\n<td width=\"201\">0,7 mm*200 mm*300 mm<\/td>\n<td width=\"193\">0,8 mm*200 mm*300 mm<\/td>\n<td width=\"198\">1,0 mm*200 mm*300 mm<\/td>\n<\/tr>\n<tr>\n<td width=\"201\">1,5 mm*200 mm*300 mm<\/td>\n<td width=\"193\">1,6 mm*200 mm*300 mm<\/td>\n<td width=\"198\">2,0 mm*200 mm*300 mm<\/td>\n<\/tr>\n<tr>\n<td width=\"201\">2,5 mm*200 mm*300 mm<\/td>\n<td width=\"193\">3,0 mm*200 mm*300 mm<\/td>\n<td width=\"198\"><span style=\"color: #ff0000;\"><b><strong>O tamanho pode ser personalizado.<\/strong><\/b><b><strong>zed<\/strong><\/b><\/span><\/td>\n<\/tr>\n<\/tbody>\n<\/table>\n<p><img fetchpriority=\"high\" decoding=\"async\" class=\"aligncenter size-full wp-image-3019\" src=\"https:\/\/oqitop.com\/wp-content\/uploads\/2025\/12\/11111-3.jpg\" alt=\"\" width=\"1024\" height=\"1024\" title=\"\" srcset=\"https:\/\/oqitop.com\/wp-content\/uploads\/2025\/12\/11111-3.jpg 1024w, https:\/\/oqitop.com\/wp-content\/uploads\/2025\/12\/11111-3-300x300.jpg 300w, https:\/\/oqitop.com\/wp-content\/uploads\/2025\/12\/11111-3-150x150.jpg 150w, https:\/\/oqitop.com\/wp-content\/uploads\/2025\/12\/11111-3-768x768.jpg 768w\" sizes=\"(max-width: 1024px) 100vw, 1024px\" \/><img decoding=\"async\" class=\"aligncenter size-full wp-image-3020\" src=\"https:\/\/oqitop.com\/wp-content\/uploads\/2025\/12\/22222-2.jpg\" alt=\"\" width=\"1024\" height=\"1024\" title=\"\" srcset=\"https:\/\/oqitop.com\/wp-content\/uploads\/2025\/12\/22222-2.jpg 1024w, https:\/\/oqitop.com\/wp-content\/uploads\/2025\/12\/22222-2-300x300.jpg 300w, https:\/\/oqitop.com\/wp-content\/uploads\/2025\/12\/22222-2-150x150.jpg 150w, https:\/\/oqitop.com\/wp-content\/uploads\/2025\/12\/22222-2-768x768.jpg 768w\" sizes=\"(max-width: 1024px) 100vw, 1024px\" \/><img decoding=\"async\" class=\"aligncenter size-full wp-image-3021\" src=\"https:\/\/oqitop.com\/wp-content\/uploads\/2025\/12\/33333-2.jpg\" alt=\"\" width=\"1024\" height=\"1024\" title=\"\" srcset=\"https:\/\/oqitop.com\/wp-content\/uploads\/2025\/12\/33333-2.jpg 1024w, https:\/\/oqitop.com\/wp-content\/uploads\/2025\/12\/33333-2-300x300.jpg 300w, https:\/\/oqitop.com\/wp-content\/uploads\/2025\/12\/33333-2-150x150.jpg 150w, https:\/\/oqitop.com\/wp-content\/uploads\/2025\/12\/33333-2-768x768.jpg 768w\" sizes=\"(max-width: 1024px) 100vw, 1024px\" \/><img loading=\"lazy\" decoding=\"async\" class=\"aligncenter size-full wp-image-3022\" src=\"https:\/\/oqitop.com\/wp-content\/uploads\/2025\/12\/44444.jpg\" alt=\"\" width=\"1024\" height=\"415\" title=\"\" srcset=\"https:\/\/oqitop.com\/wp-content\/uploads\/2025\/12\/44444.jpg 1024w, https:\/\/oqitop.com\/wp-content\/uploads\/2025\/12\/44444-300x122.jpg 300w, https:\/\/oqitop.com\/wp-content\/uploads\/2025\/12\/44444-768x311.jpg 768w\" sizes=\"(max-width: 1024px) 100vw, 1024px\" \/><img loading=\"lazy\" decoding=\"async\" class=\"aligncenter size-full wp-image-3023\" src=\"https:\/\/oqitop.com\/wp-content\/uploads\/2025\/12\/55555.jpg\" alt=\"\" width=\"1024\" height=\"677\" title=\"\" srcset=\"https:\/\/oqitop.com\/wp-content\/uploads\/2025\/12\/55555.jpg 1024w, https:\/\/oqitop.com\/wp-content\/uploads\/2025\/12\/55555-300x198.jpg 300w, https:\/\/oqitop.com\/wp-content\/uploads\/2025\/12\/55555-768x508.jpg 768w\" sizes=\"(max-width: 1024px) 100vw, 1024px\" \/><\/p>","protected":false},"featured_media":3041,"template":"","meta":{"_acf_changed":false,"site-sidebar-layout":"default","site-content-layout":"","ast-site-content-layout":"default","site-content-style":"default","site-sidebar-style":"default","ast-global-header-display":"","ast-banner-title-visibility":"","ast-main-header-display":"","ast-hfb-above-header-display":"","ast-hfb-below-header-display":"","ast-hfb-mobile-header-display":"","site-post-title":"","ast-breadcrumbs-content":"","ast-featured-img":"","footer-sml-layout":"","theme-transparent-header-meta":"default","adv-header-id-meta":"","stick-header-meta":"default","header-above-stick-meta":"","header-main-stick-meta":"","header-below-stick-meta":"","astra-migrate-meta-layouts":"set","ast-page-background-enabled":"default","ast-page-background-meta":{"desktop":{"background-color":"var(--ast-global-color-4)","background-image":"","background-repeat":"repeat","background-position":"center center","background-size":"auto","background-attachment":"scroll","background-type":"","background-media":"","overlay-type":"","overlay-color":"","overlay-opacity":"","overlay-gradient":""},"tablet":{"background-color":"","background-image":"","background-repeat":"repeat","background-position":"center center","background-size":"auto","background-attachment":"scroll","background-type":"","background-media":"","overlay-type":"","overlay-color":"","overlay-opacity":"","overlay-gradient":""},"mobile":{"background-color":"","background-image":"","background-repeat":"repeat","background-position":"center center","background-size":"auto","background-attachment":"scroll","background-type":"","background-media":"","overlay-type":"","overlay-color":"","overlay-opacity":"","overlay-gradient":""}},"ast-content-background-meta":{"desktop":{"background-color":"var(--ast-global-color-5)","background-image":"","background-repeat":"repeat","background-position":"center center","background-size":"auto","background-attachment":"scroll","background-type":"","background-media":"","overlay-type":"","overlay-color":"","overlay-opacity":"","overlay-gradient":""},"tablet":{"background-color":"var(--ast-global-color-5)","background-image":"","background-repeat":"repeat","background-position":"center center","background-size":"auto","background-attachment":"scroll","background-type":"","background-media":"","overlay-type":"","overlay-color":"","overlay-opacity":"","overlay-gradient":""},"mobile":{"background-color":"var(--ast-global-color-5)","background-image":"","background-repeat":"repeat","background-position":"center center","background-size":"auto","background-attachment":"scroll","background-type":"","background-media":"","overlay-type":"","overlay-color":"","overlay-opacity":"","overlay-gradient":""}}},"tags":[],"products":[200,206],"class_list":["post-3040","product","type-product","status-publish","has-post-thumbnail","hentry","products-metal-foam","products-stainless-steel-foam"],"acf":[],"_links":{"self":[{"href":"https:\/\/oqitop.com\/pt\/wp-json\/wp\/v2\/product\/3040","targetHints":{"allow":["GET"]}}],"collection":[{"href":"https:\/\/oqitop.com\/pt\/wp-json\/wp\/v2\/product"}],"about":[{"href":"https:\/\/oqitop.com\/pt\/wp-json\/wp\/v2\/types\/product"}],"wp:featuredmedia":[{"embeddable":true,"href":"https:\/\/oqitop.com\/pt\/wp-json\/wp\/v2\/media\/3041"}],"wp:attachment":[{"href":"https:\/\/oqitop.com\/pt\/wp-json\/wp\/v2\/media?parent=3040"}],"wp:term":[{"taxonomy":"post_tag","embeddable":true,"href":"https:\/\/oqitop.com\/pt\/wp-json\/wp\/v2\/tags?post=3040"},{"taxonomy":"products","embeddable":true,"href":"https:\/\/oqitop.com\/pt\/wp-json\/wp\/v2\/products?post=3040"}],"curies":[{"name":"wp","href":"https:\/\/api.w.org\/{rel}","templated":true}]}}